{"id":230,"date":"2011-01-01T13:48:43","date_gmt":"2011-01-01T13:48:43","guid":{"rendered":"http:\/\/wp.www.newmessage.org\/?p=230"},"modified":"2017-01-05T16:44:43","modified_gmt":"2017-01-05T16:44:43","slug":"que-es-dios","status":"publish","type":"page","link":"https:\/\/www.v6.newmessage.org\/es\/el-mensaje\/volumen-2\/espiritualidad-de-la-comunidad-mayor\/que-es-dios","title":{"rendered":"\u00bfQu\u00e9 es Dios?"},"content":{"rendered":"<div><!--Versi\u00f3n espa\u00f1ola 1.6--><\/div>\n\n<div class=\"tabgroup \"><ul class=\"tabs\"><li><a href=\"#tabs-1\">Acerca de<\/a><\/li>\n<li><a href=\"#tabs-2\">M\u00e1s<\/a><\/li><\/ul>\n <div id=\"tabs-1\"><br \/>\n<i>Como le fue revelado a<\/i><br \/>\n<i>Marshall Vian Summers<\/i><br \/>\n<i>el 17 de agosto de 1993<\/i><br \/>\n<i>en los Estados Unidos<\/i><\/p>\n<p>Texto original: <a href=\"https:\/\/www.newmessage.org\/the-message\/volume-2\/greater-community-spirituality\/what-is-god-3\">What is God?<\/a><\/p>\n<div class=\"toggle toggle-white\"><h4 class=\"trigger \"><span class=\"t_ico\"><\/span><a href=\"#\">M\u00e1s informaci\u00f3n sobre este texto<\/a><\/h4><div class=\"toggle_container \"><br \/>\n<p>Lo que est\u00e1s leyendo en este texto es la transcripci\u00f3n de la voz original de la Asamblea Ang\u00e9lica hablando a trav\u00e9s del Mensajero Marshall Vian Summers.<\/p>\n<p>Aqu\u00ed, la comunicaci\u00f3n original de Dios, que existe m\u00e1s all\u00e1 de las palabras, es traducida al lenguaje y el entendimiento humanos por la Asamblea Ang\u00e9lica que supervisa el mundo. La Asamblea despu\u00e9s entrega el Mensaje de Dios a trav\u00e9s del Mensajero, tras lo cual es transcrito y puesto a tu disposici\u00f3n y a disposici\u00f3n de todos.<\/p>\n<p>En este extraordinario proceso, la Voz de la Revelaci\u00f3n est\u00e1 hablando de nuevo. La Palabra y el Sonido est\u00e1n en el mundo. Que puedas ser el receptor de este regalo de Revelaci\u00f3n y puedas estar abierto a recibir su Mensaje \u00fanico para ti y para tu vida.<\/p>\n<br \/>\n<\/div><\/div>\n<p><\/div>\n<div id=\"tabs-2\"><\/p>\n<div class=\"panel-10 text-align-center\"><img decoding=\"async\" class=\"aligncenter size-full \" src=\"https:\/\/www.newmessage.org\/wp-content\/uploads\/2014\/09\/GCS-english-250px.jpg\" alt=\"Greater Community Spirituality\" \/><\/div>\n<div class=\"text-align-center\"><a class='simple_button_link ' style='background-color: #4f8fd6' href='http:\/\/newknowledgelibrary.org\/books\/greater-community-spirituality\/'   ><span>Pide el libro (en ingl\u00e9s)<\/span><\/a><\/div>\n<div class=\"text-align-center text font-size-12 margin-top-10\">Volumen 2 &gt; Espiritualidad de la Comunidad Mayor &gt; Cap\u00edtulo 1<\/div>\n<p><\/div>\n\t\t\t\t<div align=\"right\">\n\t\t\t<div class=\"fb-like\" data-href=\"\" data-layout=\"button_count\" data-action=\"like\" data-show-faces=\"false\" data-share=\"false\"><\/div>\n\t\t\t<div class=\"fb-share-button\" data-layout=\"button_count\"> <\/div>\n\t\t\t<div class=\"fb_iframe_widget\"><a href=\"https:\/\/twitter.com\/godsnewmessage?ref_src=twsrc%5Etfw\" class=\"twitter-follow-button\" data-show-count=\"false\">Follow @godsnewmessage<\/a><script async src=\"https:\/\/platform.twitter.com\/widgets.js\" charset=\"utf-8\"><\/script><\/div>\n\t\t\t<\/div> <\/div> \n\n<p><em>\u201cAqu\u00ed te centrar\u00e1s no en un Dios de tu mundo y de tu tiempo, sino en un Dios de todos los mundos y todos los tiempos.\u201d<\/em><\/p>\n<p>En la Comunidad Mayor, Dios es Conocimiento. En la Comunidad Mayor, Dios es experiencia. En la Comunidad Mayor, Dios es la comunicaci\u00f3n de una profunda percepci\u00f3n interna y el reconocimiento de uno a otro, permeando toda la vida manifiesta. Esto sucede en el \u00e1mbito de tu experiencia.<\/p>\n<p>Dios parece cosas diferentes para diferentes personas y diferentes razas de seres en la Comunidad Mayor, pero la experiencia esencial que enciende el deseo por Dios, la conciencia de Dios y la relaci\u00f3n con Dios es la misma en todas partes. Este impulso religioso, el impulso hacia la uni\u00f3n con Dios, es universal. A pesar de que parece estar notablemente ausente en algunas culturas y ser aberrantemente expresado en otras, el impulso es el mismo. Lo que Dios es debe expresarse en t\u00e9rminos de tu rango de experiencia y tu capacidad para la experiencia. En la Comunidad Mayor, Dios es tan total y tan completo que cualquier definici\u00f3n siempre flaquear\u00eda y fallar\u00eda.<\/p>\n<p>Por tanto, diremos que Dios es la experiencia de relaci\u00f3n total. T\u00fa puedes experimentar esto por un momento aqu\u00ed y all\u00ed y por per\u00edodos m\u00e1s largos si te prepararas en el Camino del Conocimiento. Esta es una experiencia que puede trasladarse de un mundo a otro y compartirse y demostrarse de un ser a otro, circunvalando y trascendiendo todas las diferencias de raza, de cultura, de temperamento y de ambiente. Este es Dios. Dios para ti es Dios en acci\u00f3n. Dios para ti es una experiencia que es distinta de cualquier otra experiencia en la vida; sin embargo, esta experiencia da sentido a todas tus otras experiencias.<\/p>\n<p>En la Comunidad Mayor, Dios es completo. En tu mundo, Dios es un Dios de tu mundo, un Dios de tu raza, un Dios de tu historia, un Dios de tu temperamento, un Dios de tus temores y aspiraciones, un Dios de tus grandes h\u00e9roes, un Dios de tus grandes tragedias, un Dios que est\u00e1 relacionado con tu tribu y con tu tiempo. Pero en la Comunidad Mayor, Dios es mucho m\u00e1s grande y completo, m\u00e1s all\u00e1 de las definiciones de cualquier raza, m\u00e1s all\u00e1 del alcance de cualquier filosof\u00eda, individual o colectiva. Sin embargo, t\u00fa encuentras a Dios en un impulso puro, en un momento atemporal de reconocimiento, en el deseo de actuar m\u00e1s all\u00e1 de la esfera de tus propios intereses y motivaciones personales, en el reconocimiento del otro, en la motivaci\u00f3n a dar, en la experiencia inexplicable de afinidad. Estas cosas son trasladables. Este es Dios en acci\u00f3n. Para ti, este es Dios.<\/p>\n<p>Ahora debes pensar de Dios en la Comunidad Mayor, no un Dios humano, no un Dios de tu historia escrita, no un Dios de tus pruebas y tribulaciones, sino un Dios de todos los tiempos, para todas las razas, para todas las dimensiones, para aquellos que son primitivos y para aquellos que est\u00e1n avanzados, para los que piensan como t\u00fa y para los que piensan de manera diferente, para aquellos que creen y para aquellos para los que la creencia es inexplicable. Este es Dios en la Comunidad Mayor. Y aqu\u00ed es donde debes empezar.<\/p>\n<p>Creer en el Dios de la Comunidad Mayor es un intento demasiado grande, porque te dar\u00e1s cuenta de que tu raza es peque\u00f1a y el universo es muy grande. Aqu\u00ed te centrar\u00e1s no en un Dios de tu mundo y de tu tiempo, sino en un Dios de todos los mundos y todos los tiempos. \u00bfQu\u00e9 clase de teolog\u00eda o filosof\u00eda puede encarnar a un Dios de tal magnitud? \u00bfQu\u00e9 clase de especulaci\u00f3n y \u00e9tica humana puede abarcar a un Dios tan completo como este?<\/p>\n<p>Sin embargo, tu teolog\u00eda de Dios debe ser la teolog\u00eda del trabajo de Dios en este mundo. Y si es verdadera, precisa y beneficiosa, debe centrarse en la experiencia del Conocimiento. El Conocimiento es el comienzo de la religi\u00f3n. El Conocimiento es la culminaci\u00f3n de la religi\u00f3n. El Conocimiento es la evidencia de Dios y la evidencia de que t\u00fa eres parte de una vida m\u00e1s all\u00e1 de los l\u00edmites de tu tiempo, de tu raza y de tu capacidad intelectual actual. Aqu\u00ed no hay historia de la creaci\u00f3n. No hay h\u00e9roes. No hay fin de los tiempos. Hay solo la experiencia total de relaci\u00f3n, que es la experiencia del Conocimiento y la experiencia de Dios.<\/p>\n<p>\u00bfQu\u00e9 es una religi\u00f3n humana sin una historia de la creaci\u00f3n, sin un h\u00e9roe a quien rendir culto y sin una culminaci\u00f3n de la experiencia humana? \u00bfQu\u00e9 religi\u00f3n humana puede centrarse en un Dios de esta magnitud, cuyo \u00fanico inter\u00e9s no es solo vuestro mundo, cuya \u00fanica preocupaci\u00f3n no es vuestra experiencia diaria, cuya conciencia es tan completa y cuya bondad bendice a aquellos que son tan diferentes de vosotros? \u00bfCu\u00e1l es entonces el modelo para el comportamiento humano? \u00bfCu\u00e1l es la base para la \u00e9tica o la moralidad con un Dios de la Comunidad Mayor? Para esto debes aventurarte m\u00e1s all\u00e1 de una religi\u00f3n infantil y las necesidades de un ni\u00f1o. Debes aventurarte m\u00e1s all\u00e1 de la necesidad de tener solo normas y reglamentos e historias fant\u00e1sticas que son apenas cre\u00edbles. Debes entrar en la experiencia y el Misterio de la vida, que es la puerta a Dios, que est\u00e1 en el coraz\u00f3n mismo de tu vida y que contiene el prop\u00f3sito mismo de tu venida a este mundo, prop\u00f3sito que es \u00fanico a ti pero que compartes con toda la vida.<\/p>\n<p>En la Espiritualidad de la Comunidad Mayor no hay h\u00e9roes. No hay historia de la creaci\u00f3n. Y no hay una experiencia culminante para poner fin a las dificultades de la vida corp\u00f3rea. Entonces, \u00bfqu\u00e9 es la religi\u00f3n sin estas cosas? Estas cosas son tribales en su naturaleza. Y la humanidad no est\u00e1 sola en la Comunidad Mayor en su deseo de ellas, de establecerlas y mantenerlas. En todas partes donde la religi\u00f3n ha arraigado y ha encontrado su expresi\u00f3n, las razas han basado sus pr\u00e1cticas y su comprensi\u00f3n en su propio tiempo, en su propia historia y en su propio temperamento. Pero m\u00e1s all\u00e1 de esto est\u00e1 la experiencia de Dios. M\u00e1s all\u00e1 de esto est\u00e1 la espiritualidad pura. Esto es lo que debes buscar ahora, porque la religi\u00f3n humana nunca puede encarnar a un Dios de la Comunidad Mayor. Es as\u00ed de inexplicable, porque trasciende tus expectativas por lo Divino. Por tanto, debes encontrar otra manera, una manera m\u00e1s madura, un enfoque m\u00e1s completo, una verdadera preparaci\u00f3n.<\/p>\n<p>En la Comunidad Mayor, aquellos que han avanzado han descubierto la naturaleza y el prop\u00f3sito de Dios en sus respectivos mundos, pero su comprensi\u00f3n ha ido m\u00e1s all\u00e1 de la comprensi\u00f3n de la Voluntad de Dios en asuntos espec\u00edficos, incluso m\u00e1s all\u00e1 de la preocupaci\u00f3n por el bienestar y la supervivencia de su raza. Ellos han ido m\u00e1s all\u00e1 de estas preocupaciones hacia una mayor espiritualidad, una Espiritualidad de la Comunidad Mayor, una espiritualidad de todos los tiempos y todos los mundos, una espiritualidad que es misteriosa, que no est\u00e1 definida y plasmada en rituales, ideales, creencias, relatos hist\u00f3ricos o im\u00e1genes fant\u00e1sticas, una espiritualidad que puede ser completamente trasladada de un ser a otro con palabras o gestos, o sin palabras o gestos.<\/p>\n<p>La Espiritualidad de la Comunidad Mayor es una espiritualidad de mayor experiencia, mayor percepci\u00f3n y mayores capacidades. En la Comunidad Mayor no eres salvado. Solo est\u00e1s desarroll\u00e1ndote. En la Comunidad Mayor no eres condenado. Solo est\u00e1s desarroll\u00e1ndote. En la Comunidad Mayor no existe el Cielo. Solo hay una mayor participaci\u00f3n y una mayor capacidad para la relaci\u00f3n. En la Comunidad Mayor no hay dioses y demonios locales luchando en una guerra espiritual. En la Comunidad Mayor est\u00e1n los que saben y los que no saben. A partir de su experiencia vienen las grandes dificultades que se plantean en la vida en todas partes.<\/p>\n<p>T\u00fa que vives en un mundo humano con ideas humanas, creencias humanas y una perspectiva humana, tienes ahora una gran oportunidad para experimentar lo Divino y la voluntad y el prop\u00f3sito Divinos para tu vida y tu tiempo, a trav\u00e9s de una conciencia de la Comunidad Mayor y a trav\u00e9s de una clase diferente de camino y direcci\u00f3n. Necesitas esto ahora, porque tu mundo est\u00e1 emergiendo a la Comunidad Mayor de Mundos. Y lo necesitas ahora porque esta es la religi\u00f3n de todos los tiempos, no solo de tu tiempo. Penetra en este gran umbral y entender\u00e1s el pasado, el presente y el futuro de una manera tal que los unir\u00e1 en uno solo.<\/p>\n<p>Esto te dar\u00e1 fuerza y capacidad para discernir y comprender a aquellos de la Comunidad Mayor que est\u00e1n visitando tu mundo. A pesar de que poseen una mayor capacidad tecnol\u00f3gica y tienen una mayor cohesi\u00f3n social que la familia humana, ellos tambi\u00e9n est\u00e1n llamados a aprender la Espiritualidad de la Comunidad Mayor. Vuestro regalo para ellos es algo muy raro y precioso. Vosotros ten\u00e9is algo que ellos necesitan. Ten\u00e9is algo que toda la vida necesita. Es por eso que la Espiritualidad de la Comunidad Mayor se est\u00e1 introduciendo en este mundo antes de la emergencia del mundo en la Comunidad Mayor. Esto no se da solo para vuestra propia adaptaci\u00f3n a la Comunidad Mayor, con el fin de establecer una base para la comunicaci\u00f3n, el reconocimiento y la comprensi\u00f3n. Se da tambi\u00e9n para establecer que vosotros, como seres humanos, tan limitados como est\u00e1is en vuestras capacidades f\u00edsicas, ten\u00e9is no obstante un regalo espiritual que dar, un regalo para todos los tiempos, un regalo de verdadero beneficio. Sin embargo, para encontrar este regalo y entregarlo, deb\u00e9is tener una mayor comprensi\u00f3n, una mayor conciencia, una mayor teolog\u00eda y una nueva base para vivir. Esta es una base que os liberar\u00e1 en vuestra vida diaria y que har\u00e1 que vuestras preocupaciones humanas, que son aparentemente tan complejas y dif\u00edciles, sean mucho m\u00e1s simples de lo que parecen en la actualidad.<\/p>\n<p>Lo que Dios est\u00e1 haciendo en vuestro mundo est\u00e1 relacionado con lo que Dios est\u00e1 haciendo en la Comunidad Mayor. Si no sab\u00e9is lo que Dios est\u00e1 haciendo en la Comunidad Mayor, \u00bfc\u00f3mo vais a saber lo que Dios est\u00e1 haciendo en vuestro mundo? \u00bfY c\u00f3mo entender\u00e9is la presencia y la experiencia Divina en \u00e9l? Deb\u00e9is veros desde afuera para ver c\u00f3mo sois, d\u00f3nde est\u00e1is y qui\u00e9nes sois en este momento. Necesitareis esta perspectiva para ver lo que os rodea, lo que os alienta y lo que os frena.<\/p>\n<p>Saber lo que Dios est\u00e1 haciendo en el universo solo puede ser trasladado mediante la experiencia pura, pues el universo hasta el momento excede tu capacidad intelectual o conceptual, por lo que ning\u00fan lenguaje o tecnolog\u00eda podr\u00eda describirlo. E incluso si pudiera ser descrito, no tendr\u00edais forma de entenderlo.<\/p>\n<p>Sin embargo, no es as\u00ed como se transmite y se comprende una mayor conciencia y una mayor verdad. Si est\u00e1s dispuesto a ir m\u00e1s all\u00e1 de tus propios l\u00edmites, si est\u00e1s dispuesto a ir m\u00e1s all\u00e1 de tus conceptos, tus ideas y tus creencias, entonces abrir\u00e1s una puerta hacia la Espiritualidad de la Comunidad Mayor y hacia un mayor Conocimiento y Sabidur\u00eda que son muy necesarios en tu mundo en este momento. Esto te ofrece todas las ventajas y una base para dar a los dem\u00e1s en el futuro, pero para hacer esto debes ser muy valiente. Debes aventurarte en un territorio donde las personas no han ido antes, hacia un nuevo tipo de experiencia de lo sagrado y hacia un universo mucho m\u00e1s grande y complejo que todo lo que has tenido que enfrentar en el pasado. Tendr\u00e1s que aprender a estar c\u00f3modo sin definiciones. Tendr\u00e1s que estar seguro en una mayor base dentro de ti mismo. Y tendr\u00e1s que tener grandes compa\u00f1eros.<\/p>\n<p>Esto no es una aventura. Es un viaje, un viaje de gran magnitud, un viaje que no puede emprenderse en solitario, un viaje con dificultades y peligros, pero un viaje que es necesario y que te llama. Te llama m\u00e1s all\u00e1 de tus ideas, tus objetivos y tus preocupaciones. Te llama ahora.<\/p>\n<p>Esta llamada es una experiencia que parece muy inexplicable, y sin embargo es muy real, muy penetrante y completa, incluso para ti aqu\u00ed y ahora. Es la ventana por la cual ver un universo mayor y a un Dios mayor trabajando.<\/p>\n<p>Esta es la teolog\u00eda de la experiencia pura, una teolog\u00eda de la Sabidur\u00eda pura y del Conocimiento puro, una teolog\u00eda que solo puedes demostrar y solo puedes experimentar. Es una teolog\u00eda que es mayor que cualquier cosa que pueda ense\u00f1arse en vuestros seminarios y escuelas de religi\u00f3n. \u00bfQui\u00e9n puede responder a un regalo y Misterio tan grande como este? \u00bfQui\u00e9n puede entrar en el reino de la experiencia pura, de una mayor uni\u00f3n con Dios?<\/p>\n<p>Que esto sea una llamada para ti que lees estas palabras. Que esto te llame m\u00e1s all\u00e1 de tu comprensi\u00f3n y tu capacidad de entender, porque no entender\u00e1s estas palabras hasta que tengas esta gran experiencia, y no sabr\u00e1s si estas palabras son ciertas hasta que experimentes su verdad. No sabr\u00e1s su completa importancia hasta que t\u00fa mismo puedas encarnarlas.<\/p>\n<p>En la Comunidad Mayor, Dios es demasiado extenso y demasiado grande para suscitar solo fe. La fe solo puede traerte hasta el umbral de la experiencia. M\u00e1s all\u00e1 de esto, la fe es demasiado d\u00e9bil y demasiado falible para llevarte m\u00e1s lejos. Aqu\u00ed la fe sirve a su prop\u00f3sito \u00fanico y m\u00e1s importante: llevarte a la puerta de la experiencia. Este es el prop\u00f3sito de la fe y el prop\u00f3sito de la preparaci\u00f3n. Este es el prop\u00f3sito de la formaci\u00f3n religiosa en tu mundo y en todos los mundos. M\u00e1s all\u00e1 de esta puerta est\u00e1 el Dios de la Comunidad Mayor. Lo que lleva a esta puerta es la Espiritualidad de la Comunidad Mayor, y m\u00e1s all\u00e1 de esta puerta est\u00e1 la Espiritualidad de la Comunidad Mayor.<\/p>\n<p>Para poder comprender la teolog\u00eda de Dios en la Comunidad Mayor debes tener una mente mayor, un vocabulario m\u00e1s amplio y un mayor rango de experiencia. Esto puede trasladarse a ti y t\u00fa puedes trasladarlo a otros, pero tus palabras no pueden capturarlo. Esto solo puede transmitirse de uno a otro a trav\u00e9s de un misterioso proceso de transmisi\u00f3n Divina. Nadie puede entenderlo intelectualmente, porque su medio es demasiado grande y demasiado universal.<\/p>\n<p>Aquellos que solo quieren ideas tendr\u00e1n que quedarse con sus religiones locales, porque esto es demasiado grande. Aquellos que solo quieren saber las directrices para una vida constructiva encontrar\u00e1n esto demasiado grande y confuso, demasiado inexplicable y misterioso. Aquellos que experimentan a Dios en la Comunidad Mayor y aquellos que pueden transmitir a Dios en la Comunidad Mayor representan los individuos que han trascendido las fronteras de su propia herencia racial y capacidad intelectual. Ellos se han hecho universales en su pensamiento. Ellos ven lo que otros no pueden ver y saben lo que otros no pueden saber. Esa es su carga y su regalo. Para ellos la creencia no es un problema, porque han ido m\u00e1s all\u00e1 de la necesidad de creer y m\u00e1s all\u00e1 de los l\u00edmites de la creencia. Su experiencia es demasiado notable para ser trasladada a cualquier amplio espectro o a cualquier gran audiencia. Esto debe darse de uno a otro. Su iglesia y su templo es el entorno en el que reciben la transmisi\u00f3n de lo Divino y la comunican a otros. Sus estudiantes son pocos. Su viaje es largo. Sus requerimientos son grandes. Su aplicaci\u00f3n es total y completa.<\/p>\n<p>\u00bfEs un regalo as\u00ed posible para la humanidad? Es no solo posible, sino necesario. Sin este regalo, la experiencia de la Comunidad Mayor tendr\u00e1 un impacto devastador en la humanidad. Sin este regalo, el deseo de la humanidad por el poder y la dominaci\u00f3n conducir\u00e1 a la cat\u00e1strofe. Sin este regalo, no podr\u00e1s entender a aquellos que encontrar\u00e1s de la Comunidad Mayor, y no podr\u00e1s entender el gran cambio y los grandes acontecimientos que est\u00e1n ocurriendo en tu mundo.<\/p>\n<p>El Camino del Conocimiento de la Comunidad Mayor se presenta al mundo como un medio de preparaci\u00f3n para la Comunidad Mayor y como un medio de preparaci\u00f3n para el Dios de la Comunidad Mayor. Es el medio para prepararte para un prop\u00f3sito m\u00e1s grande en la vida, un prop\u00f3sito que est\u00e1 relacionado con la vida en todas partes. La Comunidad Mayor es el entorno mayor en el que vives y ante el cual ahora debes hacerte responsable. El Camino del Conocimiento de la Comunidad Mayor es una clase diferente de espiritualidad, pero encontrar\u00e1s que la experiencia que est\u00e1 en el coraz\u00f3n mismo de esto es m\u00e1s familiar y m\u00e1s confirmadora que cualquier cosa que hayas experimentado antes. Esta experiencia te recordar\u00e1 tu Antiguo Hogar y aquellos que te han enviado al mundo. Te recordar\u00e1 el mayor v\u00ednculo de relaciones que existen incluso en este momento y que van m\u00e1s all\u00e1 de los l\u00edmites de tu tiempo y lugar en la vida. Esta es una puerta hacia un universo mayor. Es un medio para una mayor capacidad y Sabidur\u00eda en la vida. Es una respuesta a una mayor necesidad para la humanidad y para la vida en todas partes.<\/p>\n","protected":false},"excerpt":{"rendered":"<p>\u201cAqu\u00ed te centrar\u00e1s no en un Dios de tu mundo y de tu tiempo, sino en un Dios de todos los mundos y todos los tiempos.\u201d En la Comunidad Mayor, Dios es Conocimiento. En la Comunidad Mayor, Dios es experiencia. En la Comunidad Mayor, Dios es la comunicaci\u00f3n de una profunda percepci\u00f3n interna y el\u2026 <a class=\"read-more\" href=\"https:\/\/www.v6.newmessage.org\/es\/about-text-shortcode\"><span>Read More<\/span><\/a><\/p>\n","protected":false},"author":1,"featured_media":0,"parent":13081,"menu_order":13,"comment_status":"closed","ping_status":"closed","template":"template-leftsidebar.php","meta":{"_monsterinsights_skip_tracking":false,"_monsterinsights_sitenote_active":false,"_monsterinsights_sitenote_note":"","_monsterinsights_sitenote_category":0,"footnotes":""},"categories":[44,468,76,77,467],"tags":[208,418],"_links":{"self":[{"href":"https:\/\/www.v6.newmessage.org\/es\/wp-json\/wp\/v2\/pages\/230"}],"collection":[{"href":"https:\/\/www.v6.newmessage.org\/es\/wp-json\/wp\/v2\/pages"}],"about":[{"href":"https:\/\/www.v6.newmessage.org\/es\/wp-json\/wp\/v2\/types\/page"}],"author":[{"embeddable":true,"href":"https:\/\/www.v6.newmessage.org\/es\/wp-json\/wp\/v2\/users\/1"}],"replies":[{"embeddable":true,"href":"https:\/\/www.v6.newmessage.org\/es\/wp-json\/wp\/v2\/comments?post=230"}],"version-history":[{"count":29,"href":"https:\/\/www.v6.newmessage.org\/es\/wp-json\/wp\/v2\/pages\/230\/revisions"}],"predecessor-version":[{"id":28446,"href":"https:\/\/www.v6.newmessage.org\/es\/wp-json\/wp\/v2\/pages\/230\/revisions\/28446"}],"up":[{"embeddable":true,"href":"https:\/\/www.v6.newmessage.org\/es\/wp-json\/wp\/v2\/pages\/13081"}],"wp:attachment":[{"href":"https:\/\/www.v6.newmessage.org\/es\/wp-json\/wp\/v2\/media?parent=230"}],"wp:term":[{"taxonomy":"category","embeddable":true,"href":"https:\/\/www.v6.newmessage.org\/es\/wp-json\/wp\/v2\/categories?post=230"},{"taxonomy":"post_tag","embeddable":true,"href":"https:\/\/www.v6.newmessage.org\/es\/wp-json\/wp\/v2\/tags?post=230"}],"curies":[{"name":"wp","href":"https:\/\/api.w.org\/{rel}","templated":true}]}}