{"id":22380,"date":"2015-08-21T04:45:58","date_gmt":"2015-08-21T04:45:58","guid":{"rendered":"http:\/\/www.newmessage.org\/?page_id=22380"},"modified":"2016-03-07T02:12:10","modified_gmt":"2016-03-07T02:12:10","slug":"glosario-de-terminos-importantes","status":"publish","type":"page","link":"https:\/\/www.v6.newmessage.org\/es\/el-mensaje\/glosario-de-terminos-importantes","title":{"rendered":"Glosario de t\u00e9rminos importantes"},"content":{"rendered":"<p>El Nuevo Mensaje de Dios revela que nuestro mundo se encuentra ante el mayor umbral de la historia y la evoluci\u00f3n de la humanidad. En este umbral, ha llegado un Nuevo Mensaje de Dios. Este revela el gran cambio que est\u00e1 llegando al mundo y nuestro destino dentro de la Comunidad Mayor de vida m\u00e1s all\u00e1 de nuestro mundo, una Comunidad Mayor ante la que estamos ignorantes y desprevenidos.<\/p>\n<p>Aqu\u00ed la Revelaci\u00f3n redefine en un mayor contexto ciertos t\u00e9rminos familiares, e introduce otros t\u00e9rminos que son nuevos para la familia humana. Es importante entender estos t\u00e9rminos cuando uno lee los textos del Nuevo Mensaje.<\/p>\n<p><a name=\"god\"><\/a><br \/>\n<strong>DIOS<\/strong> es revelado en el Nuevo Mensaje como la Fuente y el Creador de toda vida y de incontables razas en el universo. Aqu\u00ed la realidad mayor de Dios es desvelada en el contexto ampliado de toda la vida en este mundo y de toda la vida en el universo. Este mayor contexto redefine el significado de nuestro entendimiento de Dios y de la Presencia y el Poder de Dios en nuestras vidas. El Nuevo Mensaje afirma que para entender lo que Dios est\u00e1 haciendo en nuestro mundo debemos entender lo que Dios est\u00e1 haciendo en todo el universo. Esto se est\u00e1 revelando ahora por primera vez mediante un Nuevo Mensaje de Dios. En el Nuevo Mensaje, Dios no es un personaje o una conciencia singular, sino una fuerza y realidad omnipresente que permea toda vida, existiendo m\u00e1s all\u00e1 de las limitadas fronteras de toda teolog\u00eda y entendimiento religioso. Dios habla a la parte m\u00e1s profunda de cada persona a trav\u00e9s del poder del Conocimiento que vive en su interior. <a href=\"\/el-mensaje\/volumen-2\/espiritualidad-de-la-comunidad-mayor\/que-es-dios\">Para saber m\u00e1s&#8230;<\/a><br \/>\n<a name=\"separation\"><\/a><br \/>\n<strong>LA SEPARACI\u00d3N<\/strong> es el estado y la condici\u00f3n vigentes de estar separados de Dios. La Separaci\u00f3n comenz\u00f3 cuando parte de la Creaci\u00f3n dese\u00f3 tener la libertad de estar separada de Dios y de vivir en un estado de Separaci\u00f3n. Como resultado, Dios cre\u00f3 nuestro mundo en evoluci\u00f3n y el universo en expansi\u00f3n como un lugar para que vivieran los separados en innumerables formas y lugares. Antes de la Separaci\u00f3n, toda vida estaba en un estado atemporal de pura uni\u00f3n. Es a este estado original de uni\u00f3n con Dios al que todos los que viven en Separaci\u00f3n est\u00e1n en \u00faltima instancia llamados a retornar \u2014mediante el servicio, la contribuci\u00f3n y el descubrimiento del Conocimiento\u2014. Es la misi\u00f3n de Dios en nuestro mundo y en todo el universo recuperar a los separados mediante el Conocimiento, que es la parte de cada individuo que todav\u00eda est\u00e1 conectada a Dios. <a href=\"\/el-mensaje\/volumen-1\/el-unico-dios\/la-separacion\">Para saber m\u00e1s&#8230;<\/a><br \/>\n<a name=\"knowledge\"><\/a><\/p>\n<p><strong>EL CONOCIMIENTO<\/strong> es la mente e inteligencia espiritual m\u00e1s profunda dentro de cada persona, que espera a ser descubierta. El Conocimiento representa la parte eterna de nosotros que nunca ha dejado a Dios. El Nuevo Mensaje habla del Conocimiento como la gran esperanza para la humanidad, como un poder interno en el coraz\u00f3n de cada persona que el Nuevo Mensaje de Dios est\u00e1 aqu\u00ed para revelar y requerir. El Conocimiento existe m\u00e1s all\u00e1 del intelecto. Solo \u00e9l tiene el poder para guiarnos a cada uno de nosotros hacia nuestro prop\u00f3sito superior y hacia nuestras relaciones destinadas en la vida. <a href=\"\/el-mensaje\/volumen-2\/espiritualidad-de-la-comunidad-mayor\/que-es-el-conocimiento\">Para saber m\u00e1s&#8230;<\/a><br \/>\n<a name=\"aa\"><\/a><br \/>\n<strong>LA ASAMBLEA ANG\u00c9LICA<\/strong> es la gran Presencia Ang\u00e9lica que atiende el mundo. Esta Presencia forma parte de la jerarqu\u00eda de servicio y relaci\u00f3n establecida por Dios para supervisar la redenci\u00f3n y el retorno de toda la vida separada en el universo. Cada mundo en el que existe vida consciente es atendido por una Asamblea Ang\u00e9lica. La Asamblea que supervisa nuestro mundo ha traducido la Voluntad de Dios para nuestro tiempo al lenguaje y el entendimiento humanos, revel\u00e1ndose ahora a trav\u00e9s del Nuevo Mensaje de Dios. El t\u00e9rmino \u201cAsamblea Ang\u00e9lica\u201d es sin\u00f3nimo de los t\u00e9rminos \u201cPresencia Ang\u00e9lica\u201d y \u201cHuestes Ang\u00e9licas\u201d. <a href=\"\/el-mensaje\/volumen-1\/dios-ha-hablado-de-nuevo\/la-asamblea\">Para saber m\u00e1s&#8230;<\/a><br \/>\n<a name=\"nmfg\"><\/a><br \/>\n<strong>EL NUEVO MENSAJE DE DIOS<\/strong> es una Revelaci\u00f3n y comunicaci\u00f3n original de Dios a la gente del mundo, tanto para nuestro tiempo como para los tiempos venideros. El Nuevo Mensaje es un regalo del Creador de toda vida para la gente de todas las naciones y religiones, y representa la siguiente gran expresi\u00f3n del Plan y la Voluntad de Dios para la familia humana. El Nuevo Mensaje tiene m\u00e1s de 9000 p\u00e1ginas de extensi\u00f3n y es la mayor Revelaci\u00f3n que se ha dado nunca al mundo, dada ahora a un mundo alfabetizado de comunicaciones globales y creciente conciencia global. El Nuevo Mensaje no es una rama ni una mejora de ninguna tradici\u00f3n del pasado. Es un Nuevo Mensaje de Dios para una humanidad que ahora se enfrenta a una gran inestabilidad y convulsi\u00f3n en el mundo y al gran umbral que supone emerger a una Comunidad Mayor de vida inteligente en el universo. <a href=\"\/introduccion-al-nuevo-mensaje\">Para saber m\u00e1s&#8230;<\/a><br \/>\n<a name=\"voice\"><\/a><br \/>\n<strong>LA VOZ DE LA REVELACI\u00d3N<\/strong> es la voz unificada de la Asamblea Ang\u00e9lica, entregando el Mensaje de Dios a trav\u00e9s de un Mensajero enviado al mundo con ese prop\u00f3sito. Aqu\u00ed, la Asamblea habla como una sola Voz, los muchos hablando como uno solo. Por primera vez en la historia, puedes escuchar la verdadera Voz de la Revelaci\u00f3n hablando a trav\u00e9s del Mensajero de Dios. Es esta Voz la que habl\u00f3 a todos los Mensajeros de Dios en el pasado. La Palabra y el Sonido de la Voz de la Revelaci\u00f3n est\u00e1n de nuevo en el mundo. <a href=\"\/el-mensaje\/volumen-1\/la-religion-pura\/la-voz-de-la-revelacion-voice-revelation\">Para saber m\u00e1s&#8230;<\/a><br \/>\n<a name=\"messenger\"><\/a><br \/>\n<strong>EL MENSAJERO<\/strong> es aquel que ha sido elegido, preparado y enviado al mundo por la Asamblea Ang\u00e9lica para recibir el Nuevo Mensaje de Dios. El Mensajero para este tiempo es Marshall Vian Summers. \u00c9l es un hombre humilde sin posici\u00f3n en el mundo que se ha sometido a una larga y dif\u00edcil preparaci\u00f3n para poder cumplir esta misi\u00f3n y papel de gran importancia en la vida. \u00c9l ha recibido la gran carga, bendici\u00f3n y responsabilidad de recibir la Revelaci\u00f3n pura de Dios y de protegerla y presentarla en el mundo. \u00c9l es el primero de los Mensajeros de Dios que revela la realidad de una Comunidad Mayor de vida inteligente en el universo. El Mensajero ha estado involucrado en un proceso de Revelaci\u00f3n durante m\u00e1s de 30 a\u00f1os. \u00c9l actualmente est\u00e1 vivo en el mundo. <a href=\"\/el-mensajero\/quien-es-marshall-vian-summers\">Para saber m\u00e1s&#8230;<\/a><br \/>\n<a name=\"seal\"><\/a><br \/>\n<strong>EL SELLO DE LOS PROFETAS<\/strong> es un sello establecido por Dios al final de la vida de un Mensajero. Este sella la pureza de la Revelaci\u00f3n, protegi\u00e9ndola de a\u00f1adidos o del intento de alterar la comunicaci\u00f3n de Dios. El Sello de los Profetas lo establece \u00fanicamente Dios, y solo Dios puede romperlo en esos umbrales en la emergencia y evoluci\u00f3n de la humanidad en los que Dios elige hablar de nuevo. <a href=\"\/el-mensaje\/volumen-1\/dios-ha-hablado-de-nuevo\/el-sello-de-los-profetas\">Para saber m\u00e1s&#8230;<\/a><br \/>\n<a name=\"presence\"><\/a><br \/>\n<strong>LA PRESENCIA<\/strong> puede referirse a la presencia del Conocimiento dentro del individuo, a la Presencia de la Asamblea Ang\u00e9lica y, en \u00faltima instancia, a la Presencia de Dios. La Presencia de estas tres realidades ofrece una experiencia transformadora de gracia y relaci\u00f3n que puede encontrarse siguiendo al Misterio en la vida y estudiando y practicando una de las anteriores Revelaciones de Dios o bien la Nueva Revelaci\u00f3n de Dios para el mundo. La Nueva Revelaci\u00f3n ofrece un camino moderno para experimentar el poder de esta Presencia en tu vida. <a href=\"\/seguir-la-presencia\/\">Para saber m\u00e1s&#8230;<\/a><br \/>\n<a name=\"stk\"><\/a><br \/>\n<em><strong>PASOS AL CONOCIMIENTO<\/strong><\/em> es un antiguo libro de pr\u00e1ctica espiritual que ahora Dios est\u00e1 dando al mundo por primera vez. Al emprender este misterioso viaje, cada persona es llevada a descubrir el poder del Conocimiento y a la experiencia de un profundo saber interno que puede guiarla a su llamada y su prop\u00f3sito superior en la vida. <a href=\"\/el-mensaje\/volumen-3\/pasos-al-conocimiento-el-libro-del-saber-interno\/introduccion-los-pasos-al-conocimiento\">Para saber m\u00e1s&#8230;<\/a><br \/>\n<a name=\"gc\"><\/a><br \/>\n<strong>LA COMUNIDAD MAYOR<\/strong> es el mayor universo de vida inteligente en el que nuestro mundo siempre ha existido. Esta Comunidad Mayor incluye todos los mundos en el universo donde existe vida consciente, en todos los estados de evoluci\u00f3n y desarrollo. El Nuevo Mensaje revela que la humanidad se encuentra en una fase temprana y adolescente de su desarrollo, y que ha llegado el momento de que la humanidad se prepare para emerger a la Comunidad Mayor. Es aqu\u00ed, frente al umbral del espacio, donde la humanidad descubrir\u00e1 que no est\u00e1 sola en el universo, y ni siquiera en su propio mundo. <a href=\"\/el-mensaje\/volumen-2\/espiritualidad-de-la-comunidad-mayor\/que-es-la-comunidad-mayor\">Para saber m\u00e1s&#8230;<\/a><br \/>\n<a name=\"darkness\"><\/a><br \/>\n<strong>LA OSCURIDAD MAYOR<\/strong> es una Intervenci\u00f3n en marcha por parte de ciertas razas de la Comunidad Mayor que est\u00e1n aqu\u00ed para aprovecharse de una humanidad d\u00e9bil y dividida. Esto est\u00e1 ocurriendo en un tiempo en el que la familia humana est\u00e1 entrando en un periodo de creciente ruptura y desorden frente a las Grandes Olas de cambio. La Intervenci\u00f3n se presenta a s\u00ed misma como una fuerza benigna y redentora, mientras que en realidad su prop\u00f3sito \u00faltimo es minar la libertad y la autodeterminaci\u00f3n humanas y tomar el control del mundo y sus recursos. El Nuevo Mensaje revela que la Intervenci\u00f3n busca establecer secretamente su influencia en las mentes y corazones de la gente aqu\u00ed en un tiempo de creciente confusi\u00f3n, conflicto y vulnerabilidad. Como las gentes nativas de este mundo, somos llamados a oponernos a esta Intervenci\u00f3n y a alertar y educar a los dem\u00e1s, uniendo as\u00ed a la familia humana en una gran causa com\u00fan y preparando nuestro mundo para los desaf\u00edos y oportunidades de la vida en la Comunidad mayor. <a href=\"\/el-mensaje\/volumen-1\/la-comunidad-mayor\/preparandose-para-la-comunidad-mayor\">Para saber m\u00e1s&#8230;<\/a><br \/>\n<a name=\"gwoc\"><\/a><br \/>\n<strong>LAS GRANDES OLAS DE CAMBIO<\/strong> son una serie de poderosas fuerzas medioambientales, econ\u00f3micas y sociales que ahora est\u00e1n convergiendo sobre el mundo. Las Grandes Olas son el resultado del abuso y el uso excesivo del mundo, sus recursos y su medioambiente por parte de la humanidad. Las Grandes Olas tienen el poder de alterar dr\u00e1sticamente la faz del mundo, produciendo inestabilidad econ\u00f3mica, un cambio clim\u00e1tico fuera de control, tiempo atmosf\u00e9rico violento y la p\u00e9rdida de tierras cultivables y reservas de agua dulce, amenazando con producir una condici\u00f3n global de gran dificultad y sufrimiento humano. Las Grandes Olas no son un \u201cfin de los tiempos\u201d o un evento apocal\u00edptico, sino m\u00e1s bien un periodo de transici\u00f3n a la condici\u00f3n de un nuevo mundo. El Nuevo Mensaje revela lo que est\u00e1 lleg\u00e1ndole al mundo y la mayor preparaci\u00f3n que suficientes personas deben emprender. Llama pidiendo la cooperaci\u00f3n y la unidad humanas, nacidas ahora de la pura necesidad, para preservar y proteger la civilizaci\u00f3n humana. <a href=\"\/el-mensaje\/volumen-4\/las-grandes-olas-de-cambio\">Para saber m\u00e1s&#8230;<\/a><br \/>\n<a name=\"me\"><\/a><br \/>\n<strong>EL AMBIENTE MENTAL <\/strong>es el entorno de pensamiento y emoci\u00f3n que existe paralelamente al entorno f\u00edsico. El ambiente mental contiene fuerzas que afectan nuestro pensamiento y nuestras emociones y que pueden dominarnos hasta que nos fortalecemos con el Conocimiento. <a href=\"\/el-mensaje\/volumen-4\/la-vida-en-el-universo\/competicion-influencia-y-el-ambiente-mental\">Para saber m\u00e1s&#8230;<\/a><br \/>\n<a name=\"purpose\"><\/a><br \/>\n<strong>PROP\u00d3SITO SUPERIOR o MAYOR<\/strong> se refiere a la contribuci\u00f3n espec\u00edfica que cada persona fue enviada al mundo a realizar, as\u00ed como a las relaciones \u00fanicas que permitir\u00e1n a esa persona cumplir su prop\u00f3sito. El Conocimiento dentro del individuo contiene para \u00e9l su prop\u00f3sito superior y su destino. Estos no pueden determinarse solo con el intelecto. Deben descubrirse, seguirse y expresarse en servicio a otros para ser cumplidos plenamente. El mundo necesita que mucha m\u00e1s gente que nunca antes demuestre este prop\u00f3sito superior. <a href=\"\/el-mensaje\/volumen-2\/espiritualidad-de-la-comunidad-mayor\/cual-es-el-proposito-humano\">Para saber m\u00e1s&#8230;<\/a><br \/>\n<a name=\"family\"><\/a><br \/>\n<strong>FAMILIA ESPIRITUAL<\/strong> se refiere a los peque\u00f1os grupos de trabajo formados tras la Separaci\u00f3n para posibilitar a todos los individuos el trabajar hacia mayores estados de uni\u00f3n y relaci\u00f3n, a lo largo de un extenso periodo de tiempo y culminando en su retorno final a Dios. Tu Familia Espiritual representa las relaciones que has recuperado mediante el Conocimiento durante tu largo viaje a trav\u00e9s de la Separaci\u00f3n. Algunos miembros de tu Familia Espiritual est\u00e1n en el mundo y algunos est\u00e1n m\u00e1s all\u00e1 del mundo. Las Familias Espirituales son parte del misterioso Plan de Dios para liberar y reunir a todos aquellos que viven en la Separaci\u00f3n. <a href=\"\/el-mensaje\/volumen-2\/relaciones-y-proposito-superior\/tu-relacion-con-tu-familia-espiritual\">Para saber m\u00e1s&#8230;<\/a><br \/>\n<a name=\"home\"><\/a><br \/>\n<strong>ANTIGUO HOGAR<\/strong> hace referencia a la realidad de la vida y al estado de conciencia y relaci\u00f3n que ten\u00edas antes de entrar en el mundo, y que volver\u00e1s a tener tras tu vida en el mundo. Tu Antiguo Hogar es un estado de conexi\u00f3n y relaci\u00f3n con tu Familia Espiritual, la Asamblea y Dios. <a href=\"\/el-mensaje\/volumen-1\/la-nueva-vida\/la-reconciliacion\">Para saber m\u00e1s&#8230;<\/a><\/p>\n","protected":false},"excerpt":{"rendered":"<p>El Nuevo Mensaje de Dios revela que nuestro mundo se encuentra ante el mayor umbral de la historia y la evoluci\u00f3n de la humanidad. En este umbral, ha llegado un Nuevo Mensaje de Dios. Este revela el gran cambio que est\u00e1 llegando al mundo y nuestro destino dentro de la Comunidad Mayor de vida m\u00e1s\u2026 <a class=\"read-more\" href=\"https:\/\/www.v6.newmessage.org\/es\/el-mensaje\/glosario-de-terminos-importantes\"><span>Read More<\/span><\/a><\/p>\n","protected":false},"author":32,"featured_media":0,"parent":15090,"menu_order":6,"comment_status":"closed","ping_status":"closed","template":"template-leftsidebar.php","meta":{"_monsterinsights_skip_tracking":false,"_monsterinsights_sitenote_active":false,"_monsterinsights_sitenote_note":"","_monsterinsights_sitenote_category":0,"footnotes":""},"categories":[],"tags":[],"_links":{"self":[{"href":"https:\/\/www.v6.newmessage.org\/es\/wp-json\/wp\/v2\/pages\/22380"}],"collection":[{"href":"https:\/\/www.v6.newmessage.org\/es\/wp-json\/wp\/v2\/pages"}],"about":[{"href":"https:\/\/www.v6.newmessage.org\/es\/wp-json\/wp\/v2\/types\/page"}],"author":[{"embeddable":true,"href":"https:\/\/www.v6.newmessage.org\/es\/wp-json\/wp\/v2\/users\/32"}],"replies":[{"embeddable":true,"href":"https:\/\/www.v6.newmessage.org\/es\/wp-json\/wp\/v2\/comments?post=22380"}],"version-history":[{"count":21,"href":"https:\/\/www.v6.newmessage.org\/es\/wp-json\/wp\/v2\/pages\/22380\/revisions"}],"predecessor-version":[{"id":28017,"href":"https:\/\/www.v6.newmessage.org\/es\/wp-json\/wp\/v2\/pages\/22380\/revisions\/28017"}],"up":[{"embeddable":true,"href":"https:\/\/www.v6.newmessage.org\/es\/wp-json\/wp\/v2\/pages\/15090"}],"wp:attachment":[{"href":"https:\/\/www.v6.newmessage.org\/es\/wp-json\/wp\/v2\/media?parent=22380"}],"wp:term":[{"taxonomy":"category","embeddable":true,"href":"https:\/\/www.v6.newmessage.org\/es\/wp-json\/wp\/v2\/categories?post=22380"},{"taxonomy":"post_tag","embeddable":true,"href":"https:\/\/www.v6.newmessage.org\/es\/wp-json\/wp\/v2\/tags?post=22380"}],"curies":[{"name":"wp","href":"https:\/\/api.w.org\/{rel}","templated":true}]}}