{"id":20897,"date":"2015-08-12T17:43:27","date_gmt":"2015-08-12T17:43:27","guid":{"rendered":"http:\/\/www.newmessage.org\/?page_id=20897"},"modified":"2016-03-07T03:05:07","modified_gmt":"2016-03-07T03:05:07","slug":"la-revelacion-continua-hasta-hoy","status":"publish","type":"page","link":"https:\/\/www.v6.newmessage.org\/es\/el-mensaje\/la-revelacion-continua-hasta-hoy","title":{"rendered":"M\u00e1s por llegar&#8230;"},"content":{"rendered":"<p>En este momento, <a href=\"\/el-mensajero\/quien-es-marshall-vian-summers\">el Mensajero Marshall Vian Summers<\/a> est\u00e1 trabajando en el proyecto hist\u00f3rico de compilar los libros y vol\u00famenes del Nuevo Mensaje de Dios en su totalidad. Al mismo tiempo, el misterioso proceso de Revelaci\u00f3n contin\u00faa. Dios contin\u00faa entregando, a trav\u00e9s de la Asamblea Ang\u00e9lica, nuevas Revelaciones a trav\u00e9s del Mensajero, Revelaciones que al final encontrar\u00e1n su lugar en los libros y vol\u00famenes del Nuevo Mensaje.<\/p>\n<p>Por tanto, a medida que el Mensajero avance en este trabajo hist\u00f3rico de compilaci\u00f3n, y a medida que Dios y la Asamblea Ang\u00e9lica contin\u00faen revelando m\u00e1s a trav\u00e9s de su Mensajero, los libros y vol\u00famenes disponibles aqu\u00ed en www.nuevomensaje.org continuar\u00e1n creciendo, abriendo nuevas dimensiones, gui\u00e1ndonos y prepar\u00e1ndonos para los tiempos venideros.<\/p>\n<p>En la actualidad estamos viviendo en un tiempo de Revelaci\u00f3n. Tenemos la bendici\u00f3n de presenciar el proceso de Revelaci\u00f3n despleg\u00e1ndose ante nuestros ojos. Tenemos el privilegio de presenciar al Mensajero de Dios compilando un nuevo testamento para la humanidad, en su propio tiempo y de acuerdo a la direcci\u00f3n que le ha proporcionado el Creador. Esto contrasta con el hecho de que los libros de Revelaci\u00f3n del pasado no fueron compilados y presentados por sus Mensajeros durante su propia vida, causando por ello con el tiempo problemas de interpretaci\u00f3n y corrupci\u00f3n de los textos originales.<\/p>\n<h3>M\u00e1s sobre el proceso de revelaci\u00f3n y compilaci\u00f3n<\/h3>\n<p>Con m\u00e1s de 9000 p\u00e1ginas de texto (con casi 1000 revelaciones en audio como fuente), el Nuevo Mensaje de Dios es la mayor y m\u00e1s completa Revelaci\u00f3n jam\u00e1s dada a la humanidad, dada ahora a un mundo alfabetizado de comunicaciones globales y creciente conciencia global.<\/p>\n<p>El alcance y profundidad de este cuerpo de textos sagrados sobrepasa al de cualquier Revelaci\u00f3n previa, y se ha dado para atender la compleja serie de desaf\u00edos y necesidades globales que enfrenta nuestro mundo moderno, tanto ahora como en el futuro.<\/p>\n<p>Cada d\u00eda, <a href=\"\/worldwide-community\/sobre-la-sociedad\">La Sociedad para el Nuevo Mensaje de Dios<\/a>, entre sus muchas otras importantes tareas y limitados recursos, trabaja para entregar esta gran Revelaci\u00f3n, poni\u00e9ndola a disposici\u00f3n del mundo en tantos idiomas como sea posible (20 idiomas en la actualidad), en m\u00faltiples formatos (material online, libros impresos, libros electr\u00f3nicos, v\u00eddeos), trabajando para ponerla a disposici\u00f3n de la gente en todos los continentes, en todos los pa\u00edses.<\/p>\n<p>Y aun as\u00ed, tras las escenas un proyecto a\u00fan mayor est\u00e1 en marcha. Ahora y en los a\u00f1os venideros, el Mensajero se est\u00e1 acercando a la culminaci\u00f3n de su gran tarea de compilar el Nuevo Mensaje de Dios en el Libro \u00danico y presentar este nuevo testamento al mundo.<\/p>\n<h4>El Libro \u00danico del Nuevo Mensaje<\/h4>\n<h4><a href=\"https:\/\/www.newmessage.org\/wp-content\/uploads\/2015\/08\/Volume-1-CD-Cover.jpg\"><img decoding=\"async\" class=\"size-medium imgborder alignright\" src=\"https:\/\/www.newmessage.org\/wp-content\/uploads\/2015\/08\/Volume-1-CD-Cover-172x300.jpg\" alt=\"The New Message from God\" \/><\/a><\/h4>\n<p>La Asamblea Ang\u00e9lica ha indicado al Mensajero que debe unificar el Nuevo Mensaje en un \u00fanico testamento para la humanidad. Este testamento estar\u00e1 dividido en vol\u00famenes, cada volumen estar\u00e1 dividido en libros, cada libro estar\u00e1 dividido en cap\u00edtulos, y el texto de cada cap\u00edtulo se presentar\u00e1 en vers\u00edculos. Por tanto, la futura estructura del Nuevo Mensaje podr\u00eda expresarse de esta manera: <strong>Volumen &gt; Libro &gt; Cap\u00edtulo &gt; Vers\u00edculo<\/strong>. En su totalidad, estos vol\u00famenes, libros y cap\u00edtulos ser\u00e1n en \u00faltima instancia unidos en un \u00fanico testamento: El Nuevo Mensaje de Dios.<\/p>\n<p>En el Nuevo Mensaje hay dos tipos de libros: aquellos dados como libros por la Fuente y aquellos que han sido compilados por el Mensajero a partir de cientos de revelaciones independientes.<\/p>\n<p>Las revelaciones independientes se dieron a lo largo de un periodo de m\u00e1s de 43 a\u00f1os, y en a\u00f1os recientes se han recibido tambi\u00e9n mientras el Mensajero se encontraba en diversos lugares del mundo. Estas revelaciones independientes est\u00e1n ahora siendo compiladas en libros por el Mensajero, que es el \u00fanico al que se le ha encomendado esta tarea de organizar y presentar el Nuevo <a href=\"https:\/\/www.newmessage.org\/wp-content\/uploads\/2015\/08\/Volumes-Books-InfoGraphic.001.jpg\"><img loading=\"lazy\" decoding=\"async\" class=\" imgborder alignright \" src=\"https:\/\/www.newmessage.org\/wp-content\/uploads\/2015\/08\/Volumes-Books-InfoGraphic.001-279x300.jpg\" alt=\"About the Volumes and Books of the New Message from God\" width=\"250\" height=\"269\" \/><\/a>Mensaje de Dios. Por tanto, es tarea del Mensajero reunir las revelaciones individuales y unirlas con los libros existentes del Nuevo Mensaje para formar un testamento completo para la humanidad. Al mismo tiempo, \u00e9l debe presentar este testamento a la humanidad y llevarlo a individuos de todo el mundo que est\u00e1n listos para recibirlo. Esta es una tarea monumental.<\/p>\n<p>La compilaci\u00f3n de todo el Nuevo Mensaje es un trabajo en curso que se est\u00e1 realizando a lo largo de un extenso periodo. Al mismo tiempo, la Revelaci\u00f3n contin\u00faa recibi\u00e9ndose, con nuevas ense\u00f1anzas recibidas cada a\u00f1o. Como resultado, la selecci\u00f3n de cap\u00edtulos en cada libro puede cambiar y, con ello, los t\u00edtulos de los libros pueden cambiar tambi\u00e9n para reflejar el creciente alcance de cada libro.<\/p>\n<p>Los libros del Nuevo Mensaje estar\u00e1n al final contenidos en seis vol\u00famenes. Cada volumen crecer\u00e1 en tama\u00f1o con el tiempo seg\u00fan la Fuente d\u00e9 nuevas revelaciones y el Mensajero compile nuevos libros y los ubique en su volumen correspondiente.<\/p>\n<p>En \u00faltima instancia, los seis vol\u00famenes ser\u00e1n unidos en un \u00fanico testamento para la humanidad. Este nuevo testamento contendr\u00e1 cada palabra del Nuevo Mensaje de Dios.<\/p>\n<p>Por primera vez en la historia, el propio Mensajero est\u00e1 compilando y presentando el texto puro de la Revelaci\u00f3n de Dios. Aqu\u00ed el Mensajero sella la pureza de los textos del Nuevo Mensaje de Dios y te los entrega a ti, al mundo y a todas las personas en el futuro. Tanto si estos textos son le\u00eddos hoy o dentro de 500 a\u00f1os, la comunicaci\u00f3n original de Dios hablar\u00e1 desde estas p\u00e1ginas con la misma intimidad, pureza y poder que el d\u00eda en que se habl\u00f3.<\/p>\n<p>Adem\u00e1s, gran parte de las grabaciones en audio de estas Revelaciones habladas estar\u00e1n disponibles junto con el texto. Esto entonces ofrece al individuo un sentido de cercan\u00eda \u00edntima y personal con la entrega original de la comunicaci\u00f3n de Dios al mundo, en el d\u00eda y el momento en el que se habl\u00f3. Extraordinariamente, por primera vez en la historia, la <a href=\"\/el-mensaje\/volumen-1\/la-religion-pura\/la-voz-de-la-revelacion-voice-revelation\">Voz de la Revelaci\u00f3n<\/a> ha sido preservada y estar\u00e1 disponible en el futuro para que todas las personas la experimenten.<\/p>\n<p>Este regalo est\u00e1 siendo dado ahora al mundo. Nace del amor del Creador, un gran amor que tiene el poder de despertar el Conocimiento en el coraz\u00f3n de la familia humana, as\u00ed como de preparar y proteger a la humanidad mientras enfrenta sus mayores pruebas en el futuro.<\/p>\n<h4>Libros online<\/h4>\n<p>La Sociedad est\u00e1 tratando de hacer que el Nuevo Mensaje est\u00e9 disponible gratuitamente y online para el mundo. En la actualidad, varios libros del Nuevo Mensaje est\u00e1n disponibles gratis en www.nuevomensaje.org. Puedes <a href=\"\/el-mensaje\">explorar la biblioteca de libros gratuitos online<\/a>.<\/p>\n<h4>Libros impresos<\/h4>\n<p><a href=\"\/worldwide-community\/sobre-la-sociedad\">La Sociedad <\/a>ofrece actualmente algunos de los libros del Nuevo Mensaje en formato impreso. Sin embargo, debido al inmenso tama\u00f1o del revelado Nuevo Mensaje, La Sociedad no puede todav\u00eda publicar en formato impreso todos los seis vol\u00famenes del Nuevo Mensaje. Para comprar una copia impresa de los libros del Nuevo Mensaje que est\u00e1n actualmente disponibles, por favor visita la <a href=\"http:\/\/newknowledgelibrary.org\/\">tienda de la Biblioteca del Nuevo Conocimiento (New Knowledge Library)<\/a>.<\/p>\n<h4>CDs y audio en mp3<\/h4>\n<p>Ciertas revelaciones relacionadas con el estudio en el Nuevo Mensaje est\u00e1n disponibles para comprarse en CD o mp3 descargable. Debido a las realidades financieras que implica alcanzar al mundo entero con el Nuevo Mensaje, <a href=\"\/worldwide-community\/sobre-la-sociedad\">La Sociedad<\/a> ofrece ciertas Ense\u00f1anzas a un precio modesto en la <a href=\"http:\/\/newknowledgelibrary.org\/\">tienda de la Biblioteca del Nuevo Conocimiento (New Knowledge Library)<\/a>.<\/p>\n<h4>El Proyecto Libro Gratis (Free Book Project)<\/h4>\n<p>Con un mayor apoyo financiero, La Sociedad podr\u00e1 ofrecer m\u00e1s de estas ense\u00f1anzas de sabidur\u00eda gratis y online. Adem\u00e1s, el <a href=\"https:\/\/www.newmessage.org\/the-message\/free-book-project\">Proyecto Libro Gratis (en ingl\u00e9s)<\/a> de La Sociedad ofrece copias personales gratis de los libros y mp3 del Nuevo Mensaje disponibles actualmente a aquellos que carecen de recursos para comprarlos. Te invitamos a <a href=\"\/worldwide-community\/sobre-la-sociedad\/apoya-al-nuevo-mensaje\">hacer un donativo<\/a> para sostener el Proyecto Libro Gratis, de manera que m\u00e1s y m\u00e1s personas en necesidad puedan tener acceso al Nuevo Mensaje de Dios.<\/p>\n<h4>Publicaciones futuras<\/h4>\n<p>La Sociedad continuar\u00e1 avanzando su visi\u00f3n de publicar la totalidad del Nuevo Mensaje de Dios, tanto sus libros como sus vol\u00famenes, y quiz\u00e1 un d\u00eda todo en un libro \u00fanico, llamado simplemente \u201cEl Nuevo Mensaje de Dios\u201d. Esta es una empresa enorme para la que La Sociedad necesita tu contribuci\u00f3n y participaci\u00f3n. Por favor, considera <a href=\"\/worldwide-community\/sobre-la-sociedad\/apoya-al-nuevo-mensaje\">hacer un donativo<\/a> o ser un Pilar del Nuevo Mensaje para apoyar esta causa sagrada. Te damos las gracias por tu apoyo.<\/p>\n","protected":false},"excerpt":{"rendered":"<p>En este momento, el Mensajero Marshall Vian Summers est\u00e1 trabajando en el proyecto hist\u00f3rico de compilar los libros y vol\u00famenes del Nuevo Mensaje de Dios en su totalidad. Al mismo tiempo, el misterioso proceso de Revelaci\u00f3n contin\u00faa. Dios contin\u00faa entregando, a trav\u00e9s de la Asamblea Ang\u00e9lica, nuevas Revelaciones a trav\u00e9s del Mensajero, Revelaciones que al\u2026 <a class=\"read-more\" href=\"https:\/\/www.v6.newmessage.org\/es\/el-mensaje\/la-revelacion-continua-hasta-hoy\"><span>Read More<\/span><\/a><\/p>\n","protected":false},"author":24,"featured_media":0,"parent":15090,"menu_order":14,"comment_status":"closed","ping_status":"closed","template":"template-leftsidebar.php","meta":{"_monsterinsights_skip_tracking":false,"_monsterinsights_sitenote_active":false,"_monsterinsights_sitenote_note":"","_monsterinsights_sitenote_category":0,"footnotes":""},"categories":[],"tags":[],"_links":{"self":[{"href":"https:\/\/www.v6.newmessage.org\/es\/wp-json\/wp\/v2\/pages\/20897"}],"collection":[{"href":"https:\/\/www.v6.newmessage.org\/es\/wp-json\/wp\/v2\/pages"}],"about":[{"href":"https:\/\/www.v6.newmessage.org\/es\/wp-json\/wp\/v2\/types\/page"}],"author":[{"embeddable":true,"href":"https:\/\/www.v6.newmessage.org\/es\/wp-json\/wp\/v2\/users\/24"}],"replies":[{"embeddable":true,"href":"https:\/\/www.v6.newmessage.org\/es\/wp-json\/wp\/v2\/comments?post=20897"}],"version-history":[{"count":31,"href":"https:\/\/www.v6.newmessage.org\/es\/wp-json\/wp\/v2\/pages\/20897\/revisions"}],"predecessor-version":[{"id":27825,"href":"https:\/\/www.v6.newmessage.org\/es\/wp-json\/wp\/v2\/pages\/20897\/revisions\/27825"}],"up":[{"embeddable":true,"href":"https:\/\/www.v6.newmessage.org\/es\/wp-json\/wp\/v2\/pages\/15090"}],"wp:attachment":[{"href":"https:\/\/www.v6.newmessage.org\/es\/wp-json\/wp\/v2\/media?parent=20897"}],"wp:term":[{"taxonomy":"category","embeddable":true,"href":"https:\/\/www.v6.newmessage.org\/es\/wp-json\/wp\/v2\/categories?post=20897"},{"taxonomy":"post_tag","embeddable":true,"href":"https:\/\/www.v6.newmessage.org\/es\/wp-json\/wp\/v2\/tags?post=20897"}],"curies":[{"name":"wp","href":"https:\/\/api.w.org\/{rel}","templated":true}]}}