{"id":20865,"date":"2015-08-11T18:07:55","date_gmt":"2015-08-11T18:07:55","guid":{"rendered":"http:\/\/www.newmessage.org\/?page_id=20865"},"modified":"2017-09-13T15:06:29","modified_gmt":"2017-09-13T15:06:29","slug":"preparandose-para-la-comunidad-mayor","status":"publish","type":"page","link":"https:\/\/www.v6.newmessage.org\/es\/el-mensaje\/volumen-1\/la-comunidad-mayor\/preparandose-para-la-comunidad-mayor","title":{"rendered":"Prepar\u00e1ndose para la Comunidad Mayor"},"content":{"rendered":"<div><!--Versi\u00f3n espa\u00f1ola 1.2--><\/div>\n\n<div class=\"tabgroup \"><ul class=\"tabs\"><li><a href=\"#tabs-1\">Acerca de<\/a><\/li>\n<li><a href=\"#tabs-2\">V\u00eddeo<\/a><\/li>\n<li><a href=\"#tabs-3\">Nota<\/a><\/li><\/ul>\n <div id=\"tabs-1\"><\/p>\n<p class=\"revelation_details\"><em>Como le fue revelado a<br \/>\nMarshall Vian Summers<br \/>\nel 15 de abril de 2011<br \/>\nen Boulder, Colorado, Estados Unidos<\/em><\/p>\n<p>Texto original: <a href=\"https:\/\/www.newmessage.org\/the-message\/volume-1\/greater-community\/preparing-for-the-greater-community\">Preparing for the Greater Community<\/a><\/p>\n<p>Escucha el audio original aqu\u00ed (en ingl\u00e9s):<\/p>\n<div id=\"jquery_jplayer_1\" class=\"jp-jplayer\"><\/div>\n\t\t\t\t<div id=\"jp_container_1\" class=\"jp-audio\">\n\t\t\t\t<div class=\"jp-type-single\"><div class=\"jp-control\"><a href=\"javascript:;\" class=\"jp-play\" tabindex=\"1\">play<\/a><a href=\"javascript:;\" class=\"jp-pause\" tabindex=\"1\">pause<\/a><\/div> <div class=\"jp-gui jp-interface\"><div class=\"jp-volume\"><div class=\"jp-volume-bar\"><div class=\"jp-volume-bar-value\"><\/div><\/div><\/div><div class=\"jp-progress\"><div class=\"jp-seek-bar\"><div class=\"jp-play-bar\"><\/div><\/div><\/div><\/div>\t\t\t\t\t<div class=\"jp-no-solution\"><span>Update Required<\/span>To play the media you will need to either update your browser to a recent version or update your <a href=\"http:\/\/get.adobe.com\/flashplayer\/\" target=\"_blank\">Flash plugin<\/a>.<\/div><\/div><\/div>\n\t\t\t<script type='text\/javascript'>\n\t\t\t\tjQuery(document).ready(function() {\n\t\t\t\t\tif (typeof (sermonMedia) == 'function') {\n\t\t\t\t\t\tsermonMedia.addAudio('', \"jquery_jplayer_1\");\n\t\t\t\t\t}\n\t\t\t\t\tjQuery.jPlayer.timeFormat.showHour = true;\n\t\t\t\t\tjQuery(\"#jquery_jplayer_1\").jPlayer({\n\t\t\t\t\t\tready: function(event) {\n\t\t\t\t\t\t\tjQuery(this).jPlayer(\"setMedia\", {mp3: 'https:\/\/www.newmessage.org\/av\/preparing-for-the-greater-community.mp3'});\n\t\t\t\t\t\t},\n\t\t\t\t\t\tplay: function() {\n\t\t\t\t\t\t\tjQuery(this).jPlayer(\"pauseOthers\");\n\t\t\t\t\t\t},\n\t\t\t\t\t\tswfPath: ThemeData.directory_uri+\"\/swf\",\n\t\t\t\t\t\tsolution: \"html, flash\",\n\t\t\t\t\t\tpreload: \"metadata\",\n\t\t\t\t\t\twmode: \"window\",\n\t\t\t\t\t\tsupplied: \"mp3\",\n\t\t\t\t\t\tcssSelectorAncestor: '#jp_container_1'\n\t\t\t\t\t});\n\t\t\t\t});\n\t\t\t<\/script><\/p>\n<p><a title=\"Preparing for the Greater Community\" href=\"https:\/\/www.newmessage.org\/av\/preparing-for-the-greater-community.mp3\">Descargar<\/a> (cliquea en el bot\u00f3n derecho y selecciona \u201cguardar enlace como\u201d)<\/p>\n<div class=\"toggle toggle-white\"><h4 class=\"trigger \"><span class=\"t_ico\"><\/span><a href=\"#\">M\u00e1s informaci\u00f3n sobre este texto<\/a><\/h4><div class=\"toggle_container \"><br \/>\n<p>Lo que est\u00e1s leyendo en este texto es la transcripci\u00f3n de la voz original de la Asamblea Ang\u00e9lica hablando a trav\u00e9s del Mensajero Marshall Vian Summers.<\/p>\n<p>Aqu\u00ed, la comunicaci\u00f3n original de Dios, que existe m\u00e1s all\u00e1 de las palabras, es traducida al lenguaje y el entendimiento humanos por la Asamblea Ang\u00e9lica que supervisa el mundo. La Asamblea despu\u00e9s entrega el Mensaje de Dios a trav\u00e9s del Mensajero, tras lo cual es transcrito y puesto a tu disposici\u00f3n y a disposici\u00f3n de todos.<\/p>\n<p>En este extraordinario proceso, la Voz de la Revelaci\u00f3n est\u00e1 hablando de nuevo. La Palabra y el Sonido est\u00e1n en el mundo. Que puedas ser el receptor de este regalo de Revelaci\u00f3n y puedas estar abierto a recibir su Mensaje \u00fanico para ti y para tu vida.<\/p>\n<br \/>\n<\/div><\/div><br \/>\n<\/div>\n<div id=\"tabs-2\"><br \/>\n<iframe loading=\"lazy\" width=\"275\" height=\"155\" src=\"https:\/\/www.youtube.com\/embed\/gdVubBKdKi4?feature=oembed&#038;enablejsapi=1&#038;origin=http:\/\/www.newmessage.org\/es\" frameborder=\"0\" allowfullscreen><\/iframe><br \/>\n<\/div>\n<div id=\"tabs-3\"><br \/>\n<em>Nota a los lectores:<br \/>\nEsta traducci\u00f3n fue provista a la <\/em>Society<em> por estudiantes del Nuevo Mensaje que se han ofrecido voluntariamente a traducir el texto original en ingl\u00e9s. La publicamos en esta forma inicial para que todo el mundo tenga una oportunidad de interactuar con una porci\u00f3n del Nuevo Mensaje en un su propio idioma.<\/em><br \/>\n<\/div>\n\t\t\t\t<div align=\"right\">\n\t\t\t<div class=\"fb-like\" data-href=\"\" data-layout=\"button_count\" data-action=\"like\" data-show-faces=\"false\" data-share=\"false\"><\/div>\n\t\t\t<div class=\"fb-share-button\" data-layout=\"button_count\"> <\/div>\n\t\t\t<div class=\"fb_iframe_widget\"><a href=\"https:\/\/twitter.com\/godsnewmessage?ref_src=twsrc%5Etfw\" class=\"twitter-follow-button\" data-show-count=\"false\">Follow @godsnewmessage<\/a><script async src=\"https:\/\/platform.twitter.com\/widgets.js\" charset=\"utf-8\"><\/script><\/div>\n\t\t\t<\/div> <\/div> \n\n<p>La humanidad est\u00e1 prepar\u00e1ndose para la Comunidad Mayor. A\u00fan no lo sabe, por supuesto, pero esta es su fase de evoluci\u00f3n y todo el mundo est\u00e1 implicado. El hecho de que la humanidad no est\u00e1 preparada para las realidades del contacto con la vida inteligente en el universo es muy evidente, pero a un nivel m\u00e1s inconsciente la gente lo est\u00e1 anticipando, y por eso emerge en vuestras pel\u00edculas, en vuestros libros y en vuestra imaginaci\u00f3n. Hay ah\u00ed una semilla de verdad, una parte de verdad.<\/p>\n<p>Existe una raz\u00f3n por la que la gente no puede hablar de estas cosas en p\u00fablico, y es que hacerlo se ha desanimado en el discurso social. Que naves extranjeras est\u00e1n volando en vuestros cielos es una realidad innegable, y aun as\u00ed la gente no quiere pensar en ello. Y si piensan en ello, quieren verlo de una manera positiva \u2014pensando que est\u00e1 sucediendo algo maravilloso, pensando que ten\u00e9is visitantes y que estos est\u00e1n aqu\u00ed para ayudaros, guiaros y prepararos para enfrentar los dif\u00edciles desaf\u00edos que hoy est\u00e1n surgiendo en el mundo.<\/p>\n<p>Os est\u00e1is preparando para la Comunidad Mayor. Inconscientemente, quiz\u00e1 de manera irreflexiva e imprudente, os est\u00e1is preparando para la Comunidad Mayor. Ella est\u00e1 preparada para vosotros. Las razas que hoy est\u00e1n en el mundo est\u00e1n muy bien preparadas para su misi\u00f3n aqu\u00ed, una misi\u00f3n que poca gente en el mundo actual conoce y comprende.<\/p>\n<p>Es por eso que la Revelaci\u00f3n de Dios debe ahora revelaros estas cosas de la manera m\u00e1s clara posible, de forma que no pueda haber equivocaci\u00f3n, ni errores de juicio tr\u00e1gicos, ni malentendidos ni autoenga\u00f1o respecto a la Intervenci\u00f3n que hoy est\u00e1 sucediendo en el mundo.<\/p>\n<p>La riqueza del mundo est\u00e1 siendo despojada y arruinada, y la amenaza de que esto aumente ha tra\u00eddo aqu\u00ed a esta Intervenci\u00f3n. Tambi\u00e9n ha llegado porque la humanidad ha creado una infraestructura que estas razas pueden utilizar para s\u00ed mismas. Vosotros ten\u00e9is ahora una comunidad global, comunicaciones globales, un comercio global y los inicios de un gobierno global.<\/p>\n<p>Esta es una gran oportunidad para la Intervenci\u00f3n. Ellos deben actuar con rapidez antes de que la humanidad destruya los recursos del mundo, la riqueza que la Intervenci\u00f3n quiere tener para s\u00ed misma. Ellos tambi\u00e9n quieren actuar antes de que la humanidad se vuelva m\u00e1s poderosa, lo cual har\u00eda que la Intervenci\u00f3n fuera m\u00e1s dif\u00edcil de lograr.<\/p>\n<p>Es una situaci\u00f3n compleja, y para entenderla deb\u00e9is tener una educaci\u00f3n y una preparaci\u00f3n sobre la propia Comunidad Mayor de vida \u2014una realidad que es desconocida en el mundo\u2014. Es por eso que la Revelaci\u00f3n debe hablar tambi\u00e9n de estas cosas.<\/p>\n<p>Las tradiciones religiosas del mundo no se dieron para preparar a la humanidad para la Comunidad Mayor. Tampoco se dieron para preparar a la humanidad para un mundo en declive, un mundo de recursos menguantes y de creciente inestabilidad \u2014una comunidad global\u2014. Las antiguas ense\u00f1anzas no pueden preparar a la humanidad para lo que ahora est\u00e1 llegando y para los que se encuentran aqu\u00ed entre vosotros \u2014para por qu\u00e9 est\u00e1n aqu\u00ed y los medios que est\u00e1n utilizando para conseguir sus objetivos de persuasi\u00f3n y dominio\u2014. Estas cosas deben ser reveladas a una humanidad incauta y carente de preparaci\u00f3n.<\/p>\n<p>No pod\u00e9is detener la evoluci\u00f3n de la vida. Incluso la evoluci\u00f3n de la civilizaci\u00f3n debe continuar. Vais a tener que hacer frente a la Comunidad Mayor \u2014est\u00e9is listos o no, est\u00e9is dispuestos o no, est\u00e9is preparados o no\u2014. Si no est\u00e1is dispuestos ni preparados ni listos, entonces vuestra posici\u00f3n es extremadamente arriesgada y la familia humana est\u00e1 en peligro.<\/p>\n<p>Existen asuntos mayores que no son meramente para la gente en posiciones privilegiadas del gobierno, ni algo para que los fil\u00f3sofos o los te\u00f3logos lo consideren. Es la preocupaci\u00f3n y el centro de atenci\u00f3n de los ciudadanos del mundo. Si estos no est\u00e1n dispuestos a saber y no pueden responder, \u00bfqu\u00e9 puede hacer entonces cualquier gobierno?<\/p>\n<p>Por eso se est\u00e1 trayendo la Revelaci\u00f3n a los ciudadanos del mundo \u2014para alertaros, prepararos, fortaleceros y liberaros de las ilusiones y los malentendidos, de modo que pod\u00e1is afrontar la Comunidad Mayor con claridad, honestidad y objetividad\u2014. Porque no se trata realmente de un misterio; es solo una verdad que est\u00e1 ocult\u00e1ndose. Est\u00e1 siendo ocultada por los gobiernos del mundo. Est\u00e1 siendo ocultada por la Intervenci\u00f3n misma. Es parte de la naturaleza.<\/p>\n<p>Est\u00e1is encarando una competici\u00f3n de m\u00e1s all\u00e1 del mundo. Sus fuerzas no est\u00e1n aqu\u00ed para eliminar a la humanidad, sino para acorralarla y posicionarse en el mundo, pues no pueden vivir en este medioambiente y necesitan la asistencia humana. Es una situaci\u00f3n peligrosa.<\/p>\n<p>Al principio tendr\u00e9is miedo. Podr\u00edais hasta entrar en la negaci\u00f3n, pensando que no quer\u00e9is lidiar con cosas de esta naturaleza, pero esta es la evoluci\u00f3n de la vida. Para tener \u00e9xito deb\u00e9is responder. Es un gran desaf\u00edo y es uno peligroso, pero la humanidad es capaz de enfrentar este desaf\u00edo y superarlo. Las fuerzas presentes hoy d\u00eda en el mundo son peque\u00f1as. Ellas no pueden conquistar el mundo por la fuerza, porque en esta regi\u00f3n del espacio eso no se permite \u2014algo sobre lo que la humanidad nada sabe.<\/p>\n<p>Para comprender la Intervenci\u00f3n deb\u00e9is educaros sobre la propia Comunidad Mayor, y solo Dios puede educaros, porque incluso una raza extranjera no conoce el coraz\u00f3n y el alma de la humanidad. Incluso una raza extranjera beneficiosa, incluso aquellas pocas razas que son libres en esta regi\u00f3n del espacio y que vosotros podr\u00edais llamar \u201clos aliados de la humanidad\u201d, no podr\u00edan prepararos realmente y por completo para esto, porque ellas no conocen vuestro coraz\u00f3n y vuestra alma. No conocen vuestra historia. No son vuestra Fuente.<\/p>\n<p>Esta es una de las grandes realidades que deben encararse en este tiempo, una realidad que cambiar\u00e1 vuestra visi\u00f3n y perspectiva del mundo y os har\u00e1 comprender que el conflicto humano debe terminar y que la humanidad debe prepararse para las realidades, dificultades y oportunidades de la Comunidad Mayor.<\/p>\n<p>La Revelaci\u00f3n de Dios ha revelado c\u00f3mo puede hacerse esto y lo que significa, as\u00ed como las realidades y la espiritualidad de la propia Comunidad Mayor. Esto forma parte de vuestra supervivencia en un mundo radicalmente cambiante, porque la humanidad est\u00e1 emergiendo de su aislamiento en el universo, y nunca volver\u00e9is a tener este aislamiento de nuevo.<\/p>\n<p>La Intervenci\u00f3n est\u00e1 intent\u00e1ndose ahora, e incluso si esta es rechazada se intentar\u00e1 en el futuro, porque el mundo es un premio, y la humanidad no ha ganado plenamente la responsabilidad como guardiana de este mundo. No ha establecido un futuro sostenible, y esto abre oportunidades para la intervenci\u00f3n.<\/p>\n<p>No pens\u00e9is que sois muy importantes en el universo, que otras razas vendr\u00e1n aqu\u00ed para ayudaros y que estar\u00e1n absortas con vuestras maravillosas caracter\u00edsticas. No os enga\u00f1\u00e9is felicit\u00e1ndoos a vosotros mismos de este modo, porque necesit\u00e1is una aproximaci\u00f3n sobria, y no deb\u00e9is desanimaros ni perder la fe en la humanidad. La Intervenci\u00f3n intentar\u00e1 despojaros de vuestra confianza en vosotros mismos. Esto representa uno de sus medios de persuasi\u00f3n.<\/p>\n<p>Deb\u00e9is reconocer que la humanidad tiene un destino en el universo como una raza libre y autodeterminada, pero para alcanzarlo tendr\u00e9is que aprender Sabidur\u00eda y Conocimiento del universo, que solo Dios puede realmente ofreceros.<\/p>\n<p>Es por eso que la Nueva Revelaci\u00f3n est\u00e1 aqu\u00ed en parte para prepararos para la propia Comunidad Mayor. La Revelaci\u00f3n tambi\u00e9n est\u00e1 aqu\u00ed para prepararos para vivir en un mundo nuevo, un mundo de medioambientes cambiantes y de inestabilidad y agitaci\u00f3n pol\u00edtica y social.<\/p>\n<p>La Revelaci\u00f3n est\u00e1 aqu\u00ed para ense\u00f1aros sobre la espiritualidad al nivel del Conocimiento, siendo el Conocimiento la inteligencia mayor que Dios ha puesto dentro de cada persona. La Revelaci\u00f3n est\u00e1 aqu\u00ed para traeros Conocimiento y Sabidur\u00eda del universo, de modo que pod\u00e1is prepararos para la vida en el universo. Y la Revelaci\u00f3n est\u00e1 aqu\u00ed para ense\u00f1aros sobre la Presencia, el Plan y la Voluntad Divinas en el mundo. Revela la mayor verdad sobre estos asuntos y lo que significan para vosotros, vuestra vida y vuestro destino.<\/p>\n<p>Ten\u00e9is ahora la gran responsabilidad de responder a las condiciones cambiantes del mundo y a la emergencia de la humanidad a una Comunidad Mayor de vida. Ten\u00e9is la responsabilidad de aprender de la Comunidad Mayor, de prepararos para ella y de convertiros en una persona del mundo y no solo una persona de un grupo peque\u00f1o, de una tribu o de una naci\u00f3n. Porque el mundo est\u00e1 ahora en peligro a causa de la Intervenci\u00f3n.<\/p>\n<p>No dej\u00e9is que la identidad nacional os ciegue ante las mayores responsabilidades que ten\u00e9is aqu\u00ed. La preparaci\u00f3n debe compartirse, debe considerarse. El velo de secreto debe ser retirado. El velo de rid\u00edculo debe ser retirado. Esto debe ocurrir al nivel de los ciudadanos, porque no puede ocurrir solo al nivel de los gobiernos o los l\u00edderes.<\/p>\n<p>Est\u00e1is entrando en un mayor panorama de vida. No pod\u00e9is estar tonteando por ah\u00ed. No pod\u00e9is estar retransmitiendo al espacio vuestros conflictos, vuestras fantas\u00edas y vuestras absurdas interacciones. Deb\u00e9is aprender qui\u00e9n est\u00e1 volando en vuestros cielos, qui\u00e9n est\u00e1 tomando a vuestra gente contra su voluntad. Esto ahora no puede seguir siendo un oscuro secreto. Debe salir a la luz para que la gente pueda verlo y entenderlo claramente. Porque, como hemos dicho, no se trata de un misterio. Es una verdad oculta, oculta por muchas fuerzas.<\/p>\n<p>El individuo debe ver con claridad, sin ser dominado por las persuasiones de los gobiernos o las persuasiones y convenciones sociales. Para poder ser libre, esto debe ser as\u00ed. Para poder contribuir a un mundo emergente, esto debe ser as\u00ed. Para que vosotros mismos personalmente pod\u00e1is prepararos para la Comunidad Mayor \u2014un proceso que es sobre todo una preparaci\u00f3n interna\u2014, esto debe ser as\u00ed.<\/p>\n<p>Tal y como es ahora, la humanidad caer\u00e1 en manos de la Intervenci\u00f3n tarde o temprano, a menos que se haga un gran esfuerzo para resistirla y revelar su presencia y su prop\u00f3sito en el mundo. La Intervenci\u00f3n tiene sus representantes humanos, gente que ha tomado contra su voluntad y ha convertido a sus persuasiones.<\/p>\n<p>Esto no es diferente de lo que las naciones se hacen las unas a las otras para socavarse mutuamente, tomar del otro y acceder a la riqueza y los recursos del otro. Es solo que ahora est\u00e1 ocurriendo a un nivel m\u00e1s sofisticado y clandestino.<\/p>\n<p>El secreto debe ser revelado. Es evidente. No es algo ambiguo. Todas las razas extranjeras que est\u00e1n hoy presentes en el mundo son parte de la Intervenci\u00f3n. Los verdaderos aliados de la humanidad no intervendr\u00e1n en los asuntos humanos, porque si tuvieran que intervenir tendr\u00edan que controlar la percepci\u00f3n y el entendimiento humanos, lo cual es algo que como razas libres no van a hacer. Y existen otras razones por las que no van a intervenir, cosas que deb\u00e9is aprender mediante la Revelaci\u00f3n.<\/p>\n<p>Conscientemente o no, dispuestos o no, os est\u00e1is preparando para la Comunidad Mayor. Esta es una de las grandes necesidades de vuestro tiempo. Si las naciones entendieran estas cosas el conflicto humano acabar\u00eda. La vigilancia de los cielos ser\u00eda no solo un asunto de las agencias secretas del gobierno, sino una responsabilidad de la gente en todas partes. La toma de personas contra su voluntad ser\u00eda revelada y la Intervenci\u00f3n quedar\u00eda expuesta. La Intervenci\u00f3n se est\u00e1 apoyando en la sumisi\u00f3n y la ignorancia humanas. Si es expuesta, deber\u00e1 retirarse. Este es el poder que la humanidad podr\u00eda ejercer a su favor \u2014un poder que no se est\u00e1 ejerciendo ahora.<\/p>\n<p>La educaci\u00f3n para la Comunidad Mayor debe comenzar. Es tarde, queda poco tiempo y la situaci\u00f3n se vuelve m\u00e1s oscura y dif\u00edcil con cada d\u00eda que pasa.<\/p>\n<p>Fuisteis enviados al mundo para hacer frente a estas cosas. A pesar de vuestras preocupaciones personales, a pesar de vuestras preferencias, a pesar de vuestra condici\u00f3n personal, esta es la verdad de vuestra presencia en el mundo. No fuisteis enviados al mundo hace siglos, cuando aqu\u00ed no hab\u00eda una Intervenci\u00f3n. No fuisteis enviados al mundo hace cincuenta a\u00f1os, antes de que la Intervenci\u00f3n se manifestara verdaderamente. Este es vuestro tiempo y vuestro lugar. Este es el mundo que hab\u00e9is venido a servir. Si ignor\u00e1is esto, no encontrar\u00e9is vuestro verdadero prop\u00f3sito y contribuci\u00f3n en el mundo.<\/p>\n<p>Algunas personas tienen una conexi\u00f3n con la vida en el universo, pero todos deben encarar la intervenci\u00f3n. Todos deben comenzar a educarse sobre la Comunidad Mayor para que la humanidad pueda tener un futuro como una raza libre y autodeterminada.<\/p>\n<p>En el mundo actual hay competidores operando clandestinamente. \u00bfC\u00f3mo podr\u00edas entender esto sin la Revelaci\u00f3n? No pod\u00e9is prepararos por vuestra cuenta para la Comunidad Mayor, porque no sab\u00e9is para qu\u00e9 os est\u00e1is preparando, y la fantas\u00eda, la especulaci\u00f3n y la proyecci\u00f3n humana sobre la vida en el universo tienen muy poco que ver con las realidades que deb\u00e9is encarar.<\/p>\n<p>No retroced\u00e1is ante esto, porque esto es parte de vuestra llamada. Es parte de la educaci\u00f3n necesaria de vuestro tiempo. Esto es lo que os motivar\u00e1 a preservar el mundo, porque vuestra autosuficiencia en el mundo es extremadamente importante y es uno de los criterios necesarios para establecer la libertad y la autodeterminaci\u00f3n en el universo.<\/p>\n<p>La Revelaci\u00f3n est\u00e1 aportando la preparaci\u00f3n para la Comunidad Mayor, la \u00fanica preparaci\u00f3n de este tipo presente hoy d\u00eda en el mundo. El momento es cr\u00edtico. La necesidad es tremenda, aunque la mayor\u00eda de la gente sigue sin verla ni reconocerla.<\/p>\n<p>Tened coraje. Tened determinaci\u00f3n. Deb\u00e9is tener coraje y determinaci\u00f3n para prepararos para la Comunidad Mayor. Deb\u00e9is ser pacientes, porque se trata de una gran educaci\u00f3n. No puede definirse en unas pocas frases o con definiciones simples. No pod\u00e9is ser vagos y tontos ante un umbral de esta magnitud.<\/p>\n<p>Dios sabe lo que est\u00e1 llegando, y debe preparar a la humanidad, que no ve y no sabe. Es el desaf\u00edo de encarar el nuevo mundo, un mundo en declive, y el desaf\u00edo de encarar la Comunidad Mayor, que unir\u00e1 a la gente, la fortalecer\u00e1 y permitir\u00e1 a la humanidad superar sus antiguos conflictos y animosidades.<\/p>\n<p>Ten\u00e9is una necesidad com\u00fan. Esta es tan dominante que puede eclipsar todo lo dem\u00e1s. Este es el regalo del gran desaf\u00edo que est\u00e1is encarando \u2014si este desaf\u00edo puede ser comprendido, si la educaci\u00f3n sobre la Intervenci\u00f3n y la Comunidad Mayor puede ser presentada y compartida.<\/p>\n<p>Venid a esto, y saldr\u00e9is de los asuntos nimios de vuestra vida y vuestro propio sufrimiento por peque\u00f1as cosas. Ver\u00e9is la importancia de vuestra presencia en el mundo y por qu\u00e9 hab\u00e9is sido bendecidos y guiados para recibir la Nueva Revelaci\u00f3n.<\/p>\n<p>La humanidad tiene una gran promesa en el universo, pero para que esta promesa se cumpla la humanidad debe hacerse adulta. No puede ser como un adolescente. No puede ser tonta e indulgente consigo misma ante cosas mayores. Otras fuerzas est\u00e1n entre vosotros. Ahora tendr\u00e9is que lidiar con ellas, y hacerlo elevar\u00e1 a la humanidad, d\u00e1ndole una mayor fuerza y determinaci\u00f3n para el futuro.<\/p>\n","protected":false},"excerpt":{"rendered":"<p>La humanidad est\u00e1 prepar\u00e1ndose para la Comunidad Mayor. A\u00fan no lo sabe, por supuesto, pero esta es su fase de evoluci\u00f3n y todo el mundo est\u00e1 implicado. El hecho de que la humanidad no est\u00e1 preparada para las realidades del contacto con la vida inteligente en el universo es muy evidente, pero a un nivel\u2026 <a class=\"read-more\" href=\"https:\/\/www.v6.newmessage.org\/es\/about-text-shortcode\"><span>Read More<\/span><\/a><\/p>\n","protected":false},"author":32,"featured_media":0,"parent":16486,"menu_order":1,"comment_status":"closed","ping_status":"closed","template":"template-leftsidebar.php","meta":{"_monsterinsights_skip_tracking":false,"_monsterinsights_sitenote_active":false,"_monsterinsights_sitenote_note":"","_monsterinsights_sitenote_category":0,"footnotes":""},"categories":[110,76,118,30,464,460],"tags":[305],"_links":{"self":[{"href":"https:\/\/www.v6.newmessage.org\/es\/wp-json\/wp\/v2\/pages\/20865"}],"collection":[{"href":"https:\/\/www.v6.newmessage.org\/es\/wp-json\/wp\/v2\/pages"}],"about":[{"href":"https:\/\/www.v6.newmessage.org\/es\/wp-json\/wp\/v2\/types\/page"}],"author":[{"embeddable":true,"href":"https:\/\/www.v6.newmessage.org\/es\/wp-json\/wp\/v2\/users\/32"}],"replies":[{"embeddable":true,"href":"https:\/\/www.v6.newmessage.org\/es\/wp-json\/wp\/v2\/comments?post=20865"}],"version-history":[{"count":18,"href":"https:\/\/www.v6.newmessage.org\/es\/wp-json\/wp\/v2\/pages\/20865\/revisions"}],"predecessor-version":[{"id":28860,"href":"https:\/\/www.v6.newmessage.org\/es\/wp-json\/wp\/v2\/pages\/20865\/revisions\/28860"}],"up":[{"embeddable":true,"href":"https:\/\/www.v6.newmessage.org\/es\/wp-json\/wp\/v2\/pages\/16486"}],"wp:attachment":[{"href":"https:\/\/www.v6.newmessage.org\/es\/wp-json\/wp\/v2\/media?parent=20865"}],"wp:term":[{"taxonomy":"category","embeddable":true,"href":"https:\/\/www.v6.newmessage.org\/es\/wp-json\/wp\/v2\/categories?post=20865"},{"taxonomy":"post_tag","embeddable":true,"href":"https:\/\/www.v6.newmessage.org\/es\/wp-json\/wp\/v2\/tags?post=20865"}],"curies":[{"name":"wp","href":"https:\/\/api.w.org\/{rel}","templated":true}]}}