{"id":18695,"date":"2015-02-20T20:43:22","date_gmt":"2015-02-20T20:43:22","guid":{"rendered":"http:\/\/www.newmessage.org\/?page_id=18695"},"modified":"2019-07-09T17:21:26","modified_gmt":"2019-07-09T17:21:26","slug":"pobreza","status":"publish","type":"page","link":"https:\/\/www.v6.newmessage.org\/es\/el-mensaje\/otras-revelaciones\/pobreza","title":{"rendered":"Pobreza"},"content":{"rendered":"<div><!-- Version espa\u00f1ola 1.35 --><\/div>\n\n<div class=\"tabgroup \"><ul class=\"tabs\"><li><a href=\"#tabs-1\">Escucha<\/a><\/li>\n<li><a href=\"#tabs-2\">Nota<\/a><\/li><\/ul>\n <div id=\"tabs-1\"><br \/>\n<i>Como le fue revelado a<\/i><br \/>\n<i>Marshall Vian Summers<\/i><br \/>\n<i>el 10 de septiembre de 2014<\/i><br \/>\n<i>en Boulder, Colorado, Estados Unidos<\/i><\/p>\n<p>Texto original: <a href=\"https:\/\/www.newmessage.org\/the-message\/other-revelations\/poverty\">Poverty<\/a><\/p>\n<p>Escucha el audio original aqu\u00ed (en ingl\u00e9s):<\/p>\n<div id=\"jquery_jplayer_1\" class=\"jp-jplayer\"><\/div>\n\t\t\t\t<div id=\"jp_container_1\" class=\"jp-audio\">\n\t\t\t\t<div class=\"jp-type-single\"><div class=\"jp-control\"><a href=\"javascript:;\" class=\"jp-play\" tabindex=\"1\">play<\/a><a href=\"javascript:;\" class=\"jp-pause\" tabindex=\"1\">pause<\/a><\/div> <div class=\"jp-gui jp-interface\"><div class=\"jp-volume\"><div class=\"jp-volume-bar\"><div class=\"jp-volume-bar-value\"><\/div><\/div><\/div><div class=\"jp-progress\"><div class=\"jp-seek-bar\"><div class=\"jp-play-bar\"><\/div><\/div><\/div><\/div>\t\t\t\t\t<div class=\"jp-no-solution\"><span>Update Required<\/span>To play the media you will need to either update your browser to a recent version or update your <a href=\"http:\/\/get.adobe.com\/flashplayer\/\" target=\"_blank\">Flash plugin<\/a>.<\/div><\/div><\/div>\n\t\t\t<script type='text\/javascript'>\n\t\t\t\tjQuery(document).ready(function() {\n\t\t\t\t\tif (typeof (sermonMedia) == 'function') {\n\t\t\t\t\t\tsermonMedia.addAudio('', \"jquery_jplayer_1\");\n\t\t\t\t\t}\n\t\t\t\t\tjQuery.jPlayer.timeFormat.showHour = true;\n\t\t\t\t\tjQuery(\"#jquery_jplayer_1\").jPlayer({\n\t\t\t\t\t\tready: function(event) {\n\t\t\t\t\t\t\tjQuery(this).jPlayer(\"setMedia\", {mp3: 'https:\/\/www.newmessage.org\/av\/poverty.mp3'});\n\t\t\t\t\t\t},\n\t\t\t\t\t\tplay: function() {\n\t\t\t\t\t\t\tjQuery(this).jPlayer(\"pauseOthers\");\n\t\t\t\t\t\t},\n\t\t\t\t\t\tswfPath: ThemeData.directory_uri+\"\/swf\",\n\t\t\t\t\t\tsolution: \"html, flash\",\n\t\t\t\t\t\tpreload: \"metadata\",\n\t\t\t\t\t\twmode: \"window\",\n\t\t\t\t\t\tsupplied: \"mp3\",\n\t\t\t\t\t\tcssSelectorAncestor: '#jp_container_1'\n\t\t\t\t\t});\n\t\t\t\t});\n\t\t\t<\/script><\/p>\n<p><a title=\"Pobreza\" href=\"https:\/\/www.newmessage.org\/av\/poverty.mp3\">Descargar<\/a> (cliquea en el bot\u00f3n derecho y selecciona \u201cguardar enlace como\u201d)<\/p>\n<div class=\"toggle toggle-white\"><h4 class=\"trigger \"><span class=\"t_ico\"><\/span><a href=\"#\">M\u00e1s informaci\u00f3n sobre este texto<\/a><\/h4><div class=\"toggle_container \"><br \/>\n<p>Lo que est\u00e1s leyendo en este texto es la transcripci\u00f3n de la voz original de la Asamblea Ang\u00e9lica hablando a trav\u00e9s del Mensajero Marshall Vian Summers.<\/p>\n<p>Aqu\u00ed, la comunicaci\u00f3n original de Dios, que existe m\u00e1s all\u00e1 de las palabras, es traducida al lenguaje y el entendimiento humanos por la Asamblea Ang\u00e9lica que supervisa el mundo. La Asamblea despu\u00e9s entrega el Mensaje de Dios a trav\u00e9s del Mensajero, tras lo cual es transcrito y puesto a tu disposici\u00f3n y a disposici\u00f3n de todos.<\/p>\n<p>En este extraordinario proceso, la Voz de la Revelaci\u00f3n est\u00e1 hablando de nuevo. La Palabra y el Sonido est\u00e1n en el mundo. Que puedas ser el receptor de este regalo de Revelaci\u00f3n y puedas estar abierto a recibir su Mensaje \u00fanico para ti y para tu vida.<\/p>\n<br \/>\n<\/div><\/div><br \/>\n<\/div>\n<div id=\"tabs-2\"><br \/>\n<em>Nota a los lectores:<br \/>\nEsta traducci\u00f3n fue provista a la <\/em>Society<em> por estudiantes del Nuevo Mensaje que se han ofrecido voluntariamente a traducir el texto original en ingl\u00e9s. La publicamos en esta forma inicial para que todo el mundo tenga una oportunidad de interactuar con una porci\u00f3n del Nuevo Mensaje en un su propio idioma.<\/em><br \/>\n<\/div>\n\t\t\t\t<div align=\"right\">\n\t\t\t<div class=\"fb-like\" data-href=\"\" data-layout=\"button_count\" data-action=\"like\" data-show-faces=\"false\" data-share=\"false\"><\/div>\n\t\t\t<div class=\"fb-share-button\" data-layout=\"button_count\"> <\/div>\n\t\t\t<div class=\"fb_iframe_widget\"><a href=\"https:\/\/twitter.com\/godsnewmessage?ref_src=twsrc%5Etfw\" class=\"twitter-follow-button\" data-show-count=\"false\">Follow @godsnewmessage<\/a><script async src=\"https:\/\/platform.twitter.com\/widgets.js\" charset=\"utf-8\"><\/script><\/div>\n\t\t\t<\/div> <\/div> \n\n<p>La pobreza: la pobreza del alma, la pobreza del cuerpo, la pobreza del aislamiento, la pobreza de la disociaci\u00f3n de los dem\u00e1s. La pobreza toma muchas formas, algunas visibles, otras invisibles, algunas evidentes, otras no evidentes.<\/p>\n<p>Es la condici\u00f3n de vivir en Separaci\u00f3n. Porque la pobreza no es s\u00f3lo una condici\u00f3n de aquellos que tienen poco para sostenerse. Es la condici\u00f3n de vivir en Separaci\u00f3n.<\/p>\n<p>Hasta que puedas encontrar la mayor voz que Dios ha puesto dentro de ti para que la sigas, experimentar\u00e1s la pobreza. Incluso si tienes todas las cosas que materialmente necesitas, seguir\u00e1s siendo pobre. Incluso si vives en la opulencia, tu vida estar\u00e1 vac\u00eda, sin verdadero sentido ni direcci\u00f3n.<\/p>\n<p>Esta pobreza est\u00e1 generalizada y afecta a personas a todos los niveles del bienestar material. Desafortunadamente, para los ricos su pobreza queda ahora muy bien oculta, revestida con todas sus ambiciones, adquisiciones, indulgencias y fantas\u00edas, aparentando riqueza, comodidad y opulencia, cuando, en realidad, todo eso es una tapadera de la pobreza. Piensan que est\u00e1n bendecidos por Dios \u2014ellos que se han dotado a s\u00ed mismos a costa de los dem\u00e1s y que no devuelven lo suficiente al mundo.<\/p>\n<p>Pero Dios compadece a los ricos que no pueden encontrar el regalo que su relativa libertad proporcionar\u00eda. Ellos pueden ser m\u00e1s tr\u00e1gicos que los pobres, cuyas necesidades son evidentes y m\u00e1s f\u00e1ciles de satisfacer.<\/p>\n<p>Se trata de un viaje a la libertad en todos los sentidos, a todos los niveles de la sociedad, a todos los niveles del bienestar personal, a todos los niveles de riqueza. Porque muchos de los que han escapado de una pobreza miserable entrar\u00e1n despu\u00e9s en un \u00e1mbito de exploraci\u00f3n e indulgencia personal, de escape personal de la dureza de la vida. Ellos vivir\u00e1n en un mundo de adquisici\u00f3n, de b\u00fasqueda de romance, de fantas\u00eda y autoindulgencia.<\/p>\n<p>\u00bfQu\u00e9 ha hecho por ellos su riqueza y su reci\u00e9n descubierta prosperidad, sino profundizar su actual dilema? Porque ahora su pobreza est\u00e1 m\u00e1s oculta, aunque todav\u00eda les persigue. Ahora son menos capaces de estar consigo mismos y con los dem\u00e1s con una mente y un coraz\u00f3n abiertos, porque su pobreza permanece. Ahora han encontrado nuevas formas de escapar, intentando siempre huir de su experiencia esencial. Eso es pobreza.<\/p>\n<p>Los pueblos del mundo que no pueden encontrar refugio, alimentos, seguridad y sanidad necesitan todos ellos ayuda. Esto llama a los ricos a proveer a los pobres a ese nivel.<\/p>\n<p>No necesitas una segunda casa o un quinto coche o joyas, relojes y ropa cara cuando los que est\u00e1n ahora a tu cuidado se mueren de hambre y luchan por sobrevivir. Tu riqueza es ahora principalmente un recurso que devolver al mundo.<\/p>\n<p>Conc\u00e9dete unas pocas comodidades en una vida modesta. Conc\u00e9dete la libertad para explorar el verdadero significado de tu vida, ahora que no tienes que luchar diariamente por la supervivencia.<\/p>\n<p>Aprovecha esta oportunidad para recibir la Nueva Revelaci\u00f3n de Dios para el mundo, que amplificar\u00e1 todas las anteriores Revelaciones de Dios, las cuales \u2014individualmente y en conjunto\u2014 te llaman todas de vuelta a tu responsabilidad y prop\u00f3sito m\u00e1s profundos para estar en el mundo.<\/p>\n<p>Los ricos deben cuidar de los pobres, y los pobres deben ayudarse los unos a los otros tanto como puedan.<\/p>\n<p>No pienses que ganar\u00e1s el favor del Cielo si evitas esta responsabilidad. Particularmente para los ricos, esta es una gran responsabilidad.<\/p>\n<p>Podr\u00e1s hacer mucho bien en el mundo con lo que tienes, y esto restaurar\u00e1 tu integridad y tu dignidad. Te dar\u00e1 un sentido de valor y significado y la experiencia de que, en efecto, has sido enviado desde el Cielo para proveer estas cosas a una humanidad en dificultades.<\/p>\n<p>Todo el mundo est\u00e1 en el mismo gran barco llamado Tierra. Si una parte de la nave se deteriora, si parte de la tripulaci\u00f3n no es alimentada y sostenida, entonces todo el barco est\u00e1 amenazado.<\/p>\n<p>No puedes pensar simplemente como una persona regional o tener una identidad local, porque ahora dependes de cosas de todo el mundo. Y, con toda seguridad, la condici\u00f3n de las naciones lejanas a ti determinar\u00e1 como ser\u00e1 tu vida, tanto ahora como en los tiempos venideros.<\/p>\n<p>El camino a la libertad es el camino para salir de la pobreza. Al principio, trata de la libertad para tener comida, agua, vivienda, seguridad y sanidad, as\u00ed como la oportunidad de tener una educaci\u00f3n b\u00e1sica \u2014lo cual supone una gran meta para un gran porcentaje de la familia humana\u2014. Y en el futuro, ser\u00e1 un porcentaje de la familia humana a\u00fan mayor, a medida que las Grandes Olas de cambio lleguen al mundo, el gran cambio que pocas personas comprenden o pueden reconocer incluso hoy.<\/p>\n<p>Una vez que hayas satisfecho estos requerimientos suficientemente, podr\u00e1s ver c\u00f3mo tu educaci\u00f3n puede ayudarte a ser un verdadero contribuidor en el mundo y a usar parte de tu creciente riqueza para ayudar a otros y darles la oportunidad de alcanzar los requerimientos b\u00e1sicos de la vida.<\/p>\n<p>Debes comprender que la pobreza de la humanidad es, en gran parte, lo que mantiene a la humanidad primitiva y dividida y le priva del gran avance progresivo que necesitar\u00e1 en un mundo en declive \u2014en un mundo con escasez de recursos, meteorolog\u00eda violenta y convulsi\u00f3n econ\u00f3mica.<\/p>\n<p>Los grandes m\u00e9dicos, los grandes educadores, los grandes pol\u00edticos y los grandes servidores de la humanidad no pueden surgir de la pobreza extrema, porque est\u00e1n atrapados en ella, \u00bfte das cuenta?<\/p>\n<p>Existe el mismo problema con las mujeres en el mundo, la mayor\u00eda de las cuales se encuentran atrapadas en una serie de circunstancias dom\u00e9sticas de las que no pueden escapar. Ellas no avanzar\u00e1n ni progresar\u00e1n, y como consecuencia toda la familia humana sufrir\u00e1. La brillantez, la fuerza, el ingenio y la dedicaci\u00f3n a metas m\u00e1s altas y a mayores prop\u00f3sitos no se realizar\u00e1 si las personas no pueden escapar de esas condiciones.<\/p>\n<p>El futuro del mundo no puede dejarse en manos de unos pocos individuos ricos inspirados. Se requerir\u00e1 de un gran n\u00famero para evitar la desintegraci\u00f3n y el fracaso de la civilizaci\u00f3n humana.<\/p>\n<p>El dar tendr\u00e1 que crecer, pero quienes pueden dar deben primero recibir. Deben recibir los requerimientos b\u00e1sicos de la vida. M\u00e1s all\u00e1 de esto, deben recibir una mayor educaci\u00f3n. Y deben reconocer que el mundo no est\u00e1 aqu\u00ed simplemente para concederles todos sus placeres e indulgencias, sino para darles la oportunidad de hacer una verdadera diferencia, porque solo eso satisfar\u00e1 la necesidad m\u00e1s profunda del Alma.<\/p>\n<p>Si el Alma no se satisface, nada te satisfar\u00e1. Puedes ser due\u00f1o de todo lo que puedas mantener y m\u00e1s. Esto no te satisfar\u00e1. Siempre querr\u00e1s m\u00e1s, sin descanso, sin final, porque tu Alma no est\u00e1 satisfecha.<\/p>\n<p>Este es un vac\u00edo que no puedes llenar con cosas, o con romances, o con aventuras excitantes, o con experiencias sin fin en el mundo. Solo puede satisfacerse reconociendo la inteligencia m\u00e1s profunda que Dios te ha dado, la \u00fanica que puede darte la fuerza y \u200b\u200bel prop\u00f3sito para elevar tu vida y conducirte a una vida mayor de servicio y realizaci\u00f3n en el mundo.<\/p>\n<p>Solo puede satisfacerse volvi\u00e9ndote un contribuidor verdadero, en vez de ser simplemente una langosta sobre la tierra, devorando todo lo que est\u00e1 a la vista \u2014devorando recursos, devorando experiencias, devorando el paisaje, consumi\u00e9ndolo hoy todo, de forma que habr\u00e1 muy poco para ma\u00f1ana.<\/p>\n<p>No solo te sientes vac\u00edo, sino fundamentalmente culpable si esa es tu b\u00fasqueda, si ese es tu \u00e9nfasis en la vida \u2014la adquisici\u00f3n interminable.<\/p>\n<p>La culpa profunda est\u00e1 ah\u00ed porque no est\u00e1s viviendo realmente la vida que viniste a vivir aqu\u00ed. No est\u00e1s haciendo realmente lo que sabes que debes hacer. No est\u00e1s sirviendo a Aquellos que te enviaron aqu\u00ed.<\/p>\n<p>No te escondas tras la religi\u00f3n, pensando que creer en los edictos de tu religi\u00f3n te dar\u00e1 aprobaci\u00f3n ante los ojos del Cielo, porque Ellos est\u00e1n observando para ver lo que realmente har\u00e1s en el mundo, y, si has satisfecho los requerimientos b\u00e1sicos de la vida, cu\u00e1nto servir\u00e1s a otros y cu\u00e1nto ser\u00e1s aqu\u00ed una fuerza para el bien.<\/p>\n<p>A Ellos no les importan tus adquisiciones. Ni siquiera les importan tus creencias religiosas, si estas no pueden llevarte a un servicio y compasi\u00f3n mayores por los dem\u00e1s.<\/p>\n<p>Todav\u00eda sigues empobrecido, present\u00e1ndote como una persona rica, con tus s\u00edmbolos de poder y riqueza. Todos los ap\u00f3sitos de belleza y encanto que puedas adquirir y usar para adornarte no ocultar\u00e1n el hecho de que eres pobre y est\u00e1s fallando tu misi\u00f3n aqu\u00ed.<\/p>\n<p>La pobreza est\u00e1 en ti. Est\u00e1 por todo tu alrededor. Mira las caras de los ricos que viven con tanta seguridad en sus naciones, con acceso ilimitado a los alimentos y al agua y a la ayuda del gobierno. Mira sus rostros. \u00bfSon estos los rostros de personas inspiradas que viven con alegr\u00eda, prop\u00f3sito y significado?<\/p>\n<p>Mira los pobres que viven en harapos, que no tienen nada y ninguna promesa de tener nada. No les condenes. No pienses que es voluntad de Dios que ellos vivan en tales condiciones. No creas que es el resultado de sus experiencias en vidas pasadas. No creas que ellos se ganaron el derecho a ser pobres. Porque debes mirarlos con compasi\u00f3n e imaginar c\u00f3mo ser\u00eda vivir sus vidas.<\/p>\n<p>Si lo haces, dejar\u00e1s de quejarte de todas las cosas de las que te quejas hoy y empezar\u00e1s a tener en cuenta tus bendiciones, que son incluso m\u00e1s numerosas de lo que puedes suponer en este momento.<\/p>\n<p>La religi\u00f3n trata sobre el servicio. Trata sobre el cuidado de las personas. Trata de la curaci\u00f3n de las heridas. No trata de ganar poder o de hacer la guerra o de condenar a otros. Si tu religi\u00f3n no conduce a un servicio y compasi\u00f3n mayores, entonces est\u00e1s fallando a esa religi\u00f3n en lo esencial.<\/p>\n<p>Incluso si eres devoto y sigues todos los preceptos y las pr\u00e1cticas de tu fe, si esta no te est\u00e1 dando un mayor impulso hacia el servicio, la compasi\u00f3n y el perd\u00f3n, entonces est\u00e1s fallando a esa fe.<\/p>\n<p>El Cielo no est\u00e1 impresionado. Y cuanto m\u00e1s rico seas, mayor ser\u00e1 el fracaso. Porque tu riqueza es ahora un recurso para ayudar a los dem\u00e1s. Ese es su valor real; m\u00e1s all\u00e1 de darte un poco m\u00e1s de comodidad y libertad personal, la riqueza es para eso.<\/p>\n<p>Los ricos deber\u00edan ser los grandes benefactores de la vida, todos ellos, sin excepci\u00f3n \u2014alimentando a las personas, cuidando de las personas, asegurado las necesidades b\u00e1sicas de las personas y, m\u00e1s all\u00e1 de esto, la oportunidad para una mayor educaci\u00f3n y servicio.<\/p>\n<p>Usar la religi\u00f3n como pretexto para la guerra o para matar a otros es una abominaci\u00f3n. Si lo haces, est\u00e1s sirviendo aqu\u00ed a las fuerzas oscuras. Independientemente de lo que declares que es tu fe o de tu lealtad a sus escrituras, est\u00e1s sirviendo a las fuerzas oscuras.<\/p>\n<p>Nosotros hablamos hoy aqu\u00ed de lo que el Cielo valora. Pues lo que el Cielo valora no es lo que m\u00e1s valoran o quieren las personas, excepto unas pocas.<\/p>\n<p>Independientemente de d\u00f3nde est\u00e9s en la vida y tus circunstancias, tienes que detener la pobreza dentro de ti mismo. M\u00e1s all\u00e1 de la atender las necesidades b\u00e1sicas de la vida, tu vida debe tratar sobre el servicio y la contribuci\u00f3n.<\/p>\n<p>Esto lo haces por tu propia redenci\u00f3n. Lo haces por el bienestar de tu comunidad y tu naci\u00f3n. Pero tambi\u00e9n lo haces porque esto es lo que se requerir\u00e1 de los ciudadanos de todo el mundo para dar a la humanidad la resiliencia y la estabilidad necesarias para navegar por los dif\u00edciles tiempos venideros, para evitar que la civilizaci\u00f3n humana colapse cuando disminuyan los recursos y las cosechas comiencen a fallar.<\/p>\n<p>Haces esto por el mundo entero, a pesar de que tu servicio es local, inmediato y muy espec\u00edfico y no conlleva una gran gloria o reconocimiento.<\/p>\n<p>Esto es lo que restaurar\u00e1 tu val\u00eda ante ti mismo, tu sentido de integridad, tu inspiraci\u00f3n en la vida y tu alegr\u00eda \u2014disfrutando los beneficios de lo que tienes y la sensaci\u00f3n de significado que supone tu presencia aqu\u00ed en la Tierra, significado que solo puedes encontrar siguiendo lo que estamos d\u00e1ndote hoy aqu\u00ed.<\/p>\n<p>Si quieres agradar a Dios, alimenta a las personas, prot\u00e9gelas de las Grandes Olas de cambio, ed\u00facalas. Si quieres el apoyo del Cielo, adquiere entonces solo lo que realmente necesitas y no mucho m\u00e1s, y da el resto donde m\u00e1s se necesite. Tu coraz\u00f3n y el Conocimiento dentro de ti, el Conocimiento que Dios puso dentro de ti, te dirigir\u00e1 all\u00ed donde esto pueda darse con el mayor efecto.<\/p>\n<p>Esto te dar\u00e1 fuerza. Te dar\u00e1 prop\u00f3sito. Har\u00e1 tu vida resistente y eficaz. Te sacar\u00e1 de la depresi\u00f3n, la autocondena y la condena a los dem\u00e1s. Porque todas estas cosas no son m\u00e1s que manifestaciones de la pobreza, la pobreza profunda de la que hablamos.<\/p>\n<p>En tu coraz\u00f3n, sabes que viniste aqu\u00ed para un mayor prop\u00f3sito. En tu coraz\u00f3n, sabes que no est\u00e1s realmente viviendo la vida que has de vivir. En tu coraz\u00f3n, sabes que debes ser fiel a lo que es real y permanente dentro de ti.<\/p>\n<p>Debes enfrentar esto. Debes enfrentar esas cosas que te detienen, que te mantienen peque\u00f1o, d\u00e9bil y perdido en el mundo, esclavo de sus alicientes y seducciones, esclavo de tu propio miedo y tus impulsos. Debes enfrentar estas cosas, de lo contrario no ser\u00e1s capaz de superarlas.<\/p>\n<p>El Cielo te ha dado el poder del Conocimiento, el cual puede sacarte de este interminable laberinto de dificultades, pero debes aprender a reconocerlo entre las otras voces en tu mente. Debes aprender a sentirlo, a conocerlo y a confiar en \u00e9l lo suficiente para seguirlo y que pueda demostrarte su val\u00eda a trav\u00e9s del tiempo.<\/p>\n<p>Dios ha proporcionado los Pasos al Conocimiento, la gran Ense\u00f1anza sobre la redenci\u00f3n, y pr\u00e1cticas para ayudarte a alcanzarla, dadas en el lenguaje m\u00e1s sencillo posible y con mucha repetici\u00f3n y aclaraci\u00f3n. Pueden guiarte, llevarte y orientarte hacia ese mayor poder que Dios ha puesto dentro de ti, el \u00fanico que conoce tu destino y la direcci\u00f3n que debes seguir, la cual en este momento a\u00fan no puedes ver.<\/p>\n<p>Su objetivo es acabar con la pobreza dentro de ti y ayudar a acabar con la pobreza en los dem\u00e1s, no solo la pobreza f\u00edsica, sino la espiritual, porque esa es la ra\u00edz de todo sufrimiento humano \u2014para los ricos y para los pobres.<\/p>\n<p>Aqu\u00ed todos tienen un prop\u00f3sito com\u00fan. Aunque sus regalos sean para determinados lugares y personas, todos tienen un prop\u00f3sito com\u00fan, sean religiosos o no, sin importar de qu\u00e9 pa\u00eds o conjunto de circunstancias vengan.<\/p>\n<p>La restauraci\u00f3n debe suceder en un n\u00famero suficiente de personas, en ti. Enfrenta tu pobreza, y ello te dar\u00e1 el incentivo y la determinaci\u00f3n para proceder.<\/p>\n","protected":false},"excerpt":{"rendered":"<p>La pobreza: la pobreza del alma, la pobreza del cuerpo, la pobreza del aislamiento, la pobreza de la disociaci\u00f3n de los dem\u00e1s. La pobreza toma muchas formas, algunas visibles, otras invisibles, algunas evidentes, otras no evidentes. Es la condici\u00f3n de vivir en Separaci\u00f3n. Porque la pobreza no es s\u00f3lo una condici\u00f3n de aquellos que tienen\u2026 <a class=\"read-more\" href=\"https:\/\/www.v6.newmessage.org\/es\/about-text-shortcode\"><span>Read More<\/span><\/a><\/p>\n","protected":false},"author":31,"featured_media":0,"parent":16358,"menu_order":8,"comment_status":"closed","ping_status":"closed","template":"template-leftsidebar.php","meta":{"_monsterinsights_skip_tracking":false,"_monsterinsights_sitenote_active":false,"_monsterinsights_sitenote_note":"","_monsterinsights_sitenote_category":0,"footnotes":""},"categories":[501,76],"tags":[],"_links":{"self":[{"href":"https:\/\/www.v6.newmessage.org\/es\/wp-json\/wp\/v2\/pages\/18695"}],"collection":[{"href":"https:\/\/www.v6.newmessage.org\/es\/wp-json\/wp\/v2\/pages"}],"about":[{"href":"https:\/\/www.v6.newmessage.org\/es\/wp-json\/wp\/v2\/types\/page"}],"author":[{"embeddable":true,"href":"https:\/\/www.v6.newmessage.org\/es\/wp-json\/wp\/v2\/users\/31"}],"replies":[{"embeddable":true,"href":"https:\/\/www.v6.newmessage.org\/es\/wp-json\/wp\/v2\/comments?post=18695"}],"version-history":[{"count":10,"href":"https:\/\/www.v6.newmessage.org\/es\/wp-json\/wp\/v2\/pages\/18695\/revisions"}],"predecessor-version":[{"id":29529,"href":"https:\/\/www.v6.newmessage.org\/es\/wp-json\/wp\/v2\/pages\/18695\/revisions\/29529"}],"up":[{"embeddable":true,"href":"https:\/\/www.v6.newmessage.org\/es\/wp-json\/wp\/v2\/pages\/16358"}],"wp:attachment":[{"href":"https:\/\/www.v6.newmessage.org\/es\/wp-json\/wp\/v2\/media?parent=18695"}],"wp:term":[{"taxonomy":"category","embeddable":true,"href":"https:\/\/www.v6.newmessage.org\/es\/wp-json\/wp\/v2\/categories?post=18695"},{"taxonomy":"post_tag","embeddable":true,"href":"https:\/\/www.v6.newmessage.org\/es\/wp-json\/wp\/v2\/tags?post=18695"}],"curies":[{"name":"wp","href":"https:\/\/api.w.org\/{rel}","templated":true}]}}