{"id":16489,"date":"2014-10-29T23:51:33","date_gmt":"2014-10-29T23:51:33","guid":{"rendered":"http:\/\/www.newmessage.org\/?page_id=16489"},"modified":"2022-12-12T19:29:26","modified_gmt":"2022-12-12T19:29:26","slug":"el-nuevo-mensajero","status":"publish","type":"page","link":"https:\/\/www.v6.newmessage.org\/es\/el-mensaje\/volumen-1\/el-nuevo-mensajero","title":{"rendered":"El Nuevo Mensajero"},"content":{"rendered":"<p><em><a href=\"https:\/\/www.newmessage.org\/es\/wp-content\/uploads\/sites\/40\/2014\/10\/The-New-Messenger-ebook-cover.jpg\"><img loading=\"lazy\" decoding=\"async\" class=\"imgborder alignright wp-image-28579\" src=\"https:\/\/www.newmessage.org\/es\/wp-content\/uploads\/sites\/40\/2014\/10\/The-New-Messenger-ebook-cover-200x300.jpg\" alt=\"\" width=\"300\" height=\"450\" srcset=\"https:\/\/www.v6.newmessage.org\/es\/wp-content\/uploads\/sites\/40\/2014\/10\/The-New-Messenger-ebook-cover-200x300.jpg 200w, https:\/\/www.v6.newmessage.org\/es\/wp-content\/uploads\/sites\/40\/2014\/10\/The-New-Messenger-ebook-cover-400x600.jpg 400w, https:\/\/www.v6.newmessage.org\/es\/wp-content\/uploads\/sites\/40\/2014\/10\/The-New-Messenger-ebook-cover-500x750.jpg 500w, https:\/\/www.v6.newmessage.org\/es\/wp-content\/uploads\/sites\/40\/2014\/10\/The-New-Messenger-ebook-cover.jpg 600w\" sizes=\"(max-width: 300px) 100vw, 300px\" \/><\/a>El Nuevo Mensajero<\/em> es un libro de revelaci\u00f3n sobre el origen, el linaje y la misi\u00f3n de los Mensajeros de Dios, quienes, en diferentes momentos en la historia de la humanidad, han entrado en el mundo para recibir y presentar Nuevas Revelaciones para la humanidad.<\/p>\n<p>El Nuevo Mensaje ense\u00f1a que todos los anteriores Mensajeros de Dios fueron miembros de la Asamblea Ang\u00e9lica que supervisa este mundo. A lo largo de la historia y en respuesta a la Voluntad de Dios, esta Asamblea ha enviado al mundo a uno de los suyos en momentos y lugares espec\u00edficos para servir a las crecientes necesidades de la humanidad.<\/p>\n<p>La llegada de un Nuevo Mensajero representa el siguiente cap\u00edtulo en la Revelaci\u00f3n progresiva de la Voluntad y el Plan de Dios para la humanidad. Ahora Dios ha hablado de nuevo, revelando lo que nunca antes se ha revelado, hablando a trav\u00e9s de un Nuevo Mensajero, un hombre llamado <a href=\"\/el-mensajero\/quien-es-marshall-vian-summers\">Marshall Vian Summers<\/a>.<\/p>\n<p><em>El Nuevo Mensajero<\/em> contiene esas revelaciones de la Fuente que hablan del propio Mensajero. \u00bfQui\u00e9n es \u00e9l? \u00bfPor qu\u00e9 fue elegido? \u00bfC\u00f3mo puedes saber que es real y aut\u00e9ntico? \u00bfY c\u00f3mo est\u00e1 conectado con los Mensajeros del pasado?<\/p>\n<p>Estas son preguntas que todas las personas de buena fe podr\u00edan tener. Ahora Dios ha hablado de nuevo con una serie de revelaciones para elevar nuestro entendimiento de los Mensajeros de Dios, de su selecci\u00f3n, de su mayor identidad, de su relaci\u00f3n mutua y de la consecuencia de su aparici\u00f3n y emergencia en el mundo.<\/p>\n<p>Cada cap\u00edtulo de <em>El Nuevo Mensajero<\/em> es una revelaci\u00f3n individual dada por Dios a la humanidad. Aqu\u00ed tienes una oportunidad para entender verdaderamente al hombre, Marshall Vian Summers, que ha sido el receptor de m\u00e1s de 9000 p\u00e1ginas de revelaci\u00f3n del Nuevo Mensaje de Dios. <a href=\"\/el-mensaje\/volumen-1\/la-religion-pura\/la-voz-de-la-revelacion-voice-revelation\">La Voz de la Revelaci\u00f3n<\/a> contin\u00faa hablando a trav\u00e9s del Mensajero y la Palabra y el Sonido de la comunicaci\u00f3n de Dios est\u00e1n ahora escuch\u00e1ndose en el mundo. La Revelaci\u00f3n prosigue en la actualidad.<\/p>\n<p><em>El Nuevo Mensajero<\/em> es el tercer libro del <a href=\"\/el-mensaje\/volumen-1\">Volumen 1<\/a> del Nuevo Mensaje de Dios.<\/p>\n<p style=\"text-align: left\"><div class=\"toggle toggle-white\"><h4 class=\"trigger \"><span class=\"t_ico\"><\/span><a href=\"#\"> M\u00e1s informaci\u00f3n sobre los vol\u00famenes del Nuevo Mensaje de Dios<\/a><\/h4><div class=\"toggle_container \"><br \/>\n<div data-post-id='24520' class='insert-page insert-page-24520 '><p>El Nuevo Mensaje de Dios estar\u00e1 contenido en \u00faltima instancia en seis vol\u00famenes individuales. Cada volumen contendr\u00e1 dos o m\u00e1s libros y cada libro estar\u00e1 organizado en cap\u00edtulos.<\/p>\n<p>Por tanto, la futura estructura del Nuevo Mensaje podr\u00eda expresarse de esta manera:<\/p>\n<div id=\"attachment_24097\" style=\"width: 227px\" class=\"wp-caption alignright\"><a href=\"https:\/\/www.newmessage.org\/wp-content\/uploads\/2015\/08\/Volumes-Books-InfoGraphic.001.jpg\"><img loading=\"lazy\" decoding=\"async\" aria-describedby=\"caption-attachment-24097\" class=\"imgborder \" src=\"https:\/\/www.newmessage.org\/wp-content\/uploads\/2015\/08\/Volumes-Books-InfoGraphic.001.jpg\" alt=\"The New Message One Book\" width=\"217\" height=\"234\" \/><\/a><p id=\"caption-attachment-24097\" class=\"wp-caption-text\">Estructura del Nuevo Mensaje<\/p><\/div>\n<p><strong>Volumen &gt; Libro &gt; Cap\u00edtulo &gt; Vers\u00edculo.<br \/>\n<\/strong><\/p>\n<p>El Nuevo Mensaje de Dios contiene el mayor cuerpo de Revelaci\u00f3n que se ha dado nunca al mundo. Trata casi cada aspecto de nuestras vidas, mientras presenta nuevas realidades que nunca antes se hab\u00edan revelado. La Sociedad est\u00e1 tratando de hacer accesibles al mundo tantos libros y revelaciones habladas como sea posible.<\/p>\n<p>En la actualidad, La Sociedad es capaz de ofrecer un gran n\u00famero de las grabaciones originales de la Voz de la Revelaci\u00f3n. Aqu\u00ed se te invita a experimentar el poder y el misterio de la \u201cVoz\u201d tal y como habl\u00f3 originalmente a trav\u00e9s del Mensajero en un estado de Revelaci\u00f3n. Nunca antes hab\u00eda sido posible escuchar la Voz original de la Revelaci\u00f3n.<\/p>\n<p>La compilaci\u00f3n de todo el Nuevo Mensaje es un trabajo en curso que se est\u00e1 realizando a lo largo de un extenso periodo. Adem\u00e1s, la Revelaci\u00f3n contin\u00faa recibi\u00e9ndose hasta el d\u00eda de hoy, con nuevas ense\u00f1anzas cada a\u00f1o. Como resultado, es muy posible que la selecci\u00f3n de cap\u00edtulos en cada libro cambie y, con ella, los t\u00edtulos de los libros podr\u00edan cambiar tambi\u00e9n para reflejar el creciente alcance de cada libro. Est\u00e1s viviendo en un tiempo de Revelaci\u00f3n y contemplando el proceso de Revelaci\u00f3n despleg\u00e1ndose ante ti.<\/p>\n<p><strong>Libros en l\u00ednea (online)<\/strong><br \/>\nLa Sociedad est\u00e1 tratando de hacer que el Nuevo Mensaje est\u00e9 disponible gratuitamente y en l\u00ednea para el mundo. En la actualidad, varios libros del Nuevo Mensaje est\u00e1n disponibles gratis en www.nuevomensaje.org. Puedes explorar <a href=\"http:\/\/www.nuevomensaje.org\/el-mensaje\">la biblioteca de libros y revelaciones gratuitos en l\u00ednea<\/a>.<\/p>\n<p><strong>Libros impresos<\/strong><br \/>\nLa Sociedad ofrece actualmente algunos de los libros del Nuevo Mensaje en formato impreso (en ingl\u00e9s en casi todos los casos). Sin embargo, debido al inmenso tama\u00f1o del revelado Nuevo Mensaje, La Sociedad no puede todav\u00eda publicar en formato impreso los seis vol\u00famenes del Nuevo Mensaje. Para comprar una copia impresa de los libros del Nuevo Mensaje que est\u00e1n actualmente disponibles, por favor visita la tienda de la <a href=\"http:\/\/newknowledgelibrary.org\/\"><em>New Knowledge Library<\/em><\/a> (Biblioteca del Nuevo Conocimiento).<\/p>\n<p><strong>CDs y audio en mp3<\/strong><br \/>\nCiertas revelaciones relacionadas con el estudio en el Nuevo Mensaje est\u00e1n disponibles para comprarse en CD o como mp3 descargable. Debido a las realidades financieras que implica alcanzar al mundo entero con el Nuevo Mensaje, La Sociedad ofrece ciertas Ense\u00f1anzas a un precio modesto en la tienda de la <a href=\"http:\/\/newknowledgelibrary.org\/\"><em>New Knowledge Library<\/em><\/a> (Biblioteca del Nuevo Conocimiento).<\/p>\n<p><strong><em>The Free Book Project<\/em> (El Proyecto Libro Gratis)<\/strong><br \/>\nCon un mayor apoyo financiero, La Sociedad podr\u00e1 ofrecer m\u00e1s de estas ense\u00f1anzas de sabidur\u00eda gratis y en l\u00ednea. Adem\u00e1s, el <a href=\"https:\/\/www.newmessage.org\/the-message\/free-book-project\"><em>Free Book Project<\/em><\/a> de La Sociedad ofrece copias personales gratuitas de los libros y audios del Nuevo Mensaje a aquellos que carecen de recursos para comprarlos. <a href=\"http:\/\/www.nuevomensaje.org\/worldwide-community\/sobre-la-sociedad\/apoya-al-nuevo-mensaje\">Te invitamos a hacer un donativo<\/a> para sostener el Proyecto Libro Gratis, de manera que m\u00e1s y m\u00e1s personas en necesidad puedan tener acceso al Nuevo Mensaje de Dios.<\/p>\n<p><strong>Publicaciones futuras<\/strong><br \/>\nLa Sociedad continuar\u00e1 avanzando su visi\u00f3n de publicar la totalidad del Nuevo Mensaje de Dios, tanto sus libros como sus vol\u00famenes, y quiz\u00e1 un d\u00eda todo en un libro \u00fanico, llamado simplemente \u201cEl Nuevo Mensaje de Dios\u201d. Esta es una empresa enorme para la que La Sociedad necesita tu contribuci\u00f3n y participaci\u00f3n. Por favor, <a href=\"http:\/\/www.nuevomensaje.org\/worldwide-community\/sobre-la-sociedad\/apoya-al-nuevo-mensaje\">considera hacer un donativo o ser un Pilar del Nuevo Mensaje<\/a> para apoyar esta causa sagrada. Te damos las gracias por tu apoyo.<\/p>\n<\/div><br \/>\n<\/div><\/div>\n<div class=\"background-color-bridesmaid padding-20\">\n<h2 style=\"text-align: left\"><span style=\"color: #525252\">\u00cdndice<\/span><\/h2>\n<p><a href=\"\/es\/el-mensaje\/volumen-1\/el-nuevo-mensajero\/el-nuevo-mensajero-introduccion\">Introducci\u00f3n<\/a><\/p>\n<p>Cap\u00edtulo 1: <a href=\"\/es\/el-mensaje\/volumen-1\/el-nuevo-mensajero\/la-voluntad-del-cielo\">La Voluntad del Cielo<\/a><\/p>\n<p>Cap\u00edtulo 2: <a href=\"\/es\/el-mensaje\/volumen-1\/el-nuevo-mensajero\/el-origen-del-mensajero\">El origen del Mensajero<\/a><\/p>\n<p>Cap\u00edtulo 3: <a href=\"\/es\/el-mensaje\/volumen-1\/el-nuevo-mensajero\/el-linaje-del-mensajero\">El linaje del Mensajero<\/a><\/p>\n<p>Cap\u00edtulo 4: <a href=\"\/es\/el-mensaje\/volumen-1\/el-nuevo-mensajero\/la-historia-del-mensajero\">La historia del Mensajero<\/a><\/p>\n<p>Cap\u00edtulo 5: <a href=\"\/es\/el-mensaje\/volumen-1\/el-nuevo-mensajero\/los-requerimientos-del-mensajero\">Los requerimientos del Mensajero<\/a><\/p>\n<p>Cap\u00edtulo 6: <a href=\"\/es\/el-mensaje\/volumen-1\/el-nuevo-mensajero\/el-velo-del-mensajero\">El velo del Mensajero<\/a><\/p>\n<p>Cap\u00edtulo 7: <a href=\"\/es\/el-mensaje\/volumen-1\/el-nuevo-mensajero\/comprendiendo-al-nuevo-mensajero\">Comprendiendo al Nuevo Mensajero<\/a><\/p>\n<p>Cap\u00edtulo 8: <a href=\"\/es\/el-mensaje\/volumen-1\/el-nuevo-mensajero\/encarando-la-luz-de-la-revelacion\">Encarando la Luz de la Revelaci\u00f3n<\/a><\/p>\n<p>Cap\u00edtulo 9: <a href=\"\/es\/el-mensaje\/volumen-1\/el-nuevo-mensajero\/el-viaje-del-mensajero\">El viaje del Mensajero<\/a><\/p>\n<p>Cap\u00edtulo 10: <a href=\"\/es\/el-mensaje\/volumen-1\/el-nuevo-mensajero\/el-profeta\">El Profeta<\/a><\/p>\n<p>Cap\u00edtulo 11: <a href=\"\/es\/el-mensaje\/volumen-1\/el-nuevo-mensajero\/la-consecuencia-de-la-revelacion\">La consecuencia de la Revelaci\u00f3n<\/a><\/p>\n<p>Cap\u00edtulo 12: <a href=\"\/es\/el-mensaje\/volumen-1\/el-nuevo-mensajero\/la-llamada-del-mensajero\">La Llamada del Mensajero<\/a><\/p>\n<p>Cap\u00edtulo 13: <a href=\"\/es\/el-mensaje\/volumen-1\/el-nuevo-mensajero\/caminando-con-el-mensajero\">Caminando con el Mensajero<\/a><\/p>\n<\/div>\n","protected":false},"excerpt":{"rendered":"<p>El Nuevo Mensajero es un libro de revelaci\u00f3n sobre el origen, el linaje y la misi\u00f3n de los Mensajeros de Dios, quienes, en diferentes momentos en la historia de la humanidad, han entrado en el mundo para recibir y presentar Nuevas Revelaciones para la humanidad. El Nuevo Mensaje ense\u00f1a que todos los anteriores Mensajeros de\u2026 <a class=\"read-more\" href=\"https:\/\/www.v6.newmessage.org\/es\/more-about-the-volumes\"><span>Read More<\/span><\/a><\/p>\n","protected":false},"author":1,"featured_media":0,"parent":16287,"menu_order":3,"comment_status":"closed","ping_status":"closed","template":"template-leftsidebar.php","meta":{"_monsterinsights_skip_tracking":false,"_monsterinsights_sitenote_active":false,"_monsterinsights_sitenote_note":"","_monsterinsights_sitenote_category":0,"footnotes":""},"categories":[465,460],"tags":[642],"_links":{"self":[{"href":"https:\/\/www.v6.newmessage.org\/es\/wp-json\/wp\/v2\/pages\/16489"}],"collection":[{"href":"https:\/\/www.v6.newmessage.org\/es\/wp-json\/wp\/v2\/pages"}],"about":[{"href":"https:\/\/www.v6.newmessage.org\/es\/wp-json\/wp\/v2\/types\/page"}],"author":[{"embeddable":true,"href":"https:\/\/www.v6.newmessage.org\/es\/wp-json\/wp\/v2\/users\/1"}],"replies":[{"embeddable":true,"href":"https:\/\/www.v6.newmessage.org\/es\/wp-json\/wp\/v2\/comments?post=16489"}],"version-history":[{"count":47,"href":"https:\/\/www.v6.newmessage.org\/es\/wp-json\/wp\/v2\/pages\/16489\/revisions"}],"predecessor-version":[{"id":30341,"href":"https:\/\/www.v6.newmessage.org\/es\/wp-json\/wp\/v2\/pages\/16489\/revisions\/30341"}],"up":[{"embeddable":true,"href":"https:\/\/www.v6.newmessage.org\/es\/wp-json\/wp\/v2\/pages\/16287"}],"wp:attachment":[{"href":"https:\/\/www.v6.newmessage.org\/es\/wp-json\/wp\/v2\/media?parent=16489"}],"wp:term":[{"taxonomy":"category","embeddable":true,"href":"https:\/\/www.v6.newmessage.org\/es\/wp-json\/wp\/v2\/categories?post=16489"},{"taxonomy":"post_tag","embeddable":true,"href":"https:\/\/www.v6.newmessage.org\/es\/wp-json\/wp\/v2\/tags?post=16489"}],"curies":[{"name":"wp","href":"https:\/\/api.w.org\/{rel}","templated":true}]}}