{"id":16486,"date":"2014-10-29T23:48:58","date_gmt":"2014-10-29T23:48:58","guid":{"rendered":"http:\/\/www.newmessage.org\/?page_id=16486"},"modified":"2022-12-12T19:31:58","modified_gmt":"2022-12-12T19:31:58","slug":"la-comunidad-mayor","status":"publish","type":"page","link":"https:\/\/www.v6.newmessage.org\/es\/el-mensaje\/volumen-1\/la-comunidad-mayor","title":{"rendered":"La Comunidad Mayor"},"content":{"rendered":"<p><img decoding=\"async\" class=\"alignright size-large wp-image-32642 imgborder\" src=\"https:\/\/www.newmessage.org\/es\/wp-content\/uploads\/sites\/40\/2020\/04\/TGC-front-cover-es.jpeg\" alt=\"The Greater Community UFOs Alien Contact\" \/><br \/>\nNuestro mundo est\u00e1 emergiendo a una Comunidad Mayor de vida inteligente en el universo.<\/p>\n<p>La humanidad est\u00e1 emergiendo a una Comunidad Mayor de mundos. El contacto ha comenzado, poniendo fin a nuestro aislamiento en el universo. Este es el mayor evento de la historia humana, pero no estamos conscientes ni preparados.<\/p>\n<p>La humanidad ha alcanzado un umbral cr\u00edtico en su evoluci\u00f3n, un tiempo de convergencia en el que enormes fuerzas pol\u00edticas, sociales y medioambientales confluyen con una realidad que cambiar\u00e1 el mundo: la realidad del contacto extraterrestre.<\/p>\n<p><em>La Comunidad Mayor<\/em> presenta una revolucionaria serie de ense\u00f1anzas a fin de preparar a la gente de todas partes para el gran cambio que ahora est\u00e1 marcha, as\u00ed como para proveer la verdad clara e incorrupta sobre la realidad del contacto que est\u00e1 sucediendo en el mundo actual.<\/p>\n<p><em>La Comunidad Mayor<\/em> revela:<\/p>\n<p>\u2013 Qui\u00e9nes est\u00e1n visitando nuestro mundo, por qu\u00e9 est\u00e1n aqu\u00ed y qu\u00e9 quieren<br \/>\n\u2013 Los planes extraterrestres que operan en el mundo y c\u00f3mo est\u00e1n afectando a la gente de todas partes<br \/>\n\u2013 Qui\u00e9nes son los verdaderos aliados de la humanidad y en qu\u00e9 sentido son diferentes de las fuerzas que est\u00e1n interviniendo en nuestro mundo.<br \/>\n\u2013 La relaci\u00f3n entre nuestra espiritualidad esencial y el contacto con otras formas de vida inteligente<br \/>\n\u2013 C\u00f3mo prepararnos para la realidad del contacto usando el poder innato del Conocimiento que vive en nuestro interior<\/p>\n<p>El contacto con la vida inteligente en el universo es un fen\u00f3meno mundial como ning\u00fan otro. Representa el siguiente gran paso en el desarrollo y la evoluci\u00f3n de la familia humana. No puede detenerse. Es inevitable. Est\u00e1 sucediendo ahora. Y hay personas por todo el mundo que saben que es cierto, que la vida extraterrestre es una realidad y que no estamos solos en el universo, ni siquiera en nuestro propio mundo.<\/p>\n<p>Este libro est\u00e1 aqu\u00ed para ofrecerte una imagen completa y una mayor perspectiva sobre la situaci\u00f3n de nuestro mundo, sobre la realidad del contacto y sobre el mayor significado de tu vida en este punto de inflexi\u00f3n crucial en la historia.<\/p>\n<p>Las revelaciones que aqu\u00ed se presentan han sido compiladas en este libro por el Mensajero <a href=\"\/el-mensajero\/quien-es-marshall-vian-summers\">Marshall Vian Summers<\/a>. En el libro <em><a href=\"\/el-mensaje\/volumen-4\/la-vida-en-el-universo\">La Vida en el Universo<\/a><\/em> y muchos otros textos de todo el Nuevo Mensaje se presentan revelaciones y profec\u00edas adicionales sobre la Comunidad Mayor.<\/p>\n<p><em>La Comunidad Mayor<\/em> es el cuarto libro del <a href=\"\/el-mensaje\/volumen-1\">Volumen 1<\/a> del Nuevo Mensaje de Dios.<\/p>\n<p style=\"text-align: left\"><div class=\"toggle toggle-white\"><h4 class=\"trigger \"><span class=\"t_ico\"><\/span><a href=\"#\">M\u00e1s informaci\u00f3n sobre los vol\u00famenes del Nuevo Mensaje de Dios<\/a><\/h4><div class=\"toggle_container \"><br \/>\n<div data-post-id='24520' class='insert-page insert-page-24520 '><p>El Nuevo Mensaje de Dios estar\u00e1 contenido en \u00faltima instancia en seis vol\u00famenes individuales. Cada volumen contendr\u00e1 dos o m\u00e1s libros y cada libro estar\u00e1 organizado en cap\u00edtulos.<\/p>\n<p>Por tanto, la futura estructura del Nuevo Mensaje podr\u00eda expresarse de esta manera:<\/p>\n<div id=\"attachment_24097\" style=\"width: 227px\" class=\"wp-caption alignright\"><a href=\"https:\/\/www.newmessage.org\/wp-content\/uploads\/2015\/08\/Volumes-Books-InfoGraphic.001.jpg\"><img loading=\"lazy\" decoding=\"async\" aria-describedby=\"caption-attachment-24097\" class=\"imgborder \" src=\"https:\/\/www.newmessage.org\/wp-content\/uploads\/2015\/08\/Volumes-Books-InfoGraphic.001.jpg\" alt=\"The New Message One Book\" width=\"217\" height=\"234\" \/><\/a><p id=\"caption-attachment-24097\" class=\"wp-caption-text\">Estructura del Nuevo Mensaje<\/p><\/div>\n<p><strong>Volumen &gt; Libro &gt; Cap\u00edtulo &gt; Vers\u00edculo.<br \/>\n<\/strong><\/p>\n<p>El Nuevo Mensaje de Dios contiene el mayor cuerpo de Revelaci\u00f3n que se ha dado nunca al mundo. Trata casi cada aspecto de nuestras vidas, mientras presenta nuevas realidades que nunca antes se hab\u00edan revelado. La Sociedad est\u00e1 tratando de hacer accesibles al mundo tantos libros y revelaciones habladas como sea posible.<\/p>\n<p>En la actualidad, La Sociedad es capaz de ofrecer un gran n\u00famero de las grabaciones originales de la Voz de la Revelaci\u00f3n. Aqu\u00ed se te invita a experimentar el poder y el misterio de la \u201cVoz\u201d tal y como habl\u00f3 originalmente a trav\u00e9s del Mensajero en un estado de Revelaci\u00f3n. Nunca antes hab\u00eda sido posible escuchar la Voz original de la Revelaci\u00f3n.<\/p>\n<p>La compilaci\u00f3n de todo el Nuevo Mensaje es un trabajo en curso que se est\u00e1 realizando a lo largo de un extenso periodo. Adem\u00e1s, la Revelaci\u00f3n contin\u00faa recibi\u00e9ndose hasta el d\u00eda de hoy, con nuevas ense\u00f1anzas cada a\u00f1o. Como resultado, es muy posible que la selecci\u00f3n de cap\u00edtulos en cada libro cambie y, con ella, los t\u00edtulos de los libros podr\u00edan cambiar tambi\u00e9n para reflejar el creciente alcance de cada libro. Est\u00e1s viviendo en un tiempo de Revelaci\u00f3n y contemplando el proceso de Revelaci\u00f3n despleg\u00e1ndose ante ti.<\/p>\n<p><strong>Libros en l\u00ednea (online)<\/strong><br \/>\nLa Sociedad est\u00e1 tratando de hacer que el Nuevo Mensaje est\u00e9 disponible gratuitamente y en l\u00ednea para el mundo. En la actualidad, varios libros del Nuevo Mensaje est\u00e1n disponibles gratis en www.nuevomensaje.org. Puedes explorar <a href=\"http:\/\/www.nuevomensaje.org\/el-mensaje\">la biblioteca de libros y revelaciones gratuitos en l\u00ednea<\/a>.<\/p>\n<p><strong>Libros impresos<\/strong><br \/>\nLa Sociedad ofrece actualmente algunos de los libros del Nuevo Mensaje en formato impreso (en ingl\u00e9s en casi todos los casos). Sin embargo, debido al inmenso tama\u00f1o del revelado Nuevo Mensaje, La Sociedad no puede todav\u00eda publicar en formato impreso los seis vol\u00famenes del Nuevo Mensaje. Para comprar una copia impresa de los libros del Nuevo Mensaje que est\u00e1n actualmente disponibles, por favor visita la tienda de la <a href=\"http:\/\/newknowledgelibrary.org\/\"><em>New Knowledge Library<\/em><\/a> (Biblioteca del Nuevo Conocimiento).<\/p>\n<p><strong>CDs y audio en mp3<\/strong><br \/>\nCiertas revelaciones relacionadas con el estudio en el Nuevo Mensaje est\u00e1n disponibles para comprarse en CD o como mp3 descargable. Debido a las realidades financieras que implica alcanzar al mundo entero con el Nuevo Mensaje, La Sociedad ofrece ciertas Ense\u00f1anzas a un precio modesto en la tienda de la <a href=\"http:\/\/newknowledgelibrary.org\/\"><em>New Knowledge Library<\/em><\/a> (Biblioteca del Nuevo Conocimiento).<\/p>\n<p><strong><em>The Free Book Project<\/em> (El Proyecto Libro Gratis)<\/strong><br \/>\nCon un mayor apoyo financiero, La Sociedad podr\u00e1 ofrecer m\u00e1s de estas ense\u00f1anzas de sabidur\u00eda gratis y en l\u00ednea. Adem\u00e1s, el <a href=\"https:\/\/www.newmessage.org\/the-message\/free-book-project\"><em>Free Book Project<\/em><\/a> de La Sociedad ofrece copias personales gratuitas de los libros y audios del Nuevo Mensaje a aquellos que carecen de recursos para comprarlos. <a href=\"http:\/\/www.nuevomensaje.org\/worldwide-community\/sobre-la-sociedad\/apoya-al-nuevo-mensaje\">Te invitamos a hacer un donativo<\/a> para sostener el Proyecto Libro Gratis, de manera que m\u00e1s y m\u00e1s personas en necesidad puedan tener acceso al Nuevo Mensaje de Dios.<\/p>\n<p><strong>Publicaciones futuras<\/strong><br \/>\nLa Sociedad continuar\u00e1 avanzando su visi\u00f3n de publicar la totalidad del Nuevo Mensaje de Dios, tanto sus libros como sus vol\u00famenes, y quiz\u00e1 un d\u00eda todo en un libro \u00fanico, llamado simplemente \u201cEl Nuevo Mensaje de Dios\u201d. Esta es una empresa enorme para la que La Sociedad necesita tu contribuci\u00f3n y participaci\u00f3n. Por favor, <a href=\"http:\/\/www.nuevomensaje.org\/worldwide-community\/sobre-la-sociedad\/apoya-al-nuevo-mensaje\">considera hacer un donativo o ser un Pilar del Nuevo Mensaje<\/a> para apoyar esta causa sagrada. Te damos las gracias por tu apoyo.<\/p>\n<\/div><br \/>\n<\/div><\/div>\n<div class=\"background-color-bridesmaid padding-20\">\n<h2 style=\"text-align: left\"><span style=\"color: #525252\">\u00cdndice<\/span><\/h2>\n<p><a href=\"\/es\/el-mensaje\/volumen-1\/la-comunidad-mayor\/la-comunidad-mayor-introduccion\">Introducci\u00f3n<\/a><\/p>\n<p>Cap\u00edtulo 1: <a title=\"La emergencia de la humanidad a la Comunidad Mayor\" href=\"\/es\/el-mensaje\/volumen-1\/la-comunidad-mayor\/la-emergencia-de-la-humanidad-la-comunidad-mayor\">La emergencia de la humanidad a la Comunidad Mayor<\/a><\/p>\n<p>Cap\u00edtulo 2: <a title=\"Contacto con la vida inteligente en el universo\" href=\"\/es\/el-mensaje\/volumen-1\/la-comunidad-mayor\/contacto-con-la-vida-inteligente-en-el-universo\">Contacto con la vida inteligente en el universo<\/a><\/p>\n<p>Cap\u00edtulo 3: <a title=\"Enfrentar la Comunidad Mayor\" href=\"\/es\/el-mensaje\/volumen-1\/la-comunidad-mayor\/enfrentar-la-comunidad-mayor\">Enfrentar la Comunidad Mayor<\/a><\/p>\n<p>Cap\u00edtulo 4: <a title=\"Entrando en la Comunidad Mayor\" href=\"\/es\/el-mensaje\/volumen-1\/la-comunidad-mayor\/entrando-en-la-comunidad-mayor\">Entrando en la Comunidad Mayor<\/a><\/p>\n<p>Cap\u00edtulo 5: <a title=\"\u00bfQui\u00e9nes son los Aliados de la Humanidad?\" href=\"\/es\/el-mensaje\/volumen-1\/la-comunidad-mayor\/quienes-son-los-aliados-de-la-humanidad\">\u00bfQui\u00e9nes son los Aliados de la Humanidad?<\/a><\/p>\n<p>Cap\u00edtulo 6:\u00a0<a title=\"Los enemigos de la humanidad\" href=\"\/es\/el-mensaje\/volumen-1\/la-comunidad-mayor\/los-enemigos-de-la-humanidad\">Los enemigos de la humanidad<\/a><\/p>\n<p>Cap\u00edtulo 7: <a title=\"l destino de la humanidad en la Comunidad Mayor\" href=\"\/es\/el-mensaje\/volumen-1\/la-comunidad-mayor\/el-destino-de-la-humanidad-en-la-comunidad-mayor\">El destino de la humanidad en la Comunidad Mayor<\/a><\/p>\n<p>Cap\u00edtulo 8: <a title=\"Prepar\u00e1ndose para la Comunidad Mayor\" href=\"\/es\/el-mensaje\/volumen-1\/la-comunidad-mayor\/preparandose-para-la-comunidad-mayor\">Prepar\u00e1ndose para la Comunidad Mayor<\/a><\/p>\n<p>Cap\u00edtulo 9: <a title=\"Proteger el mundo\" href=\"\/es\/el-mensaje\/volumen-1\/la-comunidad-mayor\/el-nuevo-mensaje-sobre-el-medioambiente\">Proteger el mundo<\/a><\/p>\n<p>Cap\u00edtulo 10: <a title=\"La importancia de la Comunidad Mayor\" href=\"\/es\/el-mensaje\/volumen-1\/la-comunidad-mayor\/la-importancia-de-la-comunidad-mayor\">La importancia de la Comunidad Mayor<\/a><\/p>\n<p>Cap\u00edtulo 11: <a title=\"La Nueva Revelaci\u00f3n\" href=\"\/es\/el-mensaje\/volumen-1\/la-comunidad-mayor\/la-nueva-revelacion\">La Nueva Revelaci\u00f3n<\/a><\/p>\n<\/div>\n","protected":false},"excerpt":{"rendered":"<p>Nuestro mundo est\u00e1 emergiendo a una Comunidad Mayor de vida inteligente en el universo. La humanidad est\u00e1 emergiendo a una Comunidad Mayor de mundos. El contacto ha comenzado, poniendo fin a nuestro aislamiento en el universo. Este es el mayor evento de la historia humana, pero no estamos conscientes ni preparados. La humanidad ha alcanzado\u2026 <a class=\"read-more\" href=\"https:\/\/www.v6.newmessage.org\/es\/more-about-the-volumes\"><span>Read More<\/span><\/a><\/p>\n","protected":false},"author":1,"featured_media":0,"parent":16287,"menu_order":4,"comment_status":"closed","ping_status":"closed","template":"template-leftsidebar.php","meta":{"_monsterinsights_skip_tracking":false,"_monsterinsights_sitenote_active":false,"_monsterinsights_sitenote_note":"","_monsterinsights_sitenote_category":0,"footnotes":""},"categories":[464,460],"tags":[638,637],"_links":{"self":[{"href":"https:\/\/www.v6.newmessage.org\/es\/wp-json\/wp\/v2\/pages\/16486"}],"collection":[{"href":"https:\/\/www.v6.newmessage.org\/es\/wp-json\/wp\/v2\/pages"}],"about":[{"href":"https:\/\/www.v6.newmessage.org\/es\/wp-json\/wp\/v2\/types\/page"}],"author":[{"embeddable":true,"href":"https:\/\/www.v6.newmessage.org\/es\/wp-json\/wp\/v2\/users\/1"}],"replies":[{"embeddable":true,"href":"https:\/\/www.v6.newmessage.org\/es\/wp-json\/wp\/v2\/comments?post=16486"}],"version-history":[{"count":74,"href":"https:\/\/www.v6.newmessage.org\/es\/wp-json\/wp\/v2\/pages\/16486\/revisions"}],"predecessor-version":[{"id":30342,"href":"https:\/\/www.v6.newmessage.org\/es\/wp-json\/wp\/v2\/pages\/16486\/revisions\/30342"}],"up":[{"embeddable":true,"href":"https:\/\/www.v6.newmessage.org\/es\/wp-json\/wp\/v2\/pages\/16287"}],"wp:attachment":[{"href":"https:\/\/www.v6.newmessage.org\/es\/wp-json\/wp\/v2\/media?parent=16486"}],"wp:term":[{"taxonomy":"category","embeddable":true,"href":"https:\/\/www.v6.newmessage.org\/es\/wp-json\/wp\/v2\/categories?post=16486"},{"taxonomy":"post_tag","embeddable":true,"href":"https:\/\/www.v6.newmessage.org\/es\/wp-json\/wp\/v2\/tags?post=16486"}],"curies":[{"name":"wp","href":"https:\/\/api.w.org\/{rel}","templated":true}]}}