{"id":16482,"date":"2014-10-29T23:47:55","date_gmt":"2014-10-29T23:47:55","guid":{"rendered":"http:\/\/www.newmessage.org\/?page_id=16482"},"modified":"2022-12-13T18:01:24","modified_gmt":"2022-12-13T18:01:24","slug":"el-nuevo-mundo","status":"publish","type":"page","link":"https:\/\/www.v6.newmessage.org\/es\/el-mensaje\/volumen-1\/el-nuevo-mundo","title":{"rendered":"El Nuevo Mundo"},"content":{"rendered":"<p><em><img loading=\"lazy\" decoding=\"async\" class=\"imgborder alignright wp-image-29771\" src=\"https:\/\/www.newmessage.org\/es\/wp-content\/uploads\/sites\/40\/2020\/05\/TNW-front-cover-es.jpeg\" alt=\"\" width=\"300\" height=\"450\" \/>El Nuevo Mundo<\/em> revela una advertencia del gran cambio que est\u00e1 llegando a nuestro mundo y una visi\u00f3n prof\u00e9tica de un mundo futuro para el que debemos prepararnos.<\/p>\n<p><em>El Nuevo Mundo<\/em> es una advertencia de Dios sobre el r\u00e1pido agotamiento y degradaci\u00f3n de la Tierra \u2014de su clima y su medio ambiente\u2014 por parte de la humanidad y sobre las acciones urgentes que debemos emprender, tanto a nivel individual como colectivo, para restaurar nuestro planeta y prepararnos para la condici\u00f3n de un nuevo mundo en el futuro.<\/p>\n<p>Este libro revela el grave aprieto de la humanidad y las causas m\u00e1s profundas de una tragedia global de conflicto, pobreza y opresi\u00f3n que ahora se est\u00e1 extendiendo por todo el mundo. Con esto, presenta el Plan de Dios para el mundo y lo que puede salvar a la humanidad seg\u00fan esta enfrenta sus mayores pruebas en el futuro.<\/p>\n<p><em>El Nuevo Mundo<\/em> es el preludio prof\u00e9tico a <a href=\"\/es\/el-mensaje\/volumen-4\/las-grandes-olas-de-cambio\"><em>Las Grandes Olas de Cambio<\/em><\/a>, que presentan en mayor detalle los desaf\u00edos que enfrentaremos individualmente y el camino de preparaci\u00f3n interna y externa que est\u00e1 ahora disponible para cada persona a trav\u00e9s del Nuevo Mensaje.<\/p>\n<p>Cada cap\u00edtulo de <em>El Nuevo Mundo<\/em> es una revelaci\u00f3n dada por la Fuente, compilada en este texto por el Mensajero, <a href=\"\/es\/el-mensajero\/quien-es-marshall-vian-summers\">Marshall Vian Summers<\/a>. Varios cap\u00edtulos de <em>El Nuevo Mundo<\/em> se recibieron en lugares de creciente conflicto e inestabilidad, incluyendo Beirut, Alepo y Teher\u00e1n.<\/p>\n<p style=\"text-align: center\"><a class='simple_button_link ' style='background-color: #363636' href='https:\/\/www.newmessage.org\/es\/el-mensaje\/volumen-1\/el-nuevo-mundo\/el-nuevo-mundo'   ><span>\u00a1Comienza ahora mismo a leer &#8220;El Nuevo Mundo&#8221; de manera gratuita!<\/span><\/a><\/p>\n<p><em>El Nuevo Mundo<\/em> es el s\u00e9ptimo libro del <a href=\"https:\/\/www.newmessage.org\/es\/el-mensaje\/volumen-1\">Volumen 1<\/a> del Nuevo Mensaje de Dios.<\/p>\n<p style=\"text-align: left\"><div class=\"toggle toggle-white\"><h4 class=\"trigger \"><span class=\"t_ico\"><\/span><a href=\"#\"> M\u00e1s informaci\u00f3n sobre los vol\u00famenes del Nuevo Mensaje de Dios<\/a><\/h4><div class=\"toggle_container \"><br \/>\n<div data-post-id='24520' class='insert-page insert-page-24520 '><p>El Nuevo Mensaje de Dios estar\u00e1 contenido en \u00faltima instancia en seis vol\u00famenes individuales. Cada volumen contendr\u00e1 dos o m\u00e1s libros y cada libro estar\u00e1 organizado en cap\u00edtulos.<\/p>\n<p>Por tanto, la futura estructura del Nuevo Mensaje podr\u00eda expresarse de esta manera:<\/p>\n<div id=\"attachment_24097\" style=\"width: 227px\" class=\"wp-caption alignright\"><a href=\"https:\/\/www.newmessage.org\/wp-content\/uploads\/2015\/08\/Volumes-Books-InfoGraphic.001.jpg\"><img loading=\"lazy\" decoding=\"async\" aria-describedby=\"caption-attachment-24097\" class=\"imgborder \" src=\"https:\/\/www.newmessage.org\/wp-content\/uploads\/2015\/08\/Volumes-Books-InfoGraphic.001.jpg\" alt=\"The New Message One Book\" width=\"217\" height=\"234\" \/><\/a><p id=\"caption-attachment-24097\" class=\"wp-caption-text\">Estructura del Nuevo Mensaje<\/p><\/div>\n<p><strong>Volumen &gt; Libro &gt; Cap\u00edtulo &gt; Vers\u00edculo.<br \/>\n<\/strong><\/p>\n<p>El Nuevo Mensaje de Dios contiene el mayor cuerpo de Revelaci\u00f3n que se ha dado nunca al mundo. Trata casi cada aspecto de nuestras vidas, mientras presenta nuevas realidades que nunca antes se hab\u00edan revelado. La Sociedad est\u00e1 tratando de hacer accesibles al mundo tantos libros y revelaciones habladas como sea posible.<\/p>\n<p>En la actualidad, La Sociedad es capaz de ofrecer un gran n\u00famero de las grabaciones originales de la Voz de la Revelaci\u00f3n. Aqu\u00ed se te invita a experimentar el poder y el misterio de la \u201cVoz\u201d tal y como habl\u00f3 originalmente a trav\u00e9s del Mensajero en un estado de Revelaci\u00f3n. Nunca antes hab\u00eda sido posible escuchar la Voz original de la Revelaci\u00f3n.<\/p>\n<p>La compilaci\u00f3n de todo el Nuevo Mensaje es un trabajo en curso que se est\u00e1 realizando a lo largo de un extenso periodo. Adem\u00e1s, la Revelaci\u00f3n contin\u00faa recibi\u00e9ndose hasta el d\u00eda de hoy, con nuevas ense\u00f1anzas cada a\u00f1o. Como resultado, es muy posible que la selecci\u00f3n de cap\u00edtulos en cada libro cambie y, con ella, los t\u00edtulos de los libros podr\u00edan cambiar tambi\u00e9n para reflejar el creciente alcance de cada libro. Est\u00e1s viviendo en un tiempo de Revelaci\u00f3n y contemplando el proceso de Revelaci\u00f3n despleg\u00e1ndose ante ti.<\/p>\n<p><strong>Libros en l\u00ednea (online)<\/strong><br \/>\nLa Sociedad est\u00e1 tratando de hacer que el Nuevo Mensaje est\u00e9 disponible gratuitamente y en l\u00ednea para el mundo. En la actualidad, varios libros del Nuevo Mensaje est\u00e1n disponibles gratis en www.nuevomensaje.org. Puedes explorar <a href=\"http:\/\/www.nuevomensaje.org\/el-mensaje\">la biblioteca de libros y revelaciones gratuitos en l\u00ednea<\/a>.<\/p>\n<p><strong>Libros impresos<\/strong><br \/>\nLa Sociedad ofrece actualmente algunos de los libros del Nuevo Mensaje en formato impreso (en ingl\u00e9s en casi todos los casos). Sin embargo, debido al inmenso tama\u00f1o del revelado Nuevo Mensaje, La Sociedad no puede todav\u00eda publicar en formato impreso los seis vol\u00famenes del Nuevo Mensaje. Para comprar una copia impresa de los libros del Nuevo Mensaje que est\u00e1n actualmente disponibles, por favor visita la tienda de la <a href=\"http:\/\/newknowledgelibrary.org\/\"><em>New Knowledge Library<\/em><\/a> (Biblioteca del Nuevo Conocimiento).<\/p>\n<p><strong>CDs y audio en mp3<\/strong><br \/>\nCiertas revelaciones relacionadas con el estudio en el Nuevo Mensaje est\u00e1n disponibles para comprarse en CD o como mp3 descargable. Debido a las realidades financieras que implica alcanzar al mundo entero con el Nuevo Mensaje, La Sociedad ofrece ciertas Ense\u00f1anzas a un precio modesto en la tienda de la <a href=\"http:\/\/newknowledgelibrary.org\/\"><em>New Knowledge Library<\/em><\/a> (Biblioteca del Nuevo Conocimiento).<\/p>\n<p><strong><em>The Free Book Project<\/em> (El Proyecto Libro Gratis)<\/strong><br \/>\nCon un mayor apoyo financiero, La Sociedad podr\u00e1 ofrecer m\u00e1s de estas ense\u00f1anzas de sabidur\u00eda gratis y en l\u00ednea. Adem\u00e1s, el <a href=\"https:\/\/www.newmessage.org\/the-message\/free-book-project\"><em>Free Book Project<\/em><\/a> de La Sociedad ofrece copias personales gratuitas de los libros y audios del Nuevo Mensaje a aquellos que carecen de recursos para comprarlos. <a href=\"http:\/\/www.nuevomensaje.org\/worldwide-community\/sobre-la-sociedad\/apoya-al-nuevo-mensaje\">Te invitamos a hacer un donativo<\/a> para sostener el Proyecto Libro Gratis, de manera que m\u00e1s y m\u00e1s personas en necesidad puedan tener acceso al Nuevo Mensaje de Dios.<\/p>\n<p><strong>Publicaciones futuras<\/strong><br \/>\nLa Sociedad continuar\u00e1 avanzando su visi\u00f3n de publicar la totalidad del Nuevo Mensaje de Dios, tanto sus libros como sus vol\u00famenes, y quiz\u00e1 un d\u00eda todo en un libro \u00fanico, llamado simplemente \u201cEl Nuevo Mensaje de Dios\u201d. Esta es una empresa enorme para la que La Sociedad necesita tu contribuci\u00f3n y participaci\u00f3n. Por favor, <a href=\"http:\/\/www.nuevomensaje.org\/worldwide-community\/sobre-la-sociedad\/apoya-al-nuevo-mensaje\">considera hacer un donativo o ser un Pilar del Nuevo Mensaje<\/a> para apoyar esta causa sagrada. Te damos las gracias por tu apoyo.<\/p>\n<\/div><br \/>\n<\/div><\/div>\n<div class=\"clearfix\"><\/div>\n<h3>Inscr\u00edbete para recibir noticias y novedades por correo electr\u00f3nico:<\/h3>\n<div class=\"one_half \" ><br \/>\n&#8211; S\u00e9 notificado cuando haya nuevos mensajes y v\u00eddeos disponibles.<br \/>\n&#8211; Los correos se enviar\u00e1n aproximadamente una vez a la semana.<br \/>\n&#8211; Se respetar\u00e1 tu privacidad (consulta nuestra <a href=\"https:\/\/www.newmessage.org\/privacy-policy\">pol\u00edtica de privacidad<\/a>)<br \/>\n&#8211; Puedes cancelar la suscripci\u00f3n en cualquier momento.<\/div> <div class=\"one_half last\" ><script>(function() {\n\twindow.mc4wp = window.mc4wp || {\n\t\tlisteners: [],\n\t\tforms: {\n\t\t\ton: function(evt, cb) {\n\t\t\t\twindow.mc4wp.listeners.push(\n\t\t\t\t\t{\n\t\t\t\t\t\tevent   : evt,\n\t\t\t\t\t\tcallback: cb\n\t\t\t\t\t}\n\t\t\t\t);\n\t\t\t}\n\t\t}\n\t}\n})();\n<\/script><!-- Mailchimp for WordPress v4.8.3 - https:\/\/wordpress.org\/plugins\/mailchimp-for-wp\/ --><form id=\"mc4wp-form-1\" class=\"mc4wp-form mc4wp-form-27110 mc4wp-form-theme mc4wp-form-theme-red\" method=\"post\" data-id=\"27110\" data-name=\"Default sign-up form\" ><div class=\"mc4wp-form-fields\"><p>\r\n\t<label for=\"mc4wp_email\">Tu \r\ncorreo electr\u00f3nico: <\/label>\r\n\t<input type=\"email\" id=\"mc4wp_email\" name=\"EMAIL\" placeholder=\"Tu correo electr\u00f3nico\" required \/>\r\n<\/p>\r\n<p>\r\n    <label>Tu Pais:<\/label>\r\n    <input type=\"text\" name=\"MMERGE10\" placeholder=\"Pa\u00eds\">\r\n<\/p>\r\n<p>\r\n\t<input type=\"submit\" value=\"Suscr\u00edbete\" \/>\r\n<\/p>\r\n<script type=\"text\/javascript\">\r\nmc4wp.forms.on('subscribed', function(form) {\r\n\t\/\/ Google Analytics by Yoast\r\n\t__gaTracker && __gaTracker('send', 'event', 'Forms', 'Sign-up', 'MailChimp for WP Sign-Up');\r\n});\r\n<\/script><\/div><label style=\"display: none !important;\">Leave this field empty if you're human: <input type=\"text\" name=\"_mc4wp_honeypot\" value=\"\" tabindex=\"-1\" autocomplete=\"off\" \/><\/label><input type=\"hidden\" name=\"_mc4wp_timestamp\" value=\"1777734274\" \/><input type=\"hidden\" name=\"_mc4wp_form_id\" value=\"27110\" \/><input type=\"hidden\" name=\"_mc4wp_form_element_id\" value=\"mc4wp-form-1\" \/><div class=\"mc4wp-response\"><\/div><\/form><!-- \/ Mailchimp for WordPress Plugin --><\/div>\n","protected":false},"excerpt":{"rendered":"<p>El Nuevo Mundo revela una advertencia del gran cambio que est\u00e1 llegando a nuestro mundo y una visi\u00f3n prof\u00e9tica de un mundo futuro para el que debemos prepararnos. El Nuevo Mundo es una advertencia de Dios sobre el r\u00e1pido agotamiento y degradaci\u00f3n de la Tierra \u2014de su clima y su medio ambiente\u2014 por parte de\u2026 <a class=\"read-more\" href=\"https:\/\/www.v6.newmessage.org\/es\/more-about-the-volumes\"><span>Read More<\/span><\/a><\/p>\n","protected":false},"author":1,"featured_media":0,"parent":16287,"menu_order":0,"comment_status":"closed","ping_status":"closed","template":"template-leftsidebar.php","meta":{"_monsterinsights_skip_tracking":false,"_monsterinsights_sitenote_active":false,"_monsterinsights_sitenote_note":"","_monsterinsights_sitenote_category":0,"footnotes":""},"categories":[463,460],"tags":[645],"_links":{"self":[{"href":"https:\/\/www.v6.newmessage.org\/es\/wp-json\/wp\/v2\/pages\/16482"}],"collection":[{"href":"https:\/\/www.v6.newmessage.org\/es\/wp-json\/wp\/v2\/pages"}],"about":[{"href":"https:\/\/www.v6.newmessage.org\/es\/wp-json\/wp\/v2\/types\/page"}],"author":[{"embeddable":true,"href":"https:\/\/www.v6.newmessage.org\/es\/wp-json\/wp\/v2\/users\/1"}],"replies":[{"embeddable":true,"href":"https:\/\/www.v6.newmessage.org\/es\/wp-json\/wp\/v2\/comments?post=16482"}],"version-history":[{"count":76,"href":"https:\/\/www.v6.newmessage.org\/es\/wp-json\/wp\/v2\/pages\/16482\/revisions"}],"predecessor-version":[{"id":30392,"href":"https:\/\/www.v6.newmessage.org\/es\/wp-json\/wp\/v2\/pages\/16482\/revisions\/30392"}],"up":[{"embeddable":true,"href":"https:\/\/www.v6.newmessage.org\/es\/wp-json\/wp\/v2\/pages\/16287"}],"wp:attachment":[{"href":"https:\/\/www.v6.newmessage.org\/es\/wp-json\/wp\/v2\/media?parent=16482"}],"wp:term":[{"taxonomy":"category","embeddable":true,"href":"https:\/\/www.v6.newmessage.org\/es\/wp-json\/wp\/v2\/categories?post=16482"},{"taxonomy":"post_tag","embeddable":true,"href":"https:\/\/www.v6.newmessage.org\/es\/wp-json\/wp\/v2\/tags?post=16482"}],"curies":[{"name":"wp","href":"https:\/\/api.w.org\/{rel}","templated":true}]}}