{"id":16460,"date":"2014-10-29T23:13:40","date_gmt":"2014-10-29T23:13:40","guid":{"rendered":"http:\/\/www.newmessage.org\/?page_id=16460"},"modified":"2017-09-02T17:43:10","modified_gmt":"2017-09-02T17:43:10","slug":"el-mensajero-habla","status":"publish","type":"page","link":"https:\/\/www.v6.newmessage.org\/es\/el-mensajero\/el-mensajero-habla","title":{"rendered":"El Mensajero habla"},"content":{"rendered":"<div class=\"\">\n<div class=\"\"><\/div>\n<p><img loading=\"lazy\" decoding=\"async\" width=\"300\" height=\"222\" class=\"size-full wp-image-28744 imgborder alignright\" src=\"https:\/\/www.newmessage.org\/es\/wp-content\/uploads\/sites\/40\/2014\/10\/MVS-Kuala-Lumpur-small-300x222.jpg\" alt=\"\" \/>El Mensajero de Dios <a href=\"https:\/\/www.newmessage.org\/gods-messenger\/who-is-marshallviansummers\">Marshall Vian Summers<\/a> est\u00e1 vivo en el mundo y te est\u00e1 hablando.<\/p>\n<p>\u00c9l contin\u00faa ofreciendo ense\u00f1anzas, oraciones y mensajes globales para toda la humanidad.<\/p>\n<\/div>\n<div class=\"\">\n<p>&nbsp;<\/p>\n<p>Aqu\u00ed encontrar\u00e1s los mensajes de v\u00eddeo y audio y los mensajes escritos del Mensajero para ti y para las personas de todas las naciones, culturas y tradiciones de fe del mundo.<\/p>\n<\/div>\n<p>&nbsp;<\/p>\n<div class=\"\"><div class=\"clearfix filters\">\t\t    <ul>\n\t\t\t<li><a href=\"#\" class=\"selected\">All<\/a><\/li>\n\t\t\t\t<li class=\"cat-item cat-item-582\"><a href=\"https:\/\/www.v6.newmessage.org\/es\/th_gallery_cat\/teachings\">Ense\u00f1anzas<\/a>\n<\/li>\n\t<li class=\"cat-item cat-item-580\"><a href=\"https:\/\/www.v6.newmessage.org\/es\/th_gallery_cat\/global-messages\">Mensajes globales<\/a>\n<\/li>\n\t<li class=\"cat-item cat-item-581\"><a href=\"https:\/\/www.v6.newmessage.org\/es\/th_gallery_cat\/prayers\">Plegarias<\/a>\n<\/li>\n\t\t    <\/ul>\n\t\t<\/div>\n\t    \n\t    <div class=\"row\">\n\t        <div class=\"gallery_wrap\">\n    \n\t\t\t\t    <article class=\" cat-item-582 cat-item-579 cat-item-550 gallery_listing grid_8 post-28804 th_galleries type-th_galleries status-publish hentry th_galleries_cat-teachings th_galleries_cat-the-messenger-speaks th_galleries_cat-videos-of-the-messenger\" id=\"post-28804\">\n\t\t\t\t\t\t\t\t\t\t<div class=\"postcontent  clearfix\">\n\t\t\t\t\t    <h2 class=\"entry-title\"><a href=\"https:\/\/www.v6.newmessage.org\/es\/th_gallery\/contacto-etico-con-razas-inteligentes-del-universo\" >Contacto \u00e9tico con razas inteligentes del universo<\/a><\/h2>\n\t\t\t\t\t    <div class=\"entry-content\">\n\t\t\t\t\t\tNuestro futuro y nuestro destino est\u00e1n en el espacio, dentro de una Comunidad Mayor de vida inteligente en el universo. Es a esto a donde nos estamos dirigiendo, es a esto a donde debemos ir. No vamos a ir all\u00ed a trav\u00e9s de nuestra exploraci\u00f3...\t\t\t\t\t    <\/div>\n\t\t\t\t\t    \t\t\t\t\t<\/div>\n\t\t\t\t    <\/article>\n\n\t\t\t\t    \n\t\t\t\t    <article class=\" cat-item-582 cat-item-579 cat-item-550 gallery_listing grid_8 post-28803 th_galleries type-th_galleries status-publish hentry th_galleries_cat-teachings th_galleries_cat-the-messenger-speaks th_galleries_cat-videos-of-the-messenger\" id=\"post-28803\">\n\t\t\t\t\t\t\t\t\t\t<div class=\"postcontent  clearfix\">\n\t\t\t\t\t    <h2 class=\"entry-title\"><a href=\"https:\/\/www.v6.newmessage.org\/es\/th_gallery\/la-llegada-de-las-grandes-olas-de-cambio\" >La llegada de las Grandes Olas de cambio<\/a><\/h2>\n\t\t\t\t\t    <div class=\"entry-content\">\n\t\t\t\t\t\tLa gente de todo el mundo est\u00e1 hoy comenzando a darse cuenta de que el mundo est\u00e1 cambiando, de que la vida, en muchos sentidos, se est\u00e1 volviendo m\u00e1s dif\u00edcil y m\u00e1s incierta, con la creciente inestabilidad pol\u00edtica y econ\u00f3mica que existe aho...\t\t\t\t\t    <\/div>\n\t\t\t\t\t    \t\t\t\t\t<\/div>\n\t\t\t\t    <\/article>\n\n\t\t\t\t    \n\t\t\t\t    <article class=\" cat-item-581 cat-item-579 cat-item-550 gallery_listing grid_8 post-28801 th_galleries type-th_galleries status-publish hentry th_galleries_cat-prayers th_galleries_cat-the-messenger-speaks th_galleries_cat-videos-of-the-messenger\" id=\"post-28801\">\n\t\t\t\t\t\t\t\t\t\t<div class=\"postcontent  clearfix\">\n\t\t\t\t\t    <h2 class=\"entry-title\"><a href=\"https:\/\/www.v6.newmessage.org\/es\/th_gallery\/la-gran-promesa\" >La gran promesa<\/a><\/h2>\n\t\t\t\t\t    <div class=\"entry-content\">\n\t\t\t\t\t\tUna gran promesa est\u00e1 ahora en el mundo, pues Dios ha enviado al mundo una gran Revelaci\u00f3n, la primera Revelaci\u00f3n de esta clase que se ha dado en m\u00e1s de mil a\u00f1os, dada ahora a una humanidad que enfrenta las Grandes Olas de cambio y su encuen...\t\t\t\t\t    <\/div>\n\t\t\t\t\t    \t\t\t\t\t<\/div>\n\t\t\t\t    <\/article>\n\n\t\t\t\t    \n\t\t\t\t    <article class=\" cat-item-581 cat-item-579 cat-item-550 gallery_listing grid_8 post-28800 th_galleries type-th_galleries status-publish hentry th_galleries_cat-prayers th_galleries_cat-the-messenger-speaks th_galleries_cat-videos-of-the-messenger\" id=\"post-28800\">\n\t\t\t\t\t\t\t\t\t\t<div class=\"postcontent  clearfix\">\n\t\t\t\t\t    <h2 class=\"entry-title\"><a href=\"https:\/\/www.v6.newmessage.org\/es\/th_gallery\/hemos-sido-encontrados\" >Hemos sido encontrados<\/a><\/h2>\n\t\t\t\t\t    <div class=\"entry-content\">\n\t\t\t\t\t\tPermit\u00e1monos saber que hemos sido encontrados dondequiera que podamos estar, a pesar de estar a la deriva, por m\u00e1s escondidos que estemos en nuestras circunstancias. Dios sabe el camino para llegar a nosotros, si podemos ser alcanzados. Deja...\t\t\t\t\t    <\/div>\n\t\t\t\t\t    \t\t\t\t\t<\/div>\n\t\t\t\t    <\/article>\n\n\t\t\t\t    \n\t\t\t\t    <article class=\" cat-item-581 cat-item-579 cat-item-550 gallery_listing grid_8 post-28799 th_galleries type-th_galleries status-publish hentry th_galleries_cat-prayers th_galleries_cat-the-messenger-speaks th_galleries_cat-videos-of-the-messenger\" id=\"post-28799\">\n\t\t\t\t\t\t\t\t\t\t<div class=\"postcontent  clearfix\">\n\t\t\t\t\t    <h2 class=\"entry-title\"><a href=\"https:\/\/www.v6.newmessage.org\/es\/th_gallery\/plegaria-del-mensajero\" >Plegaria del Mensajero<\/a><\/h2>\n\t\t\t\t\t    <div class=\"entry-content\">\n\t\t\t\t\t\tRezo para que mis plegarias tengan poder y eficacia en el mundo y en el ambiente mental a mi alrededor y en el ambiente mental m\u00e1s all\u00e1 de mi conciencia. Rezo para que este poder que tenemos pueda moverse a trav\u00e9s de m\u00ed y de otros y que no s...\t\t\t\t\t    <\/div>\n\t\t\t\t\t    \t\t\t\t\t<\/div>\n\t\t\t\t    <\/article>\n\n\t\t\t\t    \n\t\t\t\t    <article class=\" cat-item-581 cat-item-579 cat-item-550 gallery_listing grid_8 post-28798 th_galleries type-th_galleries status-publish hentry th_galleries_cat-prayers th_galleries_cat-the-messenger-speaks th_galleries_cat-videos-of-the-messenger\" id=\"post-28798\">\n\t\t\t\t\t\t\t\t\t\t<div class=\"postcontent  clearfix\">\n\t\t\t\t\t    <h2 class=\"entry-title\"><a href=\"https:\/\/www.v6.newmessage.org\/es\/th_gallery\/la-bendicion-de-tu-vida\" >La bendici\u00f3n de tu vida<\/a><\/h2>\n\t\t\t\t\t    <div class=\"entry-content\">\n\t\t\t\t\t\tQue este tiempo sea la bendici\u00f3n para ti, porque la Presencia est\u00e1 contigo. Y si la Presencia est\u00e1 contigo, quiere decir que te est\u00e1 llamando. Porque no hay otra raz\u00f3n para que la Presencia est\u00e9 contigo, excepto para llamarte. \u00bfPor qu\u00e9 vendr...\t\t\t\t\t    <\/div>\n\t\t\t\t\t    \t\t\t\t\t<\/div>\n\t\t\t\t    <\/article>\n\n\t\t\t\t    \n\t\t\t\t    <article class=\" cat-item-580 cat-item-579 cat-item-550 gallery_listing grid_8 post-28797 th_galleries type-th_galleries status-publish hentry th_galleries_cat-global-messages th_galleries_cat-the-messenger-speaks th_galleries_cat-videos-of-the-messenger\" id=\"post-28797\">\n\t\t\t\t\t\t\t\t\t\t<div class=\"postcontent  clearfix\">\n\t\t\t\t\t    <h2 class=\"entry-title\"><a href=\"https:\/\/www.v6.newmessage.org\/es\/th_gallery\/la-verdadera-llamada\" >La Verdadera Llamada<\/a><\/h2>\n\t\t\t\t\t    <div class=\"entry-content\">\n\t\t\t\t\t\tNo basta con creer en Dios. No basta con adherirte a las ense\u00f1anzas de tu tradici\u00f3n, si tienes una tradici\u00f3n. No basta con seguir las prescripciones dadas en las escrituras. Estas cosas no garantizan la verdadera vida. Estas cosas no garanti...\t\t\t\t\t    <\/div>\n\t\t\t\t\t    \t\t\t\t\t<\/div>\n\t\t\t\t    <\/article>\n\n\t\t\t\t    \n\t\t\t\t    <article class=\" cat-item-580 cat-item-579 cat-item-550 gallery_listing grid_8 post-28796 th_galleries type-th_galleries status-publish hentry th_galleries_cat-global-messages th_galleries_cat-the-messenger-speaks th_galleries_cat-videos-of-the-messenger\" id=\"post-28796\">\n\t\t\t\t\t\t\t\t\t\t<div class=\"postcontent  clearfix\">\n\t\t\t\t\t    <h2 class=\"entry-title\"><a href=\"https:\/\/www.v6.newmessage.org\/es\/th_gallery\/mi-vida-es-una-llamada\" >Mi vida es una llamada<\/a><\/h2>\n\t\t\t\t\t    <div class=\"entry-content\">\n\t\t\t\t\t\tMi presencia en el mundo es una llamada, un profunda llamada, una demostraci\u00f3n de la vida de la que vienes y a la cual eventualmente retornar\u00e1s. Yo traigo la realidad de nuestro estado eterno, porque Dios ha hablado de nuevo trayendo una gra...\t\t\t\t\t    <\/div>\n\t\t\t\t\t    \t\t\t\t\t<\/div>\n\t\t\t\t    <\/article>\n\n\t\t\t\t    \n\t\t\t\t    <article class=\" cat-item-580 cat-item-579 cat-item-550 gallery_listing grid_8 post-28795 th_galleries type-th_galleries status-publish hentry th_galleries_cat-global-messages th_galleries_cat-the-messenger-speaks th_galleries_cat-videos-of-the-messenger\" id=\"post-28795\">\n\t\t\t\t\t\t\t\t\t\t<div class=\"postcontent  clearfix\">\n\t\t\t\t\t    <h2 class=\"entry-title\"><a href=\"https:\/\/www.v6.newmessage.org\/es\/th_gallery\/hay-una-mayor-bondad-en-el-mundo\" >Hay una Mayor Bondad en el mundo<\/a><\/h2>\n\t\t\t\t\t    <div class=\"entry-content\">\n\t\t\t\t\t\tHay una Mayor Bondad en el mundo, una Mayor Bondad que vive dentro de ti esperando a ser descubierta. Esta Mayor Bondad est\u00e1 siempre presente. Se ha mantenido viva en este mundo gracias a la obra espiritual aut\u00e9ntica de personas de todas las...\t\t\t\t\t    <\/div>\n\t\t\t\t\t    \t\t\t\t\t<\/div>\n\t\t\t\t    <\/article>\n\n\t\t\t\t    \n\t\t\t\t    <article class=\" cat-item-580 cat-item-579 cat-item-550 gallery_listing grid_8 post-28790 th_galleries type-th_galleries status-publish hentry th_galleries_cat-global-messages th_galleries_cat-the-messenger-speaks th_galleries_cat-videos-of-the-messenger\" id=\"post-28790\">\n\t\t\t\t\t\t\t\t\t\t<div class=\"postcontent  clearfix\">\n\t\t\t\t\t    <h2 class=\"entry-title\"><a href=\"https:\/\/www.v6.newmessage.org\/es\/th_gallery\/quien-caminara-conmigo\" >\u00bfQui\u00e9n caminar\u00e1 conmigo?<\/a><\/h2>\n\t\t\t\t\t    <div class=\"entry-content\">\n\t\t\t\t\t\t\u00bfQui\u00e9n caminar\u00e1 conmigo mientras traigo la Nueva Revelaci\u00f3n de Dios al mundo, dada ahora no solo a una tribu o a un grupo, sino a toda la humanidad, dada para enriquecer y unir al mundo mientras encara sus mayores desaf\u00edos y dificultades? \u00bfQ...\t\t\t\t\t    <\/div>\n\t\t\t\t\t    \t\t\t\t\t<\/div>\n\t\t\t\t    <\/article>\n\n\t\t\t\t    \n\t\t\t\t    <article class=\" cat-item-580 cat-item-579 cat-item-550 gallery_listing grid_8 post-28789 th_galleries type-th_galleries status-publish hentry th_galleries_cat-global-messages th_galleries_cat-the-messenger-speaks th_galleries_cat-videos-of-the-messenger\" id=\"post-28789\">\n\t\t\t\t\t\t\t\t\t\t<div class=\"postcontent  clearfix\">\n\t\t\t\t\t    <h2 class=\"entry-title\"><a href=\"https:\/\/www.v6.newmessage.org\/es\/th_gallery\/dios-nunca-te-ha-dejado\" >Dios nunca te ha dejado<\/a><\/h2>\n\t\t\t\t\t    <div class=\"entry-content\">\n\t\t\t\t\t\tDios ha colocado una consciencia m\u00e1s profunda dentro de ti, una consciencia que sabe lo que es verdad y lo que no es verdad, lo que es bueno y lo que no es bueno, d\u00f3nde debes ir y d\u00f3nde no debes ir, con qui\u00e9n debes unirte y con qui\u00e9n no debe...\t\t\t\t\t    <\/div>\n\t\t\t\t\t    \t\t\t\t\t<\/div>\n\t\t\t\t    <\/article>\n\n\t\t\t\t    \n\t\t\t\t    <article class=\" cat-item-580 cat-item-579 cat-item-550 gallery_listing grid_8 post-28786 th_galleries type-th_galleries status-publish hentry th_galleries_cat-global-messages th_galleries_cat-the-messenger-speaks th_galleries_cat-videos-of-the-messenger\" id=\"post-28786\">\n\t\t\t\t\t\t\t\t\t\t<div class=\"postcontent  clearfix\">\n\t\t\t\t\t    <h2 class=\"entry-title\"><a href=\"https:\/\/www.v6.newmessage.org\/es\/th_gallery\/mi-mision-en-la-tierra\" >Mi misi\u00f3n en la Tierra<\/a><\/h2>\n\t\t\t\t\t    <div class=\"entry-content\">\n\t\t\t\t\t\tHe sido enviado al mundo para recibir la Nueva Revelaci\u00f3n de Dios para este tiempo y los tiempos venideros. He sido enviado aqu\u00ed por la Asamblea Ang\u00e9lica de la cual formo parte. He sido enviado aqu\u00ed con la bendici\u00f3n de Jes\u00fas, Buda y Mahoma, ...\t\t\t\t\t    <\/div>\n\t\t\t\t\t    \t\t\t\t\t<\/div>\n\t\t\t\t    <\/article>\n\n\t\t\t\t    \t        <\/div>\n\t\t\t    <\/div>\n\t    <\/div>\n","protected":false},"excerpt":{"rendered":"<p>El Mensajero de Dios Marshall Vian Summers est\u00e1 vivo en el mundo y te est\u00e1 hablando. \u00c9l contin\u00faa ofreciendo ense\u00f1anzas, oraciones y mensajes globales para toda la humanidad. &nbsp; Aqu\u00ed encontrar\u00e1s los mensajes de v\u00eddeo y audio y los mensajes escritos del Mensajero para ti y para las personas de todas las naciones, culturas y\u2026 <a class=\"read-more\" href=\"https:\/\/www.v6.newmessage.org\/es\/th_gallery\/mi-mision-en-la-tierra\"><span>Read More<\/span><\/a><\/p>\n","protected":false},"author":1,"featured_media":0,"parent":14016,"menu_order":3,"comment_status":"closed","ping_status":"closed","template":"template-leftsidebar.php","meta":{"_monsterinsights_skip_tracking":false,"_monsterinsights_sitenote_active":false,"_monsterinsights_sitenote_note":"","_monsterinsights_sitenote_category":0,"footnotes":""},"categories":[496,81],"tags":[675],"_links":{"self":[{"href":"https:\/\/www.v6.newmessage.org\/es\/wp-json\/wp\/v2\/pages\/16460"}],"collection":[{"href":"https:\/\/www.v6.newmessage.org\/es\/wp-json\/wp\/v2\/pages"}],"about":[{"href":"https:\/\/www.v6.newmessage.org\/es\/wp-json\/wp\/v2\/types\/page"}],"author":[{"embeddable":true,"href":"https:\/\/www.v6.newmessage.org\/es\/wp-json\/wp\/v2\/users\/1"}],"replies":[{"embeddable":true,"href":"https:\/\/www.v6.newmessage.org\/es\/wp-json\/wp\/v2\/comments?post=16460"}],"version-history":[{"count":47,"href":"https:\/\/www.v6.newmessage.org\/es\/wp-json\/wp\/v2\/pages\/16460\/revisions"}],"predecessor-version":[{"id":28837,"href":"https:\/\/www.v6.newmessage.org\/es\/wp-json\/wp\/v2\/pages\/16460\/revisions\/28837"}],"up":[{"embeddable":true,"href":"https:\/\/www.v6.newmessage.org\/es\/wp-json\/wp\/v2\/pages\/14016"}],"wp:attachment":[{"href":"https:\/\/www.v6.newmessage.org\/es\/wp-json\/wp\/v2\/media?parent=16460"}],"wp:term":[{"taxonomy":"category","embeddable":true,"href":"https:\/\/www.v6.newmessage.org\/es\/wp-json\/wp\/v2\/categories?post=16460"},{"taxonomy":"post_tag","embeddable":true,"href":"https:\/\/www.v6.newmessage.org\/es\/wp-json\/wp\/v2\/tags?post=16460"}],"curies":[{"name":"wp","href":"https:\/\/api.w.org\/{rel}","templated":true}]}}