{"id":16320,"date":"2014-10-25T22:28:58","date_gmt":"2014-10-25T22:28:58","guid":{"rendered":"http:\/\/www.newmessage.org\/?page_id=16320"},"modified":"2022-12-13T17:02:01","modified_gmt":"2022-12-13T17:02:01","slug":"volumen-5","status":"publish","type":"page","link":"https:\/\/www.v6.newmessage.org\/es\/el-mensaje\/volumen-5","title":{"rendered":"Volumen 5"},"content":{"rendered":"<h2><strong><a href=\"https:\/\/www.newmessage.org\/es\/wp-content\/uploads\/sites\/40\/2014\/10\/The-New-Message-from-God-Volume-5-214x300.png\"><img loading=\"lazy\" decoding=\"async\" class=\"imgborder alignright wp-image-28650\" src=\"https:\/\/www.newmessage.org\/es\/wp-content\/uploads\/sites\/40\/2014\/10\/The-New-Message-from-God-Volume-5-214x300-214x300.png\" alt=\"\" width=\"300\" height=\"421\" \/><\/a><\/strong>Acerca del Volumen 5<\/h2>\n<p>El Volumen 5 contiene las Ense\u00f1anzas de Sabidur\u00eda del Nuevo Mensaje de Dios.<\/p>\n<p>Desde los primeros d\u00edas de Revelaci\u00f3n hasta el presente, Dios ha revelado una vasta riqueza de sabidur\u00eda, hablando de casi todos los temas de importancia e inter\u00e9s, proveyendo gu\u00eda pr\u00e1ctica e espiritual para atender las necesidades de la gente en todo el mundo tanto en la actualidad como en el futuro. Al final, el Volumen 5 contendr\u00e1 un cierto n\u00famero de Libros de Sabidur\u00eda compilados por el Mensajero.<\/p>\n<p>Como recurso adicional de Sabidur\u00eda del Nuevo Mensaje, v\u00e9ase la lista de <a href=\"otras-revelaciones\">otras Revelaciones<\/a> que a\u00fan no han sido compiladas en libros y tambi\u00e9n la <a href=\"https:\/\/www.wiki.newmessage.org\/es\/P%C3%A1gina_principal\">Wiki del Nuevo Mensaje<\/a>, una creciente enciclopedia en l\u00ednea de citas del Nuevo Mensaje organizadas por tema.<\/p>\n<div class=\"toggle toggle-white\"><h4 class=\"trigger \"><span class=\"t_ico\"><\/span><a href=\"#\">M\u00e1s informaci\u00f3n sobre los vol\u00famenes del Nuevo Mensaje de Dios<\/a><\/h4><div class=\"toggle_container \"><br \/>\n<p>El Nuevo Mensaje de Dios estar\u00e1 contenido en \u00faltima instancia en seis vol\u00famenes individuales. Cada volumen contendr\u00e1 dos o m\u00e1s libros y cada libro estar\u00e1 organizado en cap\u00edtulos.<\/p>\n<p>Por tanto, la futura estructura del Nuevo Mensaje podr\u00eda expresarse de esta manera:<\/p>\n<p><strong>Volumen &gt; Libro &gt; Cap\u00edtulo &gt; Vers\u00edculo<\/strong><\/p>\n<p>El Nuevo Mensaje de Dios contiene el mayor cuerpo de Revelaci\u00f3n que se ha dado nunca al mundo. Trata casi cada aspecto de nuestras vidas, mientras presenta nuevas realidades que nunca antes se hab\u00edan revelado. <a href=\"http:\/\/www.nuevomensaje.org\/worldwide-community\/sobre-la-sociedad\">La Sociedad<\/a> est\u00e1 tratando de hacer accesibles al mundo tantos libros y revelaciones habladas como sea posible.<\/p>\n<p>En la actualidad, La Sociedad es capaz de ofrecer un gran n\u00famero de las grabaciones originales de la Voz de la Revelaci\u00f3n. Aqu\u00ed se te invita a experimentar el poder y el misterio de la \u201cVoz\u201d tal y como habl\u00f3 originalmente a trav\u00e9s del Mensajero en un estado de Revelaci\u00f3n. Nunca antes hab\u00eda sido posible escuchar la Voz original de la Revelaci\u00f3n.<\/p>\n<p>La compilaci\u00f3n de todo el Nuevo Mensaje es un trabajo en curso que se est\u00e1 realizando a lo largo de un extenso periodo. Adem\u00e1s, la Revelaci\u00f3n contin\u00faa recibi\u00e9ndose hasta el d\u00eda de hoy, con nuevas ense\u00f1anzas dadas cada a\u00f1o. Como resultado, es muy posible que la selecci\u00f3n de cap\u00edtulos en cada libro cambie y, con ello, los t\u00edtulos de los libros podr\u00edan cambiar tambi\u00e9n para reflejar el creciente alcance de cada libro. Est\u00e1s viviendo en un tiempo de Revelaci\u00f3n y contemplando el proceso de Revelaci\u00f3n despleg\u00e1ndose ante ti.<\/p>\n<p><strong>Libros online<\/strong><\/p>\n<p><a href=\"http:\/\/www.nuevomensaje.org\/worldwide-community\/sobre-la-sociedad\">La Sociedad<\/a> est\u00e1 tratando de hacer que el Nuevo Mensaje est\u00e9 disponible gratuitamente y online para el mundo. En la actualidad, varios libros del Nuevo Mensaje est\u00e1n disponibles gratis en www.nuevomensaje.org. Puedes <a href=\"http:\/\/www.nuevomensaje.org\/el-mensaje\">explorar la biblioteca de libros gratuitos online<\/a>.<\/p>\n<p><strong>Libros impresos<\/strong><\/p>\n<p>La Sociedad ofrece actualmente algunos de los libros del Nuevo Mensaje en formato impreso. Sin embargo, debido al inmenso tama\u00f1o del revelado Nuevo Mensaje, <a href=\"http:\/\/www.nuevomensaje.org\/worldwide-community\/sobre-la-sociedad\">La Sociedad<\/a> no puede todav\u00eda publicar en formato impreso todos los seis vol\u00famenes del Nuevo Mensaje. Para comprar una copia impresa de los libros del Nuevo Mensaje que est\u00e1n actualmente disponibles, por favor visita la tienda de la <a href=\"http:\/\/newknowledgelibrary.org\/\">Biblioteca del Nuevo Conocimiento<\/a> (New Knowledge Library).<\/p>\n<p><strong>CDs y audio en mp3<\/strong><\/p>\n<p>Ciertas revelaciones relacionadas con el estudio en el Nuevo Mensaje est\u00e1n disponibles para comprarse en CD o mp3 descargable. Debido a las realidades financieras que implica alcanzar al mundo entero con el Nuevo Mensaje, <a href=\"http:\/\/www.nuevomensaje.org\/worldwide-community\/sobre-la-sociedad\">La Sociedad<\/a> ofrece ciertas Ense\u00f1anzas a un precio modesto en la tienda de la <a href=\"http:\/\/newknowledgelibrary.org\/\">Biblioteca del Nuevo Conocimiento<\/a> (New Knowledge Library).<\/p>\n<p><strong>El Proyecto Libro Gratis (&#8220;Free Book Project&#8221;)<\/strong><\/p>\n<p>Con un mayor apoyo financiero, <a href=\"http:\/\/www.nuevomensaje.org\/worldwide-community\/sobre-la-sociedad\">La Sociedad<\/a> podr\u00e1 ofrecer m\u00e1s de estas ense\u00f1anzas de sabidur\u00eda gratis y online. Adem\u00e1s, el <a href=\"https:\/\/www.newmessage.org\/the-message\/free-book-project\">Proyecto Libro Gratis<\/a> de La Sociedad ofrece copias personales gratis de los libros y mp3 del Nuevo Mensaje disponibles actualmente a aquellos que carecen de recursos para comprarlos. Te invitamos a <a href=\"http:\/\/www.nuevomensaje.org\/worldwide-community\/sobre-la-sociedad\/apoya-al-nuevo-mensaje\">hacer un donativo<\/a> para sostener el Proyecto Libro Gratis, de manera que m\u00e1s y m\u00e1s personas en necesidad puedan tener acceso al Nuevo Mensaje de Dios.<\/p>\n<p><strong>Publicaciones futuras<\/strong><\/p>\n<p>La Sociedad continuar\u00e1 avanzando su visi\u00f3n de publicar la totalidad del Nuevo Mensaje de Dios, tanto sus libros como sus vol\u00famenes, y quiz\u00e1 un d\u00eda todo en un libro \u00fanico, llamado simplemente \u201cEl Nuevo Mensaje de Dios\u201d. Esta es una empresa enorme para la que La Sociedad necesita tu contribuci\u00f3n y participaci\u00f3n. Por favor, considera <a href=\"http:\/\/www.nuevomensaje.org\/worldwide-community\/sobre-la-sociedad\/apoya-al-nuevo-mensaje\">hacer un donativo o ser un Pilar del Nuevo Mensaje<\/a> para apoyar esta causa sagrada. Te damos las gracias por tu apoyo.<\/p>\n<br \/>\n<\/div><\/div>\n<div class=\"clearfix\"><\/div>\n<div class=\"the-message-books-volumes panel-30 background-tile-1 margin-bottom-20\">\n<h2 class=\"text-align-center margin-bottom-20\"><a class=\"text-color-gray-5 not-underlined\" title=\"Volume 5\" href=\"volumen-5\">Volumen 5<\/a><\/h2>\n<div class=\"one_third \" ><\/p>\n<div class=\"message-book-div\"><a class=\"message-book-link-to-post\" href=\"volumen-5\/sabiduria-de-la-comunidad-mayor-volumen-1\" rel=\"bookmark\">Sabidur\u00eda de la Comunidad Mayor, Volumen 1<\/a><\/div>\n<div class=\"toggle toggle-gray\"><h4 class=\"trigger \"><span class=\"t_ico\"><\/span><a href=\"#\">\u00cdndice<\/a><\/h4><div class=\"toggle_container \"><br \/>\n<a href=\"volumen-5\/sabiduria-de-la-comunidad-mayor-volumen-1\/la-religion-mayor\">La religi\u00f3n mayor<\/a><br \/>\n<a href=\"volumen-5\/sabiduria-de-la-comunidad-mayor-volumen-1\/relaciones-y-sexualidad\">Relaciones y sexualidad<\/a><br \/>\n<a href=\"volumen-5\/sabiduria-de-la-comunidad-mayor-volumen-1\/la-comunidad-mayor\">La Comunidad Mayor<\/a><br \/>\n<a href=\"volumen-5\/sabiduria-de-la-comunidad-mayor-volumen-1\/la-confianza\">La confianza<\/a><br \/>\n<a href=\"volumen-5\/sabiduria-de-la-comunidad-mayor-volumen-1\/el-matrimonio\">El matrimonio<\/a><br \/>\n<a href=\"volumen-5\/sabiduria-de-la-comunidad-mayor-volumen-1\/la-salud\">La salud<\/a><br \/>\n<a href=\"volumen-5\/sabiduria-de-la-comunidad-mayor-volumen-1\/la-libertad\">La libertad<\/a><br \/>\n<a href=\"volumen-5\/sabiduria-de-la-comunidad-mayor-volumen-1\/prepararte-para-el-futuro\">Prepararte para el futuro<\/a><br \/>\n<a href=\"volumen-5\/sabiduria-de-la-comunidad-mayor-volumen-1\/verdades-espirituales\">Verdades espirituales<\/a><br \/>\n<a href=\"volumen-5\/sabiduria-de-la-comunidad-mayor-volumen-1\/servicio-en-el-mundo\">Servicio en el mundo<\/a><br \/>\n<a href=\"volumen-5\/sabiduria-de-la-comunidad-mayor-volumen-1\/poder-y-responsabilidad\">Poder y responsabilidad<\/a><br \/>\n<a href=\"volumen-5\/sabiduria-de-la-comunidad-mayor-volumen-1\/el-amor\">El amor<\/a><br \/>\n<a href=\"volumen-5\/sabiduria-de-la-comunidad-mayor-volumen-1\/la-comunidad-espiritual\">La comunidad espiritual<\/a><br \/>\n<a href=\"volumen-5\/sabiduria-de-la-comunidad-mayor-volumen-1\/la-evolucion-del-mundo\">La evoluci\u00f3n del mundo<\/a><br \/>\n<a href=\"volumen-5\/sabiduria-de-la-comunidad-mayor-volumen-1\/dar-i\" target=\"_self\" rel=\"noopener noreferrer\">Dar I<\/a><br \/>\n<a href=\"volumen-5\/sabiduria-de-la-comunidad-mayor-volumen-1\/dar-ii\" target=\"_self\" rel=\"noopener noreferrer\">Dar II<\/a><br \/>\n<a href=\"volumen-5\/sabiduria-de-la-comunidad-mayor-volumen-1\/la-maestria\">La maestr\u00eda<\/a><br \/>\n<a href=\"volumen-5\/sabiduria-de-la-comunidad-mayor-volumen-1\/la-educacion-superior\">La educaci\u00f3n superior<\/a><br \/>\n<a href=\"volumen-5\/sabiduria-de-la-comunidad-mayor-volumen-1\/la-realizacion\">La realizaci\u00f3n<\/a><br \/>\n<a href=\"volumen-5\/sabiduria-de-la-comunidad-mayor-volumen-1\/la-escucha-interior\">La escucha interior<\/a><br \/>\n<a href=\"volumen-5\/sabiduria-de-la-comunidad-mayor-volumen-1\/la-felicidad-duradera\">La felicidad duradera<\/a><br \/>\n<a href=\"volumen-5\/sabiduria-de-la-comunidad-mayor-volumen-1\/salir-del-sufrimiento\">Salir del sufrimiento<\/a><br \/>\n<a href=\"volumen-5\/sabiduria-de-la-comunidad-mayor-volumen-1\/el-perdon\">El perd\u00f3n<\/a><br \/>\n<a href=\"volumen-5\/sabiduria-de-la-comunidad-mayor-volumen-1\/la-felicidad-en-el-mundo\">La felicidad en el mundo<\/a><br \/>\n<a href=\"volumen-5\/sabiduria-de-la-comunidad-mayor-volumen-1\/liberarse-del-miedo\">Liberarse del miedo<\/a><br \/>\n<a href=\"volumen-5\/sabiduria-de-la-comunidad-mayor-volumen-1\/la-quietud\">La quietud<\/a><br \/>\n<a href=\"volumen-5\/sabiduria-de-la-comunidad-mayor-volumen-1\/la-decepcion\">La decepci\u00f3n<\/a><br \/>\n<a href=\"volumen-5\/sabiduria-de-la-comunidad-mayor-volumen-1\/usar-el-poder-para-el-bien\">Usar el poder para el bien<\/a><br \/>\n<a href=\"volumen-5\/sabiduria-de-la-comunidad-mayor-volumen-1\/la-fe-y-el-miedo\">La fe y el miedo<\/a><br \/>\n<a href=\"volumen-5\/sabiduria-de-la-comunidad-mayor-volumen-1\/la-percepcion\">La percepci\u00f3n<\/a><br \/>\n<a href=\"volumen-5\/sabiduria-de-la-comunidad-mayor-volumen-1\/sanacion\">Sanaci\u00f3n<\/a><br \/>\n<a href=\"volumen-5\/sabiduria-de-la-comunidad-mayor-volumen-1\/el-logro-y-las-relaciones\">El logro y las relaciones<\/a><br \/>\n<a href=\"volumen-5\/sabiduria-de-la-comunidad-mayor-volumen-1\/provocar-cambios\">Provocar cambios<\/a><br \/>\n<a href=\"volumen-5\/sabiduria-de-la-comunidad-mayor-volumen-1\/la-religion-como-educacion\">La religi\u00f3n como educaci\u00f3n<\/a><br \/>\n<a href=\"volumen-5\/sabiduria-de-la-comunidad-mayor-volumen-1\/lograr-la-paz\">Lograr la paz<\/a><br \/>\n<\/div><\/div><br \/>\n<\/div>\n<div class=\"one_third \" ><\/p>\n<div class=\"message-book-div\"><a class=\"message-book-link-to-post\" href=\"volumen-5\/sabiduria-de-la-comunidad-mayor-volumen-2\" rel=\"bookmark\">Sabidur\u00eda de la Comunidad Mayor, Volumen 2<\/a><\/div>\n<div class=\"toggle toggle-gray\"><h4 class=\"trigger \"><span class=\"t_ico\"><\/span><a href=\"#\">\u00cdndice<\/a><\/h4><div class=\"toggle_container \"><br \/>\n<a href=\"volumen-5\/sabiduria-de-la-comunidad-mayor-volumen-2\/ambicion\">La ambici\u00f3n<\/a><br \/>\n<a href=\"volumen-5\/sabiduria-de-la-comunidad-mayor-volumen-2\/las-posesiones\">Las posesiones<\/a><br \/>\n<a href=\"volumen-5\/sabiduria-de-la-comunidad-mayor-volumen-2\/el-placer\">El placer<\/a><br \/>\n<a href=\"volumen-5\/sabiduria-de-la-comunidad-mayor-volumen-2\/servir-a-otros\">Servir a otros<\/a><br \/>\n<a href=\"volumen-5\/sabiduria-de-la-comunidad-mayor-volumen-2\/trabajar-con-la-mente\">Trabajar con la mente<\/a><br \/>\n<a href=\"volumen-5\/sabiduria-de-la-comunidad-mayor-volumen-2\/el-discernimiento\">El discernimiento<\/a><br \/>\n<a href=\"volumen-5\/sabiduria-de-la-comunidad-mayor-volumen-2\/discretion\">La discreci\u00f3n (solo en ingl\u00e9s)<\/a><br \/>\n<a href=\"volumen-5\/sabiduria-de-la-comunidad-mayor-volumen-2\/resolviendo-problemas\">Resolviendo problemas<\/a><br \/>\n<a href=\"volumen-5\/sabiduria-de-la-comunidad-mayor-volumen-2\/honestidad-sabiduria-2\">La honestidad<\/a><br \/>\n<a class=\"text-color-gray-9\" title=\"Visitaciones de la Comunidad Mayor\">Visitaciones de la Comunidad Mayor<\/a><br \/>\n<a href=\"volumen-5\/sabiduria-de-la-comunidad-mayor-volumen-2\/la-practica-espiritual\">La Pr\u00e1ctica espiritual (fragmentos)<\/a><br \/>\n<a href=\"volumen-5\/sabiduria-de-la-comunidad-mayor-volumen-2\/self-expression-the-mental-environment\">La autoexpresi\u00f3n y el ambiente mental (solo en ingl\u00e9s)<\/a><br \/>\n<a href=\"volumen-5\/sabiduria-de-la-comunidad-mayor-volumen-2\/religion-as-mystery\">La religi\u00f3n como misterio (solo en ingl\u00e9s)<\/a><br \/>\n<a class=\"text-color-gray-9\" title=\"La inteligencia\">La inteligencia<\/a><br \/>\n<a class=\"text-color-gray-9\" title=\"Respondiendo a la Comunidad Mayor\">Respondiendo a la Comunidad Mayor<\/a><br \/>\n<a href=\"volumen-5\/sabiduria-de-la-comunidad-mayor-volumen-2\/thresholds\">Umbrales (solo en ingl\u00e9s)<\/a><br \/>\n<a href=\"volumen-5\/sabiduria-de-la-comunidad-mayor-volumen-2\/como-perciben-los-visitantes-a-la-humanidad\">C\u00f3mo perciben los visitantes a la humanidad<\/a><br \/>\n<a href=\"volumen-5\/sabiduria-de-la-comunidad-mayor-volumen-2\/compassion\">La compasi\u00f3n (solo en ingl\u00e9s)<\/a><br \/>\n<a class=\"text-color-gray-9\" title=\"El coraje\">El coraje<\/a><br \/>\n<a class=\"text-color-gray-9\" title=\"Aprender de otros\">Aprender de otros<\/a><br \/>\n<a href=\"volumen-5\/sabiduria-de-la-comunidad-mayor-volumen-2\/devotion-commitment\">Devoci\u00f3n y compromiso (solo en ingl\u00e9s)<\/a><br \/>\n<a href=\"volumen-5\/sabiduria-de-la-comunidad-mayor-volumen-2\/el-dinero\">El dinero<\/a><br \/>\n<a href=\"volumen-5\/sabiduria-de-la-comunidad-mayor-volumen-2\/hacerse-sabio\">Hacerse sabio<\/a><br \/>\n<a href=\"volumen-5\/sabiduria-de-la-comunidad-mayor-volumen-2\/el-trabajo\">El trabajo<\/a><br \/>\n<a class=\"text-color-gray-9\" style=\"line-height: 1.5\" title=\"Ambientes\">Ambientes<\/a><br \/>\n<a href=\"volumen-5\/sabiduria-de-la-comunidad-mayor-volumen-2\/conflictos\">Conflictos<\/a><br \/>\n<a href=\"volumen-5\/sabiduria-de-la-comunidad-mayor-volumen-2\/dudar-de-uno-mismo\">Dudar de uno mismo<\/a><br \/>\n<a href=\"volumen-5\/sabiduria-de-la-comunidad-mayor-volumen-2\/realidades-de-la-comunidad-mayor\">Realidades de la Comunidad Mayor (fragmentos)<\/a><br \/>\n<a class=\"text-color-gray-9\" style=\"line-height: 1.5\" title=\"Greater Community Realities\"><\/a><br \/>\n<a href=\"volumen-5\/sabiduria-de-la-comunidad-mayor-volumen-2\/inspiracion\">Inspiraci\u00f3n (fragmentos)<\/a><br \/>\n<a class=\"text-color-gray-9\" style=\"line-height: 1.5\" title=\"La amabilidad\">La amabilidad<\/a><br \/>\n<a class=\"text-color-gray-9\" style=\"line-height: 1.5\" title=\"La concentraci\u00f3n\">La concentraci\u00f3n<\/a><br \/>\n<a href=\"volumen-5\/sabiduria-de-la-comunidad-mayor-volumen-2\/orgullo\">El orgullo<\/a><br \/>\n<a href=\"volumen-5\/sabiduria-de-la-comunidad-mayor-volumen-2\/perseverancia\">Perseverancia<\/a><br \/>\n<a class=\"text-color-gray-9\" style=\"line-height: 1.5\" title=\"Recorriendo el Camino del Conocimiento\">Recorriendo el Camino del Conocimiento<\/a><\/p>\n<p><\/div><\/div><br \/>\n<\/div>\n<div class=\"one_third last\" ><\/p>\n<div class=\"message-book-div more\"><a class=\"message-book-link-to-post\" title=\"M\u00e1s por llegar\u2026\" href=\"la-revelacion-continua-hasta-hoy\" rel=\"bookmark\">M\u00e1s por llegar\u2026<\/a><\/div>\n<p><\/div>\n<\/div>\n","protected":false},"excerpt":{"rendered":"<p>Acerca del Volumen 5 El Volumen 5 contiene las Ense\u00f1anzas de Sabidur\u00eda del Nuevo Mensaje de Dios. Desde los primeros d\u00edas de Revelaci\u00f3n hasta el presente, Dios ha revelado una vasta riqueza de sabidur\u00eda, hablando de casi todos los temas de importancia e inter\u00e9s, proveyendo gu\u00eda pr\u00e1ctica e espiritual para atender las necesidades de la\u2026 <a class=\"read-more\" href=\"https:\/\/www.v6.newmessage.org\/es\/about-volumes-shortcode\"><span>Read More<\/span><\/a><\/p>\n","protected":false},"author":1,"featured_media":0,"parent":15090,"menu_order":3,"comment_status":"closed","ping_status":"closed","template":"template-leftsidebar.php","meta":{"_monsterinsights_skip_tracking":false,"_monsterinsights_sitenote_active":false,"_monsterinsights_sitenote_note":"","_monsterinsights_sitenote_category":0,"footnotes":""},"categories":[498],"tags":[669],"_links":{"self":[{"href":"https:\/\/www.v6.newmessage.org\/es\/wp-json\/wp\/v2\/pages\/16320"}],"collection":[{"href":"https:\/\/www.v6.newmessage.org\/es\/wp-json\/wp\/v2\/pages"}],"about":[{"href":"https:\/\/www.v6.newmessage.org\/es\/wp-json\/wp\/v2\/types\/page"}],"author":[{"embeddable":true,"href":"https:\/\/www.v6.newmessage.org\/es\/wp-json\/wp\/v2\/users\/1"}],"replies":[{"embeddable":true,"href":"https:\/\/www.v6.newmessage.org\/es\/wp-json\/wp\/v2\/comments?post=16320"}],"version-history":[{"count":77,"href":"https:\/\/www.v6.newmessage.org\/es\/wp-json\/wp\/v2\/pages\/16320\/revisions"}],"predecessor-version":[{"id":30374,"href":"https:\/\/www.v6.newmessage.org\/es\/wp-json\/wp\/v2\/pages\/16320\/revisions\/30374"}],"up":[{"embeddable":true,"href":"https:\/\/www.v6.newmessage.org\/es\/wp-json\/wp\/v2\/pages\/15090"}],"wp:attachment":[{"href":"https:\/\/www.v6.newmessage.org\/es\/wp-json\/wp\/v2\/media?parent=16320"}],"wp:term":[{"taxonomy":"category","embeddable":true,"href":"https:\/\/www.v6.newmessage.org\/es\/wp-json\/wp\/v2\/categories?post=16320"},{"taxonomy":"post_tag","embeddable":true,"href":"https:\/\/www.v6.newmessage.org\/es\/wp-json\/wp\/v2\/tags?post=16320"}],"curies":[{"name":"wp","href":"https:\/\/api.w.org\/{rel}","templated":true}]}}