{"id":16316,"date":"2014-10-25T22:27:50","date_gmt":"2014-10-25T22:27:50","guid":{"rendered":"http:\/\/www.newmessage.org\/?page_id=16316"},"modified":"2022-12-12T20:46:06","modified_gmt":"2022-12-12T20:46:06","slug":"volumen-4","status":"publish","type":"page","link":"https:\/\/www.v6.newmessage.org\/es\/el-mensaje\/volumen-4","title":{"rendered":"Volumen 4"},"content":{"rendered":"<h2><strong><a href=\"https:\/\/www.newmessage.org\/es\/wp-content\/uploads\/sites\/40\/2014\/10\/The-New-Message-from-God-Volume-4-215x300.png\"><\/a><a href=\"https:\/\/www.newmessage.org\/es\/wp-content\/uploads\/sites\/40\/2014\/10\/The-New-Message-from-God-Volume-4-215x300.png\"><img loading=\"lazy\" decoding=\"async\" class=\"imgborder alignright wp-image-28648\" src=\"https:\/\/www.newmessage.org\/es\/wp-content\/uploads\/sites\/40\/2014\/10\/The-New-Message-from-God-Volume-4-215x300-215x300.png\" alt=\"\" width=\"300\" height=\"419\" \/><\/a><\/strong>Acerca del Volumen 4<\/h2>\n<p>El Volumen 4 contiene libros de profec\u00eda y m\u00e1s revelaci\u00f3n del Nuevo Mensaje de Dios.<\/p>\n<p>En los libros de este volumen son centrales los dos grandes eventos de nuestra \u00e9poca: La emergencia de la humanidad a la <a href=\"http:\/\/www.nuevomensaje.org\/el-mensaje\/volumen-1\/la-comunidad-mayor\">Comunidad Mayor de vida en el universo<\/a> (V\u00e9ase el Libro 6 del Volumen 1: La Comunidad Mayor) y las Grandes Olas de cambio que est\u00e1n ahora convergiendo y golpeando el mundo. Estos dos eventos convergentes tienen el poder de reorganizar nuestro mundo, y afectar\u00e1n las vidas de cada hombre, mujer y ni\u00f1o en la Tierra tanto ahora como en los tiempos venideros.<\/p>\n<p>Los libros del Volumen 4, <a href=\"\/es\/el-mensaje\/volumen-4\/las-grandes-olas-de-cambio\"><em>Las Grandes Olas de cambio<\/em><\/a> y <a href=\"\/es\/el-mensaje\/volumen-4\/la-vida-en-el-universo\"><em>La vida en el universo<\/em><\/a>, son un regalo directo de Dios para despertar, alertar y preparar a la familia humana para el gran cambio que est\u00e1 llegando.<\/p>\n<p>Aqu\u00ed Dios est\u00e1 revelando lo que la humanidad no puede ver o saber por su cuenta. Solo la Revelaci\u00f3n Divina puede despertar a la humanidad a los peligros de su presente y su futura situaci\u00f3n. Solo una visi\u00f3n prof\u00e9tica puede tornar nuestra mirada hacia la gran promesa y potencial de la familia humana, incluso mientras enfrentamos nuestras mayores dificultades.<\/p>\n<div class=\"toggle toggle-white\"><h4 class=\"trigger \"><span class=\"t_ico\"><\/span><a href=\"#\">M\u00e1s informaci\u00f3n sobre los vol\u00famenes del Nuevo Mensaje de Dios<\/a><\/h4><div class=\"toggle_container \"><\/p>\n<p><p>El Nuevo Mensaje de Dios estar\u00e1 contenido en \u00faltima instancia en seis vol\u00famenes individuales. Cada volumen contendr\u00e1 dos o m\u00e1s libros y cada libro estar\u00e1 organizado en cap\u00edtulos.<\/p>\n<p>Por tanto, la futura estructura del Nuevo Mensaje podr\u00eda expresarse de esta manera:<\/p>\n<p><strong>Volumen &gt; Libro &gt; Cap\u00edtulo &gt; Vers\u00edculo<\/strong><\/p>\n<p>El Nuevo Mensaje de Dios contiene el mayor cuerpo de Revelaci\u00f3n que se ha dado nunca al mundo. Trata casi cada aspecto de nuestras vidas, mientras presenta nuevas realidades que nunca antes se hab\u00edan revelado. <a href=\"http:\/\/www.nuevomensaje.org\/worldwide-community\/sobre-la-sociedad\">La Sociedad<\/a> est\u00e1 tratando de hacer accesibles al mundo tantos libros y revelaciones habladas como sea posible.<\/p>\n<p>En la actualidad, La Sociedad es capaz de ofrecer un gran n\u00famero de las grabaciones originales de la Voz de la Revelaci\u00f3n. Aqu\u00ed se te invita a experimentar el poder y el misterio de la \u201cVoz\u201d tal y como habl\u00f3 originalmente a trav\u00e9s del Mensajero en un estado de Revelaci\u00f3n. Nunca antes hab\u00eda sido posible escuchar la Voz original de la Revelaci\u00f3n.<\/p>\n<p>La compilaci\u00f3n de todo el Nuevo Mensaje es un trabajo en curso que se est\u00e1 realizando a lo largo de un extenso periodo. Adem\u00e1s, la Revelaci\u00f3n contin\u00faa recibi\u00e9ndose hasta el d\u00eda de hoy, con nuevas ense\u00f1anzas dadas cada a\u00f1o. Como resultado, es muy posible que la selecci\u00f3n de cap\u00edtulos en cada libro cambie y, con ello, los t\u00edtulos de los libros podr\u00edan cambiar tambi\u00e9n para reflejar el creciente alcance de cada libro. Est\u00e1s viviendo en un tiempo de Revelaci\u00f3n y contemplando el proceso de Revelaci\u00f3n despleg\u00e1ndose ante ti.<\/p>\n<p><strong>Libros online<\/strong><\/p>\n<p><a href=\"http:\/\/www.nuevomensaje.org\/worldwide-community\/sobre-la-sociedad\">La Sociedad<\/a> est\u00e1 tratando de hacer que el Nuevo Mensaje est\u00e9 disponible gratuitamente y online para el mundo. En la actualidad, varios libros del Nuevo Mensaje est\u00e1n disponibles gratis en www.nuevomensaje.org. Puedes <a href=\"http:\/\/www.nuevomensaje.org\/el-mensaje\">explorar la biblioteca de libros gratuitos online<\/a>.<\/p>\n<p><strong>Libros impresos<\/strong><\/p>\n<p>La Sociedad ofrece actualmente algunos de los libros del Nuevo Mensaje en formato impreso. Sin embargo, debido al inmenso tama\u00f1o del revelado Nuevo Mensaje, <a href=\"http:\/\/www.nuevomensaje.org\/worldwide-community\/sobre-la-sociedad\">La Sociedad<\/a> no puede todav\u00eda publicar en formato impreso todos los seis vol\u00famenes del Nuevo Mensaje. Para comprar una copia impresa de los libros del Nuevo Mensaje que est\u00e1n actualmente disponibles, por favor visita la tienda de la <a href=\"http:\/\/newknowledgelibrary.org\/\">Biblioteca del Nuevo Conocimiento<\/a> (New Knowledge Library).<\/p>\n<p><strong>CDs y audio en mp3<\/strong><\/p>\n<p>Ciertas revelaciones relacionadas con el estudio en el Nuevo Mensaje est\u00e1n disponibles para comprarse en CD o mp3 descargable. Debido a las realidades financieras que implica alcanzar al mundo entero con el Nuevo Mensaje, <a href=\"http:\/\/www.nuevomensaje.org\/worldwide-community\/sobre-la-sociedad\">La Sociedad<\/a> ofrece ciertas Ense\u00f1anzas a un precio modesto en la tienda de la <a href=\"http:\/\/newknowledgelibrary.org\/\">Biblioteca del Nuevo Conocimiento<\/a> (New Knowledge Library).<\/p>\n<p><strong>El Proyecto Libro Gratis (&#8220;Free Book Project&#8221;)<\/strong><\/p>\n<p>Con un mayor apoyo financiero, <a href=\"http:\/\/www.nuevomensaje.org\/worldwide-community\/sobre-la-sociedad\">La Sociedad<\/a> podr\u00e1 ofrecer m\u00e1s de estas ense\u00f1anzas de sabidur\u00eda gratis y online. Adem\u00e1s, el <a href=\"https:\/\/www.newmessage.org\/the-message\/free-book-project\">Proyecto Libro Gratis<\/a> de La Sociedad ofrece copias personales gratis de los libros y mp3 del Nuevo Mensaje disponibles actualmente a aquellos que carecen de recursos para comprarlos. Te invitamos a <a href=\"http:\/\/www.nuevomensaje.org\/worldwide-community\/sobre-la-sociedad\/apoya-al-nuevo-mensaje\">hacer un donativo<\/a> para sostener el Proyecto Libro Gratis, de manera que m\u00e1s y m\u00e1s personas en necesidad puedan tener acceso al Nuevo Mensaje de Dios.<\/p>\n<p><strong>Publicaciones futuras<\/strong><\/p>\n<p>La Sociedad continuar\u00e1 avanzando su visi\u00f3n de publicar la totalidad del Nuevo Mensaje de Dios, tanto sus libros como sus vol\u00famenes, y quiz\u00e1 un d\u00eda todo en un libro \u00fanico, llamado simplemente \u201cEl Nuevo Mensaje de Dios\u201d. Esta es una empresa enorme para la que La Sociedad necesita tu contribuci\u00f3n y participaci\u00f3n. Por favor, considera <a href=\"http:\/\/www.nuevomensaje.org\/worldwide-community\/sobre-la-sociedad\/apoya-al-nuevo-mensaje\">hacer un donativo o ser un Pilar del Nuevo Mensaje<\/a> para apoyar esta causa sagrada. Te damos las gracias por tu apoyo.<\/p>\n<\/p>\n<p><\/div><\/div>\n<div class=\"clearfix\"><\/div>\n<div class=\"the-message-books-volumes panel-30 background-tile-1 margin-bottom-20\">\n<h2 class=\"text-align-center margin-bottom-20\"><a class=\"text-color-gray-5 not-underlined\" title=\"Volume 4\" href=\"\/es\/el-mensaje\/volumen-4\">Volumen 4<\/a><\/h2>\n<div class=\"one_third \" ><\/p>\n<div class=\"message-book-div\"><a class=\"message-book-link-to-post\" href=\"\/es\/el-mensaje\/volumen-4\/las-grandes-olas-de-cambio\" rel=\"bookmark\">Las Grandes Olas de cambio<\/a><\/div>\n<div class=\"toggle toggle-gray\"><h4 class=\"trigger \"><span class=\"t_ico\"><\/span><a href=\"#\">\u00cdndice<\/a><\/h4><div class=\"toggle_container \"><\/p>\n<p><a href=\"\/es\/el-mensaje\/volumen-4\/las-grandes-olas-de-cambio\/introduccion-GWC\">Introducci\u00f3n<\/a><br \/>\n<a href=\"\/es\/el-mensaje\/volumen-4\/las-grandes-olas-de-cambio\/las-grandes-olas-de-cambio\">Las Grandes Olas de cambio<\/a><br \/>\n<a href=\"\/es\/el-mensaje\/volumen-4\/las-grandes-olas-de-cambio\/las-grandes-olas-y-tu-vida\">Las Grandes Olas y tu vida<\/a><br \/>\n<a href=\"\/es\/el-mensaje\/volumen-4\/las-grandes-olas-de-cambio\/escapando-del-pasado\">Escapando del pasado<\/a><br \/>\n<a href=\"\/es\/el-mensaje\/volumen-4\/las-grandes-olas-de-cambio\/la-libertad-de-moverse-con-el-conocimiento\">La libertad de moverse con el Conocimiento<\/a><br \/>\n<a href=\"\/es\/el-mensaje\/volumen-4\/las-grandes-olas-de-cambio\/la-evaluacion-profunda\">La evaluaci\u00f3n profunda<\/a><br \/>\n<a href=\"\/es\/el-mensaje\/volumen-4\/las-grandes-olas-de-cambio\/las-relaciones-y-las-grandes-olas\">Las relaciones y las Grandes Olas<\/a><br \/>\n<a href=\"\/es\/el-mensaje\/volumen-4\/las-grandes-olas-de-cambio\/preparando-a-vuestra-familia\">Preparando a vuestra familia<\/a><br \/>\n<a href=\"\/es\/el-mensaje\/volumen-4\/las-grandes-olas-de-cambio\/el-peligro-del-aislamiento\">El peligro del aislamiento<\/a><br \/>\n<a href=\"\/es\/el-mensaje\/volumen-4\/las-grandes-olas-de-cambio\/la-profecia-de-las-grandes-olas\">La profec\u00eda de las Grandes Olas<\/a><br \/>\n<a href=\"\/es\/el-mensaje\/volumen-4\/las-grandes-olas-de-cambio\/las-grandes-olas-y-la-realidad-oculta-del-contacto\">Las Grandes Olas y la realidad oculta del Contacto<\/a><br \/>\n<a href=\"\/es\/el-mensaje\/volumen-4\/las-grandes-olas-de-cambio\/donde-pondreis-vuestra-fe\">\u00bfD\u00f3nde pondr\u00e9is vuestra fe?<\/a><br \/>\n<a href=\"\/es\/el-mensaje\/volumen-4\/las-grandes-olas-de-cambio\/vuestro-proposito-y-destino-en-un-mundo-cambiante\">Vuestro prop\u00f3sito y destino en un mundo cambiante<\/a><br \/>\n<a href=\"\/es\/el-mensaje\/volumen-4\/las-grandes-olas-de-cambio\/un-nuevo-mensaje-de-esperanza\">Un Nuevo Mensaje de esperanza<\/a><br \/>\n<a href=\"\/es\/el-mensaje\/volumen-4\/las-grandes-olas-de-cambio\/ver-saber-y-actuar\">Ver, saber y actuar<\/a><br \/>\n<a href=\"\/es\/el-mensaje\/volumen-4\/las-grandes-olas-de-cambio\/recomendaciones-para-vivir-en-un-mundo-de-grandes-olas\">Recomendaciones para Vivir en un Mundo de Grandes Olas<\/a><br \/>\n<a href=\"\/es\/el-mensaje\/volumen-4\/las-grandes-olas-de-cambio\/practicas-para-las-grandes-olas-de-cambio\">Pr\u00e1cticas para las Grandes Olas de cambio<\/a><br \/>\n<\/div><\/div><br \/>\n<\/div>\n<div class=\"one_third \" ><\/p>\n<div class=\"message-book-div\"><a class=\"message-book-link-to-post\" href=\"\/es\/el-mensaje\/volumen-4\/la-vida-en-el-universo\" rel=\"bookmark\">La vida en el universo<\/a><\/div>\n<div class=\"toggle toggle-gray\"><h4 class=\"trigger \"><span class=\"t_ico\"><\/span><a href=\"#\">\u00cdndice<\/a><\/h4><div class=\"toggle_container \"><br \/>\n<a href=\"\/es\/el-mensaje\/volumen-4\/la-vida-en-el-universo\/introduccion-a-la-vida-en-el-universo\">Introducci\u00f3n<\/a><br \/>\n<a href=\"\/es\/el-mensaje\/volumen-4\/la-vida-en-el-universo\/facing-greater-community-life\">Encarando una Comunidad Mayor de vida<\/a><br \/>\n<a href=\"\/es\/el-mensaje\/volumen-4\/la-vida-en-el-universo\/una-breve-historia-de-la-visitacion-a-la-tierra\">Una breve historia de la visitaci\u00f3n a la Tierra<\/a><br \/>\n<a href=\"\/es\/el-mensaje\/volumen-4\/la-vida-en-el-universo\/los-limites-del-viaje-espacial\">Los l\u00edmites del viaje espacial<\/a><br \/>\n<a href=\"\/es\/el-mensaje\/volumen-4\/la-vida-en-el-universo\/el-comercio-en-esta-region-del-espacio\">El comercio en esta regi\u00f3n del espacio<\/a><br \/>\n<a href=\"\/es\/el-mensaje\/volumen-4\/la-vida-en-el-universo\/la-tecnologia-y-los-diferentes-caminos-hacia-la-estabilidad\">La tecnolog\u00eda y los diferentes caminos hacia la estabilidad<\/a><br \/>\n<a href=\"\/es\/el-mensaje\/volumen-4\/la-vida-en-el-universo\/familias-y-manipulacion-genetica\">Familias y manipulaci\u00f3n gen\u00e9tica<\/a><br \/>\n<a href=\"\/es\/el-mensaje\/volumen-4\/la-vida-en-el-universo\/competicion-influencia-y-el-ambiente-mental\">Competici\u00f3n, influencia y el ambiente mental<\/a><br \/>\n<a href=\"\/es\/el-mensaje\/volumen-4\/la-vida-en-el-universo\/la-libertad-en-la-comunidad-mayor\">La libertad en la Comunidad Mayor<\/a><br \/>\n<a href=\"\/es\/el-mensaje\/volumen-4\/la-vida-en-el-universo\/la-religion-en-la-comunidad-mayor\">La religi\u00f3n en la Comunidad Mayor<\/a><br \/>\n<a href=\"\/es\/el-mensaje\/volumen-4\/la-vida-en-el-universo\/el-poder-del-conocimiento\">El poder del Conocimiento<\/a><br \/>\n<a href=\"\/es\/el-mensaje\/volumen-4\/la-vida-en-el-universo\/fuerzas-invisibles-en-el-universo\">Fuerzas Invisibles en el universo<\/a><br \/>\n<a href=\"\/es\/el-mensaje\/volumen-4\/la-vida-en-el-universo\/creacion-y-destino\">Creaci\u00f3n y destino<\/a><br \/>\n<a href=\"\/es\/el-mensaje\/volumen-4\/la-vida-en-el-universo\/el-dios-de-la-comunidad-mayor\">El Dios de la Comunidad Mayor<\/a><br \/>\n<a href=\"\/es\/el-mensaje\/volumen-4\/la-vida-en-el-universo\/vuestra-relacion-con-la-comunidad-mayor\">Vuestra relaci\u00f3n con la Comunidad Mayor<\/a><br \/>\n<a href=\"\/es\/el-mensaje\/volumen-4\/la-vida-en-el-universo\/mensaje-de-marshall-vian-summers\">Mensaje de Marshall Vian Summers<\/a><br \/>\n<\/div><\/div><br \/>\n<\/div>\n<div class=\"one_third last\" ><\/p>\n<div class=\"message-book-div more\"><a class=\"message-book-link-to-post\" title=\"M\u00e1s por llegar\u2026\" href=\"\/es\/el-mensaje\/la-revelacion-continua-hasta-hoy\" rel=\"bookmark\">M\u00e1s por llegar\u2026<\/a><\/div>\n<p><\/div>\n<\/div>\n","protected":false},"excerpt":{"rendered":"<p>Acerca del Volumen 4 El Volumen 4 contiene libros de profec\u00eda y m\u00e1s revelaci\u00f3n del Nuevo Mensaje de Dios. En los libros de este volumen son centrales los dos grandes eventos de nuestra \u00e9poca: La emergencia de la humanidad a la Comunidad Mayor de vida en el universo (V\u00e9ase el Libro 6 del Volumen 1:\u2026 <a class=\"read-more\" href=\"https:\/\/www.v6.newmessage.org\/es\/about-volumes-shortcode\"><span>Read More<\/span><\/a><\/p>\n","protected":false},"author":1,"featured_media":0,"parent":15090,"menu_order":16,"comment_status":"closed","ping_status":"closed","template":"template-leftsidebar.php","meta":{"_monsterinsights_skip_tracking":false,"_monsterinsights_sitenote_active":false,"_monsterinsights_sitenote_note":"","_monsterinsights_sitenote_category":0,"footnotes":""},"categories":[471],"tags":[668],"_links":{"self":[{"href":"https:\/\/www.v6.newmessage.org\/es\/wp-json\/wp\/v2\/pages\/16316"}],"collection":[{"href":"https:\/\/www.v6.newmessage.org\/es\/wp-json\/wp\/v2\/pages"}],"about":[{"href":"https:\/\/www.v6.newmessage.org\/es\/wp-json\/wp\/v2\/types\/page"}],"author":[{"embeddable":true,"href":"https:\/\/www.v6.newmessage.org\/es\/wp-json\/wp\/v2\/users\/1"}],"replies":[{"embeddable":true,"href":"https:\/\/www.v6.newmessage.org\/es\/wp-json\/wp\/v2\/comments?post=16316"}],"version-history":[{"count":52,"href":"https:\/\/www.v6.newmessage.org\/es\/wp-json\/wp\/v2\/pages\/16316\/revisions"}],"predecessor-version":[{"id":30369,"href":"https:\/\/www.v6.newmessage.org\/es\/wp-json\/wp\/v2\/pages\/16316\/revisions\/30369"}],"up":[{"embeddable":true,"href":"https:\/\/www.v6.newmessage.org\/es\/wp-json\/wp\/v2\/pages\/15090"}],"wp:attachment":[{"href":"https:\/\/www.v6.newmessage.org\/es\/wp-json\/wp\/v2\/media?parent=16316"}],"wp:term":[{"taxonomy":"category","embeddable":true,"href":"https:\/\/www.v6.newmessage.org\/es\/wp-json\/wp\/v2\/categories?post=16316"},{"taxonomy":"post_tag","embeddable":true,"href":"https:\/\/www.v6.newmessage.org\/es\/wp-json\/wp\/v2\/tags?post=16316"}],"curies":[{"name":"wp","href":"https:\/\/api.w.org\/{rel}","templated":true}]}}