{"id":16314,"date":"2014-10-25T22:27:22","date_gmt":"2014-10-25T22:27:22","guid":{"rendered":"http:\/\/www.newmessage.org\/?page_id=16314"},"modified":"2022-12-12T20:42:48","modified_gmt":"2022-12-12T20:42:48","slug":"volumen-3","status":"publish","type":"page","link":"https:\/\/www.v6.newmessage.org\/es\/el-mensaje\/volumen-3","title":{"rendered":"Volumen 3"},"content":{"rendered":"<h2><strong><a href=\"https:\/\/www.newmessage.org\/es\/wp-content\/uploads\/sites\/40\/2014\/10\/The-New-Message-from-God-Volume-3-215x300.png\"><img loading=\"lazy\" decoding=\"async\" class=\"imgborder alignright wp-image-28646\" src=\"https:\/\/www.newmessage.org\/es\/wp-content\/uploads\/sites\/40\/2014\/10\/The-New-Message-from-God-Volume-3-215x300-215x300.png\" alt=\"\" width=\"300\" height=\"419\" \/><\/a><\/strong>Acerca del Volumen 3<\/h2>\n<p>El Volumen 3 contiene los libros de pr\u00e1ctica espiritual del Nuevo Mensaje de Dios. Aqu\u00ed se encuentra el texto de los <a href=\"\/es\/el-mensaje\/volumen-3\/pasos-al-conocimiento-el-libro-del-saber-interno\"><em>Pasos al Conocimiento<\/em><\/a>, uno de los primeros libros de Revelaci\u00f3n, dado al Mensajero por la fuente en 1989. Pasos es ahora la base de un nuevo camino de pr\u00e1ctica, redenci\u00f3n y retorno dado por Dios a la humanidad en esta \u00e9poca.<\/p>\n<p>Al estudio en los <em>Pasos al Conocimiento<\/em> le siguen los <a href=\"\/es\/el-mensaje\/volumen-3\/pasos-al-conocimiento-entrenamiento-de-continuacion\"><em>Pasos al Conocimiento: Entrenamiento de continuaci\u00f3n<\/em><\/a>, que ampl\u00eda el viaje de los Pasos hacia nuevas e importantes \u00e1reas. Estos dos libros proveen un camino esencial para vivir una vida inspirada y satisfactoria.<\/p>\n<p>En el Volumen 3 tambi\u00e9n se encuentra el libro <a href=\"\/es\/el-mensaje\/volumen-3\/vivir-el-camino-del-conocimiento\"><em>Viviendo el Camino del Conocimiento<\/em><\/a>, que presenta la ense\u00f1anza de los Cuatro Pilares de la vida: El Pilar de las relaciones, el Pilar del trabajo, el Pilar de la salud y el Pilar del desarrollo espiritual.<\/p>\n<p>En el futuro, este volumen contendr\u00e1 otros libros a medida que el Mensajero compila y prepara la profunda riqueza de textos y ense\u00f1anzas del camino para el mundo.<\/p>\n<div class=\"toggle toggle-white\"><h4 class=\"trigger \"><span class=\"t_ico\"><\/span><a href=\"#\">M\u00e1s informaci\u00f3n sobre los vol\u00famenes del Nuevo Mensaje de Dios<\/a><\/h4><div class=\"toggle_container \"><\/p>\n<p><p>El Nuevo Mensaje de Dios estar\u00e1 contenido en \u00faltima instancia en seis vol\u00famenes individuales. Cada volumen contendr\u00e1 dos o m\u00e1s libros y cada libro estar\u00e1 organizado en cap\u00edtulos.<\/p>\n<p>Por tanto, la futura estructura del Nuevo Mensaje podr\u00eda expresarse de esta manera:<\/p>\n<p><strong>Volumen &gt; Libro &gt; Cap\u00edtulo &gt; Vers\u00edculo<\/strong><\/p>\n<p>El Nuevo Mensaje de Dios contiene el mayor cuerpo de Revelaci\u00f3n que se ha dado nunca al mundo. Trata casi cada aspecto de nuestras vidas, mientras presenta nuevas realidades que nunca antes se hab\u00edan revelado. <a href=\"http:\/\/www.nuevomensaje.org\/worldwide-community\/sobre-la-sociedad\">La Sociedad<\/a> est\u00e1 tratando de hacer accesibles al mundo tantos libros y revelaciones habladas como sea posible.<\/p>\n<p>En la actualidad, La Sociedad es capaz de ofrecer un gran n\u00famero de las grabaciones originales de la Voz de la Revelaci\u00f3n. Aqu\u00ed se te invita a experimentar el poder y el misterio de la \u201cVoz\u201d tal y como habl\u00f3 originalmente a trav\u00e9s del Mensajero en un estado de Revelaci\u00f3n. Nunca antes hab\u00eda sido posible escuchar la Voz original de la Revelaci\u00f3n.<\/p>\n<p>La compilaci\u00f3n de todo el Nuevo Mensaje es un trabajo en curso que se est\u00e1 realizando a lo largo de un extenso periodo. Adem\u00e1s, la Revelaci\u00f3n contin\u00faa recibi\u00e9ndose hasta el d\u00eda de hoy, con nuevas ense\u00f1anzas dadas cada a\u00f1o. Como resultado, es muy posible que la selecci\u00f3n de cap\u00edtulos en cada libro cambie y, con ello, los t\u00edtulos de los libros podr\u00edan cambiar tambi\u00e9n para reflejar el creciente alcance de cada libro. Est\u00e1s viviendo en un tiempo de Revelaci\u00f3n y contemplando el proceso de Revelaci\u00f3n despleg\u00e1ndose ante ti.<\/p>\n<p><strong>Libros online<\/strong><\/p>\n<p><a href=\"http:\/\/www.nuevomensaje.org\/worldwide-community\/sobre-la-sociedad\">La Sociedad<\/a> est\u00e1 tratando de hacer que el Nuevo Mensaje est\u00e9 disponible gratuitamente y online para el mundo. En la actualidad, varios libros del Nuevo Mensaje est\u00e1n disponibles gratis en www.nuevomensaje.org. Puedes <a href=\"http:\/\/www.nuevomensaje.org\/el-mensaje\">explorar la biblioteca de libros gratuitos online<\/a>.<\/p>\n<p><strong>Libros impresos<\/strong><\/p>\n<p>La Sociedad ofrece actualmente algunos de los libros del Nuevo Mensaje en formato impreso. Sin embargo, debido al inmenso tama\u00f1o del revelado Nuevo Mensaje, <a href=\"http:\/\/www.nuevomensaje.org\/worldwide-community\/sobre-la-sociedad\">La Sociedad<\/a> no puede todav\u00eda publicar en formato impreso todos los seis vol\u00famenes del Nuevo Mensaje. Para comprar una copia impresa de los libros del Nuevo Mensaje que est\u00e1n actualmente disponibles, por favor visita la tienda de la <a href=\"http:\/\/newknowledgelibrary.org\/\">Biblioteca del Nuevo Conocimiento<\/a> (New Knowledge Library).<\/p>\n<p><strong>CDs y audio en mp3<\/strong><\/p>\n<p>Ciertas revelaciones relacionadas con el estudio en el Nuevo Mensaje est\u00e1n disponibles para comprarse en CD o mp3 descargable. Debido a las realidades financieras que implica alcanzar al mundo entero con el Nuevo Mensaje, <a href=\"http:\/\/www.nuevomensaje.org\/worldwide-community\/sobre-la-sociedad\">La Sociedad<\/a> ofrece ciertas Ense\u00f1anzas a un precio modesto en la tienda de la <a href=\"http:\/\/newknowledgelibrary.org\/\">Biblioteca del Nuevo Conocimiento<\/a> (New Knowledge Library).<\/p>\n<p><strong>El Proyecto Libro Gratis (&#8220;Free Book Project&#8221;)<\/strong><\/p>\n<p>Con un mayor apoyo financiero, <a href=\"http:\/\/www.nuevomensaje.org\/worldwide-community\/sobre-la-sociedad\">La Sociedad<\/a> podr\u00e1 ofrecer m\u00e1s de estas ense\u00f1anzas de sabidur\u00eda gratis y online. Adem\u00e1s, el <a href=\"https:\/\/www.newmessage.org\/the-message\/free-book-project\">Proyecto Libro Gratis<\/a> de La Sociedad ofrece copias personales gratis de los libros y mp3 del Nuevo Mensaje disponibles actualmente a aquellos que carecen de recursos para comprarlos. Te invitamos a <a href=\"http:\/\/www.nuevomensaje.org\/worldwide-community\/sobre-la-sociedad\/apoya-al-nuevo-mensaje\">hacer un donativo<\/a> para sostener el Proyecto Libro Gratis, de manera que m\u00e1s y m\u00e1s personas en necesidad puedan tener acceso al Nuevo Mensaje de Dios.<\/p>\n<p><strong>Publicaciones futuras<\/strong><\/p>\n<p>La Sociedad continuar\u00e1 avanzando su visi\u00f3n de publicar la totalidad del Nuevo Mensaje de Dios, tanto sus libros como sus vol\u00famenes, y quiz\u00e1 un d\u00eda todo en un libro \u00fanico, llamado simplemente \u201cEl Nuevo Mensaje de Dios\u201d. Esta es una empresa enorme para la que La Sociedad necesita tu contribuci\u00f3n y participaci\u00f3n. Por favor, considera <a href=\"http:\/\/www.nuevomensaje.org\/worldwide-community\/sobre-la-sociedad\/apoya-al-nuevo-mensaje\">hacer un donativo o ser un Pilar del Nuevo Mensaje<\/a> para apoyar esta causa sagrada. Te damos las gracias por tu apoyo.<\/p>\n<br \/>\n<\/div><\/div>\n<div class=\"clearfix\"><\/div>\n<div class=\"the-message-books-volumes panel-30 background-tile-1 margin-bottom-20\">\n<h2 class=\"text-align-center margin-bottom-20\"><a class=\"text-color-gray-5 not-underlined\" title=\"Volumen 3\" href=\"\/es\/el-mensaje\/volumen-3\">Volumen 3<\/a><\/h2>\n<div class=\"one_third \" ><\/p>\n<div class=\"message-book-div\"><a class=\"message-book-link-to-post\" title=\"Pasos al Conocimiento\" href=\"\/es\/el-mensaje\/volumen-3\/pasos-al-conocimiento-el-libro-del-saber-interno\" rel=\"bookmark\">Pasos al Conocimiento<\/a><\/div>\n<p><\/div>\n<div class=\"one_third \" ><\/p>\n<div class=\"message-book-div\"><a class=\"message-book-link-to-post\" title=\"Pasos al Conocimiento: Entrenamiento de continuaci\u00f3n\" href=\"\/es\/el-mensaje\/volumen-3\/pasos-al-conocimiento-entrenamiento-de-continuacion\" rel=\"bookmark\">Pasos al Conocimiento: Continuaci\u00f3n<\/a><\/div>\n<p><\/div>\n<div class=\"one_third last\" ><\/p>\n<div class=\"message-book-div\"><a class=\"message-book-link-to-post\" title=\"Vivir el Camino del Conocimiento\" href=\"\/es\/el-mensaje\/volumen-3\/vivir-el-camino-del-conocimiento\" rel=\"bookmark\">Vivir el Camino del Conocimiento<\/a><\/div>\n<div class=\"toggle toggle-gray\"><h4 class=\"trigger \"><span class=\"t_ico\"><\/span><a href=\"#\">\u00cdndice<\/a><\/h4><div class=\"toggle_container \"><\/p>\n<p><a href=\"\/el-mensaje\/volumen-3\/vivir-el-camino-del-conocimiento\/introduccion-lwk\">Introducci\u00f3n<\/a><br \/>\nCap\u00edtulo 1: <a href=\"\/es\/el-mensaje\/volumen-3\/vivir-el-camino-del-conocimiento\/vivir-en-un-mundo-emergente\">Vivir en un mundo emergente<\/a><br \/>\nCap\u00edtulo 2: <a href=\"\/es\/el-mensaje\/volumen-3\/vivir-el-camino-del-conocimiento\/los-cuatro-pilares-de-la-vida\">Los Cuatro Pilares de la vida<\/a><br \/>\nCap\u00edtulo 3: <a href=\"\/es\/el-mensaje\/volumen-3\/vivir-el-camino-del-conocimiento\/el-pilar-de-las-relaciones\">El Pilar de las relaciones<\/a><br \/>\nCap\u00edtulo 4: <a href=\"\/es\/el-mensaje\/volumen-3\/vivir-el-camino-del-conocimiento\/el-pilar-de-la-salud\">El Pilar de la salud<\/a><br \/>\nCap\u00edtulo 5: <a href=\"\/es\/el-mensaje\/volumen-3\/vivir-el-camino-del-conocimiento\/el-pilar-del-trabajo\">El Pilar del trabajo<\/a><br \/>\nCap\u00edtulo 6: <a href=\"\/es\/el-mensaje\/volumen-3\/vivir-el-camino-del-conocimiento\/el-pilar-del-desarrollo-espiritual\">El Pilar del desarrollo espiritual<\/a><br \/>\nCap\u00edtulo 7: <a href=\"\/es\/el-mensaje\/volumen-3\/vivir-el-camino-del-conocimiento\/tu-relacion-con-tu-familia-espiritual\">Tu relaci\u00f3n con tu Familia Espiritual<\/a><br \/>\nCap\u00edtulo 8: <a href=\"\/es\/el-mensaje\/volumen-3\/vivir-el-camino-del-conocimiento\/construir-una-comunidad-espiritual\">Construir una comunidad espiritual<\/a><br \/>\nCap\u00edtulo 9: <a href=\"\/es\/el-mensaje\/volumen-3\/vivir-el-camino-del-conocimiento\/compartir-el-camino-del-conocimiento-con-otros\">Compartir el Camino del Conocimiento con otros<\/a><br \/>\nCap\u00edtulo 10: <a href=\"\/es\/el-mensaje\/volumen-3\/vivir-el-camino-del-conocimiento\/estar-presente-en-el-mundo\">Estar presente en el mundo<\/a><br \/>\nCap\u00edtulo 11: <a href=\"\/es\/el-mensaje\/volumen-3\/vivir-el-camino-del-conocimiento\/preparandote-para-el-futuro-ltw\">Prepar\u00e1ndote para el futuro<\/a><br \/>\n<\/div><\/div><br \/>\n<\/div>\n<div class=\"one_third \" ><\/p>\n<div class=\"message-book-div more\"><a class=\"message-book-link-to-post\" title=\"M\u00e1s por llegar\u2026\" href=\"\/es\/el-mensaje\/la-revelacion-continua-hasta-hoy\" rel=\"bookmark\">M\u00e1s por llegar\u2026<\/a><\/div>\n<p><\/div>\n<\/div>\n","protected":false},"excerpt":{"rendered":"<p>Acerca del Volumen 3 El Volumen 3 contiene los libros de pr\u00e1ctica espiritual del Nuevo Mensaje de Dios. Aqu\u00ed se encuentra el texto de los Pasos al Conocimiento, uno de los primeros libros de Revelaci\u00f3n, dado al Mensajero por la fuente en 1989. Pasos es ahora la base de un nuevo camino de pr\u00e1ctica, redenci\u00f3n\u2026 <a class=\"read-more\" href=\"https:\/\/www.v6.newmessage.org\/es\/about-volumes-shortcode\"><span>Read More<\/span><\/a><\/p>\n","protected":false},"author":1,"featured_media":0,"parent":15090,"menu_order":10,"comment_status":"closed","ping_status":"closed","template":"template-leftsidebar.php","meta":{"_monsterinsights_skip_tracking":false,"_monsterinsights_sitenote_active":false,"_monsterinsights_sitenote_note":"","_monsterinsights_sitenote_category":0,"footnotes":""},"categories":[470],"tags":[667],"_links":{"self":[{"href":"https:\/\/www.v6.newmessage.org\/es\/wp-json\/wp\/v2\/pages\/16314"}],"collection":[{"href":"https:\/\/www.v6.newmessage.org\/es\/wp-json\/wp\/v2\/pages"}],"about":[{"href":"https:\/\/www.v6.newmessage.org\/es\/wp-json\/wp\/v2\/types\/page"}],"author":[{"embeddable":true,"href":"https:\/\/www.v6.newmessage.org\/es\/wp-json\/wp\/v2\/users\/1"}],"replies":[{"embeddable":true,"href":"https:\/\/www.v6.newmessage.org\/es\/wp-json\/wp\/v2\/comments?post=16314"}],"version-history":[{"count":49,"href":"https:\/\/www.v6.newmessage.org\/es\/wp-json\/wp\/v2\/pages\/16314\/revisions"}],"predecessor-version":[{"id":30368,"href":"https:\/\/www.v6.newmessage.org\/es\/wp-json\/wp\/v2\/pages\/16314\/revisions\/30368"}],"up":[{"embeddable":true,"href":"https:\/\/www.v6.newmessage.org\/es\/wp-json\/wp\/v2\/pages\/15090"}],"wp:attachment":[{"href":"https:\/\/www.v6.newmessage.org\/es\/wp-json\/wp\/v2\/media?parent=16314"}],"wp:term":[{"taxonomy":"category","embeddable":true,"href":"https:\/\/www.v6.newmessage.org\/es\/wp-json\/wp\/v2\/categories?post=16314"},{"taxonomy":"post_tag","embeddable":true,"href":"https:\/\/www.v6.newmessage.org\/es\/wp-json\/wp\/v2\/tags?post=16314"}],"curies":[{"name":"wp","href":"https:\/\/api.w.org\/{rel}","templated":true}]}}