{"id":16312,"date":"2014-10-25T22:25:11","date_gmt":"2014-10-25T22:25:11","guid":{"rendered":"http:\/\/www.newmessage.org\/?page_id=16312"},"modified":"2022-12-13T17:10:07","modified_gmt":"2022-12-13T17:10:07","slug":"volumen-2","status":"publish","type":"page","link":"https:\/\/www.v6.newmessage.org\/es\/el-mensaje\/volumen-2","title":{"rendered":"Volumen 2"},"content":{"rendered":"<h3><a href=\"https:\/\/www.newmessage.org\/es\/wp-content\/uploads\/sites\/40\/2014\/10\/The-New-Message-from-God-Volume-2-214x300.png\"><img loading=\"lazy\" decoding=\"async\" class=\"imgborder alignright wp-image-28641\" src=\"https:\/\/www.newmessage.org\/es\/wp-content\/uploads\/sites\/40\/2014\/10\/The-New-Message-from-God-Volume-2-214x300-214x300.png\" alt=\"\" width=\"300\" height=\"421\" \/><\/a>Acerca del Volumen 2<\/h3>\n<p>El Volumen 2 del Nuevo Mensaje de Dios contiene la tradici\u00f3n espiritual m\u00e1s profunda en el coraz\u00f3n de la Nueva Revelaci\u00f3n de Dios para la humanidad.<\/p>\n<p>Aqu\u00ed se incluyen los textos fundacionales de la teolog\u00eda y la espiritualidad del Nuevo Mensaje de Dios, incluyendo los libros <em><a href=\"volumen-2\/espiritualidad-de-la-comunidad-mayor\">Espiritualidad de la Comunidad Mayor<\/a><\/em>, <a href=\"volumen-2\/relaciones-y-proposito-superior\"><em>Las relaciones y el Prop\u00f3sito Superior<\/em><\/a> y <a href=\"volumen-2\/la-comunidad-global-del-nuevo-mensaje-de-dios\"><em>La Comunidad Global del Nuevo Mensaje de Dios<\/em><\/a>. Estos textos sagrados \u00fanicos fueron recibidos por el Mensajero en un continuo proceso de Revelaci\u00f3n.<\/p>\n<p>Estos textos exponen la Revelaci\u00f3n esencial de Dios para el mundo en lo que respecta al Conocimiento (<a href=\"volumen-2\/espiritualidad-de-la-comunidad-mayor\/que-es-el-conocimiento\">\u00bfQu\u00e9 es el Conocimiento?<\/a>), la Comunidad Mayor (<a href=\"volumen-2\/espiritualidad-de-la-comunidad-mayor\/que-es-la-comunidad-mayor\">\u00bfQu\u00e9 es la Comunidad Mayor?<\/a>) y <a href=\"volumen-2\/relaciones-y-proposito-superior\">las Relaciones y el Prop\u00f3sito Superior<\/a>, as\u00ed como las ense\u00f1anzas seminales sobre la naturaleza de la Presencia y el Prop\u00f3sito de Dios en el mundo y en el universo m\u00e1s all\u00e1 del mundo.<\/p>\n<p>En estos textos, se introduce a la humanidad al Camino del Conocimiento de la Comunidad Mayor, el camino de pr\u00e1ctica espiritual y desarrollo interno que se practica por todo el universo desde tiempo inmemorial. El Camino del Conocimiento de la Comunidad Mayor est\u00e1 present\u00e1ndose a nuestro mundo por primera vez.<\/p>\n<p>Aunque estos textos establecen los cimientos espirituales del Nuevo Mensaje, tambi\u00e9n hacen sonar una llamada profundamente \u00edntima de Dios al individuo, una llamada de gran poder y misterio. Esta llamada suena para ti, llam\u00e1ndote a los antiguos pasillos de tu mente, llam\u00e1ndote a un Conocimiento m\u00e1s profundo y un recuerdo antiguo que viven dentro de ti, a la espera de ser descubiertos.<\/p>\n<div class=\"toggle toggle-white\"><h4 class=\"trigger \"><span class=\"t_ico\"><\/span><a href=\"#\">M\u00e1s informaci\u00f3n sobre los vol\u00famenes del Nuevo Mensaje de Dios<\/a><\/h4><div class=\"toggle_container \"><br \/>\n<p>El Nuevo Mensaje de Dios estar\u00e1 contenido en \u00faltima instancia en seis vol\u00famenes individuales. Cada volumen contendr\u00e1 dos o m\u00e1s libros y cada libro estar\u00e1 organizado en cap\u00edtulos.<\/p>\n<p>Por tanto, la futura estructura del Nuevo Mensaje podr\u00eda expresarse de esta manera:<\/p>\n<p><strong>Volumen &gt; Libro &gt; Cap\u00edtulo &gt; Vers\u00edculo<\/strong><\/p>\n<p>El Nuevo Mensaje de Dios contiene el mayor cuerpo de Revelaci\u00f3n que se ha dado nunca al mundo. Trata casi cada aspecto de nuestras vidas, mientras presenta nuevas realidades que nunca antes se hab\u00edan revelado. <a href=\"http:\/\/www.nuevomensaje.org\/worldwide-community\/sobre-la-sociedad\">La Sociedad<\/a> est\u00e1 tratando de hacer accesibles al mundo tantos libros y revelaciones habladas como sea posible.<\/p>\n<p>En la actualidad, La Sociedad es capaz de ofrecer un gran n\u00famero de las grabaciones originales de la Voz de la Revelaci\u00f3n. Aqu\u00ed se te invita a experimentar el poder y el misterio de la \u201cVoz\u201d tal y como habl\u00f3 originalmente a trav\u00e9s del Mensajero en un estado de Revelaci\u00f3n. Nunca antes hab\u00eda sido posible escuchar la Voz original de la Revelaci\u00f3n.<\/p>\n<p>La compilaci\u00f3n de todo el Nuevo Mensaje es un trabajo en curso que se est\u00e1 realizando a lo largo de un extenso periodo. Adem\u00e1s, la Revelaci\u00f3n contin\u00faa recibi\u00e9ndose hasta el d\u00eda de hoy, con nuevas ense\u00f1anzas dadas cada a\u00f1o. Como resultado, es muy posible que la selecci\u00f3n de cap\u00edtulos en cada libro cambie y, con ello, los t\u00edtulos de los libros podr\u00edan cambiar tambi\u00e9n para reflejar el creciente alcance de cada libro. Est\u00e1s viviendo en un tiempo de Revelaci\u00f3n y contemplando el proceso de Revelaci\u00f3n despleg\u00e1ndose ante ti.<\/p>\n<p><strong>Libros online<\/strong><\/p>\n<p><a href=\"http:\/\/www.nuevomensaje.org\/worldwide-community\/sobre-la-sociedad\">La Sociedad<\/a> est\u00e1 tratando de hacer que el Nuevo Mensaje est\u00e9 disponible gratuitamente y online para el mundo. En la actualidad, varios libros del Nuevo Mensaje est\u00e1n disponibles gratis en www.nuevomensaje.org. Puedes <a href=\"http:\/\/www.nuevomensaje.org\/el-mensaje\">explorar la biblioteca de libros gratuitos online<\/a>.<\/p>\n<p><strong>Libros impresos<\/strong><\/p>\n<p>La Sociedad ofrece actualmente algunos de los libros del Nuevo Mensaje en formato impreso. Sin embargo, debido al inmenso tama\u00f1o del revelado Nuevo Mensaje, <a href=\"http:\/\/www.nuevomensaje.org\/worldwide-community\/sobre-la-sociedad\">La Sociedad<\/a> no puede todav\u00eda publicar en formato impreso todos los seis vol\u00famenes del Nuevo Mensaje. Para comprar una copia impresa de los libros del Nuevo Mensaje que est\u00e1n actualmente disponibles, por favor visita la tienda de la <a href=\"http:\/\/newknowledgelibrary.org\/\">Biblioteca del Nuevo Conocimiento<\/a> (New Knowledge Library).<\/p>\n<p><strong>CDs y audio en mp3<\/strong><\/p>\n<p>Ciertas revelaciones relacionadas con el estudio en el Nuevo Mensaje est\u00e1n disponibles para comprarse en CD o mp3 descargable. Debido a las realidades financieras que implica alcanzar al mundo entero con el Nuevo Mensaje, <a href=\"http:\/\/www.nuevomensaje.org\/worldwide-community\/sobre-la-sociedad\">La Sociedad<\/a> ofrece ciertas Ense\u00f1anzas a un precio modesto en la tienda de la <a href=\"http:\/\/newknowledgelibrary.org\/\">Biblioteca del Nuevo Conocimiento<\/a> (New Knowledge Library).<\/p>\n<p><strong>El Proyecto Libro Gratis (&#8220;Free Book Project&#8221;)<\/strong><\/p>\n<p>Con un mayor apoyo financiero, <a href=\"http:\/\/www.nuevomensaje.org\/worldwide-community\/sobre-la-sociedad\">La Sociedad<\/a> podr\u00e1 ofrecer m\u00e1s de estas ense\u00f1anzas de sabidur\u00eda gratis y online. Adem\u00e1s, el <a href=\"https:\/\/www.newmessage.org\/the-message\/free-book-project\">Proyecto Libro Gratis<\/a> de La Sociedad ofrece copias personales gratis de los libros y mp3 del Nuevo Mensaje disponibles actualmente a aquellos que carecen de recursos para comprarlos. Te invitamos a <a href=\"http:\/\/www.nuevomensaje.org\/worldwide-community\/sobre-la-sociedad\/apoya-al-nuevo-mensaje\">hacer un donativo<\/a> para sostener el Proyecto Libro Gratis, de manera que m\u00e1s y m\u00e1s personas en necesidad puedan tener acceso al Nuevo Mensaje de Dios.<\/p>\n<p><strong>Publicaciones futuras<\/strong><\/p>\n<p>La Sociedad continuar\u00e1 avanzando su visi\u00f3n de publicar la totalidad del Nuevo Mensaje de Dios, tanto sus libros como sus vol\u00famenes, y quiz\u00e1 un d\u00eda todo en un libro \u00fanico, llamado simplemente \u201cEl Nuevo Mensaje de Dios\u201d. Esta es una empresa enorme para la que La Sociedad necesita tu contribuci\u00f3n y participaci\u00f3n. Por favor, considera <a href=\"http:\/\/www.nuevomensaje.org\/worldwide-community\/sobre-la-sociedad\/apoya-al-nuevo-mensaje\">hacer un donativo o ser un Pilar del Nuevo Mensaje<\/a> para apoyar esta causa sagrada. Te damos las gracias por tu apoyo.<\/p>\n<\/p>\n<p><\/div><\/div>\n<div class=\"clearfix\"><\/div>\n<div class=\"the-message-books-volumes panel-30 background-tile-1 margin-bottom-20\">\n<h2 class=\"text-align-center margin-bottom-20\"><a class=\"text-color-gray-5 not-underlined\" title=\"Volumen 2\">Volumen 2<\/a><\/h2>\n<div class=\"one_third \" ><\/p>\n<div class=\"message-book-div\"><a class=\"message-book-link-to-post\" href=\"volumen-2\/espiritualidad-de-la-comunidad-mayor\">Espiritualidad de la Comunidad Mayor<\/a><\/div>\n<div class=\"toggle toggle-gray\"><h4 class=\"trigger \"><span class=\"t_ico\"><\/span><a href=\"#\">\u00cdndice<\/a><\/h4><div class=\"toggle_container \"><br \/>\n<a href=\"volumen-2\/espiritualidad-de-la-comunidad-mayor\/que-es-dios\">\u00bfQu\u00e9 es Dios?<\/a><br \/>\n<a href=\"volumen-2\/espiritualidad-de-la-comunidad-mayor\/que-es-el-mundo\">\u00bfQu\u00e9 es el mundo?<\/a><br \/>\n<a href=\"volumen-2\/espiritualidad-de-la-comunidad-mayor\/que-es-la-fuerza-vital\">\u00bfQu\u00e9 es la fuerza vital?<\/a><br \/>\n<a href=\"volumen-2\/espiritualidad-de-la-comunidad-mayor\/que-es-el-conocimiento\">\u00bfQu\u00e9 es el Conocimiento?<\/a><br \/>\n<a href=\"volumen-2\/espiritualidad-de-la-comunidad-mayor\/cual-es-el-proposito-humano\">\u00bfCu\u00e1l es el prop\u00f3sito humano?<\/a><br \/>\n<a href=\"volumen-2\/espiritualidad-de-la-comunidad-mayor\/que-es-la-comunidad-mayor\">\u00bfQu\u00e9 es la Comunidad Mayor?<\/a><br \/>\n<a href=\"volumen-2\/espiritualidad-de-la-comunidad-mayor\/como-se-logra-la-sabiduria-en-la-vida\">\u00bfC\u00f3mo se logra la Sabidur\u00eda en la vida?<\/a><br \/>\n<a href=\"volumen-2\/espiritualidad-de-la-comunidad-mayor\/para-quien-es-la-sabiduria\">\u00bfPara qui\u00e9n es la Sabidur\u00eda?<\/a><br \/>\n<a href=\"volumen-2\/espiritualidad-de-la-comunidad-mayor\/como-participa-dios-en-el-mundo\">\u00bfC\u00f3mo participa Dios en el mundo?<\/a><br \/>\n<a href=\"volumen-2\/espiritualidad-de-la-comunidad-mayor\/como-te-preparas\">\u00bfC\u00f3mo te preparas?<\/a><br \/>\n<a href=\"volumen-2\/espiritualidad-de-la-comunidad-mayor\/para-que-es-tu-preparacion\">\u00bfPara qu\u00e9 es tu preparaci\u00f3n?<\/a><br \/>\n<a href=\"volumen-2\/espiritualidad-de-la-comunidad-mayor\/a-quien-conoceras\">\u00bfA qui\u00e9n conocer\u00e1s?<\/a><br \/>\n<a href=\"volumen-2\/espiritualidad-de-la-comunidad-mayor\/que-debe-desaprenderse\">\u00bfQu\u00e9 debe desaprenderse?<\/a><br \/>\n<a href=\"volumen-2\/espiritualidad-de-la-comunidad-mayor\/que-debe-evitarse\">\u00bfQu\u00e9 debe evitarse?<\/a><br \/>\n<a href=\"volumen-2\/espiritualidad-de-la-comunidad-mayor\/quien-sirve-a-la-humanidad\">\u00bfQui\u00e9n sirve a la humanidad?<\/a><br \/>\n<a href=\"volumen-2\/espiritualidad-de-la-comunidad-mayor\/quienes-son-los-invisibles\">\u00bfQui\u00e9nes son los Invisibles?<\/a><br \/>\n<a href=\"volumen-2\/espiritualidad-de-la-comunidad-mayor\/como-ocurre-la-revelacion-en-la-vida-humana\">\u00bfC\u00f3mo ocurre la revelaci\u00f3n en la vida humana?<\/a><br \/>\n<a href=\"volumen-2\/espiritualidad-de-la-comunidad-mayor\/cual-es-el-destino-humano\">\u00bfCu\u00e1l es el destino humano?<\/a><br \/>\n<a href=\"volumen-2\/espiritualidad-de-la-comunidad-mayor\/que-es-la-religion\">\u00bfQu\u00e9 es la religi\u00f3n?<\/a><br \/>\n<a href=\"volumen-2\/espiritualidad-de-la-comunidad-mayor\/que-es-la-educacion-religiosa-y-para-quien-es\">\u00bfQu\u00e9 es la educaci\u00f3n religiosa y para qui\u00e9n es?<\/a><br \/>\n<a href=\"volumen-2\/espiritualidad-de-la-comunidad-mayor\/que-es-el-camino-del-conocimiento-de-la-comunidad-mayor\">\u00bfQu\u00e9 es el Camino del Conocimiento de la Comunidad Mayor?<\/a><br \/>\n<a href=\"volumen-2\/espiritualidad-de-la-comunidad-mayor\/donde-puede-encontrarse-el-conocimiento\">\u00bfD\u00f3nde puede encontrarse el Conocimiento?<\/a><br \/>\n<a href=\"volumen-2\/espiritualidad-de-la-comunidad-mayor\/como-se-traslada-el-conocimiento-en-la-comunidad-mayor\">\u00bfC\u00f3mo se traslada el Conocimiento en la Comunidad Mayor?<\/a><br \/>\n<a href=\"volumen-2\/espiritualidad-de-la-comunidad-mayor\/que-son-los-pasos-al-conocimiento\">\u00bfQu\u00e9 son los Pasos al Conocimiento?<\/a><br \/>\n<a href=\"volumen-2\/espiritualidad-de-la-comunidad-mayor\/que-es-la-gracia\">\u00bfQu\u00e9 es la Gracia?<\/a><br \/>\n<a href=\"volumen-2\/espiritualidad-de-la-comunidad-mayor\/quien-es-jesus\">\u00bfQui\u00e9n es Jes\u00fas?<\/a><br \/>\n<a href=\"volumen-2\/espiritualidad-de-la-comunidad-mayor\/cual-es-la-evolucion-de-la-religion-en-el-mundo\">\u00bfCu\u00e1l es la evoluci\u00f3n de la religi\u00f3n en el mundo?<\/a><\/p>\n<p><\/div><\/div><br \/>\n<\/div>\n<div class=\"one_third \" ><\/p>\n<div class=\"message-book-div\"><a class=\"message-book-link-to-post\" href=\"volumen-2\/relaciones-y-proposito-superior\">Las relaciones y el Prop\u00f3sito Superior<\/a><\/div>\n<div class=\"toggle toggle-gray\"><h4 class=\"trigger \"><span class=\"t_ico\"><\/span><a href=\"#\">\u00cdndice<\/a><\/h4><div class=\"toggle_container \"><br \/>\n<a href=\"volumen-2\/relaciones-y-proposito-superior\/tu-relacion-mas-primaria\">Tu relaci\u00f3n m\u00e1s primaria<\/a><br \/>\n<a href=\"volumen-2\/relaciones-y-proposito-superior\/tu-relacion-contigo-mismo\">Tu relaci\u00f3n contigo mismo<\/a><br \/>\n<a href=\"volumen-2\/relaciones-y-proposito-superior\/tu-relacion-con-otros\">Tu relaci\u00f3n con otros<\/a><br \/>\n<a href=\"volumen-2\/relaciones-y-proposito-superior\/tu-relacion-con-el-mundo\">Tu relaci\u00f3n con el mundo<\/a><br \/>\n<a href=\"volumen-2\/relaciones-y-proposito-superior\/tu-relacion-con-tu-familia-espiritual\">Tu relaci\u00f3n con tu Familia Espiritual<\/a><br \/>\n<a href=\"volumen-2\/relaciones-y-proposito-superior\/tu-relacion-con-el-conocimiento\">Tu relaci\u00f3n con el Conocimiento<\/a><br \/>\n<a href=\"volumen-2\/relaciones-y-proposito-superior\/tu-relacion-con-lo-desconocido\">Tu relaci\u00f3n con lo desconocido<\/a><br \/>\n<a href=\"volumen-2\/relaciones-y-proposito-superior\/el-problema-del-mal-y-las-fuerzas-de-disonancia\">El problema del mal y las Fuerzas de Disonancia<\/a><br \/>\n<a href=\"volumen-2\/relaciones-y-proposito-superior\/etapas-de-desarrollo\">Etapas de desarrollo<\/a><br \/>\n<a href=\"volumen-2\/relaciones-y-proposito-superior\/matrimonio\">Matrimonio<\/a><br \/>\n<a href=\"volumen-2\/relaciones-y-proposito-superior\/tu-proposito-y-llamada-espiritual\">Tu Prop\u00f3sito y Llamada Espiritual<\/a><br \/>\n<a href=\"volumen-2\/relaciones-y-proposito-superior\/estableciendo-relaciones\">Estableciendo relaciones<\/a><br \/>\n<a href=\"volumen-2\/relaciones-y-proposito-superior\/manteniendo-relaciones\">Manteniendo relaciones<\/a><br \/>\n<a href=\"volumen-2\/relaciones-y-proposito-superior\/finalizando-relaciones\">Finalizando relaciones<\/a><br \/>\n<a href=\"volumen-2\/relaciones-y-proposito-superior\/conclusion\">Conclusi\u00f3n<\/a><br \/>\n<\/div><\/div><br \/>\n<\/div>\n<div class=\"one_third last\" ><\/p>\n<div class=\"message-book-div\"><a class=\"message-book-link-to-post\" title=\"Prepararse para la Comunidad Mayor\" href=\"volumen-2\/prepararse-para-la-comunidad-mayor\" rel=\"bookmark\">Prepararse para la Comunidad Mayor<\/a><\/div>\n<div class=\"toggle toggle-gray\"><h4 class=\"trigger \"><span class=\"t_ico\"><\/span><a href=\"#\">\u00cdndice<\/a><\/h4><div class=\"toggle_container \"><br \/>\nIntroducci\u00f3n<br \/>\nCap\u00edtulo 1: <a href=\"volumen-2\/prepararse-para-la-comunidad-mayor\/que-es-la-comunidad-mayor\">\u00bfQu\u00e9 es la Comunidad Mayor?<\/a><br \/>\nCap\u00edtulo 2: <a href=\"volumen-2\/prepararse-para-la-comunidad-mayor\/la-presencia-de-la-comunidad-mayor-en-el-mundo\">La presencia de la Comunidad Mayor en el mundo<\/a><br \/>\nCap\u00edtulo 3: <a href=\"volumen-2\/prepararse-para-la-comunidad-mayor\/verdades-esenciales-sobre-la-comunidad-mayor\">Verdades esenciales sobre la Comunidad Mayor<\/a><br \/>\nCap\u00edtulo 4: <a href=\"volumen-2\/prepararse-para-la-comunidad-mayor\/la-inteligencia-en-la-comunidad-mayor-y-el-ambiente-mental\">La inteligencia en la Comunidad Mayor y el ambiente mental<\/a><br \/>\nCap\u00edtulo 5: <a href=\"volumen-2\/prepararse-para-la-comunidad-mayor\/recursos-comercio-y-competencia-en-la-comunidad-mayor\">Recursos, comercio y competencia en la Comunidad Mayor<\/a><br \/>\nCap\u00edtulo 6: <a href=\"volumen-2\/prepararse-para-la-comunidad-mayor\/el-significado-del-desarrollo-espiritual-en-la-comunidad-mayor\">El significado del desarrollo espiritual en la Comunidad Mayor<\/a><br \/>\nCap\u00edtulo 7: <a href=\"volumen-2\/prepararse-para-la-comunidad-mayor\/el-gran-desafio-que-aguarda-la-humanidad\">El gran desaf\u00edo que aguarda a la humanidad<\/a><br \/>\nCap\u00edtulo 8: <a href=\"volumen-2\/prepararse-para-la-comunidad-mayor\/desarrollar-una-perspectiva-y-entendimiento-de-la-comunidad-mayor\">Desarrollar una perspectiva y entendimiento de la Comunidad Mayor<\/a><br \/>\nCap\u00edtulo 9: <a href=\"volumen-2\/prepararse-para-la-comunidad-mayor\/encontrar-el-conocimiento\">Encontrar el Conocimiento<\/a><br \/>\nCap\u00edtulo 10: <a href=\"volumen-2\/prepararse-para-la-comunidad-mayor\/ganar-fuerza-e-influencia-en-el-ambiente-mental\">Ganar fuerza e influencia en el ambiente mental<\/a><br \/>\nCap\u00edtulo 11: <a href=\"volumen-2\/prepararse-para-la-comunidad-mayor\/desarrollar-claridad-y-discernimiento\">Desarrollar claridad y discernimiento<\/a><br \/>\nCap\u00edtulo 12: <a href=\"volumen-2\/prepararse-para-la-comunidad-mayor\/ir-mas-alla-de-los-limites-de-la-religion-y-las-creencias-humanas\">Ir m\u00e1s all\u00e1 de los l\u00edmites de la religi\u00f3n y las creencias humanas<\/a><br \/>\nCap\u00edtulo 13: <a href=\"volumen-2\/prepararse-para-la-comunidad-mayor\/respuestas-humanas-la-comunidad-mayor\">Respuestas humanas a la Comunidad Mayor<\/a><br \/>\nCap\u00edtulo 14: <a href=\"volumen-2\/prepararse-para-la-comunidad-mayor\/desarrollar-certeza-fuerza-y-sabiduria\">Desarrollar certeza, fuerza y sabidur\u00eda<\/a><br \/>\nCap\u00edtulo 15: <a href=\"volumen-2\/prepararse-para-la-comunidad-mayor\/desarrollar-una-mayor-honestidad\">Desarrollar una mayor honestidad<\/a><br \/>\nCap\u00edtulo 16: <a href=\"volumen-2\/prepararse-para-la-comunidad-mayor\/las-relaciones-el-destino-y-la-llamada\">Las relaciones, el destino y la llamada<\/a><br \/>\nCap\u00edtulo 17: <a href=\"volumen-2\/prepararse-para-la-comunidad-mayor\/comenzar-la-preparacion\">Comenzar la preparaci\u00f3n<\/a><br \/>\n<a href=\"volumen-2\/prepararse-para-la-comunidad-mayor\/directrices-para-preparase-para-la-comunidad-mayor\">Directrices para prepararse para la Comunidad Mayor<\/a><br \/>\n<\/div><\/div><br \/>\n<\/div>\n<div class=\"one_third \" ><\/p>\n<div class=\"message-book-div\"><a class=\"message-book-link-to-post\" href=\"volumen-2\/la-comunidad-global-del-nuevo-mensaje-de-dios\">La Comunidad Global del Nuevo Mensaje de Dios<\/a><\/div>\n<div class=\"toggle toggle-gray\"><h4 class=\"trigger \"><span class=\"t_ico\"><\/span><a href=\"#\">\u00cdndice<\/a><\/h4><div class=\"toggle_container \"><br \/>\nIntroducci\u00f3n<br \/>\nCap\u00edtulo 1: <a href=\"volumen-2\/la-comunidad-global-del-nuevo-mensaje-de-dios\/acercarse-al-nuevo-mensaje\">Acercarse al Nuevo Mensaje<\/a><br \/>\nCap\u00edtulo 2: <a href=\"volumen-2\/la-comunidad-global-del-nuevo-mensaje-de-dios\/reconocer-el-mensaje-y-al-mensajero\">Reconocer el Mensaje y al Mensajero<\/a><br \/>\nCap\u00edtulo 3: <a href=\"volumen-2\/la-comunidad-global-del-nuevo-mensaje-de-dios\/ser-una-persona-del-nuevo-mensaje\">Ser una persona del Nuevo Mensaje<\/a><br \/>\nCap\u00edtulo 4: <a href=\"volumen-2\/la-comunidad-global-del-nuevo-mensaje-de-dios\/ser-un-estudiante-del-nuevo-mensaje\">Ser un estudiante del Nuevo Mensaje<\/a><br \/>\nCap\u00edtulo 5: <a href=\"volumen-2\/la-comunidad-global-del-nuevo-mensaje-de-dios\/como-considerar-al-mensajero\">C\u00f3mo considerar al Mensajero<\/a><br \/>\nCap\u00edtulo 6: <a href=\"volumen-2\/la-comunidad-global-del-nuevo-mensaje-de-dios\/la-comunidad-global-de-la-nueva-revelacion-de-dios\">La Comunidad Global del Nuevo Mensaje de Dios<\/a><br \/>\nCap\u00edtulo 7: <a href=\"volumen-2\/la-comunidad-global-del-nuevo-mensaje-de-dios\/llevar-el-nuevo-mensaje-al-mundo\">Llevar el Nuevo Mensaje al mundo<\/a><br \/>\nCap\u00edtulo 8: <a href=\"volumen-2\/la-comunidad-global-del-nuevo-mensaje-de-dios\/apoyar-la-nueva-revelacion-de-dios\">Apoyar la Nueva Revelaci\u00f3n de Dios<\/a><br \/>\nCap\u00edtulo 9: <a href=\"volumen-2\/la-comunidad-global-del-nuevo-mensaje-de-dios\/ser-testigo-de-la-revelacion\">Ser testigo de la Revelaci\u00f3n<\/a><br \/>\nCap\u00edtulo 10: <a href=\"volumen-2\/la-comunidad-global-del-nuevo-mensaje-de-dios\/como-tratar-con-la-resistencia-y-la-hostilidad\">C\u00f3mo tratar con la resistencia y la hostilidad<\/a><br \/>\nCap\u00edtulo 11: <a href=\"volumen-2\/la-comunidad-global-del-nuevo-mensaje-de-dios\/la-peregrinacion\">La peregrinaci\u00f3n<\/a><br \/>\nCap\u00edtulo 12: <a href=\"volumen-2\/la-comunidad-global-del-nuevo-mensaje-de-dios\/proteger-el-mensaje-y-al-mensajero\">Proteger el Mensaje y al Mensajero<\/a><br \/>\nCap\u00edtulo 13: <a href=\"volumen-2\/la-comunidad-global-del-nuevo-mensaje-de-dios\/los-guardianes\">Los guardianes<\/a><\/p>\n<h4 class=\"text-color-gray-6\"><\/h4>\n<p><\/div><\/div><br \/>\n<\/div>\n<div class=\"one_third \" ><\/p>\n<div class=\"message-book-div more\"><a class=\"message-book-link-to-post\" title=\"More to Come\u2026\" href=\"la-revelacion-continua-hasta-hoy\" rel=\"bookmark\">M\u00e1s por llegar\u2026<\/a><\/div>\n<p><\/div>\n<\/div>\n","protected":false},"excerpt":{"rendered":"<p>Acerca del Volumen 2 El Volumen 2 del Nuevo Mensaje de Dios contiene la tradici\u00f3n espiritual m\u00e1s profunda en el coraz\u00f3n de la Nueva Revelaci\u00f3n de Dios para la humanidad. Aqu\u00ed se incluyen los textos fundacionales de la teolog\u00eda y la espiritualidad del Nuevo Mensaje de Dios, incluyendo los libros Espiritualidad de la Comunidad Mayor,\u2026 <a class=\"read-more\" href=\"https:\/\/www.v6.newmessage.org\/es\/about-volumes-shortcode\"><span>Read More<\/span><\/a><\/p>\n","protected":false},"author":1,"featured_media":0,"parent":15090,"menu_order":12,"comment_status":"closed","ping_status":"closed","template":"template-leftsidebar.php","meta":{"_monsterinsights_skip_tracking":false,"_monsterinsights_sitenote_active":false,"_monsterinsights_sitenote_note":"","_monsterinsights_sitenote_category":0,"footnotes":""},"categories":[467],"tags":[666],"_links":{"self":[{"href":"https:\/\/www.v6.newmessage.org\/es\/wp-json\/wp\/v2\/pages\/16312"}],"collection":[{"href":"https:\/\/www.v6.newmessage.org\/es\/wp-json\/wp\/v2\/pages"}],"about":[{"href":"https:\/\/www.v6.newmessage.org\/es\/wp-json\/wp\/v2\/types\/page"}],"author":[{"embeddable":true,"href":"https:\/\/www.v6.newmessage.org\/es\/wp-json\/wp\/v2\/users\/1"}],"replies":[{"embeddable":true,"href":"https:\/\/www.v6.newmessage.org\/es\/wp-json\/wp\/v2\/comments?post=16312"}],"version-history":[{"count":91,"href":"https:\/\/www.v6.newmessage.org\/es\/wp-json\/wp\/v2\/pages\/16312\/revisions"}],"predecessor-version":[{"id":30375,"href":"https:\/\/www.v6.newmessage.org\/es\/wp-json\/wp\/v2\/pages\/16312\/revisions\/30375"}],"up":[{"embeddable":true,"href":"https:\/\/www.v6.newmessage.org\/es\/wp-json\/wp\/v2\/pages\/15090"}],"wp:attachment":[{"href":"https:\/\/www.v6.newmessage.org\/es\/wp-json\/wp\/v2\/media?parent=16312"}],"wp:term":[{"taxonomy":"category","embeddable":true,"href":"https:\/\/www.v6.newmessage.org\/es\/wp-json\/wp\/v2\/categories?post=16312"},{"taxonomy":"post_tag","embeddable":true,"href":"https:\/\/www.v6.newmessage.org\/es\/wp-json\/wp\/v2\/tags?post=16312"}],"curies":[{"name":"wp","href":"https:\/\/api.w.org\/{rel}","templated":true}]}}