{"id":16290,"date":"2014-10-25T01:17:35","date_gmt":"2014-10-25T01:17:35","guid":{"rendered":"http:\/\/www.newmessage.org\/?page_id=16290"},"modified":"2022-12-12T18:44:31","modified_gmt":"2022-12-12T18:44:31","slug":"dios-ha-hablado-de-nuevo","status":"publish","type":"page","link":"https:\/\/www.v6.newmessage.org\/es\/el-mensaje\/volumen-1\/dios-ha-hablado-de-nuevo","title":{"rendered":"Dios ha hablado de nuevo"},"content":{"rendered":"<p><em><a href=\"https:\/\/www.newmessage.org\/es\/wp-content\/uploads\/sites\/40\/2011\/10\/image14-e1457325137862.jpg\"><img loading=\"lazy\" decoding=\"async\" class=\"imgborder alignright wp-image-27048\" src=\"https:\/\/www.newmessage.org\/es\/wp-content\/uploads\/sites\/40\/2011\/10\/image14-200x300.jpg\" alt=\"\" width=\"300\" height=\"450\" \/><\/a><\/em>Dios ha hablado de nuevo es el comienzo de un Nuevo Mensaje de Dios para la humanidad. En las p\u00e1ginas y cap\u00edtulos de este libro, Dios est\u00e1 hablando nuevamente a la humanidad, proclamando una advertencia, una bendici\u00f3n y una preparaci\u00f3n para la realidad de un nuevo mundo, clarificando la realidad de la Presencia de Dios y proveyendo una respuesta Divina a las crecientes crisis b\u00e9licas, la destrucci\u00f3n medioambiental, los conflictos religiosos y la pobreza y el sufrimiento humanos que est\u00e1n ahora aumentando por todo el mundo.<\/p>\n<p>Este es un Nuevo Mensaje de Dios. No es solo para una \u00fanica tribu, una \u00fanica naci\u00f3n o un \u00fanico grupo religioso. Es una comunicaci\u00f3n viva de Dios al coraz\u00f3n de cada hombre, mujer y ni\u00f1o sobre la Tierra para estos tiempos y los tiempos por venir. Es una comunicaci\u00f3n original de la Presencia Divina que supervisa este mundo y ha guiado a la humanidad desde tiempo inmemorial.<\/p>\n<p>Aunque parece ser un libro en las manos, <em>Dios ha hablado de nuevo<\/em> es algo mucho mayor. Es el comienzo de una comunicaci\u00f3n viva de Dios a ti. Dentro de este libro, la Presencia de Dios llama a todo el mundo y te llama a ti, llam\u00e1ndote a los antiguos pasillos de tu mente, llam\u00e1ndote a la presencia espiritual que vive en tu interior. Este es un Mensaje de belleza, fuerza y poder imperecederos para la restauraci\u00f3n de todos aquellos que puedan recibirlo. Porque Dios sabe lo que est\u00e1 llegando para el mundo, y sabe por qu\u00e9 t\u00fa y todos los dem\u00e1s hab\u00e9is sido enviados al mundo en este momento para prepararos para un futuro que ser\u00e1 distinto del pasado.<\/p>\n<p><em>Dios ha hablado de nuevo<\/em> es el primer libro del <a href=\"\/es\/el-mensaje\/volumen-1\">Volumen 1<\/a> del Nuevo Mensaje de Dios.<\/p>\n<p>Si lo deseas, puedes comprar la <a href=\"https:\/\/newknowledgelibrary.org\/books\/dios-ha-hablado-de-nuevo-god-has-spoken-again-spanish-print-book\/\">versi\u00f3n impresa<\/a> de este libro o bien la <a href=\"https:\/\/newknowledgelibrary.org\/e-books\/dios-ha-hablado-de-nuevo-god-has-spoken-again-spanish-ebook\/\">versi\u00f3n electr\u00f3nica (ebook)<\/a>, ambas en espa\u00f1ol.<\/p>\n<p style=\"text-align: left\"><div class=\"toggle toggle-white\"><h4 class=\"trigger \"><span class=\"t_ico\"><\/span><a href=\"#\">M\u00e1s informaci\u00f3n sobre los vol\u00famenes del Nuevo Mensaje de Dios<\/a><\/h4><div class=\"toggle_container \"><br \/>\n<div data-post-id='24520' class='insert-page insert-page-24520 '><p>El Nuevo Mensaje de Dios estar\u00e1 contenido en \u00faltima instancia en seis vol\u00famenes individuales. Cada volumen contendr\u00e1 dos o m\u00e1s libros y cada libro estar\u00e1 organizado en cap\u00edtulos.<\/p>\n<p>Por tanto, la futura estructura del Nuevo Mensaje podr\u00eda expresarse de esta manera:<\/p>\n<div id=\"attachment_24097\" style=\"width: 227px\" class=\"wp-caption alignright\"><a href=\"https:\/\/www.newmessage.org\/wp-content\/uploads\/2015\/08\/Volumes-Books-InfoGraphic.001.jpg\"><img loading=\"lazy\" decoding=\"async\" aria-describedby=\"caption-attachment-24097\" class=\"imgborder \" src=\"https:\/\/www.newmessage.org\/wp-content\/uploads\/2015\/08\/Volumes-Books-InfoGraphic.001.jpg\" alt=\"The New Message One Book\" width=\"217\" height=\"234\" \/><\/a><p id=\"caption-attachment-24097\" class=\"wp-caption-text\">Estructura del Nuevo Mensaje<\/p><\/div>\n<p><strong>Volumen &gt; Libro &gt; Cap\u00edtulo &gt; Vers\u00edculo.<br \/>\n<\/strong><\/p>\n<p>El Nuevo Mensaje de Dios contiene el mayor cuerpo de Revelaci\u00f3n que se ha dado nunca al mundo. Trata casi cada aspecto de nuestras vidas, mientras presenta nuevas realidades que nunca antes se hab\u00edan revelado. La Sociedad est\u00e1 tratando de hacer accesibles al mundo tantos libros y revelaciones habladas como sea posible.<\/p>\n<p>En la actualidad, La Sociedad es capaz de ofrecer un gran n\u00famero de las grabaciones originales de la Voz de la Revelaci\u00f3n. Aqu\u00ed se te invita a experimentar el poder y el misterio de la \u201cVoz\u201d tal y como habl\u00f3 originalmente a trav\u00e9s del Mensajero en un estado de Revelaci\u00f3n. Nunca antes hab\u00eda sido posible escuchar la Voz original de la Revelaci\u00f3n.<\/p>\n<p>La compilaci\u00f3n de todo el Nuevo Mensaje es un trabajo en curso que se est\u00e1 realizando a lo largo de un extenso periodo. Adem\u00e1s, la Revelaci\u00f3n contin\u00faa recibi\u00e9ndose hasta el d\u00eda de hoy, con nuevas ense\u00f1anzas cada a\u00f1o. Como resultado, es muy posible que la selecci\u00f3n de cap\u00edtulos en cada libro cambie y, con ella, los t\u00edtulos de los libros podr\u00edan cambiar tambi\u00e9n para reflejar el creciente alcance de cada libro. Est\u00e1s viviendo en un tiempo de Revelaci\u00f3n y contemplando el proceso de Revelaci\u00f3n despleg\u00e1ndose ante ti.<\/p>\n<p><strong>Libros en l\u00ednea (online)<\/strong><br \/>\nLa Sociedad est\u00e1 tratando de hacer que el Nuevo Mensaje est\u00e9 disponible gratuitamente y en l\u00ednea para el mundo. En la actualidad, varios libros del Nuevo Mensaje est\u00e1n disponibles gratis en www.nuevomensaje.org. Puedes explorar <a href=\"http:\/\/www.nuevomensaje.org\/el-mensaje\">la biblioteca de libros y revelaciones gratuitos en l\u00ednea<\/a>.<\/p>\n<p><strong>Libros impresos<\/strong><br \/>\nLa Sociedad ofrece actualmente algunos de los libros del Nuevo Mensaje en formato impreso (en ingl\u00e9s en casi todos los casos). Sin embargo, debido al inmenso tama\u00f1o del revelado Nuevo Mensaje, La Sociedad no puede todav\u00eda publicar en formato impreso los seis vol\u00famenes del Nuevo Mensaje. Para comprar una copia impresa de los libros del Nuevo Mensaje que est\u00e1n actualmente disponibles, por favor visita la tienda de la <a href=\"http:\/\/newknowledgelibrary.org\/\"><em>New Knowledge Library<\/em><\/a> (Biblioteca del Nuevo Conocimiento).<\/p>\n<p><strong>CDs y audio en mp3<\/strong><br \/>\nCiertas revelaciones relacionadas con el estudio en el Nuevo Mensaje est\u00e1n disponibles para comprarse en CD o como mp3 descargable. Debido a las realidades financieras que implica alcanzar al mundo entero con el Nuevo Mensaje, La Sociedad ofrece ciertas Ense\u00f1anzas a un precio modesto en la tienda de la <a href=\"http:\/\/newknowledgelibrary.org\/\"><em>New Knowledge Library<\/em><\/a> (Biblioteca del Nuevo Conocimiento).<\/p>\n<p><strong><em>The Free Book Project<\/em> (El Proyecto Libro Gratis)<\/strong><br \/>\nCon un mayor apoyo financiero, La Sociedad podr\u00e1 ofrecer m\u00e1s de estas ense\u00f1anzas de sabidur\u00eda gratis y en l\u00ednea. Adem\u00e1s, el <a href=\"https:\/\/www.newmessage.org\/the-message\/free-book-project\"><em>Free Book Project<\/em><\/a> de La Sociedad ofrece copias personales gratuitas de los libros y audios del Nuevo Mensaje a aquellos que carecen de recursos para comprarlos. <a href=\"http:\/\/www.nuevomensaje.org\/worldwide-community\/sobre-la-sociedad\/apoya-al-nuevo-mensaje\">Te invitamos a hacer un donativo<\/a> para sostener el Proyecto Libro Gratis, de manera que m\u00e1s y m\u00e1s personas en necesidad puedan tener acceso al Nuevo Mensaje de Dios.<\/p>\n<p><strong>Publicaciones futuras<\/strong><br \/>\nLa Sociedad continuar\u00e1 avanzando su visi\u00f3n de publicar la totalidad del Nuevo Mensaje de Dios, tanto sus libros como sus vol\u00famenes, y quiz\u00e1 un d\u00eda todo en un libro \u00fanico, llamado simplemente \u201cEl Nuevo Mensaje de Dios\u201d. Esta es una empresa enorme para la que La Sociedad necesita tu contribuci\u00f3n y participaci\u00f3n. Por favor, <a href=\"http:\/\/www.nuevomensaje.org\/worldwide-community\/sobre-la-sociedad\/apoya-al-nuevo-mensaje\">considera hacer un donativo o ser un Pilar del Nuevo Mensaje<\/a> para apoyar esta causa sagrada. Te damos las gracias por tu apoyo.<\/p>\n<\/div><br \/>\n<\/div><\/div>\n<div class=\"background-color-bridesmaid padding-20\">\n<h2 style=\"text-align: left\"><span style=\"color: #525252\">\u00cdndice<\/span><\/h2>\n<p><a href=\"\/es\/el-mensaje\/volumen-1\/dios-ha-hablado-de-nuevo\/dios-ha-hablado-de-nuevo-introduccion\">Introducci\u00f3n<\/a><\/p>\n<p>Cap\u00edtulo 1: <a href=\"\/es\/el-mensaje\/volumen-1\/dios-ha-hablado-de-nuevo\/la-proclamacion\">La Proclamaci\u00f3n<\/a><\/p>\n<p>Cap\u00edtulo 2: <a href=\"\/es\/el-mensaje\/volumen-1\/dios-ha-hablado-de-nuevo\/la-recitacion\">La Recitaci\u00f3n<\/a><\/p>\n<p>Cap\u00edtulo 3: <a href=\"\/es\/el-mensaje\/volumen-1\/dios-ha-hablado-de-nuevo\/la-involucracion\">La Involucraci\u00f3n<\/a><\/p>\n<p>Cap\u00edtulo 4: <a href=\"\/es\/el-mensaje\/volumen-1\/dios-ha-hablado-de-nuevo\/dios-ha-hablado-de-nuevo\">Dios ha hablado de nuevo<\/a><\/p>\n<p>Cap\u00edtulo 5: <a href=\"\/es\/el-mensaje\/volumen-1\/dios-ha-hablado-de-nuevo\/el-sello-de-los-profetas\">El Sello de los Profetas<\/a><\/p>\n<p>Cap\u00edtulo 6: <a href=\"\/es\/el-mensaje\/volumen-1\/dios-ha-hablado-de-nuevo\/la-mision-del-mensajero\">La misi\u00f3n del Mensajero<\/a><\/p>\n<p>Cap\u00edtulo 7: <a href=\"\/es\/el-mensaje\/volumen-1\/dios-ha-hablado-de-nuevo\/la-iniciacion\">La Iniciaci\u00f3n<\/a><\/p>\n<p>Cap\u00edtulo 8: <a href=\"\/es\/el-mensaje\/volumen-1\/dios-ha-hablado-de-nuevo\/la-bendicion\">La Bendici\u00f3n<\/a><\/p>\n<p>Cap\u00edtulo 9: <a href=\"\/es\/el-mensaje\/volumen-1\/dios-ha-hablado-de-nuevo\/viviendo-en-un-tiempo-de-revelacion\">Viviendo en un tiempo de Revelaci\u00f3n<\/a><\/p>\n<p>Cap\u00edtulo 10: <a href=\"\/es\/el-mensaje\/volumen-1\/dios-ha-hablado-de-nuevo\/la-asamblea\">La Asamblea<\/a><\/p>\n<p>Cap\u00edtulo 11: <a href=\"\/es\/el-mensaje\/volumen-1\/dios-ha-hablado-de-nuevo\/el-nuevo-mensaje-de-dios-para-el-mundo\">El Nuevo Mensaje de Dios para el mundo<\/a><\/p>\n<p>Cap\u00edtulo 12: <a href=\"\/es\/el-mensaje\/volumen-1\/dios-ha-hablado-de-nuevo\/dios-esta-moviendo-a-la-humanidad-en-una-nueva-direccion\">Dios est\u00e1 moviendo a la humanidad en una nueva direcci\u00f3n<\/a><\/p>\n<p>Cap\u00edtulo 13: <a href=\"\/es\/el-mensaje\/volumen-1\/dios-ha-hablado-de-nuevo\/el-mundo-debe-recibir-el-nuevo-mensaje-de-dios\">El mundo debe recibir el Nuevo Mensaje de Dios<\/a><\/p>\n<p>Cap\u00edtulo 14: <a href=\"\/es\/el-mensaje\/volumen-1\/dios-ha-hablado-de-nuevo\/la-llamada\">La Llamada<\/a><\/p>\n<\/div>\n","protected":false},"excerpt":{"rendered":"<p>Dios ha hablado de nuevo es el comienzo de un Nuevo Mensaje de Dios para la humanidad. En las p\u00e1ginas y cap\u00edtulos de este libro, Dios est\u00e1 hablando nuevamente a la humanidad, proclamando una advertencia, una bendici\u00f3n y una preparaci\u00f3n para la realidad de un nuevo mundo, clarificando la realidad de la Presencia de Dios\u2026 <a class=\"read-more\" href=\"https:\/\/www.v6.newmessage.org\/es\/more-about-the-volumes\"><span>Read More<\/span><\/a><\/p>\n","protected":false},"author":1,"featured_media":0,"parent":16287,"menu_order":1,"comment_status":"closed","ping_status":"closed","template":"template-leftsidebar.php","meta":{"_monsterinsights_skip_tracking":false,"_monsterinsights_sitenote_active":false,"_monsterinsights_sitenote_note":"","_monsterinsights_sitenote_category":0,"footnotes":""},"categories":[461,460],"tags":[640,209],"_links":{"self":[{"href":"https:\/\/www.v6.newmessage.org\/es\/wp-json\/wp\/v2\/pages\/16290"}],"collection":[{"href":"https:\/\/www.v6.newmessage.org\/es\/wp-json\/wp\/v2\/pages"}],"about":[{"href":"https:\/\/www.v6.newmessage.org\/es\/wp-json\/wp\/v2\/types\/page"}],"author":[{"embeddable":true,"href":"https:\/\/www.v6.newmessage.org\/es\/wp-json\/wp\/v2\/users\/1"}],"replies":[{"embeddable":true,"href":"https:\/\/www.v6.newmessage.org\/es\/wp-json\/wp\/v2\/comments?post=16290"}],"version-history":[{"count":102,"href":"https:\/\/www.v6.newmessage.org\/es\/wp-json\/wp\/v2\/pages\/16290\/revisions"}],"predecessor-version":[{"id":30339,"href":"https:\/\/www.v6.newmessage.org\/es\/wp-json\/wp\/v2\/pages\/16290\/revisions\/30339"}],"up":[{"embeddable":true,"href":"https:\/\/www.v6.newmessage.org\/es\/wp-json\/wp\/v2\/pages\/16287"}],"wp:attachment":[{"href":"https:\/\/www.v6.newmessage.org\/es\/wp-json\/wp\/v2\/media?parent=16290"}],"wp:term":[{"taxonomy":"category","embeddable":true,"href":"https:\/\/www.v6.newmessage.org\/es\/wp-json\/wp\/v2\/categories?post=16290"},{"taxonomy":"post_tag","embeddable":true,"href":"https:\/\/www.v6.newmessage.org\/es\/wp-json\/wp\/v2\/tags?post=16290"}],"curies":[{"name":"wp","href":"https:\/\/api.w.org\/{rel}","templated":true}]}}