{"id":15857,"date":"2014-10-07T17:27:32","date_gmt":"2014-10-07T17:27:32","guid":{"rendered":"http:\/\/www.newmessage.org\/?p=15857"},"modified":"2017-12-28T15:26:55","modified_gmt":"2017-12-28T15:26:55","slug":"el-linaje-del-mensajero","status":"publish","type":"page","link":"https:\/\/www.v6.newmessage.org\/es\/el-mensaje\/volumen-1\/el-nuevo-mensajero\/el-linaje-del-mensajero","title":{"rendered":"El linaje del Mensajero"},"content":{"rendered":"<div><!--Versi\u00f3n espa\u00f1ola 1.3--><\/div>\n\n<div class=\"tabgroup \"><ul class=\"tabs\"><li><a href=\"#tabs-1\">Acerca de<\/a><\/li>\n<li><a href=\"#tabs-2\">V\u00eddeo<\/a><\/li>\n<li><a href=\"#tabs-3\">Nota<\/a><\/li><\/ul>\n <div id=\"tabs-1\"><br \/>\n<i>Como le fue revelado a<\/i><br \/>\n<i>Marshall Vian Summers<\/i><br \/>\n<i>el 16 de noviembre de 2012<\/i><br \/>\n<i>en Boulder, Colorado, Estados Unidos<\/i><\/p>\n<p>Texto original: <a href=\"https:\/\/www.newmessage.org\/the-message\/volume-1\/new-messenger\/lineage-messenger\">The Lineage of the Messenger<\/a><\/p>\n<p>Escucha el audio original aqu\u00ed (en ingl\u00e9s):<\/p>\n<div id=\"jquery_jplayer_1\" class=\"jp-jplayer\"><\/div>\n\t\t\t\t<div id=\"jp_container_1\" class=\"jp-audio\">\n\t\t\t\t<div class=\"jp-type-single\"><div class=\"jp-control\"><a href=\"javascript:;\" class=\"jp-play\" tabindex=\"1\">play<\/a><a href=\"javascript:;\" class=\"jp-pause\" tabindex=\"1\">pause<\/a><\/div> <div class=\"jp-gui jp-interface\"><div class=\"jp-volume\"><div class=\"jp-volume-bar\"><div class=\"jp-volume-bar-value\"><\/div><\/div><\/div><div class=\"jp-progress\"><div class=\"jp-seek-bar\"><div class=\"jp-play-bar\"><\/div><\/div><\/div><\/div>\t\t\t\t\t<div class=\"jp-no-solution\"><span>Update Required<\/span>To play the media you will need to either update your browser to a recent version or update your <a href=\"http:\/\/get.adobe.com\/flashplayer\/\" target=\"_blank\">Flash plugin<\/a>.<\/div><\/div><\/div>\n\t\t\t<script type='text\/javascript'>\n\t\t\t\tjQuery(document).ready(function() {\n\t\t\t\t\tif (typeof (sermonMedia) == 'function') {\n\t\t\t\t\t\tsermonMedia.addAudio('', \"jquery_jplayer_1\");\n\t\t\t\t\t}\n\t\t\t\t\tjQuery.jPlayer.timeFormat.showHour = true;\n\t\t\t\t\tjQuery(\"#jquery_jplayer_1\").jPlayer({\n\t\t\t\t\t\tready: function(event) {\n\t\t\t\t\t\t\tjQuery(this).jPlayer(\"setMedia\", {mp3: 'https:\/\/www.newmessage.org\/av\/lineage-of-the-messenger.mp3'});\n\t\t\t\t\t\t},\n\t\t\t\t\t\tplay: function() {\n\t\t\t\t\t\t\tjQuery(this).jPlayer(\"pauseOthers\");\n\t\t\t\t\t\t},\n\t\t\t\t\t\tswfPath: ThemeData.directory_uri+\"\/swf\",\n\t\t\t\t\t\tsolution: \"html, flash\",\n\t\t\t\t\t\tpreload: \"metadata\",\n\t\t\t\t\t\twmode: \"window\",\n\t\t\t\t\t\tsupplied: \"mp3\",\n\t\t\t\t\t\tcssSelectorAncestor: '#jp_container_1'\n\t\t\t\t\t});\n\t\t\t\t});\n\t\t\t<\/script><\/p>\n<p><a title=\"The Great Love\" href=\"https:\/\/www.newmessage.org\/av\/lineage-of-the-messenger.mp3\">Descargar<\/a> (cliquea en el bot\u00f3n derecho y selecciona \u201cguardar enlace como\u201d)<\/p>\n<div class=\"toggle toggle-white\"><h4 class=\"trigger \"><span class=\"t_ico\"><\/span><a href=\"#\">M\u00e1s informaci\u00f3n sobre este texto<\/a><\/h4><div class=\"toggle_container \"><br \/>\n<p>Lo que est\u00e1s leyendo en este texto es la transcripci\u00f3n de la voz original de la Asamblea Ang\u00e9lica hablando a trav\u00e9s del Mensajero Marshall Vian Summers.<\/p>\n<p>Aqu\u00ed, la comunicaci\u00f3n original de Dios, que existe m\u00e1s all\u00e1 de las palabras, es traducida al lenguaje y el entendimiento humanos por la Asamblea Ang\u00e9lica que supervisa el mundo. La Asamblea despu\u00e9s entrega el Mensaje de Dios a trav\u00e9s del Mensajero, tras lo cual es transcrito y puesto a tu disposici\u00f3n y a disposici\u00f3n de todos.<\/p>\n<p>En este extraordinario proceso, la Voz de la Revelaci\u00f3n est\u00e1 hablando de nuevo. La Palabra y el Sonido est\u00e1n en el mundo. Que puedas ser el receptor de este regalo de Revelaci\u00f3n y puedas estar abierto a recibir su Mensaje \u00fanico para ti y para tu vida.<\/p>\n<br \/>\n<\/div><\/div><br \/>\n<\/div>\n<div id=\"tabs-2\"><\/p>\n<p><iframe loading=\"lazy\" width=\"275\" height=\"155\" src=\"https:\/\/www.youtube.com\/embed\/vGGjXFpYp2U?feature=oembed&#038;enablejsapi=1&#038;origin=https:\/\/www.newmessage.org\/es\" frameborder=\"0\" gesture=\"media\" allow=\"encrypted-media\" allowfullscreen><\/iframe><\/p>\n<p><\/div>\n<div id=\"tabs-3\"><br \/>\n<em>Nota a los lectores:<br \/>\nEsta traducci\u00f3n fue provista a la <\/em>Society<em> por estudiantes del Nuevo Mensaje que se han ofrecido voluntariamente a traducir el texto original en ingl\u00e9s. La publicamos en esta forma inicial para que todo el mundo tenga una oportunidad de interactuar con una porci\u00f3n del Nuevo Mensaje en un su propio idioma.<\/em><br \/>\n<\/div>\n\t\t\t\t<div align=\"right\">\n\t\t\t<div class=\"fb-like\" data-href=\"\" data-layout=\"button_count\" data-action=\"like\" data-show-faces=\"false\" data-share=\"false\"><\/div>\n\t\t\t<div class=\"fb-share-button\" data-layout=\"button_count\"> <\/div>\n\t\t\t<div class=\"fb_iframe_widget\"><a href=\"https:\/\/twitter.com\/godsnewmessage?ref_src=twsrc%5Etfw\" class=\"twitter-follow-button\" data-show-count=\"false\">Follow @godsnewmessage<\/a><script async src=\"https:\/\/platform.twitter.com\/widgets.js\" charset=\"utf-8\"><\/script><\/div>\n\t\t\t<\/div> <\/div> \n\n<p>Para presentar la Nueva Revelaci\u00f3n de Dios en el mundo se ha enviado un Mensajero, preparado para llevar la carga de una Nueva Revelaci\u00f3n, trayendo una nueva realidad al mundo.<\/p>\n<p>Esto ocurre quiz\u00e1 una vez cada mil a\u00f1os, cuando la humanidad alcanza un gran umbral \u2014un punto de inflexi\u00f3n en su evoluci\u00f3n, un tiempo de gran e inmenso desaf\u00edo no solo para una tribu o grupo, sino para toda la humanidad.<\/p>\n<p>Personas de todas partes est\u00e1n comenzando a reconocer que se est\u00e1n acercando a este umbral \u2014un tiempo de declive medioambiental, un tiempo de gran cambio en el clima del mundo, un tiempo de convulsi\u00f3n econ\u00f3mica y pol\u00edtica, un tiempo en el que el riesgo de guerra por qui\u00e9n tendr\u00e1 acceso a los recursos restantes del mundo est\u00e1 sobre la humanidad, un tiempo en el que las naciones son incapaces de cuidar de sus ciudadanos y proveerles adecuadamente, un tiempo en el que la humanidad encara una intervenci\u00f3n de fuerzas agresivas e invasivas venidas del universo que buscan afirmar su dominio aqu\u00ed sin el uso de la fuerza.<\/p>\n<p>Es quiz\u00e1 el mayor punto de inflexi\u00f3n en la historia de la humanidad, porque determinar\u00e1 el resultado para todas las personas, de todas las naciones y tradiciones de fe.<\/p>\n<p>La Revelaci\u00f3n no es solo para introducir una nueva realidad a un pueblo, una naci\u00f3n o un grupo, porque est\u00e1 aqu\u00ed ahora para hablar al mundo entero \u2014un mundo que tiene ahora comercio y comunicaciones globales, un mundo que tiene ahora muy poco tiempo para prepararse para el gran cambio que est\u00e1 llegando al mundo.<\/p>\n<p>El Mensajero es enviado desde la Hueste Ang\u00e9lica. Solo hay uno, pues solo puede haber uno, ya que solo uno ha sido preparado para recibir una Revelaci\u00f3n de Dios, traerla al mundo y portarla all\u00ed.<\/p>\n<p>\u00c9l es un hombre sin posici\u00f3n en el mundo. Es un hombre humilde. Es un hombre que ha demostrado tener el car\u00e1cter, la fe, la compasi\u00f3n y el compromiso para llevar una carga y un regalo tan grandes.<\/p>\n<p>Al Mensajero le ha llevado cuarenta a\u00f1os recibir y prepararse para la Revelaci\u00f3n. Es un proceso que nadie en la Tierra puede entender realmente por completo. Es una interacci\u00f3n con lo Divino. Es donde Dios, una vez m\u00e1s, da una advertencia, una bendici\u00f3n, una preparaci\u00f3n y una direcci\u00f3n a la familia humana.<\/p>\n<p>Viene de un gran Linaje, de aquellos que est\u00e1n con el Mensajero en este mayor prop\u00f3sito. Esto es lo que trae resonancia y unidad y muestra que la propia Revelaci\u00f3n es parte de un proceso continuo \u2014la siguiente fase, la siguiente gran directiva, el siguiente gran paso para la familia humana cuando esta se encuentra en el umbral del espacio y se enfrenta a un mundo en declive, un mundo ahora contaminado y degradado debido a la ignorancia, el abuso y el uso indebido por parte de la humanidad.<\/p>\n<p>Aquellos que est\u00e1n con el Mensajero representan a las grandes tradiciones del mundo \u2014Buda, Jes\u00fas y Mahoma, Mensajeros previos que han tra\u00eddo gran cambio y direcci\u00f3n para construir la civilizaci\u00f3n humana, cruzar las fronteras de culturas y naciones y traer una mayor conciencia y pr\u00e1ctica espiritual al mundo.<\/p>\n<p>El Mensajero ahora contin\u00faa su tradici\u00f3n, y ellos est\u00e1n con \u00e9l, porque \u00e9l representa su voluntad y el prop\u00f3sito que les guio y ahora le gu\u00eda a \u00e9l.<\/p>\n<p>Esto debe enfatizarse, o las personas pensar\u00e1n que esto es de alg\u00fan modo una contradicci\u00f3n o una competici\u00f3n, que est\u00e1 en conflicto con su tradici\u00f3n y las tradiciones del mundo cuando, en realidad, es el perfecto siguiente paso, como ves.<\/p>\n<p>Porque la civilizaci\u00f3n humana se ha establecido. Aunque es fr\u00e1gil y est\u00e1 llena de corrupci\u00f3n y dificultades, se ha establecido. Hay ahora una comunidad mundial, as\u00ed como interdependencia. Hay percepci\u00f3n mundial, hasta cierto punto. Hay incluso compasi\u00f3n y conciencia mundial, hasta cierto punto. Est\u00e1 lejos de ser perfecta y es fr\u00e1gil en un mundo cambiante. Puede ser minada por una intervenci\u00f3n desde el exterior y por el colapso desde el interior.<\/p>\n<p>Es por eso que Dios ha hablado de nuevo, porque Dios continuar\u00e1 dirigiendo a la familia humana mientras muestre la promesa de convertirse en una raza libre y autodeterminada en un universo donde la libertad es rara y debe establecerse y mantenerse con gran cuidado y vigilancia.<\/p>\n<p>El Linaje del Mensajero es el Linaje de todos los Mensajeros y de aquellos que han enviado a todos los Mensajeros, que son los mismos y los \u00danicos \u2014la Asamblea de la Hueste Ang\u00e9lica asignada para supervisar el mundo, este \u00fanico mundo entre innumerables mundos en el universo.<\/p>\n<p>All\u00ed donde la vida inteligente ha evolucionado o se ha establecido en sus etapas posteriores de desarrollo tecnol\u00f3gico, existe una Presencia Ang\u00e9lica.<\/p>\n<p>Esta es la teolog\u00eda del trabajo de Dios en el universo, que por primera vez se est\u00e1 presentando mediante el Nuevo Mensaje para la humanidad.<\/p>\n<p>Para entender lo que Dios est\u00e1 haciendo en el mundo debes tener ahora un entendimiento de lo que Dios est\u00e1 haciendo en toda esta Comunidad Mayor de vida en el universo. Y por primera vez en la historia, esto se est\u00e1 presentando.<\/p>\n<p>Es todo parte del Plan de Dios, como ves, puesto en marcha al principio de los tiempos, puesto en marcha al comienzo de la civilizaci\u00f3n humana, puesto en marcha y ahora llevado hacia su siguiente etapa de evoluci\u00f3n y desarrollo.<\/p>\n<p>Porque este no es el fin del mundo. No son los tiempos finales. Es una gran transici\u00f3n, y para que esta transici\u00f3n tenga \u00e9xito y no sea desastrosa, la humanidad debe ser preparada para vivir en un nuevo mundo de limitaciones medioambientales y econ\u00f3micas.<\/p>\n<p>La humanidad debe ser preparada para interactuar sabiamente con un universo de vida inteligente, un universo no humano que ahora est\u00e1 interfiriendo en el mundo de ciertas maneras \u2014maneras que la humanidad desconoce o no comprende, maneras que suponen una amenaza directa a la soberan\u00eda humana y al futuro de la libertad humana aqu\u00ed en la Tierra.<\/p>\n<p>Estar en el mundo en un tiempo de Revelaci\u00f3n es algo trascendental. Pero debes entender con claridad el significado y el proceso de la Revelaci\u00f3n, o no podr\u00e1s reconocer el gran significado de este tiempo y lo que significa para ti, c\u00f3mo est\u00e1s conectado a ello y qu\u00e9 revela sobre tu vida y tu mayor prop\u00f3sito para estar en el mundo en este momento, con todos sus grandes problemas globales y sus tragedias humanas.<\/p>\n<p>Si eres cristiano, debes comprender que Jes\u00fas est\u00e1 con el Mensajero. Pues Jes\u00fas no retornar\u00e1 a la Tierra, sino que ahora est\u00e1 supervisando la emergencia de la humanidad a esta Comunidad Mayor de vida.<\/p>\n<p>T\u00fa que eres budista, debes comprender que Buda est\u00e1 con el Mensajero. Porque el Mensajero trae una mayor conciencia interior, y trae consigo la preparaci\u00f3n para involucrarse con la naturaleza m\u00e1s profunda de la humanidad, en una forma y manera ahora que puede estudiarse en todas partes, por gente de todas las tradiciones de fe.<\/p>\n<p>T\u00fa que eres musulm\u00e1n, debes comprender que el Profeta Mahoma est\u00e1 con el Mensajero. Porque el Mensajero contin\u00faa el gran trabajo de construir y proteger la civilizaci\u00f3n humana, que ahora enfrenta una serie de problemas y desaf\u00edos como nunca se han visto antes en el mundo.<\/p>\n<p>Todos estos grandes Mensajeros del pasado comprenden que sus tradiciones no pueden preparar a la humanidad para lo que va a venir y para lo que ya est\u00e1 aqu\u00ed, ni tampoco para lo que debe hacerse y deshacerse y debe cambiarse, comprenderse y manifestarse.<\/p>\n<p>Porque las grandes tradiciones del pasado no pueden preparar a la humanidad para vivir en un nuevo mundo, donde tendr\u00e1 que establecerse una gran compasi\u00f3n y cooperaci\u00f3n para que la humanidad sobreviva en un mundo de recursos mermados, meteorolog\u00eda violenta y cambio medioambiental.<\/p>\n<p>Aqu\u00ed no puede haber competici\u00f3n entre las religiones del mundo. Ni siquiera puede haber competici\u00f3n entre las naciones del mundo si se ha de proveer a la humanidad y asegurarla en un mundo turbulento donde existir\u00e1 mucha convulsi\u00f3n e incertidumbre.<\/p>\n<p>Por tanto, hemos alcanzado el punto en la gran l\u00ednea temporal de la evoluci\u00f3n de la humanidad en donde debe darse una Nueva Revelaci\u00f3n. La necesidad de esto fue prevista hace mucho tiempo por aquellos que supervisan el mundo.<\/p>\n<p>No es un accidente que est\u00e9is aqu\u00ed o que hay\u00e1is alcanzado este gran punto de inflexi\u00f3n. No es un accidente ni mera casualidad que esto haya ocurrido, porque todas las razas en el universo que se desarrollan tecnol\u00f3gicamente alcanzar\u00e1n un punto en el que agotar\u00e1n las provisiones de su propio planeta y tendr\u00e1n que enfrentar la realidad de la propia Comunidad Mayor.<\/p>\n<p>El Linaje del Mensajero significa que \u00e9l est\u00e1 en armon\u00eda con todas las grandes tradiciones, [aunque] no como la gente las interpreta, no como han sido alteradas y cambiadas en el paisaje del mundo, no como han sido alteradas y malinterpretadas por los gobiernos e instituciones y por individuos ambiciosos buscando usar las Revelaciones para su propio avance y sus propios objetivos personales.<\/p>\n<p>Es por eso que el Nuevo Mensaje de Dios har\u00e1 que todas las grandes tradiciones del mundo reexaminen sus creencias y aseveraciones fundamentales, porque est\u00e1is emergiendo a una Comunidad Mayor de vida. Est\u00e1is ahora tratando con un Dios de billones y billones de razas y m\u00e1s. Encar\u00e1is un universo no humano en el que la \u00e9tica humana y los valores humanos no ser\u00e1n compartidos, ni siquiera reconocidos.<\/p>\n<p>Est\u00e1is ahora encarando un mundo que, por necesidad, requerir\u00e1 mucha cooperaci\u00f3n humana, un gran dar y mucha compasi\u00f3n por parte de la gente de todas partes, de todas las tradiciones de fe \u2014desbancando y eclipsando las disputas y debates teol\u00f3gicos sobre qui\u00e9nes fueron los Mensajeros y qu\u00e9 religi\u00f3n es mejor o m\u00e1s fiel a la Voluntad y el Plan de Dios.<\/p>\n<p>Est\u00e1is viviendo en un tiempo de Revelaci\u00f3n, tan importante como cualquier tiempo de Revelaci\u00f3n en el pasado. Y est\u00e1is siendo testigos de la Revelaci\u00f3n, algo que nunca pudo suceder en el pasado m\u00e1s all\u00e1 de una comunidad local de personas.<\/p>\n<p>Ahora est\u00e1is escuchando la Voz de la Revelaci\u00f3n, una Voz como la que habl\u00f3 a Jes\u00fas, a Buda y a Mahoma, la Voz no de un individuo sino de toda la Hueste Ang\u00e9lica a la vez.<\/p>\n<p>Es un tiempo de Revelaci\u00f3n para aquellos que pueden responder. Es un tiempo de gran llamada y gran significado y confirmaci\u00f3n para aquellos que pueden responder. Pero para responder, debes entender lo que est\u00e1s contemplando aqu\u00ed. Debes reconocer la importancia del Mensajero en el mundo. Y debes entender que todos los Mensajeros de Dios est\u00e1n con \u00e9l en su gran prop\u00f3sito y misi\u00f3n aqu\u00ed en la Tierra.<\/p>\n<p>Esto requerir\u00e1 que entiendas que Dios es la Fuente de todas las verdaderas religiones del mundo. Todas ellas comenzaron con un prop\u00f3sito e intento divinos. Y todas ellas han sido cambiadas y alteradas con el tiempo.<\/p>\n<p>Pero ahora la Nueva Revelaci\u00f3n de Dios es pura. Incluso est\u00e1s escuchando la Voz de la Revelaci\u00f3n. Est\u00e1s escuchando las palabras que se dijeron, palabras muy similares a las que hablaron a Jes\u00fas, a Buda y a Mahoma y a todos los grandes santos y humanitarios que, a lo largo del tiempo, han contribuido al bienestar de la humanidad y han ayudado a construir una civilizaci\u00f3n humana en la que el Conocimiento se ha mantenido vivo, en la que la realidad espiritual se ha mantenido viva.<\/p>\n<p>La humanidad se habr\u00eda autodestruido ya de no ser por el poder y la presencia de este Conocimiento y esta conciencia en suficientes personas. Y es gracias al poder de esta presencia y conciencia que se han producido grandes obras y ha habido un gran dar a lo largo del tiempo.<\/p>\n<p>Pero ahora, la supervivencia de la humanidad y de la propia civilizaci\u00f3n humana corre un gran peligro, un peligro mayor ahora del que nunca ha existido, mayor que el de las dos guerras mundiales del siglo pasado, mayor que cualquier otra amenaza o desaf\u00edo.<\/p>\n<p>Porque hay otros que buscan dominar el mundo, que buscar\u00e1n conseguir sus objetivos sin usar la fuerza. No buscan destruir a la humanidad, sino utilizarla para sus propios prop\u00f3sitos. Ellos se dan cuenta del valor de la Tierra y de que est\u00e1 siendo despojada por la codicia, la ignorancia, la competici\u00f3n y el conflicto de la humanidad. Ellos intervendr\u00e1n para preservar estas cosas \u2014el valor y los recursos del mundo\u2014 para su propio uso y sus necesidades.<\/p>\n<p>Sin embargo, la humanidad puede preservar el mundo para s\u00ed misma y para su futuro y el bienestar de toda la gente. Pero ello requerir\u00e1 un gran cambio en la conciencia y el entendimiento \u2014un gran y diferente entendimiento de Dios y el trabajo de Dios en el mundo y de c\u00f3mo Dios redime a los individuos y a mundos enteros mediante el poder y la presencia del Conocimiento que ha sido puesto dentro de cada persona.<\/p>\n<p>Es un nuevo umbral, una nueva educaci\u00f3n, pero una educaci\u00f3n que es enteramente natural e intr\u00ednseca a qui\u00e9n eres y a las gentes del mundo. Porque Dios ama a la humanidad y comprende el aprieto y el dilema de la humanidad y la causa del error y el malentendido humanos.<\/p>\n<p>Es por eso que Dios ha puesto el Conocimiento dentro de cada individuo, esperando a ser descubierto. Porque es esto lo que redimir\u00e1 al individuo y le traer\u00e1 de vuelta a la conciencia y conexi\u00f3n divinas, llev\u00e1ndole a actuar en armon\u00eda con otros y a dar sus regalos a un mundo cuyas necesidades est\u00e1n aumentando con cada d\u00eda que pasa.<\/p>\n<p>Es el gran desaf\u00edo de la Revelaci\u00f3n. Es el gran regalo de la Revelaci\u00f3n. Es el gran tiempo en el que Dios ha hablado de nuevo, dando a la humanidad \u2014a toda la humanidad ahora\u2014 una gran oportunidad de ver, de saber y de actuar en armon\u00eda consigo misma, para servir a un mundo en necesidad, prepararse para un dif\u00edcil futuro y salvaguardar la unidad, la soberan\u00eda y la libertad humanas en este mundo en medio de la presencia de otras fuerzas contrarias.<\/p>\n<p>Esto har\u00e1 que todas las religiones del mundo reexaminen sus creencias fundamentales y que todos los creyentes de las religiones reconsideren c\u00f3mo est\u00e1n respondiendo a la Presencia y la Obra de Dios en el mundo.<\/p>\n<p>Ser\u00e1 un gran desaf\u00edo, pero tambi\u00e9n un desaf\u00edo redentor en este sentido. Porque aqu\u00ed no se arroja a un grupo en contra de otro. Aqu\u00ed nadie es menospreciado o negado. Aqu\u00ed ninguna religi\u00f3n es disputada o descartada. Aqu\u00ed nadie es olvidado o desperdiciado. Aqu\u00ed el gran amor de Dios, la gran compasi\u00f3n de Dios y la gran sabidur\u00eda de Dios son tra\u00eddas por completo a la Revelaci\u00f3n, no para un \u00fanico grupo o una \u00fanica gente, sino para toda la humanidad.<\/p>\n<p>Para reconocer estas cosas, verlas y comprender la gran verdad que representan, debes venir a la Revelaci\u00f3n. Debes leerla, escucharla y estudiarla y comenzar a aplicarla en tu vida y en tus circunstancias.<\/p>\n<p>Debes tener la humildad para dejar a un lado tus quejas, tus exhortaciones y tus creencias fijas con el fin de recibir las bendiciones del Creador, que se te dan ahora con gran poder y claridad, de manera tan completa que no se requieren explicaciones o comentarios humanos. Porque esta es la mayor Revelaci\u00f3n jam\u00e1s dada a este mundo, y se da en un tiempo en el que la humanidad est\u00e1 alfabetizada, en el que existe una comunidad mundial y comunicaciones mundiales.<\/p>\n<p>No es una refutaci\u00f3n del pasado, sino una confirmaci\u00f3n del pasado. Pero para verlo, debes tener un nuevo entendimiento del prop\u00f3sito y el Plan de Dios para las gentes de este mundo y de por qu\u00e9 Dios est\u00e1 preparando a la humanidad para la Comunidad Mayor de vida que ahora debe enfrentar, y de por qu\u00e9 Dios est\u00e1 preparando a la humanidad para restaurar el mundo, de manera que este pueda seguir sosteniendo la civilizaci\u00f3n humana y el bienestar de la gente en todas partes.<\/p>\n<p>Para esto debes tener ojos despejados, porque la Nueva Revelaci\u00f3n de Dios refutar\u00e1 mucho de la comprensi\u00f3n, las creencias y las afirmaciones humanas, porque estas nacen de la ignorancia, de la ignorancia pasada y presente. Nacen del malentendido y de la malinterpretaci\u00f3n.<\/p>\n<p>Porque ahora est\u00e1s escuchando la Voz que habl\u00f3 a Buda, a Jes\u00fas y a Mahoma. Y la Revelaci\u00f3n de Dios te est\u00e1 diciendo que estos tres grandes emisarios est\u00e1n con el Mensajero para este tiempo y los tiempos venideros.<\/p>\n<p>Porque solo hay un Mensajero en el mundo, y \u00e9l representa a Aquellos que le enviaron y a Aquellos que est\u00e1n con \u00e9l. \u00c9l est\u00e1 trayendo la Palabra de Dios al mundo por primera vez en m\u00e1s de mil cuatrocientos a\u00f1os, por primera vez. Aqu\u00ed est\u00e1.<\/p>\n<p>No es una cuesti\u00f3n de creencia. Es una cuesti\u00f3n de reconocimiento, honestidad y humildad, as\u00ed como de disposici\u00f3n a recibir. Este es el desaf\u00edo para el receptor.<\/p>\n<p>En la Nueva Revelaci\u00f3n de Dios no hay condena. No hay juicio contra la humanidad. No hay un castigo cruel aguardando a aquellos que no pueden responder. No se afirma que todos deben creer en una \u00fanica cosa, porque esto nunca puede ser. Dios lo sabe. Nunca puede haber una religi\u00f3n que valga para todos, porque eso nunca funcionar\u00eda. Dios lo entiende.<\/p>\n<p>Es por eso que la Revelaci\u00f3n da tanto poder al individuo y abre el camino para la revelaci\u00f3n personal, que ser\u00eda muy dif\u00edcil de lograr en las tradiciones del pasado teniendo en cuenta c\u00f3mo han sido abusadas y malinterpretadas a lo largo del tiempo por la gente.<\/p>\n<p>Jes\u00fas, Buda y Mahoma est\u00e1n con el Mensajero, porque \u00e9l est\u00e1 prosiguiendo su gran trabajo en el mundo, un gran trabajo que ellos sostienen en armon\u00eda mutua.<\/p>\n<p>Porque todos ellos, en verdad y claridad, representan el Prop\u00f3sito, la Voluntad y el Plan de Dios para desarrollar la conciencia, la \u00e9tica y la civilizaci\u00f3n humanas; para preparar a la humanidad para un mayor futuro, dentro de este mundo y dentro de la Comunidad Mayor de mundos; para preservar y construir la libertad humana en el tiempo; y para crear compasi\u00f3n, aceptaci\u00f3n, perd\u00f3n y humildad, de modo que la civilizaci\u00f3n humana pueda ser verdaderamente beneficiosa y verdaderamente sustentadora para la familia humana aqu\u00ed en la Tierra.<\/p>\n","protected":false},"excerpt":{"rendered":"<p>Para presentar la Nueva Revelaci\u00f3n de Dios en el mundo se ha enviado un Mensajero, preparado para llevar la carga de una Nueva Revelaci\u00f3n, trayendo una nueva realidad al mundo. Esto ocurre quiz\u00e1 una vez cada mil a\u00f1os, cuando la humanidad alcanza un gran umbral \u2014un punto de inflexi\u00f3n en su evoluci\u00f3n, un tiempo de\u2026 <a class=\"read-more\" href=\"https:\/\/www.v6.newmessage.org\/es\/about-text-shortcode\"><span>Read More<\/span><\/a><\/p>\n","protected":false},"author":1,"featured_media":0,"parent":16489,"menu_order":4,"comment_status":"closed","ping_status":"open","template":"template-leftsidebar.php","meta":{"_monsterinsights_skip_tracking":false,"_monsterinsights_sitenote_active":false,"_monsterinsights_sitenote_note":"","_monsterinsights_sitenote_category":0,"footnotes":""},"categories":[76,119,30,465,460],"tags":[686],"_links":{"self":[{"href":"https:\/\/www.v6.newmessage.org\/es\/wp-json\/wp\/v2\/pages\/15857"}],"collection":[{"href":"https:\/\/www.v6.newmessage.org\/es\/wp-json\/wp\/v2\/pages"}],"about":[{"href":"https:\/\/www.v6.newmessage.org\/es\/wp-json\/wp\/v2\/types\/page"}],"author":[{"embeddable":true,"href":"https:\/\/www.v6.newmessage.org\/es\/wp-json\/wp\/v2\/users\/1"}],"replies":[{"embeddable":true,"href":"https:\/\/www.v6.newmessage.org\/es\/wp-json\/wp\/v2\/comments?post=15857"}],"version-history":[{"count":14,"href":"https:\/\/www.v6.newmessage.org\/es\/wp-json\/wp\/v2\/pages\/15857\/revisions"}],"predecessor-version":[{"id":29082,"href":"https:\/\/www.v6.newmessage.org\/es\/wp-json\/wp\/v2\/pages\/15857\/revisions\/29082"}],"up":[{"embeddable":true,"href":"https:\/\/www.v6.newmessage.org\/es\/wp-json\/wp\/v2\/pages\/16489"}],"wp:attachment":[{"href":"https:\/\/www.v6.newmessage.org\/es\/wp-json\/wp\/v2\/media?parent=15857"}],"wp:term":[{"taxonomy":"category","embeddable":true,"href":"https:\/\/www.v6.newmessage.org\/es\/wp-json\/wp\/v2\/categories?post=15857"},{"taxonomy":"post_tag","embeddable":true,"href":"https:\/\/www.v6.newmessage.org\/es\/wp-json\/wp\/v2\/tags?post=15857"}],"curies":[{"name":"wp","href":"https:\/\/api.w.org\/{rel}","templated":true}]}}