{"id":15766,"date":"2014-09-26T01:28:05","date_gmt":"2014-09-26T01:28:05","guid":{"rendered":"http:\/\/www.newmessage.org\/?page_id=15766"},"modified":"2016-01-19T15:28:50","modified_gmt":"2016-01-19T15:28:50","slug":"revelaciones-sobre-el-mensajero","status":"publish","type":"page","link":"https:\/\/www.v6.newmessage.org\/es\/el-mensaje\/revelations\/revelaciones-sobre-el-mensajero","title":{"rendered":"Revelaciones sobre el Mensajero"},"content":{"rendered":"<p>En 1982, Marshal Vian Summers recibi\u00f3 una serie de profundos mensajes en los desiertos del suroeste Americano. Durante los 43 a\u00f1os desde entonces, esta transmisi\u00f3n divina ha continuado, haci\u00e9ndose cada vez m\u00e1s amplia. Ahora, con m\u00e1s de 9200 p\u00e1ginas de extensi\u00f3n, esta transmisi\u00f3n ha revelado ser un Nuevo Mensaje de Dios para la humanidad.<\/p>\n<div class=\"panel-30 background-color-bridesmaid text-align-center margin-bottom-20\">\n<p>Escucha las grabaciones originales de las Revelaciones sobre el Mensajero (o lee la traducci\u00f3n de las transcripciones), tal como fueron recibidas por el Mensajero, Marshall Vian Summers.<\/p>\n<h4 class=\"text-color-gray-5\" style=\"text-align: center\">Revelaciones de Dios sobre el Mensajero<\/h4>\n<div class=\" text-align-center\">\n<p style=\"text-align: center\">\n\t    \n\t<article class=\"posts_listing blog_shortcode clearfix post-28169 page type-page status-publish hentry category-revelations category-revelations-about-the-messenger category-audio category-the-new-messenger category-volume-1 tag-walking-with-the-messenger\" id=\"post-28169\">\n\n\t\t\t\t\n\t<h2 class=\"entry-title\"><a href=\"https:\/\/www.v6.newmessage.org\/es\/el-mensaje\/volumen-1\/el-nuevo-mensajero\/caminando-con-el-mensajero\" rel=\"bookmark\" title=\"Permanent Link to Caminando con el Mensajero\">Caminando con el Mensajero<\/a><\/h2>\n\n\t\t\t\n\t\t<\/article>\n\t    \n\t<article class=\"posts_listing blog_shortcode clearfix post-28372 page type-page status-publish hentry category-revelations category-revelations-about-the-messenger category-audio category-the-new-messenger category-volume-1 tag-understanding-the-new-messenger\" id=\"post-28372\">\n\n\t\t\t\t\n\t<h2 class=\"entry-title\"><a href=\"https:\/\/www.v6.newmessage.org\/es\/el-mensaje\/volumen-1\/el-nuevo-mensajero\/comprendiendo-al-nuevo-mensajero\" rel=\"bookmark\" title=\"Permanent Link to Comprendiendo al Nuevo Mensajero\">Comprendiendo al Nuevo Mensajero<\/a><\/h2>\n\n\t\t\t\n\t\t<\/article>\n\t    \n\t<article class=\"posts_listing blog_shortcode clearfix post-15857 page type-page status-publish hentry category-revelations category-revelations-about-the-messenger category-audio category-the-new-messenger category-volume-1 tag-the-lineage-of-the-messenger\" id=\"post-15857\">\n\n\t\t\t\t\n\t<h2 class=\"entry-title\"><a href=\"https:\/\/www.v6.newmessage.org\/es\/el-mensaje\/volumen-1\/el-nuevo-mensajero\/el-linaje-del-mensajero\" rel=\"bookmark\" title=\"Permanent Link to El linaje del Mensajero\">El linaje del Mensajero<\/a><\/h2>\n\n\t\t\t\n\t\t<\/article>\n\t    \n\t<article class=\"posts_listing blog_shortcode clearfix post-15779 page type-page status-publish hentry category-revelations category-revelations-about-the-messenger category-audio category-the-new-messenger category-volume-1 tag-the-origin-of-the-messenger\" id=\"post-15779\">\n\n\t\t\t\t\n\t<h2 class=\"entry-title\"><a href=\"https:\/\/www.v6.newmessage.org\/es\/el-mensaje\/volumen-1\/el-nuevo-mensajero\/el-origen-del-mensajero\" rel=\"bookmark\" title=\"Permanent Link to El Origen del Mensajero\">El Origen del Mensajero<\/a><\/h2>\n\n\t\t\t\n\t\t<\/article>\n\t    \n\t<article class=\"posts_listing blog_shortcode clearfix post-28370 page type-page status-publish hentry category-revelations category-revelations-about-the-messenger category-audio category-the-new-messenger category-volume-1 tag-the-veil-of-the-messenger\" id=\"post-28370\">\n\n\t\t\t\t\n\t<h2 class=\"entry-title\"><a href=\"https:\/\/www.v6.newmessage.org\/es\/el-mensaje\/volumen-1\/el-nuevo-mensajero\/el-velo-del-mensajero\" rel=\"bookmark\" title=\"Permanent Link to El velo del Mensajero\">El velo del Mensajero<\/a><\/h2>\n\n\t\t\t\n\t\t<\/article>\n\t    \n\t<article class=\"posts_listing blog_shortcode clearfix post-28374 page type-page status-publish hentry category-revelations category-revelations-about-the-messenger category-audio category-the-new-messenger category-volume-1 tag-the-journey-of-the-messenger\" id=\"post-28374\">\n\n\t\t\t\t\n\t<h2 class=\"entry-title\"><a href=\"https:\/\/www.v6.newmessage.org\/es\/el-mensaje\/volumen-1\/el-nuevo-mensajero\/el-viaje-del-mensajero\" rel=\"bookmark\" title=\"Permanent Link to El viaje del Mensajero\">El viaje del Mensajero<\/a><\/h2>\n\n\t\t\t\n\t\t<\/article>\n\t    \n\t<article class=\"posts_listing blog_shortcode clearfix post-28189 page type-page status-publish hentry category-revelations category-revelations-about-the-messenger category-audio category-the-new-messenger category-volume-1 tag-facing-the-light-of-revelation\" id=\"post-28189\">\n\n\t\t\t\t\n\t<h2 class=\"entry-title\"><a href=\"https:\/\/www.v6.newmessage.org\/es\/el-mensaje\/volumen-1\/el-nuevo-mensajero\/encarando-la-luz-de-la-revelacion\" rel=\"bookmark\" title=\"Permanent Link to Encarando la Luz de la Revelaci\u00f3n\">Encarando la Luz de la Revelaci\u00f3n<\/a><\/h2>\n\n\t\t\t\n\t\t<\/article>\n\t    \n\t<article class=\"posts_listing blog_shortcode clearfix post-548 page type-page status-publish hentry category-other-revelations category-revelations category-revelations-about-the-messenger category-audio tag-a-new-revelation tag-the-burden-of-the-messenger tag-the-new-messenger-from-god-marshall-vian-summers tag-there-is-a-new-message-from-god-in-the-world-part-3\" id=\"post-548\">\n\n\t\t\t\t\n\t<h2 class=\"entry-title\"><a href=\"https:\/\/www.v6.newmessage.org\/es\/el-mensaje\/otras-revelaciones\/la-carga-del-mensajero\" rel=\"bookmark\" title=\"Permanent Link to La carga del Mensajero\">La carga del Mensajero<\/a><\/h2>\n\n\t\t\t\n\t\t<\/article>\n\t    \n\t<article class=\"posts_listing blog_shortcode clearfix post-625 page type-page status-publish hentry category-revelations category-revelations-about-the-messenger category-audio category-the-new-messenger category-volume-1 tag-a-new-revelation tag-gods-new-messenger tag-the-story-of-the-messenger tag-the-story-of-the-messenger-from-god\" id=\"post-625\">\n\n\t\t\t\t\n\t<h2 class=\"entry-title\"><a href=\"https:\/\/www.v6.newmessage.org\/es\/el-mensaje\/volumen-1\/el-nuevo-mensajero\/la-historia-del-mensajero\" rel=\"bookmark\" title=\"Permanent Link to La historia del Mensajero\">La historia del Mensajero<\/a><\/h2>\n\n\t\t\t\n\t\t<\/article>\n\t    \n\t<article class=\"posts_listing blog_shortcode clearfix post-28221 page type-page status-publish hentry category-cd category-revelations category-revelations-about-the-messenger category-the-new-messenger category-volume-1 tag-the-messengers-calling\" id=\"post-28221\">\n\n\t\t\t\t\n\t<h2 class=\"entry-title\"><a href=\"https:\/\/www.v6.newmessage.org\/es\/el-mensaje\/volumen-1\/el-nuevo-mensajero\/la-llamada-del-mensajero\" rel=\"bookmark\" title=\"Permanent Link to La Llamada del Mensajero\">La Llamada del Mensajero<\/a><\/h2>\n\n\t\t\t\n\t\t<\/article>\n\t    \n\t<article class=\"posts_listing blog_shortcode clearfix post-28207 page type-page status-publish hentry category-revelations category-revelations-about-the-messenger category-audio category-the-new-messenger category-volume-1 tag-incertidumbre tag-la-llamada tag-paciencia tag-the-requirements-of-the-messenger\" id=\"post-28207\">\n\n\t\t\t\t\n\t<h2 class=\"entry-title\"><a href=\"https:\/\/www.v6.newmessage.org\/es\/el-mensaje\/volumen-1\/el-nuevo-mensajero\/los-requerimientos-del-mensajero\" rel=\"bookmark\" title=\"Permanent Link to Los requerimientos del Mensajero\">Los requerimientos del Mensajero<\/a><\/h2>\n\n\t\t\t\n\t\t<\/article>\n\t    \t    <\/p>\n<\/div>\n<\/div>\n<p>En la actualidad, la Voz de la Revelaci\u00f3n contin\u00faa hablando a trav\u00e9s de su Mensajero Marshall Vian Summers, revelando lo que nunca antes hab\u00eda sido visto o sabido en la Tierra.<\/p>\n","protected":false},"excerpt":{"rendered":"<p>En 1982, Marshal Vian Summers recibi\u00f3 una serie de profundos mensajes en los desiertos del suroeste Americano. Durante los a\u00f1os desde entonces, esta transmisi\u00f3n divina ha continuado, haci\u00e9ndose cada vez m\u00e1s amplia. Ahora, con m\u00e1s de 9200 p\u00e1ginas de extensi\u00f3n, esta transmisi\u00f3n ha revelado ser un Nuevo Mensaje de Dios para la humanidad. Escucha las\u2026 <a class=\"read-more\" href=\"https:\/\/www.v6.newmessage.org\/es\/el-mensaje\/volumen-1\/el-nuevo-mensajero\/los-requerimientos-del-mensajero\"><span>Read More<\/span><\/a><\/p>\n","protected":false},"author":1,"featured_media":0,"parent":15041,"menu_order":0,"comment_status":"closed","ping_status":"closed","template":"","meta":{"_monsterinsights_skip_tracking":false,"_monsterinsights_sitenote_active":false,"_monsterinsights_sitenote_note":"","_monsterinsights_sitenote_category":0,"footnotes":""},"categories":[],"tags":[],"_links":{"self":[{"href":"https:\/\/www.v6.newmessage.org\/es\/wp-json\/wp\/v2\/pages\/15766"}],"collection":[{"href":"https:\/\/www.v6.newmessage.org\/es\/wp-json\/wp\/v2\/pages"}],"about":[{"href":"https:\/\/www.v6.newmessage.org\/es\/wp-json\/wp\/v2\/types\/page"}],"author":[{"embeddable":true,"href":"https:\/\/www.v6.newmessage.org\/es\/wp-json\/wp\/v2\/users\/1"}],"replies":[{"embeddable":true,"href":"https:\/\/www.v6.newmessage.org\/es\/wp-json\/wp\/v2\/comments?post=15766"}],"version-history":[{"count":17,"href":"https:\/\/www.v6.newmessage.org\/es\/wp-json\/wp\/v2\/pages\/15766\/revisions"}],"predecessor-version":[{"id":27566,"href":"https:\/\/www.v6.newmessage.org\/es\/wp-json\/wp\/v2\/pages\/15766\/revisions\/27566"}],"up":[{"embeddable":true,"href":"https:\/\/www.v6.newmessage.org\/es\/wp-json\/wp\/v2\/pages\/15041"}],"wp:attachment":[{"href":"https:\/\/www.v6.newmessage.org\/es\/wp-json\/wp\/v2\/media?parent=15766"}],"wp:term":[{"taxonomy":"category","embeddable":true,"href":"https:\/\/www.v6.newmessage.org\/es\/wp-json\/wp\/v2\/categories?post=15766"},{"taxonomy":"post_tag","embeddable":true,"href":"https:\/\/www.v6.newmessage.org\/es\/wp-json\/wp\/v2\/tags?post=15766"}],"curies":[{"name":"wp","href":"https:\/\/api.w.org\/{rel}","templated":true}]}}