{"id":157,"date":"2011-04-23T16:18:29","date_gmt":"2011-04-23T16:18:29","guid":{"rendered":"http:\/\/wp.www.newmessage.org\/?p=157"},"modified":"2017-08-21T11:02:00","modified_gmt":"2017-08-21T11:02:00","slug":"que-es-el-nuevo-mensaje-de-dios","status":"publish","type":"page","link":"https:\/\/www.v6.newmessage.org\/es\/introduccion-al-nuevo-mensaje\/preguntas-frecuentes\/que-es-el-nuevo-mensaje-de-dios","title":{"rendered":"\u00bfQu\u00e9 es el Nuevo Mensaje de Dios?"},"content":{"rendered":"<blockquote><p><em>El Creador de toda vida ha enviado un Nuevo Mensaje. Es un mensaje para preparar al individuo y a los pueblos del mundo para sobrevivir y avanzar a trav\u00e9s de los grandes peligros que aguardan a la humanidad. Es un gran regalo frente a una necesidad urgente.&#8221;<\/em><\/p><\/blockquote>\n<p>Hay un Nuevo Mensaje de Dios en el mundo. Es un regalo del Creador de toda vida para la protecci\u00f3n y el avance de la humanidad. Contiene una advertencia, una bendici\u00f3n y una preparaci\u00f3n para todos los pueblos del mundo.<\/p>\n<p>El Nuevo Mensaje no se basa en ninguna tradici\u00f3n religiosa o ense\u00f1anza espiritual existente. Es un regalo para la gente de todas las naciones y fes. Honra la verdad permanente en todos los grandes Mensajes que el Creador ha dado al mundo, pero es distinto a cualquier cosa que se haya revelado antes a la humanidad.<\/p>\n<p>El Nuevo Mensaje de Dios es una comunicaci\u00f3n genuina del Creador que ha sido enviada al mundo en un momento de gran cambio, convulsi\u00f3n y conflicto. El Nuevo Mensaje provee el Conocimiento, la sabidur\u00eda y la direcci\u00f3n que la humanidad no podr\u00eda proveerse por s\u00ed misma para atender los grandes desaf\u00edos que ahora toda la familia humana enfrenta.<\/p>\n<p>El Nuevo Mensaje es una respuesta a las oraciones sinceras de la gente de todas las naciones y tradiciones religiosas pidiendo libertad, seguridad y salvaci\u00f3n. Es una nueva revelaci\u00f3n sobre la Espiritualidad \u00danica de la humanidad, sobre la preservaci\u00f3n del mundo y sobre el futuro y el destino de la humanidad dentro de una Comunidad Mayor de vida inteligente en el universo.<\/p>\n","protected":false},"excerpt":{"rendered":"<p>El Creador de toda vida ha enviado un Nuevo Mensaje. Es un mensaje para preparar al individuo y a los pueblos del mundo para sobrevivir y avanzar a trav\u00e9s de los grandes peligros que aguardan a la humanidad. Es un gran regalo frente a una necesidad urgente.&#8221; Hay un Nuevo Mensaje de Dios en el\u2026 <a class=\"read-more\" href=\"https:\/\/www.v6.newmessage.org\/es\/introduccion-al-nuevo-mensaje\/preguntas-frecuentes\/que-es-el-nuevo-mensaje-de-dios\"><span>Read More<\/span><\/a><\/p>\n","protected":false},"author":1,"featured_media":0,"parent":12778,"menu_order":4,"comment_status":"closed","ping_status":"closed","template":"template-leftsidebar.php","meta":{"_monsterinsights_skip_tracking":false,"_monsterinsights_sitenote_active":false,"_monsterinsights_sitenote_note":"","_monsterinsights_sitenote_category":0,"footnotes":""},"categories":[61],"tags":[422],"_links":{"self":[{"href":"https:\/\/www.v6.newmessage.org\/es\/wp-json\/wp\/v2\/pages\/157"}],"collection":[{"href":"https:\/\/www.v6.newmessage.org\/es\/wp-json\/wp\/v2\/pages"}],"about":[{"href":"https:\/\/www.v6.newmessage.org\/es\/wp-json\/wp\/v2\/types\/page"}],"author":[{"embeddable":true,"href":"https:\/\/www.v6.newmessage.org\/es\/wp-json\/wp\/v2\/users\/1"}],"replies":[{"embeddable":true,"href":"https:\/\/www.v6.newmessage.org\/es\/wp-json\/wp\/v2\/comments?post=157"}],"version-history":[{"count":7,"href":"https:\/\/www.v6.newmessage.org\/es\/wp-json\/wp\/v2\/pages\/157\/revisions"}],"predecessor-version":[{"id":28725,"href":"https:\/\/www.v6.newmessage.org\/es\/wp-json\/wp\/v2\/pages\/157\/revisions\/28725"}],"up":[{"embeddable":true,"href":"https:\/\/www.v6.newmessage.org\/es\/wp-json\/wp\/v2\/pages\/12778"}],"wp:attachment":[{"href":"https:\/\/www.v6.newmessage.org\/es\/wp-json\/wp\/v2\/media?parent=157"}],"wp:term":[{"taxonomy":"category","embeddable":true,"href":"https:\/\/www.v6.newmessage.org\/es\/wp-json\/wp\/v2\/categories?post=157"},{"taxonomy":"post_tag","embeddable":true,"href":"https:\/\/www.v6.newmessage.org\/es\/wp-json\/wp\/v2\/tags?post=157"}],"curies":[{"name":"wp","href":"https:\/\/api.w.org\/{rel}","templated":true}]}}