{"id":15122,"date":"2014-08-29T02:36:07","date_gmt":"2014-08-29T02:36:07","guid":{"rendered":"http:\/\/www.newmessage.org\/?page_id=15122"},"modified":"2016-01-08T15:49:27","modified_gmt":"2016-01-08T15:49:27","slug":"cual-es-el-proposito-humano","status":"publish","type":"page","link":"https:\/\/www.v6.newmessage.org\/es\/el-mensaje\/volumen-2\/espiritualidad-de-la-comunidad-mayor\/cual-es-el-proposito-humano","title":{"rendered":"\u00bfCu\u00e1l es el prop\u00f3sito humano?"},"content":{"rendered":"<div><!-- 4.0 --><\/div>\n\n<div class=\"tabgroup \"><ul class=\"tabs\"><li><a href=\"#tabs-1\">Acerca de<\/a><\/li>\n<li><a href=\"#tabs-2\">M\u00e1s<\/a><\/li><\/ul>\n <div id=\"tabs-1\"><br \/>\n<i>Como le fue revelado a<\/i><br \/>\n<i>Marshall Vian Summers<\/i><br \/>\n<i>el 21 de septiembre de 1993<\/i><br \/>\n<i>en Boulder, Colorado, Estados Unidos<\/i><\/p>\n<p>Texto original: <a href=\"https:\/\/www.newmessage.org\/the-message\/volume-2\/greater-community-spirituality\/what-is-human-purpose\">What is Human Purpose?<\/a><\/p>\n<div class=\"toggle toggle-white\"><h4 class=\"trigger \"><span class=\"t_ico\"><\/span><a href=\"#\">M\u00e1s informaci\u00f3n sobre este texto<\/a><\/h4><div class=\"toggle_container \"><br \/>\n<p>Lo que est\u00e1s leyendo en este texto es la transcripci\u00f3n de la voz original de la Asamblea Ang\u00e9lica hablando a trav\u00e9s del Mensajero Marshall Vian Summers.<\/p>\n<p>Aqu\u00ed, la comunicaci\u00f3n original de Dios, que existe m\u00e1s all\u00e1 de las palabras, es traducida al lenguaje y el entendimiento humanos por la Asamblea Ang\u00e9lica que supervisa el mundo. La Asamblea despu\u00e9s entrega el Mensaje de Dios a trav\u00e9s del Mensajero, tras lo cual es transcrito y puesto a tu disposici\u00f3n y a disposici\u00f3n de todos.<\/p>\n<p>En este extraordinario proceso, la Voz de la Revelaci\u00f3n est\u00e1 hablando de nuevo. La Palabra y el Sonido est\u00e1n en el mundo. Que puedas ser el receptor de este regalo de Revelaci\u00f3n y puedas estar abierto a recibir su Mensaje \u00fanico para ti y para tu vida.<\/p>\n<br \/>\n<\/div><\/div>\n<p><\/div>\n<div id=\"tabs-2\"><\/p>\n<div class=\"panel-10 text-align-center\"><img decoding=\"async\" class=\"aligncenter size-full \" src=\"https:\/\/www.newmessage.org\/wp-content\/uploads\/2014\/09\/GCS-english-250px.jpg\" alt=\"Greater Community Spirituality\" \/><\/div>\n<div class=\"text-align-center\"><a class='simple_button_link ' style='background-color: #4f8fd6' href='http:\/\/newknowledgelibrary.org\/books\/greater-community-spirituality\/'   ><span>Pide el libro (en ingl\u00e9s)<\/span><\/a><\/div>\n<div class=\"text-align-center text font-size-12 margin-top-10\">Volumen 2 &gt; Espiritualidad de la Comunidad Mayor &gt; Cap\u00edtulo 5<\/div>\n<p><\/div>\n\t\t\t\t<div align=\"right\">\n\t\t\t<div class=\"fb-like\" data-href=\"\" data-layout=\"button_count\" data-action=\"like\" data-show-faces=\"false\" data-share=\"false\"><\/div>\n\t\t\t<div class=\"fb-share-button\" data-layout=\"button_count\"> <\/div>\n\t\t\t<div class=\"fb_iframe_widget\"><a href=\"https:\/\/twitter.com\/godsnewmessage?ref_src=twsrc%5Etfw\" class=\"twitter-follow-button\" data-show-count=\"false\">Follow @godsnewmessage<\/a><script async src=\"https:\/\/platform.twitter.com\/widgets.js\" charset=\"utf-8\"><\/script><\/div>\n\t\t\t<\/div> <\/div> \n\n<p>El prop\u00f3sito es algo que entender\u00e1s a medida que subas m\u00e1s alto en la monta\u00f1a de la vida. A medida que alcances un punto de observaci\u00f3n mayor, entender\u00e1s m\u00e1s del viaje en s\u00ed, mirando hacia atr\u00e1s y siendo cada vez m\u00e1s capaz de anticipar lo que est\u00e1 por delante. El prop\u00f3sito se descubre haciendo el viaje, no estableciendo para uno mismo una explicaci\u00f3n o una definici\u00f3n favorable o fascinante. El prop\u00f3sito no es una justificaci\u00f3n. \u00c9l no compensa por nada. El prop\u00f3sito es algo que est\u00e1 aguardando a que lo descubras. T\u00fa solo puedes descubrirlo haciendo el viaje, siguiendo el camino, aprendiendo sobre la marcha y ganando el entendimiento y la perspectiva m\u00e1s amplia que uno adquiere a medida que madura en el Camino del Conocimiento.<\/p>\n<p>Como hemos dicho anteriormente, t\u00fa has venido de cierto lugar y retornar\u00e1s a ese lugar. Has venido portando regalos para el mundo. Tu prop\u00f3sito mayor est\u00e1 incorporado en esta idea. A causa de tu origen y tu destino, tienes algo m\u00e1s grande que dar al mundo, algo que el mundo no puede darte. Tu regalo est\u00e1 oculto dentro de ti como un cargamento secreto, pero no puedes acceder a \u00e9l hasta que hayas avanzado. Entonces comenzar\u00e1 a emerger, lenta y gradualmente, por su propia cuenta.<\/p>\n<p>El impaciente, el ambicioso, el apasionado y el fan\u00e1tico no pueden viajar por este camino, pues ellos no pueden permanecer en un viaje m\u00e1s grande. No pueden estar sin definiciones o explicaciones, porque son demasiado inestables para hacerlo.<\/p>\n<p>Tu llamada en la vida es muy espec\u00edfica. Ella implica involucrarte con ciertas personas por razones espec\u00edficas en ciertas coyunturas de tu vida. El prop\u00f3sito mayor que t\u00fa compartes con todos es mantener el Conocimiento vivo en el mundo y traer al mundo algo de tu Antiguo Hogar. Esta es una definici\u00f3n con la que puedes permanecer, porque ella no te limitar\u00e1 ni te enga\u00f1ar\u00e1, pero no vayas m\u00e1s lejos en tus definiciones. Permite que la manifestaci\u00f3n de tu prop\u00f3sito tome lugar de manera natural, tal y como har\u00e1 si sigues el Camino del Conocimiento. Tu prop\u00f3sito ahora es prepararte para ganar una mayor comprensi\u00f3n del mundo, de la evoluci\u00f3n del mundo y del destino del mundo. En este contexto mayor alcanzar\u00e1s una nueva posici\u00f3n estrat\u00e9gica desde la que entender tu papel en el mundo y tu raz\u00f3n para venir aqu\u00ed.<\/p>\n<p>Tu vida debe ser cumplida. Debe ser justificada. El mundo es un lugar dif\u00edcil al que venir. No es un lugar de vacaciones. No es un lugar al que eres enviado como castigo. No es un lugar al que eres enviado por placer. Es un lugar que necesita tus regalos de tu Antiguo Hogar, y por esta raz\u00f3n has venido. Tus regalos son muy espec\u00edficos, y pueden ser entregados sin hacer un gran espect\u00e1culo. Excepto en raras ocasiones, t\u00fa no recibir\u00e1s aclamaci\u00f3n, gloria o fama por dar tu regalo. Esto es apropiado. Si pudieras obtener una mayor comprensi\u00f3n del mundo y de lo que el mundo realmente es, de lo que el mundo realmente necesita y de cu\u00e1l es su apuro, ver\u00edas qu\u00e9 gran ventaja es esta. Entender\u00edas por qu\u00e9 los Sabios permanecen ocultos y por qu\u00e9 deben aprender a proceder as\u00ed incluso para hacerse sabios.<\/p>\n<p>El Creador trabaja en todos los lugares y en todas las dimensiones, reclamando a los separados mediante el Conocimiento. El trabajo de Dios se lleva a cabo entre bastidores, aunque es activo y bastante evidente si puedes percibirlo. Este trabajo no hace un espect\u00e1culo de s\u00ed mismo, y por tanto recibe un m\u00ednimo de resistencia y contaminaci\u00f3n de los mundos y las culturas a las que sirve.<\/p>\n<p>El Conocimiento es as\u00ed. Trabaja entre bastidores. No necesita reconocimiento. No necesita glorificaci\u00f3n. No necesita que te inclines ante \u00e9l como un esclavo. Sin embargo, te llama a responder y a abrir a \u00e9l tu mente y tu coraz\u00f3n, de manera que puedas reunirte con el aspecto mayor de ti mismo que te vincula a toda la vida en todas partes. Como un padre llamando a un ni\u00f1o d\u00edscolo de vuelta a la familia, \u00e9l te llama a volver. Te llama a casa, y a medida que progresas hacia \u00e9l, no importa cu\u00e1n inconscientemente, \u00e9l te protege y te gu\u00eda. Aunque la mayor\u00eda de sus regalos pasan desapercibidos y son ignorados, su presencia y su beneficencia descienden pese a todo sobre ti.<\/p>\n<p>Encontrar esta Gracia dentro de ti representa parte de tu preparaci\u00f3n. Tu prop\u00f3sito ahora es prepararte. No es hacer definiciones maravillosas para tu vida. No es justificar tus errores. No es hacer que todo se sienta bien o luzca bien. Sin preparaci\u00f3n, tu prop\u00f3sito no puede ser descubierto. Hay muchas formas de preparaci\u00f3n. Todas ellas vienen de m\u00e1s all\u00e1 de ti. Si t\u00fa estableces tu propio camino, te perder\u00e1s. Si eliges solo lo que te gusta y desde\u00f1as el resto, entonces te quedar\u00e1s donde est\u00e1s, perdido en tu propia mente, ocultado de la vida y aislado del mayor movimiento de la vida al que en verdad has venido a servir y en el que has venido a participar.<\/p>\n<p>Tu prop\u00f3sito no es escapar del mundo. Tu prop\u00f3sito no es correr a casa con tu Creador. Tu prop\u00f3sito es dar lo que has venido aqu\u00ed a dar, reunirte con aquellos con los que has de reunirte y contribuir todo lo que has tra\u00eddo contigo \u2014ese cargamento secreto que portas incluso en este momento\u2014. Tu prop\u00f3sito comienza con la preparaci\u00f3n. Esto te lleva hacia el descubrimiento y la contribuci\u00f3n. Mientras tanto t\u00fa das. Estas grandes etapas representan los hitos en tu desarrollo. No pienses que t\u00fa ya est\u00e1s preparado, pues la preparaci\u00f3n es mucho mayor de lo que concibes. Y la preparaci\u00f3n contin\u00faa.<\/p>\n<p>T\u00fa est\u00e1s aqu\u00ed en el mundo por razones muy espec\u00edficas. Estas no son tus razones personales. Est\u00e1s aqu\u00ed para contribuir y participar en un mayor orden de realidad que existe dentro del mundo y m\u00e1s all\u00e1 del mundo, e incluso m\u00e1s all\u00e1 de la manifestaci\u00f3n f\u00edsica de la vida. \u00bfC\u00f3mo puedes determinar qu\u00e9 es? Si t\u00fa tuvieras acceso y entendimiento sobre todas las cosas, entonces tal vez podr\u00edas ver y definir tu propio papel dentro de \u00e9l. Sin embargo t\u00fa no puedes hacer eso, por tanto no lo intentes, porque te enga\u00f1ar\u00edas a ti mismo de la peor manera posible.<\/p>\n<p>Tu prop\u00f3sito ahora es prepararte. Si t\u00fa debes aprender Conocimiento y Sabidur\u00eda de la Comunidad Mayor, entonces debes prepararte en el Camino del Conocimiento de la Comunidad Mayor. T\u00fa no puedes hacerlo por ti mismo. Y si recibes el curr\u00edculo, no lo alteres; no lo edites; no selecciones lo que te gusta desechando el resto, o no te mover\u00e1s m\u00e1s all\u00e1 de donde est\u00e1s. Llevarte a una mayor consciencia requiere una comprensi\u00f3n diferente y un movimiento diferente en la vida. Con una mayor consciencia viene una mayor capacidad. Todo esto viene del Conocimiento. Aqu\u00ed se te pide que sigas, que respondas y que aprendas las grandes lecciones en discernimiento, discreci\u00f3n, comunicaci\u00f3n y afinidad. Estas lecciones son inherentes en la propia preparaci\u00f3n. Desde el primer paso hasta el \u00faltimo, t\u00fa estar\u00e1s aprendiendo estas cosas, y la vida ser\u00e1 tu laboratorio.<\/p>\n<p>Date cuenta de que esta preparaci\u00f3n no es solo para ti. Es para permitirte contribuir tus regalos de modo que puedas completar tu servicio en el mundo y retornar a tu Familia Espiritual. Aqu\u00ed t\u00fa retornas con tus regalos entregados, con todo contribuido, sin que quede nada por hacer. Esto representa el verdadero logro. Cu\u00e1n pocos en el mundo pueden identificar esto y reclamarlo para s\u00ed mismos. Para comprender realmente tu prop\u00f3sito, debes tener una comprensi\u00f3n de lo que es Dios, de lo que es el mundo, de lo que es la fuerza vital y de lo que es el Conocimiento.<\/p>\n<p>El principio de la preparaci\u00f3n es un proceso de deshacer. Mucho de lo crees, mucho de lo que admiras, mucho de lo que no puedes tolerar y mucho de lo que resientes debe ser apartado para que tengas la oportunidad de tener una experiencia nueva y directa. Esto no es un proceso de a\u00f1adir a tu pensamiento y a tus conclusiones anteriores. Por tanto, no vengas buscando validaci\u00f3n. En su lugar, ven buscando educaci\u00f3n. La educaci\u00f3n, por su propia naturaleza, est\u00e1 dise\u00f1ada para llevarte a nuevo territorio, para llevarte m\u00e1s all\u00e1 de tus l\u00edmites y presunciones anteriores y para exponerte a nuevas ideas y experiencias. Esta es la esencia misma de la educaci\u00f3n, y esto es lo que nosotros queremos decir cuando decimos que primero debes prepararte.<\/p>\n<p>Sin preparaci\u00f3n no conseguir\u00e1s nada. Esto es obvio en muchas otras \u00e1reas de tu existencia en el mundo, y es igualmente cierto tambi\u00e9n en esta \u00e1rea. Mucha gente busca, o afirma que busca, mayor Sabidur\u00eda, mayor entendimiento y mayores relaciones, pero pocos se preparar\u00e1n. Algo en ti debe motivarte a prepararte y debe moverte a prepararte m\u00e1s all\u00e1 de tus preocupaciones y tus ansiedades y m\u00e1s all\u00e1 de tus preferencias, tus dudas y tus miedos. Conf\u00eda en esto. Esto viene del Conocimiento. El Conocimiento te traer\u00e1 al Conocimiento. Tus objetivos, tus ambiciones, tus aspiraciones, tus fantas\u00edas y tus sue\u00f1os solo pueden estorbarte en esta gran vuelta a casa.<\/p>\n<p>Cuando llegas a comprender que tu prop\u00f3sito no es solo para ti, comprender\u00e1s que no debes permitirte obsesionarte o estar absorto contigo mismo. En efecto, la gran liberaci\u00f3n es una liberaci\u00f3n de este estar absorto contigo mismo, lo cual te devuelve a la vida con una mente abierta y con todas tus facultades completamente activadas. Aquellos que est\u00e1n pose\u00eddos consigo mismos no pueden ver m\u00e1s all\u00e1 de sus propios estados mentales, sentimientos, pensamientos, emociones, actitudes cambiantes, creencias fijas, etc. \u00bfQu\u00e9 pueden traer al mundo sino su propia confusi\u00f3n y su propio aislamiento? Tu primera libertad es la libertad respecto de tu propia mente. Esta es la libertad respecto de tu pasado, el cual representa tu mente en este momento. Esta es tu mente personal; no es la Mente Mayor del Conocimiento. Es la mente que el mundo ha condicionado. Es la mente que t\u00fa debes utilizar ahora de una manera nueva.<\/p>\n<p>El Conocimiento te da un respiro de la prisi\u00f3n de tus propios pensamientos y actitudes y de los l\u00edmites de tus propias emociones y creencias. Esto lo hace sin destruir tu mente; lo hace sin da\u00f1arte de ninguna manera. El Conocimiento te da una nueva experiencia, una experiencia en el tiempo presente, sin asociaciones pasadas. Tener esta experiencia forma parte de tu preparaci\u00f3n. Aqu\u00ed debes estar dispuesto a ir m\u00e1s all\u00e1 de tus ideas. Aqu\u00ed debes estar dispuesto a estar sin conclusiones ni ideas fijas acerca de que es el mundo, acerca de qu\u00e9 eres t\u00fa y acerca de qu\u00e9 es la verdad.<\/p>\n<p>Para muchos esto es muy dif\u00edcil. T\u00fa puedes sentirte bastante inseguro cuando entras en estos estados de desconocimiento, pero en realidad esto es un regreso a la claridad dentro de ti. Esto es estar sin respuestas pero con una mente abierta e inquisitiva. Esto no es una aproximaci\u00f3n pasiva. Es muy activa, porque aqu\u00ed debes estar muy atento, muy centrado y listo para actuar.<\/p>\n<p>A menudo, cuando la gente habla de prop\u00f3sito habla del resultado final en lugar del proceso de alcanzar ese resultado. Esto, por supuesto, carece bastante de significado y no tiene un valor duradero. La gente afirma lo que cree que es ahora o lo que cree que ser\u00e1, y considera que esto es una definici\u00f3n y una declaraci\u00f3n de su prop\u00f3sito.<\/p>\n<p>No te enga\u00f1es a ti mismo con estas fantas\u00edas. Aquellos que tendr\u00e1n \u00e9xito son aquellos que centran su vida en su preparaci\u00f3n y permiten que el curso de sus vidas se despliegue sin determinar su resultado y sin determinar a qu\u00e9 se parecer\u00e1, c\u00f3mo ser\u00e1, etc. Aqu\u00ed t\u00fa debes desarrollar una gran creciente fe en ti mismo, en la beneficencia de aquellas personas que te asisten, en los Invisibles que te gu\u00edan y te ayudan y en el poder y la presencia del Conocimiento dentro de ti. Sin esta confianza no puedes empezar, y no ser\u00e1s capaz de continuar. Sin embargo, debido a que estas son realidades vivas para ti, t\u00fa puedes continuar y debes continuar. Pero debes dejar atr\u00e1s tu necesidad de autoafirmaci\u00f3n y autovalidaci\u00f3n.<\/p>\n<p>T\u00fa est\u00e1s entrando en un nuevo territorio. No sabes lo que ello significa. No sabes c\u00f3mo va a ser. No sabes qu\u00e9 ocurrir\u00e1 a continuaci\u00f3n. Esto es estar abierto a la vida. Esto es estar presente a la vida. Esto es estar sin presunciones. Aqu\u00ed la mente puede integrarse a s\u00ed misma verdaderamente en el tiempo presente y escapar de la prisi\u00f3n de sus pasadas asociaciones.<\/p>\n<p>Nosotros te damos mucho \u00e1nimo para que comiences la preparaci\u00f3n en el Camino del Conocimiento. Para aprender el Conocimiento y la Sabidur\u00eda de la Comunidad Mayor, te damos mucho \u00e1nimo para que comiences el Camino del Conocimiento de la Comunidad Mayor, el cual es una preparaci\u00f3n espec\u00edfica para aquellos cuyo prop\u00f3sito reside en comprender el contexto mayor de la vida y el movimiento mayor del mundo. T\u00fa sabr\u00e1s si esto es para ti. El Conocimiento iniciar\u00e1 tu preparaci\u00f3n y la reafirmar\u00e1 en tiempos de duda y en tiempos de falsa confianza en los que crees que has alcanzado algo.<\/p>\n<p>El prop\u00f3sito es un proceso; no es una definici\u00f3n. No es una validaci\u00f3n. No es una forma de confortarse a uno mismo. Es algo que te est\u00e1 esperando. Es un gran viaje. Es una puerta que est\u00e1 abierta ahora para ti, una puerta por la que t\u00fa puedes pasar. Es un viaje en el que no necesitas conducirte a ti mismo solo, sino que en su lugar te haces parte de una mayor educaci\u00f3n que existe por todo el universo. El Creador est\u00e1 en activo en todas partes, reclamando a los separados mediante el Conocimiento. Esto es el prop\u00f3sito del Creador. Tu prop\u00f3sito es dar lo que t\u00fa est\u00e1s dise\u00f1ado para dar, de acuerdo a tu naturaleza y tus verdaderas habilidades. En esto, tu vida se vuelve realizada porque todo lo que has hecho puede ahora servir a un prop\u00f3sito mayor.<\/p>\n<p>Este viaje requiere una autohonestidad extraordinaria. Esta espera a ser aprendida. No es algo que t\u00fa poseas en este momento. Humildad, honestidad, apertura, discernimiento, comedimiento, discreci\u00f3n, tolerancia y compasi\u00f3n \u2014estas son cualidades que resultan de la preparaci\u00f3n y el avance en el Camino del Conocimiento\u2014. Estas cosas son las que proveen inspiraci\u00f3n y verdadera habilidad en la vida.<\/p>\n<p>Esto es prop\u00f3sito. Prop\u00f3sito es entrar por la puerta en la que comienza un viaje mayor en la vida, y permanecer en ese viaje en tiempos de felicidad y en tiempos de angustia. Esto es prop\u00f3sito. Deja a un lado todas las magn\u00edficas definiciones y todas las gloriosas im\u00e1genes espirituales. Esto es material para la fantas\u00eda de la gente que no puede hacer el camino, que no puede emprender la subida a la monta\u00f1a, que permanecer\u00e1 abajo hablando sobre sus alturas y su magnificencia, pero sin tener realmente modo alguno de conocer su realidad.<\/p>\n<p>Tu prop\u00f3sito es el mismo que el de todos los dem\u00e1s. Sin embargo, tu llamada es espec\u00edfica. Es un conjunto espec\u00edfico de tareas con gente espec\u00edfica y en relaciones espec\u00edficas para ciertos prop\u00f3sitos. Esto es una llamada. Pero para que una llamada sea genuina, real y d\u00e9 verdaderamente fruto en la vida, debe estar basada fundamentalmente en el prop\u00f3sito mayor que t\u00fa compartes con todo el mundo.<\/p>\n<p>\u00bfC\u00f3mo sabes si est\u00e1s involucrado en una verdadera preparaci\u00f3n? Lo sabes porque est\u00e1s entreg\u00e1ndote a algo que no puedes controlar y no puedes entender, pero que encuentras cada vez m\u00e1s beneficioso a medida que avanzas. Esto es muy concreto, pues mucha de tu preparaci\u00f3n es muy concreta. No es deambular por ah\u00ed ciegamente, especulando y teniendo grandes ideas. En cambio, es involucrarse en un proceso de desarrollo que ha sido provisto para ti por tu Creador y tu Familia Espiritual, para iniciarte en esta vida a la llamada y prop\u00f3sito mayores para los que has venido. Solo mediante este descubrimiento ser\u00e1 tu vida plenamente justificada y plenamente comprendida. Aqu\u00ed t\u00fa entrar\u00e1s en un mayor rango de relaciones y comprensi\u00f3n, el cual har\u00e1 de ti una persona de incre\u00edble valor en el mundo.<\/p>\n<p>El mundo es un lugar hambriento y solitario. Est\u00e1 repleto de fantas\u00eda e insensatez. Su sufrimiento es profundo. Su confusi\u00f3n es honda. Su violencia es escalofriante. Sus posibilidades son grandes. \u00bfQui\u00e9n puede ver estas cosas sino aquellos que comprenden que han venido desde m\u00e1s all\u00e1 del mundo para dar algo? Ellos comprenden esto porque es algo que pueden sentir. No es una emoci\u00f3n; es algo que sienten. Ellos sienten que han venido aqu\u00ed por una raz\u00f3n. Es algo que a\u00fan no pueden definir, pero tampoco pueden hacerlo desaparecer. Algo mayor les est\u00e1 llamando. Esto es prop\u00f3sito. Eventualmente, si responden a esto, ellos comenzar\u00e1n su preparaci\u00f3n. Esto es prop\u00f3sito. Si permanecen con su preparaci\u00f3n y avanzan en ella, sin tratar de alterarla o cambiarla, ellos comenzar\u00e1n a ganar una mayor percepci\u00f3n y comprensi\u00f3n. Esto es el prop\u00f3sito. Si contin\u00faan y no caen presas de la falsa percepci\u00f3n de que son avanzados, entonces el Conocimiento germinar\u00e1 lentamente dentro de ellos, y su percepci\u00f3n y comprensi\u00f3n de las cosas cambiar\u00e1. Su consciencia del misterio de la vida se har\u00e1 m\u00e1s y m\u00e1s profunda, y su capacidad en la vida \u2014en sus relaciones, en su carrera, en todas sus actividades\u2014 se profundizar\u00e1. Esto es prop\u00f3sito. En cierto momento, ellos se dar\u00e1n a algo que implica a otra gente en servicio al mundo de una u otra manera, de acuerdo a su naturaleza y su dise\u00f1o. Para ellos ser\u00e1 natural darse de esta manera, tal y como ser\u00e1 para ellos antinatural el declinarlo. Esto es prop\u00f3sito.<\/p>\n<p>Seg\u00fan describimos este proceso de preparaci\u00f3n de una manera muy general, no pienses que t\u00fa est\u00e1s cerca del final. No clames que t\u00fa est\u00e1s en cierta parte del proceso pues, \u00bfc\u00f3mo podr\u00edas decirlo? T\u00fa no puedes sacarte a ti mismo de la vida y examinar tu vida. T\u00fa no tienes todav\u00eda esa perspectiva ventajosa. Acepta que el viaje es grande. Es maravilloso. Es a veces dif\u00edcil. Pero en todos los casos \u00e9l te refina. \u00c9l se lleva lo que no es esencial en ti y revela lo que es permanente y significativo. Tu verdadero prop\u00f3sito y llamada se hace evidente cuando todo lo que lo oculta y lo disimula cae y queda lo que es verdadero, siendo esto bienvenido y abrazado.<\/p>\n<p>Tu gran impedimento aqu\u00ed es tu miedo a lo real y tu anhelo de fantas\u00eda. La realidad no es dura; es redentora. No es cruel; es revitalizante. No es aplastante; es restauradora. Esta es una realidad de una naturaleza mayor de lo que tus ojos perciben y tus manos pueden tocar. Es una realidad que te vincular\u00e1 no solo a la vida en el mundo sino tambi\u00e9n a la vida en la Comunidad Mayor. Ella te preparar\u00e1 para tus encuentros con aquellos de la Comunidad Mayor. Para ti y para tus hijos estos encuentros crecer\u00e1n en alcance y magnitud. Qu\u00e9 pocos estar\u00e1n preparados, pero estos pocos deben estar preparados, porque ese es su prop\u00f3sito.<\/p>\n<p>T\u00fa no necesitas sentir una afinidad con la Comunidad Mayor o incluso creer en ella para llegar al entendimiento de que tu prop\u00f3sito est\u00e1 relacionado con ella. El prop\u00f3sito de todo el mundo est\u00e1 relacionado con ella, directa o indirectamente, porque este es el mundo que todos hab\u00e9is venido a servir. Este es el momento en el que est\u00e1s aqu\u00ed, y esta es la condici\u00f3n del mundo y la evoluci\u00f3n del mundo en este momento. Aunque pueda parecer que tu llamada espec\u00edfica tiene poco que ver con la Comunidad Mayor, t\u00fa est\u00e1s sirviendo al mundo en su emergencia a la Comunidad Mayor. T\u00fa est\u00e1s promoviendo la bondad, la Sabidur\u00eda y la realidad del Conocimiento en el mundo mediante tu propia demostraci\u00f3n. Este es tu prop\u00f3sito.<\/p>\n<p class=\"NMBody\">Ven, pues, sin definiciones. Ven, pues, sin la necesidad de autovalidaci\u00f3n. Ven a la puerta abierta del Conocimiento. Este te espera ahora.<\/p>\n<p class=\"NMBody\">\n","protected":false},"excerpt":{"rendered":"<p>El prop\u00f3sito es algo que entender\u00e1s a medida que subas m\u00e1s alto en la monta\u00f1a de la vida. A medida que alcances un punto de observaci\u00f3n mayor, entender\u00e1s m\u00e1s del viaje en s\u00ed, mirando hacia atr\u00e1s y siendo cada vez m\u00e1s capaz de anticipar lo que est\u00e1 por delante. El prop\u00f3sito se descubre haciendo el\u2026 <a class=\"read-more\" href=\"https:\/\/www.v6.newmessage.org\/es\/about-text-shortcode\"><span>Read More<\/span><\/a><\/p>\n","protected":false},"author":1,"featured_media":0,"parent":13081,"menu_order":5,"comment_status":"closed","ping_status":"closed","template":"template-leftsidebar.php","meta":{"_monsterinsights_skip_tracking":false,"_monsterinsights_sitenote_active":false,"_monsterinsights_sitenote_note":"","_monsterinsights_sitenote_category":0,"footnotes":""},"categories":[468,76,77,467],"tags":[],"_links":{"self":[{"href":"https:\/\/www.v6.newmessage.org\/es\/wp-json\/wp\/v2\/pages\/15122"}],"collection":[{"href":"https:\/\/www.v6.newmessage.org\/es\/wp-json\/wp\/v2\/pages"}],"about":[{"href":"https:\/\/www.v6.newmessage.org\/es\/wp-json\/wp\/v2\/types\/page"}],"author":[{"embeddable":true,"href":"https:\/\/www.v6.newmessage.org\/es\/wp-json\/wp\/v2\/users\/1"}],"replies":[{"embeddable":true,"href":"https:\/\/www.v6.newmessage.org\/es\/wp-json\/wp\/v2\/comments?post=15122"}],"version-history":[{"count":12,"href":"https:\/\/www.v6.newmessage.org\/es\/wp-json\/wp\/v2\/pages\/15122\/revisions"}],"predecessor-version":[{"id":27197,"href":"https:\/\/www.v6.newmessage.org\/es\/wp-json\/wp\/v2\/pages\/15122\/revisions\/27197"}],"up":[{"embeddable":true,"href":"https:\/\/www.v6.newmessage.org\/es\/wp-json\/wp\/v2\/pages\/13081"}],"wp:attachment":[{"href":"https:\/\/www.v6.newmessage.org\/es\/wp-json\/wp\/v2\/media?parent=15122"}],"wp:term":[{"taxonomy":"category","embeddable":true,"href":"https:\/\/www.v6.newmessage.org\/es\/wp-json\/wp\/v2\/categories?post=15122"},{"taxonomy":"post_tag","embeddable":true,"href":"https:\/\/www.v6.newmessage.org\/es\/wp-json\/wp\/v2\/tags?post=15122"}],"curies":[{"name":"wp","href":"https:\/\/api.w.org\/{rel}","templated":true}]}}