{"id":14756,"date":"2014-08-23T22:51:24","date_gmt":"2014-08-23T22:51:24","guid":{"rendered":"http:\/\/www.newmessage.org\/?page_id=14756"},"modified":"2017-09-20T12:30:15","modified_gmt":"2017-09-20T12:30:15","slug":"apoya-al-nuevo-mensaje","status":"publish","type":"page","link":"https:\/\/www.v6.newmessage.org\/es\/worldwide-community\/sobre-la-sociedad\/apoya-al-nuevo-mensaje","title":{"rendered":"Apoya al Nuevo Mensaje"},"content":{"rendered":"<div class=\"one_half \" >\n<h2>Dona de manera puntual<\/h2>\n<p><img loading=\"lazy\" decoding=\"async\" class=\"alignnone\" src=\"http:\/\/cdn2.bigcommerce.com\/server2100\/932c8\/products\/106\/images\/170\/productimage-frienddonation.001__48553.1405379429.1280.1280.jpg?c=2\" alt=\"Support the New Message with a Donation\" width=\"240\" height=\"240\" \/><\/p>\n<p>Las donaciones pueden hacerse online en la tienda de la <em>New Knowledge Library<\/em> (&#8220;Biblioteca del Nuevo Conocimiento&#8221;), o bien usando Paypal:<\/p>\n<p style=\"text-align: center\"><a class='simple_button_link ' style='background-color: #4f8fd6' href='http:\/\/www.newknowledgelibrary.org\/products\/Donation-to-the-New-Message-%2410.html'   ><span>Da $10<\/span><\/a> <a class='simple_button_link ' style='background-color: #4f8fd6' href='http:\/\/www.newknowledgelibrary.org\/products\/Donation-to-the-New-Message-%2425.html'   ><span>Da $25<\/span><\/a> <a class='simple_button_link ' style='background-color: #4f8fd6' href='http:\/\/www.newknowledgelibrary.org\/products\/Donation-to-the-New-Message-%2450.html'   ><span>Da $50<\/span><\/a> <a class='simple_button_link ' style='background-color: #4f8fd6' href='http:\/\/www.newknowledgelibrary.org\/products\/Donation-to-the-New-Message-%24100.html'   ><span>Da $100<\/span><\/a> <a class='simple_button_link ' style='background-color: #4f8fd6' href='http:\/\/www.newknowledgelibrary.org\/products\/Donation-to-the-New-Message-%24500.html'   ><span>Da $500<\/span><\/a> <a class='simple_button_link ' style='background-color: #4f8fd6' href='http:\/\/www.newknowledgelibrary.org\/products\/Donation-to-the-New-Message-%241000.html'   ><span>Da $1,000<\/span><\/a> <a class='simple_button_link ' style='background-color: #4f8fd6' href='http:\/\/www.newknowledgelibrary.org\/products\/Donation-to-the-New-Message-%2410%2C000.html'   ><span>Da $10,000<\/span><\/a><\/p>\n<p><em>Todas las donaciones son en d\u00f3lares de los Estados Unidos de Am\u00e9rica y son desgravables donde as\u00ed lo establezca la ley.<\/em><\/p>\n<h2>Dona mensualmente<\/h2>\n<p><strong>Los Amigos del Nuevo Mensaje<\/strong> contribuyen mensualmente al trabajo esencial de la <a href=\"http:\/\/www.nuevomensaje.org\/worldwide-community\/sobre-la-sociedad\"><em>Society<\/em><\/a>. Durante a\u00f1os, los Amigos han proporcionado una s\u00f3lida base para los crecientes esfuerzos de la <em>Society<\/em>. Los Amigos del Nuevo Mensaje son individuos que se comprometen a dar a cualquier nivel que les sea posible. <a href=\"http:\/\/newknowledgelibrary.org\/friend\/\">S\u00e9 un Amigo<\/a>.<\/p>\n<p style=\"text-align: center\"><a class='simple_button_link ' style='background-color: #4f8fd6' href='http:\/\/newknowledgelibrary.org\/donate\/friends-of-the-new-message-give-monthly-25\/'   ><span>S\u00e9 un Amigo del Nuevo Mensaje dando $25\/mes<\/span><\/a><\/p>\n<p style=\"text-align: center\"><a class='simple_button_link ' style='background-color: #4f8fd6' href='http:\/\/newknowledgelibrary.org\/donate\/friends-of-the-new-message-give-monthly-50\/'   ><span>S\u00e9 un Amigo del Nuevo Mensaje dando $50\/mes<\/span><\/a><\/p>\n<p style=\"text-align: center\"><a class='simple_button_link ' style='background-color: #4f8fd6' href='http:\/\/newknowledgelibrary.org\/donate\/friends-of-the-new-message-give-monthly-75\/'   ><span>S\u00e9 un Amigo del Nuevo Mensaje dando $75\/mes<\/span><\/a><\/p>\n<p><strong>Los Pilares del Nuevo Mensaje<\/strong> son una parte integral de la base para la misi\u00f3n de educaci\u00f3n y difusi\u00f3n de la <em><a href=\"http:\/\/www.nuevomensaje.org\/worldwide-community\/sobre-la-sociedad\">Society<\/a><\/em>. Un Pilar del Nuevo Mensaje se compromete a dar $100 o m\u00e1s todos los meses. Se necesitan 300 Pilares para satisfacer los costes anuales.<\/p>\n<p>Ser un Pilar es una expresi\u00f3n de tu relaci\u00f3n con el Nuevo Mensaje, su Mensajero y su regalo urgente para el mundo. S\u00e9 un pionero en el mundo y un gu\u00eda para otros que est\u00e1n buscando vivir una vida inspirada y llevar a cabo su prop\u00f3sito en un mundo emergente. <a href=\"http:\/\/newknowledgelibrary.org\/friend\/\">S\u00e9 un Pilar<\/a>.<\/p>\n<p style=\"text-align: center\"><a class='simple_button_link ' style='background-color: #4f8fd6' href='http:\/\/newknowledgelibrary.org\/donate\/a-pillar-of-the-new-message-give-monthly-100\/'   ><span>S\u00e9 un Pilar del Nuevo Mensaje dando $100\/mes<\/span><\/a><\/p>\n<p style=\"text-align: center\"><a class='simple_button_link ' style='background-color: #4f8fd6' href='http:\/\/newknowledgelibrary.org\/donate\/a-pillar-of-the-new-message-give-monthly-150\/'   ><span>S\u00e9 un Pilar del Nuevo Mensaje dando $150\/mes<\/span><\/a><\/p>\n<p style=\"text-align: center\"><a class='simple_button_link ' style='background-color: #4f8fd6' href='http:\/\/newknowledgelibrary.org\/donate\/a-pillar-of-the-new-message-give-monthly-200\/'   ><span>S\u00e9 un Pilar del Nuevo Mensaje dando $200\/mes<\/span><\/a><\/p>\n<p style=\"text-align: center\"><a class='simple_button_link ' style='background-color: #4f8fd6' href='http:\/\/newknowledgelibrary.org\/donate\/a-pillar-of-the-new-message-give-monthly-300\/'   ><span>S\u00e9 un Pilar del Nuevo Mensaje dando $300\/mes<\/span><\/a><\/p>\n<p>\u00danete a una Comunidad Global de personas que reconocen el inmenso valor del Nuevo Mensaje de Dios y comprometen una porci\u00f3n de sus recursos para apoyar el trabajo en curso de traer esta Revelaci\u00f3n a la humanidad.<\/p>\n<h2>Ofrece tu tiempo<\/h2>\n<p>La misi\u00f3n del Nuevo Mensaje est\u00e1 siendo lograda por los miembros de la <a href=\"http:\/\/www.nuevomensaje.org\/worldwide-community\/sobre-la-sociedad\"><em>Society<\/em><\/a> en combinaci\u00f3n con un dedicado equipo de voluntarios de todo el planeta. Si te gustar\u00eda ofrecer tus habilidades y unirte en este gran esfuerzo, por favor, rellena el <a href=\"https:\/\/www.newmessage.org\/volunteer\">formulario para voluntariado (en ingl\u00e9s)<\/a>.<\/p>\n<h2>Bendiciones y gratitud de<\/h2>\n<p><span class=\"text-color-pirate-gold font-size-18 font-weight-bold\"><em>Marshall and Patricia Summers<\/em><br \/>\n<em> Reed Summers<\/em><br \/>\n<em> Ayesha Summers<\/em><br \/>\n<em> Darlene Mitchell<\/em><br \/>\n<em> Carol Coffey<\/em><br \/>\n<em> Jeanine Butler<\/em><br \/>\n<em> Ellen Mitchell<\/em><br \/>\n<em> Will Burrows<\/em><br \/>\n<em>Tyyne Andrews<\/em><br \/>\n<em> Robert Busbey<\/em><br \/>\n<\/span><br \/>\n<div class=\"toggle toggle-white\"><h4 class=\"trigger \"><span class=\"t_ico\"><\/span><a href=\"#\">Ver m\u00e1s posibilidades (parcialmente en ingl\u00e9s)<\/a><\/h4><div class=\"toggle_container \"><\/p>\n<h2>Dejar una herencia<\/h2>\n<p>Si la vida te ha dado los medios financieros para ser un benefactor, podr\u00edas tener un rol hist\u00f3rico en asegurar el \u00e9xito y la preservaci\u00f3n del Nuevo Mensaje de Dios en el futuro lejano. Dejar una herencia puede hacerse progresivamente en donaciones \u00fanicas, o bien mediante estos medios:<\/p>\n<ul class=\"list-vertical diamond\">\n<li>Establishment of an Endowment<\/li>\n<li>Gift of stock or real estate<\/li>\n<li>Charitable Bequests in your will<\/li>\n<li>Designating The Society as a beneficiary of an insurance policy or a retirement plan<\/li>\n<\/ul>\n<p>To discuss these and other options for benefactor giving, please contact Will Burrows at (800) 938-3891.<\/p>\n<p class=\"font-size-12\">The Society for The New Message from God is a religious non-profit 501(c)(3) organization registered in the United States, dedicated to presenting and preserving the sacred texts and recordings of The New Message from God.<\/p>\n<h2>Community Fundraising<\/h2>\n<p>Do you shop online and are you interested in raising funds for The Society for the New Message? Use the links below and The Society will receive between 2%-12% of the value of your purchase at the following stores and retailers. In this way students of the New Message can benefit The Society through their normal shopping activities.<\/p>\n<h4><strong>Visit <\/strong><a href=\"https:\/\/www.newmessage.org\/shop\"><strong>www.newmessage.org\/shop<\/strong><\/a><\/h4>\n<h2>Other ways to fundraise for The Society<\/h2>\n<p>Just through your regular browsing and shopping habits online, you can give money to The Society at <strong>no extra cost<\/strong> to you! Here&#8217;s how:<\/p>\n<ul>\n<li style=\"list-style-type: none\">\n<ul>\n<li><a href=\"http:\/\/www.goodsearch.com\/nonprofit\/society-for-the-greater-community-way-of-knowledge.aspx\"><img loading=\"lazy\" decoding=\"async\" class=\"imgborder alignleft size-full\" src=\"https:\/\/www.newmessage.org\/wp-content\/uploads\/2014\/08\/goodsearch.png\" alt=\"GoodSearch\" width=\"207\" height=\"31\" \/><\/a>Use the <a href=\"http:\/\/www.goodsearch.com\/nonprofit\/society-for-the-greater-community-way-of-knowledge.aspx\">GoodSearch Search Engine<\/a>. Every search you perform gives $0.01 to The Society. See a <a href=\"http:\/\/www.goodsearch.com\/causes\/society-for-the-greater-community-way-of-knowledge\/supporters\">list of all the supporters using GoodSearch<\/a>.<\/li>\n<\/ul>\n<\/li>\n<\/ul>\n<p>&nbsp;<\/p>\n<ul>\n<li style=\"list-style-type: none\">\n<ul>\n<li><a href=\"http:\/\/www.goodsearch.com\/goodshop.aspx\"><img loading=\"lazy\" decoding=\"async\" class=\"imgborder alignleft size-full\" src=\"https:\/\/www.newmessage.org\/wp-content\/uploads\/2014\/08\/goodshop.png\" alt=\"GoodShop\" width=\"207\" height=\"36\" \/><\/a><a href=\"http:\/\/www.goodsearch.com\/goodshop.aspx\">Shop online from the goodshop site<\/a> which gives a percentage of many online purchases to The Society.<\/li>\n<\/ul>\n<\/li>\n<\/ul>\n<p>&nbsp;<\/p>\n<ul>\n<li><a href=\"http:\/\/smile.amazon.com\"><img loading=\"lazy\" decoding=\"async\" class=\"alignleft size-full imgborder\" src=\"https:\/\/www.newmessage.org\/wp-content\/uploads\/2014\/08\/amazon-smile.jpg\" alt=\"amazon smile\" width=\"207\" height=\"51\" \/><\/a>At Amazon.com, sign up for the SMILE program and choose &#8220;SOCIETY FOR THE GREATER COMMUNITY WAY OF KNOWLEDGE&#8221; as your charitable organization. For more information, see <a href=\"http:\/\/smile.amazon.com\/about\">Amazon Smile<\/a><\/li>\n<\/ul>\n<p>&nbsp;<\/p>\n<h2>Donate by phone, mail or fax<\/h2>\n<p>To contribute with a credit card by telephone, please <strong>call 1-800-938-3891<\/strong><\/p>\n<p>To donate by check, please send your check in a sealed envelope to:<\/p>\n<p style=\"text-align: center\"><strong>THE SOCIETY FOR THE NEW MESSAGE FROM GOD<\/strong><br \/>\n<strong> P.O. Box 1724<\/strong><br \/>\n<strong> Boulder, CO 80306-1724<\/strong><\/p>\n<p>Checks may also be written to \u201cSociety for the GCWK.\u201d<\/p>\n<p>Donations can also be <strong>faxed to us at 303-938-1214<\/strong>. Please include your name, address and phone number, as well as the amount you would like to give, your card number and its expiration date.<\/p>\n<p>For information on other methods of donating, please contact The Society at <a href=\"mailto:society@greatercommunity.org?subject=\">society@greatercommunity.org<\/a> 303-938-8401.<\/p>\n<p class=\"font-size-12\">All contributions are tax-deductible where applicable under law.<\/p>\n<p><\/div><\/div>\n<p><\/div><br \/>\n<div class=\"one_half last\" ><\/p>\n<div class=\"panel-10 background-color-spanish-white border-rounded-8\"><strong>\u00danete a una comunidad global<\/strong> de personas que est\u00e1n sosteniendo financieramente a la <a href=\"http:\/\/www.nuevomensaje.org\/worldwide-community\/sobre-la-sociedad\"><em>Society<\/em><\/a> en su misi\u00f3n de traer el Nuevo Mensaje de Dios a la humanidad. Tu regalo forjar\u00e1 los cimientos para todo lo que estamos haciendo ahora y haremos despu\u00e9s.<\/div>\n<div class=\"panel-10 background-color-spanish-white border-rounded-8\">\n<h3>Con tu apoyo, podemos:<\/h3>\n<ul class=\"list-vertical diamond\">\n<li>Llevar el Nuevo Mensaje a cientos de miles de personas de todo el mundo, mediante nuestro alcance local y nuestro trabajo con los medios.<\/li>\n<\/ul>\n<ul class=\"list-vertical diamond\">\n<li>Publicar y distribuir los textos sagrados del Nuevo Mensaje en pa\u00edses de todo el mundo.<\/li>\n<\/ul>\n<ul class=\"list-vertical diamond\">\n<li>Ofrecer libros, cds y textos en l\u00ednea gratuitos a trav\u00e9s de nuestro <a title=\"free book Project\" href=\"https:\/\/www.newmessage.org\/the-message\/free-book-project\">&#8220;Free Book Project&#8221;<\/a>.<\/li>\n<\/ul>\n<ul class=\"list-vertical diamond\">\n<li>Traducir miles de p\u00e1ginas del Nuevo Mensaje a docenas de idiomas.<\/li>\n<\/ul>\n<ul class=\"list-vertical diamond\">\n<li>Hacer posible que el Mensajero y sus compa\u00f1eros visiten lugares en necesidad cr\u00edtica para llevar a ellos el Nuevo Mensaje de Dios y tambi\u00e9n para conocer a los individuos que est\u00e1n respondiendo al Mensaje en el mundo.<\/li>\n<\/ul>\n<ul class=\"list-vertical diamond\">\n<li>Comunicarse con las personas que est\u00e1n interesadas en el Nuevo Mensaje de Dios mediante eventos educativos.<\/li>\n<\/ul>\n<ul class=\"list-vertical diamond\">\n<li>Preparar cientos de revelaciones en audio, textos y v\u00eddeos para ser publicados en l\u00ednea gratuitamente.<\/li>\n<\/ul>\n<ul class=\"list-vertical diamond\">\n<li>Construir el espacio de la Escuela Gratuita y llevar la educaci\u00f3n vital del Nuevo Mensaje a la gente de todas partes.<\/li>\n<\/ul>\n<ul class=\"list-vertical diamond\">\n<li>Hacer crecer el Santuario del Nuevo Mensaje como un lugar en el que personas de toda posici\u00f3n en la vida y de todo el mundo pueden venir a estudiar, a retirarse y a experimentar por s\u00ed mismos el Nuevo Mensaje y a su Mensajero.<\/li>\n<\/ul>\n<p style=\"text-align: center\"><strong>Con tu regalo financiero, podemos llevar el Nuevo Mensaje de Dios al mundo, a la gente en todas las naciones y culturas. T\u00fa eres el v\u00ednculo vital en la transmisi\u00f3n de las Revelaci\u00f3n de Dios a la humanidad.<\/strong><\/p>\n<p>El Nuevo Mensaje est\u00e1 aqu\u00ed para proteger a la humanidad en los dif\u00edciles tiempos venideros y hacer surgir los regalos espirituales que la familia humana posee y debe sacar a la luz para sobrevivir en un mundo que cambia radicalmente. Tu dar permitir\u00e1 que la Sabidur\u00eda y el Conocimiento del Nuevo Mensaje inunden nuestro mundo. En \u00faltima instancia, es este dar lo que asegurar\u00e1 la pureza y la accesibilidad de la Nueva Revelaci\u00f3n de Dios a lo largo del tiempo.<\/p>\n<p>Tu sost\u00e9n financiero es un indicio vital de que has encontrado el Nuevo Mensaje y deseas contribuir a esta misi\u00f3n ahora, mientras nos dirigimos a un desafiante futuro.<\/p>\n<p>Ya sea que apoyes financieramente o lo hagas con tu tiempo, con tu energ\u00eda, con tus oraciones y\/o con tu estudio, eres el v\u00ednculo vital para ayudarnos a lograr todo lo que nos proponemos hacer. Te invitamos a unirte a nosotros en esta gran empresa en servicio al Creador. Ojal\u00e1 todo lo que se nos ha pedido pueda cumplirse.<\/p>\n<\/div>\n<p><\/div>\n","protected":false},"excerpt":{"rendered":"Dona de manera puntual Las donaciones pueden hacerse online en la tienda de la New Knowledge Library (\"Biblioteca del Nuevo Conocimiento\"), o bien usando Paypal: Da $10 Da $25 Da $50 Da $100 Da $500 Da $1,000 Da $10,000 Todas las donaciones son en d\u00f3lares de los Estados Unidos de Am\u00e9rica y son desgravables donde\u2026 <a class=\"read-more\" href=\"https:\/\/www.v6.newmessage.org\/es\/worldwide-community\/sobre-la-sociedad\/apoya-al-nuevo-mensaje\"><span>Read More<\/span><\/a>","protected":false},"author":1,"featured_media":0,"parent":12810,"menu_order":1,"comment_status":"closed","ping_status":"closed","template":"","meta":{"_monsterinsights_skip_tracking":false,"_monsterinsights_sitenote_active":false,"_monsterinsights_sitenote_note":"","_monsterinsights_sitenote_category":0,"footnotes":""},"categories":[],"tags":[697],"_links":{"self":[{"href":"https:\/\/www.v6.newmessage.org\/es\/wp-json\/wp\/v2\/pages\/14756"}],"collection":[{"href":"https:\/\/www.v6.newmessage.org\/es\/wp-json\/wp\/v2\/pages"}],"about":[{"href":"https:\/\/www.v6.newmessage.org\/es\/wp-json\/wp\/v2\/types\/page"}],"author":[{"embeddable":true,"href":"https:\/\/www.v6.newmessage.org\/es\/wp-json\/wp\/v2\/users\/1"}],"replies":[{"embeddable":true,"href":"https:\/\/www.v6.newmessage.org\/es\/wp-json\/wp\/v2\/comments?post=14756"}],"version-history":[{"count":98,"href":"https:\/\/www.v6.newmessage.org\/es\/wp-json\/wp\/v2\/pages\/14756\/revisions"}],"predecessor-version":[{"id":28957,"href":"https:\/\/www.v6.newmessage.org\/es\/wp-json\/wp\/v2\/pages\/14756\/revisions\/28957"}],"up":[{"embeddable":true,"href":"https:\/\/www.v6.newmessage.org\/es\/wp-json\/wp\/v2\/pages\/12810"}],"wp:attachment":[{"href":"https:\/\/www.v6.newmessage.org\/es\/wp-json\/wp\/v2\/media?parent=14756"}],"wp:term":[{"taxonomy":"category","embeddable":true,"href":"https:\/\/www.v6.newmessage.org\/es\/wp-json\/wp\/v2\/categories?post=14756"},{"taxonomy":"post_tag","embeddable":true,"href":"https:\/\/www.v6.newmessage.org\/es\/wp-json\/wp\/v2\/tags?post=14756"}],"curies":[{"name":"wp","href":"https:\/\/api.w.org\/{rel}","templated":true}]}}