{"id":1473,"date":"2011-11-02T10:01:25","date_gmt":"2011-11-02T10:01:25","guid":{"rendered":"http:\/\/wp.www.newmessage.org\/?p=1473"},"modified":"2016-01-10T15:36:02","modified_gmt":"2016-01-10T15:36:02","slug":"tu-proposito-y-llamada-espiritual","status":"publish","type":"page","link":"https:\/\/www.v6.newmessage.org\/es\/el-mensaje\/volumen-2\/relaciones-y-proposito-superior\/tu-proposito-y-llamada-espiritual","title":{"rendered":"Tu Prop\u00f3sito y Llamada Espiritual"},"content":{"rendered":"<div><!-- 4.0 --><\/div>\n\n<div class=\"tabgroup \"><ul class=\"tabs\"><li><a href=\"#tabs-1\">Acerca de<\/a><\/li>\n<li><a href=\"#tabs-2\">M\u00e1s<\/a><\/li><\/ul>\n <div id=\"tabs-1\"><br \/>\n<em>Como le fue revelado a<br \/>\nMarshall Vian Summers<br \/>\nel 1 de enero de 1989<br \/>\nen Albany, New York, Estados Unidos<\/em><\/p>\n<p>Texto original:\u00a0<a href=\"https:\/\/www.newmessage.org\/the-message\/volume-2\/relationships-higher-purpose\/your-purpose-and-spiritual-calling\">Your Purpose and Spiritual Calling<\/a><\/p>\n<div class=\"toggle toggle-white\"><h4 class=\"trigger \"><span class=\"t_ico\"><\/span><a href=\"#\">M\u00e1s informaci\u00f3n sobre este texto<\/a><\/h4><div class=\"toggle_container \"><br \/>\n<p>Lo que est\u00e1s leyendo en este texto es la transcripci\u00f3n de la voz original de la Asamblea Ang\u00e9lica hablando a trav\u00e9s del Mensajero Marshall Vian Summers.<\/p>\n<p>Aqu\u00ed, la comunicaci\u00f3n original de Dios, que existe m\u00e1s all\u00e1 de las palabras, es traducida al lenguaje y el entendimiento humanos por la Asamblea Ang\u00e9lica que supervisa el mundo. La Asamblea despu\u00e9s entrega el Mensaje de Dios a trav\u00e9s del Mensajero, tras lo cual es transcrito y puesto a tu disposici\u00f3n y a disposici\u00f3n de todos.<\/p>\n<p>En este extraordinario proceso, la Voz de la Revelaci\u00f3n est\u00e1 hablando de nuevo. La Palabra y el Sonido est\u00e1n en el mundo. Que puedas ser el receptor de este regalo de Revelaci\u00f3n y puedas estar abierto a recibir su Mensaje \u00fanico para ti y para tu vida.<\/p>\n<br \/>\n<\/div><\/div>\n<p><\/div>\n<div id=\"tabs-2\"><\/p>\n<div class=\"panel-10 text-align-center\"><img decoding=\"async\" class=\"aligncenter size-full \" src=\"https:\/\/www.newmessage.org\/wp-content\/uploads\/2011\/10\/RHP-Cover-blk-250px.jpg\" alt=\"Relationships and Higher Purpose\" \/><\/div>\n<div class=\"text-align-center\"><a class='simple_button_link ' style='background-color: #4f8fd6' href='http:\/\/newknowledgelibrary.org\/books\/relationships-and-higher-purpose\/'   ><span>Pide el libro (en ingl\u00e9s)<\/span><\/a><\/div>\n<div class=\"text-align-center text font-size-12 margin-top-10\">Volumen 2 &gt; Relaciones y Prop\u00f3sito Superior &gt; Cap\u00edtulo 11<\/div>\n<p><\/div>\n\t\t\t\t<div align=\"right\">\n\t\t\t<div class=\"fb-like\" data-href=\"\" data-layout=\"button_count\" data-action=\"like\" data-show-faces=\"false\" data-share=\"false\"><\/div>\n\t\t\t<div class=\"fb-share-button\" data-layout=\"button_count\"> <\/div>\n\t\t\t<div class=\"fb_iframe_widget\"><a href=\"https:\/\/twitter.com\/godsnewmessage?ref_src=twsrc%5Etfw\" class=\"twitter-follow-button\" data-show-count=\"false\">Follow @godsnewmessage<\/a><script async src=\"https:\/\/platform.twitter.com\/widgets.js\" charset=\"utf-8\"><\/script><\/div>\n\t\t\t<\/div> <\/div> \n\n<p>Has venido al mundo con un prop\u00f3sito \u2014para reclamar tu Conocimiento, expresarlo y establecer relaciones aut\u00e9nticas con otros\u2014. Este es tu prop\u00f3sito y el prop\u00f3sito de todo el mundo aqu\u00ed. Tu llamada es parte de esto. Tu llamada es donde tu trabajo mayor, nacido de tu Conocimiento, se hace evidente. Ella nace de tu preparaci\u00f3n en el Conocimiento, de tu disponibilidad para el Conocimiento y de tu matrimonio con el Conocimiento dentro de ti. Esto es lo que hace posible el verdadero matrimonio con otros.<\/p>\n<p>Tu llamada representa un conjunto espec\u00edfico de tareas que deben llevarse a cabo en el mundo. Esto representa el trabajo de tu vida. Esto no puede nacer de tus ideas si ha de tener alg\u00fan significado. Debe emanar del Conocimiento dentro de ti. Y t\u00fa debes estar en condiciones de aceptarlo \u2014aceptar su desaf\u00edo, aceptar que puede que tengas que renunciar a algo para recibirlo y aceptar los beneficios que garantizadamente te proporcionar\u00e1.<\/p>\n<p>Has venido al mundo con un prop\u00f3sito. En cierta etapa en tu desarrollo, tu llamada en la vida surgir\u00e1. Antes de esta emergencia, es posible que hayas construido grandes ideas acerca de qui\u00e9n eres en el mundo, de lo que el mundo debe ser, de lo que t\u00fa debes ser, de lo que har\u00e1s, de lo que tendr\u00e1s y de lo que otros deben hacer, y as\u00ed sucesivamente. Ideas como estas al principio pueden ser \u00fatiles, ya que pueden mantener vivo el deseo de la verdad. Sin embargo, con el tiempo estas ideas deben dar paso a la realidad. Aqu\u00ed tu idealismo muere para que el Conocimiento pueda surgir dentro de ti. Esto no quiere decir que la esperanza muera. Simplemente significa que la esperanza tiene ahora una base real para su expresi\u00f3n. Esto no significa que tu entusiasmo muera. Esto significa que el entusiasmo tiene una base real para poder sobrevivir los conflictos y tribulaciones del mundo.<\/p>\n<p>T\u00fa ya tienes un compromiso para estar en el mundo. Ya est\u00e1s comprometido con tu Familia Espiritual y con tus Maestros Internos, que son los miembros avanzados de tu Familia Espiritual. Son los miembros de tu Familia Espiritual que se han graduado del aprendizaje en la realidad f\u00edsica. Ahora hay que ayudar a los que quedan detr\u00e1s para que tu Familia Espiritual pueda seguir adelante. Por lo tanto, t\u00fa ya compartes un prop\u00f3sito con tu Familia Espiritual m\u00e1s all\u00e1 del mundo. Ya tienes matrimonio m\u00e1s all\u00e1 del mundo, ya tienes un compromiso m\u00e1s all\u00e1 del mundo y ya tienes una realidad m\u00e1s all\u00e1 del mundo. Tu papel es llevar todo esto en el mundo, porque el mundo es un lugar donde la gente ha olvidado el Conocimiento, el matrimonio, el prop\u00f3sito y el compromiso. Es un lugar donde la gente imagina qui\u00e9n es e imagina lo que quiere.<\/p>\n<p>Debes tener un prop\u00f3sito en la vida, porque prop\u00f3sito\u00a0es\u00a0vida. Si est\u00e1s comprometido con tus ideas, ese ser\u00e1 tu prop\u00f3sito. Si est\u00e1s comprometido con tu realizaci\u00f3n personal, ese ser\u00e1 tu prop\u00f3sito. Si est\u00e1s comprometido con el conflicto, ese ser\u00e1 su prop\u00f3sito. Si estas comprometido con evitar experiencias dolorosas, ese ser\u00e1 tu prop\u00f3sito. No puedes estar sin un prop\u00f3sito, ya que no puedes estar sin significado. Toda actividad en el mundo es una b\u00fasqueda de significado, lo cual es una b\u00fasqueda de prop\u00f3sito y en \u00faltima instancia, de relaci\u00f3n.<\/p>\n<p>Solo, no tienes prop\u00f3sito, significado o direcci\u00f3n reales. Solo, no tienes ninguna identidad real. Sin embargo, como un individuo que expresa una Realidad Mayor, t\u00fa tienes prop\u00f3sito, significado y direcci\u00f3n. T\u00fa existes dentro de ti mismo, pero no est\u00e1s solo. Solamente puedes estar solo en tu imaginaci\u00f3n. Solamente puedes vivir solo en la fantas\u00eda. A medida que la fantas\u00eda es reconocida a trav\u00e9s de sus limitaciones y sus decepciones inherentes, emerger\u00e1 una mayor verdad y ver\u00e1s que ya tienes un prop\u00f3sito m\u00e1s elevado en la vida.<\/p>\n<p>A medida que tu deseo y tu capacidad de experimentar el Conocimiento crecen y se expanden, tu llamada en la vida surgir\u00e1. Aqu\u00ed podr\u00e1s ver que hay para ti algo espec\u00edfico que hacer. Aqu\u00ed tu forma y tu dise\u00f1o se hacen verdaderamente significativos, porque\u00a0puedes ver lo bien que est\u00e1s dise\u00f1ado para lograr lo que viniste a hacer aqu\u00ed. Esto lleva a la autoaceptaci\u00f3n, pues aqu\u00ed te das cuenta de que fuiste hecho espec\u00edficamente para una tarea que antes no hab\u00edas reconocido. Esto pondr\u00e1 fin a la autocondena.<\/p>\n<p>No es necesario que determines cu\u00e1l es tu llamada, aunque te ver\u00e1s tentado\u00a0de hacerlo. Ella emerger\u00e1 de forma natural. Cuando ocurra,\u00a0puede que no se parezca en absoluto a lo que pensabas que iba a ser. La llamada espiritual real rara vez es grandiosa en su expresi\u00f3n. Sin embargo, su esencia es el Conocimiento, y por lo tanto proporciona significado y valor para los dem\u00e1s as\u00ed como para ti mismo.<\/p>\n<p>Algunas personas imaginan que tener una llamada espiritual les establecer\u00e1 como un pr\u00edncipe o una princesa espiritual, un profeta o un l\u00edder de gran renombre, una persona de grandes poderes ps\u00edquicos o un maestro espiritual. Este casi nunca es el caso. Es por eso que no hay maestros viviendo en el mundo. Renuncia a la maestr\u00eda. Renuncia a estas ilusiones. Encontrar\u00e1s que tu verdadero matrimonio, tu verdadero prop\u00f3sito y tu verdadera llamada en la vida ser\u00e1n muy simples. Todas estas cosas estar\u00e1n orientadas a lo que realmente eres y lo que realmente puedes hacer. Y estar\u00e1s encantado de que lo que se te pedir\u00e1 sea lo que naturalmente desear\u00e1s proveer, porque ya lo posees.<\/p>\n<p>En el idealismo, tus expectativas de ti mismo pueden ser crueles o grandes. Pero en el Conocimiento, tus expectativas est\u00e1n en armon\u00eda con tu deseo de contribuir. Aqu\u00ed comprendes al fin que lo que quieres para ti\u00a0y lo que Dios quiere para ti es exactamente lo mismo. Esto, sin embargo, s\u00f3lo puede ser comprendido mediante el Conocimiento. S\u00f3lo puede ser comprendido mediante el\u00a0necesario desarrollo y\u00a0progresi\u00f3n que aqu\u00ed est\u00e1n siendo ilustrados.<\/p>\n<p>Cuando tu experiencia de un prop\u00f3sito mayor madure hasta un cierto punto, tu llamada emerger\u00e1. Sin embargo, es muy importante que tu llamada s\u00f3lo surja cuando est\u00e9s listo para llevarla a cabo. Si surge antes de estar listo, sentir\u00e1s una gran confusi\u00f3n y desaliento. Ser\u00e1 un gran problema para ti. Es por eso que el Plan de Dios est\u00e1 dise\u00f1ado para que tu llamada emerja cuando est\u00e9s listo. Porque \u00bfque podr\u00eda ser m\u00e1s terrible para ti que reconocer tu llamada y no ser capaz de cumplirla? Piensa en esto.<\/p>\n<p>El Plan de Dios se ha establecido para tu \u00e9xito. El Plan ha sido establecido para mantener el Conocimiento vivo en el mundo mediante su expresi\u00f3n y manifestaci\u00f3n. El Plan ha sido establecido para que el verdadero matrimonio pueda bendecir todas las relaciones. El Plan ha sido establecido de modo que cada individuo tenga una oportunidad de progresar y contribuir a otros.<\/p>\n<p>Por lo tanto, al\u00e9grate de tener un prop\u00f3sito mayor en la vida, porque esto significa que tu vida es significativa y no ca\u00f3tica. Significa que tienes un origen y un destino m\u00e1s all\u00e1 de este mundo. Significa que la vida es eterna, incluso mientras pasas a trav\u00e9s de esta fase temporal de existencia mundana. Da gracias, entonces, de que las relaciones que reclamas para ti\u00a0ser\u00e1s capaz de mantenerlas, porque una vez que has reconocido a otro ya\u00a0no puedes olvidar a esa persona. El avance que haces aqu\u00ed es permanente. Es s\u00f3lo tu evaluaci\u00f3n de ti mismo lo que puede deteriorarse. Es s\u00f3lo tu habilidad para cumplir con tu destino en el mundo lo que puede ser rechazado o negado, desperdiciando por tanto tu valioso tiempo.<\/p>\n<p>\u00bfTe gustar\u00eda ir a trav\u00e9s del nacimiento y la infancia de nuevo s\u00f3lo para llegar al punto en que est\u00e1s ahora? \u00bfQui\u00e9n querr\u00eda ir a trav\u00e9s de veinte, treinta, cuarenta, cincuenta, sesenta o setenta a\u00f1os de preparaci\u00f3n de nuevo? T\u00fa no quieres pasar por todo esto otra vez. Por lo tanto, haz un uso completo de donde est\u00e1s ahora. Tu prop\u00f3sito mayor est\u00e1 contigo. No lo definas. \u00c9l te definir\u00e1 a ti. Tu llamada te est\u00e1 esperando. No la definas, ya que emerger\u00e1 cuando est\u00e9s listo.<\/p>\n<p>Sin embargo, para que emerja, tu llamada requerir\u00e1 que otros ciertos individuos est\u00e9n listos tambi\u00e9n. Esto se debe a que est\u00e1s trabajando en t\u00e1ndem con tu Familia Espiritual y a que tu Conocimiento est\u00e1 trabajando de acuerdo a un Plan Mayor. Tu avance, aunque recae principalmente sobre tus hombros, tambi\u00e9n depende del desarrollo de ciertas personas con las que te comprometer\u00e1s significativamente. Si ellos no se desarrollan, entonces t\u00fa no puedes cumplir tu prop\u00f3sito. Esto es muy importante de entender. Aqu\u00ed tienes una gran responsabilidad, porque est\u00e1s llevando a cabo tu desarrollo no s\u00f3lo para ti mismo, sino tambi\u00e9n para tu Familia Espiritual. Es por esta raz\u00f3n que se hace tal gran \u00e9nfasis en tu desarrollo. Si esto fuera s\u00f3lo una b\u00fasqueda ego\u00edsta, ello no tendr\u00eda ning\u00fan valor.<\/p>\n<p>Tu prop\u00f3sito m\u00e1s elevado conlleva esta responsabilidad. Esto es lo que lo hace poderoso. Esto es lo que hace que sea necesario. En un momento dado, puedes sentirse indigno de tu propio esfuerzo. Pero aquellos a quienes amas son dignos. Se necesitan relaciones para proporcionarte el contexto y la motivaci\u00f3n para que des. Se necesitan relaciones para proporcionarte la inspiraci\u00f3n para que des. Se necesitan relaciones para que puedas ver que tienes un regalo.<\/p>\n<p>Acepta tu prop\u00f3sito mayor, incluso si no tiene definici\u00f3n. Es un poder que puedes sentir dentro de ti todos los d\u00edas. Acepta tu llamada en la vida, a pesar de que sea incomprendida por el momento, porque ella te est\u00e1 esperando. Aqu\u00ed s\u00f3lo tienes que seguir el Conocimiento y mantener tus obligaciones pr\u00e1cticas en el mundo. Aqu\u00ed no necesitas planificar tu futuro bas\u00e1ndote en los objetivos actuales, sino s\u00f3lo establecer objetivos temporales para mantener tu enfoque y tu desarrollo.<\/p>\n<p>A medida que tu llamada en la vida comienza a emerger, ver\u00e1s cada vez m\u00e1s que incluso tu infancia conten\u00eda un elemento de esta verdad mayor. Ver\u00e1s que incluso en las etapas iniciales de tu desarrollo, la semilla\u00a0y la luz de la verdad siempre estuvieron contigo. Sin embargo, ellas estaban compitiendo con muchas otras cosas en esos tiempos previos. Ahora la competencia se est\u00e1 derrumbando, porque esta no ha sido capaz de mantener el ritmo del Conocimiento. T\u00fa mantendr\u00e1s el ritmo con el Conocimiento si eres capaz de completar las etapas de desarrollo. Al hacerlo, te convertir\u00e1s en el Conocimiento mismo, porque al final de la vida, s\u00f3lo el Conocimiento estar\u00e1 all\u00ed para saludar a Dios.<\/p>\n<p class=\"NMBody\">\n","protected":false},"excerpt":{"rendered":"<p>Has venido al mundo con un prop\u00f3sito \u2014para reclamar tu Conocimiento, expresarlo y establecer relaciones aut\u00e9nticas con otros\u2014. Este es tu prop\u00f3sito y el prop\u00f3sito de todo el mundo aqu\u00ed. Tu llamada es parte de esto. Tu llamada es donde tu trabajo mayor, nacido de tu Conocimiento, se hace evidente. Ella nace de tu preparaci\u00f3n\u2026 <a class=\"read-more\" href=\"https:\/\/www.v6.newmessage.org\/es\/about-text-shortcode\"><span>Read More<\/span><\/a><\/p>\n","protected":false},"author":1,"featured_media":0,"parent":13085,"menu_order":13,"comment_status":"closed","ping_status":"closed","template":"template-leftsidebar.php","meta":{"_monsterinsights_skip_tracking":false,"_monsterinsights_sitenote_active":false,"_monsterinsights_sitenote_note":"","_monsterinsights_sitenote_category":0,"footnotes":""},"categories":[44,469,76,77,79,467],"tags":[],"_links":{"self":[{"href":"https:\/\/www.v6.newmessage.org\/es\/wp-json\/wp\/v2\/pages\/1473"}],"collection":[{"href":"https:\/\/www.v6.newmessage.org\/es\/wp-json\/wp\/v2\/pages"}],"about":[{"href":"https:\/\/www.v6.newmessage.org\/es\/wp-json\/wp\/v2\/types\/page"}],"author":[{"embeddable":true,"href":"https:\/\/www.v6.newmessage.org\/es\/wp-json\/wp\/v2\/users\/1"}],"replies":[{"embeddable":true,"href":"https:\/\/www.v6.newmessage.org\/es\/wp-json\/wp\/v2\/comments?post=1473"}],"version-history":[{"count":10,"href":"https:\/\/www.v6.newmessage.org\/es\/wp-json\/wp\/v2\/pages\/1473\/revisions"}],"predecessor-version":[{"id":27263,"href":"https:\/\/www.v6.newmessage.org\/es\/wp-json\/wp\/v2\/pages\/1473\/revisions\/27263"}],"up":[{"embeddable":true,"href":"https:\/\/www.v6.newmessage.org\/es\/wp-json\/wp\/v2\/pages\/13085"}],"wp:attachment":[{"href":"https:\/\/www.v6.newmessage.org\/es\/wp-json\/wp\/v2\/media?parent=1473"}],"wp:term":[{"taxonomy":"category","embeddable":true,"href":"https:\/\/www.v6.newmessage.org\/es\/wp-json\/wp\/v2\/categories?post=1473"},{"taxonomy":"post_tag","embeddable":true,"href":"https:\/\/www.v6.newmessage.org\/es\/wp-json\/wp\/v2\/tags?post=1473"}],"curies":[{"name":"wp","href":"https:\/\/api.w.org\/{rel}","templated":true}]}}