{"id":14016,"date":"2014-08-14T01:20:09","date_gmt":"2014-08-14T01:20:09","guid":{"rendered":"http:\/\/www.newmessage.org\/?page_id=14016"},"modified":"2022-12-13T17:56:15","modified_gmt":"2022-12-13T17:56:15","slug":"el-mensajero","status":"publish","type":"page","link":"https:\/\/www.v6.newmessage.org\/es\/el-mensajero","title":{"rendered":"El Mensajero"},"content":{"rendered":"<div class=\"div_over_image the-messenger margin-bottom-20\">\n<div class=\"div_over_image_section\">\n<div class=\"the-messenger-block-1 padding-10\">\n<h4 class=\"text-color-white\">\u00bfQui\u00e9n es el Mensajero?<\/h4>\n<p class=\"text-color-white font-sans\">En 1982, Marshall Vian Summers recibi\u00f3 una serie de profundas revelaciones en los desiertos del suroeste americano. Durante m\u00e1s de 43 a\u00f1os, esta revelaci\u00f3n ha continuado, creciendo cada vez m\u00e1s en alcance\u2026 <a title=\"Lee m\u00e1s\u2026\" href=\"https:\/\/www.newmessage.org\/es\/el-mensajero\/quien-es-marshall-vian-summers\">Lee m\u00e1s<\/a><\/p>\n<\/div>\n<div class=\"the-messenger-block-2 background-color-opacity-4 margin-bottom-20\">\n<h4 class=\"text-color-white\">Escucha al Mensajero<\/h4>\n<p><a title=\"Mi vida es una llamada\" href=\"https:\/\/www.newmessage.org\/es\/th_gallery\/mi-vida-es-una-llamada\">Mi vida es una llamada<\/a><br \/>\n<a><\/a><br \/>\n<a class=\"text-align-right\" title=\"M\u00e1s\u2026\" href=\"https:\/\/www.newmessage.org\/es\/el-mensajero\/el-mensajero-habla\">Escucha m\u00e1s\u2026<\/a><\/p>\n<\/div>\n<div class=\"the-messenger-block-3 background-color-opacity-4\">\n<h4 class=\"text-color-white\">Escucha la Revelaci\u00f3n de Dios (en su idioma original, ingl\u00e9s)<\/h4>\n<p><a title=\"The Origin of the Messenger\" href=\"https:\/\/www.newmessage.org\/es\/el-mensaje\/volumen-1\/el-nuevo-mensajero\/el-origen-del-mensajero\">El origen del Mensajero<\/a><br \/>\n\t\t\t\t<div id=\"jquery_jplayer_1\" class=\"jp-jplayer\"><\/div>\n\t\t\t\t<div id=\"jp_container_1\" class=\"jp-audio\">\n\t\t\t\t<div class=\"jp-type-single\"><div class=\"jp-control\"><a href=\"javascript:;\" class=\"jp-play\" tabindex=\"1\">play<\/a><a href=\"javascript:;\" class=\"jp-pause\" tabindex=\"1\">pause<\/a><\/div> <div class=\"jp-gui jp-interface\"><div class=\"jp-volume\"><div class=\"jp-volume-bar\"><div class=\"jp-volume-bar-value\"><\/div><\/div><\/div><div class=\"jp-progress\"><div class=\"jp-seek-bar\"><div class=\"jp-play-bar\"><\/div><\/div><\/div><\/div>\t\t\t\t\t<div class=\"jp-no-solution\"><span>Update Required<\/span>To play the media you will need to either update your browser to a recent version or update your <a href=\"http:\/\/get.adobe.com\/flashplayer\/\" target=\"_blank\">Flash plugin<\/a>.<\/div><\/div><\/div>\n\t\t\t<script type='text\/javascript'>\n\t\t\t\tjQuery(document).ready(function() {\n\t\t\t\t\tif (typeof (sermonMedia) == 'function') {\n\t\t\t\t\t\tsermonMedia.addAudio('', \"jquery_jplayer_1\");\n\t\t\t\t\t}\n\t\t\t\t\tjQuery.jPlayer.timeFormat.showHour = true;\n\t\t\t\t\tjQuery(\"#jquery_jplayer_1\").jPlayer({\n\t\t\t\t\t\tready: function(event) {\n\t\t\t\t\t\t\tjQuery(this).jPlayer(\"setMedia\", {mp3: 'https:\/\/www.newmessage.org\/av\/origin-of-the-messenger.mp3'});\n\t\t\t\t\t\t},\n\t\t\t\t\t\tplay: function() {\n\t\t\t\t\t\t\tjQuery(this).jPlayer(\"pauseOthers\");\n\t\t\t\t\t\t},\n\t\t\t\t\t\tswfPath: ThemeData.directory_uri+\"\/swf\",\n\t\t\t\t\t\tsolution: \"html, flash\",\n\t\t\t\t\t\tpreload: \"metadata\",\n\t\t\t\t\t\twmode: \"window\",\n\t\t\t\t\t\tsupplied: \"mp3\",\n\t\t\t\t\t\tcssSelectorAncestor: '#jp_container_1'\n\t\t\t\t\t});\n\t\t\t\t});\n\t\t\t<\/script><br \/>\n<a class=\"text-align-right\" title=\"M\u00e1s\u2026\" href=\"https:\/\/www.newmessage.org\/es\/el-mensaje\/volumen-1\/el-nuevo-mensajero\">M\u00e1s revelaciones sobre el Mensajero\u2026<\/a><\/p>\n<\/div>\n<\/div>\n<\/div>\n<div class=\"clearfix\"><\/div>\n<hr \/>\n<div class=\"panel-20\">\n<h2 class=\"text-color-whiskey text-align-center margin-bottom-20\">Entrevista con Marshall Vian Summers<\/h2>\n<h5>Afirma que usted representa un Nuevo Mensaje de Dios. \u00bfC\u00f3mo puede hacer una afirmaci\u00f3n as\u00ed?<\/h5>\n<p>\u201cEl Nuevo Mensaje me fue dado por los \u00c1ngeles del Creador. Es una Nueva Revelaci\u00f3n para la humanidad. Se me mand\u00f3 que hiciera esta afirmaci\u00f3n.\u201d<br \/>\n<strong><a class=\"not-underlined\" title=\"Interview with the Messenger\" href=\"https:\/\/www.newmessage.org\/es\/el-mensajero\/entrevista-con-el-mensajero-marshall-vian-summers\">Lee la entrevista completa&#8230;<\/a><\/strong><\/p>\n<hr \/>\n<h5>\u00bfCon qu\u00e9 autoridad afirma que usted presenta una nueva alianza, un nuevo testamento?<\/h5>\n<p>\u201cSe me ha dado esta tarea y yo, mediante el Conocimiento en m\u00ed, la he reconocido y la he aceptado. Mas la responsabilidad de traer este nuevo testamento al mundo ha sido inmensa. Ha sido una gran carga para m\u00ed.\u201d<br \/>\n<strong><a class=\"not-underlined\" title=\"Interview with the Messenger\" href=\"https:\/\/www.newmessage.org\/es\/el-mensajero\/entrevista-con-el-mensajero-marshall-vian-summers\">Lee la entrevista completa&#8230;<\/a><\/strong><\/p>\n<\/div>\n<hr \/>\n<div class=\"panel-20\">\n<h2 class=\"text-color-whiskey text-align-center margin-bottom-20\">Dichos del Mensajero (en ingl\u00e9s)<\/h2>\n<div class=\"margin-bottom-10\"><div id=\"shortcode_testimonial_1\" class='shortcode_testimonial'><\/div><\/div>\n<h4 class=\"text-align-center \"><a href=\"\/gods-messenger\/sayings\/all\">Ve todos los dichos del Mensajero<\/a><\/h4>\n<p>Estas frases fueron registradas por aquellos m\u00e1s cercanos al Mensajero, a lo largo de su vida y en diversos lugares del mundo.<\/p>\n<\/div>\n<div class=\"clearfix\"><\/div>\n<hr \/>\n<div class=\"panel-10\">\n<h2 class=\"text-color-whiskey text-align-center\">Viajes del Mensajero<\/h2>\n<div id=\"attachment_19524\" style=\"width: 160px\" class=\"wp-caption alignleft\"><a href=\"\/gods-messenger\/journeys-messenger\/prophet-of-god-in-thailand\"><img loading=\"lazy\" decoding=\"async\" aria-describedby=\"caption-attachment-19524\" class=\"imgborder size-thumbnail\" src=\"https:\/\/www.newmessage.org\/wp-content\/uploads\/2015\/07\/thaliand_8-150x150.jpg\" alt=\"Messenger travels to Thailand\" width=\"150\" height=\"150\" \/><\/a><p id=\"caption-attachment-19524\" class=\"wp-caption-text\">Thailand<\/p><\/div>\n<p>El Mensajero, Marshall Vian Summers, ha viajado por el mundo para experimentar sus diversas condiciones y retos, as\u00ed como para recibir revelaciones.<\/p>\n<div class=\"panel-10\"><\/div>\n<p>Marshall&#8217;s travels have been documented by his son, <a href=\"\/journal\">Reed<\/a>, and his wife, <a href=\"\/journal\">Patricia<\/a>, in countries\u00a0such as: <a href=\"\/gods-messenger\/journeys-messenger\/prophet-of-god-in-syria\">Syria<\/a>, <a href=\"\/gods-messenger\/journeys-messenger\/prophet-of-god-in-thailand\">Thailand<\/a>,\u00a0<a href=\"gods-messenger\/journeys-messenger\/prophet-of-god-in-Costa-Rica\">Costa Rica<\/a>,\u00a0and many more. <strong><a class=\"not-underlined\" href=\"\/gods-messenger\/journeys-messenger\">See photos from his journeys&#8230;<\/a><\/strong>.<\/p>\n<hr \/>\n<\/div>\n<div class=\"panel-20\">\n<h2 class=\"text-color-whiskey text-align-center\">La historia del Mensajero<\/h2>\n<p>Marshall Vian Summers has given the last 43 years of his life to receiving and quietly teaching the New Message from God. Marshall was ignited spiritually\u2026 <a class=\"not-underlined\" title=\"Read More\u2026\" href=\"\/gods-messenger\/who-is-marshall-vian-summers\">Lee m\u00e1s&#8230;<\/a><\/p>\n<\/div>\n<div class=\"text-align-center\">\n<p><iframe loading=\"lazy\" title=\"A Prayer for the Freedom Loving Peoples of the World\" src=\"https:\/\/player.vimeo.com\/video\/34599191?h=d4886f1bb2&amp;dnt=1&amp;app_id=122963\" width=\"600\" height=\"400\" frameborder=\"0\" allow=\"autoplay; fullscreen; picture-in-picture\" allowfullscreen><\/iframe><\/p>\n<\/div>\n<hr \/>\n<h2 class=\"text-color-whiskey text-align-center\">Revelaciones acerca del Mensajero<\/h2>\n<div class=\"margin-bottom-20\">Hear the original audio recordings of Revelations about the Messenger, Marshall Vian Summers. <strong><a class=\"not-underlined\" href=\"the-message\/revelations\/revelations-messenger\">Read more&#8230;<\/a><\/strong><\/div>\n<div class=\"panel-20 background-color-bridesmaid text-align-center\">\n\t    \n\t<article class=\"posts_listing blog_shortcode clearfix post-28169 page type-page status-publish hentry category-revelations category-revelations-about-the-messenger category-audio category-the-new-messenger category-volume-1 tag-walking-with-the-messenger\" id=\"post-28169\">\n\n\t\t\t\t\n\t<h2 class=\"entry-title\"><a href=\"https:\/\/www.v6.newmessage.org\/es\/el-mensaje\/volumen-1\/el-nuevo-mensajero\/caminando-con-el-mensajero\" rel=\"bookmark\" title=\"Permanent Link to Caminando con el Mensajero\">Caminando con el Mensajero<\/a><\/h2>\n\n\t\t\t\n\t\t<\/article>\n\t    \n\t<article class=\"posts_listing blog_shortcode clearfix post-28372 page type-page status-publish hentry category-revelations category-revelations-about-the-messenger category-audio category-the-new-messenger category-volume-1 tag-understanding-the-new-messenger\" id=\"post-28372\">\n\n\t\t\t\t\n\t<h2 class=\"entry-title\"><a href=\"https:\/\/www.v6.newmessage.org\/es\/el-mensaje\/volumen-1\/el-nuevo-mensajero\/comprendiendo-al-nuevo-mensajero\" rel=\"bookmark\" title=\"Permanent Link to Comprendiendo al Nuevo Mensajero\">Comprendiendo al Nuevo Mensajero<\/a><\/h2>\n\n\t\t\t\n\t\t<\/article>\n\t    \n\t<article class=\"posts_listing blog_shortcode clearfix post-15857 page type-page status-publish hentry category-revelations category-revelations-about-the-messenger category-audio category-the-new-messenger category-volume-1 tag-the-lineage-of-the-messenger\" id=\"post-15857\">\n\n\t\t\t\t\n\t<h2 class=\"entry-title\"><a href=\"https:\/\/www.v6.newmessage.org\/es\/el-mensaje\/volumen-1\/el-nuevo-mensajero\/el-linaje-del-mensajero\" rel=\"bookmark\" title=\"Permanent Link to El linaje del Mensajero\">El linaje del Mensajero<\/a><\/h2>\n\n\t\t\t\n\t\t<\/article>\n\t    \n\t<article class=\"posts_listing blog_shortcode clearfix post-15779 page type-page status-publish hentry category-revelations category-revelations-about-the-messenger category-audio category-the-new-messenger category-volume-1 tag-the-origin-of-the-messenger\" id=\"post-15779\">\n\n\t\t\t\t\n\t<h2 class=\"entry-title\"><a href=\"https:\/\/www.v6.newmessage.org\/es\/el-mensaje\/volumen-1\/el-nuevo-mensajero\/el-origen-del-mensajero\" rel=\"bookmark\" title=\"Permanent Link to El Origen del Mensajero\">El Origen del Mensajero<\/a><\/h2>\n\n\t\t\t\n\t\t<\/article>\n\t    \n\t<article class=\"posts_listing blog_shortcode clearfix post-28370 page type-page status-publish hentry category-revelations category-revelations-about-the-messenger category-audio category-the-new-messenger category-volume-1 tag-the-veil-of-the-messenger\" id=\"post-28370\">\n\n\t\t\t\t\n\t<h2 class=\"entry-title\"><a href=\"https:\/\/www.v6.newmessage.org\/es\/el-mensaje\/volumen-1\/el-nuevo-mensajero\/el-velo-del-mensajero\" rel=\"bookmark\" title=\"Permanent Link to El velo del Mensajero\">El velo del Mensajero<\/a><\/h2>\n\n\t\t\t\n\t\t<\/article>\n\t    \n\t<article class=\"posts_listing blog_shortcode clearfix post-28374 page type-page status-publish hentry category-revelations category-revelations-about-the-messenger category-audio category-the-new-messenger category-volume-1 tag-the-journey-of-the-messenger\" id=\"post-28374\">\n\n\t\t\t\t\n\t<h2 class=\"entry-title\"><a href=\"https:\/\/www.v6.newmessage.org\/es\/el-mensaje\/volumen-1\/el-nuevo-mensajero\/el-viaje-del-mensajero\" rel=\"bookmark\" title=\"Permanent Link to El viaje del Mensajero\">El viaje del Mensajero<\/a><\/h2>\n\n\t\t\t\n\t\t<\/article>\n\t    \n\t<article class=\"posts_listing blog_shortcode clearfix post-28189 page type-page status-publish hentry category-revelations category-revelations-about-the-messenger category-audio category-the-new-messenger category-volume-1 tag-facing-the-light-of-revelation\" id=\"post-28189\">\n\n\t\t\t\t\n\t<h2 class=\"entry-title\"><a href=\"https:\/\/www.v6.newmessage.org\/es\/el-mensaje\/volumen-1\/el-nuevo-mensajero\/encarando-la-luz-de-la-revelacion\" rel=\"bookmark\" title=\"Permanent Link to Encarando la Luz de la Revelaci\u00f3n\">Encarando la Luz de la Revelaci\u00f3n<\/a><\/h2>\n\n\t\t\t\n\t\t<\/article>\n\t    \n\t<article class=\"posts_listing blog_shortcode clearfix post-548 page type-page status-publish hentry category-other-revelations category-revelations category-revelations-about-the-messenger category-audio tag-a-new-revelation tag-the-burden-of-the-messenger tag-the-new-messenger-from-god-marshall-vian-summers tag-there-is-a-new-message-from-god-in-the-world-part-3\" id=\"post-548\">\n\n\t\t\t\t\n\t<h2 class=\"entry-title\"><a href=\"https:\/\/www.v6.newmessage.org\/es\/el-mensaje\/otras-revelaciones\/la-carga-del-mensajero\" rel=\"bookmark\" title=\"Permanent Link to La carga del Mensajero\">La carga del Mensajero<\/a><\/h2>\n\n\t\t\t\n\t\t<\/article>\n\t    \n\t<article class=\"posts_listing blog_shortcode clearfix post-625 page type-page status-publish hentry category-revelations category-revelations-about-the-messenger category-audio category-the-new-messenger category-volume-1 tag-a-new-revelation tag-gods-new-messenger tag-the-story-of-the-messenger tag-the-story-of-the-messenger-from-god\" id=\"post-625\">\n\n\t\t\t\t\n\t<h2 class=\"entry-title\"><a href=\"https:\/\/www.v6.newmessage.org\/es\/el-mensaje\/volumen-1\/el-nuevo-mensajero\/la-historia-del-mensajero\" rel=\"bookmark\" title=\"Permanent Link to La historia del Mensajero\">La historia del Mensajero<\/a><\/h2>\n\n\t\t\t\n\t\t<\/article>\n\t    \n\t<article class=\"posts_listing blog_shortcode clearfix post-28221 page type-page status-publish hentry category-cd category-revelations category-revelations-about-the-messenger category-the-new-messenger category-volume-1 tag-the-messengers-calling\" id=\"post-28221\">\n\n\t\t\t\t\n\t<h2 class=\"entry-title\"><a href=\"https:\/\/www.v6.newmessage.org\/es\/el-mensaje\/volumen-1\/el-nuevo-mensajero\/la-llamada-del-mensajero\" rel=\"bookmark\" title=\"Permanent Link to La Llamada del Mensajero\">La Llamada del Mensajero<\/a><\/h2>\n\n\t\t\t\n\t\t<\/article>\n\t    \n\t<article class=\"posts_listing blog_shortcode clearfix post-28207 page type-page status-publish hentry category-revelations category-revelations-about-the-messenger category-audio category-the-new-messenger category-volume-1 tag-incertidumbre tag-la-llamada tag-paciencia tag-the-requirements-of-the-messenger\" id=\"post-28207\">\n\n\t\t\t\t\n\t<h2 class=\"entry-title\"><a href=\"https:\/\/www.v6.newmessage.org\/es\/el-mensaje\/volumen-1\/el-nuevo-mensajero\/los-requerimientos-del-mensajero\" rel=\"bookmark\" title=\"Permanent Link to Los requerimientos del Mensajero\">Los requerimientos del Mensajero<\/a><\/h2>\n\n\t\t\t\n\t\t<\/article>\n\t    \t    <\/div>\n<hr \/>\n<div class=\"panel-20\">\n<h2 class=\"text-color-whiskey text-align-center\">La oraci\u00f3n del Mensajero<\/h2>\n<p>Marshall was ignited spiritually at an early age, especially through his experiences in nature. As a young man, his journeys through the wilderness of North America continued his mysterious education.<br \/>\n<strong><a class=\"not-underlined\" title=\"Who is Marshall Vian Summers\" href=\"\/gods-messenger\/who-is-marshall-vian-summers\">Read more&#8230;<\/a><\/strong><\/p>\n<\/div>\n<div class=\"text-align-center\">\n<p><iframe loading=\"lazy\" title=\"The Messenger&#039;s Prayer\" src=\"https:\/\/player.vimeo.com\/video\/29022283?h=a7fd2e9f14&amp;dnt=1&amp;app_id=122963\" width=\"600\" height=\"400\" frameborder=\"0\" allow=\"autoplay; fullscreen; picture-in-picture\" allowfullscreen><\/iframe><\/p>\n<\/div>\n<div class=\"clearfix\"><\/div>\n","protected":false},"excerpt":{"rendered":"<p>\u00bfQui\u00e9n es el Mensajero? En 1982, Marshall Vian Summers recibi\u00f3 una serie de profundas revelaciones en los desiertos del suroeste americano. Durante m\u00e1s de a\u00f1os, esta revelaci\u00f3n ha continuado, creciendo cada vez m\u00e1s en alcance\u2026 Lee m\u00e1s Escucha al Mensajero Mi vida es una llamada Escucha m\u00e1s\u2026 Escucha la Revelaci\u00f3n de Dios (en su idioma\u2026 <a class=\"read-more\" href=\"https:\/\/www.v6.newmessage.org\/es\/el-mensaje\/volumen-1\/el-nuevo-mensajero\/los-requerimientos-del-mensajero\"><span>Read More<\/span><\/a><\/p>\n","protected":false},"author":1,"featured_media":0,"parent":0,"menu_order":65,"comment_status":"closed","ping_status":"closed","template":"","meta":{"_monsterinsights_skip_tracking":false,"_monsterinsights_sitenote_active":false,"_monsterinsights_sitenote_note":"","_monsterinsights_sitenote_category":0,"footnotes":""},"categories":[],"tags":[],"_links":{"self":[{"href":"https:\/\/www.v6.newmessage.org\/es\/wp-json\/wp\/v2\/pages\/14016"}],"collection":[{"href":"https:\/\/www.v6.newmessage.org\/es\/wp-json\/wp\/v2\/pages"}],"about":[{"href":"https:\/\/www.v6.newmessage.org\/es\/wp-json\/wp\/v2\/types\/page"}],"author":[{"embeddable":true,"href":"https:\/\/www.v6.newmessage.org\/es\/wp-json\/wp\/v2\/users\/1"}],"replies":[{"embeddable":true,"href":"https:\/\/www.v6.newmessage.org\/es\/wp-json\/wp\/v2\/comments?post=14016"}],"version-history":[{"count":189,"href":"https:\/\/www.v6.newmessage.org\/es\/wp-json\/wp\/v2\/pages\/14016\/revisions"}],"predecessor-version":[{"id":30389,"href":"https:\/\/www.v6.newmessage.org\/es\/wp-json\/wp\/v2\/pages\/14016\/revisions\/30389"}],"wp:attachment":[{"href":"https:\/\/www.v6.newmessage.org\/es\/wp-json\/wp\/v2\/media?parent=14016"}],"wp:term":[{"taxonomy":"category","embeddable":true,"href":"https:\/\/www.v6.newmessage.org\/es\/wp-json\/wp\/v2\/categories?post=14016"},{"taxonomy":"post_tag","embeddable":true,"href":"https:\/\/www.v6.newmessage.org\/es\/wp-json\/wp\/v2\/tags?post=14016"}],"curies":[{"name":"wp","href":"https:\/\/api.w.org\/{rel}","templated":true}]}}