{"id":1382,"date":"2011-10-28T15:16:02","date_gmt":"2011-10-28T15:16:02","guid":{"rendered":"http:\/\/wp.www.newmessage.org\/?p=1382"},"modified":"2022-12-01T17:34:17","modified_gmt":"2022-12-01T17:34:17","slug":"el-discernimiento","status":"publish","type":"page","link":"https:\/\/www.v6.newmessage.org\/es\/el-mensaje\/volumen-5\/sabiduria-de-la-comunidad-mayor-volumen-2\/el-discernimiento","title":{"rendered":"El discernimiento"},"content":{"rendered":"<div><!-- Versi\u00f3n espa\u00f1ola 1.2 --><\/div>\n\n<div class=\"tabgroup \"><ul class=\"tabs\"><li><a href=\"#tabs-1\">About<\/a><\/li>\n<li><a href=\"#tabs-2\">More<\/a><\/li><\/ul>\n <div id=\"tabs-1\"><br \/>\n<em>Como le fue revelado a<br \/>\nMarshall Vian Summers<br \/>\nel 22 de marzo de 1992<br \/>\nen Boulder, Colorado, Estados Unidos<\/em><\/p>\n<p>Texto original: <a href=\"https:\/\/www.newmessage.org\/the-message\/volume-6\/wisdom-greater-community-book-2\/what-is-discernment\">Discernment<\/a><\/p>\n<p>Audio original no disponible.<\/p>\n<div class=\"toggle toggle-white\"><h4 class=\"trigger \"><span class=\"t_ico\"><\/span><a href=\"#\">About this Text<\/a><\/h4><div class=\"toggle_container \"><br \/>\n<p>Lo que est\u00e1s leyendo en este texto es la transcripci\u00f3n de la voz original de la Asamblea Ang\u00e9lica hablando a trav\u00e9s del Mensajero Marshall Vian Summers.<\/p>\n<p>Aqu\u00ed, la comunicaci\u00f3n original de Dios, que existe m\u00e1s all\u00e1 de las palabras, es traducida al lenguaje y el entendimiento humanos por la Asamblea Ang\u00e9lica que supervisa el mundo. La Asamblea despu\u00e9s entrega el Mensaje de Dios a trav\u00e9s del Mensajero, tras lo cual es transcrito y puesto a tu disposici\u00f3n y a disposici\u00f3n de todos.<\/p>\n<p>En este extraordinario proceso, la Voz de la Revelaci\u00f3n est\u00e1 hablando de nuevo. La Palabra y el Sonido est\u00e1n en el mundo. Que puedas ser el receptor de este regalo de Revelaci\u00f3n y puedas estar abierto a recibir su Mensaje \u00fanico para ti y para tu vida.<\/p>\n<br \/>\n<\/div><\/div>\n<p><\/div>\n<div id=\"tabs-2\"><\/p>\n<div class=\"panel-10 text-align-center\"><img decoding=\"async\" class=\"aligncenter size-full \" src=\"https:\/\/www.newmessage.org\/wp-content\/uploads\/2011\/10\/WV2-english-nkl-250px.jpg\" alt=\"Wisdom from the Greater Community, volume 2\" \/><\/div>\n<div class=\"text-align-center\"><a class='simple_button_link ' style='background-color: #4f8fd6' href='http:\/\/newknowledgelibrary.org\/books\/wisdom-from-the-greater-community-volume-2\/'   ><span>Order the book<\/span><\/a><\/div>\n<div class=\"text-align-center text font-size-12 margin-top-10\">Volume 5 &gt; Wisdom from the Greater Community, Volume 2 &gt; Chapter 6<\/div>\n<p><\/div>\n\t\t\t\t<div align=\"right\">\n\t\t\t<div class=\"fb-like\" data-href=\"\" data-layout=\"button_count\" data-action=\"like\" data-show-faces=\"false\" data-share=\"false\"><\/div>\n\t\t\t<div class=\"fb-share-button\" data-layout=\"button_count\"> <\/div>\n\t\t\t<div class=\"fb_iframe_widget\"><a href=\"https:\/\/twitter.com\/godsnewmessage?ref_src=twsrc%5Etfw\" class=\"twitter-follow-button\" data-show-count=\"false\">Follow @godsnewmessage<\/a><script async src=\"https:\/\/platform.twitter.com\/widgets.js\" charset=\"utf-8\"><\/script><\/div>\n\t\t\t<\/div> <\/div> \n\n<p>Existe una lecci\u00f3n en los Pasos al Conocimiento que se concentra en una idea, &#8220;La calidad de mis relaciones determina la calidad de mi vida.&#8221; Pasa ahora alg\u00fan tiempo considerando esta idea. Cuando pienses en ella, no pienses s\u00f3lo en las personas con las que ahora est\u00e1s involucrado en una relaci\u00f3n. Incluye, adem\u00e1s, tu relaci\u00f3n con tu mente, tu relaci\u00f3n con tu cuerpo, tu relaci\u00f3n con tu lugar de residencia, tu relaci\u00f3n con el entorno f\u00edsico en general, y dem\u00e1s. Si haces esto honestamente, sin intentar excluir nada, ver\u00e1s que todo est\u00e1 incluido en esta idea y que esta idea se aplica a todos los aspectos de tu vida. Si has estado un poco en el mundo, y te has vuelto algo observador de los dem\u00e1s, comenzar\u00e1s a ver la absoluta verdad de esta afirmaci\u00f3n.<\/p>\n<p>As\u00ed que, \u00bfd\u00f3nde est\u00e1 el mejor lugar para investigar la calidad de tus relaciones? El mejor lugar para comenzar a investigar es mirando c\u00f3mo inicias tus relaciones \u2014\u00bfcon qui\u00e9n las comienzas?, \u00bfcu\u00e1les son tus motivos?, \u00bfqu\u00e9 est\u00e1s buscando?, \u00bfcu\u00e1les son tus criterios?, \u00bfcu\u00e1n r\u00e1pido te mueves?, \u00bfc\u00f3mo mides tu progreso?, \u00bfqu\u00e9 califica a una persona para estar en relaci\u00f3n contigo y qu\u00e9 la descalifica?\u2014 Esta es la investigaci\u00f3n que se te anima a llevar a cabo por ti mismo, pero s\u00f3lo ser\u00e1 fruct\u00edfera si te involucras en ella con la mayor objetividad posible. Tu experiencia y tus observaciones de otros ser\u00e1n muy valiosas aqu\u00ed. Pero la oportunidad para el enga\u00f1o es muy grande, ya que todav\u00eda proteger\u00e1s de este escrutinio ciertos motivos y objetivos en las relaciones, queriendo asegurarte de que siguen siendo objetivos genuinos para ti, evitando cuestionarlos y examinarlos honestamente.<\/p>\n<p>Desarrollar el discernimiento es absolutamente fundamental para elevar la calidad de tus relaciones y, de hecho, la calidad de tu vida. La forma en que inicies una relaci\u00f3n determinar\u00e1 la direcci\u00f3n en la que esta tome y establecer\u00e1 su actividad tanto ahora como en el futuro. El discernimiento o su falta, determinar\u00e1n con qui\u00e9n estar\u00e1s, lo que har\u00e1s y lo que tendr\u00e1s que aprender como resultado. As\u00ed que, claramente, el mejor lugar para comenzar es c\u00f3mo inicias una relaci\u00f3n. Todas las relaciones que ahora tienes se iniciaron en alg\u00fan momento, y, de hecho, buscas nuevas relaciones, incluso en este momento. Tal vez pensar\u00e1s, &#8220;Bueno, yo no busco a un marido o una esposa&#8221;, pero est\u00e1s buscando a otras personas para otros fines.<\/p>\n<p>Para enfatizar la importancia del discernimiento, te daremos una idea muy fundamental en el Camino del Conocimiento de la Comunidad Mayor. Es una idea que requerir\u00e1 una considerable reflexi\u00f3n y e investigaci\u00f3n. La idea es la siguiente: &#8220;La verdad de cualquier relaci\u00f3n puede ser conocida desde el principio&#8221;. Esto significa que las relaciones no son una apuesta tan arriesgada como podr\u00eda parecer. \u00bfEsto es posible? No todo lo que pasar\u00e1 en una relaci\u00f3n puede verse al principio, pero s\u00ed puedes saber si esa relaci\u00f3n es apropiada para ti. De hecho, ya se sabe. Pero, \u00bftienes acceso a este Conocimiento? \u00bfEst\u00e1s disponible para \u00e9l? Sin duda, \u00e9l est\u00e1 disponible para ti. Si t\u00fa no est\u00e1s disponible para \u00e9l, \u00bfqu\u00e9 te impide acceder a \u00e9l? Aqu\u00ed, de hecho, empiezas a hacer preguntas muy importantes sobre c\u00f3mo abordas la vida, y el grado en que puedes relacionarte con la vida de manera objetiva y honesta.<\/p>\n<p>De hecho, incluso podr\u00edas tener las siguientes preguntas respecto a m\u00ed: &#8220;\u00bfQui\u00e9n es este orador que me da este discurso? \u00bfSe puede confiar en este orador? \u00bfPosee verdadera sabidur\u00eda? He sido enga\u00f1ado antes. Tal vez ser\u00e9 enga\u00f1ado de nuevo&#8221;. De hecho, Yo s\u00f3lo puedo ser conocido. Puedes especular mucho sobre m\u00ed, y pintar cualquier imagen que desees. Pero mi valor s\u00f3lo puede ser conocido. Si est\u00e1s con el Conocimiento, sabr\u00e1s quien soy y entender\u00e1s la profundidad de mi sabidur\u00eda. La cuesti\u00f3n de la confianza no ser\u00e1 necesaria si el Conocimiento es tu gu\u00eda. Pero, en un sentido activo, el Conocimiento no es realmente el gu\u00eda para la mayor\u00eda de las personas, porque las personas conf\u00edan en sus suposiciones hasta que demuestran ser falsas, lo que puede tomar mucho tiempo.<\/p>\n<p>Considera c\u00f3mo es posible saber desde el principio la idoneidad de una relaci\u00f3n. \u00bfC\u00f3mo sabes estas cosas y c\u00f3mo procedes? Si est\u00e1s abierto a experimentar el prop\u00f3sito de otras personas \u2014su temperamento, cuanto han avanzado, su madurez, y su forma de pensar y comportamiento\u2014, si est\u00e1s abierto a conocer estas cosas sin intentar valorarlas, y sin intentar encajar a los dem\u00e1s en tus ideales, entonces, de hecho, puedes saber si son un posible candidato potencial para estar en una relaci\u00f3n contigo. \u00bfC\u00f3mo puedes saberlo? Porque el Conocimiento dentro de ti dir\u00e1 &#8220;s\u00ed&#8221; o &#8220;no&#8221;. Si el Conocimiento no dice &#8220;s\u00ed&#8221;, entonces es un &#8220;no&#8221;. El &#8220;no&#8221;, puede significar que esa persona no es apropiada, o puede significar que debes esperar y no comprometerte. &#8220;No&#8221;, tambi\u00e9n puede significar que mires hacia otro lado o pases de largo. Aqu\u00ed tienes que mirar m\u00e1s all\u00e1 de las apariencias y no dejarte llevar por el encanto, la belleza, la riqueza, el poder y todos los atractivos que atrapan a las personas. Aqu\u00ed miras sin amargura y sin desconfianza. S\u00f3lo est\u00e1s abierto. Para tener esta apertura, debes aprender, con el tiempo, a no hacerte ilusiones sobre ti mismo. No debes vivir de acuerdo a ideas preciadas o a im\u00e1genes grandiosas. Debes volverte una persona simple, directa, abierta y con discernimiento \u2014un hombre o una mujer del Conocimiento.<\/p>\n<p>Ver\u00e1s, en este momento todav\u00eda no tienes este discernimiento. \u00bfC\u00f3mo puedo decir esto sobre ti?, te preguntar\u00e1s. &#8220;Ni siquiera me conoces. \u00bfC\u00f3mo puedes decir esto de m\u00ed?&#8221; Puedo decirlo porque el verdadero discernimiento es raro en el mundo. S\u00f3lo se cultiva en una mente que se ha despojado de sus ilusiones, que vive con la vida tal como es, y se adhiere a un Poder Mayor que incluye lo que se ve, y tambi\u00e9n trasciende lo que se ve. El discernimiento no es hacer las preguntas correctas o tener la lista de chequeo correcta. Es la capacidad de saber. Es la capacidad de experimentar al otro, no de forma cr\u00edtica, sino directamente. Es la capacidad de contenerte hasta el momento en que eres llamado a la acci\u00f3n, sin importar cuanto tiempo sea. Si no tienes ilusiones sobre ti mismo, entonces no podr\u00e1s tener ilusiones sobre otros.<\/p>\n<p>As\u00ed pues, el discernimiento es el producto de un gran desarrollo. Este gran desarrollo debe ocurrir para que el discernimiento tenga una base real y sea realmente eficaz en la vida. El gran desarrollo se llama el Camino del Conocimiento. Aqu\u00ed recuperas la Verdadera Mente y, con ella, la verdadera vida. D\u00e9jame darte un ejemplo. Si interact\u00faas con alguien y te seduce, te confunde, te intriga o te defrauda, y quieres conocerle y comprenderle, \u00bfc\u00f3mo puedes lograrlo si no te involucras con \u00e9l de alguna manera? Uno de los primeros requisitos aqu\u00ed, es que no puedes querer nada de la situaci\u00f3n. Lo que quieras determinar\u00e1 los criterios que utilizar\u00e1s. Incluso querer el Conocimiento puede ser enga\u00f1oso, porque aqu\u00ed intentar\u00e1s pensar y actuar seg\u00fan tus ideas de lo que es el Conocimiento y de c\u00f3mo el Conocimiento podr\u00eda pensar o lo qu\u00e9 el Conocimiento te har\u00eda hacer.<\/p>\n<p>La esencia del discernimiento es la quietud. Si puedes estar en quietud con otro, sin intentar hacerlo bueno o malo, o divino o maligno, entonces puedes comenzar a experimentarlo de manera muy directa. Por eso ense\u00f1amos el camino de la quietud. Este produce en la mente la condici\u00f3n necesaria para que el Conocimiento emerja. De hecho, hablamos de la quietud a lo largo de nuestros discursos y estos se refieren a ella con frecuencia. Muchas personas piensan que discernir es volverse m\u00e1s cr\u00edtico, tener est\u00e1ndares m\u00e1s altos, ser m\u00e1s enjuiciador, ser m\u00e1s cuidadoso, hacer m\u00e1s preguntas, o ser m\u00e1s reservado sobre uno mismo o sobre las posesiones propias. Si bien es cierto que a medida que te vuelves m\u00e1s discerniente, te vuelves m\u00e1s reservado, esa no es la esencia de lo que estoy hablando. La esencia de lo que estoy hablando es la capacidad de experimentar a los otros como realmente son, reconociendo sus cualidades superiores, pero tambi\u00e9n teniendo en cuenta su posici\u00f3n en la vida. Esto no requiere un largo an\u00e1lisis o un estudio detallado, porque un largo an\u00e1lisis s\u00f3lo puede determinar el pensamiento y el comportamiento de una persona, pero no puede en absoluto dar cuenta de sus aspectos m\u00e1s profundos. Aqu\u00ed necesitas estar presente. Permanece quieto y sabr\u00e1s. Esto suena muy simple, y sin embargo, requiere un enfoque verdaderamente refinado.<\/p>\n<p>Existen algunas preguntas fundamentales que puedes hacerte en el proceso de llegar a conocer a alguien. Para empezar, preg\u00fantate: &#8220;\u00bfDebo conocer a esta persona?&#8221; Segunda pregunta: &#8220;\u00bfDeber\u00eda involucrarme con esta persona?&#8221; Son dos preguntas diferentes. Puedes conocer a alguien sin involucrarte con \u00e9l, manteniendo una distancia respetuosa. M\u00e1s all\u00e1 de estas dos preguntas, entonces, permanece quieto. No te apresures. Toma conciencia de lo que quieres en la relaci\u00f3n y de todas las im\u00e1genes que ilustran lo que quieres. A continuaci\u00f3n, sep\u00e1rate de esas im\u00e1genes. Estas no son necesariamente malas, pero pueden destruir tu capacidad de ejercer un discernimiento real de la situaci\u00f3n.<\/p>\n<p>Dado que la calidad de tus relaciones determina la calidad de tu vida, es importante con quien te involucras y con qu\u00e9 prop\u00f3sito. No puedes ignorar esto, porque al igual que en un ambiente f\u00edsico, t\u00fa vives en un ambiente mental, y este ambiente mental se compone de tu pensamiento y el pensamiento de aquellos con los que est\u00e1s involucrado m\u00e1s directamente. Esto tambi\u00e9n describe tu entorno f\u00edsico. La relaci\u00f3n es la esencia de tu entorno, del entorno en el que vives. Lo que decidas hacer en tus relaciones determinar\u00e1 el tipo de vida que tendr\u00e1s, y el tipo de problemas que tendr\u00e1s que resolver. Esto es tan importante, que no puede pasarse por alto. Te juegas mucho si tomas una decisi\u00f3n equivocada. Y es dif\u00edcil deshacer algo que, para empezar, nunca deber\u00edas haber hecho. Tu experiencia te lo ilustrar\u00e1.<\/p>\n<p>Por eso, comienzas con precauci\u00f3n, pero tambi\u00e9n debes tener un compromiso para desarrollar la quietud, la objetividad y la capacidad de experimentar la realidad de la otra persona, no en un sentido anal\u00edtico, sino de una manera directa. El Conocimiento puede ser tu gu\u00eda, si puedes estar con el Conocimiento. Para estar con el Conocimiento no puedes regirte por tus deseos, tus metas, tus anhelos y tus aversiones personales. Porque, de hecho, la persona que puede marcar la mayor diferencia para ti, puede ser alguien que no cumple con tus criterios. Y la persona que te har\u00e1 el mayor da\u00f1o podr\u00eda ser alguien que es totalmente encantador para ti, y que parece encajar completamente en la imagen que est\u00e1s intentando adquirir para ti mismo. Una vez m\u00e1s vuelve al Conocimiento y a la quietud. Si aprendes el Camino del Conocimiento de la Comunidad Mayor, seg\u00fan la preparaci\u00f3n que se ha proporcionado, entonces, el discernimiento ser\u00e1 un subproducto de tu logro y crecer\u00e1 con tu logro. Dado que todo representa una relaci\u00f3n, tu implicaci\u00f3n con todo estar\u00e1 determinada por el grado en que hayas cultivado un verdadero discernimiento.<\/p>\n<p>El discernimiento siempre debe basarse en lo que valoras. D\u00e9jame hablarte ahora de esto. Si valoras la belleza y el encanto, la riqueza y el poder, la comodidad y el placer, esta ser\u00e1 la base de tu discernimiento. Si valoras a cualquiera de ellos o cualquier combinaci\u00f3n de ellos, esa ser\u00e1 la base de tu discernimiento. S\u00f3lo la realidad te llevar\u00e1 de vuelta a lo que es realmente verdadero y a lo que podr\u00eda haber sido reconocido desde el principio.<\/p>\n<p>Por lo tanto, preg\u00fantate, \u00bfqu\u00e9 valoras? Preg\u00fantate: &#8220;\u00bfQu\u00e9 valoro? \u00bfQu\u00e9 estoy buscando?&#8221; Es f\u00e1cil querer cosas. Puedes permitirte querer cualquier cosa, pero \u00bfqu\u00e9 es lo que realmente valoras? En esto, solo tienes dos opciones reales: O valoras la verdad y lo que la verdad aporta, o valoras las cosas que compiten con la verdad. Si nunca has probado la verdad, ser\u00e1 muy dif\u00edcil que la valores. Te parecer\u00e1 un ideal. Puedes decir, &#8220;Quiero a alguien que diga la verdad, que me recuerde la verdad&#8221;. Pero si no sabes cu\u00e1l es la verdad, s\u00f3lo ser\u00e1 otra imagen y otro objetivo personal.<\/p>\n<p>Si valoras el Conocimiento como una realidad viva dentro de ti, entonces querr\u00e1s enfatizar el Conocimiento y querr\u00e1s permanecer cerca del Conocimiento, porque es la relaci\u00f3n m\u00e1s importante que tienes. Es tan fundamental que si restableces tu relaci\u00f3n con el Conocimiento, este te pondr\u00e1 en el orden correcto con todos a tu alrededor. El Conocimiento no puede ser enga\u00f1ado. No tiene objetivos contradictorios. Vive con la verdad, porque \u00e9l es la verdad. La verdad es su \u00fanico \u00e9nfasis \u2014una verdad mucho mayor que la verdad en que las personas se concentran o reconocen como verdad\u2014. Por eso, cuando volvemos a las cosas m\u00e1s fundamentales a enfatizar sobre el discernimiento, tenemos que hacer hincapi\u00e9 en tu relaci\u00f3n con el Conocimiento, lo que representa tu amor por la verdad, tu experiencia de la verdad, y todas sus cualidades resonantes y regalos que afirman la vida.<\/p>\n<p>Volver al Conocimiento es como volver a casa. Aqu\u00ed te deshaces de mucho equipaje innecesario a lo largo del camino. Al irse las falsas metas se van las falsas relaciones; al irse las ilusiones sobre ti mismo se van las ilusiones sobre otros. Cuando desarrolles el Conocimiento, ser\u00e1 cada vez m\u00e1s dif\u00edcil para ti cometer un error en las relaciones.<\/p>\n<p>Tu vida es preciosa; tu tiempo es corto. Has venido al mundo para aportar algo muy significativo y para trabajar con otras personas, en una aventura cooperativa, en un \u00e1rea espec\u00edfica. La \u00fanica forma en que puedes descubrirlo y lograrlo es colaborando con las personas adecuadas, para el prop\u00f3sito correcto. Necesitar\u00e1s el Conocimiento para hacer esto, y necesitar\u00e1s todas las cualidades que se requieren para que el Conocimiento emerja \u2014como la quietud, la paciencia, el discernimiento, la apertura, la moderaci\u00f3n, la compasi\u00f3n y la afinidad\u2014. Estas son grandes virtudes, y son fundamentales para vivir una vida genuina.<\/p>\n<p>Desarrollar el discernimiento es volverse sobrio. Es sacudir las nubes que envuelven tu visi\u00f3n y dificultan que pienses con claridad. Es como salir de un letargo. Es enderezarse, como una persona que est\u00e1 embriagada y debe lavarse la cara con agua helada para recuperarse, para enderezarse. Las personas se embriagan con el romance. Se embriagan con el poder de sus relaciones comerciales; se dejan llevar por cosas que s\u00f3lo producen dolor y miseria. Est\u00e1n intoxicadas. El discernimiento est\u00e1 m\u00e1s all\u00e1 de ellas. S\u00f3lo quieren mantener sus indulgencias, por lo que buscan a otros que compartan sus indulgencias y que muestren la promesa de satisfacer con ellas estas indulgencias. Mientras tanto, hay una gran necesidad de conocer y una gran necesidad de ser conocido que son descuidadas.<\/p>\n<p>La falta de discernimiento es un gran problema en las relaciones humanas. Y el discernimiento real no puede ser adquirido por los m\u00e9todos que habitualmente las personas le atribuyen. Para llegar a ser realmente discerniente, debes volverte sabio, nada menos. El Conocimiento debe ser tu gu\u00eda, nada m\u00e1s. Necesitar\u00e1s tiempo para lograrlo y debes prepararte, pero la recompensa es tan grande y tan completa, la libertad del error es tan aut\u00e9ntica y tan diferente de lo que ves a tu alrededor, que el esfuerzo requerido es solo un peque\u00f1o precio a pagar por una recompensa tan grande.<\/p>\n<p>Si puedes discernir qu\u00e9 hacer, entonces puedes hacer lo que sabes, y sabr\u00e1s qu\u00e9 hacer, y la certeza ser\u00e1 tuya. Si puedes discernir a que relaciones darte y a cuales negarte, entonces, tu vida tendr\u00e1 la oportunidad de tener profundidad y armon\u00eda verdaderas, que son necesarias para que el amor propio y el verdadero logro tengan lugar.<\/p>\n<p>El estudio del Camino del Conocimiento de la Comunidad Mayor requiere discernimiento. No solo lo fomenta, sino que lo requiere. Tu progreso aqu\u00ed s\u00f3lo puede frustrarse realmente por tu mala aplicaci\u00f3n en las relaciones \u2014en las relaciones con otros, en la relaci\u00f3n contigo mismo, con tu mente, con tu cuerpo, y con el mundo\u2014. Puedes preguntarte, &#8220;\u00bfC\u00f3mo puede alguien fracasar en aprender el Camino del Conocimiento?&#8221; Y yo digo: &#8220;Busca o protege una relaci\u00f3n inapropiada, y fracasar\u00e1s, y tu fracaso ser\u00e1 un dif\u00edcil proceso de aprendizaje&#8221; Ya has fracasado bastante en este sentido. No sigas pagando el precio. Otros lo est\u00e1n pagando con creces. Puedes aprender de ellos. Paga un peque\u00f1o precio por una gran recompensa, en lugar de un gran precio por una peque\u00f1a recompensa. Si decides aprender el Camino del Conocimiento de la Comunidad Mayor, entonces, el discernimiento es un requisito. La vida te dar\u00e1 los desaf\u00edos que necesitas. Y ellos ser\u00e1n genuinos, y tu oportunidad para el \u00e9xito ser\u00e1 grande. Lo que tendr\u00e1s que negar, dejar pasar o retener dentro de ti mismo tambi\u00e9n ser\u00e1 grande.<\/p>\n<p class=\"NMBody\">Ver\u00e1s, las personas suelen preguntar, &#8220;\u00bfC\u00f3mo puedo tener \u00e9xito?&#8221; Y yo les respondo d\u00e1ndoles algo grande que hacer, algo realmente grande que hacer. Aprende la quietud. Aprende el discernimiento. Aprende el Camino del Conocimiento de la Comunidad Mayor. \u00bfQuieres tener \u00e9xito? Aprende estas cosas. Mi respuesta a tu pregunta te desafiar\u00e1 y desafiar\u00e1 tu discernimiento en este momento, porque si puedes discernir mi respuesta, entonces ser\u00e1s capaz de discernir tu verdadera petici\u00f3n y de entender que se te est\u00e1 dando una verdadera respuesta.<\/p>\n","protected":false},"excerpt":{"rendered":"<p>Existe una lecci\u00f3n en los Pasos al Conocimiento que se concentra en una idea, &#8220;La calidad de mis relaciones determina la calidad de mi vida.&#8221; Pasa ahora alg\u00fan tiempo considerando esta idea. Cuando pienses en ella, no pienses s\u00f3lo en las personas con las que ahora est\u00e1s involucrado en una relaci\u00f3n. Incluye, adem\u00e1s, tu relaci\u00f3n\u2026 <a class=\"read-more\" href=\"https:\/\/www.v6.newmessage.org\/es\/about-text-shortcode\"><span>Read More<\/span><\/a><\/p>\n","protected":false},"author":1,"featured_media":0,"parent":13223,"menu_order":5,"comment_status":"closed","ping_status":"closed","template":"template-leftsidebar.php","meta":{"_monsterinsights_skip_tracking":false,"_monsterinsights_sitenote_active":false,"_monsterinsights_sitenote_note":"","_monsterinsights_sitenote_category":0,"footnotes":""},"categories":[44,76,77,498,484],"tags":[1006],"_links":{"self":[{"href":"https:\/\/www.v6.newmessage.org\/es\/wp-json\/wp\/v2\/pages\/1382"}],"collection":[{"href":"https:\/\/www.v6.newmessage.org\/es\/wp-json\/wp\/v2\/pages"}],"about":[{"href":"https:\/\/www.v6.newmessage.org\/es\/wp-json\/wp\/v2\/types\/page"}],"author":[{"embeddable":true,"href":"https:\/\/www.v6.newmessage.org\/es\/wp-json\/wp\/v2\/users\/1"}],"replies":[{"embeddable":true,"href":"https:\/\/www.v6.newmessage.org\/es\/wp-json\/wp\/v2\/comments?post=1382"}],"version-history":[{"count":13,"href":"https:\/\/www.v6.newmessage.org\/es\/wp-json\/wp\/v2\/pages\/1382\/revisions"}],"predecessor-version":[{"id":30332,"href":"https:\/\/www.v6.newmessage.org\/es\/wp-json\/wp\/v2\/pages\/1382\/revisions\/30332"}],"up":[{"embeddable":true,"href":"https:\/\/www.v6.newmessage.org\/es\/wp-json\/wp\/v2\/pages\/13223"}],"wp:attachment":[{"href":"https:\/\/www.v6.newmessage.org\/es\/wp-json\/wp\/v2\/media?parent=1382"}],"wp:term":[{"taxonomy":"category","embeddable":true,"href":"https:\/\/www.v6.newmessage.org\/es\/wp-json\/wp\/v2\/categories?post=1382"},{"taxonomy":"post_tag","embeddable":true,"href":"https:\/\/www.v6.newmessage.org\/es\/wp-json\/wp\/v2\/tags?post=1382"}],"curies":[{"name":"wp","href":"https:\/\/api.w.org\/{rel}","templated":true}]}}