{"id":1375,"date":"2011-10-28T15:13:05","date_gmt":"2011-10-28T15:13:05","guid":{"rendered":"http:\/\/wp.www.newmessage.org\/?p=1375"},"modified":"2017-04-05T15:14:41","modified_gmt":"2017-04-05T15:14:41","slug":"ambicion","status":"publish","type":"page","link":"https:\/\/www.v6.newmessage.org\/es\/el-mensaje\/volumen-5\/sabiduria-de-la-comunidad-mayor-volumen-2\/ambicion","title":{"rendered":"La ambici\u00f3n"},"content":{"rendered":"<div><!-- Versi\u00f3n espa\u00f1ola 1.2 --><\/div>\n\n<div class=\"tabgroup \"><ul class=\"tabs\"><li><a href=\"#tabs-1\">Acerca de<\/a><\/li>\n<li><a href=\"#tabs-2\">M\u00e1s<\/a><\/li><\/ul>\n <div id=\"tabs-1\"><br \/>\n<em>Como le fue revelado a<br \/>\nMarshall Vian Summers<br \/>\nel 26 de enero de 1992<br \/>\nen Boulder, Colorado, Estados Unidos<\/em><\/p>\n<div class=\"toggle toggle-white\"><h4 class=\"trigger \"><span class=\"t_ico\"><\/span><a href=\"#\">M\u00e1s informaci\u00f3n sobre este texto<\/a><\/h4><div class=\"toggle_container \"><br \/>\n<p>Lo que est\u00e1s leyendo en este texto es la transcripci\u00f3n de la voz original de la Asamblea Ang\u00e9lica hablando a trav\u00e9s del Mensajero Marshall Vian Summers.<\/p>\n<p>Aqu\u00ed, la comunicaci\u00f3n original de Dios, que existe m\u00e1s all\u00e1 de las palabras, es traducida al lenguaje y el entendimiento humanos por la Asamblea Ang\u00e9lica que supervisa el mundo. La Asamblea despu\u00e9s entrega el Mensaje de Dios a trav\u00e9s del Mensajero, tras lo cual es transcrito y puesto a tu disposici\u00f3n y a disposici\u00f3n de todos.<\/p>\n<p>En este extraordinario proceso, la Voz de la Revelaci\u00f3n est\u00e1 hablando de nuevo. La Palabra y el Sonido est\u00e1n en el mundo. Que puedas ser el receptor de este regalo de Revelaci\u00f3n y puedas estar abierto a recibir su Mensaje \u00fanico para ti y para tu vida.<\/p>\n<br \/>\n<\/div><\/div>\n<p><\/div>\n<div id=\"tabs-2\"><\/p>\n<div class=\"panel-10 text-align-center\"><img decoding=\"async\" class=\"aligncenter size-full \" src=\"https:\/\/www.newmessage.org\/wp-content\/uploads\/2011\/10\/WV2-english-nkl-250px.jpg\" alt=\"Wisdom from the Greater Community, volume 2\" \/><\/div>\n<div class=\"text-align-center\"><a class='simple_button_link ' style='background-color: #4f8fd6' href='http:\/\/newknowledgelibrary.org\/books\/wisdom-from-the-greater-community-volume-2\/'   ><span>Pide el libro (en ingl\u00e9s)<\/span><\/a><\/div>\n<div class=\"text-align-center text font-size-12 margin-top-10\">Volumen 5 &gt; Sabidur\u00eda de la Comunidad Mayor, Volumen 2 &gt; Cap\u00edtulo 1<\/div>\n<p><\/div>\n\t\t\t\t<div align=\"right\">\n\t\t\t<div class=\"fb-like\" data-href=\"\" data-layout=\"button_count\" data-action=\"like\" data-show-faces=\"false\" data-share=\"false\"><\/div>\n\t\t\t<div class=\"fb-share-button\" data-layout=\"button_count\"> <\/div>\n\t\t\t<div class=\"fb_iframe_widget\"><a href=\"https:\/\/twitter.com\/godsnewmessage?ref_src=twsrc%5Etfw\" class=\"twitter-follow-button\" data-show-count=\"false\">Follow @godsnewmessage<\/a><script async src=\"https:\/\/platform.twitter.com\/widgets.js\" charset=\"utf-8\"><\/script><\/div>\n\t\t\t<\/div> <\/div> \n\n<p>Es maravilloso alcanzar objetivos personales y adquirir cosas. Es maravilloso, pero solo durante un breve tiempo. Asegurar estas cosas conlleva un gran precio, parte del cual lo pagas al principio y parte despu\u00e9s. El precio puede cuantificarse en t\u00e9rminos de tensi\u00f3n, deshonestidad, deseo, codicia u otros problemas y errores semejantes que pueden acompa\u00f1ar la consecuci\u00f3n de cualquier objetivo, incluso si se trata de uno valioso. Pero el mayor precio de los objetivos y adquisiciones personales es que te desconectan del Conocimiento dentro de ti. Aqu\u00ed tus preocupaciones eclipsan tu verdadera determinaci\u00f3n, tus verdaderas inclinaciones y tu voz interna, la cual te est\u00e1 hablando a lo largo del d\u00eda para ayudar a guiarte y protegerte y para aconsejarte en asuntos grandes y peque\u00f1os.<\/p>\n<p>Es maravilloso tener ese momento de logro en el que te dices: \u201c\u00a1Me propuse hacer esto y lo he hecho!\u201d \u00bfPero cu\u00e1nto dura ese momento? \u00bfY qu\u00e9 trae consigo? \u00bfNo llega despu\u00e9s la ansiedad de c\u00f3mo proteger o expandir esa adquisici\u00f3n o ese logro? \u00bfNo trae consigo un vac\u00edo que te hace sentir que debes establecer un nuevo objetivo, un nuevo lugar que alcanzar, algo nuevo por lo que esforzarte? Tu \u00e9xito aqu\u00ed es muy breve y r\u00e1pidamente es reemplazado por nuevas preguntas y nuevas ansiedades.<\/p>\n<p>S\u00ed, puede que recibas mucho \u00e1nimo del mundo y puede que mucha gente aplauda tus logros, pero \u00bfcu\u00e1nto dura el placer de esto? Sin duda solo unos momentos. \u00bfY es un placer hincharte de orgullo cuando otros te reconocen por tus grandes esfuerzos? \u00bfEs un placer recibir cumplidos cuando tus necesidades y tu propio cuestionamiento interno todav\u00eda no han sido satisfechos? Por tanto, te dispones a esforzarte de nuevo, haciendo frente a muchas adversidades, planeando, trabajando fervientemente para alcanzar otra cima, que te dar\u00e1 solo un placer y sentido de satisfacci\u00f3n moment\u00e1neos. En efecto, considera los costes, tanto ahora como despu\u00e9s del logro si este lo consigues, y luego comp\u00e1ralos con el placer o la satisfacci\u00f3n que se cosechan como resultado.<\/p>\n<p>Si puedes mirar esto con honestidad y claridad, usando tu propia vida como demostraci\u00f3n as\u00ed como la demostraci\u00f3n de otros, sin duda ver\u00e1s qu\u00e9 vana y desesperada b\u00fasqueda es esta, qu\u00e9 poco se consigue que sea duradero y significativo y qu\u00e9 poca felicidad se genera en el mundo. Incluso si has buscado lograr algo y lo has hecho de la manera m\u00e1s \u00e9tica posible, sin causar perjuicios o da\u00f1os a los dem\u00e1s, \u00bfqu\u00e9 te ha costado? \u00bfNo se te ha pasado la vida \u2014los simples placeres y el asombro momento a momento, perdidos mientras estabas implicado intensamente en conseguir tu objetivo\u2014? Y mientras intentas ahora alcanzar tu siguiente objetivo, \u00bfno eres dolorosamente consciente de que est\u00e1s perdiendo algo? \u00bfNo eres dolorosamente consciente de que quiz\u00e1s esta \u00faltima b\u00fasqueda no vale realmente la pena? Quiz\u00e1 tener o poseer esa cosa o esa nueva habilidad realmente no es un logro tan grande despu\u00e9s de todo.<\/p>\n<p>Debes considerar estas preguntas, y las considerar\u00e1s especialmente en momentos de decepci\u00f3n y cuando el \u00e9xito, si lo logras, es seguido por el vac\u00edo y el cuestionamiento lleno de temor: \u201c\u00bfQu\u00e9 deber\u00eda hacer ahora? \u00bfQu\u00e9 queda para m\u00ed?\u201d De hecho, si no conseguiste el objetivo te quedas con el cuestionamiento. Al principio, quiz\u00e1 cuestionar\u00e1s tu valor o el valor de otros con los que est\u00e1s implicado. Pero si eres honesto, acabar\u00e1s cuestionando tus propias prioridades y motivaciones. \u00bfQu\u00e9 te llev\u00f3 a iniciar esta b\u00fasqueda? \u00bfQu\u00e9 te mantiene en ella? \u00bfEs realmente valioso? \u00bfEs realmente lo que viniste a hacer aqu\u00ed? Estas preguntas fundamentales son respondidas por una experiencia \u2014una experiencia que al principio puede ser bastante dolorosa, como a veces es doloroso tocar algo que ha estado aguardando durante mucho tiempo\u2014. Pero el dolor de esto es reemplazado r\u00e1pidamente por una mayor percepci\u00f3n interna y una realineaci\u00f3n dentro de ti una vez que das con una verdad esencial. Estas experiencias son el resultado de momentos de introspecci\u00f3n, a menudo iniciados por graves decepciones y completados en tiempos de reevaluaci\u00f3n.<\/p>\n<p>Para moverte en una nueva direcci\u00f3n, para avanzar hacia el descubrimiento de la profundidad y el prop\u00f3sito verdaderos de tu vida, debes alejarte de la ambici\u00f3n. Aqu\u00ed, una de las primeras cosas que te confronta es la pregunta: \u201c\u00bfQu\u00e9 hago ahora?\u201d como si lo que haces representase lo que eres. Para muchas personas esta gran desorientaci\u00f3n est\u00e1 cargada de ansiedad y del temor de que, sin todos sus objetivos personales, no conseguir\u00e1n nada ni ocurrir\u00e1 nada, y que no habr\u00e1 felicidad, ni logro, ni valor, ni relaciones \u2014solo vac\u00edo y desesperaci\u00f3n\u2014. As\u00ed ser\u00eda si el Conocimiento no viviera dentro de ti. Si el Conocimiento no estuviera contigo, todo tu valor se derivar\u00eda de lo que haces y lo que posees. Pero el Conocimiento vive dentro de ti, una realidad viviente m\u00e1s all\u00e1 de tus deseos y miedos personales, m\u00e1s all\u00e1 de tu ambici\u00f3n personal y tu ansiedad personal, m\u00e1s all\u00e1 incluso de tu individualidad. Vive dentro de ti. Es grande. Est\u00e1 quieto.<\/p>\n<p>El Conocimiento est\u00e1 viviendo dentro de ti, pero como sucede con tu coraz\u00f3n que est\u00e1 latiendo y tus \u00f3rganos que est\u00e1n funcionando, no eres consciente de \u00e9l. A lo largo de tu vida, tu cuerpo funciona con muy poca conciencia de tu parte, con muy poca apreciaci\u00f3n y muy poco entendimiento. Con el Conocimiento sucede lo mismo. Est\u00e1 trabajando en ti cada minuto, pero pasa desapercibido porque no forma parte de tus planes y ambiciones. No forma parte de tu esfuerzo para adquirir cosas, ser alguien y defenderte de la p\u00e9rdida. Pasa desapercibido. Pero incluso en este estado est\u00e1 sirvi\u00e9ndote. Aunque la mayor parte de este servicio es ignorado, el Conocimiento sigue protegi\u00e9ndote y en ocasiones eclipsar\u00e1 hasta tus prerrogativas personales para poder salvarte de una gran calamidad. Pero no irrumpe en tu vida personal. Simplemente lleva a cabo su funci\u00f3n para protegerte, sostenerte y moverte en la direcci\u00f3n de la autorrealizaci\u00f3n. Es una Mente Mayor dentro de ti.<\/p>\n<p>As\u00ed que, mientras est\u00e1s ocupado con tus planes, tus objetivos, tus miedos, tus ansiedades y todas las fantas\u00edas e ideas que estos conllevan, el Conocimiento vive dentro de ti. La decepci\u00f3n te lleva al Conocimiento porque, incluso si es solo por un breve instante, la decepci\u00f3n ilustra la futilidad de muchas de tus b\u00fasquedas. Esto te lleva a hacer una pausa para reconsiderar tus motivos e intentos primarios. Esta reevaluaci\u00f3n, a su vez, puede conducirte a experimentar algo nuevo que ha estado dentro de ti todo el tiempo.<\/p>\n<p>Este descubrimiento te apunta en una direcci\u00f3n diferente, una direcci\u00f3n en la que pocos han viajado. Por tanto, es misteriosa. Pero su sendero no es desconocido, porque hay individuos que han recorrido ese camino, y aunque cometieron muchos errores en su viaje, ellos pavimentaron un camino para ti. Para moverte en esta direcci\u00f3n la ambici\u00f3n no puede acompa\u00f1arte, porque al principio no sabr\u00e1s a d\u00f3nde est\u00e1s yendo, qu\u00e9 har\u00e1s o incluso porqu\u00e9 lo haces. Aunque puedes asignar razones personales para justificar tu involucraci\u00f3n, tus justificaciones y definiciones tarde o temprano demostrar\u00e1n ser inadecuadas para justificar por qu\u00e9 est\u00e1s eligiendo este camino.<\/p>\n<p>Al elegir el Camino del Conocimiento entras en el Misterio. A elegir el camino de la ambici\u00f3n sigues las ambiciones de otros. Aqu\u00ed tendr\u00e1s mucha compa\u00f1\u00eda. Conforme sigas tus propias ambiciones, te juzgar\u00e1s a ti mismo y a otros con mucha severidad, llamando a este grupo \u201cganadores\u201d y a ese grupo \u201cperdedores\u201d, a este grupo \u201cbueno\u201d y a ese grupo \u201cmalo\u201d, intentando mientras tanto estar en el grupo ganador.<\/p>\n<p>Para elegir un camino diferente, primero debes detenerte \u2014detener el esfuerzo interminable de tener esto y de ser aquello, de lograr esto y de evitar aquello\u2014. Debes dejar de empujarte a ti mismo y estar en quietud durante un tiempo, hasta que puedas sentir que hay para ti una diferente direcci\u00f3n que tomar. Esto inicia un periodo de fusi\u00f3n cr\u00edtica. Durante cierto tiempo estar\u00e1s deambulando en el desierto, por as\u00ed decir, sin certidumbre sobre a d\u00f3nde est\u00e1s yendo o qu\u00e9 est\u00e1s haciendo. Pero realmente est\u00e1s yendo a alguna parte, si no interfieres.<\/p>\n<p>El verdadero camino no es el camino de la ambici\u00f3n personal, por tanto desaf\u00eda la definici\u00f3n. Todos los que han recorrido este camino han pasado por un periodo de deambulaci\u00f3n, chocando contra cosas, sin certidumbre sobre a d\u00f3nde est\u00e1n yendo y por qu\u00e9 est\u00e1n yendo all\u00ed. Nadie puede mapear esta parte del viaje. Bajo la luz de tus antiguas ambiciones y de todos los est\u00e1ndares y valores que las acompa\u00f1aban, puede que parezcas bastante est\u00fapido \u2014est\u00fapido y tonto, como un alma perdida\u2014. Pero no est\u00e1s perdido. No est\u00e1s tan perdido como lo estabas antes, cuando estabas luchando contigo mismo todos los d\u00edas, forz\u00e1ndote a someterte para tener, hacer y ser todas esas cosas que pensabas que eran necesarias para tu felicidad. Entonces estabas perdido, porque no estabas disponible para el Conocimiento. Incluso si valorabas la honestidad, antes no pod\u00edas ser completamente honesto contigo mismo, porque no pod\u00edas sentir tus inclinaciones m\u00e1s profundas. Solo pod\u00edas malinterpretarte a ti mismo y a los dem\u00e1s.<\/p>\n<p>Ahora te sientes m\u00e1s honesto pero menos seguro. Ahora tal vez te sientes m\u00e1s conectado contigo mismo, pero tendr\u00e1s menos definiciones por las que vivir. Este no es un tiempo para tomar muchas decisiones. Es un tiempo para permanecer abierto y mantener una vida simple \u2014involucraciones simples y un empleo simple\u2014. Este es el tiempo para mantenerte sin una relaci\u00f3n primaria si est\u00e1s soltero. Es un tiempo para abstenerte de cambiar una relaci\u00f3n primaria si est\u00e1s en una. Es un tiempo de reevaluaci\u00f3n interna. Pero no es un proceso mental.<\/p>\n<p>Mientras deambulas en apariencia, encontrar\u00e1s con el tiempo que en verdad est\u00e1s siguiendo una cierta direcci\u00f3n, y que hay ciertas pistas a lo largo del camino, as\u00ed como peque\u00f1as referencias y cosas que te est\u00e1n ayudando. Aunque tu camino est\u00e1 todav\u00eda muy mal definido y es en apariencia incomprensible, est\u00e1s realmente movi\u00e9ndote en una cierta direcci\u00f3n.<\/p>\n<p>El error que las personas cometen aqu\u00ed es que intentan llevar sus ambiciones a la situaci\u00f3n. Ahora piensan que van a alcanzar alturas espirituales. Ahora piensan que van a tener relaciones espirituales. Ahora piensan que van a tener riqueza espiritual, poder espiritual y prestigio espiritual. Cuando esto ocurre, las personas se redefinen a s\u00ed mismas de nuevo y se pierden. Ahora est\u00e1n doblemente perdidas, porque piensan que est\u00e1n haciendo algo muy genuino cuando, en realidad, est\u00e1n simplemente actuando desde sus ambiciones una vez m\u00e1s. Ahora es m\u00e1s dif\u00edcil reconocerlo, porque todo puede parecer muy edificante. Pero esto no es diferente de la persona que est\u00e1 buscando conseguir un mill\u00f3n de d\u00f3lares. Simplemente parece m\u00e1s edificante, y por tanto es m\u00e1s dif\u00edcil comprender que no es sino otra forma de autoenga\u00f1o.<\/p>\n<p>Si puedes mantener la ambici\u00f3n a raya y permanecer en un estado de no saber y falta de certidumbre, entonces tu camino se revelar\u00e1 y lo seguir\u00e1s lentamente. A medida que contin\u00faes, reconocer\u00e1s que est\u00e1s siguiendo una cierta direcci\u00f3n y que est\u00e1s yendo all\u00ed por prop\u00f3sitos que puedes experimentar incluso si a\u00fan no puedes definirlos. Tambi\u00e9n descubrir\u00e1s que no est\u00e1s viajando solo, porque llegar\u00e1n compa\u00f1eros para unirse a ti. Si aqu\u00ed puedes abstenerte de la ambici\u00f3n y la autodefinici\u00f3n, entonces te mover\u00e1s m\u00e1s poderosamente, y el Conocimiento dentro de ti ser\u00e1 cada vez m\u00e1s una fuente de direcci\u00f3n, inspiraci\u00f3n y protecci\u00f3n que puedes experimentar. Sin tu intento de usar y dirigir tu vida, el Conocimiento emerger\u00e1. Esto no significa que seas d\u00e9bil o pasivo. Solo significa que est\u00e1s prestando atenci\u00f3n a algo mayor. Aqu\u00ed tomas tu anterior autodeterminaci\u00f3n y la aplicas a tu deseo de tener el Conocimiento y vivir una vida de mayor verdad. Ese es el compromiso. Si sigues esto honesta y sinceramente y est\u00e1s dispuesto a trabajar por ello, entonces podr\u00e1s generar suficiente energ\u00eda para avanzar en el Camino del Conocimiento.<\/p>\n<p>Durante este tiempo de transici\u00f3n, todo es redefinido. Pero muchas cosas no se definen durante mucho tiempo. Este es un periodo en el que debes encontrar libertad respecto a tus propias definiciones de ti mismo, lo cual es una clase muy real de libertad. Debes liberarte de todas tus creencias y suposiciones sobre el mundo y sobre otras personas, as\u00ed como de todos los juicios y quejas que acompa\u00f1an a estas creencias y suposiciones. Esta es una libertad que puedes experimentar. Solo entonces, una vez que has viajado lo suficiente en esta direcci\u00f3n, puedes comenzar a ver realmente que la ambici\u00f3n es una forma de infierno personal para la gente. Tanto si ganan como si pierden en sus grandes b\u00fasquedas, hay poco deleite, poca empat\u00eda con la vida, poca afinidad con otros y poca satisfacci\u00f3n. Todo ello llega a parecer muy tr\u00e1gico.<\/p>\n<p>A medida que recorras el Camino del Conocimiento de la Comunidad Mayor ver\u00e1s, particularmente en las vidas de otros que te inspiran, que se logran grandes cosas cuando la gente est\u00e1 permitiendo que emerja un mayor Conocimiento en su interior y est\u00e1 combinando eso con habilidades pr\u00e1cticas en su campo de empe\u00f1o. Esto produce algo de valor duradero. Su actividad les consume, pero de una manera diferente. Ver\u00e1s que a veces consiguieron algunas recompensas y reconocimiento por sus logros, pero frecuentemente no. Ellos estaban siguiendo otra cosa. Estaban participando en una Mayor Realidad para conseguir algo. A veces produjeron cosas de valor pr\u00e1ctico. A veces solo produjeron Misterio. Sus objetivos personales no eran la fuerza motivante. Su deseo de hacer algo, ser algo y tener algo no era la fuente de su poder. No estaban involucrados por eso. S\u00ed, en la mayor\u00eda de los casos estaban implicadas algunas de sus propias ambiciones personales, pero no eran predominantes. La ambici\u00f3n personal nunca ha creado nada de valor en el mundo. Solo una mayor iniciativa, nacida del Conocimiento dentro de los individuos y combinada con el Conocimiento de otros que est\u00e1n trabajando en concierto con ellos, puede producir algo de mayor valor.<\/p>\n<p>Para aquellos que han elegido el Camino del Conocimiento y est\u00e1n la fase de \u201cdeambular por el desierto\u201d, hay poca garant\u00eda de que vayan a producir algo de valor para alguien en alg\u00fan momento. No hay garant\u00eda de \u00e9xito. No hay fama, ni gloria, ni riqueza. Ellos no conseguir\u00e1n amor ni dinero. No sabr\u00e1n lo que van a sacar de la situaci\u00f3n. Lo est\u00e1n haciendo solo porque deben hacerlo. O bien su vida anterior prob\u00f3 ser demasiado dolorosa, o bien experimentaron la llamada de algo diferente \u2014generalmente una combinaci\u00f3n de ambas cosas\u2014. Lo que ellos producir\u00e1n, no pueden decirlo. Qui\u00e9nes ser\u00e1n, no pueden decirlo. Qu\u00e9 tendr\u00e1n, no pueden decirlo. Ahora depende del Poder Mayor. Ellos est\u00e1n ah\u00ed, dispuestos a continuar con cualquier cosa que sea necesaria. Ellos est\u00e1n verdaderamente motivados. Su resultado est\u00e1 m\u00e1s all\u00e1 de ellos. Ahora pueden ser participantes primarios en el logro de un resultado concreto o un resultado misterioso, cualquiera que pueda ser, pero ellos no saben lo que est\u00e1n creando. Ahora solo est\u00e1n participando en la creaci\u00f3n. Ahora tienen una mayor promesa. Aun as\u00ed, hay muchos peligros a lo largo del camino. Pueden cometer muchos errores, particularmente si intentan recuperar el control y determinar la naturaleza y la direcci\u00f3n de su b\u00fasqueda. Pero si no hacen esto, llegar\u00e1n a descubrir la realidad del Conocimiento, la direcci\u00f3n del Conocimiento y la expresi\u00f3n del Conocimiento en sus vidas individuales.<\/p>\n<p>Para experimentar el Conocimiento debes seguir al Conocimiento. Para valorar el Conocimiento debes seguir al Conocimiento. Para comprender el Conocimiento debes seguir al Conocimiento. No puedes permanecer apartado del Conocimiento y tener alg\u00fan entendimiento de \u00e9l. No puedes decir certeramente: \u201cBueno, tuve una experiencia de intuici\u00f3n y eso es todo lo que es.\u201d El Conocimiento es mayor, mucho mayor. Debes seguirlo para conocerlo. Y para conocerlo tendr\u00e1s que proceder sin ambici\u00f3n.<\/p>\n<p>Para comenzar este viaje, tus propias ambiciones deben fallarte. En realidad, no fallan. Simplemente comienzas a comprender lo que son y lo que producen. Esto parece un fracaso, porque piensas que sin tus ambiciones no eres nada y no est\u00e1s yendo a ninguna parte. Por tanto, la experiencia de fracaso acompa\u00f1a a esta gran reestructuraci\u00f3n de tu vida. A medida que procedes, una Mente Mayor dentro de ti comienza a emerger, y esta ser\u00e1 la fuente de tu direcci\u00f3n, tu logro y tu significado. Esto no es algo que puedas encontrar. Solo puedes participar y aprender a medida que avanzas.<\/p>\n<p>Qu\u00e9 simple y aun as\u00ed qu\u00e9 dif\u00edcil es esto para las personas que, debido a que est\u00e1n disociadas de Dios, est\u00e1n intentando ser Dios en sus propias vidas. O bien ellas toman obstinadamente el control de sus vidas, o bien renuncian en sumisi\u00f3n a una idea de Dios, un Dios distante, un Dios que no las aconsejar\u00e1. Ambos extremos, incluyendo todas las posiciones intermedias, est\u00e1n gobernados por la ambici\u00f3n. La persona dominante est\u00e1 dispuesta a ser responsable. El seguidor sumiso no est\u00e1 dispuesto a ser responsable. Pero ambos est\u00e1n en la misma categor\u00eda debido a lo que les motiva.<\/p>\n<p>Para saber que el Conocimiento es real, para entender su presencia y su expresi\u00f3n en tu vida, debes seguirlo \u2014no pensando que lo har\u00e1 todo por ti, sino comprendiendo que te indicar\u00e1 las cosas que debes hacer\u2014. Te mover\u00e1 hacia ciertas cosas y te alejar\u00e1 de otras. Ofrecer\u00e1 una oportunidad de que nuevas personas se unan a ti y las antiguas se vayan. Esto sucede sin ambici\u00f3n.<\/p>\n<p>Piensa en la ambici\u00f3n as\u00ed: Es un intento de hacer que la separaci\u00f3n funcione. Es un intento de hacer que tu yo individual y autocreado sea satisfactorio. Este intento debe fracasar para que comiences a ver que tienes una vida mayor, una vida que existe sin tu autodefinici\u00f3n pero que necesita tu asistencia y toda tu energ\u00eda para su expresi\u00f3n. Esta es una nueva vida, un nuevo impulso, una nueva motivaci\u00f3n. Es rara porque pocas personas la han emprendido. Es grande porque se extiende m\u00e1s all\u00e1 de los l\u00edmites de la ambici\u00f3n humana. Es misteriosa porque su fuente est\u00e1 m\u00e1s all\u00e1 del mundo. Es provechosa porque produce un mayor resultado y genera satisfacci\u00f3n en la gente.<\/p>\n<p>La pr\u00f3xima vez que te preguntes \u201c\u00bfQu\u00e9 es realmente lo que quiero?\u201d hazte una pregunta diferente. Preg\u00fantate: \u201c\u00bfQu\u00e9 buscar\u00eda si no quisiera nada?\u201d Hazte esta pregunta diferente y nuevas preguntas vendr\u00e1n a tu mente. Esta es una clase diferente de cuestionamiento y conduce en una diferente direcci\u00f3n. Si crees que tus intentos de realizarte son satisfactorios, entonces ve a pasar tiempo con personas que est\u00e1n m\u00e1s avanzadas en su b\u00fasqueda que t\u00fa, y ve qu\u00e9 clase de resultados est\u00e1n produciendo. Observa la calidad de sus vidas. Observa el grado de su satisfacci\u00f3n. Mira su capacidad para estar en relaci\u00f3n, para experimentar afinidad y comunidad. \u00bfTe inspiran estas personas o lo que poseen? Para ti no ser\u00e1 diferente. Ganes o pierdas, perder\u00e1s la esencia de la vida. Es por eso que debes elegir de nuevo y hacerte una nueva clase de pregunta a ti mismo.<\/p>\n<p>&nbsp;<\/p>\n","protected":false},"excerpt":{"rendered":"<p>Es maravilloso alcanzar objetivos personales y adquirir cosas. Es maravilloso, pero solo durante un breve tiempo. Asegurar estas cosas conlleva un gran precio, parte del cual lo pagas al principio y parte despu\u00e9s. El precio puede cuantificarse en t\u00e9rminos de tensi\u00f3n, deshonestidad, deseo, codicia u otros problemas y errores semejantes que pueden acompa\u00f1ar la consecuci\u00f3n\u2026 <a class=\"read-more\" href=\"https:\/\/www.v6.newmessage.org\/es\/about-text-shortcode\"><span>Read More<\/span><\/a><\/p>\n","protected":false},"author":1,"featured_media":0,"parent":13223,"menu_order":2,"comment_status":"closed","ping_status":"closed","template":"template-leftsidebar.php","meta":{"_monsterinsights_skip_tracking":false,"_monsterinsights_sitenote_active":false,"_monsterinsights_sitenote_note":"","_monsterinsights_sitenote_category":0,"footnotes":""},"categories":[44,76,77,498,484],"tags":[633,435],"_links":{"self":[{"href":"https:\/\/www.v6.newmessage.org\/es\/wp-json\/wp\/v2\/pages\/1375"}],"collection":[{"href":"https:\/\/www.v6.newmessage.org\/es\/wp-json\/wp\/v2\/pages"}],"about":[{"href":"https:\/\/www.v6.newmessage.org\/es\/wp-json\/wp\/v2\/types\/page"}],"author":[{"embeddable":true,"href":"https:\/\/www.v6.newmessage.org\/es\/wp-json\/wp\/v2\/users\/1"}],"replies":[{"embeddable":true,"href":"https:\/\/www.v6.newmessage.org\/es\/wp-json\/wp\/v2\/comments?post=1375"}],"version-history":[{"count":21,"href":"https:\/\/www.v6.newmessage.org\/es\/wp-json\/wp\/v2\/pages\/1375\/revisions"}],"predecessor-version":[{"id":28497,"href":"https:\/\/www.v6.newmessage.org\/es\/wp-json\/wp\/v2\/pages\/1375\/revisions\/28497"}],"up":[{"embeddable":true,"href":"https:\/\/www.v6.newmessage.org\/es\/wp-json\/wp\/v2\/pages\/13223"}],"wp:attachment":[{"href":"https:\/\/www.v6.newmessage.org\/es\/wp-json\/wp\/v2\/media?parent=1375"}],"wp:term":[{"taxonomy":"category","embeddable":true,"href":"https:\/\/www.v6.newmessage.org\/es\/wp-json\/wp\/v2\/categories?post=1375"},{"taxonomy":"post_tag","embeddable":true,"href":"https:\/\/www.v6.newmessage.org\/es\/wp-json\/wp\/v2\/tags?post=1375"}],"curies":[{"name":"wp","href":"https:\/\/api.w.org\/{rel}","templated":true}]}}