{"id":1310,"date":"2011-10-28T13:57:40","date_gmt":"2011-10-28T20:57:40","guid":{"rendered":"http:\/\/wp.www.newmessage.org\/?p=1310"},"modified":"2016-01-08T18:35:03","modified_gmt":"2016-01-08T18:35:03","slug":"tu-relacion-con-el-mundo","status":"publish","type":"page","link":"https:\/\/www.v6.newmessage.org\/es\/el-mensaje\/volumen-2\/relaciones-y-proposito-superior\/tu-relacion-con-el-mundo","title":{"rendered":"Tu relaci\u00f3n con el mundo"},"content":{"rendered":"<div><!-- 4.0 --><\/div>\n\n<div class=\"tabgroup \"><ul class=\"tabs\"><li><a href=\"#tabs-1\">Acerca de<\/a><\/li>\n<li><a href=\"#tabs-2\">M\u00e1s<\/a><\/li><\/ul>\n <div id=\"tabs-1\"><br \/>\n<em>Como le fue revelado a<br \/>\nMarshall Vian Summers<br \/>\nel 1 de enero de 1989<br \/>\nen Albany, New York, Estados Unidos<\/em><\/p>\n<p>Texto original:\u00a0<a href=\"https:\/\/www.newmessage.org\/the-message\/volume-2\/relationships-higher-purpose\/your-relationship-with-the-world\">Your Relationship with the World<\/a><\/p>\n<div class=\"toggle toggle-white\"><h4 class=\"trigger \"><span class=\"t_ico\"><\/span><a href=\"#\">M\u00e1s informaci\u00f3n sobre este texto<\/a><\/h4><div class=\"toggle_container \"><br \/>\n<p>Lo que est\u00e1s leyendo en este texto es la transcripci\u00f3n de la voz original de la Asamblea Ang\u00e9lica hablando a trav\u00e9s del Mensajero Marshall Vian Summers.<\/p>\n<p>Aqu\u00ed, la comunicaci\u00f3n original de Dios, que existe m\u00e1s all\u00e1 de las palabras, es traducida al lenguaje y el entendimiento humanos por la Asamblea Ang\u00e9lica que supervisa el mundo. La Asamblea despu\u00e9s entrega el Mensaje de Dios a trav\u00e9s del Mensajero, tras lo cual es transcrito y puesto a tu disposici\u00f3n y a disposici\u00f3n de todos.<\/p>\n<p>En este extraordinario proceso, la Voz de la Revelaci\u00f3n est\u00e1 hablando de nuevo. La Palabra y el Sonido est\u00e1n en el mundo. Que puedas ser el receptor de este regalo de Revelaci\u00f3n y puedas estar abierto a recibir su Mensaje \u00fanico para ti y para tu vida.<\/p>\n<br \/>\n<\/div><\/div>\n<p><\/div>\n<div id=\"tabs-2\"><\/p>\n<div class=\"panel-10 text-align-center\"><img decoding=\"async\" class=\"aligncenter size-full \" src=\"https:\/\/www.newmessage.org\/wp-content\/uploads\/2011\/10\/RHP-Cover-blk-250px.jpg\" alt=\"Relationships and Higher Purpose\" \/><\/div>\n<div class=\"text-align-center\"><a class='simple_button_link ' style='background-color: #4f8fd6' href='http:\/\/newknowledgelibrary.org\/books\/relationships-and-higher-purpose\/'   ><span>Pide el libro (en ingl\u00e9s)<\/span><\/a><\/div>\n<div class=\"text-align-center text font-size-12 margin-top-10\">Volumen 2 &gt; Relaciones y Prop\u00f3sito Superior &gt; Cap\u00edtulo 4<\/div>\n<p><\/div>\n\t\t\t\t<div align=\"right\">\n\t\t\t<div class=\"fb-like\" data-href=\"\" data-layout=\"button_count\" data-action=\"like\" data-show-faces=\"false\" data-share=\"false\"><\/div>\n\t\t\t<div class=\"fb-share-button\" data-layout=\"button_count\"> <\/div>\n\t\t\t<div class=\"fb_iframe_widget\"><a href=\"https:\/\/twitter.com\/godsnewmessage?ref_src=twsrc%5Etfw\" class=\"twitter-follow-button\" data-show-count=\"false\">Follow @godsnewmessage<\/a><script async src=\"https:\/\/platform.twitter.com\/widgets.js\" charset=\"utf-8\"><\/script><\/div>\n\t\t\t<\/div> <\/div> \n\n<p>Tu relaci\u00f3n con el mundo es muy importante para tu avance debido a que has venido a servir al mundo en su evoluci\u00f3n.\u00a0Tu contribuci\u00f3n individual puede ser muy peque\u00f1a en el gran esquema de las cosas, pero, no obstante, es esencial y significativa.\u00a0Se te envi\u00f3 a dar algo al mundo.\u00a0En \u00faltima instancia, tus relaciones con los dem\u00e1s est\u00e1n destinadas a servir a la mayor relaci\u00f3n que tienes con el mundo.<\/p>\n<p>El mundo es un entorno f\u00edsico y tambi\u00e9n un entorno mental.\u00a0Es un lugar de objetos en movimiento y ambiente de fuerzas mentales.\u00a0En cierto modo, el mundo es una demostraci\u00f3n mucho m\u00e1s grande de lo que eres individualmente, ya que tambi\u00e9n tiene un cuerpo, una mente y una naturaleza espiritual.\u00a0Es solo alguien mayor que t\u00fa.\u00a0Si la mente del mundo, la mente colectiva de las personas, usa mal el cuerpo del mundo, la capacidad del mundo para apoyar a la familia humana se ver\u00e1 reducida, deteriorada y finalmente destruida.\u00a0Si te fijas en la actividad de la gente en el medioambiente, ver\u00e1s que esto se demuestra de muchas maneras. T\u00fa debes aprender a cuidar el mundo como un entorno de aprendizaje.\u00a0En este sentido, te das cuenta de tu relaci\u00f3n con el mundo.<\/p>\n<p>Mientras est\u00e9s lejos de tu Antiguo Hogar, el mundo es tu hogar.\u00a0Es tu peque\u00f1o hogar, temporal.\u00a0Te sirve a trav\u00e9s de su demostraci\u00f3n tanto de la verdad como del error, al igual que tus relaciones con los dem\u00e1s.\u00a0Te proporciona el entorno en el que puedes recuperar tu Conocimiento y contribuir con tus regalos, al igual que tus relaciones con los dem\u00e1s.\u00a0Requiere que seas objetivo y uses el discernimiento y la sabidur\u00eda, al igual que en tus relaciones con los dem\u00e1s.\u00a0Requiere que tengas una mayor comprensi\u00f3n de tus propias relaciones, al igual que en tus relaciones con los dem\u00e1s.<\/p>\n<p>Todo lo que haces para otro y pensando en su bienestar, sirve al mundo.\u00a0As\u00ed el mundo, en un momento dado, refleja el equilibrio cambiante entre las fuerzas del bien y las fuerzas del conflicto.\u00a0El estado del mundo refleja el impacto de las fuerzas de la evoluci\u00f3n humana y de las fuerzas que se oponen a ella.\u00a0El estado del mundo refleja los resultados de las contribuciones de las personas a los dem\u00e1s frente a los resultados de sus intereses ego\u00edstas.\u00a0En un sentido acumulativo esto es cierto.<\/p>\n<p>Al empezar a pensar en tu relaci\u00f3n con el mundo, te dar\u00e1s cuenta que t\u00fa quieres dar algo al mundo.\u00a0Sin embargo es probable que t\u00fa no sepas todav\u00eda lo que es, aunque es posible que tengas algunas pistas importantes.\u00a0Es probable, si ya est\u00e1s pensando en contribuir al mundo, que est\u00e9s muy agradecido con el mundo por lo que te ha dado.\u00a0Tal vez tu gratitud no es todav\u00eda grande, pero ser\u00e1 cada vez mayor a medida que reconoces el servicio del mundo para ti.<\/p>\n<p>Al igual que en tus relaciones con los dem\u00e1s, el mundo te est\u00e1 mostrando todo lo que necesitas saber. La diferencia aqu\u00ed es que puede ser m\u00e1s dif\u00edcil relacionarse personalmente con el mundo.\u00a0El mundo no tiene la mente personal de un individuo.\u00a0Tiene una mente colectiva, que es una mente impersonal.\u00a0Su valor aqu\u00ed es muy especial para ti, porque te demuestra que t\u00fa tambi\u00e9n debes descubrir tu mente impersonal, que es la mente m\u00e1s grande del Conocimiento dentro de ti. El descubrimiento de esta mente mayor dentro de ti mismo te permite convertirte en un contribuyente real en la vida.\u00a0Dios tiene una mente impersonal, porque Dios no es una persona. La mente detr\u00e1s de tu mente es una mente impersonal, porque detr\u00e1s de tu mente no eres una persona.\u00a0Ser una persona es un papel que desempe\u00f1as en el mundo.\u00a0Esto es muy importante, pero no es la Realidad Mayor.<\/p>\n<p>Cuando aprendas a experimentar afinidad con los dem\u00e1s, tendr\u00e1s acceso a tu mente impersonal, y ver\u00e1s que contiene un amor mayor, una contribuci\u00f3n mayor, una comprensi\u00f3n mayor y una expresi\u00f3n mayor que tu mente personal.\u00a0No necesitas crear un complejo sistema de creencias, sino s\u00f3lo entender algunas ideas b\u00e1sicas que son esenciales para el pensamiento y la acci\u00f3n correcta.<\/p>\n<p>El mundo requiere de tu atenci\u00f3n y tu contribuci\u00f3n, al igual que tus relaciones con los dem\u00e1s. Aqu\u00ed tambi\u00e9n debes aprender a dar con discernimiento, eligiendo bien d\u00f3nde vas a dar tu regalo, permite al Conocimiento dirigirte de manera que no des tu regalo donde no estaba destinado a ser entregado.\u00a0Es importante darse cuenta de que no puedes entender tu regalo hasta que ha encontrado su destinatario correcto.\u00a0T\u00fa no puedes encontrar tu regalo dentro de ti mismo.\u00a0T\u00fa no puedes abrir tu regalo para ti mismo.\u00a0Tu regalo emanar\u00e1 de ti una vez que est\u00e9s correctamente comprometido con otros.\u00a0Entonces tu regalo dar\u00e1 de s\u00ed mismo, ya que est\u00e1 dise\u00f1ado para hacer esto.\u00a0Eres como un mensajero con un mensaje secreto que t\u00fa mismo no puedes abrir.\u00a0Sin embargo, una vez que hayas encontrado el destinatario correcto, ellos sabr\u00e1n c\u00f3mo abrirlo, y por lo tanto te revelar\u00e1n a ti su contenido.<\/p>\n<p>Tu realizaci\u00f3n en el mundo est\u00e1 muy ligada a la contribuci\u00f3n correcta de tu regalo.\u00a0La contribuci\u00f3n correcta de tu regalo depende mucho de tu compromiso con los dem\u00e1s.\u00a0Aqu\u00ed puedes comenzar a ver el \u00e9nfasis necesario en las relaciones.\u00a0El mundo necesita tu regalo.\u00a0Se plantean dificultades y obst\u00e1culos, pero \u00e9stos pueden ser sumamente \u00fatiles en ense\u00f1arte el discernimiento que necesitar\u00e1s para ser capaz de encontrar donde se debe dar tu regalo.<\/p>\n<p>Tus relaciones con los dem\u00e1s se basan en el compromiso con el mundo.\u00a0La relaci\u00f3n real depende de la compatibilidad y el compromiso compatible con el mundo. Puedes experimentar una resonancia espiritual con ciertos individuos, pero no ser capaz de participar con ellos.\u00a0Esto es as\u00ed porque la relaci\u00f3n se basa en la compatibilidad y un compromiso compatible con la vida. No se basa en el reconocimiento espiritual.\u00a0El reconocimiento espiritual no es la relaci\u00f3n, es s\u00f3lo reconocimiento.<\/p>\n<p>La relaci\u00f3n est\u00e1 determinada por lo que pod\u00e9is hacer juntos.\u00a0Tu relaci\u00f3n con el mundo se basa en lo que puedes hacer en el mundo.\u00a0No se basa s\u00f3lo en tu forma de ver el mundo.\u00a0Ver el mundo con claridad es muy importante, pero esto no es lo que establece tu relaci\u00f3n con \u00e9l.\u00a0Esto s\u00f3lo inicia tu relaci\u00f3n.\u00a0Una vez iniciada, tu relaci\u00f3n debe establecerse sobre lo que puedes hacer. Es por ello que, junto a las relaciones personales, encontrar tu lugar en el mundo es tan importante.<\/p>\n<p>Respecto a tu relaci\u00f3n con el mundo, tienes una cosa que te puede servir y una cosa que te puede enga\u00f1ar.\u00a0T\u00fa tienes el Conocimiento para servirte y tu idealismo para enga\u00f1arte, al igual que en tus relaciones personales.\u00a0Sin embargo, la simplicidad de esta comprensi\u00f3n la vuelve desafiante.\u00a0En esencia, a m\u00e1s simple el entendimiento de lo que debe hacerse, m\u00e1s dif\u00edcil puede ser conseguirlo.\u00a0Piense en esto.\u00a0La complejidad no requiere mucho de ti, la simplicidad si lo hace.\u00a0La sencillez exige una acci\u00f3n directa, decisiones inmediatas, mayor dominio de ti mismo y un mayor compromiso de renunciar a lo que es inapropiado.\u00a0Lo qu\u00e9 es complejo puede hacer las cosas m\u00e1s vagas.\u00a0Esto te mantiene en un estado de especulaci\u00f3n, que no es un estado de Conocimiento.<\/p>\n<p>El mecanismo del mundo es complejo, pero t\u00fa verdadera funci\u00f3n en el mundo no lo es.\u00a0La esencia del mundo no es compleja.\u00a0La esencia de lo que eres no es compleja.\u00a0Aqu\u00ed hay que distinguir entre los dos reinos de la existencia: el reino de la acci\u00f3n y el reino del Ser. Mec\u00e1nicamente hablando, la acci\u00f3n es compleja.\u00a0Pero lo que dirige la acci\u00f3n y motiva la acci\u00f3n es muy simple.\u00a0Por lo tanto, si tus relaciones son complejas y contradictorias, puedes estar seguro de que todav\u00eda no est\u00e1s apropiadamente involucrado.\u00a0T\u00fa todav\u00eda no has encontrado la persona adecuada en el momento adecuado para la actividad correcta.<\/p>\n<p>T\u00fa prop\u00f3sito espiritual no es necesariamente el trabajo pr\u00e1ctico que haces en el mundo.\u00a0Esto es especialmente cierto en un principio.\u00a0Aqu\u00ed, si eres un estudiante del Conocimiento, el trabajo no es m\u00e1s que una forma de proveerte, mientras te sometes a tu preparaci\u00f3n espiritual.\u00a0Esto es necesario.\u00a0Tambi\u00e9n encontrar\u00e1s que el trabajo por el que te sientes atra\u00eddo puede tener un gran beneficio, sobre todo en el futuro.\u00a0Pero tambi\u00e9n, puede serte muy dif\u00edcil determinar o justificar tus actividades.\u00a0Porque s\u00f3lo cuando llegas al descubrimiento de tu vocaci\u00f3n espiritual, que es un estado avanzado de ser un estudiante del Conocimiento, te ser\u00e1 posible comprender c\u00f3mo todo lo que has hecho ha servido a este avance.\u00a0Es entonces cuando miras a tu pasado y al mundo con gratitud y con un verdadero discernimiento.\u00a0El error es lo que hay que evitar, pero a veces te puede servir.\u00a0No abraz\u00e1ndolo, sino aprendiendo de \u00e9l.<\/p>\n<p>El mundo es un terreno mayor de aprendizaje y tambi\u00e9n un terreno esencial.\u00a0Debido a que el mundo tiene un cuerpo, tu cuerpo se relaciona con el cuerpo del mundo.\u00a0Debido a que el mundo tiene una mente, tu mente se relaciona con la mente del mundo, que es la acumulaci\u00f3n de todo el pensamiento en el mundo.\u00a0Tu Ser tiene una relaci\u00f3n con el Ser del mundo, que es la Presencia de Dios en el mundo.\u00a0Aqu\u00ed mantienes tus actividades f\u00edsicas en el ambiente f\u00edsico, y aprendes a hacer esto con sabidur\u00eda y objetividad.\u00a0Piensas en el ambiente mental, y aprendes a hacer esto con moderaci\u00f3n y discernimiento.\u00a0Espiritualmente funcionas en el ambiente espiritual a medida que permites que tu naturaleza espiritual refleje su mayor poder.<\/p>\n<p>Lo que es f\u00edsico no es mental, y lo que es mental, no es espiritual.\u00a0Esta es una perspectiva esencial.\u00a0Aunque existe una relaci\u00f3n entre estos tres niveles, las leyes que rigen cada uno de ellos son \u00fanicas.\u00a0No es necesario complicar esto.\u00a0Pero, es necesario que veas que debes tratar a la esfera f\u00edsica con objetividad, al reino de la mente con discernimiento y al reino espiritual con devoci\u00f3n.\u00a0De esta forma te acercar\u00e1s a lo que es f\u00edsico de una forma pr\u00e1ctica y a lo que es espiritual con reverencia. Entonces no te confundir\u00e1s.\u00a0T\u00fa ser\u00e1s capaz de tener poder espiritual y ser a la vez una persona funcional en el mundo.\u00a0Ser\u00e1s capaz de tratar con el mundo en los t\u00e9rminos del mundo.\u00a0Ser\u00e1s capaz de lidiar con los pensamientos de los dem\u00e1s en el plano del pensamiento.\u00a0Y ser\u00e1s capaz de tratar con los poderes espirituales en el nivel del poder espiritual.\u00a0De esta forma todas las cosas en tu interior adquieren su orden correcto y natural.\u00a0Entonces t\u00fa ser\u00e1s capaz de percibir el mundo en sus tres dimensiones.\u00a0Esto no requiere una filosof\u00eda o una cosmolog\u00eda compleja.\u00a0S\u00f3lo requiere de ti que mires, veas y sepas.<\/p>\n<p>Aqu\u00ed es importante no intentar tratar a Dios como si fuese un asunto pr\u00e1ctico, porque Dios es misterioso. Al mismo tiempo, no tratar al mundo f\u00edsico como un misterio, porque este es concreto.\u00a0Si puedes hacer estas distinciones, te evitar\u00e1s innumerables formas de autoenga\u00f1o y de errores que impedir\u00e1n tu progreso.\u00a0El mundo es un lugar f\u00edsico, apenas es misterioso.\u00a0Y Dios apenas es concreto.\u00a0Aqu\u00ed, s\u00ed no confundes lo temporal con lo permanente, no confundir\u00e1s lo que necesita servicio con lo que da servicio.\u00a0Te dar\u00e1s cuenta de la relaci\u00f3n correcta con todas las cosas, y como resultado de ello todas las cosas ser\u00e1n bendecidas y servidas.<\/p>\n<p>Tus Maestros Internos est\u00e1n en el mundo, pero no son del mundo.\u00a0T\u00fa est\u00e1s en el mundo pero no eres del mundo.\u00a0Sin embargo, t\u00fa compartes la realidad del mundo porque tienes un cuerpo. Tambi\u00e9n compartes el pensamiento del mundo porque piensas con el mundo.\u00a0Tus Maestros Internos han sido liberados de pensar con el mundo, por lo que pueden pensar con Dios.\u00a0Si t\u00fa puedes aprender a pensar con Dios mientras est\u00e1s en el mundo y sin embargo, permites que tu mente piense con el mundo cuando sea apropiado, te volver\u00e1s un puente entre lo Divino y el mundo.\u00a0Esta es una manera de expresar tu verdadera funci\u00f3n.<\/p>\n<p>Tu mente es el medio, el mundo es el lienzo y Dios es el creador.\u00a0Dentro de esta mayor comprensi\u00f3n, tus naturalezas f\u00edsica, mental y espiritual, son todas confirmadas y llevadas a una correcta relaci\u00f3n entre s\u00ed.\u00a0Este equilibrio es f\u00e1cil de entender pero muy dif\u00edcil de lograr.\u00a0Aqu\u00ed se te da el camino m\u00e1s corto, el camino directo, el camino conveniente.\u00a0Este es el camino que no requiere deliberaci\u00f3n constante, el camino que no requiere estudio y comparaci\u00f3n constante.\u00a0Aqu\u00ed se te muestra la puerta abierta a la verdad.\u00a0Por lo tanto, este es el camino dif\u00edcil, el camino inmediato.\u00a0Se te ofrece esto a fin de ahorrarte tiempo y por lo tanto, sufrimiento.\u00a0Toda felicidad emana del cumplimiento de tu prop\u00f3sito en el mundo.\u00a0Toda tristeza, ira y confusi\u00f3n resulta de la negaci\u00f3n de este prop\u00f3sito.<\/p>\n<p class=\"NMBody\">T\u00fa eres una pieza del rompecabezas.\u00a0El mundo es el tablero en el que se construye el rompecabezas.\u00a0El rompecabezas es el espejo donde se ve el rostro de Dios.\u00a0Cuando experimentas una relaci\u00f3n correcta con cualquier persona, tu pieza individual reflejar\u00e1 el rostro de Dios, al igual que todas las otras piezas individuales.\u00a0Esto es lo que te aguarda en el futuro.\u00a0Ahora, tu tarea es encontrar d\u00f3nde encajas y d\u00f3nde perteneces.\u00a0Una vez que encuentres a las personas adecuadas con el prop\u00f3sito correcto, tu contribuci\u00f3n ser\u00e1 llamada de ti, se dar\u00e1 a s\u00ed misma y comenzar\u00e1s a experimentar el poder y el movimiento espiritual.\u00a0Experimentar\u00e1s prop\u00f3sito, significado y direcci\u00f3n siempre crecientes en tu vida a medida que aceptes y cultives estas relaciones y mientras te dediques a ellas.<\/p>\n<p class=\"quotes\">\n","protected":false},"excerpt":{"rendered":"<p>Tu relaci\u00f3n con el mundo es muy importante para tu avance debido a que has venido a servir al mundo en su evoluci\u00f3n.\u00a0Tu contribuci\u00f3n individual puede ser muy peque\u00f1a en el gran esquema de las cosas, pero, no obstante, es esencial y significativa.\u00a0Se te envi\u00f3 a dar algo al mundo.\u00a0En \u00faltima instancia, tus relaciones con\u2026 <a class=\"read-more\" href=\"https:\/\/www.v6.newmessage.org\/es\/about-text-shortcode\"><span>Read More<\/span><\/a><\/p>\n","protected":false},"author":1,"featured_media":0,"parent":13085,"menu_order":16,"comment_status":"closed","ping_status":"closed","template":"template-leftsidebar.php","meta":{"_monsterinsights_skip_tracking":false,"_monsterinsights_sitenote_active":false,"_monsterinsights_sitenote_note":"","_monsterinsights_sitenote_category":0,"footnotes":""},"categories":[44,469,76,77,467],"tags":[],"_links":{"self":[{"href":"https:\/\/www.v6.newmessage.org\/es\/wp-json\/wp\/v2\/pages\/1310"}],"collection":[{"href":"https:\/\/www.v6.newmessage.org\/es\/wp-json\/wp\/v2\/pages"}],"about":[{"href":"https:\/\/www.v6.newmessage.org\/es\/wp-json\/wp\/v2\/types\/page"}],"author":[{"embeddable":true,"href":"https:\/\/www.v6.newmessage.org\/es\/wp-json\/wp\/v2\/users\/1"}],"replies":[{"embeddable":true,"href":"https:\/\/www.v6.newmessage.org\/es\/wp-json\/wp\/v2\/comments?post=1310"}],"version-history":[{"count":13,"href":"https:\/\/www.v6.newmessage.org\/es\/wp-json\/wp\/v2\/pages\/1310\/revisions"}],"predecessor-version":[{"id":27244,"href":"https:\/\/www.v6.newmessage.org\/es\/wp-json\/wp\/v2\/pages\/1310\/revisions\/27244"}],"up":[{"embeddable":true,"href":"https:\/\/www.v6.newmessage.org\/es\/wp-json\/wp\/v2\/pages\/13085"}],"wp:attachment":[{"href":"https:\/\/www.v6.newmessage.org\/es\/wp-json\/wp\/v2\/media?parent=1310"}],"wp:term":[{"taxonomy":"category","embeddable":true,"href":"https:\/\/www.v6.newmessage.org\/es\/wp-json\/wp\/v2\/categories?post=1310"},{"taxonomy":"post_tag","embeddable":true,"href":"https:\/\/www.v6.newmessage.org\/es\/wp-json\/wp\/v2\/tags?post=1310"}],"curies":[{"name":"wp","href":"https:\/\/api.w.org\/{rel}","templated":true}]}}