{"id":13099,"date":"2014-07-24T22:13:19","date_gmt":"2014-07-24T22:13:19","guid":{"rendered":"http:\/\/www.newmessage.org\/?page_id=13099"},"modified":"2022-12-12T19:44:41","modified_gmt":"2022-12-12T19:44:41","slug":"las-grandes-olas-de-cambio","status":"publish","type":"page","link":"https:\/\/www.v6.newmessage.org\/es\/el-mensaje\/volumen-4\/las-grandes-olas-de-cambio","title":{"rendered":"Las Grandes Olas de cambio"},"content":{"rendered":"<p><em><a href=\"https:\/\/www.newmessage.org\/es\/wp-content\/uploads\/sites\/40\/2014\/07\/GWC_Spanish_cov-e1457325612955.jpg\"><\/a><a href=\"https:\/\/www.newmessage.org\/es\/wp-content\/uploads\/sites\/40\/2014\/07\/GWC_Spanish_cov-e1457325612955.jpg\"><img loading=\"lazy\" decoding=\"async\" class=\"imgborder alignright wp-image-28032\" src=\"https:\/\/www.newmessage.org\/es\/wp-content\/uploads\/sites\/40\/2014\/07\/GWC_Spanish_cov-200x300.jpg\" alt=\"\" width=\"300\" height=\"450\" \/><\/a>Las Grandes Olas de cambio<\/em> presentan una profec\u00eda de los dif\u00edciles tiempos venideros y los pasos que puedes dar para navegar un futuro cada vez m\u00e1s turbulento e incierto.<\/p>\n<p>Frente a tal incertidumbre, <em>Las Grandes Olas de cambio<\/em> presenta un m\u00e9todo revolucionario para ganar certidumbre y direcci\u00f3n en la vida, un proceso \u00fanico que gente de todas partes puede aplicar. Entendiendo las Grandes Olas y conectando con el Conocimiento, la autoridad m\u00e1s profunda dentro de ti, puedes encontrar la fuerza, el coraje y la certidumbre interna para adaptarte y ser un contribuidor, no una v\u00edctima, frente a un mundo que cambia r\u00e1pidamente.<\/p>\n<p><em>Las Grandes Olas de cambio<\/em> es el recurso esencial que cada persona necesita para prepararse a nivel mental, emocional y pr\u00e1ctico para el gran cambio que se avecina. Si suficientes personas pueden llevar a cabo esta preparaci\u00f3n, la humanidad tendr\u00e1 la fuerza, la compasi\u00f3n y la resiliencia para atravesar el dif\u00edcil periodo por delante de transici\u00f3n a la realidad de un nuevo mundo.<\/p>\n<p><em>Las Grandes Olas de cambio<\/em> es el primer libro del <a href=\"http:\/\/www.nuevomensaje.org\/el-mensaje\/volumen-4\">Volumen 4<\/a> del Nuevo Mensaje de Dios.<\/p>\n<p style=\"text-align: left\"><div class=\"toggle toggle-white\"><h4 class=\"trigger \"><span class=\"t_ico\"><\/span><a href=\"#\"> M\u00e1s informaci\u00f3n sobre los vol\u00famenes del Nuevo Mensaje de Dios<\/a><\/h4><div class=\"toggle_container \"><br \/>\n<div data-post-id='24520' class='insert-page insert-page-24520 '><p>El Nuevo Mensaje de Dios estar\u00e1 contenido en \u00faltima instancia en seis vol\u00famenes individuales. Cada volumen contendr\u00e1 dos o m\u00e1s libros y cada libro estar\u00e1 organizado en cap\u00edtulos.<\/p>\n<p>Por tanto, la futura estructura del Nuevo Mensaje podr\u00eda expresarse de esta manera:<\/p>\n<div id=\"attachment_24097\" style=\"width: 227px\" class=\"wp-caption alignright\"><a href=\"https:\/\/www.newmessage.org\/wp-content\/uploads\/2015\/08\/Volumes-Books-InfoGraphic.001.jpg\"><img loading=\"lazy\" decoding=\"async\" aria-describedby=\"caption-attachment-24097\" class=\"imgborder \" src=\"https:\/\/www.newmessage.org\/wp-content\/uploads\/2015\/08\/Volumes-Books-InfoGraphic.001.jpg\" alt=\"The New Message One Book\" width=\"217\" height=\"234\" \/><\/a><p id=\"caption-attachment-24097\" class=\"wp-caption-text\">Estructura del Nuevo Mensaje<\/p><\/div>\n<p><strong>Volumen &gt; Libro &gt; Cap\u00edtulo &gt; Vers\u00edculo.<br \/>\n<\/strong><\/p>\n<p>El Nuevo Mensaje de Dios contiene el mayor cuerpo de Revelaci\u00f3n que se ha dado nunca al mundo. Trata casi cada aspecto de nuestras vidas, mientras presenta nuevas realidades que nunca antes se hab\u00edan revelado. La Sociedad est\u00e1 tratando de hacer accesibles al mundo tantos libros y revelaciones habladas como sea posible.<\/p>\n<p>En la actualidad, La Sociedad es capaz de ofrecer un gran n\u00famero de las grabaciones originales de la Voz de la Revelaci\u00f3n. Aqu\u00ed se te invita a experimentar el poder y el misterio de la \u201cVoz\u201d tal y como habl\u00f3 originalmente a trav\u00e9s del Mensajero en un estado de Revelaci\u00f3n. Nunca antes hab\u00eda sido posible escuchar la Voz original de la Revelaci\u00f3n.<\/p>\n<p>La compilaci\u00f3n de todo el Nuevo Mensaje es un trabajo en curso que se est\u00e1 realizando a lo largo de un extenso periodo. Adem\u00e1s, la Revelaci\u00f3n contin\u00faa recibi\u00e9ndose hasta el d\u00eda de hoy, con nuevas ense\u00f1anzas cada a\u00f1o. Como resultado, es muy posible que la selecci\u00f3n de cap\u00edtulos en cada libro cambie y, con ella, los t\u00edtulos de los libros podr\u00edan cambiar tambi\u00e9n para reflejar el creciente alcance de cada libro. Est\u00e1s viviendo en un tiempo de Revelaci\u00f3n y contemplando el proceso de Revelaci\u00f3n despleg\u00e1ndose ante ti.<\/p>\n<p><strong>Libros en l\u00ednea (online)<\/strong><br \/>\nLa Sociedad est\u00e1 tratando de hacer que el Nuevo Mensaje est\u00e9 disponible gratuitamente y en l\u00ednea para el mundo. En la actualidad, varios libros del Nuevo Mensaje est\u00e1n disponibles gratis en www.nuevomensaje.org. Puedes explorar <a href=\"http:\/\/www.nuevomensaje.org\/el-mensaje\">la biblioteca de libros y revelaciones gratuitos en l\u00ednea<\/a>.<\/p>\n<p><strong>Libros impresos<\/strong><br \/>\nLa Sociedad ofrece actualmente algunos de los libros del Nuevo Mensaje en formato impreso (en ingl\u00e9s en casi todos los casos). Sin embargo, debido al inmenso tama\u00f1o del revelado Nuevo Mensaje, La Sociedad no puede todav\u00eda publicar en formato impreso los seis vol\u00famenes del Nuevo Mensaje. Para comprar una copia impresa de los libros del Nuevo Mensaje que est\u00e1n actualmente disponibles, por favor visita la tienda de la <a href=\"http:\/\/newknowledgelibrary.org\/\"><em>New Knowledge Library<\/em><\/a> (Biblioteca del Nuevo Conocimiento).<\/p>\n<p><strong>CDs y audio en mp3<\/strong><br \/>\nCiertas revelaciones relacionadas con el estudio en el Nuevo Mensaje est\u00e1n disponibles para comprarse en CD o como mp3 descargable. Debido a las realidades financieras que implica alcanzar al mundo entero con el Nuevo Mensaje, La Sociedad ofrece ciertas Ense\u00f1anzas a un precio modesto en la tienda de la <a href=\"http:\/\/newknowledgelibrary.org\/\"><em>New Knowledge Library<\/em><\/a> (Biblioteca del Nuevo Conocimiento).<\/p>\n<p><strong><em>The Free Book Project<\/em> (El Proyecto Libro Gratis)<\/strong><br \/>\nCon un mayor apoyo financiero, La Sociedad podr\u00e1 ofrecer m\u00e1s de estas ense\u00f1anzas de sabidur\u00eda gratis y en l\u00ednea. Adem\u00e1s, el <a href=\"https:\/\/www.newmessage.org\/the-message\/free-book-project\"><em>Free Book Project<\/em><\/a> de La Sociedad ofrece copias personales gratuitas de los libros y audios del Nuevo Mensaje a aquellos que carecen de recursos para comprarlos. <a href=\"http:\/\/www.nuevomensaje.org\/worldwide-community\/sobre-la-sociedad\/apoya-al-nuevo-mensaje\">Te invitamos a hacer un donativo<\/a> para sostener el Proyecto Libro Gratis, de manera que m\u00e1s y m\u00e1s personas en necesidad puedan tener acceso al Nuevo Mensaje de Dios.<\/p>\n<p><strong>Publicaciones futuras<\/strong><br \/>\nLa Sociedad continuar\u00e1 avanzando su visi\u00f3n de publicar la totalidad del Nuevo Mensaje de Dios, tanto sus libros como sus vol\u00famenes, y quiz\u00e1 un d\u00eda todo en un libro \u00fanico, llamado simplemente \u201cEl Nuevo Mensaje de Dios\u201d. Esta es una empresa enorme para la que La Sociedad necesita tu contribuci\u00f3n y participaci\u00f3n. Por favor, <a href=\"http:\/\/www.nuevomensaje.org\/worldwide-community\/sobre-la-sociedad\/apoya-al-nuevo-mensaje\">considera hacer un donativo o ser un Pilar del Nuevo Mensaje<\/a> para apoyar esta causa sagrada. Te damos las gracias por tu apoyo.<\/p>\n<\/div><br \/>\n<\/div><\/div>\n<div class=\"background-color-bridesmaid padding-20\">\n<h2 style=\"text-align: left\"><span style=\"color: #525252\">\u00cdndice<\/span><\/h2>\n<p><a href=\"\/es\/el-mensaje\/volumen-4\/las-grandes-olas-de-cambio\/introduccion-GWC\">Introducci\u00f3n<\/a><\/p>\n<p>Cap\u00edtulo 1: <a href=\"\/es\/el-mensaje\/volumen-4\/las-grandes-olas-de-cambio\/las-grandes-olas-de-cambio\">Las Grandes Olas de cambio<\/a><\/p>\n<p>Cap\u00edtulo 2: <a href=\"\/es\/el-mensaje\/volumen-4\/las-grandes-olas-de-cambio\/las-grandes-olas-y-tu-vida\">Las Grandes Olas y tu vida<\/a><\/p>\n<p>Cap\u00edtulo 3: <a href=\"\/es\/el-mensaje\/volumen-4\/las-grandes-olas-de-cambio\/escapando-del-pasado\">Escapando del pasado<\/a><\/p>\n<p>Cap\u00edtulo 4: <a href=\"\/es\/el-mensaje\/volumen-4\/las-grandes-olas-de-cambio\/la-libertad-de-moverse-con-el-conocimiento\">La libertad de moverse con el Conocimiento<\/a><\/p>\n<p>Cap\u00edtulo 5: <a href=\"\/es\/el-mensaje\/volumen-4\/las-grandes-olas-de-cambio\/la-evaluacion-profunda\">La evaluaci\u00f3n profunda<\/a><\/p>\n<p>Cap\u00edtulo 6: <a href=\"\/es\/el-mensaje\/volumen-4\/las-grandes-olas-de-cambio\/las-relaciones-y-las-grandes-olas\">Las relaciones y las Grandes Olas<\/a><\/p>\n<p>Cap\u00edtulo 7: <a href=\"\/es\/el-mensaje\/volumen-4\/las-grandes-olas-de-cambio\/preparando-a-vuestra-familia\">Preparando a vuestra familia<\/a><\/p>\n<p>Cap\u00edtulo 8: <a href=\"\/es\/el-mensaje\/volumen-4\/las-grandes-olas-de-cambio\/el-peligro-del-aislamiento\">El peligro del aislamiento<\/a><\/p>\n<p>Cap\u00edtulo 9: <a href=\"\/es\/el-mensaje\/volumen-4\/las-grandes-olas-de-cambio\/la-profecia-de-las-grandes-olas\">La profec\u00eda de las Grandes Olas<\/a><\/p>\n<p>Cap\u00edtulo 10: <a href=\"\/es\/el-mensaje\/volumen-4\/las-grandes-olas-de-cambio\/las-grandes-olas-y-la-realidad-oculta-del-contacto\">Las Grandes Olas y la realidad oculta del Contacto<\/a><\/p>\n<p>Cap\u00edtulo 11: <a href=\"\/es\/el-mensaje\/volumen-4\/las-grandes-olas-de-cambio\/donde-pondreis-vuestra-fe\">\u00bfD\u00f3nde pondr\u00e9is vuestra fe?<\/a><\/p>\n<p>Cap\u00edtulo 12: <a href=\"\/es\/el-mensaje\/volumen-4\/las-grandes-olas-de-cambio\/vuestro-proposito-y-destino-en-un-mundo-cambiante\">Vuestro prop\u00f3sito y destino en un mundo cambiante<\/a><\/p>\n<p>Cap\u00edtulo 13: <a href=\"\/es\/el-mensaje\/volumen-4\/las-grandes-olas-de-cambio\/un-nuevo-mensaje-de-esperanza\">Un Nuevo Mensaje de esperanza<\/a><\/p>\n<p>Cap\u00edtulo 14: <a href=\"\/es\/el-mensaje\/volumen-4\/las-grandes-olas-de-cambio\/ver-saber-y-actuar\">Ver, saber y actuar<\/a><\/p>\n<p><a href=\"\/es\/el-mensaje\/volumen-4\/las-grandes-olas-de-cambio\/recomendaciones-para-vivir-en-un-mundo-de-grandes-olas\">Recomendaciones para Vivir en un Mundo de Grandes Olas<\/a><\/p>\n<p><a href=\"\/es\/el-mensaje\/volumen-4\/las-grandes-olas-de-cambio\/practicas-para-las-grandes-olas-de-cambio\">Pr\u00e1cticas para las Grandes Olas de cambio<\/a><\/p>\n<\/div>\n","protected":false},"excerpt":{"rendered":"<p>Las Grandes Olas de cambio presentan una profec\u00eda de los dif\u00edciles tiempos venideros y los pasos que puedes dar para navegar un futuro cada vez m\u00e1s turbulento e incierto. Frente a tal incertidumbre, Las Grandes Olas de cambio presenta un m\u00e9todo revolucionario para ganar certidumbre y direcci\u00f3n en la vida, un proceso \u00fanico que gente\u2026 <a class=\"read-more\" href=\"https:\/\/www.v6.newmessage.org\/es\/more-about-the-volumes\"><span>Read More<\/span><\/a><\/p>\n","protected":false},"author":1,"featured_media":0,"parent":16316,"menu_order":0,"comment_status":"closed","ping_status":"closed","template":"template-leftsidebar.php","meta":{"_monsterinsights_skip_tracking":false,"_monsterinsights_sitenote_active":false,"_monsterinsights_sitenote_note":"","_monsterinsights_sitenote_category":0,"footnotes":""},"categories":[473,471],"tags":[652,572],"_links":{"self":[{"href":"https:\/\/www.v6.newmessage.org\/es\/wp-json\/wp\/v2\/pages\/13099"}],"collection":[{"href":"https:\/\/www.v6.newmessage.org\/es\/wp-json\/wp\/v2\/pages"}],"about":[{"href":"https:\/\/www.v6.newmessage.org\/es\/wp-json\/wp\/v2\/types\/page"}],"author":[{"embeddable":true,"href":"https:\/\/www.v6.newmessage.org\/es\/wp-json\/wp\/v2\/users\/1"}],"replies":[{"embeddable":true,"href":"https:\/\/www.v6.newmessage.org\/es\/wp-json\/wp\/v2\/comments?post=13099"}],"version-history":[{"count":31,"href":"https:\/\/www.v6.newmessage.org\/es\/wp-json\/wp\/v2\/pages\/13099\/revisions"}],"predecessor-version":[{"id":30347,"href":"https:\/\/www.v6.newmessage.org\/es\/wp-json\/wp\/v2\/pages\/13099\/revisions\/30347"}],"up":[{"embeddable":true,"href":"https:\/\/www.v6.newmessage.org\/es\/wp-json\/wp\/v2\/pages\/16316"}],"wp:attachment":[{"href":"https:\/\/www.v6.newmessage.org\/es\/wp-json\/wp\/v2\/media?parent=13099"}],"wp:term":[{"taxonomy":"category","embeddable":true,"href":"https:\/\/www.v6.newmessage.org\/es\/wp-json\/wp\/v2\/categories?post=13099"},{"taxonomy":"post_tag","embeddable":true,"href":"https:\/\/www.v6.newmessage.org\/es\/wp-json\/wp\/v2\/tags?post=13099"}],"curies":[{"name":"wp","href":"https:\/\/api.w.org\/{rel}","templated":true}]}}