{"id":13087,"date":"2014-07-24T22:00:49","date_gmt":"2014-07-24T22:00:49","guid":{"rendered":"http:\/\/www.newmessage.org\/?page_id=13087"},"modified":"2022-12-12T19:41:46","modified_gmt":"2022-12-12T19:41:46","slug":"vivir-el-camino-del-conocimiento","status":"publish","type":"page","link":"https:\/\/www.v6.newmessage.org\/es\/el-mensaje\/volumen-3\/vivir-el-camino-del-conocimiento","title":{"rendered":"Vivir el Camino del Conocimiento"},"content":{"rendered":"<p><em><a href=\"https:\/\/www.newmessage.org\/es\/wp-content\/uploads\/sites\/40\/2014\/07\/LTW-book-cover.jpg\"><img loading=\"lazy\" decoding=\"async\" class=\"imgborder alignright wp-image-28668\" src=\"https:\/\/www.newmessage.org\/es\/wp-content\/uploads\/sites\/40\/2014\/07\/LTW-book-cover-195x300.jpg\" alt=\"\" width=\"300\" height=\"462\" srcset=\"https:\/\/www.v6.newmessage.org\/es\/wp-content\/uploads\/sites\/40\/2014\/07\/LTW-book-cover-195x300.jpg 195w, https:\/\/www.v6.newmessage.org\/es\/wp-content\/uploads\/sites\/40\/2014\/07\/LTW-book-cover.jpg 350w\" sizes=\"(max-width: 300px) 100vw, 300px\" \/><\/a>Vivir el Camino del Conocimiento<\/em> es la Ense\u00f1anza del Nuevo Mensaje sobre c\u00f3mo traer la gracia, la gu\u00eda y el poder del Conocimiento a los Cuatro Pilares de tu vida: El Pilar de las relaciones, el Pilar del trabajo, el Pilar de la salud y el Pilar del desarrollo espiritual. Como si fueran las cuatro patas de una mesa, los Cuatro Pilares proveen la base estable sobre la que construir una vida mayor en un mundo inestable e incierto.<\/p>\n<p><em>Vivir el Camino del Conocimiento<\/em> presenta una de las grandes pr\u00e1cticas para aprender y vivir el Nuevo Mensaje de Dios. Construyendo los Cuatro Pilares de tu vida, desarrollas una verdadera base y una mayor certidumbre, estabilidad y direcci\u00f3n en tu experiencia.<\/p>\n<p>La gran sabidur\u00eda presente en <em>Vivir el Camino del Conocimiento<\/em> es lo que proveer\u00e1 la visi\u00f3n perspicaz cotidiana necesaria para atravesar los grandes umbrales en el viaje de descubrir y seguir el Conocimiento.<\/p>\n<p><em>Vivir el Camino del Conocimiento<\/em> es el tercer libro del <a href=\"http:\/\/www.nuevomensaje.org\/el-mensaje\/volumen-3\">Volumen 3<\/a> del Nuevo Mensaje de Dios.<\/p>\n<p style=\"text-align: left\"><div class=\"toggle toggle-white\"><h4 class=\"trigger \"><span class=\"t_ico\"><\/span><a href=\"#\"> M\u00e1s informaci\u00f3n sobre los vol\u00famenes del Nuevo Mensaje de Dios<\/a><\/h4><div class=\"toggle_container \"><br \/>\n<div data-post-id='24520' class='insert-page insert-page-24520 '><p>El Nuevo Mensaje de Dios estar\u00e1 contenido en \u00faltima instancia en seis vol\u00famenes individuales. Cada volumen contendr\u00e1 dos o m\u00e1s libros y cada libro estar\u00e1 organizado en cap\u00edtulos.<\/p>\n<p>Por tanto, la futura estructura del Nuevo Mensaje podr\u00eda expresarse de esta manera:<\/p>\n<div id=\"attachment_24097\" style=\"width: 227px\" class=\"wp-caption alignright\"><a href=\"https:\/\/www.newmessage.org\/wp-content\/uploads\/2015\/08\/Volumes-Books-InfoGraphic.001.jpg\"><img loading=\"lazy\" decoding=\"async\" aria-describedby=\"caption-attachment-24097\" class=\"imgborder \" src=\"https:\/\/www.newmessage.org\/wp-content\/uploads\/2015\/08\/Volumes-Books-InfoGraphic.001.jpg\" alt=\"The New Message One Book\" width=\"217\" height=\"234\" \/><\/a><p id=\"caption-attachment-24097\" class=\"wp-caption-text\">Estructura del Nuevo Mensaje<\/p><\/div>\n<p><strong>Volumen &gt; Libro &gt; Cap\u00edtulo &gt; Vers\u00edculo.<br \/>\n<\/strong><\/p>\n<p>El Nuevo Mensaje de Dios contiene el mayor cuerpo de Revelaci\u00f3n que se ha dado nunca al mundo. Trata casi cada aspecto de nuestras vidas, mientras presenta nuevas realidades que nunca antes se hab\u00edan revelado. La Sociedad est\u00e1 tratando de hacer accesibles al mundo tantos libros y revelaciones habladas como sea posible.<\/p>\n<p>En la actualidad, La Sociedad es capaz de ofrecer un gran n\u00famero de las grabaciones originales de la Voz de la Revelaci\u00f3n. Aqu\u00ed se te invita a experimentar el poder y el misterio de la \u201cVoz\u201d tal y como habl\u00f3 originalmente a trav\u00e9s del Mensajero en un estado de Revelaci\u00f3n. Nunca antes hab\u00eda sido posible escuchar la Voz original de la Revelaci\u00f3n.<\/p>\n<p>La compilaci\u00f3n de todo el Nuevo Mensaje es un trabajo en curso que se est\u00e1 realizando a lo largo de un extenso periodo. Adem\u00e1s, la Revelaci\u00f3n contin\u00faa recibi\u00e9ndose hasta el d\u00eda de hoy, con nuevas ense\u00f1anzas cada a\u00f1o. Como resultado, es muy posible que la selecci\u00f3n de cap\u00edtulos en cada libro cambie y, con ella, los t\u00edtulos de los libros podr\u00edan cambiar tambi\u00e9n para reflejar el creciente alcance de cada libro. Est\u00e1s viviendo en un tiempo de Revelaci\u00f3n y contemplando el proceso de Revelaci\u00f3n despleg\u00e1ndose ante ti.<\/p>\n<p><strong>Libros en l\u00ednea (online)<\/strong><br \/>\nLa Sociedad est\u00e1 tratando de hacer que el Nuevo Mensaje est\u00e9 disponible gratuitamente y en l\u00ednea para el mundo. En la actualidad, varios libros del Nuevo Mensaje est\u00e1n disponibles gratis en www.nuevomensaje.org. Puedes explorar <a href=\"http:\/\/www.nuevomensaje.org\/el-mensaje\">la biblioteca de libros y revelaciones gratuitos en l\u00ednea<\/a>.<\/p>\n<p><strong>Libros impresos<\/strong><br \/>\nLa Sociedad ofrece actualmente algunos de los libros del Nuevo Mensaje en formato impreso (en ingl\u00e9s en casi todos los casos). Sin embargo, debido al inmenso tama\u00f1o del revelado Nuevo Mensaje, La Sociedad no puede todav\u00eda publicar en formato impreso los seis vol\u00famenes del Nuevo Mensaje. Para comprar una copia impresa de los libros del Nuevo Mensaje que est\u00e1n actualmente disponibles, por favor visita la tienda de la <a href=\"http:\/\/newknowledgelibrary.org\/\"><em>New Knowledge Library<\/em><\/a> (Biblioteca del Nuevo Conocimiento).<\/p>\n<p><strong>CDs y audio en mp3<\/strong><br \/>\nCiertas revelaciones relacionadas con el estudio en el Nuevo Mensaje est\u00e1n disponibles para comprarse en CD o como mp3 descargable. Debido a las realidades financieras que implica alcanzar al mundo entero con el Nuevo Mensaje, La Sociedad ofrece ciertas Ense\u00f1anzas a un precio modesto en la tienda de la <a href=\"http:\/\/newknowledgelibrary.org\/\"><em>New Knowledge Library<\/em><\/a> (Biblioteca del Nuevo Conocimiento).<\/p>\n<p><strong><em>The Free Book Project<\/em> (El Proyecto Libro Gratis)<\/strong><br \/>\nCon un mayor apoyo financiero, La Sociedad podr\u00e1 ofrecer m\u00e1s de estas ense\u00f1anzas de sabidur\u00eda gratis y en l\u00ednea. Adem\u00e1s, el <a href=\"https:\/\/www.newmessage.org\/the-message\/free-book-project\"><em>Free Book Project<\/em><\/a> de La Sociedad ofrece copias personales gratuitas de los libros y audios del Nuevo Mensaje a aquellos que carecen de recursos para comprarlos. <a href=\"http:\/\/www.nuevomensaje.org\/worldwide-community\/sobre-la-sociedad\/apoya-al-nuevo-mensaje\">Te invitamos a hacer un donativo<\/a> para sostener el Proyecto Libro Gratis, de manera que m\u00e1s y m\u00e1s personas en necesidad puedan tener acceso al Nuevo Mensaje de Dios.<\/p>\n<p><strong>Publicaciones futuras<\/strong><br \/>\nLa Sociedad continuar\u00e1 avanzando su visi\u00f3n de publicar la totalidad del Nuevo Mensaje de Dios, tanto sus libros como sus vol\u00famenes, y quiz\u00e1 un d\u00eda todo en un libro \u00fanico, llamado simplemente \u201cEl Nuevo Mensaje de Dios\u201d. Esta es una empresa enorme para la que La Sociedad necesita tu contribuci\u00f3n y participaci\u00f3n. Por favor, <a href=\"http:\/\/www.nuevomensaje.org\/worldwide-community\/sobre-la-sociedad\/apoya-al-nuevo-mensaje\">considera hacer un donativo o ser un Pilar del Nuevo Mensaje<\/a> para apoyar esta causa sagrada. Te damos las gracias por tu apoyo.<\/p>\n<\/div><br \/>\n<\/div><\/div>\n<div class=\"background-color-bridesmaid padding-20\">\n<h3><span style=\"color: #525252\">\u00cdndice<\/span><\/h3>\n<p><a href=\"\/es\/el-mensaje\/volumen-3\/vivir-el-camino-del-conocimiento\/introduccion-lwk\">Introducci\u00f3n<\/a><\/p>\n<p>Cap\u00edtulo 1: <a href=\"\/es\/el-mensaje\/volumen-3\/vivir-el-camino-del-conocimiento\/vivir-en-un-mundo-emergente\">Vivir en un mundo emergente<\/a><\/p>\n<p>Cap\u00edtulo 2: <a href=\"\/es\/el-mensaje\/volumen-3\/vivir-el-camino-del-conocimiento\/los-cuatro-pilares-de-la-vida\">Los Cuatro Pilares de la vida<\/a><\/p>\n<p>Cap\u00edtulo 3: <a href=\"\/es\/el-mensaje\/volumen-3\/vivir-el-camino-del-conocimiento\/el-pilar-de-las-relaciones\">El Pilar de las relaciones<\/a><\/p>\n<p>Cap\u00edtulo 4: <a href=\"\/es\/el-mensaje\/volumen-3\/vivir-el-camino-del-conocimiento\/el-pilar-de-la-salud\">El Pilar de la salud<\/a><\/p>\n<p>Cap\u00edtulo 5: <a href=\"\/es\/el-mensaje\/volumen-3\/vivir-el-camino-del-conocimiento\/el-pilar-del-trabajo\">El Pilar del trabajo<\/a><\/p>\n<p>Cap\u00edtulo 6: <a href=\"\/es\/el-mensaje\/volumen-3\/vivir-el-camino-del-conocimiento\/el-pilar-del-desarrollo-espiritual\">El Pilar del desarrollo espiritual<\/a><\/p>\n<p>Cap\u00edtulo 7: <a href=\"\/es\/el-mensaje\/volumen-3\/vivir-el-camino-del-conocimiento\/tu-relacion-con-tu-familia-espiritual\">Tu relaci\u00f3n con tu Familia Espiritual<\/a><\/p>\n<p>Cap\u00edtulo 8: <a href=\"\/es\/el-mensaje\/volumen-3\/vivir-el-camino-del-conocimiento\/construir-una-comunidad-espiritual\">Construir una comunidad espiritual<\/a><\/p>\n<p>Cap\u00edtulo 9: <a href=\"\/es\/el-mensaje\/volumen-3\/vivir-el-camino-del-conocimiento\/compartir-el-camino-del-conocimiento-con-otros\">Compartir el Camino del Conocimiento con otros<\/a><\/p>\n<p>Cap\u00edtulo 10: <a href=\"\/es\/el-mensaje\/volumen-3\/vivir-el-camino-del-conocimiento\/estar-presente-en-el-mundo\">Estar presente en el mundo<\/a><\/p>\n<p>Cap\u00edtulo 11: <a href=\"\/es\/el-mensaje\/volumen-3\/vivir-el-camino-del-conocimiento\/preparandote-para-el-futuro-ltw\">Prepar\u00e1ndote para el futuro<\/a><\/p>\n<a class='simple_button_link ' style='background-color: #4f8fd6' href='http:\/\/newknowledgelibrary.org\/books\/living-the-way-of-knowledge-pre-pub-edition\/'   ><span>Pide el libro impreso (en ingl\u00e9s)<\/span><\/a>\n<\/div>\n","protected":false},"excerpt":{"rendered":"<p>Vivir el Camino del Conocimiento es la Ense\u00f1anza del Nuevo Mensaje sobre c\u00f3mo traer la gracia, la gu\u00eda y el poder del Conocimiento a los Cuatro Pilares de tu vida: El Pilar de las relaciones, el Pilar del trabajo, el Pilar de la salud y el Pilar del desarrollo espiritual. Como si fueran las cuatro\u2026 <a class=\"read-more\" href=\"https:\/\/www.v6.newmessage.org\/es\/more-about-the-volumes\"><span>Read More<\/span><\/a><\/p>\n","protected":false},"author":1,"featured_media":0,"parent":16314,"menu_order":1,"comment_status":"closed","ping_status":"closed","template":"template-leftsidebar.php","meta":{"_monsterinsights_skip_tracking":false,"_monsterinsights_sitenote_active":false,"_monsterinsights_sitenote_note":"","_monsterinsights_sitenote_category":0,"footnotes":""},"categories":[289,470],"tags":[569,651],"_links":{"self":[{"href":"https:\/\/www.v6.newmessage.org\/es\/wp-json\/wp\/v2\/pages\/13087"}],"collection":[{"href":"https:\/\/www.v6.newmessage.org\/es\/wp-json\/wp\/v2\/pages"}],"about":[{"href":"https:\/\/www.v6.newmessage.org\/es\/wp-json\/wp\/v2\/types\/page"}],"author":[{"embeddable":true,"href":"https:\/\/www.v6.newmessage.org\/es\/wp-json\/wp\/v2\/users\/1"}],"replies":[{"embeddable":true,"href":"https:\/\/www.v6.newmessage.org\/es\/wp-json\/wp\/v2\/comments?post=13087"}],"version-history":[{"count":79,"href":"https:\/\/www.v6.newmessage.org\/es\/wp-json\/wp\/v2\/pages\/13087\/revisions"}],"predecessor-version":[{"id":30345,"href":"https:\/\/www.v6.newmessage.org\/es\/wp-json\/wp\/v2\/pages\/13087\/revisions\/30345"}],"up":[{"embeddable":true,"href":"https:\/\/www.v6.newmessage.org\/es\/wp-json\/wp\/v2\/pages\/16314"}],"wp:attachment":[{"href":"https:\/\/www.v6.newmessage.org\/es\/wp-json\/wp\/v2\/media?parent=13087"}],"wp:term":[{"taxonomy":"category","embeddable":true,"href":"https:\/\/www.v6.newmessage.org\/es\/wp-json\/wp\/v2\/categories?post=13087"},{"taxonomy":"post_tag","embeddable":true,"href":"https:\/\/www.v6.newmessage.org\/es\/wp-json\/wp\/v2\/tags?post=13087"}],"curies":[{"name":"wp","href":"https:\/\/api.w.org\/{rel}","templated":true}]}}