{"id":13085,"date":"2014-07-24T22:00:33","date_gmt":"2014-07-24T22:00:33","guid":{"rendered":"http:\/\/www.newmessage.org\/?page_id=13085"},"modified":"2022-12-12T18:42:40","modified_gmt":"2022-12-12T18:42:40","slug":"relaciones-y-proposito-superior","status":"publish","type":"page","link":"https:\/\/www.v6.newmessage.org\/es\/el-mensaje\/volumen-2\/relaciones-y-proposito-superior","title":{"rendered":"Las relaciones y el Prop\u00f3sito Superior"},"content":{"rendered":"<p><em><a href=\"https:\/\/www.newmessage.org\/es\/wp-content\/uploads\/sites\/40\/2014\/07\/RHP-Cover-blk.jpg\"><\/a><a href=\"https:\/\/www.newmessage.org\/es\/wp-content\/uploads\/sites\/40\/2014\/07\/RHP-Cover-blk.jpg\"><img loading=\"lazy\" decoding=\"async\" class=\"imgborder alignright wp-image-28666\" src=\"https:\/\/www.newmessage.org\/es\/wp-content\/uploads\/sites\/40\/2014\/07\/RHP-Cover-blk-201x300.jpg\" alt=\"\" width=\"300\" height=\"448\" srcset=\"https:\/\/www.v6.newmessage.org\/es\/wp-content\/uploads\/sites\/40\/2014\/07\/RHP-Cover-blk-201x300.jpg 201w, https:\/\/www.v6.newmessage.org\/es\/wp-content\/uploads\/sites\/40\/2014\/07\/RHP-Cover-blk.jpg 350w\" sizes=\"(max-width: 300px) 100vw, 300px\" \/><\/a>Las relaciones y el Prop\u00f3sito Superior<\/em> te lleva m\u00e1s all\u00e1 de los par\u00e1metros normales de las relaciones humanas hacia una experiencia m\u00e1s profunda de uni\u00f3n, prop\u00f3sito y significado con aquellos individuos con quienes compartes un mayor destino en la vida. Es la ense\u00f1anza seminal en el Nuevo Mensaje sobre el descubrimiento de tu mayor relaci\u00f3n contigo mismo, con otros y con el mundo.<\/p>\n<p><em>Las relaciones y el Prop\u00f3sito Superior<\/em> expande el contexto de las relaciones para incluir tu relaci\u00f3n con el Conocimiento (<a href=\"\/el-mensaje\/volumen-2\/espiritualidad-de-la-comunidad-mayor\/que-es-el-conocimiento\">\u00bfQu\u00e9 es el Conocimiento?<\/a>), con tu Familia Espiritual (<a href=\"\/el-mensaje\/volumen-2\/relaciones-y-proposito-superior\/tu-relacion-con-tu-familia-espiritual\">Tu relaci\u00f3n con tu Familia Espiritual<\/a>) y con las Fuerzas Mayores que est\u00e1n dando forma a tu vida y al mundo.<\/p>\n<p><em>Las relaciones y el Prop\u00f3sito Superior<\/em> es el componente esencial para encontrar y cumplir una mayor vida de prop\u00f3sito, significado y destino.<\/p>\n<p><em>Las relaciones y el Prop\u00f3sito Superior<\/em> es el Segundo libro del Volumen 2 del Nuevo Mensaje de Dios.<\/p>\n<p style=\"text-align: left\"><div class=\"toggle toggle-white\"><h4 class=\"trigger \"><span class=\"t_ico\"><\/span><a href=\"#\"> M\u00e1s informaci\u00f3n sobre los vol\u00famenes del Nuevo Mensaje de Dios<\/a><\/h4><div class=\"toggle_container \"><br \/>\n<div data-post-id='24520' class='insert-page insert-page-24520 '><p>El Nuevo Mensaje de Dios estar\u00e1 contenido en \u00faltima instancia en seis vol\u00famenes individuales. Cada volumen contendr\u00e1 dos o m\u00e1s libros y cada libro estar\u00e1 organizado en cap\u00edtulos.<\/p>\n<p>Por tanto, la futura estructura del Nuevo Mensaje podr\u00eda expresarse de esta manera:<\/p>\n<div id=\"attachment_24097\" style=\"width: 227px\" class=\"wp-caption alignright\"><a href=\"https:\/\/www.newmessage.org\/wp-content\/uploads\/2015\/08\/Volumes-Books-InfoGraphic.001.jpg\"><img loading=\"lazy\" decoding=\"async\" aria-describedby=\"caption-attachment-24097\" class=\"imgborder \" src=\"https:\/\/www.newmessage.org\/wp-content\/uploads\/2015\/08\/Volumes-Books-InfoGraphic.001.jpg\" alt=\"The New Message One Book\" width=\"217\" height=\"234\" \/><\/a><p id=\"caption-attachment-24097\" class=\"wp-caption-text\">Estructura del Nuevo Mensaje<\/p><\/div>\n<p><strong>Volumen &gt; Libro &gt; Cap\u00edtulo &gt; Vers\u00edculo.<br \/>\n<\/strong><\/p>\n<p>El Nuevo Mensaje de Dios contiene el mayor cuerpo de Revelaci\u00f3n que se ha dado nunca al mundo. Trata casi cada aspecto de nuestras vidas, mientras presenta nuevas realidades que nunca antes se hab\u00edan revelado. La Sociedad est\u00e1 tratando de hacer accesibles al mundo tantos libros y revelaciones habladas como sea posible.<\/p>\n<p>En la actualidad, La Sociedad es capaz de ofrecer un gran n\u00famero de las grabaciones originales de la Voz de la Revelaci\u00f3n. Aqu\u00ed se te invita a experimentar el poder y el misterio de la \u201cVoz\u201d tal y como habl\u00f3 originalmente a trav\u00e9s del Mensajero en un estado de Revelaci\u00f3n. Nunca antes hab\u00eda sido posible escuchar la Voz original de la Revelaci\u00f3n.<\/p>\n<p>La compilaci\u00f3n de todo el Nuevo Mensaje es un trabajo en curso que se est\u00e1 realizando a lo largo de un extenso periodo. Adem\u00e1s, la Revelaci\u00f3n contin\u00faa recibi\u00e9ndose hasta el d\u00eda de hoy, con nuevas ense\u00f1anzas cada a\u00f1o. Como resultado, es muy posible que la selecci\u00f3n de cap\u00edtulos en cada libro cambie y, con ella, los t\u00edtulos de los libros podr\u00edan cambiar tambi\u00e9n para reflejar el creciente alcance de cada libro. Est\u00e1s viviendo en un tiempo de Revelaci\u00f3n y contemplando el proceso de Revelaci\u00f3n despleg\u00e1ndose ante ti.<\/p>\n<p><strong>Libros en l\u00ednea (online)<\/strong><br \/>\nLa Sociedad est\u00e1 tratando de hacer que el Nuevo Mensaje est\u00e9 disponible gratuitamente y en l\u00ednea para el mundo. En la actualidad, varios libros del Nuevo Mensaje est\u00e1n disponibles gratis en www.nuevomensaje.org. Puedes explorar <a href=\"http:\/\/www.nuevomensaje.org\/el-mensaje\">la biblioteca de libros y revelaciones gratuitos en l\u00ednea<\/a>.<\/p>\n<p><strong>Libros impresos<\/strong><br \/>\nLa Sociedad ofrece actualmente algunos de los libros del Nuevo Mensaje en formato impreso (en ingl\u00e9s en casi todos los casos). Sin embargo, debido al inmenso tama\u00f1o del revelado Nuevo Mensaje, La Sociedad no puede todav\u00eda publicar en formato impreso los seis vol\u00famenes del Nuevo Mensaje. Para comprar una copia impresa de los libros del Nuevo Mensaje que est\u00e1n actualmente disponibles, por favor visita la tienda de la <a href=\"http:\/\/newknowledgelibrary.org\/\"><em>New Knowledge Library<\/em><\/a> (Biblioteca del Nuevo Conocimiento).<\/p>\n<p><strong>CDs y audio en mp3<\/strong><br \/>\nCiertas revelaciones relacionadas con el estudio en el Nuevo Mensaje est\u00e1n disponibles para comprarse en CD o como mp3 descargable. Debido a las realidades financieras que implica alcanzar al mundo entero con el Nuevo Mensaje, La Sociedad ofrece ciertas Ense\u00f1anzas a un precio modesto en la tienda de la <a href=\"http:\/\/newknowledgelibrary.org\/\"><em>New Knowledge Library<\/em><\/a> (Biblioteca del Nuevo Conocimiento).<\/p>\n<p><strong><em>The Free Book Project<\/em> (El Proyecto Libro Gratis)<\/strong><br \/>\nCon un mayor apoyo financiero, La Sociedad podr\u00e1 ofrecer m\u00e1s de estas ense\u00f1anzas de sabidur\u00eda gratis y en l\u00ednea. Adem\u00e1s, el <a href=\"https:\/\/www.newmessage.org\/the-message\/free-book-project\"><em>Free Book Project<\/em><\/a> de La Sociedad ofrece copias personales gratuitas de los libros y audios del Nuevo Mensaje a aquellos que carecen de recursos para comprarlos. <a href=\"http:\/\/www.nuevomensaje.org\/worldwide-community\/sobre-la-sociedad\/apoya-al-nuevo-mensaje\">Te invitamos a hacer un donativo<\/a> para sostener el Proyecto Libro Gratis, de manera que m\u00e1s y m\u00e1s personas en necesidad puedan tener acceso al Nuevo Mensaje de Dios.<\/p>\n<p><strong>Publicaciones futuras<\/strong><br \/>\nLa Sociedad continuar\u00e1 avanzando su visi\u00f3n de publicar la totalidad del Nuevo Mensaje de Dios, tanto sus libros como sus vol\u00famenes, y quiz\u00e1 un d\u00eda todo en un libro \u00fanico, llamado simplemente \u201cEl Nuevo Mensaje de Dios\u201d. Esta es una empresa enorme para la que La Sociedad necesita tu contribuci\u00f3n y participaci\u00f3n. Por favor, <a href=\"http:\/\/www.nuevomensaje.org\/worldwide-community\/sobre-la-sociedad\/apoya-al-nuevo-mensaje\">considera hacer un donativo o ser un Pilar del Nuevo Mensaje<\/a> para apoyar esta causa sagrada. Te damos las gracias por tu apoyo.<\/p>\n<\/div><br \/>\n<\/div><\/div>\n<div class=\"background-color-bridesmaid padding-20\">\n<h2 style=\"text-align: left\"><span style=\"color: #525252\">\u00cdndice<\/span><\/h2>\n<p>PRIMERA PARTE: LAS RELACIONES Y EL PROP\u00d3SITO SUPERIOR<\/p>\n<p>Introducci\u00f3n<\/p>\n<p>Cap\u00edtulo 1: <a title=\"Cap\u00edtulo 1: Tu relaci\u00f3n m\u00e1s primaria\" href=\"\/es\/el-mensaje\/volumen-2\/relaciones-y-proposito-superior\/tu-relacion-mas-primaria\">Tu relaci\u00f3n m\u00e1s primaria<\/a><\/p>\n<p>Cap\u00edtulo 2: <a href=\"\/es\/el-mensaje\/volumen-2\/relaciones-y-proposito-superior\/tu-relacion-contigo-mismo\">Tu relaci\u00f3n contigo mismo<\/a><\/p>\n<p>Cap\u00edtulo 3: <a href=\"\/es\/el-mensaje\/volumen-2\/relaciones-y-proposito-superior\/tu-relacion-con-otros\">Tu relaci\u00f3n con otros<\/a><\/p>\n<p>Cap\u00edtulo 4: <a href=\"\/es\/el-mensaje\/volumen-2\/relaciones-y-proposito-superior\/tu-relacion-con-el-mundo\">Tu relaci\u00f3n con el mundo<\/a><\/p>\n<p>Cap\u00edtulo 5: <a href=\"\/es\/el-mensaje\/volumen-2\/relaciones-y-proposito-superior\/tu-relacion-con-tu-familia-espiritual\">Tu relaci\u00f3n con tu Familia Espiritual<\/a><\/p>\n<p>Cap\u00edtulo 6: <a href=\"\/es\/el-mensaje\/volumen-2\/relaciones-y-proposito-superior\/tu-relacion-con-el-conocimiento\">Tu relaci\u00f3n con el Conocimiento<\/a><\/p>\n<p>Cap\u00edtulo 7: <a href=\"\/es\/el-mensaje\/volumen-2\/relaciones-y-proposito-superior\/tu-relacion-con-lo-desconocido\">Tu relaci\u00f3n con lo desconocido<\/a><\/p>\n<p>Cap\u00edtulo 8: <a href=\"\/es\/el-mensaje\/volumen-2\/relaciones-y-proposito-superior\/el-problema-del-mal-y-las-fuerzas-de-disonancia\">El problema del mal y las Fuerzas de Disonancia<\/a><\/p>\n<p>Cap\u00edtulo 9: <a href=\"\/es\/el-mensaje\/volumen-2\/relaciones-y-proposito-superior\/etapas-de-desarrollo\">Etapas de desarrollo<\/a><\/p>\n<p>Cap\u00edtulo 10: <a href=\"\/es\/el-mensaje\/volumen-2\/relaciones-y-proposito-superior\/matrimonio\">Matrimonio<\/a><\/p>\n<p>Cap\u00edtulo 11: <a href=\"\/es\/el-mensaje\/volumen-2\/relaciones-y-proposito-superior\/tu-proposito-y-llamada-espiritual\">Tu Prop\u00f3sito y Llamada Espiritual<\/a><\/p>\n<p>SEGUNDA PARTE: CUESTIONES PR\u00c1CTICAS<\/p>\n<p>Cap\u00edtulo 12: <a href=\"\/es\/el-mensaje\/volumen-2\/relaciones-y-proposito-superior\/estableciendo-relaciones\">Estableciendo relaciones<\/a><\/p>\n<p>Cap\u00edtulo 13: <a href=\"\/es\/el-mensaje\/volumen-2\/relaciones-y-proposito-superior\/manteniendo-relaciones\">Manteniendo relaciones<\/a><\/p>\n<p>Cap\u00edtulo 14: <a href=\"\/es\/el-mensaje\/volumen-2\/relaciones-y-proposito-superior\/finalizando-relaciones\">Finalizando relaciones<\/a><\/p>\n<p>Cap\u00edtulo 15: <a href=\"\/es\/el-mensaje\/volumen-2\/relaciones-y-proposito-superior\/conclusion\">Conclusi\u00f3n<\/a><\/p>\n<\/div>\n","protected":false},"excerpt":{"rendered":"<p>Las relaciones y el Prop\u00f3sito Superior te lleva m\u00e1s all\u00e1 de los par\u00e1metros normales de las relaciones humanas hacia una experiencia m\u00e1s profunda de uni\u00f3n, prop\u00f3sito y significado con aquellos individuos con quienes compartes un mayor destino en la vida. Es la ense\u00f1anza seminal en el Nuevo Mensaje sobre el descubrimiento de tu mayor relaci\u00f3n\u2026 <a class=\"read-more\" href=\"https:\/\/www.v6.newmessage.org\/es\/more-about-the-volumes\"><span>Read More<\/span><\/a><\/p>\n","protected":false},"author":1,"featured_media":0,"parent":16312,"menu_order":0,"comment_status":"closed","ping_status":"closed","template":"template-leftsidebar.php","meta":{"_monsterinsights_skip_tracking":false,"_monsterinsights_sitenote_active":false,"_monsterinsights_sitenote_note":"","_monsterinsights_sitenote_category":0,"footnotes":""},"categories":[469,467],"tags":[647,648],"_links":{"self":[{"href":"https:\/\/www.v6.newmessage.org\/es\/wp-json\/wp\/v2\/pages\/13085"}],"collection":[{"href":"https:\/\/www.v6.newmessage.org\/es\/wp-json\/wp\/v2\/pages"}],"about":[{"href":"https:\/\/www.v6.newmessage.org\/es\/wp-json\/wp\/v2\/types\/page"}],"author":[{"embeddable":true,"href":"https:\/\/www.v6.newmessage.org\/es\/wp-json\/wp\/v2\/users\/1"}],"replies":[{"embeddable":true,"href":"https:\/\/www.v6.newmessage.org\/es\/wp-json\/wp\/v2\/comments?post=13085"}],"version-history":[{"count":85,"href":"https:\/\/www.v6.newmessage.org\/es\/wp-json\/wp\/v2\/pages\/13085\/revisions"}],"predecessor-version":[{"id":30338,"href":"https:\/\/www.v6.newmessage.org\/es\/wp-json\/wp\/v2\/pages\/13085\/revisions\/30338"}],"up":[{"embeddable":true,"href":"https:\/\/www.v6.newmessage.org\/es\/wp-json\/wp\/v2\/pages\/16312"}],"wp:attachment":[{"href":"https:\/\/www.v6.newmessage.org\/es\/wp-json\/wp\/v2\/media?parent=13085"}],"wp:term":[{"taxonomy":"category","embeddable":true,"href":"https:\/\/www.v6.newmessage.org\/es\/wp-json\/wp\/v2\/categories?post=13085"},{"taxonomy":"post_tag","embeddable":true,"href":"https:\/\/www.v6.newmessage.org\/es\/wp-json\/wp\/v2\/tags?post=13085"}],"curies":[{"name":"wp","href":"https:\/\/api.w.org\/{rel}","templated":true}]}}