{"id":13081,"date":"2014-07-24T21:54:49","date_gmt":"2014-07-24T21:54:49","guid":{"rendered":"http:\/\/www.newmessage.org\/?page_id=13081"},"modified":"2022-12-12T18:40:50","modified_gmt":"2022-12-12T18:40:50","slug":"espiritualidad-de-la-comunidad-mayor","status":"publish","type":"page","link":"https:\/\/www.v6.newmessage.org\/es\/el-mensaje\/volumen-2\/espiritualidad-de-la-comunidad-mayor","title":{"rendered":"Espiritualidad de la Comunidad Mayor"},"content":{"rendered":"<p><em><a href=\"https:\/\/www.newmessage.org\/es\/wp-content\/uploads\/sites\/40\/2014\/07\/volum2_book1-200x300.jpg\"><\/a><a href=\"https:\/\/www.newmessage.org\/es\/wp-content\/uploads\/sites\/40\/2014\/07\/volum2_book1-200x300.jpg\"><img loading=\"lazy\" decoding=\"async\" class=\"imgborder alignright wp-image-28664\" src=\"https:\/\/www.newmessage.org\/es\/wp-content\/uploads\/sites\/40\/2014\/07\/volum2_book1-200x300-200x300.jpg\" alt=\"\" width=\"300\" height=\"450\" \/><\/a>Espiritualidad de la Comunidad Mayor<\/em> presenta un nuevo entendimiento y una mayor experiencia de Dios y la espiritualidad humana en un \u00e1mbito de vida inteligente m\u00e1s amplio. Esta es una espiritualidad que trasciende las fronteras de raza, cultura, religi\u00f3n y lenguaje, proveyendo las bases para el reconocimiento y las relaciones entre los pueblos, las naciones y los mundos.<\/p>\n<p><em>Espiritualidad de la Comunidad Mayor<\/em> presenta parte de la teolog\u00eda y la cosmolog\u00eda del Nuevo Mensaje de Dios. Abre el camino hacia una mayor experiencia de Dios. Es para aquellos que no han encontrado su hogar espiritual en las tradiciones religiosas de este mundo y est\u00e1n buscando una preparaci\u00f3n y direcci\u00f3n espiritual en este tiempo de grandes cambios e incertidumbre en nuestro planeta.<\/p>\n<p><em>Espiritualidad de la Comunidad Mayor<\/em> contiene 27 cap\u00edtulos, cada uno respondiendo una pregunta fundamental sobre el significado de la vida, nuestra relaci\u00f3n con Dios y nuestro destino en una Comunidad Mayor de vida en el universo. Tambi\u00e9n se presenta aqu\u00ed la realidad del Camino del Conocimiento de la Comunidad Mayor, que es el camino interior de preparaci\u00f3n y desarrollo espiritual contenido en el Nuevo Mensaje de Dios. Esta es una preparaci\u00f3n espiritual universal que ahora se presenta al mundo por primera vez.<\/p>\n<p><em>Espiritualidad de la Comunidad Mayor<\/em> es el primer libro del <a href=\"http:\/\/www.nuevomensaje.org\/el-mensaje\/volumen-2\">Volumen 2<\/a> del Nuevo Mensaje de Dios.<\/p>\n<p style=\"text-align: left\"><div class=\"toggle toggle-white\"><h4 class=\"trigger \"><span class=\"t_ico\"><\/span><a href=\"#\"> M\u00e1s informaci\u00f3n sobre los vol\u00famenes del Nuevo Mensaje de Dios<\/a><\/h4><div class=\"toggle_container \"><br \/>\n<div data-post-id='24520' class='insert-page insert-page-24520 '><p>El Nuevo Mensaje de Dios estar\u00e1 contenido en \u00faltima instancia en seis vol\u00famenes individuales. Cada volumen contendr\u00e1 dos o m\u00e1s libros y cada libro estar\u00e1 organizado en cap\u00edtulos.<\/p>\n<p>Por tanto, la futura estructura del Nuevo Mensaje podr\u00eda expresarse de esta manera:<\/p>\n<div id=\"attachment_24097\" style=\"width: 227px\" class=\"wp-caption alignright\"><a href=\"https:\/\/www.newmessage.org\/wp-content\/uploads\/2015\/08\/Volumes-Books-InfoGraphic.001.jpg\"><img loading=\"lazy\" decoding=\"async\" aria-describedby=\"caption-attachment-24097\" class=\"imgborder \" src=\"https:\/\/www.newmessage.org\/wp-content\/uploads\/2015\/08\/Volumes-Books-InfoGraphic.001.jpg\" alt=\"The New Message One Book\" width=\"217\" height=\"234\" \/><\/a><p id=\"caption-attachment-24097\" class=\"wp-caption-text\">Estructura del Nuevo Mensaje<\/p><\/div>\n<p><strong>Volumen &gt; Libro &gt; Cap\u00edtulo &gt; Vers\u00edculo.<br \/>\n<\/strong><\/p>\n<p>El Nuevo Mensaje de Dios contiene el mayor cuerpo de Revelaci\u00f3n que se ha dado nunca al mundo. Trata casi cada aspecto de nuestras vidas, mientras presenta nuevas realidades que nunca antes se hab\u00edan revelado. La Sociedad est\u00e1 tratando de hacer accesibles al mundo tantos libros y revelaciones habladas como sea posible.<\/p>\n<p>En la actualidad, La Sociedad es capaz de ofrecer un gran n\u00famero de las grabaciones originales de la Voz de la Revelaci\u00f3n. Aqu\u00ed se te invita a experimentar el poder y el misterio de la \u201cVoz\u201d tal y como habl\u00f3 originalmente a trav\u00e9s del Mensajero en un estado de Revelaci\u00f3n. Nunca antes hab\u00eda sido posible escuchar la Voz original de la Revelaci\u00f3n.<\/p>\n<p>La compilaci\u00f3n de todo el Nuevo Mensaje es un trabajo en curso que se est\u00e1 realizando a lo largo de un extenso periodo. Adem\u00e1s, la Revelaci\u00f3n contin\u00faa recibi\u00e9ndose hasta el d\u00eda de hoy, con nuevas ense\u00f1anzas cada a\u00f1o. Como resultado, es muy posible que la selecci\u00f3n de cap\u00edtulos en cada libro cambie y, con ella, los t\u00edtulos de los libros podr\u00edan cambiar tambi\u00e9n para reflejar el creciente alcance de cada libro. Est\u00e1s viviendo en un tiempo de Revelaci\u00f3n y contemplando el proceso de Revelaci\u00f3n despleg\u00e1ndose ante ti.<\/p>\n<p><strong>Libros en l\u00ednea (online)<\/strong><br \/>\nLa Sociedad est\u00e1 tratando de hacer que el Nuevo Mensaje est\u00e9 disponible gratuitamente y en l\u00ednea para el mundo. En la actualidad, varios libros del Nuevo Mensaje est\u00e1n disponibles gratis en www.nuevomensaje.org. Puedes explorar <a href=\"http:\/\/www.nuevomensaje.org\/el-mensaje\">la biblioteca de libros y revelaciones gratuitos en l\u00ednea<\/a>.<\/p>\n<p><strong>Libros impresos<\/strong><br \/>\nLa Sociedad ofrece actualmente algunos de los libros del Nuevo Mensaje en formato impreso (en ingl\u00e9s en casi todos los casos). Sin embargo, debido al inmenso tama\u00f1o del revelado Nuevo Mensaje, La Sociedad no puede todav\u00eda publicar en formato impreso los seis vol\u00famenes del Nuevo Mensaje. Para comprar una copia impresa de los libros del Nuevo Mensaje que est\u00e1n actualmente disponibles, por favor visita la tienda de la <a href=\"http:\/\/newknowledgelibrary.org\/\"><em>New Knowledge Library<\/em><\/a> (Biblioteca del Nuevo Conocimiento).<\/p>\n<p><strong>CDs y audio en mp3<\/strong><br \/>\nCiertas revelaciones relacionadas con el estudio en el Nuevo Mensaje est\u00e1n disponibles para comprarse en CD o como mp3 descargable. Debido a las realidades financieras que implica alcanzar al mundo entero con el Nuevo Mensaje, La Sociedad ofrece ciertas Ense\u00f1anzas a un precio modesto en la tienda de la <a href=\"http:\/\/newknowledgelibrary.org\/\"><em>New Knowledge Library<\/em><\/a> (Biblioteca del Nuevo Conocimiento).<\/p>\n<p><strong><em>The Free Book Project<\/em> (El Proyecto Libro Gratis)<\/strong><br \/>\nCon un mayor apoyo financiero, La Sociedad podr\u00e1 ofrecer m\u00e1s de estas ense\u00f1anzas de sabidur\u00eda gratis y en l\u00ednea. Adem\u00e1s, el <a href=\"https:\/\/www.newmessage.org\/the-message\/free-book-project\"><em>Free Book Project<\/em><\/a> de La Sociedad ofrece copias personales gratuitas de los libros y audios del Nuevo Mensaje a aquellos que carecen de recursos para comprarlos. <a href=\"http:\/\/www.nuevomensaje.org\/worldwide-community\/sobre-la-sociedad\/apoya-al-nuevo-mensaje\">Te invitamos a hacer un donativo<\/a> para sostener el Proyecto Libro Gratis, de manera que m\u00e1s y m\u00e1s personas en necesidad puedan tener acceso al Nuevo Mensaje de Dios.<\/p>\n<p><strong>Publicaciones futuras<\/strong><br \/>\nLa Sociedad continuar\u00e1 avanzando su visi\u00f3n de publicar la totalidad del Nuevo Mensaje de Dios, tanto sus libros como sus vol\u00famenes, y quiz\u00e1 un d\u00eda todo en un libro \u00fanico, llamado simplemente \u201cEl Nuevo Mensaje de Dios\u201d. Esta es una empresa enorme para la que La Sociedad necesita tu contribuci\u00f3n y participaci\u00f3n. Por favor, <a href=\"http:\/\/www.nuevomensaje.org\/worldwide-community\/sobre-la-sociedad\/apoya-al-nuevo-mensaje\">considera hacer un donativo o ser un Pilar del Nuevo Mensaje<\/a> para apoyar esta causa sagrada. Te damos las gracias por tu apoyo.<\/p>\n<\/div><br \/>\n<\/div><\/div>\n<div class=\"background-color-bridesmaid padding-20\">\n<h2 style=\"text-align: left\"><span style=\"color: #525252\">\u00cdndice<\/span><\/h2>\n<p><a href=\"\/es\/el-mensaje\/volumen-2\/espiritualidad-de-la-comunidad-mayor\/introduccion-gcs\">Introducci\u00f3n<\/a><\/p>\n<p><span style=\"line-height: 1.5\"><br \/>\nCap\u00edtulo 1: <\/span><a style=\"line-height: 1.5\" href=\"\/es\/el-mensaje\/volumen-2\/espiritualidad-de-la-comunidad-mayor\/que-es-dios\">\u00bfQu\u00e9 es Dios?<\/a><\/p>\n<p>Cap\u00edtulo 2: <a href=\"\/es\/el-mensaje\/volumen-2\/espiritualidad-de-la-comunidad-mayor\/que-es-el-mundo\">\u00bfQu\u00e9 es el mundo?<\/a><\/p>\n<p>Cap\u00edtulo 3: <a href=\"\/es\/el-mensaje\/volumen-2\/espiritualidad-de-la-comunidad-mayor\/que-es-la-fuerza-vital\">\u00bfQu\u00e9 es la fuerza vital?<\/a><\/p>\n<p>Cap\u00edtulo 4: <a href=\"\/es\/el-mensaje\/volumen-2\/espiritualidad-de-la-comunidad-mayor\/que-es-el-conocimiento\">\u00bfQu\u00e9 es el Conocimiento?<\/a><\/p>\n<p>Cap\u00edtulo 5: <a href=\"\/es\/el-mensaje\/volumen-2\/espiritualidad-de-la-comunidad-mayor\/cual-es-el-proposito-humano\">\u00bfCu\u00e1l es el prop\u00f3sito humano?<\/a><\/p>\n<p>Cap\u00edtulo 6: <a href=\"\/es\/el-mensaje\/volumen-2\/espiritualidad-de-la-comunidad-mayor\/que-es-la-comunidad-mayor\">\u00bfQu\u00e9 es la Comunidad Mayor?<\/a><\/p>\n<p>Cap\u00edtulo 7: <a href=\"\/es\/el-mensaje\/volumen-2\/espiritualidad-de-la-comunidad-mayor\/como-se-logra-la-sabiduria-en-la-vida\">\u00bfC\u00f3mo se logra la Sabidur\u00eda en la vida?<\/a><\/p>\n<p>Cap\u00edtulo 8: <a href=\"\/es\/el-mensaje\/volumen-2\/espiritualidad-de-la-comunidad-mayor\/para-quien-es-la-sabiduria\">\u00bfPara qui\u00e9n es la Sabidur\u00eda?<\/a><\/p>\n<p>Cap\u00edtulo 9: <a href=\"\/es\/el-mensaje\/volumen-2\/espiritualidad-de-la-comunidad-mayor\/como-participa-dios-en-el-mundo\">\u00bfC\u00f3mo participa Dios en el mundo?<\/a><\/p>\n<p>Cap\u00edtulo 10: <a href=\"\/es\/el-mensaje\/volumen-2\/espiritualidad-de-la-comunidad-mayor\/como-te-preparas\">\u00bfC\u00f3mo te preparas?<\/a><\/p>\n<p>Cap\u00edtulo 11: <a href=\"\/es\/el-mensaje\/volumen-2\/espiritualidad-de-la-comunidad-mayor\/para-que-es-tu-preparacion\">\u00bfPara qu\u00e9 es tu preparaci\u00f3n?<\/a><\/p>\n<p>Cap\u00edtulo 12: <a href=\"\/es\/el-mensaje\/volumen-2\/espiritualidad-de-la-comunidad-mayor\/a-quien-conoceras\">\u00bfA qui\u00e9n conocer\u00e1s?<\/a><\/p>\n<p>Cap\u00edtulo 13: <a href=\"\/es\/el-mensaje\/volumen-2\/espiritualidad-de-la-comunidad-mayor\/que-debe-desaprenderse\">\u00bfQu\u00e9 debe desaprenderse?<\/a><\/p>\n<p>Cap\u00edtulo 14: <a href=\"\/es\/el-mensaje\/volumen-2\/espiritualidad-de-la-comunidad-mayor\/que-debe-evitarse\">\u00bfQu\u00e9 debe evitarse?<\/a><\/p>\n<p>Cap\u00edtulo 15: <a href=\"\/es\/el-mensaje\/volumen-2\/espiritualidad-de-la-comunidad-mayor\/quien-sirve-a-la-humanidad\">\u00bfQui\u00e9n sirve a la humanidad?<\/a><\/p>\n<p>Cap\u00edtulo 16: <a href=\"\/es\/el-mensaje\/volumen-2\/espiritualidad-de-la-comunidad-mayor\/quienes-son-los-invisibles\">\u00bfQui\u00e9nes son los Invisibles?<\/a><\/p>\n<p>Cap\u00edtulo 17: <a href=\"\/es\/el-mensaje\/volumen-2\/espiritualidad-de-la-comunidad-mayor\/como-ocurre-la-revelacion-en-la-vida-humana\">\u00bfC\u00f3mo ocurre la revelaci\u00f3n en la vida humana?<\/a><\/p>\n<p>Cap\u00edtulo 18: <a href=\"\/es\/el-mensaje\/volumen-2\/espiritualidad-de-la-comunidad-mayor\/cual-es-el-destino-humano\">\u00bfCu\u00e1l es el destino humano?<\/a><\/p>\n<p>Cap\u00edtulo 19: <a href=\"\/es\/el-mensaje\/volumen-2\/espiritualidad-de-la-comunidad-mayor\/que-es-la-religion\">\u00bfQu\u00e9 es la religi\u00f3n?<\/a><\/p>\n<p>Cap\u00edtulo 20: <a href=\"\/es\/el-mensaje\/volumen-2\/espiritualidad-de-la-comunidad-mayor\/que-es-la-educacion-religiosa-y-para-quien-es\">\u00bfQu\u00e9 es la educaci\u00f3n religiosa y para qui\u00e9n es?<\/a><\/p>\n<p>Cap\u00edtulo 21: <a href=\"\/es\/el-mensaje\/volumen-2\/espiritualidad-de-la-comunidad-mayor\/que-es-el-camino-del-conocimiento-de-la-comunidad-mayor\">\u00bfQu\u00e9 es el Camino del Conocimiento de la Comunidad Mayor?<\/a><\/p>\n<p>Cap\u00edtulo 22: <a href=\"\/es\/el-mensaje\/volumen-2\/espiritualidad-de-la-comunidad-mayor\/donde-puede-encontrarse-el-conocimiento\">\u00bfD\u00f3nde puede encontrarse el Conocimiento?<\/a><\/p>\n<p>Cap\u00edtulo 23: <a href=\"\/es\/el-mensaje\/volumen-2\/espiritualidad-de-la-comunidad-mayor\/como-se-traslada-el-conocimiento-en-la-comunidad-mayor\">\u00bfC\u00f3mo se traslada el Conocimiento en la Comunidad Mayor?<\/a><\/p>\n<p>Cap\u00edtulo 24: <a href=\"\/es\/el-mensaje\/volumen-2\/espiritualidad-de-la-comunidad-mayor\/que-son-los-pasos-al-conocimiento\">\u00bfQu\u00e9 son los Pasos al Conocimiento?<\/a><\/p>\n<p>Cap\u00edtulo 25: <a href=\"\/es\/el-mensaje\/volumen-2\/espiritualidad-de-la-comunidad-mayor\/que-es-la-gracia\">\u00bfQu\u00e9 es la Gracia?<\/a><\/p>\n<p>Cap\u00edtulo 26: <a href=\"\/es\/el-mensaje\/volumen-2\/espiritualidad-de-la-comunidad-mayor\/quien-es-jesus\">\u00bfQui\u00e9n es Jes\u00fas?<\/a><\/p>\n<p>Cap\u00edtulo 27: <a href=\"\/es\/el-mensaje\/volumen-2\/espiritualidad-de-la-comunidad-mayor\/cual-es-la-evolucion-de-la-religion-en-el-mundo\">\u00bfCu\u00e1l es la evoluci\u00f3n de la religi\u00f3n en el mundo?<\/a><\/p>\n<h4 class=\"text-color-gray-6\"><\/h4>\n<\/div>\n","protected":false},"excerpt":{"rendered":"<p>Espiritualidad de la Comunidad Mayor presenta un nuevo entendimiento y una mayor experiencia de Dios y la espiritualidad humana en un \u00e1mbito de vida inteligente m\u00e1s amplio. Esta es una espiritualidad que trasciende las fronteras de raza, cultura, religi\u00f3n y lenguaje, proveyendo las bases para el reconocimiento y las relaciones entre los pueblos, las naciones\u2026 <a class=\"read-more\" href=\"https:\/\/www.v6.newmessage.org\/es\/more-about-the-volumes\"><span>Read More<\/span><\/a><\/p>\n","protected":false},"author":1,"featured_media":0,"parent":16312,"menu_order":1,"comment_status":"closed","ping_status":"closed","template":"template-leftsidebar.php","meta":{"_monsterinsights_skip_tracking":false,"_monsterinsights_sitenote_active":false,"_monsterinsights_sitenote_note":"","_monsterinsights_sitenote_category":0,"footnotes":""},"categories":[468,467],"tags":[174,646],"_links":{"self":[{"href":"https:\/\/www.v6.newmessage.org\/es\/wp-json\/wp\/v2\/pages\/13081"}],"collection":[{"href":"https:\/\/www.v6.newmessage.org\/es\/wp-json\/wp\/v2\/pages"}],"about":[{"href":"https:\/\/www.v6.newmessage.org\/es\/wp-json\/wp\/v2\/types\/page"}],"author":[{"embeddable":true,"href":"https:\/\/www.v6.newmessage.org\/es\/wp-json\/wp\/v2\/users\/1"}],"replies":[{"embeddable":true,"href":"https:\/\/www.v6.newmessage.org\/es\/wp-json\/wp\/v2\/comments?post=13081"}],"version-history":[{"count":59,"href":"https:\/\/www.v6.newmessage.org\/es\/wp-json\/wp\/v2\/pages\/13081\/revisions"}],"predecessor-version":[{"id":30337,"href":"https:\/\/www.v6.newmessage.org\/es\/wp-json\/wp\/v2\/pages\/13081\/revisions\/30337"}],"up":[{"embeddable":true,"href":"https:\/\/www.v6.newmessage.org\/es\/wp-json\/wp\/v2\/pages\/16312"}],"wp:attachment":[{"href":"https:\/\/www.v6.newmessage.org\/es\/wp-json\/wp\/v2\/media?parent=13081"}],"wp:term":[{"taxonomy":"category","embeddable":true,"href":"https:\/\/www.v6.newmessage.org\/es\/wp-json\/wp\/v2\/categories?post=13081"},{"taxonomy":"post_tag","embeddable":true,"href":"https:\/\/www.v6.newmessage.org\/es\/wp-json\/wp\/v2\/tags?post=13081"}],"curies":[{"name":"wp","href":"https:\/\/api.w.org\/{rel}","templated":true}]}}