{"id":13077,"date":"2014-07-24T21:53:57","date_gmt":"2014-07-24T21:53:57","guid":{"rendered":"http:\/\/www.newmessage.org\/?page_id=13077"},"modified":"2020-05-01T09:21:39","modified_gmt":"2020-05-01T09:21:39","slug":"pasos-al-conocimiento-el-libro-del-saber-interno","status":"publish","type":"page","link":"https:\/\/www.v6.newmessage.org\/es\/el-mensaje\/volumen-3\/pasos-al-conocimiento-el-libro-del-saber-interno","title":{"rendered":"Pasos al Conocimiento: El libro del Saber Interno"},"content":{"rendered":"<div class=\"tabgroup \"><ul class=\"tabs\"><li><a href=\"#tabs-1\"><\/a><\/li><\/ul>\n <div id=\"tabs-1\"><br \/>\n<img loading=\"lazy\" decoding=\"async\" class=\"alignnone size-large\" src=\"https:\/\/www.newmessage.org\/es\/wp-content\/uploads\/sites\/40\/2014\/07\/STK-Spanish-cover.jpeg\" alt=\"\" width=\"420\" height=\"600\" \/><\/p>\n<p><a class='churchope_button ' style='background-color: #4f8fd6' href='https:\/\/www.newmessage.org\/es\/wp-content\/uploads\/sites\/40\/2020\/05\/Pasos-al-Conocimiento-biling%C3%BCe_Spanish_STK_v2.9.pdf'   ><span>DESCARGA GRATIS el libro en versi\u00f3n biling\u00fce ingl\u00e9s\/espa\u00f1ol (PDF orientaci\u00f3n horizontal, 411 p\u00e1ginas)<\/span><\/a><br \/>\n<a class='churchope_button ' style='background-color: #4f8fd6' href='https:\/\/www.newmessage.org\/es\/wp-content\/uploads\/sites\/40\/2020\/05\/Pasos-al-Conocimiento-versi%C3%B3n-horizontal-compacta.pdf'   ><span>DESCARGA GRATIS el libro solo en espa\u00f1ol (PDF orientaci\u00f3n horizontal, 210 p\u00e1ginas)<\/span><\/a><br \/>\n<a class='churchope_button ' style='background-color: #4f8fd6' href='https:\/\/www.newmessage.org\/es\/wp-content\/uploads\/sites\/40\/2020\/05\/Pasos-al-Conocimiento-versi%C3%B3n-vertical-compacta.pdf'   ><span>DESCARGA GRATIS el libro solo en espa\u00f1ol (PDF orientaci\u00f3n vertical, 210 p\u00e1ginas)<\/span><\/a><br \/>\n<\/div>\n\t\t\t\t<div align=\"right\">\n\t\t\t<div class=\"fb-like\" data-href=\"\" data-layout=\"button_count\" data-action=\"like\" data-show-faces=\"false\" data-share=\"false\"><\/div>\n\t\t\t<div class=\"fb-share-button\" data-layout=\"button_count\"> <\/div>\n\t\t\t<div class=\"fb_iframe_widget\"><a href=\"https:\/\/twitter.com\/godsnewmessage?ref_src=twsrc%5Etfw\" class=\"twitter-follow-button\" data-show-count=\"false\">Follow @godsnewmessage<\/a><script async src=\"https:\/\/platform.twitter.com\/widgets.js\" charset=\"utf-8\"><\/script><\/div>\n\t\t\t<\/div> <\/div> \n<br \/>\n<i><\/i><\/p>\n<h3>Emprende tu viaje de Los Pasos al Conocimiento<\/h3>\n<p>365 Pasos diarios que te conducen a una revelaci\u00f3n sobre tu vida y tu destino.<\/p>\n<p><strong>Para descargar gratuitamente este libro en PDF, cliquea en los botones rectangulares azules que aparecen en esta p\u00e1gina<\/strong>.<\/p>\n<p><strong><em>PASOS AL CONOCIMIENTO<\/em> <\/strong>te lleva en el viaje de descubrir el Conocimiento dentro de ti, la misteriosa fuente de tu poder y autoridad internos. Seguir este Conocimiento te conduce a las relaciones esenciales que necesitar\u00e1s para encontrar y cumplir tu prop\u00f3sito en la vida.<\/p>\n<p><strong><em>PASOS AL CONOCIMIENTO <\/em><\/strong>provee las lecciones y pr\u00e1cticas necesarias para aprender y vivir el Nuevo Mensaje de Dios. Presentado en un formato de estudio personal, contiene 365 pasos diarios que te ense\u00f1an c\u00f3mo ver, saber y actuar con la certeza y la autoridad que el Creador te ha dado. Es el estudio consumado en el Saber Interno.<\/p>\n<p><strong><em>PASOS AL CONOCIMIENTO <\/em><\/strong>es para aquellos que est\u00e1n listos para llevar a cabo su trabajo mayor en la vida y que comprenden que est\u00e1n aqu\u00ed para hacer una contribuci\u00f3n al mundo en este momento de inflexi\u00f3n cr\u00edtico en nuestra historia. Este libro est\u00e1 aqu\u00ed para servirles.<\/p>\n<p><strong><em>PASOS AL CONOCIMIENTO <\/em><\/strong> es el primer libro del <a href=\"http:\/\/www.nuevomensaje.org\/el-mensaje\/volumen-3\">Volumen 3<\/a> del Nuevo Mensaje de Dios.<\/p>\n<p><a href=\"\/el-mensaje\/volumen-3\/pasos-al-conocimiento-el-libro-del-saber-interno\/introduccion-los-pasos-al-conocimiento\"><strong>Ve a la Introducci\u00f3n completa.<\/strong><\/a><\/p>\n<blockquote><p>\u201cViniste al mundo con el Conocimiento de qui\u00e9n eres, a qui\u00e9n debes conocer y qu\u00e9 debes lograr. Es tiempo de encontrar este Conocimiento y comenzar a vivirlo.\u201d<\/p><\/blockquote>\n<p style=\"text-align: left\"><div class=\"toggle toggle-white\"><h4 class=\"trigger \"><span class=\"t_ico\"><\/span><a href=\"#\"> M\u00e1s informaci\u00f3n sobre los vol\u00famenes del Nuevo Mensaje de Dios<\/a><\/h4><div class=\"toggle_container \"><br \/>\n<div data-post-id='24520' class='insert-page insert-page-24520 '><p>El Nuevo Mensaje de Dios estar\u00e1 contenido en \u00faltima instancia en seis vol\u00famenes individuales. Cada volumen contendr\u00e1 dos o m\u00e1s libros y cada libro estar\u00e1 organizado en cap\u00edtulos.<\/p>\n<p>Por tanto, la futura estructura del Nuevo Mensaje podr\u00eda expresarse de esta manera:<\/p>\n<div id=\"attachment_24097\" style=\"width: 227px\" class=\"wp-caption alignright\"><a href=\"https:\/\/www.newmessage.org\/wp-content\/uploads\/2015\/08\/Volumes-Books-InfoGraphic.001.jpg\"><img loading=\"lazy\" decoding=\"async\" aria-describedby=\"caption-attachment-24097\" class=\"imgborder \" src=\"https:\/\/www.newmessage.org\/wp-content\/uploads\/2015\/08\/Volumes-Books-InfoGraphic.001.jpg\" alt=\"The New Message One Book\" width=\"217\" height=\"234\" \/><\/a><p id=\"caption-attachment-24097\" class=\"wp-caption-text\">Estructura del Nuevo Mensaje<\/p><\/div>\n<p><strong>Volumen &gt; Libro &gt; Cap\u00edtulo &gt; Vers\u00edculo.<br \/>\n<\/strong><\/p>\n<p>El Nuevo Mensaje de Dios contiene el mayor cuerpo de Revelaci\u00f3n que se ha dado nunca al mundo. Trata casi cada aspecto de nuestras vidas, mientras presenta nuevas realidades que nunca antes se hab\u00edan revelado. La Sociedad est\u00e1 tratando de hacer accesibles al mundo tantos libros y revelaciones habladas como sea posible.<\/p>\n<p>En la actualidad, La Sociedad es capaz de ofrecer un gran n\u00famero de las grabaciones originales de la Voz de la Revelaci\u00f3n. Aqu\u00ed se te invita a experimentar el poder y el misterio de la \u201cVoz\u201d tal y como habl\u00f3 originalmente a trav\u00e9s del Mensajero en un estado de Revelaci\u00f3n. Nunca antes hab\u00eda sido posible escuchar la Voz original de la Revelaci\u00f3n.<\/p>\n<p>La compilaci\u00f3n de todo el Nuevo Mensaje es un trabajo en curso que se est\u00e1 realizando a lo largo de un extenso periodo. Adem\u00e1s, la Revelaci\u00f3n contin\u00faa recibi\u00e9ndose hasta el d\u00eda de hoy, con nuevas ense\u00f1anzas cada a\u00f1o. Como resultado, es muy posible que la selecci\u00f3n de cap\u00edtulos en cada libro cambie y, con ella, los t\u00edtulos de los libros podr\u00edan cambiar tambi\u00e9n para reflejar el creciente alcance de cada libro. Est\u00e1s viviendo en un tiempo de Revelaci\u00f3n y contemplando el proceso de Revelaci\u00f3n despleg\u00e1ndose ante ti.<\/p>\n<p><strong>Libros en l\u00ednea (online)<\/strong><br \/>\nLa Sociedad est\u00e1 tratando de hacer que el Nuevo Mensaje est\u00e9 disponible gratuitamente y en l\u00ednea para el mundo. En la actualidad, varios libros del Nuevo Mensaje est\u00e1n disponibles gratis en www.nuevomensaje.org. Puedes explorar <a href=\"http:\/\/www.nuevomensaje.org\/el-mensaje\">la biblioteca de libros y revelaciones gratuitos en l\u00ednea<\/a>.<\/p>\n<p><strong>Libros impresos<\/strong><br \/>\nLa Sociedad ofrece actualmente algunos de los libros del Nuevo Mensaje en formato impreso (en ingl\u00e9s en casi todos los casos). Sin embargo, debido al inmenso tama\u00f1o del revelado Nuevo Mensaje, La Sociedad no puede todav\u00eda publicar en formato impreso los seis vol\u00famenes del Nuevo Mensaje. Para comprar una copia impresa de los libros del Nuevo Mensaje que est\u00e1n actualmente disponibles, por favor visita la tienda de la <a href=\"http:\/\/newknowledgelibrary.org\/\"><em>New Knowledge Library<\/em><\/a> (Biblioteca del Nuevo Conocimiento).<\/p>\n<p><strong>CDs y audio en mp3<\/strong><br \/>\nCiertas revelaciones relacionadas con el estudio en el Nuevo Mensaje est\u00e1n disponibles para comprarse en CD o como mp3 descargable. Debido a las realidades financieras que implica alcanzar al mundo entero con el Nuevo Mensaje, La Sociedad ofrece ciertas Ense\u00f1anzas a un precio modesto en la tienda de la <a href=\"http:\/\/newknowledgelibrary.org\/\"><em>New Knowledge Library<\/em><\/a> (Biblioteca del Nuevo Conocimiento).<\/p>\n<p><strong><em>The Free Book Project<\/em> (El Proyecto Libro Gratis)<\/strong><br \/>\nCon un mayor apoyo financiero, La Sociedad podr\u00e1 ofrecer m\u00e1s de estas ense\u00f1anzas de sabidur\u00eda gratis y en l\u00ednea. Adem\u00e1s, el <a href=\"https:\/\/www.newmessage.org\/the-message\/free-book-project\"><em>Free Book Project<\/em><\/a> de La Sociedad ofrece copias personales gratuitas de los libros y audios del Nuevo Mensaje a aquellos que carecen de recursos para comprarlos. <a href=\"http:\/\/www.nuevomensaje.org\/worldwide-community\/sobre-la-sociedad\/apoya-al-nuevo-mensaje\">Te invitamos a hacer un donativo<\/a> para sostener el Proyecto Libro Gratis, de manera que m\u00e1s y m\u00e1s personas en necesidad puedan tener acceso al Nuevo Mensaje de Dios.<\/p>\n<p><strong>Publicaciones futuras<\/strong><br \/>\nLa Sociedad continuar\u00e1 avanzando su visi\u00f3n de publicar la totalidad del Nuevo Mensaje de Dios, tanto sus libros como sus vol\u00famenes, y quiz\u00e1 un d\u00eda todo en un libro \u00fanico, llamado simplemente \u201cEl Nuevo Mensaje de Dios\u201d. Esta es una empresa enorme para la que La Sociedad necesita tu contribuci\u00f3n y participaci\u00f3n. Por favor, <a href=\"http:\/\/www.nuevomensaje.org\/worldwide-community\/sobre-la-sociedad\/apoya-al-nuevo-mensaje\">considera hacer un donativo o ser un Pilar del Nuevo Mensaje<\/a> para apoyar esta causa sagrada. Te damos las gracias por tu apoyo.<\/p>\n<\/div><br \/>\n<\/div><\/div>\n<div class=\"background-color-bridesmaid\">\n<div class=\"panel-10\" align=\"center\"><\/div>\n<div class=\"panel-10\"><\/div>\n<p>La traducci\u00f3n de <a href=\"\/el-mensaje\/volumen-3\/pasos-al-conocimiento-entrenamiento-de-continuacion\">Pasos al Conocimiento: Entrenamiento de Continuaci\u00f3n<\/a> tambi\u00e9n est\u00e1 disponible.<\/p>\n<p><strong>Anexo 1: <\/strong>Para m\u00e1s informaci\u00f3n sobre los Pasos, lee <a href=\"\/el-mensaje\/volumen-2\/espiritualidad-de-la-comunidad-mayor\/que-son-los-pasos-al-conocimiento\">\u00bfQu\u00e9 son los Pasos al Conocimiento?<\/a><\/p>\n<p><strong>Anexo 2:<\/strong> Si deseas las versiones EPUB y MOBI de los Pasos al Conocimiento, puedes adquirirlas <a href=\"http:\/\/newknowledgelibrary.org\/e-books\/steps-to-knowledge-spanish-ebook\/\">aqu\u00ed<\/a>.<\/p>\n<p><strong>Anexo 3: <\/strong>\u00bfD\u00f3nde Conseguir los Pasos al Conocimiento en su idioma original?<\/p>\n<ul>\n<li><em>DESCARG\u00c1NDOLO: L<\/em><em>os Pasos al Conocimiento pueden descargarse gratuitamente en pdf y en su idioma original <a href=\"https:\/\/www.newmessage.org\/books\/steps-to-knowledge.php\">aqu\u00ed<\/a>.<\/em><\/li>\n<li><em>COMPR\u00c1NDOLO: Si deseas recibir el libro impreso o contribuir con su compra a la Sociedad del Nuevo Mensaje, puedes adquirirlo <a href=\"http:\/\/www.newknowledgelibrary.org\/products\/Steps-to-Knowledge%3A-The-Book-of-Inner-Knowing.html\">aqu\u00ed<\/a>. Tambi\u00e9n est\u00e1 a la venta en Amazon y en otras tiendas en l\u00ednea.<\/em><\/li>\n<\/ul>\n<\/div>\n","protected":false},"excerpt":{"rendered":"<p>Emprende tu viaje de Los Pasos al Conocimiento 365 Pasos diarios que te conducen a una revelaci\u00f3n sobre tu vida y tu destino. Para descargar gratuitamente este libro en PDF, cliquea en los botones rectangulares azules que aparecen en esta p\u00e1gina. PASOS AL CONOCIMIENTO te lleva en el viaje de descubrir el Conocimiento dentro de\u2026 <a class=\"read-more\" href=\"https:\/\/www.v6.newmessage.org\/es\/more-about-the-volumes\"><span>Read More<\/span><\/a><\/p>\n","protected":false},"author":1,"featured_media":0,"parent":16314,"menu_order":2,"comment_status":"closed","ping_status":"closed","template":"template-leftsidebar.php","meta":{"_monsterinsights_skip_tracking":false,"_monsterinsights_sitenote_active":false,"_monsterinsights_sitenote_note":"","_monsterinsights_sitenote_category":0,"footnotes":""},"categories":[335,470],"tags":[570,649],"_links":{"self":[{"href":"https:\/\/www.v6.newmessage.org\/es\/wp-json\/wp\/v2\/pages\/13077"}],"collection":[{"href":"https:\/\/www.v6.newmessage.org\/es\/wp-json\/wp\/v2\/pages"}],"about":[{"href":"https:\/\/www.v6.newmessage.org\/es\/wp-json\/wp\/v2\/types\/page"}],"author":[{"embeddable":true,"href":"https:\/\/www.v6.newmessage.org\/es\/wp-json\/wp\/v2\/users\/1"}],"replies":[{"embeddable":true,"href":"https:\/\/www.v6.newmessage.org\/es\/wp-json\/wp\/v2\/comments?post=13077"}],"version-history":[{"count":189,"href":"https:\/\/www.v6.newmessage.org\/es\/wp-json\/wp\/v2\/pages\/13077\/revisions"}],"predecessor-version":[{"id":29791,"href":"https:\/\/www.v6.newmessage.org\/es\/wp-json\/wp\/v2\/pages\/13077\/revisions\/29791"}],"up":[{"embeddable":true,"href":"https:\/\/www.v6.newmessage.org\/es\/wp-json\/wp\/v2\/pages\/16314"}],"wp:attachment":[{"href":"https:\/\/www.v6.newmessage.org\/es\/wp-json\/wp\/v2\/media?parent=13077"}],"wp:term":[{"taxonomy":"category","embeddable":true,"href":"https:\/\/www.v6.newmessage.org\/es\/wp-json\/wp\/v2\/categories?post=13077"},{"taxonomy":"post_tag","embeddable":true,"href":"https:\/\/www.v6.newmessage.org\/es\/wp-json\/wp\/v2\/tags?post=13077"}],"curies":[{"name":"wp","href":"https:\/\/api.w.org\/{rel}","templated":true}]}}