{"id":12814,"date":"2014-07-19T02:42:37","date_gmt":"2014-07-19T02:42:37","guid":{"rendered":"http:\/\/www.newmessage.org\/?page_id=12814"},"modified":"2017-09-20T12:07:41","modified_gmt":"2017-09-20T12:07:41","slug":"la-escuela","status":"publish","type":"page","link":"https:\/\/www.v6.newmessage.org\/es\/la-escuela","title":{"rendered":"La Escuela Gratuita"},"content":{"rendered":"<div class=\"background-color-bridesmaid padding-20\">\n<p><a class='simple_button_link ' style='background-color: #4f8fd6' href='https:\/\/www.newmessage.org\/free\/school\/Welcome_to_the_Free_School_of_the_New_Message.html'   ><span>Si ya est\u00e1s registrado, accede a la Escuela Gratuita clicando aqu\u00ed (es necesario saber algo de ingl\u00e9s)<\/span><\/a><br \/>\n<a class='simple_button_link ' style='background-color: #4f8fd6' href='https:\/\/www.newmessage.org\/free-school'   ><span>Reg\u00edstrate en la Escuela Gratuita (es necesario saber algo de ingl\u00e9s)<\/span><\/a><\/p>\n<p style=\"text-align: justify\"><strong>\u00bfQu\u00e9 es la Escuela Gratuita?<\/strong><\/p>\n<p style=\"text-align: justify\">La Escuela Gratuita es una comunidad global de personas estudiando el Nuevo Mensaje de Dios y comparti\u00e9ndolo con otros.<\/p>\n<p style=\"text-align: justify\">La Escuela ofrece un entorno de estudio individual, estudio en grupo, encuentros internacionales, retransmisiones en directo e interacci\u00f3n comunitaria para profundizar nuestra experiencia del Nuevo Mensaje y conectarnos con otros estudiantes de todo el mundo.<\/p>\n<p style=\"text-align: justify\"><strong>\u00bfTiene alg\u00fan coste?<\/strong><\/p>\n<p style=\"text-align: justify\">La Escuela es completamente gratis y est\u00e1 abierta a personas de todas las tradiciones de fe que buscan aprender m\u00e1s sobre el Nuevo Mensaje.<\/p>\n<p style=\"text-align: justify\">Creada y llevada por la\u00a0<em><a href=\"http:\/\/www.nuevomensaje.org\/worldwide-community\/sobre-la-sociedad\">Society for the New Message<\/a><\/em>\u00a0(&#8220;Sociedad para el Nuevo Mensaje&#8221;), la Escuela Gratuita es un regalo al mundo y un medio para que miles de personas experimenten por s\u00ed mismas la educaci\u00f3n y el camino que presenta el Nuevo Mensaje de Dios.<\/p>\n<p style=\"text-align: justify\">Explora la revelaci\u00f3n personal de Dios para ti y \u00fanete a otros de todo el mundo en la formaci\u00f3n de la comunidad inicial de un Nuevo Mensaje de Dios.<\/p>\n<p style=\"text-align: justify\"><strong>\u00bfC\u00f3mo puedo unirme?<\/strong><\/p>\n<p style=\"text-align: justify\">Para unirte a la creciente comunidad de la Escuela Gratuita, simplemente rellena el formulario <a href=\"https:\/\/www.newmessage.org\/the-free-school-of-the-new-message-from-god\">en esta p\u00e1gina<\/a> (de momento solo disponible en ingl\u00e9s, te pedimos disculpas). Perm\u00edtenos entre 24 y 48 horas para revisar tu petici\u00f3n, tras lo cual te enviaremos tu informaci\u00f3n de acceso y un correo electr\u00f3nico de bienvenida introduci\u00e9ndote a la sesi\u00f3n actual de la Escuela Gratuita.<\/p>\n<p style=\"text-align: justify\"><strong>\u00bfC\u00f3mo funciona?<\/strong><\/p>\n<p style=\"text-align: justify\">La Escuela es un entorno de aprendizaje completamente en l\u00ednea, que incluye las siguientes caracter\u00edsticas:<\/p>\n<ul>\n<li>Textos y audios in\u00e9ditos de la Revelaci\u00f3n<\/li>\n<li>Materiales de estudio y ense\u00f1anzas en v\u00eddeo del Mensajero y sus acompa\u00f1antes.<\/li>\n<li>Foro de discusi\u00f3n<\/li>\n<li>Retransmisiones en DIRECTO<\/li>\n<li>Chat con reuniones semanales<\/li>\n<li>Encuentros internacionales de estudio y compa\u00f1eros de estudio a distancia<\/li>\n<li>Banco de inspiraciones creado por la Comunidad<\/li>\n<li>Conexi\u00f3n en Facebook y Twitter<\/li>\n<li>Promoci\u00f3n y divulgaci\u00f3n comunitaria<\/li>\n<\/ul>\n<p style=\"text-align: justify\"><strong>Seis sesiones anuales, cada una de 2 meses.<\/strong><\/p>\n<p style=\"text-align: justify\">El a\u00f1o de la Escuela est\u00e1 organizado en 6 sesiones, cada una de 2 meses. Cada sesi\u00f3n se focaliza en uno de los \u201cpasillos\u201d principales del Nuevo Mensaje, incluyendo:<\/p>\n<ul>\n<li>VIVIR UNA VIDA SAGRADA<\/li>\n<li>DIOS, COSMOLOG\u00cdA Y CREACI\u00d3N<\/li>\n<li>LA COMUNIDAD MAYOR<\/li>\n<li>EL MENSAJE Y EL MENSAJERO<\/li>\n<li>EL NUEVO DIOS<\/li>\n<li>EL NUEVO MUNDO<\/li>\n<li>EL VIAJE A UNA NUEVA VIDA<\/li>\n<li>EL CONOCIMIENTO Y LA PR\u00c1CTICA ESPIRITUAL<\/li>\n<li>RELACIONES Y PROP\u00d3SITO SUPERIOR<\/li>\n<\/ul>\n<p style=\"text-align: justify\"><strong>Llevar adentro. Llevar afuera.<\/strong><\/p>\n<p style=\"text-align: justify\">En cada sesi\u00f3n, el Mensajero presenta una Revelaci\u00f3n in\u00e9dita del Nuevo Mensaje de Dios.<\/p>\n<p style=\"text-align: justify\">De la mano del Mensajero a la nuestra, la comunidad de la Escuela es la primera en recibir cada nueva revelaci\u00f3n. Juntos, llevamos el Nuevo Mensaje a nuestro interior, y luego encontramos formas de llevarlo al mundo.<\/p>\n<p style=\"text-align: justify\">Este es el prop\u00f3sito central de la Escuela: Llevar el Mensaje adentro, y llevar el Mensaje afuera.<\/p>\n<p style=\"text-align: justify\">Esperamos que te unas a nosotros en este estimulante entorno de aprendizaje. Es una oportunidad rara y preciosa vivir en un tiempo de Revelaci\u00f3n en el que el Mensajero est\u00e1 vivo en el mundo, as\u00ed como tomar parte en la construcci\u00f3n de la comunidad inicial de un Nuevo Mensaje de Dios en la Tierra.<\/p>\n<a class='simple_button_link ' style='background-color: #4f8fd6' href='https:\/\/www.newmessage.org\/free-school'   ><span>Reg\u00edstrate en la Escuela Gratuita (es necesario saber algo de ingl\u00e9s)<\/span><\/a>\n<\/div>\n","protected":false},"excerpt":{"rendered":"<p>\u00bfQu\u00e9 es la Escuela Gratuita? La Escuela Gratuita es una comunidad global de personas estudiando el Nuevo Mensaje de Dios y comparti\u00e9ndolo con otros. La Escuela ofrece un entorno de estudio individual, estudio en grupo, encuentros internacionales, retransmisiones en directo e interacci\u00f3n comunitaria para profundizar nuestra experiencia del Nuevo Mensaje y conectarnos con otros estudiantes\u2026 <a class=\"read-more\" href=\"https:\/\/www.v6.newmessage.org\/es\/la-escuela\"><span>Read More<\/span><\/a><\/p>\n","protected":false},"author":1,"featured_media":0,"parent":0,"menu_order":43,"comment_status":"closed","ping_status":"closed","template":"","meta":{"_monsterinsights_skip_tracking":false,"_monsterinsights_sitenote_active":false,"_monsterinsights_sitenote_note":"","_monsterinsights_sitenote_category":0,"footnotes":""},"categories":[70],"tags":[695],"_links":{"self":[{"href":"https:\/\/www.v6.newmessage.org\/es\/wp-json\/wp\/v2\/pages\/12814"}],"collection":[{"href":"https:\/\/www.v6.newmessage.org\/es\/wp-json\/wp\/v2\/pages"}],"about":[{"href":"https:\/\/www.v6.newmessage.org\/es\/wp-json\/wp\/v2\/types\/page"}],"author":[{"embeddable":true,"href":"https:\/\/www.v6.newmessage.org\/es\/wp-json\/wp\/v2\/users\/1"}],"replies":[{"embeddable":true,"href":"https:\/\/www.v6.newmessage.org\/es\/wp-json\/wp\/v2\/comments?post=12814"}],"version-history":[{"count":136,"href":"https:\/\/www.v6.newmessage.org\/es\/wp-json\/wp\/v2\/pages\/12814\/revisions"}],"predecessor-version":[{"id":28947,"href":"https:\/\/www.v6.newmessage.org\/es\/wp-json\/wp\/v2\/pages\/12814\/revisions\/28947"}],"wp:attachment":[{"href":"https:\/\/www.v6.newmessage.org\/es\/wp-json\/wp\/v2\/media?parent=12814"}],"wp:term":[{"taxonomy":"category","embeddable":true,"href":"https:\/\/www.v6.newmessage.org\/es\/wp-json\/wp\/v2\/categories?post=12814"},{"taxonomy":"post_tag","embeddable":true,"href":"https:\/\/www.v6.newmessage.org\/es\/wp-json\/wp\/v2\/tags?post=12814"}],"curies":[{"name":"wp","href":"https:\/\/api.w.org\/{rel}","templated":true}]}}