{"id":12810,"date":"2014-07-19T02:41:44","date_gmt":"2014-07-19T02:41:44","guid":{"rendered":"http:\/\/www.newmessage.org\/?page_id=12810"},"modified":"2017-09-18T18:53:44","modified_gmt":"2017-09-18T18:53:44","slug":"sobre-la-sociedad","status":"publish","type":"page","link":"https:\/\/www.v6.newmessage.org\/es\/worldwide-community\/sobre-la-sociedad","title":{"rendered":"La Society"},"content":{"rendered":"<div class=\"floater-right\">\n<p><a href=\"https:\/\/www.newmessage.org\/the-messenger-and-the-members-of-the-society\"><img loading=\"lazy\" decoding=\"async\" class=\"imgborder text-align-right alignnone size-medium\" src=\"https:\/\/www.newmessage.org\/wp-content\/uploads\/2015\/08\/Society-FINAL-group-photo-8-300x187.jpg\" alt=\"From upper left: Robert Busbey, Patricia Summers, Marshall Vian Summers, Reed Summers, Carol Coffey, Will Burrows, Tyyne Andrews, Darlene Mitchell, Ayesha Summers, Jeanine Butler, Ellen Mitchell, Ana Burrows. Photo taken: Sept, 2015\" width=\"300\" height=\"187\" \/><\/a><\/p>\n<\/div>\n<h3 style=\"text-align: center\">\u00bfQu\u00e9 es la <em>Society<\/em>?<\/h3>\n<p>La <em>Society for the New Message from God<\/em> (&#8220;La Sociedad para el Nuevo Mensaje de Dios&#8221;) es una organizaci\u00f3n religiosa no lucrativa 501(c)(3) cuya misi\u00f3n es preservar, proteger y presentar el Nuevo Mensaje de Dios en el mundo. La <em>Society<\/em> no est\u00e1 afiliada a ning\u00fan otro cuerpo religioso. Se sostiene financieramente con las <a href=\"http:\/\/www.nuevomensaje.org\/worldwide-community\/sobre-la-sociedad\/apoya-al-nuevo-mensaje\">donaciones<\/a> de los estudiantes del Nuevo Mensaje de todo el mundo, no recibiendo patrocinio ni ingresos de ninguna organizaci\u00f3n religiosa o gubernamental.<\/p>\n<p>La <em>Society<\/em> fue fundada en 1992 por <a href=\"http:\/\/www.nuevomensaje.org\/el-mensajero\/quien-es-marshall-vian-summers\">el Mensajero Marshall Vian Summers<\/a>, que vio la necesidad de tener una organizaci\u00f3n y un peque\u00f1o grupo entregado de personas que pudieran llevar la misi\u00f3n del Mensajero tanto durante su vida como despu\u00e9s, protegiendo la Revelaci\u00f3n y manteniendo su pureza en el futuro lejano.<\/p>\n<p>Desde entonces hasta ahora, la <em>Society<\/em> ha compartido la carga del Mensajero, permaneciendo a su lado, presenciando el proceso de Revelaci\u00f3n y realizando la gran tarea de llevar una Nueva Revelaci\u00f3n de Dios a la humanidad.<\/p>\n<p>La <em>Society<\/em> la componen diez miembros y nueve asistentes cercanos, cada uno de los cuales ha elegido responder a su propio llamado para asistir al Mensajero y avanzar la emergencia del Nuevo Mensaje en el mundo. Adem\u00e1s, la <em>Society<\/em>\u00a0es asistida y apoyada por voluntarios entregados que viven en diferentes pa\u00edses y sirven de muchas maneras diferentes.<\/p>\n<p style=\"text-align: justify\">La <em>Society<\/em> sigue la gu\u00eda directa del l\u00edder del Nuevo Mensaje, Marshall Vian Summers. Asistiendo al l\u00edder del Nuevo Mensaje est\u00e1 el director de la <em>Society<\/em>, Reed Summers, que coordina el equipo gestor que supervisa los departamentos de la organizaci\u00f3n.<\/p>\n<h3 style=\"text-align: center\">Nuestro trabajo<\/h3>\n<p><a href=\"https:\/\/www.newmessage.org\/es\/wp-content\/uploads\/sites\/40\/2017\/05\/org-chart-may-2015.jpg\"><img loading=\"lazy\" decoding=\"async\" width=\"300\" height=\"232\" class=\"alignright size-medium wp-image-28513 imgborder\" src=\"https:\/\/www.newmessage.org\/es\/wp-content\/uploads\/sites\/40\/2017\/05\/org-chart-may-2015-300x232.jpg\" alt=\"\" srcset=\"https:\/\/www.v6.newmessage.org\/es\/wp-content\/uploads\/sites\/40\/2017\/05\/org-chart-may-2015-300x232.jpg 300w, https:\/\/www.v6.newmessage.org\/es\/wp-content\/uploads\/sites\/40\/2017\/05\/org-chart-may-2015-768x593.jpg 768w, https:\/\/www.v6.newmessage.org\/es\/wp-content\/uploads\/sites\/40\/2017\/05\/org-chart-may-2015-600x463.jpg 600w, https:\/\/www.v6.newmessage.org\/es\/wp-content\/uploads\/sites\/40\/2017\/05\/org-chart-may-2015-500x386.jpg 500w\" sizes=\"(max-width: 300px) 100vw, 300px\" \/><\/a>La misi\u00f3n de la <em>Society<\/em> es traer al mundo el Nuevo Mensaje de Dios \u2014traerlo a la gente en todas partes, de modo que la humanidad pueda encontrar su terreno com\u00fan, preservar la Tierra, proteger la libertad humana y avanzar la civilizaci\u00f3n humana en este momento en que nos encontramos en el umbral de grandes cambios sin precedentes.<\/p>\n<p>El trabajo de la <em>Society<\/em> est\u00e1 dedicado a avanzar la misi\u00f3n del Mensaje y el Mensajero, una misi\u00f3n establecida originalmente por Dios y la Asamblea Ang\u00e9lica. Esta misi\u00f3n est\u00e1 profundamente conectada con la evoluci\u00f3n y el destino de nuestro mundo, y es una extensi\u00f3n directa de un Plan Divino para servir a nuestro mundo en este momento cr\u00edtico en la historia humana.<\/p>\n<p>Desde el comienzo de los tiempos y la creaci\u00f3n del universo manifiesto, Dios y la Presencia Ang\u00e9lica han hecho avanzar la misi\u00f3n de sanar la Separaci\u00f3n y redimir a los separados mediante el Conocimiento, tanto en nuestro mundo como por toda la Comunidad Mayor de vida inteligente en el universo.<\/p>\n<p>La <em>Society<\/em> est\u00e1 dedicada a servir a esta gran misi\u00f3n y Plan de Dios. En este momento, nuestro trabajo principal es recibir, preservar, proteger y presentar el Nuevo Mensaje de Dios en el mundo. Buscamos hacer esto publicando libros, apoyando el proceso de traducci\u00f3n internacional, manteniendo p\u00e1ginas web, foros y muchos entornos en l\u00ednea, proveyendo educaci\u00f3n e interacci\u00f3n para la <a href=\"http:\/\/www.nuevomensaje.org\/sobre-la-comunidad-global\">Comunidad Global<\/a> mediante eventos, retransmisiones, Campamentos y la <a href=\"http:\/\/www.nuevomensaje.org\/la-escuela\">Escuela Gratuita del Nuevo Mensaje<\/a>.<\/p>\n<p>Gracias a esto, la llamada y la comunicaci\u00f3n de Dios pueden alcanzar los corazones de todo el mundo, despertando el poder del Conocimiento en el mundo de forma que la gente pueda descubrir su contribuci\u00f3n \u00fanica en este momento de necesidad, cambio y oportunidad crecientes.<\/p>\n<p>Pero esta es una responsabilidad que excede con mucho lo que nosotros podemos hacer solos. Se requiere del apoyo y la asistencia de mucha gente. Los libros que sostienes en tus manos, la p\u00e1gina web que te informa y te inspira, el Santuario de la Comunidad Mayor que alberga los eventos del Nuevo Mensaje y las oficinas que mantienen esta organizaci\u00f3n son todos frutos del dar de mucha gente.<\/p>\n<p>Y gracias a las contribuciones financieras, las puertas al Santuario de la Comunidad Mayor est\u00e1n abiertas, la Escuela Gratuita del Nuevo Mensaje est\u00e1 abierta a todo el mundo sin cargo y los vol\u00famenes y libros del Nuevo Mensaje est\u00e1n cada vez m\u00e1s disponibles gratuitamente en l\u00ednea. T\u00fa, que puedes estar entre los primeros en recibir y experimentar este Nuevo Mensaje de Dios, puedes unirte a otros para hacer una verdadera contribuci\u00f3n a esta misi\u00f3n vital.<\/p>\n<h3 style=\"text-align: center\">Nuestra Misi\u00f3n<\/h3>\n<ol>\n<li>Llevar <a href=\"http:\/\/www.nuevomensaje.org\/el-mensaje\">el Nuevo Mensaje de Dios <\/a>a la humanidad en su forma pura.<\/li>\n<li>Dar noticia del Mensajero y su presencia en el mundo a la gente de todas partes.<\/li>\n<li>Apoyar la emergencia del Conocimiento en las vidas de la gente de todas partes mediante la educaci\u00f3n y el camino de desarrollo contenidos en el Nuevo Mensaje.<\/li>\n<li>Abogar por la conciencia y la preparaci\u00f3n de la humanidad ante las Grandes Olas de cambio y la emergencia de la humanidad a la Comunidad Mayor de vida inteligente en el universo.<\/li>\n<li>Alentar la unidad y la tolerancia entre las religiones del mundo tal y como gu\u00eda la Nueva Revelaci\u00f3n de Dios para nuestra \u00e9poca.<\/li>\n<li>Apoyar y sostener al Mensajero mientras contin\u00faa recibiendo la Nueva Revelaci\u00f3n de Dios para el mundo.<\/li>\n<li>Establecer la <a href=\"http:\/\/www.nuevomensaje.org\/sobre-la-comunidad-global\">Comunidad Global<\/a> del Nuevo Mensaje para aprender, vivir y apoyar el Nuevo Mensaje en concordancia con el Mensajero y la <em>Society<\/em>.<\/li>\n<li>Construir una plataforma organizativa fuerte para llevar el Nuevo Mensaje de Dios al mundo y al futuro.<\/li>\n<\/ol>\n<h3 style=\"text-align: center\">Objetivos estrat\u00e9gicos<\/h3>\n<ol>\n<li>Establecer la conciencia espiritual y la tradici\u00f3n del Nuevo Mensaje en el mundo.<\/li>\n<li>Alcanzar a millones de personas en todo el mundo con la proclamaci\u00f3n y las ense\u00f1anzas del Nuevo Mensaje.<\/li>\n<li>Proveer el texto y el audio del <a href=\"http:\/\/www.nuevomensaje.org\/el-mensaje\">Testamento del Nuevo Mensaje de Dios<\/a>.<\/li>\n<li>Hacer accesible el vasto y profundo alcance del Nuevo Mensaje mediante libros, p\u00e1ginas web y traducciones.<\/li>\n<li>Presentar la Voz de la Revelaci\u00f3n al mundo en su forma original en audio.<\/li>\n<li>Publicar las ense\u00f1anzas para el mundo del Mensajero tanto en audio como en forma escrita.<\/li>\n<li>Establecer la visi\u00f3n del Mensajero sobre el camino para aprender y vivir el Nuevo Mensaje.<\/li>\n<li>Crear la oportunidad de que la gente de todas partes interact\u00fae con la revelaci\u00f3n y con su propia naturaleza y llamado m\u00e1s profundos en la vida mediante la <a href=\"http:\/\/www.nuevomensaje.org\/la-escuela\">Escuela Gratuita del Nuevo Mensaje<\/a>.<\/li>\n<li>Crear estabilidad y resiliencia organizativas para atender con \u00e9xito la respuesta del mundo al Nuevo Mensaje y su Proclamaci\u00f3n.<\/li>\n<\/ol>\n<h3 style=\"text-align: center\">Acerca de la directiva del Nuevo Mensaje<\/h3>\n<p><strong>Marshall Vian Summers<\/strong><\/p>\n<p><em>El Mensajero, l\u00edder del Nuevo Mensaje de Dios<\/em><\/p>\n<p><a href=\"https:\/\/www.newmessage.org\/es\/wp-content\/uploads\/sites\/40\/2017\/05\/DSC_0146-copy-600x400.jpg\"><img loading=\"lazy\" decoding=\"async\" width=\"600\" height=\"400\" class=\"size-full wp-image-28512 imgborder alignnone\" src=\"https:\/\/www.newmessage.org\/es\/wp-content\/uploads\/sites\/40\/2017\/05\/DSC_0146-copy-600x400.jpg\" alt=\"\" srcset=\"https:\/\/www.v6.newmessage.org\/es\/wp-content\/uploads\/sites\/40\/2017\/05\/DSC_0146-copy-600x400.jpg 600w, https:\/\/www.v6.newmessage.org\/es\/wp-content\/uploads\/sites\/40\/2017\/05\/DSC_0146-copy-600x400-300x200.jpg 300w, https:\/\/www.v6.newmessage.org\/es\/wp-content\/uploads\/sites\/40\/2017\/05\/DSC_0146-copy-600x400-500x333.jpg 500w\" sizes=\"(max-width: 600px) 100vw, 600px\" \/><\/a><\/p>\n<p>Marshall Vian Summers es el Mensajero del Nuevo Mensaje de Dios. Fue seleccionado y preparado por la Asamblea Ang\u00e9lica antes de esta vida para servir en este rol como Mensajero para la Nueva Revelaci\u00f3n, y ahora ha recibido la mayor y m\u00e1s completa revelaci\u00f3n jam\u00e1s dada a la humanidad.<\/p>\n<p>Marshall es el fundador de la <em>Society<\/em>, que fue establecida en 1992 para preservar y presentar el Nuevo Mensaje de Dios en el mundo. \u00c9l es el l\u00edder actual del Nuevo Mensaje de Dios y la <a href=\"http:\/\/www.nuevomensaje.org\/sobre-la-comunidad-global\">Comunidad Global del Nuevo Mensaje<\/a>. Eventualmente ser\u00e1 sucedido en su rol de liderazgo por su mujer Patricia Summers.<\/p>\n<p>En la actualidad, el Mensajero contin\u00faa recibiendo la revelaci\u00f3n en expansi\u00f3n del Nuevo Mensaje de Dios para estos tiempos y los tiempos venideros. Adem\u00e1s, est\u00e1 involucrado en retransmitir su proclamaci\u00f3n y mensaje esencial al mundo y tambi\u00e9n en grabar un vasto legado de ense\u00f1anzas, directivas y clarificaciones para ayudar a los estudiantes a aprender y vivir el Nuevo Mensaje. Finalmente, est\u00e1 trabajando en el proyecto hist\u00f3rico de compilar la suma de m\u00e1s de 9000 p\u00e1ginas de Revelaci\u00f3n en un nuevo testamento para la humanidad.<\/p>\n<p><strong>Reed Summers<\/strong><\/p>\n<p><em><a href=\"https:\/\/www.newmessage.org\/es\/wp-content\/uploads\/sites\/40\/2017\/05\/Reed-Summers-New-Message-from-God-300x282.jpg\"><img loading=\"lazy\" decoding=\"async\" width=\"300\" height=\"282\" class=\"alignright size-full wp-image-28515 imgborder\" src=\"https:\/\/www.newmessage.org\/es\/wp-content\/uploads\/sites\/40\/2017\/05\/Reed-Summers-New-Message-from-God-300x282.jpg\" alt=\"\" \/><\/a>Maestro y representante del Nuevo Mensaje<\/em><\/p>\n<p>Nacido en la tradici\u00f3n del Nuevo Mensaje e hijo del Mensajero, Reed Summers es un miembro de la <em>Society<\/em> y actualmente dirige su difusi\u00f3n y su misi\u00f3n educativa. Adem\u00e1s, provee ense\u00f1anzas y direcci\u00f3n para la <a href=\"http:\/\/www.nuevomensaje.org\/sobre-la-comunidad-global\">Comunidad Global<\/a> de estudiantes y es el representante p\u00fablico principal del Mensajero.<\/p>\n<p>Reed Summers se uni\u00f3 al Mensajero y la <em>Society<\/em> en el a\u00f1o 2004, con 20 a\u00f1os de edad. En los a\u00f1os desde entonces ha estado implicado en apoyar la misi\u00f3n del Mensajero en un amplio rango de actividades: dise\u00f1a las p\u00e1ginas web, las cubiertas de los libros y los materiales de difusi\u00f3n del Nuevo Mensaje; escribe, habla y ense\u00f1a en la <a href=\"http:\/\/www.nuevomensaje.org\/la-escuela\">Escuela Gratuita del Nuevo Mensaje<\/a>; coordina los muchos viajes del Mensajero en el mundo; y, junto a Patricia Summers, desarrolla el plan de estudios para la Escuela Gratuita del Nuevo Mensaje, as\u00ed como las retransmisiones, Vigilias y Campamentos del Nuevo Mensaje.<\/p>\n<p><strong>Patricia Summers<\/strong><\/p>\n<p><em><a href=\"https:\/\/www.newmessage.org\/es\/wp-content\/uploads\/sites\/40\/2017\/05\/Patricia-Summers-New-Message-from-God-293x300.jpg\"><img loading=\"lazy\" decoding=\"async\" width=\"293\" height=\"300\" class=\"alignright size-full wp-image-28514 imgborder\" src=\"https:\/\/www.newmessage.org\/es\/wp-content\/uploads\/sites\/40\/2017\/05\/Patricia-Summers-New-Message-from-God-293x300.jpg\" alt=\"\" \/><\/a>Maestra y representante del Nuevo Mensaje<\/em><\/p>\n<p>Patricia ha estado junto a Marshall desde 1983, casi una d\u00e9cada antes de que se creara la <em>Society<\/em>. Desde los primeros d\u00edas de Revelaci\u00f3n, ella asisti\u00f3 muy de cerca al Mensajero en su largo viaje recibiendo la Revelaci\u00f3n del Nuevo Mensaje, permaneciendo siempre a su lado, ayud\u00e1ndole a llevar la carga creciente de su rol y sus responsabilidades.<\/p>\n<p>Patricia es un miembro de la <em>Society<\/em>, y durante m\u00e1s de tres d\u00e9cadas ha ayudado tambi\u00e9n a construir la organizaci\u00f3n, gui\u00e1ndola a trav\u00e9s de muchos desaf\u00edos hasta su posici\u00f3n actual. Hoy trabaja con Reed Summers y el Mensajero dirigiendo la <em>Society<\/em>, facilitando los libros de Revelaci\u00f3n y proveyendo la presentaci\u00f3n al mundo del Nuevo Mensaje de Dios. Adem\u00e1s, ella es uno de los maestros primarios del Nuevo Mensaje, ofreciendo sabidur\u00eda, inspiraci\u00f3n y direcci\u00f3n esenciales para la Comunidad Global de estudiantes de la Revelaci\u00f3n.<\/p>\n<h3 style=\"text-align: center\">Sobre los miembros de la <em>Society<\/em><\/h3>\n<p>Marshall Vian Summers y los miembros de la <em>Society<\/em> para el Nuevo Mensaje de Dios han recibido la inmensa responsabilidad de traer un Nuevo Mensaje al mundo. Para los diez\u00a0miembros de La <em>Society<\/em>, es una carga y una bendici\u00f3n comprometerse por entero en este gran servicio a la humanidad.<\/p>\n<p>Los miembros de la <em>Society<\/em> son los representantes y guardianes de la Palabra y el Sonido Divinos del Nuevo Mensaje. La Fuente del Nuevo Mensaje les ha confiado este rol: proteger, preservar y presentar esta Nueva Revelaci\u00f3n y servirla incondicionalmente. Aqu\u00ed trabajan para salvaguardar la pureza del Nuevo Mensaje \u2014de sus publicaciones, sus textos, sus audios, sus v\u00eddeos y sus eventos p\u00fablicos.<\/p>\n<p>La <em>Society<\/em> est\u00e1 involucrada en un amplio abanico de responsabilidades pr\u00e1cticas relacionadas con la misi\u00f3n de preservar y proclamar el Nuevo Mensaje y apoyar el crecimiento de la Comunidad Global de estudiantes. En esto, los miembros de la <em>Society<\/em> conforman el personal de muchos de los equipos y proyectos centrales de la <em>Society<\/em>, coordinando el trabajo de los asistentes cercanos y de los voluntarios que asisten a la organizaci\u00f3n.<\/p>\n<p>Los miembros de la <em>Society<\/em> no asumen la posici\u00f3n de consejeros, maestros o mentores religiosos. No est\u00e1n involucrados en ense\u00f1ar el Nuevo Mensaje ni en establecer una interpretaci\u00f3n de los textos. Su rol, en cambio, es sostener el trabajo esencial de la organizaci\u00f3n y apoyar al Mensajero y los maestros del Nuevo Mensaje en su labor de proveer el camino educativo y la inspiraci\u00f3n para todos aquellos que buscan aprender y vivir la Revelaci\u00f3n.<\/p>\n<p>En la actualidad, la <em>Society<\/em> consta de diez miembros:\u00a0<strong><em>Tyyne Andrews, Will Burrows, Robert Busbey, Jeanine Butler, Carol Coffey, Darlene Mitchell, Ellen Mitchell, Ayesha Summers, Reed Summers y Patricia Summers<\/em><\/strong>.<\/p>\n<h3 style=\"text-align: center\">La historia de los miembros de la <em>Society<\/em><\/h3>\n<p>Toda Revelaci\u00f3n dada por el Creador a lo largo del tiempo tiene una historia \u2014la historia de su entrega, la <a href=\"http:\/\/www.nuevomensaje.org\/el-mensajero\/quien-es-marshall-vian-summers\">historia de su Mensajero<\/a> y la historia de la comunidad inicial de individuos que se reunieron para apoyar al Mensajero y ayudar a sacar a la luz la Revelaci\u00f3n para el mundo.<\/p>\n<p>La historia de la Nueva Revelaci\u00f3n de Dios est\u00e1 despleg\u00e1ndose ahora ante nosotros, alrededor del Mensajero, de la <em>Society<\/em> \u2014el peque\u00f1o c\u00edrculo de individuos que se han reunido para apoyarle\u2014 y de la creciente Comunidad Global de estudiantes. Es una historia con un comienzo humilde que contin\u00faa despleg\u00e1ndose.<\/p>\n<p>En 1992, habiendo ya estado involucrado en el proceso de Revelaci\u00f3n durante 10 a\u00f1os, el Mensajero estableci\u00f3 la organizaci\u00f3n de la <em>Society<\/em>, a pesar de que en ese momento solo hab\u00eda unos pocos individuos a su lado para participar.<\/p>\n<p>En los a\u00f1os que siguieron, los miembros actuales de la <em>Society<\/em> fueron encontrando la Revelaci\u00f3n y eventualmente asumieron su lugar de servicio a ella. Cada uno de ellos tiene su propia historia \u00fanica.<\/p>\n<p>Aunque viv\u00edan en lugares, circunstancias y situaciones vitales diferentes, cada uno de ellos encontr\u00f3 la Revelaci\u00f3n o al Mensajero y comenz\u00f3 a responder a una experiencia de reconocimiento y un sentido de llamado, tomando los primeros pasos hacia una vida de servicio a pesar de que no sab\u00edan a d\u00f3nde llevar\u00edan esos pasos ni qu\u00e9 significar\u00edan.<\/p>\n<p>Por tanto, ellos vinieron, ganando la libertad para encontrar su camino, uno tras otro, encarando cada uno desaf\u00edos y adversidades, pero sabiendo que deb\u00edan venir, que deb\u00edan asumir una posici\u00f3n de servicio a esta Revelaci\u00f3n emergente y al hombre que estaba recibi\u00e9ndola. Esto requiri\u00f3 que desarrollaran una mayor fuerza y estabilidad internas y externas, a medida que comenzaban a compartir la carga del Mensajero.<\/p>\n<p>A lo largo de sus a\u00f1os de servicio, ellos han recorrido un camino dif\u00edcil junto al Mensajero, manteniendo una devoci\u00f3n y un compromiso profundos con \u00e9l y con su misi\u00f3n, liber\u00e1ndole para que pueda hacer lo que solo \u00e9l puede hacer, permaneciendo a su lado y estando ah\u00ed para \u00e9l, sin importar las dificultades y desaf\u00edos que surjan.<\/p>\n<p>Hoy contin\u00faan respondiendo a su sentido de llamado y responsabilidad, buscando lograr un mayor servicio, atendiendo desaf\u00edos a\u00fan mayores y permitiendo que sus vidas y roles sean definidos y redefinidos mientras sirven a esta gran misi\u00f3n. Esto es todo para que el Nuevo Mensaje de Dios pueda llegar al mundo en la menguante ventana de tiempo disponible, proveyendo una sabidur\u00eda y percepci\u00f3n profunda que raramente se ha visto en este mundo y llamando al Conocimiento a surgir en la familia humana, de forma que este poder espiritual pueda emerger y guiar a la humanidad en estos tiempos de gran necesidad.<\/p>\n<p>\u00bfPero c\u00f3mo podr\u00eda este peque\u00f1o grupo de personas hacer esto? \u00bfC\u00f3mo pueden cumplir esta misi\u00f3n? Estas son preguntas con las que conviven.<\/p>\n<p>Ahora otros est\u00e1n empezando a responder a su propio llamado a asistir a la <em>Society<\/em> en esta gran empresa. Los asistentes cercanos y los muchos voluntarios que ahora est\u00e1n asistiendo a la <em>Society<\/em> est\u00e1n asumiendo roles y responsabilidades vitales que permiten que esta misi\u00f3n avance a una escala cada vez mayor.<\/p>\n<p>La historia de la comunidad inicial de la Revelaci\u00f3n contin\u00faa despleg\u00e1ndose a medida que individuos inspirados de todo el mundo responden a la Nueva Revelaci\u00f3n de Dios y asumen su lugar de servicio, tanto en el mundo como en apoyo directo a la misi\u00f3n del Mensaje y el Mensajero.<\/p>\n<h3 style=\"text-align: center\">Sobre los asistentes cercanos de la <em>Society<\/em><\/h3>\n<p>Los asistentes cercanos de la <em>Society<\/em> son una parte vital de la misi\u00f3n del Nuevo Mensaje de Dios. Los asistentes cercanos son individuos que sienten un llamado a servir y avanzar la misi\u00f3n del Mensaje y el Mensajero, as\u00ed como de ayudar a la <em>Society<\/em> a llevar a cabo esta misi\u00f3n en el mundo. Ellos han hecho de esto su centro principal de atenci\u00f3n, fortaleciendo sus vidas internas y externas lo suficiente para poder sostener y avanzar \u00e1reas clave del trabajo de la <em>Society<\/em> y mantener esto en el tiempo. Esta es una verdadera demostraci\u00f3n de verdadero servicio.<\/p>\n<p>En la actualidad, hay nueve asistentes cercanos en tres pa\u00edses asistiendo a la <em>Society<\/em>.<\/p>\n<h3 style=\"text-align: center\">Sobre los voluntarios que asisten a la <em>Society<\/em><\/h3>\n<p>Los voluntarios que asisten a la <em>Society<\/em> proveen un servicio cr\u00edtico para el avance de muchos aspectos del trabajo y la misi\u00f3n de la <em>Society<\/em>. Los voluntarios son estudiantes de la Comunidad Global que residen por todo el mundo y son capaces de ofrecer su tiempo, sus habilidades y su disposici\u00f3n para completar tareas espec\u00edficas, ser plantilla de proyectos y colaborar en los equipos y departamentos de la organizaci\u00f3n. Esta forma de servicio complementa su estudio y su proclamaci\u00f3n del Nuevo Mensaje en el mundo, y es un apoyo vital al trabajo y la misi\u00f3n de la <em>Society<\/em> y el Mensajero.<\/p>\n<p>En la actualidad, unos 84 voluntarios en 28 pa\u00edses est\u00e1n asistiendo a la <em>Society<\/em>.<\/p>\n<hr \/>\n<a class='simple_button_link ' style='background-color: #4f8fd6' href='\/worldwide-community\/sobre-la-sociedad\/apoya-al-nuevo-mensaje'   ><span>Dona para ayudar a traer el Nuevo Mensaje al mundo<\/span><\/a>\n","protected":false},"excerpt":{"rendered":"<p>\u00bfQu\u00e9 es la Society? La Society for the New Message from God (&#8220;La Sociedad para el Nuevo Mensaje de Dios&#8221;) es una organizaci\u00f3n religiosa no lucrativa 501(c)(3) cuya misi\u00f3n es preservar, proteger y presentar el Nuevo Mensaje de Dios en el mundo. La Society no est\u00e1 afiliada a ning\u00fan otro cuerpo religioso. Se sostiene financieramente\u2026 <a class=\"read-more\" href=\"https:\/\/www.v6.newmessage.org\/es\/worldwide-community\/sobre-la-sociedad\"><span>Read More<\/span><\/a><\/p>\n","protected":false},"author":1,"featured_media":0,"parent":12743,"menu_order":2,"comment_status":"closed","ping_status":"closed","template":"template-leftsidebar.php","meta":{"_monsterinsights_skip_tracking":false,"_monsterinsights_sitenote_active":false,"_monsterinsights_sitenote_note":"","_monsterinsights_sitenote_category":0,"footnotes":""},"categories":[],"tags":[693],"_links":{"self":[{"href":"https:\/\/www.v6.newmessage.org\/es\/wp-json\/wp\/v2\/pages\/12810"}],"collection":[{"href":"https:\/\/www.v6.newmessage.org\/es\/wp-json\/wp\/v2\/pages"}],"about":[{"href":"https:\/\/www.v6.newmessage.org\/es\/wp-json\/wp\/v2\/types\/page"}],"author":[{"embeddable":true,"href":"https:\/\/www.v6.newmessage.org\/es\/wp-json\/wp\/v2\/users\/1"}],"replies":[{"embeddable":true,"href":"https:\/\/www.v6.newmessage.org\/es\/wp-json\/wp\/v2\/comments?post=12810"}],"version-history":[{"count":201,"href":"https:\/\/www.v6.newmessage.org\/es\/wp-json\/wp\/v2\/pages\/12810\/revisions"}],"predecessor-version":[{"id":28942,"href":"https:\/\/www.v6.newmessage.org\/es\/wp-json\/wp\/v2\/pages\/12810\/revisions\/28942"}],"up":[{"embeddable":true,"href":"https:\/\/www.v6.newmessage.org\/es\/wp-json\/wp\/v2\/pages\/12743"}],"wp:attachment":[{"href":"https:\/\/www.v6.newmessage.org\/es\/wp-json\/wp\/v2\/media?parent=12810"}],"wp:term":[{"taxonomy":"category","embeddable":true,"href":"https:\/\/www.v6.newmessage.org\/es\/wp-json\/wp\/v2\/categories?post=12810"},{"taxonomy":"post_tag","embeddable":true,"href":"https:\/\/www.v6.newmessage.org\/es\/wp-json\/wp\/v2\/tags?post=12810"}],"curies":[{"name":"wp","href":"https:\/\/api.w.org\/{rel}","templated":true}]}}