{"id":12784,"date":"2014-07-19T02:38:10","date_gmt":"2014-07-19T02:38:10","guid":{"rendered":"http:\/\/www.newmessage.org\/?page_id=12784"},"modified":"2019-10-25T15:50:51","modified_gmt":"2019-10-25T15:50:51","slug":"por-donde-empezar","status":"publish","type":"page","link":"https:\/\/www.v6.newmessage.org\/es\/el-mensaje\/por-donde-empezar","title":{"rendered":"Por d\u00f3nde empezar"},"content":{"rendered":"<div id=\"attachment_21980\" style=\"width: 260px\" class=\"wp-caption alignright\"><a href=\"https:\/\/www.newmessage.org\/es\/wp-content\/uploads\/sites\/40\/2014\/07\/Volume-1-CD-Cover1.jpg\"><img loading=\"lazy\" decoding=\"async\" aria-describedby=\"caption-attachment-21980\" class=\"imgborder \" src=\"https:\/\/www.newmessage.org\/wp-content\/uploads\/2015\/08\/Volume-1-CD-Cover1-172x300.jpg\" alt=\"\" width=\"250\" height=\"435\" \/><\/a><p id=\"caption-attachment-21980\" class=\"wp-caption-text\">El Nuevo Mensaje de Dios<\/p><\/div>\n<p><em>El Nuevo Mensaje de Dios<\/em> es la mayor Revelaci\u00f3n jam\u00e1s dada al mundo, totalizando m\u00e1s de 9000 p\u00e1ginas de texto recibidas a lo largo de un periodo de 43 a\u00f1os. \u00bfC\u00f3mo empezar a leer, estudiar y practicar una revelaci\u00f3n tan grande? \u00bfPor d\u00f3nde empezar?<\/p>\n<p>Aunque tienes libertad para comenzar en cualquier parte, <a href=\"http:\/\/www.nuevomensaje.org\/worldwide-community\/sobre-la-sociedad\">la <em>Society<\/em><\/a>\u00a0ofrece una gu\u00eda de estudio construida sobre la sabidur\u00eda y el aporte directo del <a href=\"http:\/\/www.nuevomensaje.org\/el-mensajero\/quien-es-marshall-vian-summers\">Mensajero<\/a>. Considera las sugerencias que encontrar\u00e1s abajo seg\u00fan trazas tu camino \u00fanico e individual a trav\u00e9s de esta gran riqueza de ense\u00f1anzas y revelaciones.<\/p>\n<p>Sea como sea que te adentres en <a href=\"http:\/\/www.nuevomensaje.org\/el-mensaje\">la biblioteca del Nuevo Mensaje<\/a>, has de saber que te encuentras en el comienzo de un nuevo viaje en la vida. Este viaje tiene el poder de despertar el Conocimiento, la inteligencia espiritual dentro de ti; de revelar tu verdadera direcci\u00f3n en la vida; de expandir tu conciencia de esas fuerzas mayores que est\u00e1n modelando nuestro mundo y de recordarte el mayor prop\u00f3sito por el que has venido.<\/p>\n<p>A partir de aqu\u00ed, el sendero te conduce siempre hacia arriba, llev\u00e1ndote a nuevos panoramas de experiencia en tu vida, acerc\u00e1ndote al Conocimiento dentro de ti y en \u00faltima instancia a Dios, a trav\u00e9s del Nuevo Mensaje de Dios para el mundo.<\/p>\n<h3>Gu\u00eda de estudio recomendada por la <em>Society<\/em> y el Mensajero<\/h3>\n<ol>\n<li style=\"list-style-type: none\">\n<ol>\n<li style=\"list-style-type: none\">\n<ol>\n<li>Lee y escucha la Voz de la Revelaci\u00f3n del Nuevo Mensaje entregando las siguientes revelaciones:<br \/>\n<a href=\"https:\/\/www.nuevomensaje.org\/el-mensaje\/volumen-1\/el-viaje-a-una-nueva-vida\/el-regalo-de-una-nueva-vida\">El regalo de una nueva vida<\/a><br \/>\n<a href=\"https:\/\/www.nuevomensaje.org\/el-mensaje\/volumen-1\/el-viaje-a-una-nueva-vida\/el-viaje-a-la-libertad\">El viaje a la libertad<\/a><br \/>\n<a href=\"\/el-mensaje\/volumen-1\/dios-ha-hablado-de-nuevo\/la-bendicion\">La Bendici\u00f3n<\/a><br \/>\n<a title=\"La Iniciaci\u00f3n\" href=\"\/el-mensaje\/volumen-1\/dios-ha-hablado-de-nuevo\/la-iniciacion\">La Iniciaci\u00f3n<\/a><br \/>\n<a href=\"\/el-mensaje\/volumen-1\/dios-ha-hablado-de-nuevo\/la-proclamacion\">La Proclamaci\u00f3n<\/a><br \/>\n<a title=\"Viviendo en un tiempo de Revelaci\u00f3n\" href=\"\/el-mensaje\/volumen-1\/dios-ha-hablado-de-nuevo\/viviendo-en-un-tiempo-de-revelacion\">Viviendo en un tiempo de Revelaci\u00f3n<\/a><\/li>\n<li>Lee una <a href=\"http:\/\/www.nuevomensaje.org\/introduccion-al-nuevo-mensaje\">breve historia del Nuevo Mensaje<\/a> y ve y escucha al <a href=\"http:\/\/www.nuevomensaje.org\/el-mensajero\/quien-es-marshall-vian-summers\">Mensajero<\/a>.<\/li>\n<li>Aprende sobre el Conocimiento, el poder espiritual y fuente de nuestra gu\u00eda interna que vive dentro de ti. Descubrir este Conocimiento y construir tu conexi\u00f3n con \u00e9l es la base del camino de aprender y vivir el Nuevo Mensaje.<br \/>\nAprende sobre el Conocimiento:<br \/>\n<a href=\"\/el-mensaje\/volumen-2\/espiritualidad-de-la-comunidad-mayor\/que-es-el-conocimiento\">\u00bfQu\u00e9 es el Conocimiento?<\/a><br \/>\n<a href=\"\/el-mensaje\/otras-revelaciones\/escuchando-al-conocimiento\">Escuchando al Conocimiento<\/a><br \/>\nDios, el Conocimiento y la Presencia Ang\u00e9lica (no disponible todav\u00eda online)<br \/>\n<a href=\"http:\/\/www.nuevomensaje.org\/el-mensaje\/otras-revelaciones\/el-retorno\">El Retorno<\/a><\/li>\n<li>Aprende sobre la realidad de <a href=\"http:\/\/www.nuevomensaje.org\/el-mensaje\/volumen-4\/la-vida-en-el-universo\">La vida en el universo<\/a> y <a href=\"http:\/\/www.nuevomensaje.org\/el-mensaje\/volumen-4\/las-grandes-olas-de-cambio\">Las Grandes Olas de cambio<\/a>. Estas dos realidades fundamentales tienen el poder de remodelar nuestro mundo y las vidas de cada persona. Es por esto que Dios ha hablado de nuevo, y es muy importante que aprendas lo que esto significa para ti y para el mundo.<\/li>\n<li>Aprende acerca de la Comunidad Mayor; lee las siguientes revelaciones:<br \/>\n<a href=\"\/el-mensaje\/volumen-2\/espiritualidad-de-la-comunidad-mayor\/que-es-la-comunidad-mayor\">\u00bfQu\u00e9 es la Comunidad Mayor?<\/a><br \/>\n<a href=\"http:\/\/www.nuevomensaje.org\/el-mensaje\/volumen-1\/la-comunidad-mayor\/entrando-en-la-comunidad-mayor\">Entrando en la Comunidad Mayor<\/a><\/li>\n<li>Aprende acerca de las Grandes Olas de cambio y el Nuevo Mundo:<br \/>\nLa dif\u00edcil situaci\u00f3n de la humanidad (no disponible todav\u00eda online)<br \/>\n<a href=\"\/el-mensaje\/volumen-1\/el-nuevo-mundo\/la-carrera-para-salvar-la-civilizacion-humana\">La carrera para salvar la civilizaci\u00f3n humana<\/a><br \/>\n<a href=\"https:\/\/www.nuevomensaje.org\/el-mensaje\/otras-revelaciones\/que-salvara-a-la-humanidad\">Qu\u00e9 salvar\u00e1 a la humanidad<\/a><br \/>\n<a href=\"https:\/\/www.nuevomensaje.org\/el-mensaje\/volumen-1\/el-nuevo-mensajero\/la-voluntad-del-cielo\">La Voluntad del Cielo<\/a><br \/>\nConsidera la posibilidad de seguir estudiando estas dos realidades fundamentales en los libros del Nuevo Mensaje: <a href=\"http:\/\/www.nuevomensaje.org\/el-mensaje\/volumen-4\/las-grandes-olas-de-cambio\">Las Grandes Olas de cambio<\/a> y <a href=\"http:\/\/www.nuevomensaje.org\/el-mensaje\/volumen-4\/la-vida-en-el-universo\">La vida en el universo<\/a>.<\/li>\n<li>Si est\u00e1s listo para comenzar el viaje de descubrir y cultivar tu conexi\u00f3n con el Conocimiento, considera comenzar los <a href=\"http:\/\/www.nuevomensaje.org\/el-mensaje\/volumen-3\/pasos-al-conocimiento-el-libro-del-saber-interno\">Pasos al Conocimiento: El Libro del Saber Interno<\/a>. Estos 365 pasos diarios pretender llevarte a una revelaci\u00f3n sobre tu vida y tu destino. Comienza leyendo el libro <a href=\"http:\/\/www.nuevomensaje.org\/el-mensaje\/volumen-2\/espiritualidad-de-la-comunidad-mayor\">Espiritualidad de la Comunidad Mayor<\/a>, que presenta la realidad de la Comunidad Mayor de vida en el universo y el atemporal Camino del Conocimiento.<\/li>\n<li><a href=\"http:\/\/www.nuevomensaje.org\/el-mensajero\/quien-es-marshall-vian-summers\">El Mensajero<\/a>:<br \/>\nLee las <a href=\"http:\/\/www.nuevomensaje.org\/el-mensaje\/revelations\/revelaciones-sobre-el-mensajero\">revelaciones sobre el origen, el destino y la misi\u00f3n del Mensajero<\/a>. Aprende m\u00e1s sobre este hombre, lo que significa su presencia en el mundo y su conexi\u00f3n con los anteriores Mensajeros.<\/li>\n<\/ol>\n<\/li>\n<\/ol>\n<\/li>\n<\/ol>\n<h3 style=\"text-align: left\">Oportunidades adicionales para estudiar y participar<\/h3>\n<h4>Considera la posibilidad de participar online en la <a href=\"http:\/\/www.nuevomensaje.org\/la-escuela\">Escuela Gratuita del Nuevo Mensaje<\/a>.<\/h4>\n<p>Cada dos meses hay una sesi\u00f3n de la <a href=\"http:\/\/www.nuevomensaje.org\/la-escuela\">Escuela Gratuita<\/a>, dedicada a un tema principal del Nuevo Mensaje. Dentro de la Escuela Gratuita tendr\u00e1s la oportunidad de escuchar y participar con estudiantes de 92 pa\u00edses de todo el mundo.<\/p>\n<p>En cada sesi\u00f3n de la Escuela tienes la oportunidad de estudiar revelaciones clave seleccionadas por el propio Mensajero y de explorar el significado y la sabidur\u00eda m\u00e1s profundos que el Nuevo Mensaje provee.<\/p>\n<p>Asiste al chat online semanal (\u201c<em>Campfire Chat<\/em>\u201d) y conoce a <a href=\"http:\/\/www.nuevomensaje.org\/sobre-la-comunidad-global\">otros estudiantes del Nuevo Mensaje de todo el mundo<\/a>. Aprende de los dem\u00e1s, de <a href=\"http:\/\/www.nuevomensaje.org\/worldwide-community\/sobre-la-sociedad\">la <em>Society<\/em><\/a>\u00a0y del propio <a href=\"http:\/\/www.nuevomensaje.org\/el-mensajero\/quien-es-marshall-vian-summers\">Mensajero<\/a>, y comparte las experiencias que est\u00e1s teniendo.<\/p>\n<p>Asiste a la retransmisi\u00f3n en directo (\u201c<em>Fireside Broadcast<\/em>\u201d) con Patricia y Reed Summers y aprende sabidur\u00eda y conceptos clave sobre las revelaciones en estudio.<\/p>\n<p>Puedes unirte en cualquier momento <strong>\u00a1y es gratis!<\/strong> Reg\u00edstrate en la\u00a0<a href=\"http:\/\/www.nuevomensaje.org\/la-escuela\">Escuela Gratuita del Nuevo Mensaje<\/a> y explora lo que la Escuela est\u00e1 estudiando y practicando ahora.<\/p>\n<h4>El Campamento de la Comunidad Global del Nuevo Mensaje (el \u201c<em>Encampment<\/em>\u201d)<\/h4>\n<p>Durante cinco d\u00edas de oto\u00f1o, la Comunidad Global del Nuevo Mensaje se re\u00fane en el <a href=\"https:\/\/www.newmessage.org\/th_event\/encampment-of-the-new-message\"><em>Encampment<\/em><\/a> para compartir una experiencia de inmersi\u00f3n con los miembros de <a href=\"http:\/\/www.nuevomensaje.org\/worldwide-community\/sobre-la-sociedad\">la <em>Society<\/em><\/a>, el Mensajero y estudiantes del Nuevo Mensaje procedentes de todo el mundo.<\/p>\n<p>Retirado de tu vida cotidiana, en el espectacular emplazamiento de las Monta\u00f1as Rocosas, tienes la oportunidad de experimentar la direcci\u00f3n y el prop\u00f3sito mayores de tu vida y lo que estos significan en un mundo que cambia radicalmente. Juntos indagaremos en nuestra relaci\u00f3n sagrada con el Conocimiento y construiremos relaciones con otros de <a href=\"http:\/\/www.nuevomensaje.org\/sobre-la-comunidad-global\">la comunidad global<\/a> de personas que est\u00e1n respondiendo al Nuevo Mensaje en este momento cr\u00edtico en la historia.<\/p>\n<p>El <a href=\"https:\/\/www.newmessage.org\/th_event\/encampment-of-the-new-message\"><em>Encampment<\/em><\/a>\u00a0es para estudiantes que se sienten impactados por el Nuevo Mensaje y sienten que su destino en la vida podr\u00eda estar directamente ligado a aprender y vivir esta Nueva Revelaci\u00f3n del Creador.<\/p>\n","protected":false},"excerpt":{"rendered":"<p>El Nuevo Mensaje de Dios es la mayor Revelaci\u00f3n jam\u00e1s dada al mundo, totalizando m\u00e1s de 9000 p\u00e1ginas de texto recibidas a lo largo de un periodo de a\u00f1os. \u00bfC\u00f3mo empezar a leer, estudiar y practicar una revelaci\u00f3n tan grande? \u00bfPor d\u00f3nde empezar? Aunque tienes libertad para comenzar en cualquier parte, la Society\u00a0ofrece una gu\u00eda\u2026 <a class=\"read-more\" href=\"https:\/\/www.v6.newmessage.org\/es\/el-mensaje\/por-donde-empezar\"><span>Read More<\/span><\/a><\/p>\n","protected":false},"author":1,"featured_media":0,"parent":15090,"menu_order":4,"comment_status":"closed","ping_status":"closed","template":"template-leftsidebar.php","meta":{"_monsterinsights_skip_tracking":false,"_monsterinsights_sitenote_active":false,"_monsterinsights_sitenote_note":"","_monsterinsights_sitenote_category":0,"footnotes":""},"categories":[],"tags":[678],"_links":{"self":[{"href":"https:\/\/www.v6.newmessage.org\/es\/wp-json\/wp\/v2\/pages\/12784"}],"collection":[{"href":"https:\/\/www.v6.newmessage.org\/es\/wp-json\/wp\/v2\/pages"}],"about":[{"href":"https:\/\/www.v6.newmessage.org\/es\/wp-json\/wp\/v2\/types\/page"}],"author":[{"embeddable":true,"href":"https:\/\/www.v6.newmessage.org\/es\/wp-json\/wp\/v2\/users\/1"}],"replies":[{"embeddable":true,"href":"https:\/\/www.v6.newmessage.org\/es\/wp-json\/wp\/v2\/comments?post=12784"}],"version-history":[{"count":94,"href":"https:\/\/www.v6.newmessage.org\/es\/wp-json\/wp\/v2\/pages\/12784\/revisions"}],"predecessor-version":[{"id":29600,"href":"https:\/\/www.v6.newmessage.org\/es\/wp-json\/wp\/v2\/pages\/12784\/revisions\/29600"}],"up":[{"embeddable":true,"href":"https:\/\/www.v6.newmessage.org\/es\/wp-json\/wp\/v2\/pages\/15090"}],"wp:attachment":[{"href":"https:\/\/www.v6.newmessage.org\/es\/wp-json\/wp\/v2\/media?parent=12784"}],"wp:term":[{"taxonomy":"category","embeddable":true,"href":"https:\/\/www.v6.newmessage.org\/es\/wp-json\/wp\/v2\/categories?post=12784"},{"taxonomy":"post_tag","embeddable":true,"href":"https:\/\/www.v6.newmessage.org\/es\/wp-json\/wp\/v2\/tags?post=12784"}],"curies":[{"name":"wp","href":"https:\/\/api.w.org\/{rel}","templated":true}]}}