{"id":12778,"date":"2014-07-19T02:35:55","date_gmt":"2014-07-19T02:35:55","guid":{"rendered":"http:\/\/www.newmessage.org\/?page_id=12778"},"modified":"2017-08-21T11:31:03","modified_gmt":"2017-08-21T11:31:03","slug":"preguntas-frecuentes","status":"publish","type":"page","link":"https:\/\/www.v6.newmessage.org\/es\/introduccion-al-nuevo-mensaje\/preguntas-frecuentes","title":{"rendered":"Preguntas frecuentes"},"content":{"rendered":"<p><a href=\"http:\/\/www.nuevomensaje.org\/introduccion-al-nuevo-mensaje\/preguntas-frecuentes\/que-es-el-nuevo-mensaje-de-dios\">\u00bfQu\u00e9 es el Nuevo Mensaje de Dios?<\/a><br \/>\n\u201cEl Creador de toda vida ha enviado un Nuevo Mensaje. Es un mensaje para preparar al individuo y a los pueblos del mundo para sobrevivir y avanzar a trav\u00e9s de los grandes peligros que aguardan a la humanidad. Es un gran regalo frente a una necesidad urgente.&#8221;<br \/>\n<a href=\"http:\/\/www.nuevomensaje.org\/introduccion-al-nuevo-mensaje\/preguntas-frecuentes\/que-es-el-nuevo-mensaje-de-dios\">Lee m\u00e1s&#8230;<\/a><\/p>\n<p><a href=\"http:\/\/www.nuevomensaje.org\/introduccion-al-nuevo-mensaje\/preguntas-frecuentes\/por-que-hay-un-nuevo-mensaje\">\u00bfPor qu\u00e9 hay un Nuevo Mensaje de Dios en el mundo?<\/a><br \/>\n\u201cLa humanidad est\u00e1 ante el precipicio de un gran cambio y un futuro incierto. Se est\u00e1 dirigiendo precipitadamente hacia un futuro que ser\u00e1 distinto al pasado, pero no est\u00e1 preparada. Es por eso que hay un Nuevo Mensaje de Dios.\u201d<br \/>\n<a href=\"http:\/\/www.nuevomensaje.org\/introduccion-al-nuevo-mensaje\/preguntas-frecuentes\/por-que-hay-un-nuevo-mensaje\">Lee m\u00e1s&#8230;<\/a><\/p>\n<p><a href=\"http:\/\/www.nuevomensaje.org\/introduccion-al-nuevo-mensaje\/preguntas-frecuentes\/como-se-recibio-el-nuevo-mensaje\">C\u00f3mo se recibi\u00f3 el Nuevo Mensaje<\/a><br \/>\n\u201cUn gran amor ha tra\u00eddo este Nuevo Mensaje al mundo, el amor del Creador por la Creaci\u00f3n, el amor del Creador por la familia humana, mostrando a la humanidad su gran oportunidad en este mundo de volverse una raza unida y libre.&#8221;<br \/>\n<a href=\"http:\/\/www.nuevomensaje.org\/introduccion-al-nuevo-mensaje\/preguntas-frecuentes\/como-se-recibio-el-nuevo-mensaje\">Lee m\u00e1s&#8230;<\/a><\/p>\n<p><a href=\"http:\/\/www.nuevomensaje.org\/introduccion-al-nuevo-mensaje\/preguntas-frecuentes\/que-es-dios\">\u00bfQu\u00e9 es Dios?<\/a><br \/>\n\u201cAqu\u00ed te estar\u00e1s enfocando no en un Dios de tu mundo y de tu tiempo, sino en un Dios de todos los mundos y todos los tiempos. En el Nuevo Mensaje, Dios es considerado dentro del contexto m\u00e1s amplio del Universo entero\u201d<br \/>\n<a href=\"http:\/\/www.nuevomensaje.org\/introduccion-al-nuevo-mensaje\/preguntas-frecuentes\/que-es-dios\">Lee m\u00e1s&#8230;<\/a><\/p>\n<p><a href=\"http:\/\/www.nuevomensaje.org\/introduccion-al-nuevo-mensaje\/preguntas-frecuentes\/como-me-comunico-con-dios\">\u00bfC\u00f3mo me comunico con Dios?<\/a><br \/>\n&#8220;A trav\u00e9s del Conocimiento (la mente espiritual m\u00e1s profunda que el Creador te ha otorgado a ti y a todos los seres sensibles en el Universo) puedes sentir la presencia de todas las relaciones. Esta es la experiencia de Dios.&#8221;<br \/>\n<a href=\"http:\/\/www.nuevomensaje.org\/introduccion-al-nuevo-mensaje\/preguntas-frecuentes\/como-me-comunico-con-dios\">Lee m\u00e1s&#8230;<\/a><\/p>\n<p><a href=\"http:\/\/www.nuevomensaje.org\/introduccion-al-nuevo-mensaje\/preguntas-frecuentes\/que-es-lo-que-proclama-el-nuevo-mensaje\">\u00bfQu\u00e9 es lo que defiende el Nuevo Mensaje?<\/a><br \/>\n&#8220;1. Libertad, 2. Unidad humana, cooperaci\u00f3n y cese de la guerra y el conflicto, 3. Sostenibilidad y restauraci\u00f3n del medio ambiente, 4. Primac\u00eda del Conocimiento dentro del individuo, 5. Coexistencia pac\u00edfica y cooperaci\u00f3n entre las religiones del mundo&#8230;&#8221;<br \/>\n<a href=\"http:\/\/www.nuevomensaje.org\/introduccion-al-nuevo-mensaje\/preguntas-frecuentes\/que-es-lo-que-proclama-el-nuevo-mensaje\">Lee m\u00e1s&#8230;<\/a><\/p>\n<p><a href=\"http:\/\/www.nuevomensaje.org\/introduccion-al-nuevo-mensaje\/preguntas-frecuentes\/es-esto-una-nueva-religion\">\u00bfEs esto una nueva religi\u00f3n? \u00bfY por qu\u00e9 necesita el mundo una nueva religi\u00f3n?<\/a><br \/>\n&#8220;El prop\u00f3sito del Nuevo Mensaje no es simplemente crear otra religi\u00f3n en contraste con todas las otras religiones, sino por el contrario hacer avanzar el entendimiento humano de su realidad espiritual, de sus mayores desaf\u00edos en el mundo y de su destino en un Universo repleto de vida inteligente.&#8221;<br \/>\n<a href=\"http:\/\/www.nuevomensaje.org\/introduccion-al-nuevo-mensaje\/preguntas-frecuentes\/es-esto-una-nueva-religion\">Lee m\u00e1s&#8230;<\/a><\/p>\n<p><a href=\"http:\/\/www.nuevomensaje.org\/introduccion-al-nuevo-mensaje\/preguntas-frecuentes\/tengo-que-convertirme\">\u00bfTengo que convertirme o hacerme un seguidor del Nuevo Mensaje para poder recibirlo?<\/a><br \/>\n&#8220;No. Recibir el Nuevo Mensaje es recibir su sabidur\u00eda y su ense\u00f1anza sobre el Conocimiento, el prop\u00f3sito, las relaciones, la unidad, la cooperaci\u00f3n y la emergencia de la humanidad a la Comunidad Mayor de vida inteligente en el Universo.&#8221;<br \/>\n<a href=\"http:\/\/www.nuevomensaje.org\/introduccion-al-nuevo-mensaje\/preguntas-frecuentes\/tengo-que-convertirme\">Lee m\u00e1s&#8230;<\/a><\/p>\n<p><a href=\"http:\/\/www.nuevomensaje.org\/introduccion-al-nuevo-mensaje\/preguntas-frecuentes\/que-pide-el-nuevo-mensaje-de-mi\">\u00bfQu\u00e9 pide el Nuevo Mensaje de m\u00ed?<\/a><br \/>\n&#8220;El Nuevo Mensaje te pide honestidad, sinceridad, integridad y compromiso \u2014todas las cosas que todo el mundo necesita establecer en su propia vida y todo lo que necesita ser establecido en las villas, comunidades, ciudades y naciones del mundo.&#8221;<br \/>\n<a href=\"http:\/\/www.nuevomensaje.org\/introduccion-al-nuevo-mensaje\/preguntas-frecuentes\/que-pide-el-nuevo-mensaje-de-mi\">Lee m\u00e1s&#8230;<\/a><\/p>\n","protected":false},"excerpt":{"rendered":"<p>\u00bfQu\u00e9 es el Nuevo Mensaje de Dios? \u201cEl Creador de toda vida ha enviado un Nuevo Mensaje. Es un mensaje para preparar al individuo y a los pueblos del mundo para sobrevivir y avanzar a trav\u00e9s de los grandes peligros que aguardan a la humanidad. Es un gran regalo frente a una necesidad urgente.&#8221; Lee\u2026 <a class=\"read-more\" href=\"https:\/\/www.v6.newmessage.org\/es\/introduccion-al-nuevo-mensaje\/preguntas-frecuentes\"><span>Read More<\/span><\/a><\/p>\n","protected":false},"author":1,"featured_media":0,"parent":12748,"menu_order":0,"comment_status":"closed","ping_status":"closed","template":"template-leftsidebar.php","meta":{"_monsterinsights_skip_tracking":false,"_monsterinsights_sitenote_active":false,"_monsterinsights_sitenote_note":"","_monsterinsights_sitenote_category":0,"footnotes":""},"categories":[61],"tags":[673],"_links":{"self":[{"href":"https:\/\/www.v6.newmessage.org\/es\/wp-json\/wp\/v2\/pages\/12778"}],"collection":[{"href":"https:\/\/www.v6.newmessage.org\/es\/wp-json\/wp\/v2\/pages"}],"about":[{"href":"https:\/\/www.v6.newmessage.org\/es\/wp-json\/wp\/v2\/types\/page"}],"author":[{"embeddable":true,"href":"https:\/\/www.v6.newmessage.org\/es\/wp-json\/wp\/v2\/users\/1"}],"replies":[{"embeddable":true,"href":"https:\/\/www.v6.newmessage.org\/es\/wp-json\/wp\/v2\/comments?post=12778"}],"version-history":[{"count":19,"href":"https:\/\/www.v6.newmessage.org\/es\/wp-json\/wp\/v2\/pages\/12778\/revisions"}],"predecessor-version":[{"id":28731,"href":"https:\/\/www.v6.newmessage.org\/es\/wp-json\/wp\/v2\/pages\/12778\/revisions\/28731"}],"up":[{"embeddable":true,"href":"https:\/\/www.v6.newmessage.org\/es\/wp-json\/wp\/v2\/pages\/12748"}],"wp:attachment":[{"href":"https:\/\/www.v6.newmessage.org\/es\/wp-json\/wp\/v2\/media?parent=12778"}],"wp:term":[{"taxonomy":"category","embeddable":true,"href":"https:\/\/www.v6.newmessage.org\/es\/wp-json\/wp\/v2\/categories?post=12778"},{"taxonomy":"post_tag","embeddable":true,"href":"https:\/\/www.v6.newmessage.org\/es\/wp-json\/wp\/v2\/tags?post=12778"}],"curies":[{"name":"wp","href":"https:\/\/api.w.org\/{rel}","templated":true}]}}