{"id":12768,"date":"2014-07-19T02:34:12","date_gmt":"2014-07-19T02:34:12","guid":{"rendered":"http:\/\/www.newmessage.org\/?page_id=12768"},"modified":"2017-08-21T15:47:54","modified_gmt":"2017-08-21T15:47:54","slug":"la-historia-del-mensajero-marshall-vian-summers","status":"publish","type":"page","link":"https:\/\/www.v6.newmessage.org\/es\/el-mensajero\/la-historia-del-mensajero-marshall-vian-summers","title":{"rendered":"La historia del Mensajero Marshall Vian Summers"},"content":{"rendered":"<div id=\"attachment_16639\" style=\"width: 310px\" class=\"wp-caption alignright\"><img loading=\"lazy\" decoding=\"async\" aria-describedby=\"caption-attachment-16639\" class=\"wpimagehover imgborder size-medium\" src=\"\/wp-content\/uploads\/2014\/07\/Messenger-Angor-Cambodia-2-300x285.jpg\" alt=\"\" width=\"300\" height=\"285\" \/><p id=\"caption-attachment-16639\" class=\"wp-caption-text\">Marshall Vian Summers<\/p><\/div>\n<p>Marshall Vian Summers ha dedicado los \u00faltimos 43 a\u00f1os de su vida a recibir y ense\u00f1ar discretamente <a href=\"http:\/\/www.nuevomensaje.org\/el-mensaje\">el Nuevo Mensaje de Dios<\/a>.<\/p>\n<p>Durante gran parte del a\u00f1o \u00e9l trabaja en las Monta\u00f1as Rocosas de los Estados Unidos, donde vive en retiro rodeado de su familia y sus compa\u00f1eros cercanos.<\/p>\n<p>En raras ocasiones <a href=\"https:\/\/www.newmessage.org\/gods-messenger\/journeys-messenger\">Marshall viaja a otros lugares de los Estados Unidos y a otros pa\u00edses<\/a> para proveer la advertencia, la bendici\u00f3n y la preparaci\u00f3n contenidas dentro del Nuevo Mensaje.<\/p>\n<h4 class=\"text-color-gray-9 text-align-center\">PRIMEROS A\u00d1OS<\/h4>\n<p>Marshall fue encendido espiritualmente a una edad temprana, especialmente a trav\u00e9s de sus experiencias en la naturaleza. Siendo un hombre joven, sus viajes a trav\u00e9s de las regiones salvajes de Norteam\u00e9rica contribuyeron a su misteriosa educaci\u00f3n.<\/p>\n<p>Despu\u00e9s de graduarse de la universidad se hizo un maestro para ni\u00f1os ciegos. Durante este tiempo comenz\u00f3 a experimentar y a confiar en una Voz Interna para que le guiara en su trabajo.<\/p>\n<p>Reconocido por sus talentos en este campo, se le ofreci\u00f3 la oportunidad de hacer de eso el trabajo de su vida. Pero su Voz Interna le oblig\u00f3 a declinar la oferta y a reintroducirse en las regiones salvajes por muchos meses. Despu\u00e9s de este tiempo de reconsideraci\u00f3n y renuncia, regres\u00f3 al mundo de las personas y la cultura y comenz\u00f3 a ense\u00f1ar los principios del Autoconocimiento, lo cual hizo durante siete a\u00f1os.<\/p>\n<p>En 1982, a la edad de 33 a\u00f1os, tuvo un encuentro directo con los Invisibles, la Presencia Ang\u00e9lica que hab\u00eda estado gui\u00e1ndole y prepar\u00e1ndole todo el tiempo. Este encuentro alter\u00f3 para siempre el curso de su vida y le inici\u00f3 a una m\u00e1s profunda relaci\u00f3n con ellos, requiriendo que rindiera su vida a Dios.<\/p>\n<p>Poco despu\u00e9s de este encuentro, Marshall supo que ten\u00eda que dejar sus estudiantes, su ense\u00f1anza, sus relaciones y su casa en la ciudad para de nuevo ir errante. Esto fue para \u00e9l un periodo dif\u00edcil, solitario e inexplicable. Su vagabundear le condujo a retirarse en el desierto del Suroeste de los Estados Unidos, donde la Presencia Ang\u00e9lica vino de nuevo a \u00e9l. Y as\u00ed comenz\u00f3 el largo y misterioso proceso de recibir el Nuevo Mensaje de Dios para la humanidad.<\/p>\n<h4 class=\"text-color-gray-9 text-align-center\">UN LARGO CAMINO<\/h4>\n<p>Durante los a\u00f1os que siguieron, el papel de Marshall como maestro tuvo que evolucionar de modo que \u00e9l, como la persona destinada a ser el receptor del Nuevo Mensaje y su Mensajero, estuviese preparado. Tuvo que tener suficiente sabidur\u00eda mundana y suficiente talento e integridad como comunicador, como maestro y como alguien que es visionario y tiene penetraci\u00f3n psicol\u00f3gica, para ser capaz de recibir un Mensaje de esta magnitud, entregado a lo largo de un periodo de tiempo muy extenso. Tuvo que aprender sobre la realidad y la espiritualidad de la vida inteligente en el Universo, que en el Nuevo Mensaje es llamado Comunidad Mayor. En adici\u00f3n, tuvo que ser capaz de sobrellevar miles de horas de contacto directo con la Presencia Ang\u00e9lica, recibiendo y grabando el Nuevo Mensaje de Dios. Esto supuso un gran esfuerzo para \u00e9l, tanto mental como f\u00edsicamente. Es un proceso que pocos entienden en el mundo actual.<\/p>\n<table style=\"height: 222px\" width=\"356\" align=\"right\">\n<tbody>\n<tr>\n<td><iframe loading=\"lazy\" width=\"340\" height=\"191\" src=\"https:\/\/www.youtube.com\/embed\/vYtCvtf43Cw?feature=oembed&#038;enablejsapi=1&#038;origin=http:\/\/www.newmessage.org\/es\" frameborder=\"0\" allowfullscreen><\/iframe><\/td>\n<\/tr>\n<\/tbody>\n<\/table>\n<p>Incluso aunque Marshall Vian Summers fue enviado al mundo destinado a ser el Mensajero, \u00e9l no lo sabr\u00eda durante muchos a\u00f1os. Solamente le ser\u00eda revelado mucho despu\u00e9s, en las etapas finales de la recepci\u00f3n del Nuevo Mensaje mismo. Pues siempre existe el riesgo de que el Mensajero fracase \u2014falsificando el Mensaje, negando el Mensaje o siendo incapaz de hacer los continuos sacrificios que se requieren para recibirlo y presentarlo. Por lo tanto, fue necesario que Marshall alcanzara un cierto nivel de madurez intelectual y sabidur\u00eda para poder recibir esta gran misi\u00f3n y llamamiento que eran suyos para reclamar.<\/p>\n<h4 class=\"text-color-gray-9 text-align-center\">HOY D\u00cdA Y EL VIAJE POR DELANTE<\/h4>\n<p>Aunque ha llevado el peso y la responsabilidad de esta Nueva Revelaci\u00f3n por muchos a\u00f1os, Marshall Vian Summers ha mantenido su humildad y su humanidad a lo largo de todo este dilatado e inexplicable viaje que es traer un Nuevo Mensaje de Dios al mundo. Ning\u00fan Mensajero ha sido nunca capaz de hacer esto solo. Por tanto, una misteriosa secuencia de eventos llev\u00f3 gente hacia \u00e9l. <a href=\"https:\/\/www.newmessage.org\/journal\">La primera persona en encontrarle y unirse a \u00e9l fue su mujer<\/a>, Patricia, la cual le ha apoyado desde 1983 y ha realizado sus propios sacrificios para asegurar que el Nuevo Mensaje pudiera entregarse. A lo largo de los a\u00f1os, un peque\u00f1o grupo de individuos, uno a uno, siguieron una llamada que en \u00faltima instancia les condujo a tomar su posici\u00f3n de cara a apoyar este gran trabajo. <a href=\"https:\/\/www.newmessage.org\/journal\">Marshall ha sido bendecido tambi\u00e9n con un hijo<\/a>, Reed, que ha elegido ahora unirse a su padre en su misi\u00f3n.<\/p>\n<p>Ahora, despu\u00e9s de a\u00f1os de trabajo silencioso sin reconocimiento del mundo, ha llegado para \u00e9l y aquellos que son llamados a ayudarle el momento de traer a la humanidad el regalo del Nuevo Mensaje en este tiempo de gran cambio e incertidumbre.<\/p>\n<p><a href=\"\/el-mensaje\/volumen-1\/el-nuevo-mensajero\/la-historia-del-mensajero\"><strong>Lee la Revelaci\u00f3n original titulada <em>La historia del Mensajero<\/em><\/strong><\/a><\/p>\n","protected":false},"excerpt":{"rendered":"<p>Marshall Vian Summers ha dedicado los \u00faltimos a\u00f1os de su vida a recibir y ense\u00f1ar discretamente el Nuevo Mensaje de Dios. Durante gran parte del a\u00f1o \u00e9l trabaja en las Monta\u00f1as Rocosas de los Estados Unidos, donde vive en retiro rodeado de su familia y sus compa\u00f1eros cercanos. En raras ocasiones Marshall viaja a otros\u2026 <a class=\"read-more\" href=\"https:\/\/www.v6.newmessage.org\/es\/el-mensajero\/la-historia-del-mensajero-marshall-vian-summers\"><span>Read More<\/span><\/a><\/p>\n","protected":false},"author":1,"featured_media":0,"parent":14016,"menu_order":9,"comment_status":"closed","ping_status":"closed","template":"template-leftsidebar.php","meta":{"_monsterinsights_skip_tracking":false,"_monsterinsights_sitenote_active":false,"_monsterinsights_sitenote_note":"","_monsterinsights_sitenote_category":0,"footnotes":""},"categories":[81],"tags":[676],"_links":{"self":[{"href":"https:\/\/www.v6.newmessage.org\/es\/wp-json\/wp\/v2\/pages\/12768"}],"collection":[{"href":"https:\/\/www.v6.newmessage.org\/es\/wp-json\/wp\/v2\/pages"}],"about":[{"href":"https:\/\/www.v6.newmessage.org\/es\/wp-json\/wp\/v2\/types\/page"}],"author":[{"embeddable":true,"href":"https:\/\/www.v6.newmessage.org\/es\/wp-json\/wp\/v2\/users\/1"}],"replies":[{"embeddable":true,"href":"https:\/\/www.v6.newmessage.org\/es\/wp-json\/wp\/v2\/comments?post=12768"}],"version-history":[{"count":40,"href":"https:\/\/www.v6.newmessage.org\/es\/wp-json\/wp\/v2\/pages\/12768\/revisions"}],"predecessor-version":[{"id":28752,"href":"https:\/\/www.v6.newmessage.org\/es\/wp-json\/wp\/v2\/pages\/12768\/revisions\/28752"}],"up":[{"embeddable":true,"href":"https:\/\/www.v6.newmessage.org\/es\/wp-json\/wp\/v2\/pages\/14016"}],"wp:attachment":[{"href":"https:\/\/www.v6.newmessage.org\/es\/wp-json\/wp\/v2\/media?parent=12768"}],"wp:term":[{"taxonomy":"category","embeddable":true,"href":"https:\/\/www.v6.newmessage.org\/es\/wp-json\/wp\/v2\/categories?post=12768"},{"taxonomy":"post_tag","embeddable":true,"href":"https:\/\/www.v6.newmessage.org\/es\/wp-json\/wp\/v2\/tags?post=12768"}],"curies":[{"name":"wp","href":"https:\/\/api.w.org\/{rel}","templated":true}]}}