{"id":12748,"date":"2014-07-19T02:31:12","date_gmt":"2014-07-19T02:31:12","guid":{"rendered":"http:\/\/www.newmessage.org\/?page_id=12748"},"modified":"2022-12-12T19:59:53","modified_gmt":"2022-12-12T19:59:53","slug":"introduccion-al-nuevo-mensaje","status":"publish","type":"page","link":"https:\/\/www.v6.newmessage.org\/es\/introduccion-al-nuevo-mensaje","title":{"rendered":"Introducci\u00f3n al Nuevo Mensaje"},"content":{"rendered":"<p><a href=\"https:\/\/www.newmessage.org\/\/wp-content\/uploads\/2014\/08\/God-has-spoken-again-1.jpg\"><img loading=\"lazy\" decoding=\"async\" class=\"imgborder alignright \" src=\"https:\/\/www.newmessage.org\/\/wp-content\/uploads\/2014\/08\/God-has-spoken-again-1-400x600.jpg\" alt=\"God Has Spoken Again. The Word and the Sound are in the world.\" width=\"330\" height=\"495\" \/><\/a><\/p>\n<h3 style=\"text-align: center\">Sobre el Nuevo Mensaje<\/h3>\n<p>Bienvenido al Nuevo Mensaje de Dios. De manera extraordinaria, a trav\u00e9s del tiempo y un largo y quiz\u00e1 misterioso viaje en la vida, has llegado hasta aqu\u00ed. Has encontrado el Nuevo Mensaje de Dios, o tal vez es el mensaje quien te ha encontrado a ti. No es un accidente que as\u00ed sea.<\/p>\n<p>Dios ha hablado de nuevo. Hay un Nuevo Mensaje de Dios en el mundo. Este es el milagro del amor y la comunicaci\u00f3n de Dios para la humanidad sucediendo en nuestro tiempo, y t\u00fa est\u00e1s entre los primeros en conocerlo.<\/p>\n<p>El Nuevo Mensaje de Dios es una comunicaci\u00f3n original de Dios a todas las personas del mundo. Es es un regalo de comunicaci\u00f3n y revelaci\u00f3n para la gente de todas las naciones y fes, dado ahora a un mundo alfabetizado de comunicaciones globales y creciente conciencia global.<\/p>\n<p>El Nuevo Mensaje no es solo para una \u00fanica tribu, naci\u00f3n o grupo religioso. Es la comunicaci\u00f3n de Dios para el mundo entero.<\/p>\n<p>Esta comunicaci\u00f3n tiene el poder de encender el coraz\u00f3n espiritual de la humanidad, de hacer sonar la llamada de Dios a la unidad entre las naciones y religiones del mundo y de preparar a la humanidad para un mundo radicalmente cambiante y su destino en un mayor universo de vida inteligente.<\/p>\n<p>El Nuevo Mensaje fue entregado a lo largo de un periodo de 44 a\u00f1os al hombre Marshall Vian Summers. \u00c9l ha recorrido un largo y dif\u00edcil viaje para recibir el Nuevo Mensaje de Dios y tra\u00e9rtelo a ti y a todos los que puedan recibirlo. \u00c9l es un hombre humilde, enviado al mundo con este prop\u00f3sito \u2014ser el Mensajero del Nuevo Mensaje de Dios.<\/p>\n<h3 style=\"text-align: center\">\u00bfPor qu\u00e9 t\u00fa?<\/h3>\n<p>\u00bfPor qu\u00e9 has llegado aqu\u00ed? \u00bfPor qu\u00e9 has encontrado el Nuevo Mensaje de Dios? Puede parecer un misterio o quiz\u00e1 mera casualidad. Pero en realidad hay una raz\u00f3n para que hayas encontrado el Nuevo Mensaje en este momento.<\/p>\n<p>Porque Dios est\u00e1 llamando a muchas personas a lo largo y ancho del mundo a que despierten y se preparen para una vida nueva y mayor \u2014una vida de prop\u00f3sito, relaciones y contribuci\u00f3n a un mundo en necesidad. Dios y la Asamblea Ang\u00e9lica est\u00e1n llamando a muchas personas a descubrir su prop\u00f3sito superior y a servir a la humanidad ahora y en los dif\u00edciles tiempos venideros.<\/p>\n<p>\u00bfEres t\u00fa una de estas personas? \u00bfSientes que tu vida tiene un prop\u00f3sito y un destino mayores m\u00e1s all\u00e1 de tus circunstancias mundanas? \u00bfSientes que hay otras personas que debes encontrar, personas cuyo prop\u00f3sito y destino est\u00e1 conectado al tuyo? \u00bfSientes que el mundo se est\u00e1 dirigiendo a un dif\u00edcil futuro y que debes hallar lo que esto significa y c\u00f3mo puedes prepararte?<\/p>\n<p>Si es as\u00ed, entonces tu descubrimiento del Nuevo Mensaje puede ser una cita con el destino. Porque el Nuevo Mensaje provee una respuesta a estas preguntas y a muchas m\u00e1s.<\/p>\n<p>El Nuevo Mensaje provee un camino claro para desarrollar el Conocimiento, la inteligencia m\u00e1s profunda que vive dentro de ti, que es la \u00fanica que puede revelar tu prop\u00f3sito superior y las relaciones que te est\u00e1n destinadas en el mundo.<\/p>\n<h3 style=\"text-align: center\">\u00bfPor qu\u00e9 ahora?<\/h3>\n<p>Incre\u00edblemente, est\u00e1s viviendo en un gran punto de inflexi\u00f3n en la historia humana. Esta es una \u00e9poca en la que las personas de todas partes enfrentan cambios, desaf\u00edos y oportunidades sin precedentes.<\/p>\n<p>Nunca antes ha sido tan extremo el riesgo de guerra, de conflicto religioso, de cambio clim\u00e1tico catastr\u00f3fico y de sufrimiento humano. Y aun as\u00ed, en ninguna otra \u00e9poca ha sido mayor la oportunidad para la uni\u00f3n del mundo y la cooperaci\u00f3n global.<\/p>\n<p>Independientemente de d\u00f3nde hayas nacido, c\u00f3mo te criaste o cu\u00e1les son tus actuales circunstancias, formas parte de este cap\u00edtulo crucial en la historia. El Nuevo Mensaje ense\u00f1a que cada uno de nosotros ha elegido entrar en el mundo en este tiempo para servir y contribuir a una humanidad en dificultades, mantener vivo el fuego espiritual en el coraz\u00f3n de la humanidad y traer el regalo de gracia y sabidur\u00eda desde nuestro Antiguo Hogar para servir al mundo mientras este enfrenta sus m\u00e1s dif\u00edciles pruebas. Consid\u00e9ralo: \u00bfes esta la raz\u00f3n por la que est\u00e1s aqu\u00ed?<\/p>\n<p>Las d\u00e9cadas venideras determinar\u00e1n el destino de la humanidad. Son las acciones y decisiones de cada persona tanto ahora como en los a\u00f1os venideros las que determinar\u00e1 la suerte y el futuro de la familia humana. En los a\u00f1os venideros, la humanidad escoger\u00e1 o bien un nuevo camino hacia delante de unidad y cooperaci\u00f3n o bien un futuro de conflicto y declive permanentes. Es debido a que nos encontramos en este gran umbral que Dios ha hablado de nuevo.<\/p>\n<h3 style=\"text-align: center\">\u00bfPor qu\u00e9 un Nuevo Mensaje?<\/h3>\n<p>El Nuevo Mensaje de Dios ha llegado debido a las cuatro crisis fundamentales que ahora est\u00e1n surgiendo en el mundo:<\/p>\n<ol>\n<li style=\"list-style-type: none\">\n<ol>\n<li>Grandes olas de cambio y convulsi\u00f3n medioambiental, social y econ\u00f3mica est\u00e1n ahora convergiendo sobre la humanidad, trayendo consigo el riesgo de guerra y sufrimiento humano a una escala nunca vista antes. La Humanidad ha creado una calamidad global que tiene el poder de cambiar el mundo tal como lo hemos conocido. Para esto no estamos preparados. Mediante el Nuevo Mensaje, Dios est\u00e1 proveyendo un nuevo camino hacia delante para la humanidad y un camino de preparaci\u00f3n interna y externa que todo el mundo puede realizar.<\/li>\n<li>La humanidad est\u00e1 emergiendo a una Comunidad Mayor de vida inteligente en el universo. El contacto ha sido comenzado por aquellos que buscan aprovecharse de una humanidad d\u00e9bil y dividida. Para esto, la humanidad no est\u00e1 preparada. Por primera vez, Dios est\u00e1 revelando la verdadera naturaleza de este contacto y con ella la realidad y la espiritualidad de la vida en el universo. Este es el mayor contexto para entender la evoluci\u00f3n y el destino de la humanidad y c\u00f3mo Dios est\u00e1 trabajando en este mundo y en todos los mundos.<\/li>\n<li>Las religiones del mundo est\u00e1n divididas y en competici\u00f3n mutua, e incluso dentro de s\u00ed mismas. Debido a esta competici\u00f3n y conflicto crecientes, las religiones est\u00e1n debilitando a la familia humana y est\u00e1n causando gran disputa y divisi\u00f3n en un momento en el que construir la unidad humana tiene la m\u00e1xima importancia. El Nuevo Mensaje ense\u00f1a que Dios ha iniciado todas las religiones del mundo y que todas ellas han sido cambiadas por el hombre.<\/li>\n<li>Personas de todo el mundo sienten una gran pobreza interna tanto en pa\u00edses ricos como pobres, una desconexi\u00f3n de un sentido mayor significado, relaci\u00f3n y direcci\u00f3n en la vida. Personas por todo el mundo viven y sufren con un profundo anhelo espiritual. Dios ha respondido a esta necesidad y anhelo despertando el poder espiritual del Conocimiento en cada persona que puede responder. El Conocimiento es nuestra conexi\u00f3n con Dios. Ser\u00e1n individuos guiados por ese Conocimiento los que har\u00e1n toda la diferencia a la hora de decidir la suerte y el futuro de nuestro mundo.<\/li>\n<\/ol>\n<\/li>\n<\/ol>\n<p>Como resultado de estas cuatro crisis, Dios ha hablado de nuevo al mundo con una advertencia, una bendici\u00f3n y una preparaci\u00f3n para todas las naciones, tribus y religiones de la humanidad.<\/p>\n<h3 style=\"text-align: center\">Nuestro destino<\/h3>\n<p>El Nuevo Mensaje revela que la humanidad tiene un mayor destino como una raza libre y unida en nuestro mundo y en la Comunidad Mayor de vida en el universo. La humanidad tiene el poder para resolver los conflictos y restaurar el medioambiente de la Tierra para que sea un hogar duradero de cara al futuro. La humanidad tiene grandes regalos y capacidades espirituales que deben protegerse, sacarse a la luz y cultivarse por todo el mundo. Esta es la gran oportunidad y la gran necesidad ante nosotros ahora.<\/p>\n<p>\u00bfPero c\u00f3mo puede lograrse esto? \u00bfC\u00f3mo puede la humanidad apartarse del temerario y desastroso curso en el que ahora se encuentra? A medida que Grandes Olas de cambio medioambiental, pol\u00edtico y econ\u00f3mico amenazan los intereses propios y la seguridad personal de toda la gente, \u00bfqu\u00e9 puede inspirar e inculcar una mayor motivaci\u00f3n e inspiraci\u00f3n en la familia humana?<\/p>\n<p>Al final, es el Conocimiento, el poder espiritual m\u00e1s profundo en todas las personas, lo que puede inspirar las acciones y motivaciones necesarias para que cada persona encuentre su prop\u00f3sito superior en la vida, y en \u00faltima instancia para que la humanidad escoja la uni\u00f3n y la cooperaci\u00f3n sobre la competici\u00f3n, la divisi\u00f3n y la guerra.<\/p>\n<p>Dios ha entregado una Nueva Revelaci\u00f3n para despertar este poder espiritual en todas las personas e inspirar una mayor visi\u00f3n y capacidad para construir un futuro mucho mejor que nuestro pasado. Aqu\u00ed, Dios trabaja a trav\u00e9s de individuos de todas las naciones y tradiciones de fe en todas las situaciones, trabajando desde dentro hacia fuera.<\/p>\n<p>Ahora est\u00e1 d\u00e1ndose al mundo una gran asistencia por parte de Dios y de la Asamblea Ang\u00e9lica, que traduce la voluntad de Dios al lenguaje y el entendimiento humanos. La asistencia ha llegado. Dios ha hablado de nuevo. Hay un nuevo camino hacia delante para ti y para el mundo entero.<\/p>\n<h3 style=\"text-align: center\">\u00bfPor d\u00f3nde empezar?<\/h3>\n<p>Has encontrado el Nuevo Mensaje de Dios, pero \u00bfqu\u00e9 significa esto? \u00bfQu\u00e9 hacer a continuaci\u00f3n? Toma tiempo para estar con la importancia de este descubrimiento y considerar estos posibles siguientes pasos:<\/p>\n<p><span style=\"line-height: 1.5\"><div class=\"one_fourth \" ><\/span><span style=\"line-height: 1.5\"><a class='simple_button_link ' style='background-color: #363636' href='\/es\/el-mensaje\/volumen-1\/dios-ha-hablado-de-nuevo\/la-proclamacion'   ><span>Lee y escucha la Voz de la Revelaci\u00f3n<\/span><\/a><\/span><\/p>\n<p>Lee <a href=\"\/es\/el-mensaje\/volumen-1\/dios-ha-hablado-de-nuevo\/la-proclamacion\">La Proclamaci\u00f3n<\/a> y despu\u00e9s escucha (en ingl\u00e9s) o lee las siguientes revelaciones originales del Nuevo Mensaje:<br \/>\n<a href=\"\/es\/el-mensaje\/volumen-1\/dios-ha-hablado-de-nuevo\/la-recitacion\">La Recitaci\u00f3n<\/a><br \/>\n<a href=\"\/es\/el-mensaje\/volumen-1\/dios-ha-hablado-de-nuevo\/la-involucracion\">La Involucraci\u00f3n<\/a><br \/>\n<a href=\"\/es\/el-mensaje\/volumen-1\/dios-ha-hablado-de-nuevo\/la-iniciacion\">La Iniciaci\u00f3n<\/a><br \/>\n<\/div>\n<div class=\"one_fourth \" ><a class='simple_button_link ' style='background-color: #4f8fd6' href='\/es\/introduccion-al-nuevo-mensaje\/preguntas-frecuentes'   ><span>Lee las respuestas a preguntas frecuentes<\/span><\/a><\/p>\n<p><a href=\"\/es\/introduccion-al-nuevo-mensaje\/preguntas-frecuentes\">Lee respuestas a preguntas frecuentes<\/a> sobre el Nuevo Mensaje de Dios, sobre qu\u00e9 es, por qu\u00e9 est\u00e1 aqu\u00ed y c\u00f3mo se recibi\u00f3.<br \/>\n<\/div>\n<div class=\"one_fourth \" > <a class='simple_button_link ' style='background-color: #4f8fd6' href='\/es\/el-mensaje\/volumen-1\/el-nuevo-mensajero\/la-historia-del-mensajero'   ><span>Lee la historia del Mensajero<\/span><\/a><\/p>\n<p>Marshall Vian Summers ha dedicado los \u00faltimos 44 a\u00f1os de su vida a recibir el Nuevo Mensaje de Dios. Lee <a href=\"\/es\/el-mensaje\/volumen-1\/el-nuevo-mensajero\/la-historia-del-mensajero\">La historia del Mensajero<\/a> y conoce m\u00e1s sobre el hombre responsable de traer el Nuevo Mensaje a la Tierra.<\/p>\n<p>&nbsp;<\/p>\n<p><\/div>\n<div class=\"one_fourth last\" > <a class='simple_button_link ' style='background-color: #4f8fd6' href='\/es\/el-mensajero\/quien-es-marshall-vian-summers'   ><span>Escucha al Mensajero hablar<\/span><\/a><\/p>\n<p>El Mensajero est\u00e1 vivo en el mundo actual. Peri\u00f3dicamente presenta un mensaje para el mundo y para los estudiantes del Nuevo Mensaje. <a href=\"\/es\/el-mensajero\/quien-es-marshall-vian-summers\">Escucha las retransmisiones del Mensajero (en ingl\u00e9s, con subt\u00edtulos en espa\u00f1ol).<\/a><\/p>\n<p>&nbsp;<\/p>\n<p><\/div>\n<div class=\"one_fourth \" > <a class='simple_button_link ' style='background-color: #4f8fd6' href='\/es\/el-mensaje\/volumen-3\/pasos-al-conocimiento-el-libro-del-saber-interno'   ><span>Emprende el viaje de los Pasos al Conocimiento<\/span><\/a><\/p>\n<p>Dios ha provisto los <a href=\"\/es\/el-mensaje\/volumen-3\/pasos-al-conocimiento-el-libro-del-saber-interno\">Pasos al Conocimiento<\/a> como un camino que cada persona puede emprender para construir esta mayor capacidad y fuerza esencial en la vida. Los Pasos est\u00e1n disponibles para todo el mundo gratuitamente.<\/p>\n<p>&nbsp;<\/p>\n<p><\/div>\n<div class=\"one_fourth \" > <a class='simple_button_link ' style='background-color: #4f8fd6' href='\/la-escuela'   ><span>\u00danete a la Escuela Gratuita en l\u00ednea del Nuevo Mensaje<\/span><\/a><\/p>\n<p>\u00danete a la <a href=\"\/es\/la-escuela\">Escuela Gratuita del Nuevo Mensaje<\/a>, compuesta de estudiantes de m\u00e1s de 70 pa\u00edses que est\u00e1n aprendiendo y viviendo el Nuevo Mensaje de Dios. Asiste al chat semanal (&#8220;<em>Campfire Chat<\/em>&#8220;) y vive la ense\u00f1anza en directo de las retransmisiones de la Escuela (&#8220;<em>Fireside Broadcast<\/em>&#8220;).<\/p>\n<p>&nbsp;<\/p>\n<p><\/div>\n<div class=\"one_fourth last\" ><br \/>\n<a href=\"\/es\/el-mensaje\/\"><em>M\u00e1s&#8230;<\/em><\/a><br \/>\n<\/div>\n","protected":false},"excerpt":{"rendered":"<p>Sobre el Nuevo Mensaje Bienvenido al Nuevo Mensaje de Dios. De manera extraordinaria, a trav\u00e9s del tiempo y un largo y quiz\u00e1 misterioso viaje en la vida, has llegado hasta aqu\u00ed. Has encontrado el Nuevo Mensaje de Dios, o tal vez es el mensaje quien te ha encontrado a ti. No es un accidente que\u2026 <a class=\"read-more\" href=\"https:\/\/www.v6.newmessage.org\/es\/introduccion-al-nuevo-mensaje\"><span>Read More<\/span><\/a><\/p>\n","protected":false},"author":1,"featured_media":0,"parent":0,"menu_order":17,"comment_status":"closed","ping_status":"closed","template":"template-leftsidebar.php","meta":{"_monsterinsights_skip_tracking":false,"_monsterinsights_sitenote_active":false,"_monsterinsights_sitenote_note":"","_monsterinsights_sitenote_category":0,"footnotes":""},"categories":[],"tags":[674],"_links":{"self":[{"href":"https:\/\/www.v6.newmessage.org\/es\/wp-json\/wp\/v2\/pages\/12748"}],"collection":[{"href":"https:\/\/www.v6.newmessage.org\/es\/wp-json\/wp\/v2\/pages"}],"about":[{"href":"https:\/\/www.v6.newmessage.org\/es\/wp-json\/wp\/v2\/types\/page"}],"author":[{"embeddable":true,"href":"https:\/\/www.v6.newmessage.org\/es\/wp-json\/wp\/v2\/users\/1"}],"replies":[{"embeddable":true,"href":"https:\/\/www.v6.newmessage.org\/es\/wp-json\/wp\/v2\/comments?post=12748"}],"version-history":[{"count":80,"href":"https:\/\/www.v6.newmessage.org\/es\/wp-json\/wp\/v2\/pages\/12748\/revisions"}],"predecessor-version":[{"id":30353,"href":"https:\/\/www.v6.newmessage.org\/es\/wp-json\/wp\/v2\/pages\/12748\/revisions\/30353"}],"wp:attachment":[{"href":"https:\/\/www.v6.newmessage.org\/es\/wp-json\/wp\/v2\/media?parent=12748"}],"wp:term":[{"taxonomy":"category","embeddable":true,"href":"https:\/\/www.v6.newmessage.org\/es\/wp-json\/wp\/v2\/categories?post=12748"},{"taxonomy":"post_tag","embeddable":true,"href":"https:\/\/www.v6.newmessage.org\/es\/wp-json\/wp\/v2\/tags?post=12748"}],"curies":[{"name":"wp","href":"https:\/\/api.w.org\/{rel}","templated":true}]}}