{"id":12071,"date":"2014-03-24T23:23:15","date_gmt":"2014-03-24T23:23:15","guid":{"rendered":"http:\/\/www.newmessage.org\/?p=12071"},"modified":"2016-01-08T16:03:36","modified_gmt":"2016-01-08T16:03:36","slug":"quienes-son-los-invisibles","status":"publish","type":"page","link":"https:\/\/www.v6.newmessage.org\/es\/el-mensaje\/volumen-2\/espiritualidad-de-la-comunidad-mayor\/quienes-son-los-invisibles","title":{"rendered":"\u00bfQui\u00e9nes son los Invisibles?"},"content":{"rendered":"<div><!-- 4.0 --><\/div>\n\n<div class=\"tabgroup \"><ul class=\"tabs\"><li><a href=\"#tabs-1\">Acerca de<\/a><\/li>\n<li><a href=\"#tabs-2\">M\u00e1s<\/a><\/li><\/ul>\n <div id=\"tabs-1\"><br \/>\n<em>Como le fue revelado a<br \/>\nMarshall Vian Summers<br \/>\nel 23 de octubre de 1993<br \/>\nen Boulder, Colorado, Estados Unidos<\/em><\/p>\n<p>Texto original:\u00a0<a href=\"https:\/\/www.newmessage.org\/the-message\/volume-2\/greater-community-spirituality\/who-are-the-unseen-ones\">Who are the Unseen Ones?<\/a><\/p>\n<div class=\"toggle toggle-white\"><h4 class=\"trigger \"><span class=\"t_ico\"><\/span><a href=\"#\">M\u00e1s informaci\u00f3n sobre este texto<\/a><\/h4><div class=\"toggle_container \"><br \/>\n<p>Lo que est\u00e1s leyendo en este texto es la transcripci\u00f3n de la voz original de la Asamblea Ang\u00e9lica hablando a trav\u00e9s del Mensajero Marshall Vian Summers.<\/p>\n<p>Aqu\u00ed, la comunicaci\u00f3n original de Dios, que existe m\u00e1s all\u00e1 de las palabras, es traducida al lenguaje y el entendimiento humanos por la Asamblea Ang\u00e9lica que supervisa el mundo. La Asamblea despu\u00e9s entrega el Mensaje de Dios a trav\u00e9s del Mensajero, tras lo cual es transcrito y puesto a tu disposici\u00f3n y a disposici\u00f3n de todos.<\/p>\n<p>En este extraordinario proceso, la Voz de la Revelaci\u00f3n est\u00e1 hablando de nuevo. La Palabra y el Sonido est\u00e1n en el mundo. Que puedas ser el receptor de este regalo de Revelaci\u00f3n y puedas estar abierto a recibir su Mensaje \u00fanico para ti y para tu vida.<\/p>\n<br \/>\n<\/div><\/div>\n<p><\/div>\n<div id=\"tabs-2\"><\/p>\n<div class=\"panel-10 text-align-center\"><img decoding=\"async\" class=\"aligncenter size-full \" src=\"https:\/\/www.newmessage.org\/wp-content\/uploads\/2014\/09\/GCS-english-250px.jpg\" alt=\"Greater Community Spirituality\" \/><\/div>\n<div class=\"text-align-center\"><a class='simple_button_link ' style='background-color: #4f8fd6' href='http:\/\/newknowledgelibrary.org\/books\/greater-community-spirituality\/'   ><span>Pide el libro (en ingl\u00e9s)<\/span><\/a><\/div>\n<div class=\"text-align-center text font-size-12 margin-top-10\">Volumen 2 &gt; Espiritualidad de la Comunidad Mayor &gt; Cap\u00edtulo 16<\/div>\n<p><\/div>\n\t\t\t\t<div align=\"right\">\n\t\t\t<div class=\"fb-like\" data-href=\"\" data-layout=\"button_count\" data-action=\"like\" data-show-faces=\"false\" data-share=\"false\"><\/div>\n\t\t\t<div class=\"fb-share-button\" data-layout=\"button_count\"> <\/div>\n\t\t\t<div class=\"fb_iframe_widget\"><a href=\"https:\/\/twitter.com\/godsnewmessage?ref_src=twsrc%5Etfw\" class=\"twitter-follow-button\" data-show-count=\"false\">Follow @godsnewmessage<\/a><script async src=\"https:\/\/platform.twitter.com\/widgets.js\" charset=\"utf-8\"><\/script><\/div>\n\t\t\t<\/div> <\/div> \n\n<p>Al igual que tienes aliados en el mundo y en la Comunidad Mayor, tambi\u00e9n tienes aliados m\u00e1s all\u00e1 del rango visible de la vida. Ellos est\u00e1n aqu\u00ed para ser parte de tu educaci\u00f3n en el Conocimiento. No estando ya m\u00e1s en lo f\u00edsico, ahora sirven a aquellos que est\u00e1n recuperando la memoria de su Antiguo Hogar y con ella la naturaleza y la direcci\u00f3n de su mayor prop\u00f3sito en la vida.<\/p>\n<p>Los Invisibles son capaces de operar con gran libertad en el asesoramiento de aquellos que existen debajo. Aun as\u00ed, su consejo debe ser oportuno y colocarse sabiamente. Ellos no pueden interferir, aunque ofrecen un apoyo que permite \u2014a los que est\u00e1n respondiendo a ellos\u2014 ganar una mayor comprensi\u00f3n y una mayor eficacia en la vida. Sus destinatarios raramente los experimentan directamente. Sin embargo, los invisibles aportan informaci\u00f3n e ideas en las mentes de aquellos que pueden responder. En la mayor\u00eda de los casos, la gente pensar\u00e1 que est\u00e1n teniendo sus propias ideas. Oh, yo tuve esta idea hoy. Creo que es importante\u201d, o \u201cTuve la sensaci\u00f3n de que deber\u00eda hacer esto.\u201d La gente piensa que esto est\u00e1 viniendo de ellos o que se trata de su propia intuici\u00f3n, cuando en realidad es un regalo de los Invisibles.<\/p>\n<p>Los Invisibles, por supuesto, no necesitan reconocimiento en el mundo. Ellos no est\u00e1n buscando estudiantes o seguidores. \u00bfQu\u00e9 tienes t\u00fa que ellos quieran excepto tu capacidad de responder y utilizar lo que te dan para un buen prop\u00f3sito? Los Invisibles colocan sus regalos bien y con cuidado. Rara vez hablan con alguien directamente. Aunque muchas personas escuchan voces que ellas sienten tienen un enfoque espiritual, es raro que alguien alguna vez reciba la presencia y la voz de un Invisible directamente.<\/p>\n<p>\u00bfPor qu\u00e9 es esto? Es porque el enfoque de la gente tiene que estar en el Conocimiento y en sus esfuerzos en el mundo. Si empiezas a asociarte con \u00e1ngeles, no querr\u00e1s asociarte con nada m\u00e1s. \u00bfQui\u00e9n querr\u00eda hacer el trabajo dif\u00edcil en el mundo cuando puede pasar el tiempo con una presencia ang\u00e9lica? \u00bfQui\u00e9n querr\u00eda tener que tratar con las personas y todas sus dificultades y todas las complejidades de las relaciones cuando puede tener compa\u00f1\u00eda con los Esp\u00edritus de Dios? El trabajo est\u00e1 en el mundo, y ese es el foco.<\/p>\n<p>Para dar a las personas receptivas y responsables las grandes ventajas de la comprensi\u00f3n y la percepci\u00f3n, ayudarlas en la recuperaci\u00f3n del Conocimiento y verificar la recuperaci\u00f3n del Conocimiento en s\u00ed, los Invisibles ponen su \u00e9nfasis aqu\u00ed y all\u00e1. Quiz\u00e1s has escuchado una voz hablando en tu mente o has sentido un impulso extra\u00f1o y repentino. Podr\u00eda ser porque el Conocimiento dentro de ti est\u00e1 en comunicaci\u00f3n con el Conocimiento de los Invisibles. Cuanto m\u00e1s cerca est\u00e9s del Conocimiento, m\u00e1s te dar\u00e1s cuenta de que una mayor comunicaci\u00f3n est\u00e1 ocurriendo. Hasta entonces, no sabr\u00e1s de donde vienen estas ideas. Solo asumir\u00e1s que vienen de ti o que son fruto de tu intuici\u00f3n.<\/p>\n<p>Los Invisibles prestan especial atenci\u00f3n a aquellos que est\u00e1n respondiendo. Estos individuos requieren una mayor atenci\u00f3n y \u00e9nfasis. Aquellos pocos que pueden avanzar tendr\u00e1n una mayor relaci\u00f3n con los Invisibles, a quienes con raz\u00f3n llamar\u00e1n Maestros. Sin embargo, ellos rara vez experimentar\u00e1n a los Maestros, y nunca sabr\u00e1n en esta vida quienes est\u00e1n hablando con ellos, ayud\u00e1ndoles y gui\u00e1ndoles. Tal vez simplemente sentir\u00e1n que est\u00e1n recibiendo algo del reino espiritual. Tal vez piensen que es el Esp\u00edritu de Dios quien les est\u00e1 hablando. Sea como sea que se lo definan a s\u00ed mismos o lo expliquen a otros, hay aqu\u00ed una mayor participaci\u00f3n con los Invisibles.<\/p>\n<p>T\u00fa tienes consejeros y gu\u00edas en el mundo para ayudarte a aprender las cosas espec\u00edficas que tienes que comprender aqu\u00ed. Sin embargo, cosas como aprender algo sobre la espiritualidad, que tu vida interior nazca, comenzar el proceso de recuperaci\u00f3n del Conocimiento y desarrollar una consciencia de un prop\u00f3sito mayor aqu\u00ed, requieren un tipo diferente de consejo y apoyo. T\u00fa recibir\u00e1s asistencia en esto sobre todo de tus aliados en el mundo, pero los Invisibles estar\u00e1n supervisando tu desarrollo. Ellos permanecer\u00e1n contigo y se mantendr\u00e1n al tanto de lo que est\u00e1s haciendo. De vez en cuando, te aconsejar\u00e1n directamente. En muy raras ocasiones pueden hacerte saber que est\u00e1n contigo. Esto, por supuesto, var\u00eda de persona a persona y depende en gran medida del temperamento y el car\u00e1cter de la persona, as\u00ed como de su nivel de desarrollo.<\/p>\n<p>\u00c1nimo. Tienes grandes aliados. Se te pide aprender grandes cosas, pero tienes gran asistencia. \u00c1nimo. Est\u00e1s siendo llamado fuera de las circunstancias, la consciencia y las preocupaciones ordinarias. Estate agradecido. Est\u00e1s siendo rescatado de una mediocridad mortal. Se te est\u00e1 dando una oportunidad real. Si puedes recibirla y empezar a hacer progresos como estudiante del Conocimiento, entonces aquellas fuerzas en el mundo y m\u00e1s all\u00e1 que te pueden ayudar asumir\u00e1n un papel cada vez mayor en tu vida.<\/p>\n<p>Nosotros hemos hecho referencia a la idea de la Familia Espiritual varias veces y hablaremos sobre ello ahora. T\u00fa has venido al mundo desde un grupo de aprendizaje peque\u00f1o. Est\u00e1s aprendiendo para ti mismo y para tu grupo. Est\u00e1s contribuyendo en el mundo para tu propio avance y para el avance de tu grupo. Tu grupo evolucionar\u00e1 para unirse con otros grupos, y al igual que los r\u00edos y arroyos se unen en su camino hacia el mar, t\u00fa experimentar\u00e1s una uni\u00f3n cada vez mayor a medida que avanc\u00e9is juntos.<\/p>\n<p>Los Invisibles representan los miembros mayores de tu Familia Espiritual. Ellos ya no necesitan estar en el mundo. Han aprendido las lecciones del mundo. Y ahora deben ayudar a aquellos que deben aprender las lecciones del mundo. Ellos supervisan tu desarrollo y participan activamente contigo seg\u00fan escoges el Camino del Conocimiento, seg\u00fan llevas a cabo la preparaci\u00f3n que te est\u00e1 destinada y seg\u00fan comienzas a hacer progresos.<\/p>\n<p>Tu colaboraci\u00f3n con los Invisibles crecer\u00e1, pero ellos no pueden ser tu \u00e9nfasis. Ellos son superiores a ti y m\u00e1s poderosos y ben\u00e9volos. Sin embargo, si tomaras consciencia de ellos, ellos se volver\u00edan el objeto de tu devoci\u00f3n y tu atenci\u00f3n, lo cual no es apropiado. Esto no ayudar\u00eda a tu estudiantazgo, y no te dar\u00eda la concentraci\u00f3n apropiada o las prioridades correctas.<\/p>\n<p>Se te da el camino sin culto a h\u00e9roes, ya que debes convertirte en un hombre o una mujer del Conocimiento. Necesitar\u00e1s tanto a los m\u00e1s avanzados que t\u00fa como a los menos avanzados. Los m\u00e1s avanzados tiran de ti, y t\u00fa tiras de los que est\u00e1n menos avanzados. De este modo, todos encuentran la debida asistencia. De este modo, todo el mundo es servido. De este modo, todo lo que los Invisibles dan en el mundo puede resonar a trav\u00e9s de las relaciones humanas y llegar a muchas personas en formas que pueden ser entendidas, experimentadas y aceptadas.<\/p>\n<p>Siempre que t\u00fa o alguno de tus antepasados pensasteis que Dios estaba en el mundo haciendo algo, en realidad se trataba de los Invisibles \u2014los \u00e1ngeles de Dios, si te gusta esa idea\u2014. Pero la idea de los \u00e1ngeles evoca im\u00e1genes muy pintorescas y no capta realmente el significado y el papel completo de los Invisibles. Ellos est\u00e1n contigo, pero al igual que los Sabios en todas partes, ellos permanecen ocultos. No quieren convertirse en la luz de tu vida. Si este fuera el caso, no buscar\u00edas nada m\u00e1s. Ellos no quieren ensombrecerte con su Sabidur\u00eda. Si lo hicieran, no desarrollar\u00edas la tuya propia. Ellos no quieren convertirse en el foco de tu atenci\u00f3n. Si lo fueran, no pondr\u00edas la atenci\u00f3n en aquellas cosas donde tu atenci\u00f3n se requiere. Ellos son emisarios de Dios. Traducen la Voluntad de lo Divino a la existencia finita. En todos los niveles de la existencia hay traductores. En \u00faltima instancia, t\u00fa mismo tendr\u00e1s la oportunidad de convertirte en un traductor mientras est\u00e1s en el mundo, traduciendo una mayor Sabidur\u00eda en una expresi\u00f3n \u00fatil y accesible de la que otros puedan beneficiarse.<\/p>\n<p>Hay diferentes niveles de Invisibles. Los Invisibles que te asisten son ellos mismos asistidos, pues la cadena de autoridad, la cadena del dar, contin\u00faa mucho m\u00e1s all\u00e1 de ti \u2014traduciendo y haciendo que una mayor voluntad y prop\u00f3sito est\u00e9n accesibles y disponibles para ti\u2014. Esto est\u00e1 m\u00e1s all\u00e1 de tu comprensi\u00f3n. No puedes ni siquiera imaginarlo, y no est\u00e1s obligado a hacerlo.<\/p>\n<p>Nosotros te introducimos la idea de los Invisibles para que sepas que no est\u00e1s solo y que tu vida dispone de una gran asistencia. Puedes confiar en una mayor Sabidur\u00eda para ayudarte a continuar, tanto dentro de ti mismo, en tu Conocimiento, como m\u00e1s all\u00e1 de ti mismo, en los Invisibles y tu Familia Espiritual. Ellos te permitir\u00e1n encontrar la manera de fortalecerte. Sin embargo, no te librar\u00e1n de toda mala decisi\u00f3n que tomes. No te librar\u00e1n del coste de tus errores. Y no amortiguar\u00e1n cada golpe. Pero tampoco no te castigar\u00e1n. No te rega\u00f1ar\u00e1n. Solo te dar\u00e1n su influencia y su consejo. Si puedes sentir esto, ser receptivo a ello y valorarlo m\u00e1s que tus deseos personales, entonces t\u00fa ser\u00e1s su beneficiario. En este sentido, ellos ser\u00e1n confirmados y t\u00fa tambi\u00e9n.<\/p>\n<p>Todo estudiante necesita un maestro. Todo viajero necesita una gu\u00eda. Todo explorador necesita un mapa. T\u00fa tienes todo esto ahora. \u00a1\u00c1nimo! Ahora debes encontrar el coraje y la determinaci\u00f3n para continuar. No te quedes anclado en la gran ayuda espiritual que tienes. M\u00e1s bien, focal\u00edzate en la soluci\u00f3n de los problemas de hoy, de ma\u00f1ana y del d\u00eda siguiente. Resuelve un peque\u00f1o problema hoy y podr\u00e1s resolver uno mayor ma\u00f1ana. Comienza con cosas peque\u00f1as. Atiende las cuestiones pr\u00e1cticas de tu vida. Trae a tu vida una mayor armon\u00eda. No trates de hacer que todo sea bello, tranquilo y pac\u00edfico. Esto no es lo que queremos decir. Lo que queremos decir es pongas las cosas en el orden correcto.<\/p>\n<p>Debes traducir esto por ti mismo. La gente suele pensar que la espiritualidad trata sobre estar feliz, pac\u00edfico y alegre todo el tiempo, convirtiendo la vida en una especie de fiesta de pijamas. Esto no es cierto. La espiritualidad no es una forma de escape. No es una forma de intoxicaci\u00f3n. No es un afrodis\u00edaco. Es una manera de empoderarte, poni\u00e9ndote en contacto con el Conocimiento para poder cumplir tu prop\u00f3sito y tu misi\u00f3n aqu\u00ed. Entonces ser\u00e1s capaz de identificar y recibir a quienes est\u00e1n destinados a compartir su prop\u00f3sito contigo. La espiritualidad es para permitirte trabajar, para permitir que tu vida trabaje y para permitir que un mayor poder trabaje a trav\u00e9s de ti. Esto no es una escuela de belleza donde haces que t\u00fa mismo y todos los dem\u00e1s luzc\u00e1is gloriosos y angelicales. Esto no son unas vacaciones de la vida. Se trata de una formaci\u00f3n y una preparaci\u00f3n. Se trata de un estudio y una aplicaci\u00f3n. Esto es para hacer tu vida m\u00e1s plena, m\u00e1s determinada, m\u00e1s real y m\u00e1s saludable para ti y para aquellos que te recibir\u00e1n y te reconocer\u00e1n.<\/p>\n<p>Incluso aquellos a los que no puedes ver y no puedes reconocer se beneficiar\u00e1n tambi\u00e9n, ya que habr\u00e1 una mayor presencia del Conocimiento en el mundo a trav\u00e9s de t\u00fa contribuci\u00f3n. Esto trae a todo el mundo un paso m\u00e1s cerca de su Antiguo Hogar. Esto reduce el abismo que separa la vida en el mundo de la vida m\u00e1s all\u00e1 de lo f\u00edsico. Esto acerca un poco m\u00e1s la experiencia y la demostraci\u00f3n de la obra de Dios en el mundo, porque la inspiraci\u00f3n, la generosidad, la contribuci\u00f3n, el beneficio, la bondad, la compasi\u00f3n, el amor, la fuerza y la autodeterminaci\u00f3n est\u00e1n siendo demostrados y a\u00f1adidos al mundo. El mundo necesita esta demostraci\u00f3n. Las personas est\u00e1n desesperadas por tener significado. Est\u00e1n desesperadas por tener valor. Han perdido el contacto con su vida interior. Necesitan que estas cualidades les sean demostradas y retornadas con tan poco dogma religioso como sea posible, de una forma tan pura como sea posible.<\/p>\n<p>Esta es la evidencia de la obra de Dios. Dios no hace el trabajo por ti. Dios te ense\u00f1a a trabajar porque t\u00fa viniste aqu\u00ed a trabajar, y necesitas darte cuenta de tu valor. Dios te da el poder. Dios te da los mensajeros de Dios. Dios te da aliados. Dios te da oportunidades. Y Dios te da las grandes necesidades del mundo, las cuales tirar\u00e1n de ti y requerir\u00e1n que des lo que viniste aqu\u00ed a dar. Si el mundo fuera dulce y maravilloso, feliz y despreocupado, no tendr\u00edas ning\u00fan prop\u00f3sito para estar aqu\u00ed. No sabr\u00edas qu\u00e9 hacer. Te frustrar\u00edas.<\/p>\n<p>La condici\u00f3n del mundo est\u00e1 madura para la contribuci\u00f3n. T\u00fa no est\u00e1s aqu\u00ed para captar personas a tu religi\u00f3n o fortalecer una ense\u00f1anza religiosa en particular, a menos que tu misi\u00f3n espec\u00edfica sea hacer eso. Este ser\u00e1 el caso solo para unos pocos. T\u00fa dar\u00e1s algo misterioso y maravilloso en el contexto de las relaciones y en el contexto de ayudar a la gente. A qui\u00e9n ayudar\u00e1s y c\u00f3mo les ayudar\u00e1s es algo que descubrir\u00e1s a medida que avances. A qui\u00e9n no puedes ayudar y con quienes no has de involucrarte debe tambi\u00e9n ser aprendido y debe serte demostrado.<\/p>\n<p>T\u00fa fuiste hecho para algo, que est\u00e1 esperando a ser descubierto. De este modo, te encuentras a ti mismo, te validas, te experimentas y te contemplas en acci\u00f3n. \u00bfQu\u00e9 otra forma hay para encontrar tu verdadero valor? T\u00fa puedes decirte a ti mismo que eres maravilloso durante todo el d\u00eda, pero sin la demostraci\u00f3n de una mayor capacidad y cualidad en ti, solo es palabrer\u00eda. Esto trata sobre dar al mundo, no sobre verte bien a ti mismo.<\/p>\n<p>Los Invisibles trabajan sin reconocimiento. Los Harim en la Comunidad Mayor trabajan sin reconocimiento. El Sabio en el mundo trabaja sin reconocimiento. Entiende esto y entender\u00e1s c\u00f3mo la Sabidur\u00eda y el Conocimiento pueden darse en situaciones donde son desconocidos e incluso donde no son bien recibidos. Aqu\u00ed la Sabidur\u00eda y el Conocimiento pueden ejercer su beneficencia para fortalecer la integridad interna de las personas, para recordar a la gente sus mayores responsabilidades y para apoyar a las personas en ser honestas consigo mismas y en asumir sus inclinaciones m\u00e1s profundas y su sentido de lo justo y lo correcto, independientemente de sus pasadas convicciones pol\u00edticas o religiosas.<\/p>\n<p>La demostraci\u00f3n de la presencia y la gracia de Dios se da a trav\u00e9s de las acciones de las personas en las relaciones. Los Invisibles lo demuestran. Los Harim lo demuestran. Tus aliados lo demuestran. Tus destinatarios lo demuestran. T\u00fa est\u00e1s dando algo precioso en una situaci\u00f3n dif\u00edcil. Debes ser trabajador y tener determinaci\u00f3n para hacer esto. No utilices la espiritualidad como una droga, como un intoxicante. No la utilices para estar feliz. No te ciegues con ella. Usa la luz para encontrar el camino. No la uses para tener alucinaciones. El regalo debe darse a trav\u00e9s de ti en formas tangibles e intangibles. No pienses que ser\u00e1s un gran emancipador, una gran princesa o pr\u00edncipe espiritual, una diosa o un dios. T\u00fa har\u00e1s un trabajo sencillo. Har\u00e1s un trabajo humilde. Har\u00e1s el trabajo que hay que hacer, no el trabajo que necesariamente te glorificar\u00e1. Lo qu\u00e9 ser\u00e1 honrado es el Conocimiento dentro de ti, el cual te honra. Entonces no habr\u00e1 enga\u00f1o.<\/p>\n<p>Aqu\u00ed empezar\u00e1s a entender c\u00f3mo eres servido y c\u00f3mo eres sostenido. Empezar\u00e1s a entender c\u00f3mo grandes individuos te han ayudado sin hacerte sombra o interferir contigo. Ellos te han alimentado y protegido, te han alejado del peligro y te han mantenido caminando en la direcci\u00f3n correcta. Ellos han permitido que cometas tus propios errores, pero de tal manera que pudieras beneficiarte de ellos y no tuvieras que repetirlos.<\/p>\n<p>Con el tiempo, t\u00fa puedes llegar a ser como un Invisible en el mundo, incluso mientras est\u00e1s viviendo todav\u00eda aqu\u00ed como persona. T\u00fa dar\u00e1s, y tus regalos se abrir\u00e1n camino hacia las mentes y corazones de las personas, que no sabr\u00e1n de d\u00f3nde vienen los regalos. Ellas no ser\u00e1n capaces de encontrar al dador. El dador es libre e invisible para ellas. Las personas ver\u00e1n cosas y sentir\u00e1n cosas que necesitan ver y sentir. Comenzar\u00e1n a saber cosas que necesitan saber. Recordar\u00e1n cosas que necesitan recordar y olvidar\u00e1n cosas que necesitan olvidar. No ver\u00e1n de donde proviene este poder. No ver\u00e1n su fuente.<\/p>\n<p>Vu\u00e9lvete como un Invisible t\u00fa mismo y tus regalos tendr\u00e1n el mayor impacto con la menor confusi\u00f3n e incertidumbre. La humanidad se ha mantenido viva por la obra ben\u00e9vola de muchas personas dentro y fuera del mundo que permanecieron desconocidas. Y las fuerzas de la ignorancia \u2014aquellas que son violentas y temerosas, hostiles y resistentes\u2014 no ser\u00e1n capaces de encontrar de d\u00f3nde est\u00e1 viniendo el bien. No ser\u00e1n capaces de pararlo. No ser\u00e1n capaces de manipularlo. Pasar\u00e1 a trav\u00e9s de sus dedos. No ser\u00e1n capaces de agarrarlo. Funcionar\u00e1 a pesar del da\u00f1o que causan.<\/p>\n<p>Los mayores poderes que te est\u00e1n ayudando son invisibles. Sin embargo, pueden ser conocidos, y es tu privilegio conocerlos. Los mayores poderes quiz\u00e1 no se pueden tocar, pero ellos te pueden tocar, y puedes recibir su gracia y utilizarla de manera apropiada, porque eres t\u00fa quien debe crecer y recuperar su fuerza y su autoridad. En esto debes ser apoyado, pero no eclipsado. Debes ser asistido, pero no manipulado. Debes estar protegido, pero no custodiado. Qu\u00e9 gran compasi\u00f3n demuestra esto.<\/p>\n<p class=\"NMBody\">A medida que avances, empezar\u00e1s a experimentar estas cosas por ti mismo. Comenzar\u00e1s a ser feliz cuando puedas dar un regalo, lograr que se reciba y que nadie sepa de d\u00f3nde vino. Esto te protege, te preserva y permite que el regalo tenga todo su impacto. Debes estar madurando como un estudiante del Conocimiento para tener esta experiencia. Sin embargo, su demostraci\u00f3n te convencer\u00e1 de la Sabidur\u00eda de la idea de que el Sabio permanece oculto para permanecer sabio.<\/p>\n<p class=\"NMBody\">\n","protected":false},"excerpt":{"rendered":"<p>Al igual que tienes aliados en el mundo y en la Comunidad Mayor, tambi\u00e9n tienes aliados m\u00e1s all\u00e1 del rango visible de la vida. Ellos est\u00e1n aqu\u00ed para ser parte de tu educaci\u00f3n en el Conocimiento. No estando ya m\u00e1s en lo f\u00edsico, ahora sirven a aquellos que est\u00e1n recuperando la memoria de su Antiguo\u2026 <a class=\"read-more\" href=\"https:\/\/www.v6.newmessage.org\/es\/about-text-shortcode\"><span>Read More<\/span><\/a><\/p>\n","protected":false},"author":1,"featured_media":0,"parent":13081,"menu_order":23,"comment_status":"closed","ping_status":"closed","template":"template-leftsidebar.php","meta":{"_monsterinsights_skip_tracking":false,"_monsterinsights_sitenote_active":false,"_monsterinsights_sitenote_note":"","_monsterinsights_sitenote_category":0,"footnotes":""},"categories":[44,468,76,77,467],"tags":[],"_links":{"self":[{"href":"https:\/\/www.v6.newmessage.org\/es\/wp-json\/wp\/v2\/pages\/12071"}],"collection":[{"href":"https:\/\/www.v6.newmessage.org\/es\/wp-json\/wp\/v2\/pages"}],"about":[{"href":"https:\/\/www.v6.newmessage.org\/es\/wp-json\/wp\/v2\/types\/page"}],"author":[{"embeddable":true,"href":"https:\/\/www.v6.newmessage.org\/es\/wp-json\/wp\/v2\/users\/1"}],"replies":[{"embeddable":true,"href":"https:\/\/www.v6.newmessage.org\/es\/wp-json\/wp\/v2\/comments?post=12071"}],"version-history":[{"count":13,"href":"https:\/\/www.v6.newmessage.org\/es\/wp-json\/wp\/v2\/pages\/12071\/revisions"}],"predecessor-version":[{"id":27206,"href":"https:\/\/www.v6.newmessage.org\/es\/wp-json\/wp\/v2\/pages\/12071\/revisions\/27206"}],"up":[{"embeddable":true,"href":"https:\/\/www.v6.newmessage.org\/es\/wp-json\/wp\/v2\/pages\/13081"}],"wp:attachment":[{"href":"https:\/\/www.v6.newmessage.org\/es\/wp-json\/wp\/v2\/media?parent=12071"}],"wp:term":[{"taxonomy":"category","embeddable":true,"href":"https:\/\/www.v6.newmessage.org\/es\/wp-json\/wp\/v2\/categories?post=12071"},{"taxonomy":"post_tag","embeddable":true,"href":"https:\/\/www.v6.newmessage.org\/es\/wp-json\/wp\/v2\/tags?post=12071"}],"curies":[{"name":"wp","href":"https:\/\/api.w.org\/{rel}","templated":true}]}}