{"id":16358,"date":"2014-10-26T00:24:45","date_gmt":"2014-10-26T00:24:45","guid":{"rendered":"http:\/\/www.newmessage.org\/?page_id=16358"},"modified":"2017-10-20T00:06:48","modified_gmt":"2017-10-20T00:06:48","slug":"other-revelations","status":"publish","type":"page","link":"https:\/\/www.v6.newmessage.org\/el\/the-message\/other-revelations","title":{"rendered":"\u0386\u03bb\u03bb\u03b5\u03c2 \u0391\u03c0\u03bf\u03ba\u03b1\u03bb\u03cd\u03c8\u03b5\u03b9\u03c2"},"content":{"rendered":"<h2>\u0386\u03bb\u03bb\u03b5\u03c2 \u0391\u03c0\u03bf\u03ba\u03b1\u03bb\u03cd\u03c8\u03b5\u03b9\u03c2 \u03c4\u03bf\u03c5 \u039d\u03ad\u03bf\u03c5 \u039c\u03b7\u03bd\u03cd\u03bc\u03b1\u03c4\u03bf\u03c2 \u03c4\u03bf\u03c5 \u0398\u03b5\u03bf\u03cd:<\/h2>\n<p>\u0395\u03af\u03bd\u03b1\u03b9 \u03b4\u03b9\u03b1\u03b8\u03ad\u03c3\u03b9\u03bc\u03b5\u03c2 \u03b5\u03b4\u03ce \u03ac\u03bb\u03bb\u03b5\u03c2 \u0391\u03c0\u03bf\u03ba\u03b1\u03bb\u03cd\u03c8\u03b5\u03b9\u03c2 \u03c4\u03bf\u03c5 \u039d\u03ad\u03bf\u03c5 \u039c\u03b7\u03bd\u03cd\u03bc\u03b1\u03c4\u03bf\u03c2 \u03c4\u03bf\u03c5 \u0398\u03b5\u03bf\u03cd \u03c0\u03bf\u03c5 \u03b1\u03ba\u03cc\u03bc\u03b1 \u03b4\u03b5\u03bd \u03ad\u03c7\u03bf\u03c5\u03bd \u03c3\u03c5\u03bb\u03b5\u03c7\u03c4\u03b5\u03af \u03b1\u03c0\u03cc \u03c4\u03bf\u03bd \u0391\u03b3\u03b3\u03b5\u03bb\u03b9\u03bf\u03c6\u03cc\u03c1\u03bf \u03c3\u03b5 \u03c4\u03cc\u03bc\u03bf\u03c5\u03c2 \u03ba\u03b1\u03b9 \u03b2\u03b9\u03b2\u03bb\u03af\u03b1. <a title=\"A Revela\u00e7\u00e3o continua at\u00e9 o dia de hoje\u2026\" href=\"\/the-message\/the-revelation-continues-this-day\">\u039c\u03ac\u03b8\u03b5\u03c4\u03b5 \u03c0\u03b5\u03c1\u03b9\u03c3\u03c3\u03cc\u03c4\u03b5\u03c1\u03b1\u2026<\/a><br \/>\n\n\t    \n\t<article class=\"posts_listing blog_shortcode clearfix post-28468 page type-page status-publish hentry category-other-revelations category-revelations tag-the-pilgrimage\" id=\"post-28468\">\n\n\t\t\t\t\n\t<h2 class=\"entry-title\"><a href=\"https:\/\/www.v6.newmessage.org\/el\/the-message\/other-revelations\/the-pilgrimage\" rel=\"bookmark\" title=\"Permanent Link to \u03a4\u03bf \u03a0\u03c1\u03bf\u03c3\u03ba\u03c5\u03bd\u03b7\u03bc\u03b1\">\u03a4\u03bf \u03a0\u03c1\u03bf\u03c3\u03ba\u03c5\u03bd\u03b7\u03bc\u03b1<\/a><\/h2>\n\n\t\t\t\n\t\t<\/article>\n\t    \n\t<article class=\"posts_listing blog_shortcode clearfix post-28418 page type-page status-publish hentry category-other-revelations category-text-only tag-joy-and-gratitude tag-822\" id=\"post-28418\">\n\n\t\t\t\t\n\t<h2 class=\"entry-title\"><a href=\"https:\/\/www.v6.newmessage.org\/el\/the-message\/other-revelations\/joy-and-gratitude\" rel=\"bookmark\" title=\"Permanent Link to \u03a7\u03b1\u03c1\u03ac \u03ba\u03b1\u03b9 \u0395\u03c5\u03b3\u03bd\u03c9\u03bc\u03bf\u03c3\u03cd\u03bd\u03b7\">\u03a7\u03b1\u03c1\u03ac \u03ba\u03b1\u03b9 \u0395\u03c5\u03b3\u03bd\u03c9\u03bc\u03bf\u03c3\u03cd\u03bd\u03b7<\/a><\/h2>\n\n\t\t\t\n\t\t<\/article>\n\t    \n\t<article class=\"posts_listing blog_shortcode clearfix post-28316 page type-page status-publish hentry category-other-revelations category-revelations tag-the-power-of-knowledge tag-759\" id=\"post-28316\">\n\n\t\t\t\t\n\t<h2 class=\"entry-title\"><a href=\"https:\/\/www.v6.newmessage.org\/el\/the-message\/other-revelations\/the-power-of-knowledge-other\" rel=\"bookmark\" title=\"Permanent Link to \u0397 \u0394\u03cd\u03bd\u03b1\u03bc\u03b7 \u03c4\u03b7\u03c2 \u0393\u03bd\u03ce\u03c3\u03b7\u03c2\">\u0397 \u0394\u03cd\u03bd\u03b1\u03bc\u03b7 \u03c4\u03b7\u03c2 \u0393\u03bd\u03ce\u03c3\u03b7\u03c2<\/a><\/h2>\n\n\t\t\t\n\t\t<\/article>\n\t    \n\t<article class=\"posts_listing blog_shortcode clearfix post-28313 page type-page status-publish hentry category-other-revelations category-revelations tag-the-presence tag-757\" id=\"post-28313\">\n\n\t\t\t\t\n\t<h2 class=\"entry-title\"><a href=\"https:\/\/www.v6.newmessage.org\/el\/the-message\/other-revelations\/experiencing-presence-god\" rel=\"bookmark\" title=\"Permanent Link to \u0397 \u03a0\u03b1\u03c1\u03bf\u03c5\u03c3\u03af\u03b1\">\u0397 \u03a0\u03b1\u03c1\u03bf\u03c5\u03c3\u03af\u03b1<\/a><\/h2>\n\n\t\t\t\n\t\t<\/article>\n\t    \n\t<article class=\"posts_listing blog_shortcode clearfix post-28304 page type-page status-publish hentry category-other-revelations tag-the-meaning-of-christmas tag-753\" id=\"post-28304\">\n\n\t\t\t\t\n\t<h2 class=\"entry-title\"><a href=\"https:\/\/www.v6.newmessage.org\/el\/the-message\/other-revelations\/the-meaning-of-christmas\" rel=\"bookmark\" title=\"Permanent Link to \u03a4\u03bf \u03bd\u03cc\u03b7\u03bc\u03b1 \u03c4\u03c9\u03bd \u03a7\u03c1\u03b9\u03c3\u03c4\u03bf\u03c5\u03b3\u03ad\u03bd\u03bd\u03c9\u03bd\">\u03a4\u03bf \u03bd\u03cc\u03b7\u03bc\u03b1 \u03c4\u03c9\u03bd \u03a7\u03c1\u03b9\u03c3\u03c4\u03bf\u03c5\u03b3\u03ad\u03bd\u03bd\u03c9\u03bd<\/a><\/h2>\n\n\t\t\t\n\t\t<\/article>\n\t    \n\t<article class=\"posts_listing blog_shortcode clearfix post-27756 page type-page status-publish hentry category-other-revelations tag-why-a-new-message-from-god tag-679\" id=\"post-27756\">\n\n\t\t\t\t\n\t<h2 class=\"entry-title\"><a href=\"https:\/\/www.v6.newmessage.org\/el\/the-message\/other-revelations\/why-a-new-message-from-god\" rel=\"bookmark\" title=\"Permanent Link to \u0393\u03b9\u03b1\u03c4\u03af \u03ad\u03bd\u03b1 \u039d\u03ad\u03bf \u039c\u03ae\u03bd\u03c5\u03bc\u03b1 \u03b1\u03c0\u03cc \u03c4\u03bf\u03bd \u0398\u03b5\u03cc;\">\u0393\u03b9\u03b1\u03c4\u03af \u03ad\u03bd\u03b1 \u039d\u03ad\u03bf \u039c\u03ae\u03bd\u03c5\u03bc\u03b1 \u03b1\u03c0\u03cc \u03c4\u03bf\u03bd \u0398\u03b5\u03cc;<\/a><\/h2>\n\n\t\t\t\n\t\t<\/article>\n\t    \n\t<article class=\"posts_listing blog_shortcode clearfix post-27754 page type-page status-publish hentry category-other-revelations tag-the-night-meditation tag-681\" id=\"post-27754\">\n\n\t\t\t\t\n\t<h2 class=\"entry-title\"><a href=\"https:\/\/www.v6.newmessage.org\/el\/the-message\/other-revelations\/the-night-meditation\" rel=\"bookmark\" title=\"Permanent Link to \u039f \u039d\u03c5\u03c7\u03c4\u03b5\u03c1\u03b9\u03bd\u03cc\u03c2 \u0394\u03b9\u03b1\u03bb\u03bf\u03b3\u03b9\u03c3\u03bc\u03cc\u03c2\">\u039f \u039d\u03c5\u03c7\u03c4\u03b5\u03c1\u03b9\u03bd\u03cc\u03c2 \u0394\u03b9\u03b1\u03bb\u03bf\u03b3\u03b9\u03c3\u03bc\u03cc\u03c2<\/a><\/h2>\n\n\t\t\t\n\t\t<\/article>\n\t    \n\t<article class=\"posts_listing blog_shortcode clearfix post-27750 page type-page status-publish hentry category-other-revelations tag-the-sacred-rendezvous tag-683\" id=\"post-27750\">\n\n\t\t\t\t\n\t<h2 class=\"entry-title\"><a href=\"https:\/\/www.v6.newmessage.org\/el\/the-message\/other-revelations\/the-sacred-rendezvous\" rel=\"bookmark\" title=\"Permanent Link to \u03a4\u03bf \u0399\u03b5\u03c1\u03cc \u03a1\u03b1\u03bd\u03c4\u03b5\u03b2\u03bf\u03cd\">\u03a4\u03bf \u0399\u03b5\u03c1\u03cc \u03a1\u03b1\u03bd\u03c4\u03b5\u03b2\u03bf\u03cd<\/a><\/h2>\n\n\t\t\t\n\t\t<\/article>\n\t    \n\t<article class=\"posts_listing blog_shortcode clearfix post-27743 page type-page status-publish hentry category-other-revelations tag-freedom tag-678\" id=\"post-27743\">\n\n\t\t\t\t\n\t<h2 class=\"entry-title\"><a href=\"https:\/\/www.v6.newmessage.org\/el\/the-message\/other-revelations\/freedom\" rel=\"bookmark\" title=\"Permanent Link to \u0397 \u0395\u03bb\u03b5\u03c5\u03b8\u03b5\u03c1\u03af\u03b1\">\u0397 \u0395\u03bb\u03b5\u03c5\u03b8\u03b5\u03c1\u03af\u03b1<\/a><\/h2>\n\n\t\t\t\n\t\t<\/article>\n\t    \n\t<article class=\"posts_listing blog_shortcode clearfix post-27252 page type-page status-publish hentry category-other-revelations tag-a-greater-darkness-upon-the-world tag-666\" id=\"post-27252\">\n\n\t\t\t\t\n\t<h2 class=\"entry-title\"><a href=\"https:\/\/www.v6.newmessage.org\/el\/the-message\/other-revelations\/a-greater-darkness-upon-the-world\" rel=\"bookmark\" title=\"Permanent Link to \u0388\u03bd\u03b1 \u0395\u03c5\u03c1\u03cd\u03c4\u03b5\u03c1\u03bf \u03a3\u03ba\u03cc\u03c4\u03bf\u03c2 \u03c3\u03c4\u03bf\u03bd \u03ba\u03cc\u03c3\u03bc\u03bf\">\u0388\u03bd\u03b1 \u0395\u03c5\u03c1\u03cd\u03c4\u03b5\u03c1\u03bf \u03a3\u03ba\u03cc\u03c4\u03bf\u03c2 \u03c3\u03c4\u03bf\u03bd \u03ba\u03cc\u03c3\u03bc\u03bf<\/a><\/h2>\n\n\t\t\t\n\t\t<\/article>\n\t    \n\t<article class=\"posts_listing blog_shortcode clearfix post-27250 page type-page status-publish hentry category-other-revelations tag-spiritual-powers-in-the-universe tag-682\" id=\"post-27250\">\n\n\t\t\t\t\n\t<h2 class=\"entry-title\"><a href=\"https:\/\/www.v6.newmessage.org\/el\/the-message\/other-revelations\/spiritual-powers-in-the-universe\" rel=\"bookmark\" title=\"Permanent Link to \u03a0\u03bd\u03b5\u03c5\u03bc\u03b1\u03c4\u03b9\u03ba\u03ad\u03c2 \u0394\u03c5\u03bd\u03ac\u03bc\u03b5\u03b9\u03c2 \u03c3\u03c4\u03bf \u03a3\u03cd\u03bc\u03c0\u03b1\u03bd\">\u03a0\u03bd\u03b5\u03c5\u03bc\u03b1\u03c4\u03b9\u03ba\u03ad\u03c2 \u0394\u03c5\u03bd\u03ac\u03bc\u03b5\u03b9\u03c2 \u03c3\u03c4\u03bf \u03a3\u03cd\u03bc\u03c0\u03b1\u03bd<\/a><\/h2>\n\n\t\t\t\n\t\t<\/article>\n\t    \n\t<article class=\"posts_listing blog_shortcode clearfix post-27248 page type-page status-publish hentry category-other-revelations tag-the-calling\" id=\"post-27248\">\n\n\t\t\t\t\n\t<h2 class=\"entry-title\"><a href=\"https:\/\/www.v6.newmessage.org\/el\/the-message\/other-revelations\/the-calling\" rel=\"bookmark\" title=\"Permanent Link to \u03a4\u03bf \u039a\u03ac\u03bb\u03b5\u03c3\u03bc\u03b1\">\u03a4\u03bf \u039a\u03ac\u03bb\u03b5\u03c3\u03bc\u03b1<\/a><\/h2>\n\n\t\t\t\n\t\t<\/article>\n\t    \n\t<article class=\"posts_listing blog_shortcode clearfix post-27244 page type-page status-publish hentry category-other-revelations tag-love-and-fear tag-667\" id=\"post-27244\">\n\n\t\t\t\t\n\t<h2 class=\"entry-title\"><a href=\"https:\/\/www.v6.newmessage.org\/el\/the-message\/other-revelations\/love-and-fear\" rel=\"bookmark\" title=\"Permanent Link to \u0397 \u03b1\u03b3\u03ac\u03c0\u03b7 \u03ba\u03b1\u03b9 \u03bf \u03c6\u03cc\u03b2\u03bf\u03c2\">\u0397 \u03b1\u03b3\u03ac\u03c0\u03b7 \u03ba\u03b1\u03b9 \u03bf \u03c6\u03cc\u03b2\u03bf\u03c2<\/a><\/h2>\n\n\t\t\t\n\t\t<\/article>\n\t    \n\t<article class=\"posts_listing blog_shortcode clearfix post-27240 page type-page status-publish hentry category-other-revelations tag-the-great-presence-within-you\" id=\"post-27240\">\n\n\t\t\t\t\n\t<h2 class=\"entry-title\"><a href=\"https:\/\/www.v6.newmessage.org\/el\/the-message\/other-revelations\/the-great-presence-within-you\" rel=\"bookmark\" title=\"Permanent Link to \u0397 \u039c\u03b5\u03b3\u03ac\u03bb\u03b7 \u03a0\u03b1\u03c1\u03bf\u03c5\u03c3\u03af\u03b1 \u03bc\u03ad\u03c3\u03b1 \u03c3\u03b1\u03c2\">\u0397 \u039c\u03b5\u03b3\u03ac\u03bb\u03b7 \u03a0\u03b1\u03c1\u03bf\u03c5\u03c3\u03af\u03b1 \u03bc\u03ad\u03c3\u03b1 \u03c3\u03b1\u03c2<\/a><\/h2>\n\n\t\t\t\n\t\t<\/article>\n\t    \n\t<article class=\"posts_listing blog_shortcode clearfix post-27238 page type-page status-publish hentry category-other-revelations tag-finding-your-purpose-in-the-world tag-664\" id=\"post-27238\">\n\n\t\t\t\t\n\t<h2 class=\"entry-title\"><a href=\"https:\/\/www.v6.newmessage.org\/el\/the-message\/other-revelations\/finding-your-purpose-in-the-world\" rel=\"bookmark\" title=\"Permanent Link to \u0391\u03bd\u03b1\u03ba\u03b1\u03bb\u03cd\u03c0\u03c4\u03bf\u03bd\u03c4\u03b1\u03c2 \u03c4\u03bf\u03bd \u03c3\u03ba\u03bf\u03c0\u03cc \u03c3\u03b1\u03c2 \u03c3\u03c4\u03bf\u03bd \u03ba\u03cc\u03c3\u03bc\u03bf\">\u0391\u03bd\u03b1\u03ba\u03b1\u03bb\u03cd\u03c0\u03c4\u03bf\u03bd\u03c4\u03b1\u03c2 \u03c4\u03bf\u03bd \u03c3\u03ba\u03bf\u03c0\u03cc \u03c3\u03b1\u03c2 \u03c3\u03c4\u03bf\u03bd \u03ba\u03cc\u03c3\u03bc\u03bf<\/a><\/h2>\n\n\t\t\t\n\t\t<\/article>\n\t    \n\t<article class=\"posts_listing blog_shortcode clearfix post-27208 page type-page status-publish hentry category-other-revelations tag-the-fate-of-nations tag-680\" id=\"post-27208\">\n\n\t\t\t\t\n\t<h2 class=\"entry-title\"><a href=\"https:\/\/www.v6.newmessage.org\/el\/the-message\/other-revelations\/the-fate-of-nations\" rel=\"bookmark\" title=\"Permanent Link to \u0397 \u03bc\u03bf\u03af\u03c1\u03b1 \u03c4\u03c9\u03bd \u03b5\u03b8\u03bd\u03ce\u03bd \u03ba\u03b1\u03b9 \u03c4\u03c9\u03bd \u03bb\u03b1\u03ce\u03bd\">\u0397 \u03bc\u03bf\u03af\u03c1\u03b1 \u03c4\u03c9\u03bd \u03b5\u03b8\u03bd\u03ce\u03bd \u03ba\u03b1\u03b9 \u03c4\u03c9\u03bd \u03bb\u03b1\u03ce\u03bd<\/a><\/h2>\n\n\t\t\t\n\t\t<\/article>\n\t    \n\t<article class=\"posts_listing blog_shortcode clearfix post-96 page type-page status-publish hentry category-other-revelations category-message-for-the-individual category-audio category-revelations tag-the-sacred-rendezvous tag-683\" id=\"post-96\">\n\n\t\t\t\t\n\t<h2 class=\"entry-title\"><a href=\"https:\/\/www.v6.newmessage.org\/el\/the-message\/other-revelations\/the-sacred-rendezvous-2\" rel=\"bookmark\" title=\"Permanent Link to \u03a4\u03bf \u0399\u03b5\u03c1\u03cc \u03a1\u03b1\u03bd\u03c4\u03b5\u03b2\u03bf\u03cd\">\u03a4\u03bf \u0399\u03b5\u03c1\u03cc \u03a1\u03b1\u03bd\u03c4\u03b5\u03b2\u03bf\u03cd<\/a><\/h2>\n\n\t\t\t\n\t\t<\/article>\n\t    \t    <\/p>\n<p>&nbsp;<\/p>\n<h2>\u039c\u03c0\u03bf\u03c1\u03b5\u03af\u03c4\u03b5 \u03bd\u03b1 \u03ba\u03b1\u03c4\u03b5\u03b2\u03ac\u03c3\u03b5\u03c4\u03b5 \u03b7\u03c7\u03bf\u03b3\u03c1\u03b1\u03c6\u03ae\u03c3\u03b5\u03b9\u03c2 \u03b1\u03c0\u03cc \u03c4\u03b7 New Knowledge Library (\u03c3\u03c4\u03b1 \u03b1\u03b3\u03b3\u03bb\u03b9\u03ba\u03ac):<\/h2>\n<style>\nh3.hungryfeed_feed_title {display:none;}\r\ndiv.hungryfeed_feed_description {}\r\ndiv.hungryfeed_feed_content {}\r\ndiv.hungryfeed_items {}\r\ndiv.hungryfeed_item {margin-bottom: 10px;}\r\ndiv.hungryfeed_item_title {font-weight: bold;}\r\ndiv.hungryfeed_item_description {}\r\ndiv.hungryfeed_item_author {}\r\ndiv.hungryfeed_item_date {}\n<\/style>\n<script type=\"text\/javascript\">\r\n\/\/ Custom Javascript here...\r\n<\/script>\n<div class=\"hungryfeed_items\">\n<div class=\"hungryfeed_item\">\n<div class=\"hungryfeed_item_title\"><a href=\"https:\/\/newknowledgelibrary.org\/audio-mp3-free\/expanding-your-steps-practice-mp3-audio-file\/\" >Expanding Your Steps Practice (MP3 audio file)<\/a><\/div>\n<\/div>\n<\/div>\n\n<h2>CD \u03b4\u03b9\u03b1\u03b8\u03ad\u03c3\u03b9\u03bc\u03b1 \u03c3\u03c4\u03b7 New Knowledge Library (\u03c3\u03c4\u03b1 \u03b1\u03b3\u03b3\u03bb\u03b9\u03ba\u03ac):<\/h2>\n<style>\nh3.hungryfeed_feed_title {display:none;}\r\ndiv.hungryfeed_feed_description {}\r\ndiv.hungryfeed_feed_content {}\r\ndiv.hungryfeed_items {}\r\ndiv.hungryfeed_item {margin-bottom: 10px;}\r\ndiv.hungryfeed_item_title {font-weight: bold;}\r\ndiv.hungryfeed_item_description {}\r\ndiv.hungryfeed_item_author {}\r\ndiv.hungryfeed_item_date {}\n<\/style>\n<script type=\"text\/javascript\">\r\n\/\/ Custom Javascript here...\r\n<\/script>\n<div class=\"hungryfeed_items\">\n<div class=\"hungryfeed_item\">\n<div class=\"hungryfeed_item_title\"><a href=\"https:\/\/newknowledgelibrary.org\/cds\/the-new-message-for-the-impoverished-and-oppressed-cd\/\" >The New Message for the Impoverished and Oppressed CD<\/a><\/div>\n<\/div>\n<\/div>\n\n","protected":false},"excerpt":{"rendered":"<p>\u0386\u03bb\u03bb\u03b5\u03c2 \u0391\u03c0\u03bf\u03ba\u03b1\u03bb\u03cd\u03c8\u03b5\u03b9\u03c2 \u03c4\u03bf\u03c5 \u039d\u03ad\u03bf\u03c5 \u039c\u03b7\u03bd\u03cd\u03bc\u03b1\u03c4\u03bf\u03c2 \u03c4\u03bf\u03c5 \u0398\u03b5\u03bf\u03cd: \u0395\u03af\u03bd\u03b1\u03b9 \u03b4\u03b9\u03b1\u03b8\u03ad\u03c3\u03b9\u03bc\u03b5\u03c2 \u03b5\u03b4\u03ce \u03ac\u03bb\u03bb\u03b5\u03c2 \u0391\u03c0\u03bf\u03ba\u03b1\u03bb\u03cd\u03c8\u03b5\u03b9\u03c2 \u03c4\u03bf\u03c5 \u039d\u03ad\u03bf\u03c5 \u039c\u03b7\u03bd\u03cd\u03bc\u03b1\u03c4\u03bf\u03c2 \u03c4\u03bf\u03c5 \u0398\u03b5\u03bf\u03cd \u03c0\u03bf\u03c5 \u03b1\u03ba\u03cc\u03bc\u03b1 \u03b4\u03b5\u03bd \u03ad\u03c7\u03bf\u03c5\u03bd \u03c3\u03c5\u03bb\u03b5\u03c7\u03c4\u03b5\u03af \u03b1\u03c0\u03cc \u03c4\u03bf\u03bd \u0391\u03b3\u03b3\u03b5\u03bb\u03b9\u03bf\u03c6\u03cc\u03c1\u03bf \u03c3\u03b5 \u03c4\u03cc\u03bc\u03bf\u03c5\u03c2 \u03ba\u03b1\u03b9 \u03b2\u03b9\u03b2\u03bb\u03af\u03b1. \u039c\u03ac\u03b8\u03b5\u03c4\u03b5 \u03c0\u03b5\u03c1\u03b9\u03c3\u03c3\u03cc\u03c4\u03b5\u03c1\u03b1\u2026 &nbsp; \u039c\u03c0\u03bf\u03c1\u03b5\u03af\u03c4\u03b5 \u03bd\u03b1 \u03ba\u03b1\u03c4\u03b5\u03b2\u03ac\u03c3\u03b5\u03c4\u03b5 \u03b7\u03c7\u03bf\u03b3\u03c1\u03b1\u03c6\u03ae\u03c3\u03b5\u03b9\u03c2 \u03b1\u03c0\u03cc \u03c4\u03b7 New Knowledge Library (\u03c3\u03c4\u03b1 \u03b1\u03b3\u03b3\u03bb\u03b9\u03ba\u03ac): CD \u03b4\u03b9\u03b1\u03b8\u03ad\u03c3\u03b9\u03bc\u03b1 \u03c3\u03c4\u03b7 New Knowledge Library (\u03c3\u03c4\u03b1 \u03b1\u03b3\u03b3\u03bb\u03b9\u03ba\u03ac):<\/p>\n","protected":false},"author":1,"featured_media":0,"parent":15090,"menu_order":10,"comment_status":"closed","ping_status":"closed","template":"template-leftsidebar.php","meta":{"_monsterinsights_skip_tracking":false,"_monsterinsights_sitenote_active":false,"_monsterinsights_sitenote_note":"","_monsterinsights_sitenote_category":0,"footnotes":""},"categories":[],"tags":[],"_links":{"self":[{"href":"https:\/\/www.v6.newmessage.org\/el\/wp-json\/wp\/v2\/pages\/16358"}],"collection":[{"href":"https:\/\/www.v6.newmessage.org\/el\/wp-json\/wp\/v2\/pages"}],"about":[{"href":"https:\/\/www.v6.newmessage.org\/el\/wp-json\/wp\/v2\/types\/page"}],"author":[{"embeddable":true,"href":"https:\/\/www.v6.newmessage.org\/el\/wp-json\/wp\/v2\/users\/1"}],"replies":[{"embeddable":true,"href":"https:\/\/www.v6.newmessage.org\/el\/wp-json\/wp\/v2\/comments?post=16358"}],"version-history":[{"count":27,"href":"https:\/\/www.v6.newmessage.org\/el\/wp-json\/wp\/v2\/pages\/16358\/revisions"}],"predecessor-version":[{"id":27966,"href":"https:\/\/www.v6.newmessage.org\/el\/wp-json\/wp\/v2\/pages\/16358\/revisions\/27966"}],"up":[{"embeddable":true,"href":"https:\/\/www.v6.newmessage.org\/el\/wp-json\/wp\/v2\/pages\/15090"}],"wp:attachment":[{"href":"https:\/\/www.v6.newmessage.org\/el\/wp-json\/wp\/v2\/media?parent=16358"}],"wp:term":[{"taxonomy":"category","embeddable":true,"href":"https:\/\/www.v6.newmessage.org\/el\/wp-json\/wp\/v2\/categories?post=16358"},{"taxonomy":"post_tag","embeddable":true,"href":"https:\/\/www.v6.newmessage.org\/el\/wp-json\/wp\/v2\/tags?post=16358"}],"curies":[{"name":"wp","href":"https:\/\/api.w.org\/{rel}","templated":true}]}}