{"id":14680,"date":"2014-08-22T18:55:56","date_gmt":"2014-08-22T18:55:56","guid":{"rendered":"http:\/\/www.newmessage.org\/?page_id=14680"},"modified":"2016-01-16T00:16:19","modified_gmt":"2016-01-16T00:16:19","slug":"santuario","status":"publish","type":"page","link":"https:\/\/www.v6.newmessage.org\/el\/the-worldwide-community\/society\/santuario","title":{"rendered":"O Santu\u00e1rio"},"content":{"rendered":"<h2>Apoiando o Lar da Nova Mensagem<\/h2>\n<div class=\"one_half \" >\n<p>O Santu\u00e1rio da Comunidade Maior \u00e9 um lugar onde pessoas v\u00eam para experimentar o poder e presen\u00e7a de <a href=\"\/a-mensagem\/termos-importantes#deus\">Deus<\/a> e do <a href=\"\/a-mensagem\/termos-importantes#conhecimento\">Conhecimento<\/a>, para experimentar em primeira m\u00e3o a gra\u00e7a da Nova Mensagem de Deus e para ir mais fundo naquilo que elas sabem mais verdadeiramente sobre as suas vidas.<\/p>\n<p>Localizado nos Estados Unidos, em Boulder, Colorado, o Santu\u00e1rio da Comunidade Maior \u00e9 a humilde casa da Nova Mensagem de Deus. N\u00f3s convidamos voc\u00ea a grande comunidade de estudantes em Boulder e a ouvir o Mensageiro falar em um de nossos <a href=\"https:\/\/www.newmessage.org\/worldwide-community\/events\">grandes eventos anuais<\/a>.<\/p>\n<p><\/div><br \/>\n<div class=\"one_half last\" ><br \/>\n<iframe loading=\"lazy\" width=\"400\" height=\"350\" frameborder=\"0\" src=\"\/\/player.vimeo.com\/video\/29793908?title=0&amp;byline=0&amp;portrait=0&amp;color=c17b29\"><\/iframe><br \/>\n<\/div>\n","protected":false},"excerpt":{"rendered":"<p>Apoiando o Lar da Nova Mensagem<\/p>\n","protected":false},"author":1,"featured_media":0,"parent":12810,"menu_order":5,"comment_status":"closed","ping_status":"closed","template":"template-leftsidebar.php","meta":{"_monsterinsights_skip_tracking":false,"_monsterinsights_sitenote_active":false,"_monsterinsights_sitenote_note":"","_monsterinsights_sitenote_category":0,"footnotes":""},"categories":[],"tags":[],"_links":{"self":[{"href":"https:\/\/www.v6.newmessage.org\/el\/wp-json\/wp\/v2\/pages\/14680"}],"collection":[{"href":"https:\/\/www.v6.newmessage.org\/el\/wp-json\/wp\/v2\/pages"}],"about":[{"href":"https:\/\/www.v6.newmessage.org\/el\/wp-json\/wp\/v2\/types\/page"}],"author":[{"embeddable":true,"href":"https:\/\/www.v6.newmessage.org\/el\/wp-json\/wp\/v2\/users\/1"}],"replies":[{"embeddable":true,"href":"https:\/\/www.v6.newmessage.org\/el\/wp-json\/wp\/v2\/comments?post=14680"}],"version-history":[{"count":13,"href":"https:\/\/www.v6.newmessage.org\/el\/wp-json\/wp\/v2\/pages\/14680\/revisions"}],"predecessor-version":[{"id":27120,"href":"https:\/\/www.v6.newmessage.org\/el\/wp-json\/wp\/v2\/pages\/14680\/revisions\/27120"}],"up":[{"embeddable":true,"href":"https:\/\/www.v6.newmessage.org\/el\/wp-json\/wp\/v2\/pages\/12810"}],"wp:attachment":[{"href":"https:\/\/www.v6.newmessage.org\/el\/wp-json\/wp\/v2\/media?parent=14680"}],"wp:term":[{"taxonomy":"category","embeddable":true,"href":"https:\/\/www.v6.newmessage.org\/el\/wp-json\/wp\/v2\/categories?post=14680"},{"taxonomy":"post_tag","embeddable":true,"href":"https:\/\/www.v6.newmessage.org\/el\/wp-json\/wp\/v2\/tags?post=14680"}],"curies":[{"name":"wp","href":"https:\/\/api.w.org\/{rel}","templated":true}]}}