{"id":13075,"date":"2014-07-24T21:53:26","date_gmt":"2014-07-24T21:53:26","guid":{"rendered":"http:\/\/www.newmessage.org\/?page_id=13075"},"modified":"2017-10-12T21:03:45","modified_gmt":"2017-10-12T21:03:45","slug":"secrets-of-heavens","status":"publish","type":"page","link":"https:\/\/www.v6.newmessage.org\/el\/the-message\/secrets-of-heavens","title":{"rendered":"Segredos do C\u00e9u"},"content":{"rendered":"<p><a href=\"https:\/\/www.newmessage.org\/wp-content\/uploads\/2015\/07\/volume6_book1.jpg\"><img loading=\"lazy\" decoding=\"async\" class=\" size-medium alignright\" src=\"https:\/\/www.newmessage.org\/wp-content\/uploads\/2015\/07\/volume6_book1-200x300.jpg\" alt=\"\" width=\"200\" height=\"300\" \/><\/a><\/p>\n<div style=\"margin: 0 20px 20px 0; width: 472px; padding: 20px; background-color: #664d6a; color: #fabb92; font-family: 'Trajan W01', Palatino, serif; font-size: 22px; font-weight: bold; text-transform: uppercase;\">Entre no mist\u00e9rio da sua vida<\/div>\n<p>Das profundezas do Mist\u00e9rio v\u00eam <em>Segredos do C\u00e9u<\/em>. Eles vieram para lhe levar \u00e0 experi\u00eancia de mist\u00e9rio e prop\u00f3sito que cerca a sua presen\u00e7a no mundo.<\/p>\n<p>Aqui a Assembl\u00e9ia Ang\u00e9lica busca compartilhar com voc\u00ea o que que foi esquecido h\u00e1 muito tempo no mundo \u2013 aquelas verdades que uma vez guiaram os profetas, poetas, mensageiros e m\u00edsticos atrav\u00e9s das eras.<\/p>\n<p>Aqui a antiga mem\u00f3ria e consci\u00eancia que habitam dentro de voc\u00ea podem ser acendidas novamente, revelando os seus dons maiores e prop\u00f3sito superior na vida. Os <em>Segredos do C\u00e9u<\/em> cont\u00e9m o poder para destravar estes dons, no profundo do cora\u00e7\u00e3o da humanidade. Com estes dons, existe uma nova esperan\u00e7a para o mundo.<\/p>\n<p>O C\u00e9u pede que voc\u00ea receba estes segredos. Cada segredo \u00e9 uma janela para uma realidade maior. Cada segredo \u00e9 uma oportunidade de espiar atrav\u00e9s de um espelho e ver a n\u00f3s mesmos assim como somos vistos de cima. Agora estamos olhando com os olhos do C\u00e9u, para ver a n\u00f3s mesmos, os outros e o mundo como nunca vimos antes.<\/p>\n<div class=\"background-color-bridesmaid padding-20\">\n<h2 style=\"text-align: left;\">\u00cdndice<\/h2>\n<p>Introdu\u00e7\u00e3o<\/p>\n<p>Os Segredos do C\u00e9u<\/p>\n<p><a href=\"\/a-mensagem\/volume-1\/deus-falou-novamente\/o-engajamento\">O Engajamento<\/a><\/p>\n<p>Sobre Marshall Vian Summers<\/p>\n<p>Indo mais profundamente no Mist\u00e9rio<\/p>\n<p>O movimento cresce<\/p>\n<\/div>\n","protected":false},"excerpt":{"rendered":"<p>Entre no mist\u00e9rio da sua vida Das profundezas do Mist\u00e9rio v\u00eam Segredos do C\u00e9u. Eles vieram para lhe levar \u00e0 experi\u00eancia de mist\u00e9rio e prop\u00f3sito que cerca a sua presen\u00e7a no mundo. Aqui a Assembl\u00e9ia Ang\u00e9lica busca compartilhar com voc\u00ea o que que foi esquecido h\u00e1 muito tempo no mundo \u2013 aquelas verdades que uma\u2026 <a class=\"read-more\" href=\"https:\/\/www.v6.newmessage.org\/el\/the-message\/secrets-of-heavens\"><span>Read More<\/span><\/a><\/p>\n","protected":false},"author":1,"featured_media":0,"parent":15090,"menu_order":0,"comment_status":"closed","ping_status":"closed","template":"","meta":{"_monsterinsights_skip_tracking":false,"_monsterinsights_sitenote_active":false,"_monsterinsights_sitenote_note":"","_monsterinsights_sitenote_category":0,"footnotes":""},"categories":[],"tags":[],"_links":{"self":[{"href":"https:\/\/www.v6.newmessage.org\/el\/wp-json\/wp\/v2\/pages\/13075"}],"collection":[{"href":"https:\/\/www.v6.newmessage.org\/el\/wp-json\/wp\/v2\/pages"}],"about":[{"href":"https:\/\/www.v6.newmessage.org\/el\/wp-json\/wp\/v2\/types\/page"}],"author":[{"embeddable":true,"href":"https:\/\/www.v6.newmessage.org\/el\/wp-json\/wp\/v2\/users\/1"}],"replies":[{"embeddable":true,"href":"https:\/\/www.v6.newmessage.org\/el\/wp-json\/wp\/v2\/comments?post=13075"}],"version-history":[{"count":76,"href":"https:\/\/www.v6.newmessage.org\/el\/wp-json\/wp\/v2\/pages\/13075\/revisions"}],"predecessor-version":[{"id":27032,"href":"https:\/\/www.v6.newmessage.org\/el\/wp-json\/wp\/v2\/pages\/13075\/revisions\/27032"}],"up":[{"embeddable":true,"href":"https:\/\/www.v6.newmessage.org\/el\/wp-json\/wp\/v2\/pages\/15090"}],"wp:attachment":[{"href":"https:\/\/www.v6.newmessage.org\/el\/wp-json\/wp\/v2\/media?parent=13075"}],"wp:term":[{"taxonomy":"category","embeddable":true,"href":"https:\/\/www.v6.newmessage.org\/el\/wp-json\/wp\/v2\/categories?post=13075"},{"taxonomy":"post_tag","embeddable":true,"href":"https:\/\/www.v6.newmessage.org\/el\/wp-json\/wp\/v2\/tags?post=13075"}],"curies":[{"name":"wp","href":"https:\/\/api.w.org\/{rel}","templated":true}]}}