{"id":9,"date":"2012-06-29T14:02:34","date_gmt":"2012-06-29T14:02:34","guid":{"rendered":"http:\/\/churchope.themoholics.com\/?page_id=9"},"modified":"2020-10-08T20:07:12","modified_gmt":"2020-10-08T20:07:12","slug":"die-neue-botschaft-von-gott","status":"publish","type":"page","link":"https:\/\/www.v6.newmessage.org\/de\/","title":{"rendered":"Die Neue Botschaft von Gott"},"content":{"rendered":"<div class=\"two_third \" ><\/p>\n<div class=\"panel-20 border-rounded-12 background-color-gray-gallery\"><span class=\"text-color-pirate-gold font-size-36 \">Was ist die Neue Botschaft?<\/span><br \/>\n<span class=\"text-color-gray-5 font-size-20\">Die Neue Botschaft<\/span> ist eine echte Mitteilung vom Sch\u00f6pfer, die zu einer Zeit gro\u00dfen Wandels, Konflikts und der Aufruhr gekommen ist.<br \/>\nDie Neue Botschaft st\u00fctzt sich nicht auf irgendeine vorhandene religi\u00f6se Tradition oder religi\u00f6se Lehre. Sie ist ein Geschenk an die Menschen aller Nationen und Glaubensrichtungen. Sie ehrt die fortdauernde Wahrheit in allen gro\u00dfen Botschaften, die der Sch\u00f6pfer jemals der Welt gegeben hat, jedoch ist sie anders als alles, was der Menschheit jemals offenbart worden ist.<br \/>\nSie ist eine neue Offenbarung \u00fcber die Eine Spiritualit\u00e4t der Menschheit, die Erhaltung der Welt und die Zukunft der Menschheit sowie die Bestimmung innerhalb einer Gr\u00f6\u00dferen Gemeinschaft des intelligenten Lebens im Universum. <a href=\"https:\/\/www.newmessage.org\/de\/informationen-uber-die-neue-botschaft\/\">Erfahre mehr&#8230;<\/a><\/div>\n<p><\/div>\n<div><\/div>\n<div class=\"one_third last\" >\n<div class=\"panel-20 border-rounded-12 background-color-gray-gallery\"><span class=\"text-color-pirate-gold font-size-36\">Erfahre<\/span><br \/>\n<span class=\"text-color-gray-5 font-size-20\">die Neue Botschaft<\/span><br \/>\n<iframe loading=\"lazy\" width=\"100%\" height=\"250px\" frameborder=\"0\" src=\"https:\/\/www.youtube.com\/embed\/tWzHviYdUE8\"><\/iframe><\/div>\n<p><\/div><br \/>\n<div class=\"two_third \" ><\/p>\n<div class=\"panel-20 border-rounded-12 background-color-gray-gallery\">\n<div class=\"home_feed_available_online\"><style>\nh3.hungryfeed_feed_title {}\r\ndiv.hungryfeed_feed_description {}\r\ndiv.hungryfeed_feed_content {}\r\ndiv.hungryfeed_items {}\r\ndiv.hungryfeed_item {margin-bottom: 10px;}\r\ndiv.hungryfeed_item_title {font-weight: bold;}\r\ndiv.hungryfeed_item_description {}\r\ndiv.hungryfeed_item_author {}\r\ndiv.hungryfeed_item_date {}\n<\/style>\n<script type=\"text\/javascript\">\r\n\/\/ Custom Javascript here...\r\n<\/script>\n<div style=\"margin:5px 0px 5px 0px;padding:10px;border: solid 1px red; background-color: #ff6666; color: black;\">\r\nHungryFEED can't get feed.  Don't be mad at HungryFEED. SimplePie reported: cURL error 22: The requested URL returned error: 403\r\n<\/div><\/div>\n<hr \/>\n<p><span class=\"text-color-pirate-gold font-size-32\"> Die kostenfreie Schule <\/span><span class=\"text-color-gray-5 font-size-24 \">der Neuen Botschaft<\/span><\/p>\n<p>Die kostenfreie Schule ist eine weltweite Gemeinschaft von Menschen, die die Neue Botschaft von Gott erlernen und sie mit anderen teilen. <img loading=\"lazy\" decoding=\"async\" class=\"alignleft \" src=\"https:\/\/www.newmessage.org\/spanish-international\/wp-content\/uploads\/sites\/40\/2012\/06\/school-e1450302200653.jpg\" alt=\"\" width=\"452\" height=\"166\" \/>Die Schule bietet eine Online-Lernumgebung f\u00fcr Einzelne, das Lernen in Partnerschaften, internationale Meetings, Video\u00fcbertragungen und Gemeinschaftsinteraktionen, um Deine Erfahrung der Neuen Botschaft zu vertiefen und mit anderen Sch\u00fclern rund um die Welt in Verbindung zu treten.<\/p>\n<a class='simple_button_link ' style='background-color: #4f8fd6' href='https:\/\/www.newmessage.org\/free-school'   ><span>Klicke hier f\u00fcr weitere Informationen \u00fcber die kostenfreie Schule<\/span><\/a>\n<\/div>\n<p><\/div>\n<div class=\"one_third last\" ><\/p>\n<div class=\"border-rounded-12 panel-20 background-color-gray-gallery\">\n<p><a href=\"http:\/\/www.neuebotschaft.org\/die-botschaft\/band-3\/schritte-zur-kenntnis\/\"><img loading=\"lazy\" decoding=\"async\" class=\"imgborder aligncenter wp-image-28110\" src=\"https:\/\/www.newmessage.org\/de\/wp-content\/uploads\/sites\/48\/2014\/07\/STK-German-200x300.jpg\" alt=\"\" width=\"300\" height=\"450\" srcset=\"https:\/\/www.v6.newmessage.org\/de\/wp-content\/uploads\/sites\/48\/2014\/07\/STK-German-200x300.jpg 200w, https:\/\/www.v6.newmessage.org\/de\/wp-content\/uploads\/sites\/48\/2014\/07\/STK-German-400x600.jpg 400w, https:\/\/www.v6.newmessage.org\/de\/wp-content\/uploads\/sites\/48\/2014\/07\/STK-German-500x750.jpg 500w, https:\/\/www.v6.newmessage.org\/de\/wp-content\/uploads\/sites\/48\/2014\/07\/STK-German.jpg 600w\" sizes=\"(max-width: 300px) 100vw, 300px\" \/><\/a><\/p>\n<p>Schritte zur Kenntnis ist das Buch des Inneren Wissens. Sein einj\u00e4hriger Lehrplan, der in 365 Schritte oder Lektionen eingeteilt ist, soll die Sch\u00fcler zur Erfahrung der Kenntnis bringen, der tiefen spirituellen Macht, die in jedem von uns lebt, um sie im Dienst an die Welt beizutragen.<\/p>\n<p><a href=\"http:\/\/www.neuebotschaft.org\/die-botschaft\/band-3\/schritte-zur-kenntnis\/\"><span lang=\"DE\">Erkunde<\/span> die Praxis<\/a>&#8230;<\/p>\n<p><\/div>\n<\/div>\n","protected":false},"excerpt":{"rendered":"Was ist die Neue Botschaft? Die Neue Botschaft ist eine echte Mitteilung vom Sch\u00f6pfer, die zu einer Zeit gro\u00dfen Wandels, Konflikts und der Aufruhr gekommen ist. Die Neue Botschaft st\u00fctzt sich nicht auf irgendeine vorhandene religi\u00f6se Tradition oder religi\u00f6se Lehre. Sie ist ein Geschenk an die Menschen aller Nationen und Glaubensrichtungen. Sie ehrt die fortdauernde\u2026 <a class=\"read-more\" href=\"https:\/\/www.v6.newmessage.org\/de\/\"><span>Read More<\/span><\/a>","protected":false},"author":1,"featured_media":0,"parent":0,"menu_order":19,"comment_status":"closed","ping_status":"closed","template":"","meta":{"_monsterinsights_skip_tracking":false,"_monsterinsights_sitenote_active":false,"_monsterinsights_sitenote_note":"","_monsterinsights_sitenote_category":0,"footnotes":""},"categories":[],"tags":[],"_links":{"self":[{"href":"https:\/\/www.v6.newmessage.org\/de\/wp-json\/wp\/v2\/pages\/9"}],"collection":[{"href":"https:\/\/www.v6.newmessage.org\/de\/wp-json\/wp\/v2\/pages"}],"about":[{"href":"https:\/\/www.v6.newmessage.org\/de\/wp-json\/wp\/v2\/types\/page"}],"author":[{"embeddable":true,"href":"https:\/\/www.v6.newmessage.org\/de\/wp-json\/wp\/v2\/users\/1"}],"replies":[{"embeddable":true,"href":"https:\/\/www.v6.newmessage.org\/de\/wp-json\/wp\/v2\/comments?post=9"}],"version-history":[{"count":417,"href":"https:\/\/www.v6.newmessage.org\/de\/wp-json\/wp\/v2\/pages\/9\/revisions"}],"predecessor-version":[{"id":29017,"href":"https:\/\/www.v6.newmessage.org\/de\/wp-json\/wp\/v2\/pages\/9\/revisions\/29017"}],"wp:attachment":[{"href":"https:\/\/www.v6.newmessage.org\/de\/wp-json\/wp\/v2\/media?parent=9"}],"wp:term":[{"taxonomy":"category","embeddable":true,"href":"https:\/\/www.v6.newmessage.org\/de\/wp-json\/wp\/v2\/categories?post=9"},{"taxonomy":"post_tag","embeddable":true,"href":"https:\/\/www.v6.newmessage.org\/de\/wp-json\/wp\/v2\/tags?post=9"}],"curies":[{"name":"wp","href":"https:\/\/api.w.org\/{rel}","templated":true}]}}