{"id":647,"date":"2011-08-19T14:11:37","date_gmt":"2011-08-19T21:11:37","guid":{"rendered":"http:\/\/wp.www.newmessage.org\/?p=647"},"modified":"2021-11-29T07:31:47","modified_gmt":"2021-11-29T07:31:47","slug":"die-stimme-der-offenbarung","status":"publish","type":"page","link":"https:\/\/www.v6.newmessage.org\/de\/die-botschaft\/band-1\/die-zeit-der-offenbarung\/die-stimme-der-offenbarung\/","title":{"rendered":"Die Stimme der Offenbarung"},"content":{"rendered":"<div><!-- Version 3.5 Verse --><\/div>\n\n<div class=\"tabgroup \"><ul class=\"tabs\"><li><a href=\"#tabs-1\">H\u00f6re<\/a><\/li>\n<li><a href=\"#tabs-2\"> Anmerkung<\/a><\/li><\/ul>\n <div id=\"tabs-1\"><\/p>\n<p>H\u00f6re die Stimme der Offenbarung:<\/p>\n<div id=\"jquery_jplayer_1\" class=\"jp-jplayer\"><\/div>\n\t\t\t\t<div id=\"jp_container_1\" class=\"jp-audio\">\n\t\t\t\t<div class=\"jp-type-single\"><div class=\"jp-control\"><a href=\"javascript:;\" class=\"jp-play\" tabindex=\"1\">play<\/a><a href=\"javascript:;\" class=\"jp-pause\" tabindex=\"1\">pause<\/a><\/div> <div class=\"jp-gui jp-interface\"><div class=\"jp-volume\"><div class=\"jp-volume-bar\"><div class=\"jp-volume-bar-value\"><\/div><\/div><\/div><div class=\"jp-progress\"><div class=\"jp-seek-bar\"><div class=\"jp-play-bar\"><\/div><\/div><\/div><\/div>\t\t\t\t\t<div class=\"jp-no-solution\"><span>Update Required<\/span>To play the media you will need to either update your browser to a recent version or update your <a href=\"http:\/\/get.adobe.com\/flashplayer\/\" target=\"_blank\">Flash plugin<\/a>.<\/div><\/div><\/div>\n\t\t\t<script type='text\/javascript'>\n\t\t\t\tjQuery(document).ready(function() {\n\t\t\t\t\tif (typeof (sermonMedia) == 'function') {\n\t\t\t\t\t\tsermonMedia.addAudio('', \"jquery_jplayer_1\");\n\t\t\t\t\t}\n\t\t\t\t\tjQuery.jPlayer.timeFormat.showHour = true;\n\t\t\t\t\tjQuery(\"#jquery_jplayer_1\").jPlayer({\n\t\t\t\t\t\tready: function(event) {\n\t\t\t\t\t\t\tjQuery(this).jPlayer(\"setMedia\", {mp3: 'https:\/\/www.newmessage.org\/av\/the-voice-of-revelation.mp3'});\n\t\t\t\t\t\t},\n\t\t\t\t\t\tplay: function() {\n\t\t\t\t\t\t\tjQuery(this).jPlayer(\"pauseOthers\");\n\t\t\t\t\t\t},\n\t\t\t\t\t\tswfPath: ThemeData.directory_uri+\"\/swf\",\n\t\t\t\t\t\tsolution: \"html, flash\",\n\t\t\t\t\t\tpreload: \"metadata\",\n\t\t\t\t\t\twmode: \"window\",\n\t\t\t\t\t\tsupplied: \"mp3\",\n\t\t\t\t\t\tcssSelectorAncestor: '#jp_container_1'\n\t\t\t\t\t});\n\t\t\t\t});\n\t\t\t<\/script><\/p>\n<p><a title=\"The Voice of the Revelation\" href=\"https:\/\/www.newmessage.org\/av\/the-voice-of-revelation.mp3\">Lade herunter<\/a> (Rechtsklick zum Herunterladen)<\/p>\n<p><em>Wie offenbart<br \/>\nMarshall Vian Summers<br \/>\nam 14. Avril 2011 \u2013<br \/>\nin Boulder, Colorado<\/em><\/p>\n<p><\/div>\n<div id=\"tabs-2\"><br \/>\n<em> Anmerkung an den Leser:<br \/>\nDiese \u00dcbersetzung wurde der Society von einem Sch\u00fcler der Neuen Botschaft verf\u00fcgbar gemacht, der den englischen Originaltext als Freiwilliger \u00fcbersetzt hat. Wir stellen diese \u00dcbersetzung in dieser fr\u00fchen Form zur Verf\u00fcgung, damit jeder Gelegenheit hat, sich mit einem Teil der Neuen Botschaft in seiner eigenen Sprache zu befassen.<\/em><br \/>\n<\/div>\n\t\t\t\t<div align=\"right\">\n\t\t\t<div class=\"fb-like\" data-href=\"\" data-layout=\"button_count\" data-action=\"like\" data-show-faces=\"false\" data-share=\"false\"><\/div>\n\t\t\t<div class=\"fb-share-button\" data-layout=\"button_count\"> <\/div>\n\t\t\t<div class=\"fb_iframe_widget\"><a href=\"https:\/\/twitter.com\/godsnewmessage?ref_src=twsrc%5Etfw\" class=\"twitter-follow-button\" data-show-count=\"false\">Follow @godsnewmessage<\/a><script async src=\"https:\/\/platform.twitter.com\/widgets.js\" charset=\"utf-8\"><\/script><\/div>\n\t\t\t<\/div> <\/div> \n\n<p>Die Stimme, die ihr h\u00f6rt, ist nicht die Stimme eines Individuums, sondern die Stimme der Heerschar der Engel zusammen, die gemeinsam mit einer Stimme sprechen. Es wird \u00fcber ein Individuum weitergeben, ja, aber auf einer h\u00f6heren Ebene, Individualit\u00e4t ist v\u00f6llig anders. So unwahrscheinlich dies in eurer Welt auch sein mag. Das ist der Grund, weshalb Unsere Stimme so einmalig ist, da dies die Stimme von vielen ist. Das ist der Grund, weshalb Wir so sprechen, wie wir es tun, da es die Stimme von vielen ist.<\/p>\n<p>&nbsp;<\/p>\n<p>Die Menschen auf der Welt k\u00f6nnen nur an Individuen denken. Sie fragen, \u201cNun, was ist der Name dieses Engels, oder dieses Wesens?\u201d Aber Namen sind in Angelegenheiten wie dieser ohne Bedeutung, au\u00dfer f\u00fcr jene, die nicht \u00fcber die Grenzen ihrer eigenen Trennung hinweg denken k\u00f6nnen. In einer Weise ist Unsere Stimme Teil der Neuen Botschaft, damit euch bewusst wird und ihr den Prozess der Offenbarung verstehen k\u00f6nnt und ihn bezeugen k\u00f6nnt. Niemals vorher wurde dieser Prozess wirklich enth\u00fcllt, nicht den gew\u00f6hnlichen Menschen, nicht der allgemeinen \u00d6ffentlichkeit, nicht einmal den Gelehrten und Experten, Theologen und Philosophen. Nun ist es Zeit f\u00fcr die Menschheit, diese Dinge zu erfahren, da sie in einer Zeit der Offenbarung lebt.<\/p>\n<p>&nbsp;<\/p>\n<p>Wir sind die Offenbarung. Gott spricht nicht, denn Gott ist zu gro\u00df. Daher wird Gottes Wille der Pr\u00e4senz der Engel, die alle Welten, in denen sich intelligentes Leben entwickelt hat, beaufsichtigt, zum Ausdruck gebracht und ihr mitgeteilt. Der Wille des Sch\u00f6pfers wird dann in den Worten und der Sprache jener Welt f\u00fcr jenes Volk zum Ausdruck gebracht.<\/p>\n<p>&nbsp;<\/p>\n<p>Es gibt nur Eines, was Gott nicht sein kann, n\u00e4mlich nicht Gott sein<em>, <\/em>was etwas sehr Eigenartiges in Bezug auf eure Existenz ist, denn Sch\u00f6pfung kann nicht wirklich nicht Sch\u00f6pfung sein, und ihr seid ein Teil der Sch\u00f6pfung.<\/p>\n<p>&nbsp;<\/p>\n<p>Und das ist das R\u00e4tsel und der Widerspruch eurer Existenz. Ihr gebt vor, zu sein, was ihr nicht seid. Aber diese Vort\u00e4uschung ist, was es hei\u00dft, auf der Welt zu sein.<\/p>\n<p>&nbsp;<\/p>\n<p>Viele von Uns waren in Welten wie dieser. Wir verstehen dies. Das ist der Grund, weshalb wir der perfekte Vermittler sind, um den Willen und die Absichten des Sch\u00f6pfers zum Ausdruck bringen und diesen Willen und diese Absichten zu euch zu bringen, nicht nur als ultimative Lehre, sondern als einen Kommentar oder eine Anwendung, was dies bedeutet, wie dies erfahren wird und in eurem Leben angewendet wird und insbesondere bei den sich \u00e4ndernden Umst\u00e4nden der Welt.<\/p>\n<p>&nbsp;<\/p>\n<p>Denn die Welt steht vor den Gro\u00dfen Wellen des Wandels und die Welt erf\u00e4hrt eine Intervention von Rassen von jenseits dieser Welt. Es ist ein gro\u00dfer Wendepunkt f\u00fcr die menschliche Familie. Aber die Menschheit ist sich dessen nicht bewusst und nicht darauf vorbereitet und sehr verletzlich gegen\u00fcber T\u00e4uschung und Missverst\u00e4ndnis.<\/p>\n<p>&nbsp;<\/p>\n<p>F\u00fcr den Boten, der zu dieser Zeit in die Welt kommt, muss der Prozess der Offenbarung selbst enth\u00fcllt werden, oder seine Gegenwart und sein Zweck hier wird nicht verstanden und er wird mit anderen verwechselt, die gro\u00dfe Anspr\u00fcche erheben, aber die selbst keine gro\u00dfe Botschaft zu \u00fcbermitteln haben.<\/p>\n<p>&nbsp;<\/p>\n<p>Die Menschen werden verwirrt sein, wem sie zuh\u00f6ren sollen. Sie werden von der Stimme der Offenbarung verwirrt sein. Denn es gibt derzeit viele Stimmen, die zur Menschheit sprechen \u2014 Stimmen von der Gr\u00f6\u00dferen Gemeinschaft, Stimmen von der Intervention, Stimmen in eurem Verstand, Stimmen, die euch heimsuchen, Stimmen, die euch erfreuen.<\/p>\n<p>&nbsp;<\/p>\n<p>Aber es gibt nur eine Stimme der Offenbarung, und Wir sind diese Eine Stimme. F\u00fcr euch bedeutet das, dass ihr akzeptieren m\u00fcsst, dass ihr die Offenbarung erhaltet und beginnt, die Verantwortlichkeiten zu \u00fcberlegen, die euch dadurch auferlegt werden.<\/p>\n<p>&nbsp;<\/p>\n<p>Es wird euch gezeigt, wie Gott zur Welt spricht und Gott hat erneut gesprochen, um die Menschheit auf eine Zukunft vorzubereiten, die der Vergangenheit so wenig gleicht, auf ein neues System von Wirklichkeiten, auf eine neue Existenz und eine gr\u00f6\u00dfere Herausforderung und Schwierigkeit.<\/p>\n<p>&nbsp;<\/p>\n<p>Die Evolution der Menschheit folgt dem Muster der Evolution der meisten Rassen im Universum. Wenn jene Rassen beginnen, ihre eigenen Planeten zu ersch\u00f6pfen und sich der Realit\u00e4t der Gr\u00f6\u00dferen Gemeinschaft des Lebens im Universum gegen\u00fcber sehen, haben sie eine gro\u00dfe und schwierige,  steil abfallende Schwelle erreicht. Sie haben einen wahren Wendepunkt erreicht, an dem ihr vergangenes Verst\u00e4ndnis und ihre vergangenen Annahmen ihnen nichts mehr n\u00fctzen und sie sie sogar verraten k\u00f6nnten.<\/p>\n<p>&nbsp;<\/p>\n<p>Die Menschheit hat diese Schwelle erreicht. Damit ihr in dieser Welt spirituell und physisch heranwachsen und euch auf die Gr\u00f6\u00dfere Gemeinschaft vorbereiten k\u00f6nnt, ben\u00f6tigt ihr eine Neue Offenbarung von Gott, denn ihr k\u00f6nnt euch nicht auf etwas vorbereiten, von dem ihr nichts wisst.<\/p>\n<p>&nbsp;<\/p>\n<p>Die Menschen sind noch zu stark in der Vergangenheit verwurzelt, sie identifizieren sich mit der Vergangenheit, ihre Annahmen st\u00fctzen sich auf die Vergangenheit, so dass sie nicht wirklich sehen k\u00f6nnen, was da \u00fcber dem Horizont herankommt. Dann gibt es nat\u00fcrlich das Problem des menschlichen Leugnens, der Schw\u00e4che des Geistes, sich der Realit\u00e4t zu stellen und sich auf Eventuelles vorzubereiten.<\/p>\n<p>&nbsp;<\/p>\n<p>Dies sind alles Probleme, die der menschlichen Familie anhaften und wirklich jede andere Rasse im Universum hatte ebenso mit solchen Problemen zu tun.<\/p>\n<p>&nbsp;<\/p>\n<p>Also seid ihr nicht allein, und ihr folgt dem Pfad der Evolution und bereitet euch vor, aus der Isolation im Universum herauszukommen. Eine solche Schwelle erfordert ein gr\u00f6\u00dferes spirituelles Verst\u00e4ndnis, eine gr\u00f6\u00dfere Erkenntnis der G\u00f6ttlichen Pr\u00e4senz im Universum. Ihr habt nicht mehr mit einem lokalen Gott zu tun, einer lokalen Gottheit, einem Gott der H\u00fcgel und B\u00e4ume, einem Gott des Meeres und des Flusses. Ihr habt nicht einmal mehr mit dem Gott einer Welt und eines Volkes zu tun, wie ihr es gewohnt seid.<\/p>\n<p>&nbsp;<\/p>\n<p>Jetzt habt ihr mit einem Gott aller Universen und der Sch\u00f6pfung jenseits der Universen zu tun, einem Gott, der so gro\u00df ist, dass euer Verstand euch nur veranlassen kann, zu Boden zu fallen, um ihn zu preisen.<\/p>\n<p>&nbsp;<\/p>\n<p>Kein menschlicher Gott. Kein Gott, den ihr euch in eurer eigenen Vorstellung schafft, sondern ein Gott, den ihr auf einer tieferen Ebene erfahren m\u00fcsst, unter und jenseits der Grenzen eures oberfl\u00e4chlichen Verstands.<\/p>\n<p>&nbsp;<\/p>\n<p>Damit ihr den Gott der Gr\u00f6\u00dferen Gemeinschaft versteht, m\u00fcsst ihr die Stimme der Offenbarung verstehen. Ein Missverst\u00e4ndnis hier k\u00f6nnte sehr sch\u00e4digend und gef\u00e4hrlich sein. Denn ihr werdet verschiedene Stimmen h\u00f6ren, aber ihr werdet nicht wissen, welcher ihr zuh\u00f6ren sollt. Wie k\u00f6nntet ihr ohne die tiefere Kenntnis in euch, die Gott in euch gelegt hat, um euch zu leiten, den Unterschied erkennen?<\/p>\n<p>&nbsp;<\/p>\n<p>Und wenn ihr nicht auf die Offenbarung von Gott reagieren k\u00f6nnt, wie k\u00f6nntet ihr dann auf die Wahrheit in irgendetwas reagieren? So gebunden an Glauben und Vermutungen, wie k\u00f6nntet ihr die Wahrheit in irgendetwas h\u00f6ren?<\/p>\n<p>&nbsp;<\/p>\n<p>Es ist ein gro\u00dfer Test und ein gro\u00dfes Zeugnis, eine gro\u00dfe Herausforderung f\u00fcr den Zuh\u00f6rer. Aber es ist nicht nur eine Herausforderung. Es ist ein Ruf, zu erwachen  und sich vorzubereiten. Denn ihr steht vor einer gefahrvollen Zukunft, einer gef\u00e4hrlichen Zukunft \u2014 einem gef\u00e4hrlichen und schwierigen \u00dcbergang in die gr\u00f6\u00dfere Gemeinschaft, einem gef\u00e4hrlichen und schwierigen \u00dcbergang in eine neue Welt, in eine Welt der schwindenden Ressourcen und von zunehmendem politischen und wirtschaftlichen Aufruhr.<\/p>\n<p>&nbsp;<\/p>\n<p>Es ist nicht die Zeit f\u00fcr alte Theorien. Es ist nicht die Zeit f\u00fcr ebenso alte Religionen, um von all dem ohne die Segnung und Leitung des Sch\u00f6pfers zu sprechen.<\/p>\n<p>&nbsp;<\/p>\n<p>Gott hat erneut gesprochen, und niemand auf der Welt kann geltend machen, dass Gott nicht erneut sprechen kann, und falls doch, ist es eure Ignoranz und eure Arroganz, die euch davon reden l\u00e4sst.<\/p>\n<p>&nbsp;<\/p>\n<p>Nicht einmal Gottes Bote kann sagen, was Gott als N\u00e4chstes tun wird. Nicht einmal die Heerschar der Engel kann sagen, was Gott als N\u00e4chstes tun wird.<\/p>\n<p>&nbsp;<\/p>\n<p>Rechtzeitig, das ist es. Jenseits der Zeit ist es etwas ganz anderes, aber diese Probleme sind hier nicht von Bedeutung. Wir sind die Br\u00fccke zwischen der Realit\u00e4t von Zeit und Raum und der Realit\u00e4t jenseits von Zeit und Raum \u2014 zwei Realit\u00e4ten, die so sehr verschieden sind.<\/p>\n<p>&nbsp;<\/p>\n<p>Ihr k\u00f6nnt euch diese Gr\u00f6\u00dfere Realit\u00e4t nicht vorstellen, da eure Vorstellung nur mit Bildern und Gedanken dieser Welt umgehen kann. Das ist der Grund, weshalb die Vorstellung der Menschheit vom Paradies oder Himmel so v\u00f6llig von weltlichen Bildern und weltlichen Gedanken gepr\u00e4gt wird. Aber die Realit\u00e4t ist komplett anders und jenseits von all dem.<\/p>\n<p>&nbsp;<\/p>\n<p>Das ist jedoch nicht eure Angelegenheit, denn ihr wurdet nicht in die Welt geschickt, um vom Himmel zu tr\u00e4umen.<\/p>\n<p>&nbsp;<\/p>\n<p>Ihr wurdet in die Welt geschickt, damit ihr der Welt dient, um nun einer neuen Welt zu dienen, einer sich \u00e4ndernden Welt, einer herausfordernden Welt, und doch einer Welt, die die Macht hat, gr\u00f6\u00dfere menschliche Mitarbeit zu veranlassen und eine gr\u00f6\u00dfere Kenntnis anzurufen, die jeder Mensch in sich tr\u00e4gt.<\/p>\n<p>&nbsp;<\/p>\n<p>Die Neue Offenbarung muss diese Kenntnis hervorrufen.<\/p>\n<p>&nbsp;<\/p>\n<p>Es ist nicht die Zeit, an einen gro\u00dfen F\u00fchrer zu glauben, einen Emanzipator, einen Retter.<\/p>\n<p>&nbsp;<\/p>\n<p>Die Menschheit wird sich nun selbst retten m\u00fcssen.<\/p>\n<p>&nbsp;<\/p>\n<p>Ein Individuum w\u00fcrde die Bev\u00f6lkerung nur polarisieren, zu einem gr\u00f6\u00dferen Konflikt unter den Menschen f\u00fchren, die B\u00fchne f\u00fcr einen Krieg gegen die Gl\u00e4ubigen und die Nichtgl\u00e4ubigen bereiten.<\/p>\n<p>&nbsp;<\/p>\n<p>Nein, der Ruf geht nun an das Individuum, denn die Welt braucht viele Retter, viele geleitete und inspirierte Individuen, oder die menschliche Zivilisation k\u00f6nnte versagen und das Versagen w\u00e4re das Schrecklichste, was der menschlichen Familie passieren k\u00f6nnte. Ihr w\u00fcrdet sicher unter die Herrschaft von fremden M\u00e4chten im Universum fallen. Solche M\u00e4chte beobachten euch, h\u00f6ren euch zu, planen, ihre T\u00e4tigkeit durch verschlagene und subtile Mittel auszuf\u00fchren.<\/p>\n<p>&nbsp;<\/p>\n<p>Es ist eine gef\u00e4hrliche Zeit. Aber f\u00fcr euch ist es die richtige Zeit, auf der Welt zu sein, denn daf\u00fcr seid ihr gekommen, nicht, um euch hinter Phantasien zu verstecken, nicht, um euch zu bereichern, nicht, um vorzugeben, dass ihr etwas seid, was ihr gar nicht seid, nicht, um ein Leben der Vermeidung und Verantwortungslosigkeit zu leben, sondern um auf der Welt zu sein, um ihr in dieser Zeit zu dienen, nicht nur, um die aktuellen Lebensbed\u00fcrfnisse zu erf\u00fcllen, sondern um euch auf die Zukunft selbst vorzubereiten.<\/p>\n<p>&nbsp;<\/p>\n<p>Nur die Kenntnis in euch, die gr\u00f6\u00dfere Intelligenz, wei\u00df hiervon und muss euch in diesen Angelegenheiten leiten. Ihr m\u00fcsst lernen, ihr nachzugeben und sie von allen anderen Stimmen in eurem Verstand zu unterscheiden sowie allen Einfl\u00fcssen, die von der Welt rings um euch einwirken.<\/p>\n<p>&nbsp;<\/p>\n<p>Daf\u00fcr w\u00e4re es sehr wichtig, von der Stimme der Offenbarung zu erfahren. Und das ist der Grund, weshalb sie euch zuteil wird. Das ist der Grund, weshalb sie zum ersten Mal auf eurer aufstrebenden Welt gesprochen wird.<\/p>\n<p>&nbsp;<\/p>\n<p>Trotz der langen Existenz der Menschheit auf dieser Welt seid ihr eine junge Rasse \u2014 unreif, unvorsichtig und nichts B\u00f6ses ahnend.<\/p>\n<p>&nbsp;<\/p>\n<p>Ihr habt viele gro\u00dfe Qualit\u00e4ten. Ihr habt die Spiritualit\u00e4t und die Kreativit\u00e4t in eurer Welt am Leben erhalten, w\u00e4hrend sie in so vielen anderen Welten erstorben sind \u2014 fortschrittlichen technologischen Welten, die steril und s\u00e4kular sind, in denen die Freiheit des Einzelnen unbekannt ist.<\/p>\n<p>&nbsp;<\/p>\n<p>Ihr seid sehr vielversprechend. Aber ihr habt gro\u00dfe Probleme, und ihr habt auch einige Unf\u00e4higkeiten \u2014 die Tendenz zur menschlichen Verweigerung und euer Stammesdenken, das euch in der Vergangenheit gedient hat, kann euch nun blind machen.<\/p>\n<p>&nbsp;<\/p>\n<p>Die Neue Offenbarung ruft euch, auf die Kenntnis in euch zu reagieren und der Stimme der Offenbarung zuzuh\u00f6ren. Ihr werdet nat\u00fcrlich viele Fragen haben. Ihr k\u00f6nnt Furcht und Verdacht haben. Sie k\u00f6nnt ernste Zweifel haben. Das alles ist zu erwarten.<\/p>\n<p>&nbsp;<\/p>\n<p>Aber eure Herausforderung ist die, ob ihr auf die Neue Offenbarung reagieren k\u00f6nnt. K\u00f6nnt ihr die Stimme der Offenbarung h\u00f6ren? Habt ihr die Demut und Verantwortlichkeit, zu sehen, dass ihr zur Zeit der Offenbarung lebt und was dies f\u00fcr euch bedeuten k\u00f6nnte? Was ist eure Verantwortung hierbei? Was bedeutet diese Berufung f\u00fcr euch?<\/p>\n<p>&nbsp;<\/p>\n<p>K\u00fcmmert euch nicht um andere, wenn die Berufung f\u00fcr euch ist. Dies ist eine Sache zwischen euch und Gott, zwischen euch und Uns.<\/p>\n<p>&nbsp;<\/p>\n<p>Wir sind die einzige Pr\u00e4senz der Engel, die \u00fcber die Welt wacht. W\u00e4hlt andere Stimmen und ihr werdet Stimmen aus der Gr\u00f6\u00dferen Gemeinschaft w\u00e4hlen, die sich die religi\u00f6sen Annahmen der Menschheit zunutze machen. Diese k\u00f6nnen ebenso Stimmen in die Welt projizieren. Wie werdet ihr den Unterschied erkennen? Wie k\u00f6nnt ihr das Wahre vom Falschen unterscheiden, das, was gut ist von dem, was nur gut aussieht?<\/p>\n<p>&nbsp;<\/p>\n<p>Die Herausforderung liegt beim Zuh\u00f6rer. Gott ist wirklich bei euch. K\u00f6nnt ihr wirklich bei Gott sein? Gott ist aufrichtig zu euch. K\u00f6nnt ihr aufrichtig zu Gott sein?<\/p>\n<p>&nbsp;<\/p>\n<p>Gott dient euch und ist euch in einer Weise behilflich, in der ihr euch nicht selbst helfen k\u00f6nnt. K\u00f6nnt ihr dies annehmen und der Vorbereitung folgen, die Gott gibt, um die Menschheit zu retten?<\/p>\n<p>&nbsp;<\/p>\n<p>Die Last liegt bei dem Zuh\u00f6rer. Der Beweis liegt in der Art eurer Reaktion.<\/p>\n<p>&nbsp;<\/p>\n<p>Der Beweis liegt darin, was es in euch wachruft und in eurer Resonanz auf die Wahrheit der Offenbarung.<\/p>\n<p>&nbsp;<\/p>\n<p>Gott spricht die Wahrheit durch die Pr\u00e4senz der Engel. K\u00f6nnt ihr das h\u00f6ren, f\u00fchlt ihr es und reagiert ihr darauf? Oder ist euer Verstand so festgefahren, so gebunden in seinem Glauben, seinen \u00c4ngsten und seinem Verdacht, dass er nicht h\u00f6ren kann, dass er nicht reagieren kann?<\/p>\n<p>&nbsp;<\/p>\n<p>Alle gro\u00dfen Boten, die an gro\u00dfen Wendepunkten der Menschheit in die Welt gesandt wurden, waren mit dieser Unf\u00e4higkeit der anderen, zu reagieren, konfrontiert.<\/p>\n<p>&nbsp;<\/p>\n<p>Sie sind dadurch verfolgt worden. Ist es das, was ihr seid? Werdet ihr der Verfolger des Boten sein, ein Leugner der Offenbarung? Falls ja, seid ihr nicht allein, aber ihr werdet den Test nicht bestanden haben. Ihr werdet den Sch\u00f6pfer entt\u00e4uscht haben.<\/p>\n<p>&nbsp;<\/p>\n<p>Der Sch\u00f6pfer wird euch nicht bestrafen, aber ihr werdet die Segnungen, die F\u00fchrung und die Macht der Neuen Offenbarung nicht empfangen k\u00f6nnen.<\/p>\n<p>&nbsp;<\/p>\n<p>Die gro\u00dfe Erm\u00e4chtigung wird anderen zuteil, und ihr werdet nicht in der Lage sein, sie zu erhalten. Das w\u00e4re eine furchtbare Trag\u00f6die f\u00fcr euer Leben.<\/p>\n<p>&nbsp;<\/p>\n<p>Und es w\u00e4re auch eine Trag\u00f6die f\u00fcr die Welt, denn genug Menschen m\u00fcssen auf die Offenbarung reagieren, damit sie Kraft hat und wirksam auf der Welt ist, um der Menschheit gr\u00f6\u00dfere Ermutigung, gr\u00f6\u00dfere St\u00e4rke und Verantwortung zu geben, gr\u00f6\u00dfere Verantwortlichkeit untereinander, gr\u00f6\u00dfere Kooperation zwischen den Nationen, die sich nun vereinen m\u00fcssen, um die Welt zu erhalten und sich auf die Gr\u00f6\u00dfere Gemeinschaft vorzubereiten.<\/p>\n<p>&nbsp;<\/p>\n<p>Alles st\u00fctzt sich auf die Reaktion des Einzelnen.<\/p>\n<p>&nbsp;<\/p>\n<p>Gott spricht nicht zu den Regierungen der Welt. Er spricht nicht ausschlie\u00dflich zu den Reichen oder Privilegierten oder geheimen Gruppen.<\/p>\n<p>&nbsp;<\/p>\n<p>Er spricht zum Volk. Er spricht zu euch.<\/p>\n<p>&nbsp;<\/p>\n<p>Falls das Volk nicht reagieren kann, was kann dann die Regierung tun? Und falls das Volk reagiert, wird sich die Regierung eventuell \u00e4ndern m\u00fcssen und darauf reagieren m\u00fcssen.<\/p>\n<p>&nbsp;<\/p>\n<p>Ihr h\u00f6rt die Stimme der Offenbarung. Es ist die Stimme von vielen. Es ist die Stimme der Weisheit und der Kenntnis in einem Ma\u00dfstab, den ihr euch nicht vorstellen k\u00f6nnt.<\/p>\n<p>&nbsp;<\/p>\n<p>Das Wunder wird in der Art eurer Reaktion liegen. K\u00f6nnen die Getrennten vom Sch\u00f6pfer allen Lebens erreicht werden oder werden sie in der Dunkelheit der Trennung bleiben, nur mit ihren \u00c4ngsten und W\u00fcnschen und Annahmen, um sie zu leiten?<\/p>\n<p>&nbsp;<\/p>\n<p>Oder reagieren sie und werden entflammt, was es ihnen erm\u00f6glicht, sich an ihre gr\u00f6\u00dfere Verantwortung auf der Welt zu erinnern, was ihnen den Mut und die Entschlossenheit gibt, einen sehr unterschiedlichen Lebensweg zu verfolgen?<\/p>\n<p>&nbsp;<\/p>\n<p>Werden sie in der Lage sein, die Kenntnis und Weisheit vom Universum zu empfangen, um die Menschheit auf  das Universum vorzubereiten?<\/p>\n<p>&nbsp;<\/p>\n<p>Werden sie in der Lage sein, auf die Offenbarung Gottes zu reagieren?<\/p>\n<p>&nbsp;<\/p>\n<p>Das ist sie! Es wird keine andere geben. Es wird keine andere geben. Dies ist die Offenbarung f\u00fcr diese Zeit und kommende Zeiten.<\/p>\n<p>&nbsp;<\/p>\n<p>Gott schickt nur eine Offenbarung auf die Welt. Jede andere Offenbarung ist entweder eine menschliche Erfindung oder eine Manipulation von jenen Rassen, die heute auf der Welt intervenieren.<\/p>\n<p>&nbsp;<\/p>\n<p>Ihr k\u00f6nnt nicht zu euren Bedingungen zu Gott kommen. Ihr k\u00f6nnt nicht die Art und die Regeln des Kontaktes bestimmen.<\/p>\n<p>&nbsp;<\/p>\n<p>Ihr k\u00f6nnt nur zu Gottes Bedingungen zu Gott kommen, und Gott legt die Bedingungen so fest, dass die Menschen st\u00e4rker, mitf\u00fchlender, m\u00e4chtiger und engagierter in der Welt werden sowie kooperativer untereinander.<br \/>\nIhr k\u00f6nnt es nicht auf eure Weise haben. Es muss Gottes Weise sein, denn Gott wei\u00df und ihr nicht.<\/p>\n<p>&nbsp;<\/p>\n<p>Gott sieht, was \u00fcber den Horizont kommt, weit, weit drau\u00dfen auf der See. Ihr seht dies nicht.<\/p>\n<p>&nbsp;<\/p>\n<p>Gott wei\u00df, was die menschliche Bestimmung ist. Ihr wisst nicht, was die menschliche Bestimmung ist.<\/p>\n<p>&nbsp;<\/p>\n<p>Gott wei\u00df, warum ihr auf der Welt seid und wen ihr treffen m\u00fcsst und wohin ihr gehen m\u00fcsst. Ihr k\u00f6nnt das nicht sehen, denn ihr k\u00f6nnt nur dort sein, wo ihr seid.<\/p>\n<p>&nbsp;<\/p>\n<p>Ihr k\u00f6nnt die Stimme der Offenbarung nicht intellektuell verstehen. Das erzeugt keine wirkliche Erkenntnis.<\/p>\n<p>&nbsp;<\/p>\n<p>Erkenntnis geschieht auf einer tieferen Ebene, unter der Oberfl\u00e4che des Verstandes, auf der Ebene eures Herzens und des tieferen Bewusstseins\u2014 nicht eures sozialen Bewusstseins, sondern des Bewusstseins, was Gott geschaffen hat, was es euch erm\u00f6glicht, auf die Wahrheit zu reagieren und Immunit\u00e4t gegen das zu erlangen, was falsch ist.<\/p>\n<p>&nbsp;<\/p>\n<p>Ihr k\u00f6nnt Uns nur mit eurem Herzen kennen und Uns nur mit eurem Herzen h\u00f6ren. Ihr k\u00f6nnt den Boten nur mit eurem Herzen kennen und ihm mit eurem Herzen dankbar sein. Es kann f\u00fcr euren Verstand verwirrend sein. Es kann euren Glauben und eure Annahmen herausfordern.<\/p>\n<p>&nbsp;<\/p>\n<p>Es kann von euch erfordern, dass ihr eure Religionen, eure Philosophie, bis zu welchem Umfang auch immer ihr diese habt, zu \u00fcberdenken. Aber die Reaktion erfolgt auf einer tieferen Ebene.<\/p>\n<p>&nbsp;<\/p>\n<p>Gott stellt die Getrennten durch die Kenntnis wieder her, er rettet sie durch die Kenntnis. Wenn ihr dies verstehen k\u00f6nntet, w\u00fcrde es den ganzen Unterschied f\u00fcr euch ausmachen.<\/p>\n<p>&nbsp;<\/p>\n<p>Wenn ihr Unsere Stimmen h\u00f6ren k\u00f6nntet, die eine Stimme sind, w\u00fcrde es den ganzen Unterschied f\u00fcr euch und f\u00fcr eure Welt ausmachen.<\/p>\n","protected":false},"excerpt":{"rendered":"<p>Die Stimme, die ihr h\u00f6rt, ist nicht die Stimme eines Individuums, sondern die Stimme der Heerschar der Engel zusammen, die gemeinsam mit einer Stimme sprechen. Es wird \u00fcber ein Individuum weitergeben, ja, aber auf einer h\u00f6heren Ebene, Individualit\u00e4t ist v\u00f6llig anders. So unwahrscheinlich dies in eurer Welt auch sein mag. Das ist der Grund, weshalb\u2026 <a class=\"read-more\" href=\"https:\/\/www.v6.newmessage.org\/de\/about-recording-shortcode\/\"><span>Read More<\/span><\/a><\/p>\n","protected":false},"author":1,"featured_media":0,"parent":29546,"menu_order":9,"comment_status":"closed","ping_status":"closed","template":"template-leftsidebar.php","meta":{"_monsterinsights_skip_tracking":false,"_monsterinsights_sitenote_active":false,"_monsterinsights_sitenote_note":"","_monsterinsights_sitenote_category":0,"footnotes":""},"categories":[76,118,30,1410,460],"tags":[748],"_links":{"self":[{"href":"https:\/\/www.v6.newmessage.org\/de\/wp-json\/wp\/v2\/pages\/647"}],"collection":[{"href":"https:\/\/www.v6.newmessage.org\/de\/wp-json\/wp\/v2\/pages"}],"about":[{"href":"https:\/\/www.v6.newmessage.org\/de\/wp-json\/wp\/v2\/types\/page"}],"author":[{"embeddable":true,"href":"https:\/\/www.v6.newmessage.org\/de\/wp-json\/wp\/v2\/users\/1"}],"replies":[{"embeddable":true,"href":"https:\/\/www.v6.newmessage.org\/de\/wp-json\/wp\/v2\/comments?post=647"}],"version-history":[{"count":16,"href":"https:\/\/www.v6.newmessage.org\/de\/wp-json\/wp\/v2\/pages\/647\/revisions"}],"predecessor-version":[{"id":28397,"href":"https:\/\/www.v6.newmessage.org\/de\/wp-json\/wp\/v2\/pages\/647\/revisions\/28397"}],"up":[{"embeddable":true,"href":"https:\/\/www.v6.newmessage.org\/de\/wp-json\/wp\/v2\/pages\/29546"}],"wp:attachment":[{"href":"https:\/\/www.v6.newmessage.org\/de\/wp-json\/wp\/v2\/media?parent=647"}],"wp:term":[{"taxonomy":"category","embeddable":true,"href":"https:\/\/www.v6.newmessage.org\/de\/wp-json\/wp\/v2\/categories?post=647"},{"taxonomy":"post_tag","embeddable":true,"href":"https:\/\/www.v6.newmessage.org\/de\/wp-json\/wp\/v2\/tags?post=647"}],"curies":[{"name":"wp","href":"https:\/\/api.w.org\/{rel}","templated":true}]}}