{"id":29605,"date":"2022-04-13T22:35:10","date_gmt":"2022-04-13T22:35:10","guid":{"rendered":"https:\/\/www.newmessage.org\/de\/?page_id=29605"},"modified":"2022-04-13T22:52:35","modified_gmt":"2022-04-13T22:52:35","slug":"der-neue-weg-fur-die-menschheit","status":"publish","type":"page","link":"https:\/\/www.v6.newmessage.org\/de\/die-botschaft\/band-1\/der-neue-weg-fur-die-menschheit\/","title":{"rendered":"Der neue Weg f\u00fcr die Menschheit"},"content":{"rendered":"<p><img decoding=\"async\" class=\"alignright size-large wp-image-49918 imgborder\" src=\"https:\/\/www.newmessage.org\/wp-content\/uploads\/2020\/08\/NWF-Gray-Cover-398x600.png\" alt=\"The New Way Forward for Humanity - Grey book cover\" \/><em>The New Way Forward for Humanity<\/em> is an upcoming new book to be released by The Society for the New Message. The remainder of the book will be available soon. We will send an announcement to you by email as soon as this book is released, and will update this book web page to include all chapters.<\/p>\n<p>If you haven\u2019t already subscribed to the New Message Mailing List and would like to receive news and updates about new releases, please do so by <a href=\"#anchor\">scrolling down<\/a> to the <strong>Signup to Mailing List<\/strong> on the left sidebar and enter your email address.<\/p>\n<p><em>The New Way Forward for Humanity<\/em> is a book of <a href=\"\/the-message\/volume-1\">Volume 1<\/a> of the New Message from God.<\/p>\n<div style=\"color: #525252; line-height: 1.5;\"><div class=\"toggle toggle-white\"><h4 class=\"trigger \"><span class=\"t_ico\"><\/span><a href=\"#\">More about the volumes of the New Message from God<\/a><\/h4><div class=\"toggle_container \"><br \/>\n<div data-post-id='24520' class='insert-page insert-page-24520 '><p>Die Neue Botschaft von Gott wird letzten Endes in sechs einzelnen B\u00e4nden enthalten sein. Jeder Band enth\u00e4lt zwei oder mehr B\u00fccher und jedes Buch ist in Kapitel aufgeteilt.<\/p>\n<p>Daher k\u00f6nnte der zuk\u00fcnftige Aufbau der Neuen Botschaft von Gott folgenderma\u00dfen zum Ausdruck kommen:<\/p>\n<div id=\"attachment_24097\" style=\"width: 227px\" class=\"wp-caption alignright\"><a href=\"https:\/\/www.newmessage.org\/wp-content\/uploads\/2015\/08\/Volumes-Books-InfoGraphic.001.jpg\"><img loading=\"lazy\" decoding=\"async\" aria-describedby=\"caption-attachment-24097\" class=\"imgborder \" src=\"https:\/\/www.newmessage.org\/wp-content\/uploads\/2015\/08\/Volumes-Books-InfoGraphic.001.jpg\" alt=\"The New Message One Book\" width=\"217\" height=\"234\" \/><\/a><p id=\"caption-attachment-24097\" class=\"wp-caption-text\">Das Eine Buch der Neuen Botschaft<\/p>\n<p>Die NEUE BOTSCHAFT VON GOTT enth\u00e4lt<br \/>\n\t6 B\u00c4NDE<br \/>\nwelche insgesamt enthalten:<br \/>\n          25+ B\u00dcCHER<br \/>\nJedes Buch ist in KAPITEL unterteilt<br \/>\nJedes Kapitel ist in VERSE unterteilt<\/p>\n<p><\/p><\/div>\n<p><strong>Band &gt; Buch &gt; Kapitel &gt; Vers<br \/>\n<\/strong><\/p>\n<p>Die Neue Botschaft von Gott enth\u00e4lt den gr\u00f6\u00dften Gesamtumfang einer Offenbarung, die jemals der Welt gegeben worden ist. Sie spricht nahezu jeden Aspekt unseres Lebens an und stellt dabei neue Realit\u00e4ten vor, die niemals vorher aufgedeckt worden sind. Die Society (\u201eThe Society for the New Message from God\u201c \u2013 \u201eDie Gesellschaft f\u00fcr die Neue Botschaft von Gott\u201c) bem\u00fcht sich, so viele B\u00fccher der Neuen Botschaft und gesprochene Offenbarungen wie m\u00f6glich f\u00fcr die Welt verf\u00fcgbar und zug\u00e4nglich zu machen.<\/p>\n<p>Gegenw\u00e4rtig ist die Society in der Lage, eine gro\u00dfe Anzahl von Originalaufzeichnungen der Stimme der Offenbarung anzubieten. Hier werdet ihr aufgefordert, die Macht und das Mysterium der \u201cStimme\u201d zu erfahren, wie sie urspr\u00fcnglich durch den Boten im Zustand der Offenbarung gesprochen hat. Niemals vorher war es m\u00f6glich, die originale Stimme der Offenbarung zu h\u00f6ren. <\/p>\n<p>Die Zusammenstellung der Neuen Botschaft ist ein laufendes Unterfangen, das \u00fcber einen ausgedehnten Zeitraum verwirklicht wird. Zus\u00e4tzlich wird die Offenbarung bis zum heutigen Tag fortgesetzt, wobei jedes Jahr neue Lehren verk\u00fcndet werden. Infolgedessen wird sich die Auswahl der Lehren in jedem Buch wahrscheinlich \u00e4ndern k\u00f6nnen. Damit k\u00f6nnte sich auch der Titel der B\u00fccher \u00e4ndern, um das Wachstum jedes Buches zu reflektieren. Ihr lebt in einer Zeit der Offenbarung und seid Zeuge, wie sich der Prozess der Offenbarung vor euch entfaltet.<\/p>\n<p><strong>B\u00fccher Online<\/strong><br \/>\nDie Society bem\u00fcht sich, die Neue Botschaft der Welt kostenlos online zur Verf\u00fcgung zu stellen. Gegenw\u00e4rtig ist eine Anzahl von B\u00fcchern der Neuen Botschaft kostenlos unter www.newmessage.org verf\u00fcgbar (deutsche \u00dcbersetzungen unter www.NeueBotschaft.org). Erforsche die <a href=\"https:\/\/www.newmessage.org\/the-message\">library of free online books<\/a> (Bibliothek der kostenlosen online-B\u00fccher).<\/p>\n<p><strong>Print-B\u00fccher<\/strong><br \/>\nDie Society bietet gegenw\u00e4rtig einige der B\u00fccher der Neuen Botschaft in gedruckter Form an. Jedoch ist die Society aufgrund des immensen Umfangs der Neuen Botschaft derzeit noch nicht in der Lage, die gesamten sechs B\u00e4nde der Neuen Botschaft in gedruckter Form zu ver\u00f6ffentlichen. Um eine gedruckte Ausgabe der gegenw\u00e4rtig verf\u00fcgbaren B\u00fccher zu erwerben, besuche bitte den <a href=\"http:\/\/newknowledgelibrary.org\/\">New Knowledge Library Store<\/a>.<\/p>\n<p><strong>CD und mp3 Audio<\/strong><br \/>\nBestimmte Offenbarungen, die sich auf das Studium der Neuen Botschaft beziehen, sind als k\u00e4ufliche CDs oder mp3s erh\u00e4ltlich. Aufgrund der finanziellen M\u00f6glichkeiten, die gesamte Welt mit der Neuen Botschaft zu erreichen, bietet die <a href=\"http:\/\/www.neuebotschaft.org\/weltweite-gemeinschaft\/gesellschaft\">Society<\/a>\u00a0bestimmte Lehren zu bescheidenen Kosten im\u00a0<a href=\"http:\/\/newknowledgelibrary.org\/\">New Knowledge Library Store<\/a> zum Kauf an.<\/p>\n<p><strong>Das Free Book Project<\/strong><br \/>\nBei gr\u00f6\u00dferer finanzieller Unterst\u00fctzung wird die Society in der Lage sein, weitere dieser Weisheitslehren kostenlos online verf\u00fcgbar zu machen. Zus\u00e4tzlich bietet die Society in das <a href=\"https:\/\/www.newmessage.org\/the-message\/free-book-project\">Free Book Project<\/a> kostenlose pers\u00f6nliche Exemplare der gegenw\u00e4rtig verf\u00fcgbaren B\u00fccher, eBooks und mp3s der Offenbarungen der Neuen Botschaft jenen Personen an, die nicht die Mittel haben, sie zu erwerben. Wir fordern Sie zu einer <a href=\"http:\/\/www.neuebotschaft.org\/weltweite-gemeinschaft\/gesellschaft\/unterstutzen-sie-die-neue-botschaft\">Schenkung<\/a> auf, um das Free Book Project zu unterst\u00fctzen, so dass mehr und mehr Bed\u00fcrftige Zugang zur Neuen Botschaft von Gott haben k\u00f6nnen.<\/p>\n<p><strong>Zuk\u00fcnftige Ver\u00f6ffentlichungen<\/strong><br \/>\nDie Society wird weiterhin ihre Vision verfolgen, die gesamte Neue Botschaft von Gott zu ver\u00f6ffentlichen, sowohl in ihren B\u00fcchern und B\u00e4nden als auch vielleicht eines Tages als ein einziges Buch, einfach genannt: \u201cDie Neue Botschaft von Gott.\u201d Dies ist ein enormes Unterfangen, wozu die Society Ihren Beitrag und Ihre Beteiligung ben\u00f6tigt. Bitte erw\u00e4gen Sie, <a href=\"http:\/\/www.neuebotschaft.org\/weltweite-gemeinschaft\/gesellschaft\/unterstutzen-sie-die-neue-botschaft\">eine Schenkung<\/a> vorzunehmen oder <a href=\"http:\/\/www.neuebotschaft.org\/weltweite-gemeinschaft\/gesellschaft\/unterstutzen-sie-die-neue-botschaft\">eine S\u00e4ule der Neuen Botschaft<\/a> zu werden, um diese heilige Sache zu unterst\u00fctzen. Wir danken Ihnen f\u00fcr Ihre Unterst\u00fctzung.<\/p>\n<\/div><\/div><\/div><\/div>\n<div class=\"background-color-bridesmaid padding-20\">\n<h2 style=\"text-align: left; color: #525252;\">Table of Contents<\/h2>\n<p style=\"line-height: 2;\"><a href=\"https:\/\/www.newmessage.org\/the-message\/volume-1\/the-new-way-forward-for-humanity\/the-great-turning-point-for-humanity\">The Great Turning Point for Humanity<\/a><br \/>\n<a href=\"\/the-message\/volume-1\/the-new-way-forward-for-humanity\/understanding-forgiveness\">Forgiveness<\/a><br \/>\n<a href=\"https:\/\/www.newmessage.org\/de\/die-botschaft\/band-1\/der-neue-weg-fur-die-menschheit\/was-wird-den-krieg-beenden\/\">Was wird den Krieg beenden?<\/a><br \/>\n<a href=\"\/the-message\/volume-1\/the-new-way-forward-for-humanity\/what-will-save-humanity\">What Will Save Humanity<\/a><\/p>\n<\/div>\n","protected":false},"excerpt":{"rendered":"<p>The New Way Forward for Humanity is an upcoming new book to be released by The Society for the New Message. The remainder of the book will be available soon. We will send an announcement to you by email as soon as this book is released, and will update this book web page to include\u2026 <a class=\"read-more\" href=\"https:\/\/www.v6.newmessage.org\/de\/more-about-the-volumes\/\"><span>Read More<\/span><\/a><\/p>\n","protected":false},"author":62,"featured_media":0,"parent":16287,"menu_order":1,"comment_status":"closed","ping_status":"closed","template":"template-leftsidebar.php","meta":{"_monsterinsights_skip_tracking":false,"_monsterinsights_sitenote_active":false,"_monsterinsights_sitenote_note":"","_monsterinsights_sitenote_category":0,"footnotes":""},"categories":[1429,460],"tags":[1432,1430],"_links":{"self":[{"href":"https:\/\/www.v6.newmessage.org\/de\/wp-json\/wp\/v2\/pages\/29605"}],"collection":[{"href":"https:\/\/www.v6.newmessage.org\/de\/wp-json\/wp\/v2\/pages"}],"about":[{"href":"https:\/\/www.v6.newmessage.org\/de\/wp-json\/wp\/v2\/types\/page"}],"author":[{"embeddable":true,"href":"https:\/\/www.v6.newmessage.org\/de\/wp-json\/wp\/v2\/users\/62"}],"replies":[{"embeddable":true,"href":"https:\/\/www.v6.newmessage.org\/de\/wp-json\/wp\/v2\/comments?post=29605"}],"version-history":[{"count":4,"href":"https:\/\/www.v6.newmessage.org\/de\/wp-json\/wp\/v2\/pages\/29605\/revisions"}],"predecessor-version":[{"id":29612,"href":"https:\/\/www.v6.newmessage.org\/de\/wp-json\/wp\/v2\/pages\/29605\/revisions\/29612"}],"up":[{"embeddable":true,"href":"https:\/\/www.v6.newmessage.org\/de\/wp-json\/wp\/v2\/pages\/16287"}],"wp:attachment":[{"href":"https:\/\/www.v6.newmessage.org\/de\/wp-json\/wp\/v2\/media?parent=29605"}],"wp:term":[{"taxonomy":"category","embeddable":true,"href":"https:\/\/www.v6.newmessage.org\/de\/wp-json\/wp\/v2\/categories?post=29605"},{"taxonomy":"post_tag","embeddable":true,"href":"https:\/\/www.v6.newmessage.org\/de\/wp-json\/wp\/v2\/tags?post=29605"}],"curies":[{"name":"wp","href":"https:\/\/api.w.org\/{rel}","templated":true}]}}