{"id":29576,"date":"2021-12-10T02:42:10","date_gmt":"2021-12-10T02:42:10","guid":{"rendered":"https:\/\/www.newmessage.org\/de\/?page_id=29576"},"modified":"2022-04-09T01:18:58","modified_gmt":"2022-04-09T01:18:58","slug":"armut","status":"publish","type":"page","link":"https:\/\/www.v6.newmessage.org\/de\/die-botschaft\/band-1\/die-reformation\/armut\/","title":{"rendered":"Armut"},"content":{"rendered":"<div><!-- Version 3.3 Verse --><\/div>\n<div class=\"tabgroup \"><ul class=\"tabs\"><li><a href=\"#tabs-1\">H\u00f6re<\/a><\/li>\n<li><a href=\"#tabs-2\"> Anmerkung<\/a><\/li><\/ul>\n <div id=\"tabs-1\"><\/p>\n<p>H\u00f6re die Stimme der Offenbarung:<\/p>\n\t\t\t\t<div id=\"jquery_jplayer_1\" class=\"jp-jplayer\"><\/div>\n\t\t\t\t<div id=\"jp_container_1\" class=\"jp-audio\">\n\t\t\t\t<div class=\"jp-type-single\"><div class=\"jp-control\"><a href=\"javascript:;\" class=\"jp-play\" tabindex=\"1\">play<\/a><a href=\"javascript:;\" class=\"jp-pause\" tabindex=\"1\">pause<\/a><\/div> <div class=\"jp-gui jp-interface\"><div class=\"jp-volume\"><div class=\"jp-volume-bar\"><div class=\"jp-volume-bar-value\"><\/div><\/div><\/div><div class=\"jp-progress\"><div class=\"jp-seek-bar\"><div class=\"jp-play-bar\"><\/div><\/div><\/div><\/div>\t\t\t\t\t<div class=\"jp-no-solution\"><span>Update Required<\/span>To play the media you will need to either update your browser to a recent version or update your <a href=\"http:\/\/get.adobe.com\/flashplayer\/\" target=\"_blank\">Flash plugin<\/a>.<\/div><\/div><\/div>\n\t\t\t<script type='text\/javascript'>\n\t\t\t\tjQuery(document).ready(function() {\n\t\t\t\t\tif (typeof (sermonMedia) == 'function') {\n\t\t\t\t\t\tsermonMedia.addAudio('', \"jquery_jplayer_1\");\n\t\t\t\t\t}\n\t\t\t\t\tjQuery.jPlayer.timeFormat.showHour = true;\n\t\t\t\t\tjQuery(\"#jquery_jplayer_1\").jPlayer({\n\t\t\t\t\t\tready: function(event) {\n\t\t\t\t\t\t\tjQuery(this).jPlayer(\"setMedia\", {mp3: 'https:\/\/newmessage.org\/av\/poverty.mp3'});\n\t\t\t\t\t\t},\n\t\t\t\t\t\tplay: function() {\n\t\t\t\t\t\t\tjQuery(this).jPlayer(\"pauseOthers\");\n\t\t\t\t\t\t},\n\t\t\t\t\t\tswfPath: ThemeData.directory_uri+\"\/swf\",\n\t\t\t\t\t\tsolution: \"html, flash\",\n\t\t\t\t\t\tpreload: \"metadata\",\n\t\t\t\t\t\twmode: \"window\",\n\t\t\t\t\t\tsupplied: \"mp3\",\n\t\t\t\t\t\tcssSelectorAncestor: '#jp_container_1'\n\t\t\t\t\t});\n\t\t\t\t});\n\t\t\t<\/script>\n<p><a title=\"Poverty\" href=\"\/\/www.newmessage.org\/av\/poverty.mp3\">Lade herunter<\/a> (Rechtsklick zum Herunterladen)<\/p>\n<p class=\"revelation_details\"><em>Wie offenbart<br \/>\nGottes Boten Marshall Vian Summers<br \/>\nam 10. September 2014<br \/>\nin Boulder, Colorado, USA<\/em><\/p>\n<div class=\"toggle toggle-white\"><h4 class=\"trigger \"><span class=\"t_ico\"><\/span><a href=\"#\">\u00dcber diese Aufzeichnung<\/a><\/h4><div class=\"toggle_container \"><br \/>\n<div id=\"yui_3_16_0_ym19_1_1467955126517_3327\" dir=\"ltr\"><span id=\"yui_3_16_0_ym19_1_1467955126517_3177\"><span id=\"yui_3_16_0_ym19_1_1467955126517_3178\">Was Du in dieser Audioaufzeichnung h\u00f6rst, ist die Stimme des Engelsrates, die durch den Boten Marshall Vian Summers spricht.<\/span><\/span><\/div>\n<div dir=\"ltr\"><span id=\"yui_3_16_0_ym19_1_1467955126517_3177\"><span id=\"yui_3_16_0_ym19_1_1467955126517_3178\">\u00a0<\/span><\/span><\/div>\n<div id=\"yui_3_16_0_ym19_1_1467955126517_3359\" dir=\"ltr\"><span id=\"yui_3_16_0_ym19_1_1467955126517_3177\"><span id=\"yui_3_16_0_ym19_1_1467955126517_3178\"> Hier wird die originale Mitteilung Gottes, die jenseits von Worten existiert, vom Engelsrat, der \u00fcber die Welt wacht, in menschliche Sprache und menschliches Verst\u00e4ndnis \u00fcbersetzt. Der Engelsrat bringt dann Gottes Botschaft \u00fcber den Boten dar.<br \/>\n<\/span><\/span><\/div>\n<div id=\"yui_3_16_0_ym19_1_1467955126517_3369\" dir=\"ltr\"><span id=\"yui_3_16_0_ym19_1_1467955126517_3177\"><span id=\"yui_3_16_0_ym19_1_1467955126517_3178\">\u00a0<\/span><\/span><\/div>\n<div id=\"yui_3_16_0_ym19_1_1467955126517_3370\" dir=\"ltr\"><span id=\"yui_3_16_0_ym19_1_1467955126517_3177\"><span id=\"yui_3_16_0_ym19_1_1467955126517_3178\">In diesem bemerkenswerten Prozess spricht die Stimme der Offenbarung erneut. Das Wort und der Ton sind in der Welt. Zum ersten Mal in der Geschichte ist f\u00fcr euch und f\u00fcr die Welt die Aufzeichnung der urspr\u00fcnglichen gesprochenen Offenbarung verf\u00fcgbar, um erfahren zu werden.<br \/>\n<\/span><\/span><\/div>\n<div id=\"yui_3_16_0_ym19_1_1467955126517_3436\" dir=\"ltr\"><span id=\"yui_3_16_0_ym19_1_1467955126517_3177\"><span id=\"yui_3_16_0_ym19_1_1467955126517_3178\">\u00a0<\/span><\/span><\/div>\n<div id=\"yui_3_16_0_ym19_1_1467955126517_3435\" dir=\"ltr\"><span id=\"yui_3_16_0_ym19_1_1467955126517_3177\"><span id=\"yui_3_16_0_ym19_1_1467955126517_3178\">M\u00f6gest du der  Empf\u00e4nger dieses Geschenks der Offenbarung werden und m\u00f6gest du dich \u00f6ffnen, um diese einmalige Botschaft f\u00fcr dich und f\u00fcr dein Leben zu empfangen.<\/span><\/span><\/div>\n<br \/>\n<\/div><\/div><br \/>\n<\/div>\n<div id=\"tabs-2\"><br \/>\n<em> Anmerkung an den Leser:<br \/>\nDiese \u00dcbersetzung wurde der Society von einem Sch\u00fcler der Neuen Botschaft verf\u00fcgbar gemacht, der den englischen Originaltext als Freiwilliger \u00fcbersetzt hat. Wir stellen diese \u00dcbersetzung in dieser fr\u00fchen Form zur Verf\u00fcgung, damit jeder Gelegenheit hat, sich mit einem Teil der Neuen Botschaft in seiner eigenen Sprache zu befassen.<\/em><br \/>\n<\/div>\n\t\t\t\t<div align=\"right\">\n\t\t\t<div class=\"fb-like\" data-href=\"\" data-layout=\"button_count\" data-action=\"like\" data-show-faces=\"false\" data-share=\"false\"><\/div>\n\t\t\t<div class=\"fb-share-button\" data-layout=\"button_count\"> <\/div>\n\t\t\t<div class=\"fb_iframe_widget\"><a href=\"https:\/\/twitter.com\/godsnewmessage?ref_src=twsrc%5Etfw\" class=\"twitter-follow-button\" data-show-count=\"false\">Follow @godsnewmessage<\/a><script async src=\"https:\/\/platform.twitter.com\/widgets.js\" charset=\"utf-8\"><\/script><\/div>\n\t\t\t<\/div> <\/div> \n<br \/>\nArmut\u2014die Armut der Seele, die Armut des K\u00f6rpers, die Armut der Isolation, die Armut der Entfremdung von anderen. Armut nimmt so viele Formen an\u2014manche sichtbar, manche unsichtbar, manche offensichtlich, manche nicht offensichtlich.<\/p>\n<p>Es ist der Zustand des Lebens in Trennung. Denn Armut ist nicht nur ein Zustand derer, die wenig haben, um sich zu versorgen. Es ist der Zustand des Lebens in Trennung.<\/p>\n<p>Solange du nicht die gr\u00f6\u00dfere Stimme finden kannst, die Gott in dich gelegt hat, um ihr zu folgen, wirst du Armut erfahren. Selbst wenn du alle Dinge hast, die du materiell brauchst, wirst du immer noch arm sein. Selbst wenn du in Pracht lebst, wird dein Leben leer sein, ohne wahren Sinn und Richtung.<\/p>\n<p>Diese Armut ist allgegenw\u00e4rtig und betrifft Menschen auf allen Ebenen des materiellen Wohlstands. Ungl\u00fccklicherweise wird die Armut der Reichen jetzt so gut versteckt, dass sie von all ihren Ambitionen und Anschaffungen, ihrem Luxus und ihren Fantasien \u00fcberlagert wird, was den Anschein von Reichtum, Komfort und Pracht erweckt, obwohl es in Wirklichkeit nur ein Deckmantel f\u00fcr Armut ist. Sie glauben, dass sie von Gott gesegnet sind\u2014diejenigen, die sich selbst auf Kosten anderer bereichert haben, diejenigen, die der Welt nicht genug zur\u00fcckgeben.<\/p>\n<p>Aber Gott hat Mitleid mit den Wohlhabenden, die nicht das Geschenk finden, das ihre relative Freiheit bieten w\u00fcrde. Sie k\u00f6nnen tragischer sein als die Armen, deren Bed\u00fcrfnisse offensichtlich und leichter zu erf\u00fcllen sind.<\/p>\n<p>Es ist eine Freiheitsreise, auf allen Ebenen der Gesellschaft, auf allen Ebenen des pers\u00f6nlichen Wohlbefindens, auf allen Ebenen des Wohlstands. Denn viele, die der bitteren Armut entkommen sind, begeben sich dann in ein Reich der pers\u00f6nlichen Erkundung und des Genusses, der pers\u00f6nlichen Flucht vor der H\u00e4rte des Lebens. Sie leben in einer Welt des Erwerbs, in einer Welt der Suche nach Romanze, in einer Welt der Fantasie und der Genusssucht.<\/p>\n<p>Was hat ihnen ihr Wohlstand, ihr neu gewonnener \u00dcberfluss gebracht, au\u00dfer dass sich ihr Dilemma jetzt noch vertieft, denn jetzt wird ihre Armut noch versteckter, obwohl sie sie immer noch verfolgt. Jetzt sind sie weniger in der Lage, sich selbst und anderen mit einem offenem Verstand und einem offenem Herzen zu begegnen, denn ihre Armut bleibt bestehen, und sie haben jetzt neue Wege gefunden, um zu entrinnen, indem sie immer wieder versuchen, von ihrer zentralen Erfahrung wegzulaufen. Dies ist Armut.<\/p>\n<p>Die Menschen auf der Welt, die kein Obdach, keine Nahrung, keine Sicherheit und keine Gesundheitsversorgung vorfinden, sie alle brauchen Hilfe. Es ist die Aufforderung an die Wohlhabenden, die Armut auf dieser Ebene zu bek\u00e4mpfen.<\/p>\n<p>Du brauchst kein zweites Haus oder ein f\u00fcnftes Auto oder teuren Schmuck oder Uhren oder Kleidung, wenn diejenigen, die jetzt in deiner Obhut sind, hungern und ums \u00dcberleben k\u00e4mpfen. Dein Wohlstand ist jetzt eine Ressource, die du in erster Linie an die Welt zur\u00fcckgegeben musst.<\/p>\n<p>G\u00f6nne dir ein paar Annehmlichkeiten f\u00fcr ein bescheidenes Leben. Gebe dir die Freiheit, den wahren Sinn deines Lebens zu erforschen, jetzt, da du nicht t\u00e4glich ums \u00dcberleben k\u00e4mpfen musst.<\/p>\n<p>Nutze diese Gelegenheit, um Gottes Neue Offenbarung f\u00fcr die Welt zu empfangen, die alle fr\u00fcheren Offenbarungen Gottes verst\u00e4rkt, die dich alle\u2014einzeln und gemeinsam\u2014zu deiner tieferen Verantwortung und deinem Zweck in der Welt zur\u00fcckrufen.<\/p>\n<p>Die Reichen m\u00fcssen sich um die Armen k\u00fcmmern, und die Armen m\u00fcssen sich gegenseitig helfen, soweit sie dazu in der Lage sind.<\/p>\n<p>Glaube nicht, dass du im Himmel Gunst finden wirst, wenn du dich dieser Verantwortung entziehst. Gerade f\u00fcr die Reichen ist das eine gro\u00dfe Verantwortung.<\/p>\n<p>Du wirst mit dem, was du hast, viel Gutes in der Welt tun k\u00f6nnen, und es wird dir deine Integrit\u00e4t und deine Selbstachtung zur\u00fcckgeben. Es wird dir ein Gef\u00fchl von Wert und Sinn zur\u00fcckgeben und dir die Erfahrung geben, dass du tats\u00e4chlich vom Himmel gesandt wurdest, um diese Dinge f\u00fcr eine ringende Menschheit bereitzustellen.<\/p>\n<p>Alle Menschen auf der Welt befinden sich auf demselben gro\u00dfen Schiff namens Erde. Wenn ein Teil des Schiffes besch\u00e4digt wird, wenn ein Teil der Besatzung nicht versorgt und unterhalten wird, dann ist das ganze Schiff bedroht.<br \/>\nDu kannst nicht einfach wie ein regionaler Mensch denken oder eine lokale Identit\u00e4t haben, denn du bist heute auf Dinge aus aller Welt angewiesen. Und der Zustand der Nationen, die weit von dir entfernt sind, wird ganz sicher bestimmen, wie dein Leben jetzt und in Zukunft aussehen wird.<\/p>\n<p>Die Freiheitsreise ist die Reise aus der Armut. Am Anfang ist es die Freiheit, Nahrung, Wasser, Obdach, Sicherheit und Gesundheitsversorgung zu haben, und die M\u00f6glichkeit, eine grundlegende Bildung zu erhalten\u2014ein gro\u00dfes Ziel f\u00fcr einen so gro\u00dfen Teil der menschlichen Familie. Und es wird in Zukunft noch ein gr\u00f6\u00dferer Prozentsatz der menschlichen Familie sein, wenn die Gro\u00dfen Wellen des Wandels auf die Welt zukommen, der gro\u00dfe Wandel, den selbst heute, nur wenige Menschen verstehen oder erkennen k\u00f6nnen.<\/p>\n<p>Sobald du diese Anforderungen ausreichend erf\u00fcllt hast, dann kannst du sehen, wie du mit deiner Erziehung einen echten Beitrag in der Welt leisten und einen Teil deines wachsenden Wohlstands nutzen kannst, um anderen zu helfen und ihnen die M\u00f6glichkeit zu geben, die Grundbed\u00fcrfnisse des Lebens zu erf\u00fcllen.<\/p>\n<p>Denn du musst verstehen, dass die Armut der Menschheit zu einem gro\u00dfen Teil das ist, was die Menschheit primitiv und geteilt h\u00e4lt und sie ihres gro\u00dfen Fortschritts beraubt, den sie in einer Welt des Niedergangs\u2014in einer Welt der abnehmenden Ressourcen, des extremen Wetters und der wirtschaftlichen Umw\u00e4lzungen brauchen wird.<\/p>\n<p>Die gro\u00dfen \u00c4rzte, die gro\u00dfen Erzieher, die gro\u00dfen Politiker, die gro\u00dfen Diener der Menschheit k\u00f6nnen sich nicht aus der bitteren Armut erheben, denn sie sind dort gefangen, verstehst du?<\/p>\n<p>Es ist das gleiche Problem wie bei den Frauen in der Welt, die zumeist in h\u00e4uslichen Verh\u00e4ltnissen gefangen sind, aus denen sie nicht entkommen k\u00f6nnen. Sie werden nicht vorankommen und Fortschritte machen, und die ganze menschliche Familie wird darunter leiden. Die Brillanz, die St\u00e4rke, der Einfallsreichtum, die Hingabe an h\u00f6here Ziele und H\u00f6here Zwecke werden nicht verwirklicht, wenn sich die Menschen diesen Umst\u00e4nden nicht entziehen k\u00f6nnen.<\/p>\n<p>Die Zukunft der Welt kann nicht einigen wenigen wohlhabenden, inspirierten Individuen \u00fcberlassen werden. Sie wird eine gro\u00dfe Zahl von Menschen dazu aufrufen, das Blatt zu wenden und den Zerfall und das Scheitern der menschlichen Zivilisation abzuwenden.<\/p>\n<p>Das Geben muss wachsen, aber diejenigen, die geben, m\u00fcssen zuerst empfangen. Sie m\u00fcssen die Grundbed\u00fcrfnisse des Lebens erhalten. Sie m\u00fcssen dar\u00fcber hinaus eine gr\u00f6\u00dfere Erziehung erhalten. Und sie m\u00fcssen erkennen, dass die Welt nicht hier ist, um sie einfach mit all ihren Freuden und Schwelgereien auszustatten, sondern um ihnen die M\u00f6glichkeit zu geben, hier einen wirklichen Unterschied zu machen, denn nur das wird das tiefere Bed\u00fcrfnis der Seele befriedigen.<\/p>\n<p>Wenn die Seele nicht zufrieden ist, wird dich nichts zufriedenstellen. Du kannst so viel besitzen, wie du halten kannst, und noch mehr. Es wird dich nicht zufrieden stellen. Du wirst immer mehr wollen, endlos mehr wollen, endlos, weil deine Seele nicht erf\u00fcllt ist.<\/p>\n<p>Es ist eine Leere, die du nicht mit Dingen oder mit Romanzen oder mit aufregenden Abenteuern oder mit endlosen Erlebnissen in der Welt f\u00fcllen kannst. Sie kann nur erf\u00fcllt werden, wenn du die tiefere Intelligenz erkennst, die Gott dir gegeben hat. Nur sie kann dir die St\u00e4rke und den Zweck geben, dein Leben zu erheben und zu einem gr\u00f6\u00dferen Leben des Dienstes und der Erf\u00fcllung in der Welt zu f\u00fchren.<\/p>\n<p>Nur indem man ein echter Beitragender wird und nicht nur eine Heuschrecke auf dem Feld, die alles in Sicht verschlingt\u2014Ressourcen verschlingt, Erfahrungen verschlingt, die Landschaft verschlingt, heute alles verbraucht, so dass morgen nur noch sehr wenig \u00fcbrig bleibt.<\/p>\n<p>Du wirst dich nicht nur leer f\u00fchlen, sondern grunds\u00e4tzlich schuldig in dir selbst, wenn dies dein Streben ist, wenn dies dein Schwerpunkt im Leben ist\u2014endloser Erwerb.<\/p>\n<p>Die Schuldgef\u00fchle sind da, weil du nicht wirklich das Leben lebst, f\u00fcr das du hergekommen bist. Du tust nicht wirklich das, von dem du wei\u00dft, dass du es tun musst. Du dienst nicht denjenigen, die dich hierher gesandt haben.<\/p>\n<p>Verstecke dich nicht hinter der Religion und denke, dass der Glaube an die Erlasse deiner Religion dich in den Augen des Himmels beg\u00fcnstigen wird, denn sie beobachten, was du tats\u00e4chlich in der Welt tun wirst, und ob du die Grundbed\u00fcrfnisse des Lebens erf\u00fcllt hast, wie sehr du anderen dienen und hier eine Kraft f\u00fcr das Gute sein wirst.<\/p>\n<p>Es ist ihnen gleichg\u00fcltig, was du erwirbst. Sie k\u00fcmmern sich nicht einmal um deine religi\u00f6sen Glaubensvorstellungen, wenn sie dich nicht zu mehr Dienst und Mitgef\u00fchl f\u00fcr andere f\u00fchren k\u00f6nnen.<\/p>\n<p>Du bist immer noch verarmt und stolzierst als wohlhabende Person mit deinen Symbolen der Macht und des Wohlstandes herum. Und all die Verkleidungen aus Sch\u00f6nheit und Charme, die du dir zulegen und mit der du dich schm\u00fccken kannst, werden nicht dar\u00fcber hinwegt\u00e4uschen, dass du arm bist und deine Mission hier nicht erf\u00fcllst.<\/p>\n<p>Die Armut ist in dir. Sie ist \u00fcberall um dich herum. Schaue dir die Gesichter der Wohlhabenden an, die mit so viel Sicherheit und Geborgenheit in ihren Nationen leben, mit Zugang zu endloser Nahrung und Wasser und staatlicher Hilfe. Sieh dir ihre Gesichter an. Sind das Gesichter von Menschen, die inspiriert sind, die mit Freude, Sinn und Zweck leben?<\/p>\n<p>Sieh dir die Armen an, die in Lumpen leben, die nichts haben und keine Aussicht haben, etwas zu haben. Verurteile sie nicht. Glaube nicht, dass es Gottes Wille ist, dass sie unter solchen Bedingungen existieren. Glaube nicht, dass dies das Ergebnis vergangener Lebenserfahrungen ist. Glaube nicht, dass sie das Recht verdient haben, arm zu sein, denn du musst mit Mitgef\u00fchl schauen und dir vorstellen, wie es w\u00e4re, ihr Leben zu leben.<\/p>\n<p>Wenn du dies tust, wirst du aufh\u00f6ren, dich \u00fcber all die Dinge zu beklagen, \u00fcber die du dich heute beklagst, und beginnen, deine Segnungen zu z\u00e4hlen, die zahlreicher sind, als dir in diesem Moment \u00fcberhaupt bewusst ist.<\/p>\n<p>In der Religion geht es um den Dienst. Es geht darum, sich um die Menschen zu k\u00fcmmern. Es geht um die Heilung von Wunden. Es geht nicht darum, Macht zu erlangen, Krieg zu f\u00fchren oder andere zu verurteilen. Wenn deine Religion nicht zu mehr Dienst und Mitgef\u00fchl f\u00fchrt, dann versagst du in ihrem Kern.<\/p>\n<p>Selbst wenn du fromm bist und alle Gebote und Praktiken deines Glaubens befolgst, wenn er dir keinen gr\u00f6\u00dferen Antrieb zum Dienen, Mitgef\u00fchl und Vergebung gibt, l\u00e4sst du ihn im Stich.<\/p>\n<p>Der Himmel ist nicht beeindruckt. Und je wohlhabender du bist, desto gr\u00f6\u00dfer ist der Misserfolg. Denn dein Wohlstand ist jetzt eine Ressource, um anderen zu helfen. Das ist sein wirklicher Wert, nicht nur, um dir ein wenig mehr Komfort und ein wenig mehr pers\u00f6nliche Freiheit zu geben, daf\u00fcr ist Wohlstand da.<\/p>\n<p>Die Wohlhabenden sollten die gro\u00dfen Wohlt\u00e4ter des Lebens sein, alle, ausnahmslos\u2014 Menschen ern\u00e4hren, sich um die Menschen k\u00fcmmern, daf\u00fcr sorgen, dass die Menschen die Grundbed\u00fcrfnisse haben und dar\u00fcber hinaus die M\u00f6glichkeit zu mehr Bildung und Dienst.<\/p>\n<p>Religion als Vorwand f\u00fcr Krieg oder das T\u00f6ten anderer zu benutzen, ist ein Gr\u00e4uel. Du dienst hier den dunklen M\u00e4chten. Unabh\u00e4ngig davon, was du als deinen Glauben oder deine Hingabe zu deinen Schriften erkl\u00e4rst, dienst du den dunklen M\u00e4chten.<\/p>\n<p>Wovon Wir heute hier sprechen, ist das, was der Himmel sch\u00e4tzt. Aber was der Himmel sch\u00e4tzt, ist nicht das, was die Menschen sch\u00e4tzen oder wollen, au\u00dfer ein paar wenigen.<\/p>\n<p>Unabh\u00e4ngig davon, wo du dich im Leben oder in deinen Lebensumst\u00e4nden befindest, musst du die Armut in dir selbst eind\u00e4mmen. \u00dcber die Erf\u00fcllung der Grundbed\u00fcrfnisse des Lebens hinaus muss es in deinem Leben um Dienst und Beitrag gehen.<\/p>\n<p>Du tust dies f\u00fcr deine eigene Erl\u00f6sung. Du tust dies zum Wohle deiner Gemeinschaft und deiner Nation. Aber du tust dies auch, weil es das ist, was von den B\u00fcrgern \u00fcberall verlangt wird, um der Menschheit die Widerstandsf\u00e4higkeit und die Stabilit\u00e4t zu geben, um die kommenden schwierigen Zeiten zu meistern, und um zu verhindern, dass die menschliche Zivilisation zusammenbricht, wenn die Ressourcen schwinden und die Ernten ausfallen.<\/p>\n<p>Du tust dies f\u00fcr die ganze Welt, obwohl dein Dienst lokal und unmittelbar und sehr spezifisch ist, und keine gro\u00dfe Ehre oder Anerkennung mit sich bringt.<br \/>\nDas ist es, was dir deinen Selbstwert, deinen Sinn f\u00fcr Integrit\u00e4t, deine Inspiration im Leben, deine Freude, den Genuss der Vorz\u00fcge dessen, was du hast, und das Gef\u00fchl f\u00fcr den Sinn deiner Anwesenheit hier auf der Erde zur\u00fcckgeben wird, der nur gefunden werden kann, wenn du dem folgst, was Wir dir heute hier geben.<\/p>\n<p>Wenn du Gott eine Freude machen willst, ern\u00e4hre die Menschen, besch\u00fctze sie vor den Gro\u00dfen Wellen des Wandels und erziehe sie. Wenn du willst, dass der Himmel dich unterst\u00fctzt, dann erwerbe nur soviel, wie du wirklich brauchst und nicht viel mehr, und gebe den Rest dorthin, wo es am meisten gebraucht wird. Dein Herz und deine Kenntnis in dir, Kenntnis, die Gott dorthin gelegt hat, wird dich dahin f\u00fchren, wo es am wirkungsvollsten gegeben werden kann.<\/p>\n<p>Das wird dir St\u00e4rke geben. Das wird dir Zweck geben. Das wird dein Leben belastbar und effektiv machen. Das wird dich aus der Depression und Selbstverdammung und der Verurteilung anderer herausheben. Denn sie sind nur die Manifestationen der Armut, der tiefen Armut, von der Wir sprechen.<br \/>\nIn deinem Herzen wei\u00dft du, dass du zu einem H\u00f6heren Zweck hergekommen bist. In deinem Herzen wei\u00dft du, dass du nicht wirklich das Leben lebst, das du leben sollst. In deinem Herzen wei\u00dft du, dass du dem treu sein musst, was dauerhaft und wirklich in dir ist.<\/p>\n<p>Dem musst du dich stellen. Du musst dich den Dingen stellen, die dich zur\u00fcckhalten, die dich klein und schwach und verloren in der Welt halten, ein Sklave ihrer Anreize und Verf\u00fchrungen, ein Sklave deiner eigenen Angst und Impulse. Du musst dich diesen Dingen stellen, sonst wirst du sie nicht \u00fcberwinden k\u00f6nnen.<\/p>\n<p>Der Himmel hat dir die Macht der Kenntnis gegeben, die dich aus diesem endlosen Labyrinth der Schwierigkeiten herausf\u00fchren kann, aber du musst lernen, sie unter den anderen Stimmen in deinem Verstand zu unterscheiden. Du musst lernen, sie zu sp\u00fcren und zu erkennen, und ihr genug zu vertrauen, um ihr zu folgen damit sie sich mit der Zeit f\u00fcr dich bew\u00e4hren kann.<\/p>\n<p>Gott hat die Schritte zur Kenntnis, die gro\u00dfe Lehre der Erl\u00f6sung und Praktiken zur Verf\u00fcgung gestellt, um dir zu helfen, dies zu erreichen, gegeben in der einfachsten m\u00f6glichen Sprache mit viel Wiederholung und Kl\u00e4rung. Sie kann dich leiten und f\u00fchren, und dich auf diese gr\u00f6\u00dfere Macht ausrichten, die Gott in dich gelegt hat, die allein deine Bestimmung und die Richtung kennt, der du folgen musst, was du in diesem Moment noch nicht erkennst.<\/p>\n<p>Dein Zweck ist es, die Armut in dir selbst zu beenden und dabei zu helfen, die Armut in anderen zu beenden, nicht nur die k\u00f6rperliche, sondern auch die spirituelle Armut, denn das ist die Wurzel allen menschlichen Leidens\u2014f\u00fcr die Reichen, f\u00fcr die Armen.<\/p>\n<p>Hier hat jeder einen gemeinsamen Zweck. Obwohl deine Gaben f\u00fcr bestimmte Orte und Menschen bestimmt sind, hat jeder einen gemeinsamen Zweck, ob er nun religi\u00f6s ist oder nicht, unabh\u00e4ngig aus welchem Land oder aus welchen Umst\u00e4nden er kommt.<\/p>\n<p>Die Wiederherstellung muss in gen\u00fcgend Menschen geschehen, in dir. Stelle dich deiner Armut, und es wird dir den Anreiz und die Entschlossenheit geben, weiterzumachen.<\/p>\n","protected":false},"excerpt":{"rendered":"<p>Armut\u2014die Armut der Seele, die Armut des K\u00f6rpers, die Armut der Isolation, die Armut der Entfremdung von anderen. Armut nimmt so viele Formen an\u2014manche sichtbar, manche unsichtbar, manche offensichtlich, manche nicht offensichtlich.<\/p>\n<p>Es ist der Zustand des Lebens in Trennung. Denn Armut ist nicht nur ein Zustand derer, die wenig haben, um sich zu versorgen. Es ist der Zustand des Lebens in Trennung.<\/p>\n<p>Solange du nicht die gr\u00f6\u00dfere Stimme finden kannst, die Gott in dich gelegt hat, um ihr zu folgen, wirst du Armut erfahren. Selbst wenn du alle Dinge hast, die du materiell brauchst, wirst du immer noch arm sein. Selbst wenn du in Pracht lebst, wird dein Leben leer sein, ohne wahren Sinn und Richtung.<\/p>\n<p>Diese Armut ist allgegenw\u00e4rtig und betrifft Menschen auf allen Ebenen des materiellen Wohlstands. Ungl\u00fccklicherweise wird die Armut der Reichen jetzt so gut versteckt, dass sie von all ihren Ambitionen und Anschaffungen, ihrem Luxus und ihren Fantasien \u00fcberlagert wird, was den Anschein von Reichtum, Komfort und Pracht erweckt, obwohl es in Wirklichkeit nur ein Deckmantel f\u00fcr Armut ist. Sie glauben, dass sie von Gott gesegnet sind\u2014diejenigen, die sich selbst auf Kosten anderer bereichert haben, diejenigen, die der Welt nicht genug zur\u00fcckgeben.<\/p>\n<p>Aber Gott hat Mitleid mit den Wohlhabenden, die nicht das Geschenk finden, das ihre relative Freiheit bieten w\u00fcrde. Sie k\u00f6nnen tragischer sein als die Armen, deren Bed\u00fcrfnisse offensichtlich und leichter zu erf\u00fcllen sind.<\/p>\n","protected":false},"author":62,"featured_media":0,"parent":29573,"menu_order":0,"comment_status":"closed","ping_status":"closed","template":"template-leftsidebar.php","meta":{"_monsterinsights_skip_tracking":false,"_monsterinsights_sitenote_active":false,"_monsterinsights_sitenote_note":"","_monsterinsights_sitenote_category":0,"footnotes":""},"categories":[76,1420,460],"tags":[734,1421,1422,1415],"_links":{"self":[{"href":"https:\/\/www.v6.newmessage.org\/de\/wp-json\/wp\/v2\/pages\/29576"}],"collection":[{"href":"https:\/\/www.v6.newmessage.org\/de\/wp-json\/wp\/v2\/pages"}],"about":[{"href":"https:\/\/www.v6.newmessage.org\/de\/wp-json\/wp\/v2\/types\/page"}],"author":[{"embeddable":true,"href":"https:\/\/www.v6.newmessage.org\/de\/wp-json\/wp\/v2\/users\/62"}],"replies":[{"embeddable":true,"href":"https:\/\/www.v6.newmessage.org\/de\/wp-json\/wp\/v2\/comments?post=29576"}],"version-history":[{"count":4,"href":"https:\/\/www.v6.newmessage.org\/de\/wp-json\/wp\/v2\/pages\/29576\/revisions"}],"predecessor-version":[{"id":29603,"href":"https:\/\/www.v6.newmessage.org\/de\/wp-json\/wp\/v2\/pages\/29576\/revisions\/29603"}],"up":[{"embeddable":true,"href":"https:\/\/www.v6.newmessage.org\/de\/wp-json\/wp\/v2\/pages\/29573"}],"wp:attachment":[{"href":"https:\/\/www.v6.newmessage.org\/de\/wp-json\/wp\/v2\/media?parent=29576"}],"wp:term":[{"taxonomy":"category","embeddable":true,"href":"https:\/\/www.v6.newmessage.org\/de\/wp-json\/wp\/v2\/categories?post=29576"},{"taxonomy":"post_tag","embeddable":true,"href":"https:\/\/www.v6.newmessage.org\/de\/wp-json\/wp\/v2\/tags?post=29576"}],"curies":[{"name":"wp","href":"https:\/\/api.w.org\/{rel}","templated":true}]}}