{"id":29524,"date":"2021-11-06T03:51:33","date_gmt":"2021-11-06T03:51:33","guid":{"rendered":"https:\/\/www.newmessage.org\/de\/?page_id=29524"},"modified":"2021-11-19T07:29:38","modified_gmt":"2021-11-19T07:29:38","slug":"die-huter","status":"publish","type":"page","link":"https:\/\/www.v6.newmessage.org\/de\/die-botschaft\/band-2\/die-weltweite-gemeinschaft-der-neuen-botschaft\/die-huter\/","title":{"rendered":"Die H\u00fcter"},"content":{"rendered":"<div><!-- 4.1 Verse --><\/div>\n\n<div class=\"tabgroup \"><ul class=\"tabs\"><li><a href=\"#tabs-1\">H\u00f6re<\/a><\/li>\n<li><a href=\"#tabs-2\"> Anmerkung<\/a><\/li><\/ul>\n <div id=\"tabs-1\"><br \/>\nH\u00f6re die Stimme der Offenbarung:<\/p>\n<div id=\"jquery_jplayer_1\" class=\"jp-jplayer\"><\/div>\n\t\t\t\t<div id=\"jp_container_1\" class=\"jp-audio\">\n\t\t\t\t<div class=\"jp-type-single\"><div class=\"jp-control\"><a href=\"javascript:;\" class=\"jp-play\" tabindex=\"1\">play<\/a><a href=\"javascript:;\" class=\"jp-pause\" tabindex=\"1\">pause<\/a><\/div> <div class=\"jp-gui jp-interface\"><div class=\"jp-volume\"><div class=\"jp-volume-bar\"><div class=\"jp-volume-bar-value\"><\/div><\/div><\/div><div class=\"jp-progress\"><div class=\"jp-seek-bar\"><div class=\"jp-play-bar\"><\/div><\/div><\/div><\/div>\t\t\t\t\t<div class=\"jp-no-solution\"><span>Update Required<\/span>To play the media you will need to either update your browser to a recent version or update your <a href=\"http:\/\/get.adobe.com\/flashplayer\/\" target=\"_blank\">Flash plugin<\/a>.<\/div><\/div><\/div>\n\t\t\t<script type='text\/javascript'>\n\t\t\t\tjQuery(document).ready(function() {\n\t\t\t\t\tif (typeof (sermonMedia) == 'function') {\n\t\t\t\t\t\tsermonMedia.addAudio('', \"jquery_jplayer_1\");\n\t\t\t\t\t}\n\t\t\t\t\tjQuery.jPlayer.timeFormat.showHour = true;\n\t\t\t\t\tjQuery(\"#jquery_jplayer_1\").jPlayer({\n\t\t\t\t\t\tready: function(event) {\n\t\t\t\t\t\t\tjQuery(this).jPlayer(\"setMedia\", {mp3: 'https:\/\/www.newmessage.org\/av\/the-guardians.mp3'});\n\t\t\t\t\t\t},\n\t\t\t\t\t\tplay: function() {\n\t\t\t\t\t\t\tjQuery(this).jPlayer(\"pauseOthers\");\n\t\t\t\t\t\t},\n\t\t\t\t\t\tswfPath: ThemeData.directory_uri+\"\/swf\",\n\t\t\t\t\t\tsolution: \"html, flash\",\n\t\t\t\t\t\tpreload: \"metadata\",\n\t\t\t\t\t\twmode: \"window\",\n\t\t\t\t\t\tsupplied: \"mp3\",\n\t\t\t\t\t\tcssSelectorAncestor: '#jp_container_1'\n\t\t\t\t\t});\n\t\t\t\t});\n\t\t\t<\/script><\/p>\n<p><a title=\"The Guardians\" href=\"https:\/\/www.newmessage.org\/av\/the-guardians.mp3\">Lade herunter<\/a> (Rechtsklick zum Herunterladen)<\/p>\n<p><a href=\"https:\/\/www.community.newmessage.org\/the-guardians\/\"><img decoding=\"async\" class=\"alignnone size-medium wp-image-50501 imgborder\" src=\"https:\/\/www.newmessage.org\/wp-content\/uploads\/2020\/09\/the-guardians-image-300x157.jpeg\" alt=\"\" \/><\/a><\/p>\n<p><em>Wie offenbart Gottes Boten<br \/>\nMarshall Vian Summers<br \/>\nam 15. Januar 2015<br \/>\nin Istanbul, T\u00fcrkei<\/em><br \/>\n<div class=\"toggle toggle-white\"><h4 class=\"trigger \"><span class=\"t_ico\"><\/span><a href=\"#\">\u00dcber diesen Text<\/a><\/h4><div class=\"toggle_container \"><br \/>\n<p>Was du in diesem Text liest, ist die Transkription der Originalstimme des <a href=\"https:\/\/www.newmessage.org\/de\/wichtige-begriffe#aa\">Engelsrates<\/a>, wie sie \u00fcber den <a href=\"http:\/\/www.neuebotschaft.org\/der-bote\/\">Boten Marshall Vian Summers<\/a> sprach.<\/p>\n<p>Hierbei wird die originale Kommunikation von Gott, die jenseits von Worten existiert, vom <a href=\"https:\/\/www.newmessage.org\/de\/wichtige-begriffe#aa\">Engelsrat<\/a>, der \u00fcber die Welt wacht, in menschliche Sprache und menschliches Verst\u00e4ndnis \u00fcbersetzt. Der Rat bringt dann Gottes Botschaft \u00fcber den Boten dar, woraufhin sie transkribiert und euch und allen Menschen verf\u00fcgbar gemacht wird.<\/p>\n<p>In diesem bemerkenswerten Prozess spricht die <a href=\"https:\/\/www.newmessage.org\/de\/wichtige-begriffe#voice\">Stimme der Offenbarung<\/a> erneut. Das Wort und der Klang sind in der Welt. M\u00f6gest du der Empf\u00e4nger dieses Geschenks der Offenbarung sein und m\u00f6gest du offen sein, ihre einmalige Botschaft f\u00fcr dich und f\u00fcr dein Leben zu empfangen.<\/p>\n<br \/>\n<\/div><\/div>\n<p><\/div>\n<div id=\"tabs-2\"><br \/>\n<em> Anmerkung an den Leser:<br \/>\nDiese \u00dcbersetzung wurde der Society von einem Sch\u00fcler der Neuen Botschaft verf\u00fcgbar gemacht, der den englischen Originaltext als Freiwilliger \u00fcbersetzt hat. Wir stellen diese \u00dcbersetzung in dieser fr\u00fchen Form zur Verf\u00fcgung, damit jeder Gelegenheit hat, sich mit einem Teil der Neuen Botschaft in seiner eigenen Sprache zu befassen.<\/em><br \/>\n<\/div>\n\t\t\t\t<div align=\"right\">\n\t\t\t<div class=\"fb-like\" data-href=\"\" data-layout=\"button_count\" data-action=\"like\" data-show-faces=\"false\" data-share=\"false\"><\/div>\n\t\t\t<div class=\"fb-share-button\" data-layout=\"button_count\"> <\/div>\n\t\t\t<div class=\"fb_iframe_widget\"><a href=\"https:\/\/twitter.com\/godsnewmessage?ref_src=twsrc%5Etfw\" class=\"twitter-follow-button\" data-show-count=\"false\">Follow @godsnewmessage<\/a><script async src=\"https:\/\/platform.twitter.com\/widgets.js\" charset=\"utf-8\"><\/script><\/div>\n\t\t\t<\/div> <\/div> \n\n<p>Der Welt wird jetzt eine gro\u00dfe Offenbarung zuteil, die gr\u00f6\u00dfer und umfassender ist als alles, was jemals zuvor hier dargebracht wurde\u2014gegeben jetzt einer gebildeten Welt, einer Welt des globalen Handels und der Kommunikation, gegeben jetzt einer Welt, die vor den Gro\u00dfen Wellen des Umweltwandels und den damit verbundenen Verwerfungen steht, einer gro\u00dfen Schwelle, auf die die Menschheit unvorbereitet ist und auf die sie nicht reagiert.<\/p>\n<p>Es ist eine kostbare Sache, eine gro\u00dfe Offenbarung von Gott, die vielleicht nur einmal in einem Jahrtausend in einer Zeit gro\u00dfer Not, Wandel und Gelegenheit gegeben wird.<\/p>\n<p>Aber die Welt ist ein korrupter Ort. Sie ist die Welt der Getrennten, die ihre Verbindung zu Gott, vor\u00fcbergehend verloren haben. Alles Reine, das hierher gebracht wird, kann leicht abgewandelt, ver\u00e4ndert, missverstanden und falsch angewandt werden, wie es bei all den gro\u00dfen fr\u00fcheren Offenbarungen der Fall war, die im Laufe der Zeit gegeben wurden.<\/p>\n<p>Wir h\u00fcten die urspr\u00fcngliche Offenbarung und ihre Bedeutung, aber was mit ihr hier auf der Erde geschieht, entzieht sich Unserer Kontrolle. Die Korruption, die stattfinden kann, ist erheblich und kann den Sinn und den Zweck der Offenbarung von ihrer urspr\u00fcnglichen Absicht entfernen.<\/p>\n<p>Deshalb muss es diejenigen geben, die sie beh\u00fcten und ihre Reinheit bewahren k\u00f6nnen. Denn es wird Menschen geben, die versuchen werden, sie zu ver\u00e4ndern und sie mit anderen Dingen zu vereinen, ihren Wortlaut und ihre Bedeutung so zu ver\u00e4ndern, dass sie zu ihren Vorlieben und ihren fr\u00fcheren Vorstellungen passt, ver\u00e4ndert, damit sie zu anderen Lehren und fr\u00fcheren Offenbarungen passt. Denn es ist sehr schwer f\u00fcr die Menschen zu akzeptieren, dass Gott erneut gesprochen hat und Gottes Offenbarungen sind nicht an die Vergangenheit oder an fr\u00fchere menschliche Erwartungen oder Annahmen gebunden.<\/p>\n<p>Deshalb muss es diejenigen geben, die die reine Offenbarung beh\u00fcten. Auch wenn sie jetzt in reiner Form gegeben und genau aufgezeichnet wurde, kann sie immer noch ver\u00e4ndert und manipuliert werden. Leider wird es Menschen geben, die dies f\u00fcr ihre eigenen Zwecke versuchen werden.<\/p>\n<p>Deshalb haben Wir eine Kerngruppe von Menschen um den Boten herum gebildet. Sie nennen sich selbst die Society. Wir betrachten sie als die H\u00fcter. Sie m\u00fcssen die Botschaft, den Boten und ihre Kerngemeinschaft vor Infiltration, vor Widerstand und vor Korruption von innen und von au\u00dfen sch\u00fctzen. Denn auch sie leben noch in Trennung und sind anf\u00e4llig f\u00fcr Irrt\u00fcmer unter sich selbst.<\/p>\n<p>Es ist also eine sehr gro\u00dfe Herausforderung, diese Treue zu bewahren, diese Verpflichtung zu bewahren, der Botschaft und dem Boten treu zu bleiben, auch wenn er nicht mehr da ist\u2014seine Worte zu bewahren und die Lehren in ihrer urspr\u00fcnglichen Form zu bewahren, denn hier darf nichts hinzugef\u00fcgt oder entfernt werden, verstehst du? Obwohl die Menschen dies tun werden, weil sie unwissend sind und nicht verstehen, was sie empfangen, muss diese Kerngruppe von Menschen immer die vollst\u00e4ndige Lehre bewahren.<\/p>\n<p>Selbst wenn sie sie nicht verstehen k\u00f6nnen, auch wenn sie sie an manchen Stellen verwirrt, auch wenn sie darin einen Widerspruch finden, ist alles zu einem Zweck da. Auch wenn sie nicht mit fr\u00fcheren Lehren und Traditionen \u00fcbereinstimmt, ist alles zu einem bestimmten Zweck da.<\/p>\n<p>Gottes Offenbarungen sind Teil eines Gr\u00f6\u00dferen Plans, um die Menschheit in ihrer Entwicklung und Evolution voranzubringen, sie auf eine Weltgemeinschaft vorzubereiten und sie auf die Widrigkeiten des Lebens im Universum um sie herum vorzubereiten.<\/p>\n<p>Die Menschen denken nat\u00fcrlich nicht in diesen Dimensionen. Sie denken nur in sehr kleinen Zeitr\u00e4umen\u2014in menschlichen Annahmen, Traditionen und Glaubenss\u00e4tzen. Aber der gr\u00f6\u00dfere Geltungsbereich von Gottes Plan geht \u00fcber all diese Dinge hinaus und kann nicht in menschlichen Vorstellungen und Glaubenss\u00e4tzen allein enthalten sein.<\/p>\n<p>Auch wenn du dies nicht vollst\u00e4ndig begreifen kannst, musst du erkennen, dass es sich um einen Gr\u00f6\u00dferen Plan handelt, der \u00fcber das menschliche Verst\u00e4ndnis hinausgeht, und dass alle gro\u00dfen Offenbarungen zu einem Zweck gegeben wurden.<\/p>\n<p>Und nun hat Gott erneut gesprochen. Und die Gelegenheit, dies der ganzen Welt zu bringen, ist zu dieser Zeit immens. Und die Stimme der Offenbarung aufzunehmen, was vorher nie m\u00f6glich war, ist von gr\u00f6\u00dfter Wichtigkeit.<\/p>\n<p>Aber es muss immer noch diejenigen geben, die sich mit Hingabe und Verpflichtung f\u00fcr die Aufrechterhaltung der reinen Offenbarung einsetzen. Sogar jenseits der Kerngruppe von Menschen, die dazu berufen sind, dem Boten\u2014dem Kreis des Boten, seinen Gef\u00e4hrten\u2014beizustehen, m\u00fcssen alle wahren Sch\u00fcler der Offenbarung diese Verpflichtung ebenfalls haben, verstehst du?<\/p>\n<p>Sie werden versucht sein, sie mit Dingen zu vermengen, die sie bereits m\u00f6gen oder wertsch\u00e4tzen. Sie werden versuchen, es mit anderen Traditionen und Lehrern, Vorstellungen und Glaubenss\u00e4tzen zu vermengen, die ihnen vielleicht in der Vergangenheit gedient haben. Aber sobald sie dies tun, wird die Reinheit und Einheitlichkeit der Offenbarung beeintr\u00e4chtigt.<\/p>\n<p>Etwas Reines, das vom Himmel in die Welt und in das Land und in die Realit\u00e4t der Getrennten gegeben wird, ist offensichtlich eine gef\u00e4hrliche und riskante Aufgabe. Wir tun jetzt alles, was Wir k\u00f6nnen, um sicherzustellen, dass die urspr\u00fcngliche Offenbarung bewahrt wird. In der Vergangenheit wurden viele Fehler gemacht, was die Art und Weise betraf, wie die [vergangenen] Lehren empfangen und erlernt werden sollten und wer sie im Laufe der Zeit leiten und f\u00fchren sollte. Und Wir tun Unser M\u00f6glichstes, um die gro\u00dfen Fehler, die in dieser Hinsicht gemacht wurden, zu vermeiden.<\/p>\n<p>Sogar die fr\u00fcheren Boten erkannten die Wichtigkeit ihrer Mission nicht ganz, w\u00e4hrend sie hier auf der Erde waren, deshalb wurden gewisse Vorsichtsma\u00dfnahmen nicht getroffen. Das ist verst\u00e4ndlich. Nachdem sie zu dem Engelsrat, von dem sie gekommen waren, zur\u00fcckgekehrt waren, konnten sie das Gesamtbild sehr klar erkennen. Aber w\u00e4hrend die gro\u00dfen Boten in der Welt sind, sind sie f\u00fcr eine Zeit Menschen\u2014begrenzt durch menschliche Wahrnehmung und Verst\u00e4ndnis und die Umst\u00e4nde ihres damaligen Lebens.<\/p>\n<p>Die Begrenzungen der Wahrnehmung betreffen hier jeden, von den Weisesten bis zu den T\u00f6richtesten. Denn du kannst nicht sehen, was der Himmel sieht. Du kannst nicht vollst\u00e4ndig wissen, was der Himmel wei\u00df. Aber deine wesentliche Rolle zu erf\u00fcllen ist das Wichtigste, wichtiger als alle deine Fragen beantwortet zu bekommen, wichtiger als zu versuchen, jede Facette des Lebens zu verstehen, denn in aller Aufrichtigkeit ist das nicht m\u00f6glich.<\/p>\n<p>Jeder, der die Offenbarung empf\u00e4ngt, muss sie also in ihrer reinen Form nach bestem Wissen und Gewissen bewahren und immer wieder auf die Offenbarung zur\u00fcckkommen, wie sie gegeben wurde. Denn sie wird jetzt in den klarsten Begriffen gegeben, mit vielen Wiederholungen und Klarstellungen, wodurch der Bedarf an menschlichen Kommentaren, der vorher ein gro\u00dfes Problem darstellte, auf ein Minimum reduziert wird.<\/p>\n<p>Bestimmte Teile der Offenbarung werden f\u00fcr Menschen aufgrund ihrer fr\u00fcheren Assoziationen und ihres begrenzten Weltbildes schwer zu verstehen sein. Aber daran m\u00fcssen sie arbeiten. Das ist ihr Job. Das ist ihre Aufgabe. Gott gibt der Welt jetzt keine Babynahrung. [Gott] gibt ihr jetzt die wirkliche Nahrung, die sie braucht, was ein gr\u00f6\u00dferes Verst\u00e4ndnis und eine gr\u00f6\u00dfere Bereitschaft, eine gr\u00f6\u00dfere Offenheit und Toleranz unter den Menschen, den Nationen und den Religionen der Welt erfordert.<\/p>\n<p>Viele Dinge m\u00fcssen ver\u00e4ndert und in eurem Verst\u00e4ndnis umgestaltet werden, damit ihr auf dieser n\u00e4chsten gro\u00dfen Stufe der menschlichen Entwicklung und der menschlichen Herausforderung voranschreiten k\u00f6nnt.<\/p>\n<p>Alle, die die Offenbarung empfangen, werden also ermutigt, sie in Demut und Ehrlichkeit zu empfangen, sie anzunehmen und ihr zu folgen\u2014zu akzeptieren, dass sie nicht alles verstehen k\u00f6nnen, zu akzeptieren, dass sie als Sch\u00fcler nicht perfekt sein werden. Aber Perfektion ist hier nicht das, was erwartet oder gefordert wird. Es ist Treue. Es ist Best\u00e4ndigkeit. Es ist Einsatzbereitschaft.<\/p>\n<p>Du wirst als Sch\u00fcler straucheln. Du wirst Schwierigkeiten haben, gewisse Dinge zu verstehen. Du wirst lernen m\u00fcssen, die Offenbarung in bestimmten Situationen selbstst\u00e4ndig anzuwenden oder den Rat derer zu suchen, die zu ihren reineren H\u00fctern geh\u00f6ren.<\/p>\n<p>Hier k\u00f6nnt ihr euch nicht als Meister oder Experte betrachten, denn ihr wurdet nicht hierher gesandt, um dies zu sein oder jenes zu tun, sondern um euren wesentlichen Teil zu erf\u00fcllen\u2014was nicht glorreich sein wird, was keinen gro\u00dfen Ruhm und keine Anerkennung verlangen wird. In Ehrlichkeit und Einfachheit k\u00f6nnt ihr euch n\u00e4hern. Wenn ihr Lob und Anerkennung wollt und erwartet, werdet ihr nicht wissen, wie ihr vorgehen sollt. Und ihr werdet die Offenbarung und diejenigen, die sie empfangen sollen, in Gefahr bringen.<\/p>\n<p>Mit dieser Macht, die dir die Offenbarung verleiht, muss es also gro\u00dfe Verantwortung und gro\u00dfe Zur\u00fcckhaltung geben. Das sind immer die Voraussetzungen, um wahre Macht und F\u00e4higkeit zu empfangen.<\/p>\n<p>Je st\u00e4rker du wirst, desto mehr musst du diese schwachen Tendenzen in dir selbst zur\u00fcckhalten und die Weisheit erlangen, deine St\u00e4rke auf positive und konstruktive Weise weiterzuf\u00fchren.<\/p>\n<p>Denn du bist nicht nur der Empf\u00e4nger der Offenbarung, sondern du wirst auch zu ihrem H\u00fcter, und diese Verantwortung wird dir ebenfalls \u00fcbertragen.<\/p>\n<p>Ver\u00e4ndere die Offenbarung, und sie wird f\u00fcr dich au\u00dfer Fokus geraten. Ver\u00e4ndere die Worte und ihre Macht wird schwinden. Vermische sie mit anderen Lehrern oder Lehren und du wirst ihre Authentizit\u00e4t und Potenz aus den Augen verlieren. Lasse Teile davon weg und du wirst nicht das ganze Bild deines eigenen Lebens sehen. K\u00e4mpfe dagegen an, lehne sie ab, verleugne sie und du wirst dich von denen abwenden, die sie gesandt haben, um dich zu segnen, dich zu f\u00fchren und dir eine gr\u00f6\u00dfere Verhei\u00dfung zu geben.<\/p>\n<p>Die Obhut ist hier sehr wichtig. Die Neue Botschaft ist sehr offen. Sie erlaubt viel menschliche Reaktion. Sie ist nicht voller Verdammnis. Sie gibt den Menschen ungeheure Macht, aber sie erfordert auch ungeheure Verantwortung.<\/p>\n<p>Die Gabe der Offenbarung f\u00fcr den Menschen wurde in den fr\u00fcheren Offenbarungen, mit einigen Ausnahmen, weitgehend unterdr\u00fcckt oder weggelassen. Aber das darf jetzt nicht passieren. Sie darf nicht unter der totalen Kontrolle von religi\u00f6sen Autorit\u00e4ten oder Regierungen stehen, denn zu diesem Zweck wurde sie nicht gegeben.<\/p>\n<p>Ihre Reinheit muss aber trotzdem bewahrt werden. Sie darf nicht mit anderen Dingen vermengt werden. Du musst das, was du vorher gelernt hast, loslassen, wenn du hier ein wahrer Lernender sein willst. Du musst dich der Offenbarung, Gott und dem Engelsrat hingeben, der sie dir in Worten dargebracht hat, die du verstehen kannst. Du darfst sie nicht als Ressource benutzen oder versuchen, damit Liebe, Reichtum oder Macht zu erlangen, denn du wirst sie nicht verstehen, und du wirst nicht die wahre Macht erhalten, die sie dir anbietet.<\/p>\n<p>W\u00e4hrend bestimmte Menschen zu den H\u00fctern der Offenbarung ernannt wurden, sowohl jetzt als auch in der Zukunft, werden alle, die sie empfangen k\u00f6nnen, gebeten, diese Verantwortung zu \u00fcbernehmen. Der Himmel wird dar\u00fcber wachen, wer dies tun kann und wer nicht. Der Himmel wird dar\u00fcber wachen, wer die wahren Empf\u00e4nger und F\u00fcrsprecher von Gottes Neuer Offenbarung f\u00fcr die Welt sein werden.<\/p>\n<p>Wenn du in dieser Hinsicht ein H\u00fcter sein willst, musst du dich immer auf diejenigen beziehen, die gesandt wurden, um die Gef\u00e4hrten des Boten zu sein. Und du darfst den Boten nicht aus dem Blickfeld lassen, denn wer er ist und woher er gekommen ist, ist Teil der Offenbarung.<\/p>\n<p>Ein gro\u00dfer Teil der Lehre dreht sich um ihn und um den Prozess der Offenbarung, damit du verstehst, wie Gott in der Welt wirkt und wie Gott hier schon fr\u00fcher gewirkt hat, wof\u00fcr es keinerlei Aufzeichnungen und sehr wenig Verst\u00e4ndnis f\u00fcr die Zeiten mehr gibt, in denen die wahren Boten in der Vergangenheit in die Welt kamen.<\/p>\n<p>Aber jetzt kannst du zum ersten Mal verstehen, wie Gott auf diese Weise wirkt\u2014nicht, um nur einen Einzelnen oder eine Gruppe hier und da zu segnen, sondern um die ganze Welt in eine andere \u00c4ra ihres Lebens in der Welt zu f\u00fchren. Denn die Neue Offenbarung f\u00fcr die Welt ist nichts Geringeres als dies: eine Botschaft, um die ganze Menschheit zu f\u00fchren.<\/p>\n<p>Aber nat\u00fcrlich werden die Menschen sie benutzen, um zu versuchen, sich selbst zu f\u00fchren, weil sie immer noch in Trennung leben. Sie glauben immer noch, dass sie sich selbst erf\u00fcllen k\u00f6nnen, indem sie jeden und alles als eine Ressource f\u00fcr ihre eigenen Zwecke benutzen. Aber der wahre H\u00fcter versteht, dass dies falsch ist und immer scheitern wird. Es ist immer destruktiv und manipulativ und niemals ehrlich.<\/p>\n<p>Gottes gro\u00dfes Geschenk an dich gibt dir die seltene und einzigartige Gelegenheit, den wahren Mantel der Autorit\u00e4t in deinem eigenen Leben zu beanspruchen. Aber diese Autorit\u00e4t ist Teil einer Gr\u00f6\u00dferen Autorit\u00e4t, die jenseits der Welt ist. Aber sie muss von Weisheit und Zur\u00fcckhaltung geleitet werden, und daf\u00fcr bietet Gottes Neue Offenbarung eine Menge an Anleitung, Rat und Unterweisung.<\/p>\n<p>Ihr m\u00fcsst die Botschaft und den Boten sch\u00fctzen, und \u00fcber das Leben des Boten hinaus die Erinnerung an den Boten. Er ist unvollkommen. Ihr d\u00fcrft ihn nicht zu einem G\u00f6tzen machen. Denn alle Boten waren unvollkommen, obwohl die Menschen sie zu G\u00f6tzen der Anbetung gemacht haben.<\/p>\n<p>Wenn dies m\u00f6glich ist, gibt es neue Hoffnung f\u00fcr die Menschheit. Denn dies ist Gottes Geschenk an die Menschheit. Dennoch versagt die Menschheit mit jedem Tag, der vergeht. Sie ist unvorbereitet auf den gro\u00dfen Wandel, der auf die Welt zukommt. Sie ist unwissend und unvorbereitet gegen\u00fcber den Einfl\u00fcssen aus dem Universum um sie herum, die die menschliche Familie in dieser Zeit auf zerst\u00f6rerische Weise beeinflusst. Sie setzt ihren r\u00fccksichtslosen Kurs der individuellen Erf\u00fcllung und der nationalen Macht fort, und beraubt die Welt in einem noch nie dagewesenen Tempo ihrer lebenswichtigen Ressourcen, was in der Zukunft nur zum Ruin f\u00fchren kann, wenn solche Aktionen weitergehen.<\/p>\n<p>Denkt nicht, dass die Neue Botschaft nur f\u00fcr euer eigenes Gl\u00fcck, euren Frieden oder eure Vorstellungen von Erleuchtung da ist. Sie ist hier, um euch in den Dienst der Welt zu stellen, um den Zusammenbruch der menschlichen Zivilisation zu verhindern, und um euch auf die Zukunft der Menschheit in einem Universum voller intelligentem Leben vorzubereiten\u2014einem nicht-menschlichen Universum, in dem Freiheit selten ist.<\/p>\n<p>Hier gibt es keine pers\u00f6nliche Erhabenheit. Hier gibt es keine Ber\u00fchmtheit. Hier gibt es keine Meisterschaft. Nur der reine Dienst, zu dem du hierher gesandt wurdest, ist das Einzige, was dein Leben erf\u00fcllen und ihm Sinn und Zweck geben kann, das Einzige, was dich von den Fehlern deiner Vergangenheit befreien kann, das Einzige, was dich mit denen, die dich gesandt haben, auf deiner gr\u00f6\u00dferen Reise hierher vereinen kann.<\/p>\n<p>Wir sind die H\u00fcter der menschlichen Freiheit und der Erl\u00f6sung. Ihr m\u00fcsst jetzt die H\u00fcter der Offenbarung werden, die Gott in die Welt gesandt hat.<\/p>\n<p>Auch wenn ihr eine andere Religion praktiziert, auch wenn ihr dieser treu seid, haltet Gottes Neue Offenbarung in Reinheit. Versucht nicht, sie mit anderen Dingen zu vermengen. Auf diese Weise kann sie eurer Tradition dienen. Auf diese Weise kann sie allem um euch herum dienen.<\/p>\n<p>Dies ist der n\u00e4chste Schritt f\u00fcr die Menschheit. Dies ist die gro\u00dfe Verbesserung, die dem menschlichen Bewusstsein und der Verantwortung gegeben werden muss. Das ist der gro\u00dfe Schutz, den die Menschheit jetzt in der Welt aufbauen muss, um ihre Zukunft hier und ihr Wohlergehen und ihre Freiheit und Souver\u00e4nit\u00e4t zu sichern, dar\u00fcber, wer diese Welt regieren wird, und was f\u00fcr eine Welt sie sein wird, f\u00fcr euch und f\u00fcr eure Kinder und f\u00fcr die kommenden Generationen.<\/p>\n<p>Es ist so sehr wichtig, dass die Menschen in einem Jahrhundert die Offenbarung in ihrer reinen Form lesen k\u00f6nnen. Wir tun alles, was Wir k\u00f6nnen, um dies zu gew\u00e4hrleisten. Es ist so wichtig, dass in f\u00fcnf Jahrhunderten die Menschen die Offenbarung in ihrer reinen Form lesen k\u00f6nnen.<\/p>\n<p>Es wird an den H\u00fctern auf der Erde liegen, dies zu erm\u00f6glichen. Selbst in Zeiten gro\u00dfer N\u00f6te und ersch\u00fctternder Ver\u00e4nderungen muss die Reinheit der Offenbarung erhalten bleiben. Denn sie ist ein Geschenk nicht nur f\u00fcr diese Zeiten, sondern auch f\u00fcr kommende Zeiten, sogar f\u00fcr die Zeiten jenseits eures Lebens\u2014die Wirklichkeit, der eure Kinder sich stellen m\u00fcssen und auch deren Kinder und so weiter.<\/p>\n<p>Denn wenn Gott zu der Welt spricht, gilt das nicht nur f\u00fcr diese Zeit, sondern auch f\u00fcr die kommenden Zeiten\u2014die Zeiten, die ihr sp\u00fcren und sehen k\u00f6nnt und die Zeiten, die jenseits der Reichweite eurer Sicht und eures Verst\u00e4ndnisses liegen. So gro\u00df ist die Offenbarung. Und deshalb muss ihre Reinheit bewahrt werden, damit sie jenen dienen kann, die noch kommen werden und die Welt segnen kann, die eure Augen noch nicht sehen k\u00f6nnen.<\/p>\n","protected":false},"excerpt":{"rendered":"<p>Der Welt wird jetzt eine gro\u00dfe Offenbarung zuteil, die gr\u00f6\u00dfer und umfassender ist als alles, was jemals zuvor hier dargebracht wurde\u2014gegeben jetzt einer gebildeten Welt, einer Welt des globalen Handels und der Kommunikation, gegeben jetzt einer Welt, die vor den Gro\u00dfen Wellen des Umweltwandels und den damit verbundenen Verwerfungen steht, einer gro\u00dfen Schwelle, auf die die Menschheit unvorbereitet ist und auf die sie nicht reagiert.<\/p>\n<p>Es ist eine kostbare Sache, eine gro\u00dfe Offenbarung von Gott, die vielleicht nur einmal in einem Jahrtausend in einer Zeit gro\u00dfer Not, Wandel und Gelegenheit gegeben wird.<\/p>\n<p>Aber die Welt ist ein korrupter Ort. Sie ist die Welt der Getrennten, die ihre Verbindung zu Gott, vor\u00fcbergehend verloren haben. Alles Reine, das hierher gebracht wird, kann leicht abgewandelt, ver\u00e4ndert, missverstanden und falsch angewandt werden, wie es bei all den gro\u00dfen fr\u00fcheren Offenbarungen der Fall war, die im Laufe der Zeit gegeben wurden.<\/p>\n<p>Wir h\u00fcten die urspr\u00fcngliche Offenbarung und ihre Bedeutung, aber was mit ihr hier auf der Erde geschieht, entzieht sich Unserer Kontrolle. Die Korruption, die stattfinden kann, ist erheblich und kann den Sinn und den Zweck der Offenbarung von ihrer urspr\u00fcnglichen Absicht entfernen.<\/p>\n<p>Deshalb muss es diejenigen geben, die sie beh\u00fcten und ihre Reinheit bewahren k\u00f6nnen. Denn es wird Menschen geben, die versuchen werden, sie zu ver\u00e4ndern und sie mit anderen Dingen zu vereinen, ihren Wortlaut und ihre Bedeutung so zu ver\u00e4ndern, dass sie zu ihren Vorlieben und ihren fr\u00fcheren Vorstellungen passt, ver\u00e4ndert, damit sie zu anderen Lehren und fr\u00fcheren Offenbarungen passt. Denn es ist sehr schwer f\u00fcr die Menschen zu akzeptieren, dass Gott erneut gesprochen hat und Gottes Offenbarungen sind nicht an die Vergangenheit oder an fr\u00fchere menschliche Erwartungen oder Annahmen gebunden.<\/p>\n<p>Deshalb muss es diejenigen geben, die die reine Offenbarung beh\u00fcten. Auch wenn sie jetzt in reiner Form gegeben und genau aufgezeichnet wurde, kann sie immer noch ver\u00e4ndert und manipuliert werden. Leider wird es Menschen geben, die dies f\u00fcr ihre eigenen Zwecke versuchen werden.<\/p>\n","protected":false},"author":62,"featured_media":0,"parent":29495,"menu_order":0,"comment_status":"closed","ping_status":"closed","template":"template-leftsidebar.php","meta":{"_monsterinsights_skip_tracking":false,"_monsterinsights_sitenote_active":false,"_monsterinsights_sitenote_note":"","_monsterinsights_sitenote_category":0,"footnotes":""},"categories":[76,1381,467],"tags":[1326,1408,1409],"_links":{"self":[{"href":"https:\/\/www.v6.newmessage.org\/de\/wp-json\/wp\/v2\/pages\/29524"}],"collection":[{"href":"https:\/\/www.v6.newmessage.org\/de\/wp-json\/wp\/v2\/pages"}],"about":[{"href":"https:\/\/www.v6.newmessage.org\/de\/wp-json\/wp\/v2\/types\/page"}],"author":[{"embeddable":true,"href":"https:\/\/www.v6.newmessage.org\/de\/wp-json\/wp\/v2\/users\/62"}],"replies":[{"embeddable":true,"href":"https:\/\/www.v6.newmessage.org\/de\/wp-json\/wp\/v2\/comments?post=29524"}],"version-history":[{"count":2,"href":"https:\/\/www.v6.newmessage.org\/de\/wp-json\/wp\/v2\/pages\/29524\/revisions"}],"predecessor-version":[{"id":29544,"href":"https:\/\/www.v6.newmessage.org\/de\/wp-json\/wp\/v2\/pages\/29524\/revisions\/29544"}],"up":[{"embeddable":true,"href":"https:\/\/www.v6.newmessage.org\/de\/wp-json\/wp\/v2\/pages\/29495"}],"wp:attachment":[{"href":"https:\/\/www.v6.newmessage.org\/de\/wp-json\/wp\/v2\/media?parent=29524"}],"wp:term":[{"taxonomy":"category","embeddable":true,"href":"https:\/\/www.v6.newmessage.org\/de\/wp-json\/wp\/v2\/categories?post=29524"},{"taxonomy":"post_tag","embeddable":true,"href":"https:\/\/www.v6.newmessage.org\/de\/wp-json\/wp\/v2\/tags?post=29524"}],"curies":[{"name":"wp","href":"https:\/\/api.w.org\/{rel}","templated":true}]}}