{"id":29495,"date":"2021-10-25T05:52:43","date_gmt":"2021-10-25T05:52:43","guid":{"rendered":"https:\/\/www.newmessage.org\/de\/?page_id=29495"},"modified":"2021-11-19T07:34:31","modified_gmt":"2021-11-19T07:34:31","slug":"die-weltweite-gemeinschaft-der-neuen-botschaft","status":"publish","type":"page","link":"https:\/\/www.v6.newmessage.org\/de\/die-botschaft\/band-2\/die-weltweite-gemeinschaft-der-neuen-botschaft\/","title":{"rendered":"Die Weltweite Gemeinschaft der Neuen Botschaft"},"content":{"rendered":"<p><img decoding=\"async\" class=\"alignright size-large wp-image-50476 imgborder\" src=\"https:\/\/www.newmessage.org\/wp-content\/uploads\/2020\/09\/WWC_cover_v.7.05-400x600.jpg\" alt=\"\" \/><\/p>\n<p>Die Weltweite Gemeinschaft der Neuen Offenbarung von Gott ist ein Buch der Offenbarung vom Sch\u00f6pfer allen Lebens, das denjenigen gegeben wurde, die dazu berufen sind, diese Botschaft zu empfangen, ihre Lehre zu lernen und zu leben, ihrem Weg der Vorbereitung zu folgen und an diesem gro\u00dfen Ereignis der Geschichte teilzunehmen: dem Erscheinen einer Neuen Offenbarung von Gott in der Welt.<\/p>\n<p>Wir leben in einer Zeit des beispiellosen <a href=\"https:\/\/www.greatwavesofchange.org\/\">Wandels<\/a>, einer Zeit, in der gro\u00dfe Wellen des \u00f6kologischen, wirtschaftlichen und politischen Wandels \u00fcber die Welt hereinbrechen und eine Zeit, in der der <a href=\"https:\/\/www.neuebotschaft.org\/die-botschaft\/band-4\/leben-im-universum\/\">Kontakt<\/a> mit intelligentem Leben im Universum heimlich stattfindet, mit schwerwiegenden Folgen f\u00fcr die Menschheit. Diese evolution\u00e4ren Herausforderungen erfordern neue Weisheit und neue Offenbarungen aus einer G\u00f6ttlichen Quelle und deshalb ist die Neue Botschaft von Gott gekommen.<\/p>\n<p>Durch die Neue Botschaft ruft Gott M\u00e4nner und Frauen mit Gewissen dazu auf, sich den Herausforderungen unserer Zeit zu stellen, Sch\u00fcler der <a href=\"https:\/\/www.neuebotschaft.org\/die-botschaft\/band-2\/spiritualitat-der-groseren-gemeinschaft\/was-ist-kenntnis\/\">Kenntnis<\/a>, dem spirituellen Verstand in jedem Menschen, zu werden und sich zu einer <a href=\"https:\/\/www.neuebotschaft.org\/weltweite-gemeinschaft\/#aboutthewwc\">Weltweiten Gemeinschaft<\/a> von Menschen zusammenzuschlie\u00dfen, die daran arbeiten, der Menschheit einen gr\u00f6\u00dferen Geist, eine gr\u00f6\u00dfere Inspiration und einen gr\u00f6\u00dferen Beitrag zu bringen. Es ist wichtig, dass diese Weltweite Gemeinschaft von Menschen sich jetzt versammelt und stark und konzentriert wird, damit die Mission des Sch\u00f6pfers vorankommt: unsere Welt zu sch\u00fctzen, den Geist der Kenntnis am Leben zu erhalten und die Menschheit auf ein neues Leben in einer <a href=\"https:\/\/www.neuebotschaft.org\/die-botschaft\/band-2\/spiritualitat-der-groseren-gemeinschaft\/was-ist-die-grosere-gemeinschaft\/\">Gr\u00f6\u00dferen Gemeinschaft<\/a> von Welten im Universum vorzubereiten. Aus diesem Grund wird dieses Buch jetzt vorgelegt.<\/p>\n<p>Dieses Buch enth\u00e4lt einzelne Offenbarungen des Sch\u00f6pfers, die zusammen die Schl\u00fcssel zur Teilnahme an dieser Gemeinschaft darstellen. Diese vom <a href=\"https:\/\/www.neuebotschaft.org\/der-bote\/wer-ist-marshall-vian-summers\/\">Boten<\/a> zusammengestellten Offenbarungen wurden im Haus der Neuen Botschaft in Boulder, Colorado, und w\u00e4hrend der Reisen des Boten in der Welt gegeben. Die ersten dieser Offenbarungen wurden im Jahr 2009 gegeben, einem wichtigen Jahr in der Geschichte der Neuen Botschaft und einer Zeit der gro\u00dfen Berufung durch eine h\u00f6here Macht an diejenigen, die erreicht werden m\u00fcssen und die dazu bestimmt sind, an der Neuen Botschaft und ihrer Mission teilzunehmen.<\/p>\n<p>Die Teilnahme an der Weltweiten Gemeinschaft konzentriert sich auf das Studium, den Dienst, die F\u00fcrsprache und die Unterst\u00fctzung der Botschaft und des Boten. Dies sind die gemeinsamen Aktivit\u00e4ten, die, wenn sie in die richtige Richtung gelenkt werden, tiefgreifende und lebensspendende Ergebnisse in unserer Welt hervorbringen werden, die im Laufe der Zeit durch unsere Erfahrung als M\u00e4nner und Frauen von Kenntnis entstehen werden. Im Mittelpunkt dieser Aktivit\u00e4ten steht jedoch die Realit\u00e4t der Beziehung &#8211; die Beziehung mit Kenntnis, mit dem <a href=\"https:\/\/www.neuebotschaft.org\/die-botschaft\/band-1\/gott-hat-erneut-gesprochen\/der-rat\/\">Engelsrat<\/a>, mit dem Boten, mit <a href=\"https:\/\/www.neuebotschaft.org\/weltweite-gemeinschaft\/gesellschaft\/#whatissociety\">der Society<\/a>\u2014der vom Boten gegr\u00fcndeten Kerngemeinschaft\u2014und mit anderen, die dazu berufen wurden, daran teilzunehmen. Ohne Beziehungen kann es keinen wirklichen Fortschritt geben. Deshalb sind es unsere gemeinsame Arbeit, unsere gemeinsame Richtung und die Beziehungen, die uns verbinden, die die Realit\u00e4t dieser Gemeinschaft bewirken und sie bef\u00e4higen, etwas wirklich Neues und M\u00e4chtiges in die Welt zu bringen.<\/p>\n<p>&nbsp;<\/p>\n<p style=\"text-align: left;\"><div class=\"toggle toggle-white\"><h4 class=\"trigger \"><span class=\"t_ico\"><\/span><a href=\"#\">More about the volumes of the New Message from God<\/a><\/h4><div class=\"toggle_container \"><br \/>\n<div data-post-id='24520' class='insert-page insert-page-24520 '><p>Die Neue Botschaft von Gott wird letzten Endes in sechs einzelnen B\u00e4nden enthalten sein. Jeder Band enth\u00e4lt zwei oder mehr B\u00fccher und jedes Buch ist in Kapitel aufgeteilt.<\/p>\n<p>Daher k\u00f6nnte der zuk\u00fcnftige Aufbau der Neuen Botschaft von Gott folgenderma\u00dfen zum Ausdruck kommen:<\/p>\n<div id=\"attachment_24097\" style=\"width: 227px\" class=\"wp-caption alignright\"><a href=\"https:\/\/www.newmessage.org\/wp-content\/uploads\/2015\/08\/Volumes-Books-InfoGraphic.001.jpg\"><img loading=\"lazy\" decoding=\"async\" aria-describedby=\"caption-attachment-24097\" class=\"imgborder \" src=\"https:\/\/www.newmessage.org\/wp-content\/uploads\/2015\/08\/Volumes-Books-InfoGraphic.001.jpg\" alt=\"The New Message One Book\" width=\"217\" height=\"234\" \/><\/a><p id=\"caption-attachment-24097\" class=\"wp-caption-text\">Das Eine Buch der Neuen Botschaft<\/p>\n<p>Die NEUE BOTSCHAFT VON GOTT enth\u00e4lt<br \/>\n\t6 B\u00c4NDE<br \/>\nwelche insgesamt enthalten:<br \/>\n          25+ B\u00dcCHER<br \/>\nJedes Buch ist in KAPITEL unterteilt<br \/>\nJedes Kapitel ist in VERSE unterteilt<\/p>\n<p><\/p><\/div>\n<p><strong>Band &gt; Buch &gt; Kapitel &gt; Vers<br \/>\n<\/strong><\/p>\n<p>Die Neue Botschaft von Gott enth\u00e4lt den gr\u00f6\u00dften Gesamtumfang einer Offenbarung, die jemals der Welt gegeben worden ist. Sie spricht nahezu jeden Aspekt unseres Lebens an und stellt dabei neue Realit\u00e4ten vor, die niemals vorher aufgedeckt worden sind. Die Society (\u201eThe Society for the New Message from God\u201c \u2013 \u201eDie Gesellschaft f\u00fcr die Neue Botschaft von Gott\u201c) bem\u00fcht sich, so viele B\u00fccher der Neuen Botschaft und gesprochene Offenbarungen wie m\u00f6glich f\u00fcr die Welt verf\u00fcgbar und zug\u00e4nglich zu machen.<\/p>\n<p>Gegenw\u00e4rtig ist die Society in der Lage, eine gro\u00dfe Anzahl von Originalaufzeichnungen der Stimme der Offenbarung anzubieten. Hier werdet ihr aufgefordert, die Macht und das Mysterium der \u201cStimme\u201d zu erfahren, wie sie urspr\u00fcnglich durch den Boten im Zustand der Offenbarung gesprochen hat. Niemals vorher war es m\u00f6glich, die originale Stimme der Offenbarung zu h\u00f6ren. <\/p>\n<p>Die Zusammenstellung der Neuen Botschaft ist ein laufendes Unterfangen, das \u00fcber einen ausgedehnten Zeitraum verwirklicht wird. Zus\u00e4tzlich wird die Offenbarung bis zum heutigen Tag fortgesetzt, wobei jedes Jahr neue Lehren verk\u00fcndet werden. Infolgedessen wird sich die Auswahl der Lehren in jedem Buch wahrscheinlich \u00e4ndern k\u00f6nnen. Damit k\u00f6nnte sich auch der Titel der B\u00fccher \u00e4ndern, um das Wachstum jedes Buches zu reflektieren. Ihr lebt in einer Zeit der Offenbarung und seid Zeuge, wie sich der Prozess der Offenbarung vor euch entfaltet.<\/p>\n<p><strong>B\u00fccher Online<\/strong><br \/>\nDie Society bem\u00fcht sich, die Neue Botschaft der Welt kostenlos online zur Verf\u00fcgung zu stellen. Gegenw\u00e4rtig ist eine Anzahl von B\u00fcchern der Neuen Botschaft kostenlos unter www.newmessage.org verf\u00fcgbar (deutsche \u00dcbersetzungen unter www.NeueBotschaft.org). Erforsche die <a href=\"https:\/\/www.newmessage.org\/the-message\">library of free online books<\/a> (Bibliothek der kostenlosen online-B\u00fccher).<\/p>\n<p><strong>Print-B\u00fccher<\/strong><br \/>\nDie Society bietet gegenw\u00e4rtig einige der B\u00fccher der Neuen Botschaft in gedruckter Form an. Jedoch ist die Society aufgrund des immensen Umfangs der Neuen Botschaft derzeit noch nicht in der Lage, die gesamten sechs B\u00e4nde der Neuen Botschaft in gedruckter Form zu ver\u00f6ffentlichen. Um eine gedruckte Ausgabe der gegenw\u00e4rtig verf\u00fcgbaren B\u00fccher zu erwerben, besuche bitte den <a href=\"http:\/\/newknowledgelibrary.org\/\">New Knowledge Library Store<\/a>.<\/p>\n<p><strong>CD und mp3 Audio<\/strong><br \/>\nBestimmte Offenbarungen, die sich auf das Studium der Neuen Botschaft beziehen, sind als k\u00e4ufliche CDs oder mp3s erh\u00e4ltlich. Aufgrund der finanziellen M\u00f6glichkeiten, die gesamte Welt mit der Neuen Botschaft zu erreichen, bietet die <a href=\"http:\/\/www.neuebotschaft.org\/weltweite-gemeinschaft\/gesellschaft\">Society<\/a>\u00a0bestimmte Lehren zu bescheidenen Kosten im\u00a0<a href=\"http:\/\/newknowledgelibrary.org\/\">New Knowledge Library Store<\/a> zum Kauf an.<\/p>\n<p><strong>Das Free Book Project<\/strong><br \/>\nBei gr\u00f6\u00dferer finanzieller Unterst\u00fctzung wird die Society in der Lage sein, weitere dieser Weisheitslehren kostenlos online verf\u00fcgbar zu machen. Zus\u00e4tzlich bietet die Society in das <a href=\"https:\/\/www.newmessage.org\/the-message\/free-book-project\">Free Book Project<\/a> kostenlose pers\u00f6nliche Exemplare der gegenw\u00e4rtig verf\u00fcgbaren B\u00fccher, eBooks und mp3s der Offenbarungen der Neuen Botschaft jenen Personen an, die nicht die Mittel haben, sie zu erwerben. Wir fordern Sie zu einer <a href=\"http:\/\/www.neuebotschaft.org\/weltweite-gemeinschaft\/gesellschaft\/unterstutzen-sie-die-neue-botschaft\">Schenkung<\/a> auf, um das Free Book Project zu unterst\u00fctzen, so dass mehr und mehr Bed\u00fcrftige Zugang zur Neuen Botschaft von Gott haben k\u00f6nnen.<\/p>\n<p><strong>Zuk\u00fcnftige Ver\u00f6ffentlichungen<\/strong><br \/>\nDie Society wird weiterhin ihre Vision verfolgen, die gesamte Neue Botschaft von Gott zu ver\u00f6ffentlichen, sowohl in ihren B\u00fcchern und B\u00e4nden als auch vielleicht eines Tages als ein einziges Buch, einfach genannt: \u201cDie Neue Botschaft von Gott.\u201d Dies ist ein enormes Unterfangen, wozu die Society Ihren Beitrag und Ihre Beteiligung ben\u00f6tigt. Bitte erw\u00e4gen Sie, <a href=\"http:\/\/www.neuebotschaft.org\/weltweite-gemeinschaft\/gesellschaft\/unterstutzen-sie-die-neue-botschaft\">eine Schenkung<\/a> vorzunehmen oder <a href=\"http:\/\/www.neuebotschaft.org\/weltweite-gemeinschaft\/gesellschaft\/unterstutzen-sie-die-neue-botschaft\">eine S\u00e4ule der Neuen Botschaft<\/a> zu werden, um diese heilige Sache zu unterst\u00fctzen. Wir danken Ihnen f\u00fcr Ihre Unterst\u00fctzung.<\/p>\n<\/div><br \/>\n<\/div><\/div>\n<div class=\"background-color-bridesmaid padding-20\">\n<h2 style=\"text-align: left;\"><span style=\"color: #525252;\">Inhaltsverzeichnis<\/span><\/h2>\n<p><a href=\"https:\/\/www.neuebotschaft.org\/die-botschaft\/band-2\/die-weltweite-gemeinschaft-der-neuen-botschaft\/introduction\/\">Introduction<\/a><\/p>\n<p>Kapitel 1: <a href=\"https:\/\/www.newmessage.org\/de\/die-botschaft\/band-2\/die-weltweite-gemeinschaft-der-neuen-botschaft\/annaherung-an-die-neue-botschaft\/\">Ann\u00e4herung an die Neue Botschaft<\/a><\/p>\n<p>Kapitel 2: <a href=\"https:\/\/www.newmessage.org\/de\/die-botschaft\/band-2\/die-weltweite-gemeinschaft-der-neuen-botschaft\/die-botschaft-und-den-boten-erkennen\/\">Die Botschaft und den Boten erkennen<\/a><\/p>\n<p>Kapitel 3: <a href=\"https:\/\/www.neuebotschaft.org\/die-botschaft\/band-2\/die-weltweite-gemeinschaft-der-neuen-botschaft\/eine-person-der-neuen-botschaft-sein\/\">Eine Person der Neuen Botschaft sein<\/a><\/p>\n<p>Kapitel 4: <a href=\"https:\/\/www.neuebotschaft.org\/die-botschaft\/band-2\/die-weltweite-gemeinschaft-der-neuen-botschaft\/ein-schuler-der-neuen-botschaft-sein\/\">Ein Sch\u00fcler der Neuen Botschaft sein<\/a><\/p>\n<p>Kapitel 5: <a href=\"https:\/\/www.neuebotschaft.org\/die-botschaft\/band-2\/die-weltweite-gemeinschaft-der-neuen-botschaft\/wie-man-den-boten-betrachtet\/\">Wie man den Boten betrachtet<\/a><\/p>\n<p>Kapitel 6: <a href=\"https:\/\/www.neuebotschaft.org\/die-botschaft\/band-2\/die-weltweite-gemeinschaft-der-neuen-botschaft\/die-weltweite-gemeinschaft-der-neuen-offenbarung-gottes\/\">Die Weltweite Ggemeinschaft der Neuen Offenbarung Gottes<\/a><\/p>\n<p>Kapitel 7: <a href=\"https:\/\/www.neuebotschaft.org\/die-botschaft\/band-2\/die-weltweite-gemeinschaft-der-neuen-botschaft\/die-neue-botschaft-in-die-welt-bringen\/\">Die Neue Botschaft in die Welt bringen<\/a><\/p>\n<p>Kapitel 8: <a href=\"https:\/\/www.neuebotschaft.org\/die-botschaft\/band-2\/die-weltweite-gemeinschaft-der-neuen-botschaft\/gottes-neue-offenbarung-unterstutzen\/\">Gottes Neue Offenbarung unterst\u00fctzen<\/a><\/p>\n<p>Kapitel 9: <a href=\"https:\/\/www.neuebotschaft.org\/die-botschaft\/band-2\/die-weltweite-gemeinschaft-der-neuen-botschaft\/zeuge-der-offenbarung-sein\/\">Zeuge der Offenbarung sein<\/a><\/p>\n<p>Kapitel 10: <a href=\"https:\/\/www.neuebotschaft.org\/die-botschaft\/band-2\/die-weltweite-gemeinschaft-der-neuen-botschaft\/mit-widerstand-und-feindseligkeit-umgehen\/\">Mit Widerstand und Feindseligkeit umgehen<\/a><\/p>\n<p>Kapitel 11: <a href=\"https:\/\/www.neuebotschaft.org\/die-botschaft\/band-2\/die-weltweite-gemeinschaft-der-neuen-botschaft\/die-pilgerfahrt\/\">Die Pilgerfahrt<\/a><\/p>\n<p>Kapitel 12: <a href=\"https:\/\/www.neuebotschaft.org\/die-botschaft\/band-2\/die-weltweite-gemeinschaft-der-neuen-botschaft\/die-botschaft-und-den-boten-schutzen\/\">Die Botschaft und den Boten sch\u00fctzen<\/a><\/p>\n<p>Kapitel 13: <a href=\"https:\/\/www.neuebotschaft.org\/die-botschaft\/band-2\/die-weltweite-gemeinschaft-der-neuen-botschaft\/die-huter\/\">Die H\u00fcter<\/a><\/p>\n<\/div>\n","protected":false},"excerpt":{"rendered":"<p>Die Weltweite Gemeinschaft der Neuen Offenbarung von Gott ist ein Buch der Offenbarung vom Sch\u00f6pfer allen Lebens, das denjenigen gegeben wurde, die dazu berufen sind, diese Botschaft zu empfangen, ihre Lehre zu lernen und zu leben, ihrem Weg der Vorbereitung zu folgen und an diesem gro\u00dfen Ereignis der Geschichte teilzunehmen: dem Erscheinen einer Neuen Offenbarung\u2026 <a class=\"read-more\" href=\"https:\/\/www.v6.newmessage.org\/de\/more-about-the-volumes\/\"><span>Read More<\/span><\/a><\/p>\n","protected":false},"author":62,"featured_media":0,"parent":16312,"menu_order":0,"comment_status":"closed","ping_status":"closed","template":"template-leftsidebar.php","meta":{"_monsterinsights_skip_tracking":false,"_monsterinsights_sitenote_active":false,"_monsterinsights_sitenote_note":"","_monsterinsights_sitenote_category":0,"footnotes":""},"categories":[1381,467],"tags":[1382,1383],"_links":{"self":[{"href":"https:\/\/www.v6.newmessage.org\/de\/wp-json\/wp\/v2\/pages\/29495"}],"collection":[{"href":"https:\/\/www.v6.newmessage.org\/de\/wp-json\/wp\/v2\/pages"}],"about":[{"href":"https:\/\/www.v6.newmessage.org\/de\/wp-json\/wp\/v2\/types\/page"}],"author":[{"embeddable":true,"href":"https:\/\/www.v6.newmessage.org\/de\/wp-json\/wp\/v2\/users\/62"}],"replies":[{"embeddable":true,"href":"https:\/\/www.v6.newmessage.org\/de\/wp-json\/wp\/v2\/comments?post=29495"}],"version-history":[{"count":11,"href":"https:\/\/www.v6.newmessage.org\/de\/wp-json\/wp\/v2\/pages\/29495\/revisions"}],"predecessor-version":[{"id":29545,"href":"https:\/\/www.v6.newmessage.org\/de\/wp-json\/wp\/v2\/pages\/29495\/revisions\/29545"}],"up":[{"embeddable":true,"href":"https:\/\/www.v6.newmessage.org\/de\/wp-json\/wp\/v2\/pages\/16312"}],"wp:attachment":[{"href":"https:\/\/www.v6.newmessage.org\/de\/wp-json\/wp\/v2\/media?parent=29495"}],"wp:term":[{"taxonomy":"category","embeddable":true,"href":"https:\/\/www.v6.newmessage.org\/de\/wp-json\/wp\/v2\/categories?post=29495"},{"taxonomy":"post_tag","embeddable":true,"href":"https:\/\/www.v6.newmessage.org\/de\/wp-json\/wp\/v2\/tags?post=29495"}],"curies":[{"name":"wp","href":"https:\/\/api.w.org\/{rel}","templated":true}]}}