{"id":29431,"date":"2021-08-18T05:34:30","date_gmt":"2021-08-18T05:34:30","guid":{"rendered":"https:\/\/www.newmessage.org\/de\/?page_id=29431"},"modified":"2021-08-18T05:34:30","modified_gmt":"2021-08-18T05:34:30","slug":"hingabe-und-verpflichtung","status":"publish","type":"page","link":"https:\/\/www.v6.newmessage.org\/de\/die-botschaft\/band-5\/weisheit-aus-der-groseren-gemeinschaft-band-2\/hingabe-und-verpflichtung\/","title":{"rendered":"Hingabe und Verpflichtung"},"content":{"rendered":"<div><!-- 4.0 --><\/div>\n\n<div class=\"tabgroup \"><ul class=\"tabs\"><li><a href=\"#tabs-1\">\u00dcber<\/a><\/li>\n<li><a href=\"#tabs-2\"> Anmerkung<\/a><\/li><\/ul>\n <div id=\"tabs-1\"><\/p>\n<p class=\"revelation_details\"><em>Wie offenbart Gottes Boten<br \/>\nMarshall Vian Summers<br \/>\nin 1992 in den, USA<\/em><\/p>\n<div class=\"toggle toggle-white\"><h4 class=\"trigger \"><span class=\"t_ico\"><\/span><a href=\"#\">\u00dcber diesen Text<\/a><\/h4><div class=\"toggle_container \"><br \/>\n<p>Was du in diesem Text liest, ist die Transkription der Originalstimme des <a href=\"https:\/\/www.newmessage.org\/de\/wichtige-begriffe#aa\">Engelsrates<\/a>, wie sie \u00fcber den <a href=\"http:\/\/www.neuebotschaft.org\/der-bote\/\">Boten Marshall Vian Summers<\/a> sprach.<\/p>\n<p>Hierbei wird die originale Kommunikation von Gott, die jenseits von Worten existiert, vom <a href=\"https:\/\/www.newmessage.org\/de\/wichtige-begriffe#aa\">Engelsrat<\/a>, der \u00fcber die Welt wacht, in menschliche Sprache und menschliches Verst\u00e4ndnis \u00fcbersetzt. Der Rat bringt dann Gottes Botschaft \u00fcber den Boten dar, woraufhin sie transkribiert und euch und allen Menschen verf\u00fcgbar gemacht wird.<\/p>\n<p>In diesem bemerkenswerten Prozess spricht die <a href=\"https:\/\/www.newmessage.org\/de\/wichtige-begriffe#voice\">Stimme der Offenbarung<\/a> erneut. Das Wort und der Klang sind in der Welt. M\u00f6gest du der Empf\u00e4nger dieses Geschenks der Offenbarung sein und m\u00f6gest du offen sein, ihre einmalige Botschaft f\u00fcr dich und f\u00fcr dein Leben zu empfangen.<\/p>\n<br \/>\n<\/div><\/div>\n<p><\/div>\n<div id=\"tabs-2\"><br \/>\n<em> Anmerkung an den Leser:<br \/>\nDiese \u00dcbersetzung wurde der Society von einem Sch\u00fcler der Neuen Botschaft verf\u00fcgbar gemacht, der den englischen Originaltext als Freiwilliger \u00fcbersetzt hat. Wir stellen diese \u00dcbersetzung in dieser fr\u00fchen Form zur Verf\u00fcgung, damit jeder Gelegenheit hat, sich mit einem Teil der Neuen Botschaft in seiner eigenen Sprache zu befassen.<\/em><br \/>\n<\/div>\n\t\t\t\t<div align=\"right\">\n\t\t\t<div class=\"fb-like\" data-href=\"\" data-layout=\"button_count\" data-action=\"like\" data-show-faces=\"false\" data-share=\"false\"><\/div>\n\t\t\t<div class=\"fb-share-button\" data-layout=\"button_count\"> <\/div>\n\t\t\t<div class=\"fb_iframe_widget\"><a href=\"https:\/\/twitter.com\/godsnewmessage?ref_src=twsrc%5Etfw\" class=\"twitter-follow-button\" data-show-count=\"false\">Follow @godsnewmessage<\/a><script async src=\"https:\/\/platform.twitter.com\/widgets.js\" charset=\"utf-8\"><\/script><\/div>\n\t\t\t<\/div> <\/div> \n\n<p>Hingabe und Verpflichtung k\u00f6nnen wirklich entstehen, wenn du erkennst, dass eine Beziehung nicht hergestellt, sondern eher angeboren ist. Du hast nichts getan, um sie herzustellen. Sie basiert nicht auf einem vergangenen Leben. Sie basiert auf einer Anerkennung, die gegr\u00fcndet wurde, bevor du in diese Welt eingetreten bist, und jetzt wurde sie durch die Anerkennung mit einer anderen Person wiedererlangt. Diese Anerkennung f\u00f6rdert die Hingabe, die ein Ausdruck von Liebe und Kameradschaft ist. Sie f\u00f6rdert die wahre Verpflichtung, die jetzt ein Ausdruck eures gemeinsamen Zwecks ist.<\/p>\n<p>Du magst vielleicht fragen: &#8220;Wie kann es eine Verpflichtung ohne Verbindlichkeit geben? Wie kann es Hingabe ohne pers\u00f6nlichen Verlust geben?&#8221; Die Antwort auf diese Fragen ist sehr grundlegend, aber nicht offensichtlich, oder leicht zu erkennen. Du hast Hingabe und Verpflichtung ohne Verlust, weil du dich der Kenntnis verpflichtet hast. Sie sind nicht deine Vorstellungen von Kenntnis. Sie sind Kenntnis selbst. Sie sind eine gemeinsame Erfahrung. Du kannst sie nicht erfahren, mit wem du willst. Sie kann nur bei bestimmten Individuen in bestimmten Phasen ihrer Entwicklung entstehen.<\/p>\n<p>Wertsch\u00e4tzung f\u00fcr andere ist gerechtfertigt, aber Hingabe stellt eine weitaus gr\u00f6\u00dfere Beteiligung dar. Sie ist der H\u00f6hepunkt in einer Beziehung zwischen Individuen. Sie ist der h\u00f6chste Ausdruck der Beziehung zu einer anderen Person. Sie birgt ein gro\u00dfes Versprechen, wird aber von jenen gef\u00fcrchtet, die sie nicht erfahren. Hingabe wird nicht dadurch gegeben, dass man versucht, einen anderen zu benutzen, um seine Ambitionen und W\u00fcnsche zu erf\u00fcllen. Hingabe ist eine nat\u00fcrliche Quelle deines Wahren Selbst. Sie k\u00fcmmert sich nicht um Erfolg oder Verlust.<\/p>\n<p>Fr\u00fcher oder sp\u00e4ter musst du die Hingabe entdecken. Sie ist innewohnend in der Kindererziehung, aber sie spielt eine gr\u00f6\u00dfere Rolle als selbst das, denn du bist vielleicht nicht unbedingt mit deinem eigenen Nachwuchs verbunden. Das ist ein Grund, warum Eltern und Kinder streiten. Eine angeborene Beziehung wird jenseits dieser Welt hergestellt. Sie kann nur anerkannt werden, und wenn sie einmal anerkannt ist, wird sie durch deine Verpflichtung zu ihrem Zweck unterst\u00fctzt. Wir m\u00fcssen Hingabe und Verpflichtung in das richtige Verh\u00e4ltnis bringen, sonst wirst du Unser Anliegen nicht verstehen.<\/p>\n<p>Hingabe ist nicht etwas, das du versuchen kannst zu haben. Sie ist etwas, das dich bewegt. Sie ist keine Tugend, die du ausprobierst. Sie ist etwas, die dich bewegt. Kenntnis ist keine Idee. Sie bewegt dich. Sie ist die Kraft in deinem Leben. Etwas bewegt dich. Du wei\u00dft nicht, was es ist. Du hast vielleicht Angst davor, weil sie eine so ungeheure Macht hat, und doch ist sie f\u00fcr dich so nat\u00fcrlich. Sie kommt aus deinem Herzen, aber sie bewegt dich jetzt. Das ist Kenntnis, die sich in deinem Leben ausdr\u00fcckt. Sie wird dich bewegen, dich einem anderen hinzugeben, wenn die Zeit daf\u00fcr gekommen ist.<\/p>\n<p>Damit wird deine Verpflichtung einfach anerkannt. Du <em>gehst<\/em> keine Verpflichtungen ein. Wie kannst du eine Verpflichtung eingehen? Du kannst nur Vereinbarungen treffen die tempor\u00e4rer Natur sind. Wahre Hingabe kommt aus deinem Inneren. Du merkst, dass du eine Verpflichtung eingehen musst, weil du es <em>musst<\/em>. Sie ist nicht damit gerechtfertigt, was sie dir in naher Zukunft bieten wird. Vielleicht wird sie mehr Probleme aufwerfen, als sie l\u00f6sen wird. Vielleicht wird sie vor\u00fcbergehend eine enorme Unannehmlichkeit sein. Aber sie kommt aus deinem Inneren. Sie bewegt dich. Es ist, als w\u00fcrdest du dich selbst finden und dich gleichzeitig hingeben.<\/p>\n<p>Hier \u00fcbergibst du deine Autorit\u00e4t einer Gr\u00f6\u00dferen Macht in dir. Sie ist du, und doch ist sie gr\u00f6\u00dfer als du. Dieser scheinbare Widerspruch zwischen dem, was du bist und dem, was gr\u00f6\u00dfer ist als du, muss klar verstanden werden. Ich habe gesagt, dass dein H\u00f6heres Selbst kein gr\u00f6\u00dferes Individuum ist. Es ist Teil des Gewebes und der Matrix des Lebens, das in Zeit und Raum funktioniert. Es ist mit einer bestimmten Gruppe verbunden, die Wir deine Spirituelle Familie nennen. Dein H\u00f6heres Selbst ist kein gr\u00f6\u00dferes Individuum. Es ist kein \u00dcber-Ich. Es ist dein inneres Wesen, aber es ist dein du in inniger Beziehung zum Leben. Es ist das du ohne die Trennung, das in Zeit und Raum dient, denn dort bist du. Wenn die Beziehung auf dieser Ebene verstanden wird, entstehen Hingabe und Verpflichtung von selbst. Du brauchst nicht zu versuchen, sie zu haben, aber es kann eine gro\u00dfe Anstrengung von deiner Seite erfordern, sie zu akzeptieren.<\/p>\n<p>Beziehungen sind wie das Leben selbst. Du tust so, bis du herausfindest, was sie wirklich sind. Du handelst nach deinen eigenen Annahmen, bis du sie losl\u00e4sst, und etwas anderes entdeckst. Es ist ganz offensichtlich, dass die Versuche der Menschen, Beziehungen einzugehen, ihre Schwierigkeiten mit Einsamkeit und Isolation nicht beseitigt haben. Doch diese Dinge k\u00f6nnen gel\u00f6st werden, weil es Gottes Plan ist, dass sie r\u00fcckg\u00e4ngig gemacht werden.<\/p>\n<p>Die Menschen sind sehr ungeduldig, weil sie Angst haben, aber sie wollen sicherstellen, dass sie jetzt alles haben, was sie wollen, bevor sie etwas Wichtiges entscheiden. Menschen fragen oft: &#8220;Werde ich einen echten Partner f\u00fcr mich finden?&#8221; Dies ist eine sehr h\u00e4ufige und verst\u00e4ndliche Frage. &#8220;Werde ich wahre Kameradschaft haben?&#8221; Es ist m\u00f6glich, aber zuerst musst du etwas Wichtigeres suchen, denn wahre Kameradschaft entsteht aus deinem Lebensinhalt. Die Menschen wollen alles, was dieser Zweck geben kann, aber ohne den Zweck. Deshalb begn\u00fcgen sie sich nur mit Vorstellungen. Sie vernehmen Unsere Worte einfach als weitere Vorstellungen: &#8220;Jetzt habe ich diesen Lehrer das sagen h\u00f6ren, aber es ist nicht dasselbe wie das, was dieser Lehrer sagt. Ich bin sehr verwirrt. Ich bin jetzt noch verwirrter. Ich wei\u00df nicht, wem ich glauben soll.&#8221;<\/p>\n<p>Du musst zuerst den Zweck suchen. Er ist in dir selbst angelegt. Das wird deinen Beziehungen Sinn und Richtung geben. Das wird die M\u00f6glichkeit einer echten Vereinigung schaffen. Du brauchst nicht nach einem Partner suchen. Sie werden nach dir suchen, aber deine Aktivit\u00e4ten, die deinen Zweck betreffen, werden dich zu ihnen bringen. Das ist das Leben, das jetzt wirkt. Du arbeitest jetzt mit dem Leben und bist nicht davon unabh\u00e4ngig.<\/p>\n<p>Grunds\u00e4tzlich ist deine Unabh\u00e4ngigkeit dein Problem. Es gibt keine Freiheit in der Unabh\u00e4ngigkeit. Du bist ein Versto\u00dfener. Welche Freiheit gibt es also? Du bist deiner Spirituellen Familie beraubt. Du bist der Kenntnis beraubt, mit nur deinen W\u00fcnschen und \u00c4ngsten, die dich leiten. Dies f\u00fchrt zu einer sehr turbulenten Welt. Doch das ist nicht dein Erbe. Das ist nicht der Grund, warum du hierher gekommen bist\u2014um diese einsame und karge Existenz auszuleben. Du wei\u00dft, dass du alles, was du anstrebst, verlieren wirst. Aber das ist nicht das, was f\u00fcr dich bestimmt ist.<\/p>\n<p>Du hast in dir die Saat der Kenntnis. Sie enth\u00e4lt die gesamte Kenntnis, die du bisher erworben oder zur\u00fcckerlangt hast. Sie enth\u00e4lt auch deine spezifische Berufung in diesem Leben. Sie beinhaltet deine F\u00e4higkeit, die Beziehungen zu erkennen, die deinem Zweck innewohnen. Das ist ein Geschenk. Dennoch ist es offensichtlich, dass es nicht viele gibt, die danach suchen werden. Das <em>ist<\/em> das K\u00f6nigreich.<\/p>\n<p>In deinem Wunsch nach Gemeinschaft und Partnerschaft suchst du immer nach deiner Spirituellen Familie. Es ist ganz nat\u00fcrlich, dass du das tust. Dennoch musst du auf den Wegen suchen, die Erfolg bringen. Dies geschieht in allen Welten.<\/p>\n<p>Du bist nicht nur zum Lernen auf die Welt gekommen. Lernen ist nur ein kleiner Teil davon, warum du hier bist. Es macht Spa\u00df, ein Sch\u00fcler zu sein, aber die Sch\u00fcler haben sich noch nicht mit dem Leben verbunden. Sie lernen nur Dinge. Sie sind nicht in den Alltag des menschlichen Lebens eingetreten. Dein Zweck hier ist es, deine Kenntnis zu entdecken und sie beizutragen. Das ist in wenigen Worten eine sehr pr\u00e4gnante Definition. Die Menschen versuchen die gef\u00e4hrlichsten und sch\u00e4dlichsten Unternehmungen im Namen des Lernens. Sie sagen: &#8220;Es ist eine gro\u00dfartige Lernerfahrung, wenn auch ungeheuer schmerzhaft&#8221;, und so weiter. Das ist kein Grund, sich zu beteiligen. Du kannst das Falsche nur verlernen, indem du das Wahre annimmst. Das Wahre ist das, was du in deiner Kenntnis in dir tr\u00e4gst. Kenntnis dr\u00fcckt sich durch dich auf subtile Weise aus. Von Zeit zu Zeit dr\u00fcckt sie sich durch dich auf dramatische Weise aus. Sie denkt nicht so, wie du denkst. Sie w\u00e4hlt nicht zwischen Ideen. Sie wei\u00df. Sie handelt. Kenntnis ist der Instinkt im intelligenten Leben.<\/p>\n<p>Es ist Kenntnis, f\u00fcr die Wir eintreten. Sie ist entscheidend f\u00fcr deinen gesamten Erfolg hier. Sie ist deine gr\u00f6\u00dfte Sehnsucht und deine gr\u00f6\u00dfte Angst. Dennoch ist sie so gn\u00e4dig in ihrer Ausstrahlung. Ihr Segen f\u00fcr dich ist so offensichtlich. Wenn du zur\u00fcckdenkst, wirst du erkennen, wie sie versucht hat, dich vor Fehlern zu bewahren, und dich zu deiner besten Wahl und zu deiner wahren Anwendung zu f\u00fchren. Sie hat dir sogar gelegentlich das Leben gerettet. Sie ist eine mysteri\u00f6se Macht, und viele Menschen f\u00fchren sie auf Kr\u00e4fte jenseits ihrer selbst zur\u00fcck. &#8220;Gott kam herein und zog mich aus dieser schrecklichen Situation heraus!&#8221; Gott hat das nicht getan. Es ist Kenntnis, die dich vorangebracht hat. Wenn du deine F\u00e4higkeit und deine Neigung, Kenntnis zu erkennen, zerst\u00f6ren w\u00fcrdest, w\u00fcrde dein Leben beginnen, vorbei zu sein. Dein Wesen w\u00fcrde versuchen, dich zu einem anderen Zeitpunkt zu erreichen.<\/p>\n<p>In der Beziehung gibt es Entschl\u00fcsse zu fassen. Das ist offensichtlich. Es gibt Dinge zu erkennen. Du musst herausfinden, was echt ist und was nicht. Es gibt viele Verlockungen, die eine gro\u00dfe Stimulation zu erzeugen scheinen, aber keinen Inhalt haben. Es gibt andere Verlockungen, die fade erscheinen, aber die Gottes Macht in sich tragen. Hier ist das Erlernen der Urteilsf\u00e4higkeit sehr wichtig. Versuche nicht, Hingabe und Verpflichtung zu zeigen, bis Kenntnis sie leitet, sonst wirst du unehrlich. Du wirst den Menschen sagen, dass du hingebungsvoll und verpflichtet bist, aber bei der ersten Pr\u00fcfung wirst du aufgeben. Es ist dann kl\u00fcger, tempor\u00e4re Vereinbarungen zu treffen, die es dir erm\u00f6glichen, deine Pl\u00e4ne zu verwirklichen. Aber Hingabe und Verpflichtung sind viel gr\u00f6\u00dfer.<\/p>\n<p>Mit Hingabe und Verpflichtung wirst du bereit sein, das zu tun, was nur wenige Menschen tun werden, und du wirst bereit sein, es mit sehr wenig Applaus zu tun. Warum? Weil du es musst. Es ist dieses &#8220;Muss&#8221;, das die Essenz des Lebens ist. Die Menschen sind sehr, sehr erpicht in Bezug auf ihre Freiheit, aber sie hat ihnen nichts gegeben, au\u00dfer der M\u00f6glichkeit, Kenntnis zu erkennen.<\/p>\n<p>Wenn Wir von Kenntnis im Individuum sprechen, sprechen Wir von diesem wesentlichen Antrieb. Sie ist nicht zwanghaft. Sie basiert nicht auf Angst. Sie ist tief. Sie ist widerspruchsfrei. Sie diskutiert keine Dinge. Damit wirst du lebendig. Hier ist das Leben in dir aktiv. Hieraus kommen Hingabe und Verpflichtung. Du gibst dich nicht hin, weil es eine gute Sache ist, es zu tun, oder weil du spiritueller aussehen willst, oder weil du, wenn du es nicht tust, nicht bekommst, was du willst. Du gibst dich nicht hin, um andere gl\u00fccklich mit dir zu machen. Du gibst dich nicht f\u00fcr Selbstbefriedigung irgendeiner Art hin. Du gibst dich hin, weil du es <em>musst<\/em>. Das ist alles. Erkl\u00e4rungen sind jetzt zweitrangig. Es ist ganz nat\u00fcrlich. Es w\u00e4re unnat\u00fcrlich, es nicht zu tun. Hier beginnt die eigentliche Anerkennung.<\/p>\n<p>Wie Ich gesagt habe, solange du diese Erfahrung nicht hast, spiele nicht mit Verpflichtung und Hingabe. Sei ein Sch\u00fcler. Wenn Menschen hingebungsvoll sind, geben sie ihr Leben f\u00fcr Dinge. Es ist kein Opfer, das zu tun. Es w\u00e4re ein gr\u00f6\u00dferes Opfer, es nicht zu tun. Deshalb ist diese Qualit\u00e4t der Hingabe ganz einzigartig. Du wirst sie nicht oft sehen. Wo es sie gibt, wird es unter den Beobachtern gro\u00dfe Angst geben. Und es wird auch eine gro\u00dfe Inspiration geben.<\/p>\n<p>Die Hingabe ist f\u00fcr dich unerl\u00e4sslich, um den n\u00e4chsten Schritt jenseits dieser Welt gehen zu k\u00f6nnen. Dann wirst du dich deiner Spirituellen Familie anschlie\u00dfen, und dein Gef\u00fchl der Hingabe wird dich bef\u00e4higen, deine n\u00e4chste Aufgabe zu erf\u00fcllen. Diese Welt ist kein Ort, an dem du dich der Ultimativen Realit\u00e4t anschlie\u00dft, verstehst du? Sie ist ein Ort, an dem man sich auf den n\u00e4chsten Schritt vorbereitet. Deshalb bef\u00fcrworten Wir nicht, dass du versuchst, gro\u00dfe H\u00f6hen im spirituellen Fortschritt zu erreichen. Du wei\u00dft nicht, was das ist. Du versuchst das zu perfektionieren, was beiseite gelegt werden muss.<\/p>\n<p>Menschen, die in der Lage sind, in dieser Welt vollkommen zu sein, haben ein sehr einfaches Leben. Sie sind innerlich einfach. Ihr Leben mag f\u00fcr andere gewagt und k\u00fchn erscheinen, aber es gibt eine anmutige Einfachheit. Sie sind jetzt in der Lage, der Welt zu dienen, denn sie brauchen nichts von ihr zu nehmen. Ihr Wunsch zu dienen und ihre Nahrung aus dem Dienen erm\u00f6glichen es ihnen, sich den Lehrern anzuschlie\u00dfen, die dieser Welt dienen. Sie sind in der Lage, Kenntnis und Gnade der Unsichtbaren zu empfangen, die diejenigen beaufsichtigen, die dieser Welt dienen.<\/p>\n<p>Das Leben verlangt nicht, dass du perfekt bist. Es gibt keine perfekten Pers\u00f6nlichkeiten, keine perfekten K\u00f6rper. Diese Dinge sind verg\u00e4nglich. Das Leben erfordert dies nicht. Deshalb verlange dies nicht von dir selbst. Das w\u00e4re sehr hart. Es wird nicht von dir verlangt. Du wirst nat\u00fcrlich pers\u00f6nliche Anpassungen in deinem Verhalten und deinen Gewohnheiten vornehmen m\u00fcssen, aber nur, um einer wahren F\u00e4higkeit gerecht zu werden, die von dir auszustrahlen beginnt. Dann ist pers\u00f6nliche Ver\u00e4nderung kein Grund zum Stolz. Sie ist f\u00fcr den Nutzen. Du musst einfach Ver\u00e4nderungen in deinem Leben vornehmen, um eine gr\u00f6\u00dfere Erfahrung von Kenntnis zu machen, und den richtigen Ausdruck daf\u00fcr zu finden. So einfach ist das. Es gibt keine gro\u00dfe Fanfare dar\u00fcber. Dinge, die destruktiv sind, werden aufgegeben, weil sie destruktiv sind. Es geht jetzt nicht mehr um Gut und B\u00f6se. Es geht darum, Unterst\u00fctzung statt Widerstand zu w\u00e4hlen. Das bringt dich ins Leben. Hier f\u00e4ngst du an zu sehen, wie das Leben im Dienst an <em>dir<\/em> arbeitet, sowohl im sichtbaren Bereich als auch dar\u00fcber hinaus. Du beginnst, die Spirituelle Pr\u00e4senz bei dir zu sp\u00fcren und f\u00e4ngst an, die Pr\u00e4senz zu erkennen. Dein Leben ist noch nicht definiert, aber es ist in Bewegung.<\/p>\n<p>In den meisten F\u00e4llen wirst du deine Berufung im Leben erst erkennen, wenn dein Leben im Dienst der Kenntnis weit fortgeschritten ist. Es ist selten, dass Individuen ihre Berufung schon vorher erfahren. Um eine Berufung im Leben anzunehmen musst du vollkommen verf\u00fcgbar sein.<\/p>\n<p>Die Menschen sagen: &#8220;Nun, wovon sprichst du bei dieser Hingabe? Was kann sie mir geben? Ich scheine jetzt nur noch ein Diener zu sein. Was ist der Nutzen f\u00fcr mich?&#8221; Es gibt einen Nutzen. Es gibt einen gro\u00dfen Nutzen\u2014Selbstwertgef\u00fchl, einen Sinn f\u00fcr Richtung, einen Sinn f\u00fcr wahre Verbundenheit mit anderen, ein Gef\u00fchl des Wohlbefindens, ein Gef\u00fchl der Best\u00e4ndigkeit des Lebens\u2014sind das nicht alles Dinge, nach denen du strebst? Sind sie nicht grundlegend f\u00fcr dein Gl\u00fcck hier? Das Leben wird dir das bieten, was es dir bieten soll, und du wirst dem Leben das geben, was du ihm geben sollst, wenn du Kenntnis entdeckst. Es wird ein Leben lang dauern, das zu tun. Es gibt keinen schnellen und einfachen Weg, aber es gibt direkte Wege, die dir Zeit sparen. Hingabe ist also das, was du empfangen m\u00f6chtest, denn dies spricht von deiner innewohnenden Beziehung mit dem Leben, was die Vorstellung der Trennung g\u00e4nzlich beendet.<\/p>\n<p>Kenntnis ist das Mysteri\u00f6seste und doch das Nat\u00fcrlichste auf der Welt. Die Welt bezeugt dies nicht, denn die Welt ist unwissend in Bezug auf Kenntnis. Doch Kenntnis ist die einzige Realit\u00e4t, die du aus deiner Uralten Heimat mitbringst, und sie wird die einzige Realit\u00e4t sein, die du mitnimmst. Sie ist das Licht in dir.<\/p>\n<p>Deine ureigenen Bed\u00fcrfnisse in diesem Leben sind die nach wahrer Beziehung, wahrer Gemeinschaft, wahrem Zweck und wahrer Berufung. Das sind deine ureigenen Bed\u00fcrfnisse. Du wirst sie haben, gleichg\u00fcltig wer du denkst, wer du bist, unabh\u00e4ngig was du versuchst zu tun, oder wer du versuchst zu sein. Du kannst sie nicht ausl\u00f6schen. Sie sind f\u00fcr dich von zentraler Bedeutung. Wenn du die Mittel erhalten hast, um diese Bed\u00fcrfnisse zu erf\u00fcllen, dann wirst du in der Lage sein, anderen zu helfen, dasselbe zu tun. Kenntnis entfacht Kenntnis. In dem Ma\u00dfe, wie die Kenntnis in dir offensichtlicher wird, wird sie andere entfachen. Dies ist ein ganz nat\u00fcrlicher Prozess.<\/p>\n","protected":false},"excerpt":{"rendered":"<p>Hingabe und Verpflichtung k\u00f6nnen wirklich entstehen, wenn du erkennst, dass eine Beziehung nicht hergestellt, sondern eher angeboren ist. Du hast nichts getan, um sie herzustellen. Sie basiert nicht auf einem vergangenen Leben. Sie basiert auf einer Anerkennung, die gegr\u00fcndet wurde, bevor du in diese Welt eingetreten bist, und jetzt wurde sie durch die Anerkennung mit einer anderen Person wiedererlangt. Diese Anerkennung f\u00f6rdert die Hingabe, die ein Ausdruck von Liebe und Kameradschaft ist. Sie f\u00f6rdert die wahre Verpflichtung, die jetzt ein Ausdruck eures gemeinsamen Zwecks ist.<\/p>\n<p>Du magst vielleicht fragen: &#8220;Wie kann es eine Verpflichtung ohne Verbindlichkeit geben? Wie kann es Hingabe ohne pers\u00f6nlichen Verlust geben?&#8221; Die Antwort auf diese Fragen ist sehr grundlegend, aber nicht offensichtlich, oder leicht zu erkennen. Du hast Hingabe und Verpflichtung ohne Verlust, weil du dich der Kenntnis verpflichtet hast. Sie sind nicht deine Vorstellungen von Kenntnis. Sie sind Kenntnis selbst. Sie sind eine gemeinsame Erfahrung. Du kannst sie nicht erfahren, mit wem du willst. Sie kann nur bei bestimmten Individuen in bestimmten Phasen ihrer Entwicklung entstehen.<\/p>\n<p>Wertsch\u00e4tzung f\u00fcr andere ist gerechtfertigt, aber Hingabe stellt eine weitaus gr\u00f6\u00dfere Beteiligung dar. Sie ist der H\u00f6hepunkt in einer Beziehung zwischen Individuen. Sie ist der h\u00f6chste Ausdruck der Beziehung zu einer anderen Person. Sie birgt ein gro\u00dfes Versprechen, wird aber von jenen gef\u00fcrchtet, die sie nicht erfahren. Hingabe wird nicht dadurch gegeben, dass man versucht, einen anderen zu benutzen, um seine Ambitionen und W\u00fcnsche zu erf\u00fcllen. Hingabe ist eine nat\u00fcrliche Quelle deines Wahren Selbst. Sie k\u00fcmmert sich nicht um Erfolg oder Verlust.<\/p>\n<p>Fr\u00fcher oder sp\u00e4ter musst du die Hingabe entdecken. Sie ist innewohnend in der Kindererziehung, aber sie spielt eine gr\u00f6\u00dfere Rolle als selbst das, denn du bist vielleicht nicht unbedingt mit deinem eigenen Nachwuchs verbunden. Das ist ein Grund, warum Eltern und Kinder streiten. Eine angeborene Beziehung wird jenseits dieser Welt hergestellt. Sie kann nur anerkannt werden, und wenn sie einmal anerkannt ist, wird sie durch deine Verpflichtung zu ihrem Zweck unterst\u00fctzt. Wir m\u00fcssen Hingabe und Verpflichtung in das richtige Verh\u00e4ltnis bringen, sonst wirst du Unser Anliegen nicht verstehen.<\/p>\n","protected":false},"author":62,"featured_media":0,"parent":27934,"menu_order":0,"comment_status":"closed","ping_status":"closed","template":"template-leftsidebar.php","meta":{"_monsterinsights_skip_tracking":false,"_monsterinsights_sitenote_active":false,"_monsterinsights_sitenote_note":"","_monsterinsights_sitenote_category":0,"footnotes":""},"categories":[76,498,485,484],"tags":[1001,1343,1345,1344,1000,1007,1008],"_links":{"self":[{"href":"https:\/\/www.v6.newmessage.org\/de\/wp-json\/wp\/v2\/pages\/29431"}],"collection":[{"href":"https:\/\/www.v6.newmessage.org\/de\/wp-json\/wp\/v2\/pages"}],"about":[{"href":"https:\/\/www.v6.newmessage.org\/de\/wp-json\/wp\/v2\/types\/page"}],"author":[{"embeddable":true,"href":"https:\/\/www.v6.newmessage.org\/de\/wp-json\/wp\/v2\/users\/62"}],"replies":[{"embeddable":true,"href":"https:\/\/www.v6.newmessage.org\/de\/wp-json\/wp\/v2\/comments?post=29431"}],"version-history":[{"count":2,"href":"https:\/\/www.v6.newmessage.org\/de\/wp-json\/wp\/v2\/pages\/29431\/revisions"}],"predecessor-version":[{"id":29437,"href":"https:\/\/www.v6.newmessage.org\/de\/wp-json\/wp\/v2\/pages\/29431\/revisions\/29437"}],"up":[{"embeddable":true,"href":"https:\/\/www.v6.newmessage.org\/de\/wp-json\/wp\/v2\/pages\/27934"}],"wp:attachment":[{"href":"https:\/\/www.v6.newmessage.org\/de\/wp-json\/wp\/v2\/media?parent=29431"}],"wp:term":[{"taxonomy":"category","embeddable":true,"href":"https:\/\/www.v6.newmessage.org\/de\/wp-json\/wp\/v2\/categories?post=29431"},{"taxonomy":"post_tag","embeddable":true,"href":"https:\/\/www.v6.newmessage.org\/de\/wp-json\/wp\/v2\/tags?post=29431"}],"curies":[{"name":"wp","href":"https:\/\/api.w.org\/{rel}","templated":true}]}}