{"id":29325,"date":"2021-06-21T07:42:27","date_gmt":"2021-06-21T07:42:27","guid":{"rendered":"https:\/\/www.newmessage.org\/de\/?page_id=29325"},"modified":"2021-06-21T07:42:27","modified_gmt":"2021-06-21T07:42:27","slug":"wahrnehmung","status":"publish","type":"page","link":"https:\/\/www.v6.newmessage.org\/de\/die-botschaft\/band-5\/weisheit-aus-der-groseren-gemeinschaft-band-1\/wahrnehmung\/","title":{"rendered":"Wahrnehmung"},"content":{"rendered":"<div><!-- 4.0 --><\/div>\n\n<div class=\"tabgroup \"><ul class=\"tabs\"><li><a href=\"#tabs-1\">\u00dcber<\/a><\/li>\n<li><a href=\"#tabs-2\"> Anmerkung<\/a><\/li><\/ul>\n <div id=\"tabs-1\"><\/p>\n<p><a href=\"https:\/\/www.community.newmessage.org\/perception\/\"><img loading=\"lazy\" decoding=\"async\" class=\"imgborder aligncenter wp-image-49953 size-medium\" src=\"https:\/\/www.newmessage.org\/wp-content\/uploads\/2020\/08\/perception-image-300x157.jpeg\" alt=\"Perception is Your Interpretation of Reality That You Can Experience\" width=\"300\" height=\"157\" \/><\/a><\/p>\n<p class=\"revelation_details\"><em>Wie offenbart Gottes Boten<br \/>\nMarshall Vian Summers<br \/>\nam 12. September 1988<br \/>\nin Seattle, Washington, USA<\/em><\/p>\n<div class=\"toggle toggle-white\"><h4 class=\"trigger \"><span class=\"t_ico\"><\/span><a href=\"#\">\u00dcber diesen Text<\/a><\/h4><div class=\"toggle_container \"><br \/>\n<p>Was du in diesem Text liest, ist die Transkription der Originalstimme des <a href=\"https:\/\/www.newmessage.org\/de\/wichtige-begriffe#aa\">Engelsrates<\/a>, wie sie \u00fcber den <a href=\"http:\/\/www.neuebotschaft.org\/der-bote\/\">Boten Marshall Vian Summers<\/a> sprach.<\/p>\n<p>Hierbei wird die originale Kommunikation von Gott, die jenseits von Worten existiert, vom <a href=\"https:\/\/www.newmessage.org\/de\/wichtige-begriffe#aa\">Engelsrat<\/a>, der \u00fcber die Welt wacht, in menschliche Sprache und menschliches Verst\u00e4ndnis \u00fcbersetzt. Der Rat bringt dann Gottes Botschaft \u00fcber den Boten dar, woraufhin sie transkribiert und euch und allen Menschen verf\u00fcgbar gemacht wird.<\/p>\n<p>In diesem bemerkenswerten Prozess spricht die <a href=\"https:\/\/www.newmessage.org\/de\/wichtige-begriffe#voice\">Stimme der Offenbarung<\/a> erneut. Das Wort und der Klang sind in der Welt. M\u00f6gest du der Empf\u00e4nger dieses Geschenks der Offenbarung sein und m\u00f6gest du offen sein, ihre einmalige Botschaft f\u00fcr dich und f\u00fcr dein Leben zu empfangen.<\/p>\n<br \/>\n<\/div><\/div>\n<p><\/div>\n<div id=\"tabs-2\"><br \/>\n<em> Anmerkung an den Leser:<br \/>\nDiese \u00dcbersetzung wurde der Society von einem Sch\u00fcler der Neuen Botschaft verf\u00fcgbar gemacht, der den englischen Originaltext als Freiwilliger \u00fcbersetzt hat. Wir stellen diese \u00dcbersetzung in dieser fr\u00fchen Form zur Verf\u00fcgung, damit jeder Gelegenheit hat, sich mit einem Teil der Neuen Botschaft in seiner eigenen Sprache zu befassen.<\/em><br \/>\n<\/div>\n\t\t\t\t<div align=\"right\">\n\t\t\t<div class=\"fb-like\" data-href=\"\" data-layout=\"button_count\" data-action=\"like\" data-show-faces=\"false\" data-share=\"false\"><\/div>\n\t\t\t<div class=\"fb-share-button\" data-layout=\"button_count\"> <\/div>\n\t\t\t<div class=\"fb_iframe_widget\"><a href=\"https:\/\/twitter.com\/godsnewmessage?ref_src=twsrc%5Etfw\" class=\"twitter-follow-button\" data-show-count=\"false\">Follow @godsnewmessage<\/a><script async src=\"https:\/\/platform.twitter.com\/widgets.js\" charset=\"utf-8\"><\/script><\/div>\n\t\t\t<\/div> <\/div> \n\n<p>Im Weg der Kenntnis der Gr\u00f6\u00dferen Gemeinschaft sind Antworten nicht immer leicht zu finden. Die Dinge sind nicht immer sofort zug\u00e4nglich. Das liegt daran, dass man tiefer gehen muss. Du musst in Dinge eindringen, die einfach und offensichtlich sind, um das zu finden, was wirklich im Herzen deines Lebens liegt und was das Mysterium deines Lebens ausmacht. Im Weg der Kenntnis f\u00fchren Wir die Menschen durch viele Entwicklungsstufen. Es gibt andere Lehrer, die Informationen auf verschiedenen Ebenen verbreiten, um den Menschen auf ihrem Weg zu helfen, aber Unsere Rolle ist ein wenig anders. Wir pr\u00e4sentieren n\u00e4mlich einen Lehrplan f\u00fcr die Ausbildung in Kenntnis nach den uralten Schulen in der <a href=\"http:\/\/bit.ly\/2Ee9fYz\">Gr\u00f6\u00dferen Gemeinschaft<\/a>.<\/p>\n<p>Jetzt werde Ich \u00fcber Wahrnehmung, Realit\u00e4t und Kenntnis sprechen. Zuerst m\u00f6chte Ich ein paar Dinge \u00fcber Kenntnis sagen, damit du wei\u00dft, wor\u00fcber Ich spreche. An der Oberfl\u00e4che der Kenntnis ist die Erfahrung einer tiefen Intuition, die Erfahrung einer tiefen Einsicht und eines tiefen Wissens. Das ist an der Oberfl\u00e4che der Kenntnis. Jenseits der Oberfl\u00e4che ist die gesamte Erfahrung des Lebens in dieser Welt und jenseits dieser Welt, die du machen kannst, w\u00e4hrend du noch hier bist. Das ist es, was dich wieder mit dem Leben im Jenseits verbindet und dich bef\u00e4higt, vollst\u00e4ndig ein Beitragender zu sein,\u00a0 w\u00e4hrend du noch in der Welt bist. In allen praktischen Aspekten ist dies die vollst\u00e4ndige Erf\u00fcllung, w\u00e4hrend du hier bist.<\/p>\n<p>Wir sprechen nicht von Erleuchtung, denn Erleuchtung ist v\u00f6llig relativ zu den verschiedenen Entwicklungsstufen. Wenn du einen Zustand der Erleuchtung erreichst, wirst du feststellen, dass du auf der n\u00e4chsten Stufe ein Anf\u00e4nger bist. Wenn die Menschen also von totaler Erleuchtung sprechen, sprechen sie davon, den H\u00f6hepunkt der Stufe zu erreichen, in der sie sich befinden. Es gibt gro\u00dfe Wendepunkte im physischen Leben, die nur sehr wenige Menschen erreichen\u2014diese werden im Allgemeinen als Erleuchtung angesehen.<\/p>\n<p>Da jetzt viele \u00f6ffentliche Lehren vermittelt werden, \u00f6ffentliche Lehren aus Quellen, die jenseits der Welt\u2014oder sagen wir, jenseits deines Wahrnehmungsbereichs\u2014liegen, ist es wichtig festzustellen, dass die Lehrer, die am popul\u00e4rsten sind, die Informationen an die gr\u00f6\u00dfte Anzahl von Menschen weitergeben. Die Verbreitung von Informationen ist eine ganz andere Rolle als die eines Initiators. Es handelt sich um eine verschiedene Funktion, die es zu erf\u00fcllen gilt. Allein die Verbreitung von Informationen erfordert ein hohes Ma\u00df an verbaler Kompetenz und die F\u00e4higkeit, mit Menschen individuell und kollektiv zu arbeiten. Dies ist an sich schon eine vollst\u00e4ndige Rolle. Dar\u00fcber hinaus gibt es Ausbilder, die den Initiationsprozess tats\u00e4chlich weiterf\u00fchren, aber nur selten \u00f6ffentlich Stellung beziehen. Sie haben nur sehr wenige Sch\u00fcler, weil es nur sehr wenige gibt, die tats\u00e4chlich bereit sind, die Reise in ihren fortgeschrittenen Stadien zu unternehmen. Diejenigen Lehrer, die Informationen verbreiten, bereiten diejenigen vor, die schlie\u00dflich mit der eigentlichen R\u00fcckerlangung der Kenntnis beginnen werden. Sie bereiten den Weg vor.<\/p>\n<p>Daher ist vieles von dem, was die Lehrer, die Informationen verbreiten, sagen, nur vorbereitend. Mit anderen Worten, es soll dich in eine richtige Richtung orientieren. Was gegeben wird, sind keine Aussagen der endg\u00fcltigen Wahrheit. Es ist nur ein Anfang, wie die Vorbereitung des Bodens, um eine gro\u00dfe Saat zu pflanzen. Wenn du den Boden vorbereitest, erkennst du, dass dies die Stufe ist, in der du dich befindest und du verwechselst sie nicht mit sp\u00e4teren Entwicklungsstufen. Deshalb ist das Verbreiten von Informationen die Vorbereitung des mentalen Bodens, die Vorbereitung des Verstandes, um Kenntnis zu empfangen.<\/p>\n<p>Wenn Wir von Wahrnehmung sprechen, sprechen Wir von deiner Interpretation der Wirklichkeit, die du erfahren kannst. Was du erf\u00e4hrst, ist interpretierbar. Es ist sehr selten, dass Menschen eine direkte Erfahrung von etwas haben. Direkte Erfahrung bedeutet, dass du eine Realit\u00e4t erf\u00e4hrst, die sich deiner Interpretation entzieht. Das ist eine sehr seltene und gro\u00dfartige Erfahrung. Es k\u00f6nnte der gemeinsame Nenner deiner Erfahrung sein, aber tats\u00e4chlich ist es ziemlich selten und ph\u00e4nomenal, weil 99,9% deiner Erfahrung eine Interpretation der Realit\u00e4t ist, die du erfahren kannst. Wenn Ich sage &#8220;die Realit\u00e4t, die ihr erleben k\u00f6nnt&#8221;, meine Ich, dass ihr nur einen kleinen Teil der Realit\u00e4t erleben k\u00f6nnt, weil eure Kapazit\u00e4t und euer Wahrnehmungsbereich begrenzt sind. Es ist also nicht nur die Interpretation der Realit\u00e4t im Gro\u00dfen und Ganzen; es ist die Interpretation der Realit\u00e4t, die ihr erfahren k\u00f6nnt.<\/p>\n<p>Deshalb leben die Menschen in ihrem Verstand und nicht im Leben. Das ist die Quelle all deiner Schwierigkeiten. Du bist mehr mit deinen Vorstellungen besch\u00e4ftigt als mit dem Leben. Mit dem Leben besch\u00e4ftigt zu sein bedeutet, dass du direkt involviert bist und eine direkte Erfahrung machst. Nun kannst du offensichtlich sitzen und v\u00f6llig in deinen eigenen Verstand eingebunden sein und v\u00f6llig unbeteiligt sein von allem um dich herum, ohne dir der Kr\u00e4fte bewusst zu sein, die dich beeinflussen\u2014Kr\u00e4fte, die dir helfen und Kr\u00e4fte, die dir nicht helfen. Dies ist ein tiefgreifender Nachteil! Das ist der Grund, warum Menschen Probleme haben.<\/p>\n<p>Es gibt kein Problem mit der Realit\u00e4t, aber es gibt ein gro\u00dfes Problem mit der Interpretation und der Selbstbezogenheit. Ganz am Anfang des wahren Lernens muss sich jeder Mensch seiner Selbstbezogenheit bewusst werden, wie sehr er mit seinem eigenen Verstand besch\u00e4ftigt ist und wie wenig er am Leben beteiligt ist. Oftmals kann es sehr \u00e4rgerlich oder entt\u00e4uschend und sogar beleidigend erscheinen, wenn man herausfindet, dass man eigentlich sehr wenig vom Leben erf\u00e4hrt und viel denkt. Weil Wir wahre Erfahrungen sch\u00e4tzen, ist es das, woran Wir dich orientieren wollen.<\/p>\n<p>Es gibt viele Lehrer, die Informationen verbreiten und es gibt ein paar Lehrer, wie Mich, die Sch\u00fcler einweihen. Es ist eine andere Rolle. Sie ist nicht unbedingt besser; es ist einfach eine andere Rolle. Es bedeutet, dass Meine Verantwortung darin besteht, eine Handvoll Individuen auf Kenntnis vorzubereiten. In diesem Prozess werde Ich nat\u00fcrlich eine Menge Informationen verbreiten, aber das Verbreiten von Informationen ist nur ein kleiner Teil Meiner Rolle.<\/p>\n<p>Das Problem ist dann, dass die Menschen mit ihren Gedanken und nicht mit dem Leben besch\u00e4ftigt sind. Das schafft eine sehr gro\u00dfe Kluft in deiner Erfahrung. Wenn die Menschen also sagen: &#8220;Du erschaffst deine eigene Realit\u00e4t&#8221;, was bedeutet das? Es ist nur im Bereich deiner eigenen Gedanken von Bedeutung. Es setzt voraus, wenn man dar\u00fcber nachdenkt, dass es keine Realit\u00e4t jenseits der eigenen Gedanken gibt. Am Anfang\u2014ganz am Anfang\u2014wird den Menschen gesagt: &#8220;Ihr erschafft eure eigene Realit\u00e4t. Man muss seine Gedanken \u00e4ndern, um eine andere Realit\u00e4t zu haben.&#8221; Vielleicht hast du das schon mal geh\u00f6rt? Doch dies ist nur ein erster Schritt. Das erfordert, dass du deine Gedanken anschaust, um zu sehen, wie sehr du dich damit besch\u00e4ftigst. Es gibt eine Realit\u00e4t jenseits deiner Gedanken. Tats\u00e4chlich ist jenseits deiner Gedanken die einzige Realit\u00e4t, weil deine Gedanken nur interpretieren k\u00f6nnen. Es gibt eine gr\u00f6\u00dfere Realit\u00e4t in dir, die tats\u00e4chlich kreiert, aber sie ist v\u00f6llig jenseits deines Verstandes. Wenn dein Verstand offen ist und ausgeglichen und ganz geworden ist, dann kann die Realit\u00e4t, die erschafft, durch dich kreieren. Dies ist die gr\u00f6\u00dfte Erfahrung von Zufriedenheit und Erf\u00fcllung in der Welt.<\/p>\n<p>Im Gegensatz zu dieser sch\u00f6pferischen Realit\u00e4t sind deine pers\u00f6nlichen Probleme sehr klein und erfordern nur hier und da gewisse Anpassungen. Wie das Man\u00f6vrieren eines Autos auf der Stra\u00dfe erfordert es, dass du da ein wenig lenkst und dort einen Knopf dr\u00fcckst und auf dem Weg Anpassungen vornimmst. Selbst mit der gro\u00dfen Verantwortung ein Auto auf der Stra\u00dfe zu fahren und all den schrecklichen Dingen, die einem passieren k\u00f6nnten, denkt man nicht viel dar\u00fcber nach, oder? Man tut es einfach! Du lernst wie und du tust es! Weil Kenntnis so viel gr\u00f6\u00dfer ist als pers\u00f6nliche Probleme, werden pers\u00f6nliche Probleme leichter zu l\u00f6sen. Tats\u00e4chlich sind alle pers\u00f6nlichen Probleme sehr leicht zu l\u00f6sen. Das Problem ist, dass die Menschen das Problem wollen und nicht die L\u00f6sung. Das Frustrierende am Lehren ist immer die Ambivalenz des Lernens. Deshalb dauert der Initiationsprozess sehr lange. Er ist kein einfacher Weg. Er ist auch kein schwieriger Weg.<\/p>\n<p>&nbsp;<\/p>\n<p>Wenn du also sagst: &#8220;Ich erschaffe meine Realit\u00e4t&#8221;, dann meinst du damit, dass du eine Interpretation dessen, was du erfahren kannst, erschaffst. Wenn du nur so viel vom Leben erfahren kannst und es ist alles deine Interpretation, dann siehst du, dass dein Wahrnehmungsbereich sehr begrenzt ist. Aber deine Kenntnis, die du in dir tr\u00e4gst, ist in der Lage, deine Wahrnehmung vollst\u00e4ndig zu \u00f6ffnen. Ohne so viel unaufh\u00f6rliches Denken, Fragen, Gr\u00fcbeln, Manipulieren, Planen und Intrigieren und so weiter, kann der gr\u00f6\u00dfte Teil deines Verstandes, deine Kenntnis, anfangen, dir Dinge zu zeigen.<\/p>\n<p>Es ist nicht schwer, direkte Erfahrungen zu machen. Man darf einfach nichts anderes tun. Direkte Erfahrung zu haben bedeutet, dass du nichts anderes tust. Also erfordert wahre Vorbereitung, dass du lernst, still zu sein, aufmerksam zu werden, dich bis zu einem gewissen Grad von deinem eigenen Urteil \u00fcber die Dinge zu distanzieren, offen zu werden f\u00fcr die Pr\u00e4senz von Vertrautheit und Liebe, wahre Beziehungen zu akzeptieren und zumindest die Vorstellung zu akzeptieren, dass es etwas Gr\u00f6\u00dferes gibt als deine eigenen Gedanken. Kein schlechter Handel!<\/p>\n<p>Tatsache ist, dass du nur Interpretationen der Realit\u00e4t schaffst. Eine bessere Interpretation mag vor\u00fcbergehend angenehmer sein, aber du bist immer noch von dir selbst und dem Leben entfremdet. Diese Entfremdung muss \u00fcberbr\u00fcckt werden. Um dich herum passiert das Leben, ein unglaubliches Panorama. Aber du kannst es nicht erfahren. Deine Inneren Lehrer sind bei dir und helfen dir auf erstaunliche Weise, aber du wei\u00dft nicht, dass sie da sind. Es gibt echte Beziehungen, die im Leben auf dich warten, die darauf warten, dass du bereit bist und du dich danach sehnst, aber du musst die F\u00e4higkeit und das Verlangen dazu haben.<\/p>\n<p>Es gibt eine Realit\u00e4t, die jenseits der von dir geschaffenen Interpretation entsteht. Du brauchst keine Realit\u00e4t zu erschaffen. Sie wird f\u00fcr dich erschaffen. Du kannst ihre Sch\u00f6pfung genie\u00dfen. Deshalb ist es sehr wichtig, ein gl\u00fccklicher Empf\u00e4nger der Realit\u00e4t zu werden. Dann wirst du sehen, dass du etwas von jenseits der Welt mitgebracht hast, um es der Welt zu geben. Es ist nicht gut, in die Welt zu kommen und zu sagen: &#8220;Gib mir die Realit\u00e4t, Welt! Gib mir, was ich aus dem Jenseits hatte! Gib mir grundlegende Beziehungen! Gib mir Seelenfrieden! Gib mir Gleichmut! Gib mir Sinn! Gib mir Zweck! Gib mir Richtung!&#8221; Die Welt kann nichts von diesen Dingen tun. Das sind Dinge, die du der Welt bringst. Es ist wie ein Elternteil zu sein und das Kind zu bitten, sich um dich zu k\u00fcmmern! Du bist der Elternteil. Die Welt ist der Ort, an dem du einen Beitrag leisten willst. Sie kann nicht viel geben, weil sie nur ein Kind ist. Hierin liegt deine Verantwortung. Du f\u00e4ngst an, deinen wahren Wert und die Ressourcen, die du mitgebracht hast, zu akzeptieren.<\/p>\n<p>Warum ist die Welt ein so schwieriger Ort f\u00fcr die menschlichen Wesen? Weil sie aus dem Jenseits gekommen sind. Es ist nicht so schwierig f\u00fcr Pflanzen und Tiere, aber es ist schwierig f\u00fcr die Menschen, weil sie aus dem Jenseits kommen. Sie kommen aus einer viel reineren Realit\u00e4t. Das macht es dann sehr schwierig, sich an das Hiersein anzupassen. Du brauchst die Welt nicht zu ver\u00e4ndern. Aber du musst herausfinden, wer du bist, warum du gekommen bist und was du mitgebracht hast. Du bist ja nur f\u00fcr eine kurze Zeit hier. Ehe du dich versiehst, bist du wieder zu Hause, als h\u00e4tte sich nichts ge\u00e4ndert! Dort ist es immer gleich.<\/p>\n<p>Was die Menschen im Leben suchen ist Zweck, Sinn und Richtung. Die haben sie mitgebracht. Die Welt wartet darauf, sie zu empfangen, aber die Menschen suchen sie in der Welt. Siehst du den Widerspruch hier? Es ist, als ob die Eltern zum Kind sagen: &#8220;Pass auf mich auf, mein Schatz! Sei mein Papi und meine Mami.&#8221;<\/p>\n<p>Ein wahrer Beitragender im Leben zu werden, gef\u00fchrt durch deine eigene Kenntnis und frei von der eigenen Interpretation der Realit\u00e4t, ist die gr\u00f6\u00dftm\u00f6gliche Errungenschaft und eine, die dich zu einer gro\u00dfartigen Ressource f\u00fcr jeden macht, mit dem du in Kontakt kommst und f\u00fcr Menschen, die du nie sehen wirst. Dein Verstand, der offen ist, wird eine \u00d6ffnung f\u00fcr andere Gem\u00fcter bieten. Das ist ganz nat\u00fcrlich und ist eigentlich mehr ein Verlernen als ein Lernprozess. All die B\u00fccher, all die Vortr\u00e4ge, all die Vorstellungen und all die Prozesse\u2014du musst sie alle am Tempeltor, dem \u00e4u\u00dferen Tor, lassen, um hineinzukommen. Du gehst einfach hinein und deine Inneren Lehrer sind da, um dich aufzunehmen. Sie haben die Entwicklung der Kenntnis im physischen Leben erfolgreich abgeschlossen. Deshalb sind sie bereit, dich auch dazu zu bef\u00e4higen. Das ist das gro\u00dfe Versprechen.<\/p>\n<p>Nicht alle Samen, die vom Baum auf den Boden fallen werden, werden sprie\u00dfen, aber einige werden es tun. Du wirst immer feststellen, dass der direkteste Weg keine gro\u00dfen Menschenmengen anzieht, weil die Menschen die Anforderung als zu gro\u00df empfinden. &#8220;Ich wollte nur ein paar Informationen. Ich will nichts tun m\u00fcssen!&#8221; Die Ideen sind einfach. Sie erfordern sehr wenig von dir. Sie bieten dir auch sehr wenig. Aber Beziehungen erfordern viel und geben viel. Eine sinnvolle Ehe zu f\u00fchren und Kinder zu erziehen erfordert viel und bietet viel.<\/p>\n<p>Die Betonung liegt hier auf Kenntnis. Es ist nicht deine pers\u00f6nliche Kenntnis, weil es keine pers\u00f6nliche Kenntnis gibt. In Kenntnis gibt es nur individuellen Ausdruck. Es gibt keine individuelle Realit\u00e4t. Aus einer gr\u00f6\u00dferen Realit\u00e4t zu sch\u00f6pfen bedeutet, dass du \u00fcber deine eigenen Interpretationen hinausgegangen bist, so dass du jetzt eine direkte Lebenserfahrung machen kannst. Du kannst auf eine neue Art sehen, auf eine neue Art h\u00f6ren, auf eine neue Art sprechen und das Leben auf eine neue Art und Weise erfahren.<\/p>\n<p>Wenn du also h\u00f6rst, dass andere davon sprechen, &#8220;ihre eigene Realit\u00e4t zu erschaffen&#8221;, sieh dies nur als ein Zeichen, das in die richtige Richtung weist. Das bedeutet f\u00fcr dich, dass du Verantwortung f\u00fcr den Inhalt deines Verstandes \u00fcbernehmen musst. Was denkst du in diesem Moment? Was du denkst ist relevant f\u00fcr das, was du gerade erf\u00e4hrst. Das ist korrekt. Aber dar\u00fcber hinaus ist die Realit\u00e4t, und das ist das gro\u00dfe Geschenk. Dies zu erreichen ist also mehr ein sich niederlassen als ein Aufbauen. Es ist das Ergebnis von Stille und Beobachtungsgabe, damit du deine eigene Interpretation durchdringen kannst. Ein ruhiger Verstand ist ein Verstand, der seine eigene Macht sammelt. Er kann seine vollen Ressourcen in jede Richtung lenken und das ist die Definition von Macht in der Welt.<\/p>\n<p>Konzentration ist Macht. Ein konzentrierterer Verstand wird eine gro\u00dfe Wirkung auf einen weniger konzentrierten Verstand haben. Wenn dieser Verstand auf das B\u00f6se oder die Zerst\u00f6rung konzentriert ist, wird er immer noch eine gro\u00dfe Wirkung auf einen weniger konzentrierten Verstand haben. Das ist der Grund, warum gro\u00dfe Kriege nur von Individuen ver\u00fcbt werden, die sich diesen Kriegen verschrieben haben. Ihr Einfluss auf weniger konzentrierte Verstandesformen ist ganz offensichtlich.<\/p>\n<p>Doch ein Verstand, der sich auf das Gute konzentriert, ist noch m\u00e4chtiger. Deshalb sind die Weisen verborgen und zeigen sich nicht. Sie wollen keinen allzu gro\u00dfen Einfluss haben. Sie wollen nicht zu viel Aufmerksamkeit von den falschen Personen auf sich ziehen. Sie heben sich f\u00fcr bestimmte Personen auf, von denen sie erkennen, dass sie tats\u00e4chlich auf ihre Gaben vorbereitet sind.<\/p>\n<p>Ich male hier ein gr\u00f6\u00dferes Bild, verstehst du? Begn\u00fcge dich nicht mit Vorstellungen oder kleinen Wahrheiten. Kenntnis ist immer noch in dir. Sie schl\u00e4ft wie ein Riese. Bis sie sich in deinem Leben manifestiert, ist dein Leben immer noch interpretierbar. Du bist noch nicht in direkter Beziehung zum Leben. Leben ist Beziehung. Das ist alles, was das Leben wirklich ist. Wenn du dich einsam f\u00fchlst, erf\u00e4hrst du diese Beziehung nicht. Das einzige was du neben dem Leben erfahren kannst, sind deine eigenen Vorstellungen, ja? Schlie\u00dflich ist das Leben alles. Es ist sehr schwer es nicht zu erfahren. Um das zu tun, musst du deine eigene innere Realit\u00e4t schaffen die interpretierbar ist und du musst mit ihr in Beziehung stehen.<\/p>\n<p>Der Lehrer der Kenntnis bringt dich aus der Beziehung zu den Vorstellungen und in die Beziehung zum Leben. Das ist der Prozess. Jeder Schritt auf dem Weg bringt gro\u00dfe Belohnungen. Er l\u00e4sst dich freier und unbeschwerter werden. In Kenntnis ist alles sehr einfach. In der Tat ist dein Leben so einfach, dass du dich anderen Leben widmen kannst, anderen helfen und f\u00fcr sie sorgen kannst, weil dein Leben so einfach ist. Du bist dann frei, \u00fcber dein eigenes Selbst hinaus teilzunehmen. Das ist das gro\u00dfe Gl\u00fcck und das erm\u00f6glicht es dir, in sinnvollen Beziehungen zu sein.<\/p>\n","protected":false},"excerpt":{"rendered":"<p>Im Weg der Kenntnis der Gr\u00f6\u00dferen Gemeinschaft sind Antworten nicht immer leicht zu finden. Die Dinge sind nicht immer sofort zug\u00e4nglich. Das liegt daran, dass man tiefer gehen muss. Du musst in Dinge eindringen, die einfach und offensichtlich sind, um das zu finden, was wirklich im Herzen deines Lebens liegt und was das Mysterium deines Lebens ausmacht. Im Weg der Kenntnis f\u00fchren Wir die Menschen durch viele Entwicklungsstufen. Es gibt andere Lehrer, die Informationen auf verschiedenen Ebenen verbreiten, um den Menschen auf ihrem Weg zu helfen, aber Unsere Rolle ist ein wenig anders. Wir pr\u00e4sentieren n\u00e4mlich einen Lehrplan f\u00fcr die Ausbildung in Kenntnis nach den uralten Schulen in der Gr\u00f6\u00dferen Gemeinschaft.<\/p>\n<p>Jetzt werde Ich \u00fcber Wahrnehmung, Realit\u00e4t und Kenntnis sprechen. Zuerst m\u00f6chte Ich ein paar Dinge \u00fcber Kenntnis sagen, damit du wei\u00dft, wor\u00fcber Ich spreche. An der Oberfl\u00e4che der Kenntnis ist die Erfahrung einer tiefen Intuition, die Erfahrung einer tiefen Einsicht und eines tiefen Wissens. Das ist an der Oberfl\u00e4che der Kenntnis. Jenseits der Oberfl\u00e4che ist die gesamte Erfahrung des Lebens in dieser Welt und jenseits dieser Welt, die du machen kannst, w\u00e4hrend du noch hier bist. Das ist es, was dich wieder mit dem Leben im Jenseits verbindet und dich bef\u00e4higt, vollst\u00e4ndig ein Beitragender zu sein,  w\u00e4hrend du noch in der Welt bist. In allen praktischen Aspekten ist dies die vollst\u00e4ndige Erf\u00fcllung, w\u00e4hrend du hier bist.<\/p>\n<p>Wir sprechen nicht von Erleuchtung, denn Erleuchtung ist v\u00f6llig relativ zu den verschiedenen Entwicklungsstufen. Wenn du einen Zustand der Erleuchtung erreichst, wirst du feststellen, dass du auf der n\u00e4chsten Stufe ein Anf\u00e4nger bist. Wenn die Menschen also von totaler Erleuchtung sprechen, sprechen sie davon, den H\u00f6hepunkt der Stufe zu erreichen, in der sie sich befinden. Es gibt gro\u00dfe Wendepunkte im physischen Leben, die nur sehr wenige Menschen erreichen\u2014diese werden im Allgemeinen als Erleuchtung angesehen.<\/p>\n","protected":false},"author":62,"featured_media":0,"parent":27930,"menu_order":0,"comment_status":"closed","ping_status":"closed","template":"template-leftsidebar.php","meta":{"_monsterinsights_skip_tracking":false,"_monsterinsights_sitenote_active":false,"_monsterinsights_sitenote_note":"","_monsterinsights_sitenote_category":0,"footnotes":""},"categories":[76,498,485,483],"tags":[1001,1289,1290,1000,1288,1252,1005],"_links":{"self":[{"href":"https:\/\/www.v6.newmessage.org\/de\/wp-json\/wp\/v2\/pages\/29325"}],"collection":[{"href":"https:\/\/www.v6.newmessage.org\/de\/wp-json\/wp\/v2\/pages"}],"about":[{"href":"https:\/\/www.v6.newmessage.org\/de\/wp-json\/wp\/v2\/types\/page"}],"author":[{"embeddable":true,"href":"https:\/\/www.v6.newmessage.org\/de\/wp-json\/wp\/v2\/users\/62"}],"replies":[{"embeddable":true,"href":"https:\/\/www.v6.newmessage.org\/de\/wp-json\/wp\/v2\/comments?post=29325"}],"version-history":[{"count":2,"href":"https:\/\/www.v6.newmessage.org\/de\/wp-json\/wp\/v2\/pages\/29325\/revisions"}],"predecessor-version":[{"id":29592,"href":"https:\/\/www.v6.newmessage.org\/de\/wp-json\/wp\/v2\/pages\/29325\/revisions\/29592"}],"up":[{"embeddable":true,"href":"https:\/\/www.v6.newmessage.org\/de\/wp-json\/wp\/v2\/pages\/27930"}],"wp:attachment":[{"href":"https:\/\/www.v6.newmessage.org\/de\/wp-json\/wp\/v2\/media?parent=29325"}],"wp:term":[{"taxonomy":"category","embeddable":true,"href":"https:\/\/www.v6.newmessage.org\/de\/wp-json\/wp\/v2\/categories?post=29325"},{"taxonomy":"post_tag","embeddable":true,"href":"https:\/\/www.v6.newmessage.org\/de\/wp-json\/wp\/v2\/tags?post=29325"}],"curies":[{"name":"wp","href":"https:\/\/api.w.org\/{rel}","templated":true}]}}