{"id":29124,"date":"2021-03-20T18:48:33","date_gmt":"2021-03-20T18:48:33","guid":{"rendered":"https:\/\/www.newmessage.org\/de\/?page_id=29124"},"modified":"2021-03-20T18:48:33","modified_gmt":"2021-03-20T18:48:33","slug":"vertrauen","status":"publish","type":"page","link":"https:\/\/www.v6.newmessage.org\/de\/die-botschaft\/band-5\/weisheit-aus-der-groseren-gemeinschaft-band-1\/vertrauen\/","title":{"rendered":"Vertrauen"},"content":{"rendered":"<div><!-- Legacy.1 Vertrauen --><\/div>\n\n<div class=\"tabgroup \"><ul class=\"tabs\"><li><a href=\"#tabs-1\">\u00dcber<\/a><\/li>\n<li><a href=\"#tabs-2\"> Anmerkung<\/a><\/li><\/ul>\n <div id=\"tabs-1\"><br \/>\n<a href=\"https:\/\/www.community.newmessage.org\/trust\/\"><img decoding=\"async\" class=\"size-medium wp-image-45902 imgborder aligncenter\" src=\"https:\/\/www.newmessage.org\/wp-content\/uploads\/2020\/04\/Trust-300x157.jpeg\" alt=\"Trust\" \/><\/a><\/p>\n<p class=\"revelation_details\"><em>Wie offenbart Gottes Boten<br \/>\nMarshall Vian Summers<br \/>\nam 20. M\u00e4rz 1987<br \/>\nin den USA<\/em><\/p>\n<div class=\"toggle toggle-white\"><h4 class=\"trigger \"><span class=\"t_ico\"><\/span><a href=\"#\">\u00dcber diesen Text<\/a><\/h4><div class=\"toggle_container \"><br \/>\n<p>Was du in diesem Text liest, ist die Transkription der Originalstimme des <a href=\"https:\/\/www.newmessage.org\/de\/wichtige-begriffe#aa\">Engelsrates<\/a>, wie sie \u00fcber den <a href=\"http:\/\/www.neuebotschaft.org\/der-bote\/\">Boten Marshall Vian Summers<\/a> sprach.<\/p>\n<p>Hierbei wird die originale Kommunikation von Gott, die jenseits von Worten existiert, vom <a href=\"https:\/\/www.newmessage.org\/de\/wichtige-begriffe#aa\">Engelsrat<\/a>, der \u00fcber die Welt wacht, in menschliche Sprache und menschliches Verst\u00e4ndnis \u00fcbersetzt. Der Rat bringt dann Gottes Botschaft \u00fcber den Boten dar, woraufhin sie transkribiert und euch und allen Menschen verf\u00fcgbar gemacht wird.<\/p>\n<p>In diesem bemerkenswerten Prozess spricht die <a href=\"https:\/\/www.newmessage.org\/de\/wichtige-begriffe#voice\">Stimme der Offenbarung<\/a> erneut. Das Wort und der Klang sind in der Welt. M\u00f6gest du der Empf\u00e4nger dieses Geschenks der Offenbarung sein und m\u00f6gest du offen sein, ihre einmalige Botschaft f\u00fcr dich und f\u00fcr dein Leben zu empfangen.<\/p>\n<br \/>\n<\/div><\/div><br \/>\n<\/div>\n<div id=\"tabs-2\"><br \/>\n<em> Anmerkung an den Leser:<br \/>\nDiese \u00dcbersetzung wurde der Society von einem Sch\u00fcler der Neuen Botschaft verf\u00fcgbar gemacht, der den englischen Originaltext als Freiwilliger \u00fcbersetzt hat. Wir stellen diese \u00dcbersetzung in dieser fr\u00fchen Form zur Verf\u00fcgung, damit jeder Gelegenheit hat, sich mit einem Teil der Neuen Botschaft in seiner eigenen Sprache zu befassen.<\/em><br \/>\n<\/div>\n\t\t\t\t<div align=\"right\">\n\t\t\t<div class=\"fb-like\" data-href=\"\" data-layout=\"button_count\" data-action=\"like\" data-show-faces=\"false\" data-share=\"false\"><\/div>\n\t\t\t<div class=\"fb-share-button\" data-layout=\"button_count\"> <\/div>\n\t\t\t<div class=\"fb_iframe_widget\"><a href=\"https:\/\/twitter.com\/godsnewmessage?ref_src=twsrc%5Etfw\" class=\"twitter-follow-button\" data-show-count=\"false\">Follow @godsnewmessage<\/a><script async src=\"https:\/\/platform.twitter.com\/widgets.js\" charset=\"utf-8\"><\/script><\/div>\n\t\t\t<\/div> <\/div> \n\n<p>Vertrauen ist ein sehr grundlegendes Thema und eines, mit dem du wahrscheinlich vertraut bist. Wenn du Fortschritte gemacht hast, musst du dich mit der Entwicklung von Vertrauen besch\u00e4ftigen und damit, worauf Vertrauen gegr\u00fcndet sein muss. Es gibt zwei Aspekte von dir, \u00fcber die wir sprechen m\u00fcssen, denn Vertrauen ist die Erm\u00e4chtigung, die du dir selbst gibst, um an einer Gr\u00f6\u00dferen Realit\u00e4t teilzunehmen, w\u00e4hrend du noch in der Welt bist. Es gibt deine <em>pers\u00f6nliche Seite<\/em>, die du entwickelt hast, seit du hier in dieser Welt angekommen bist und es gibt deine <em>Unpers\u00f6nliche Seite<\/em>, die etwas ist, das dir angeboren ist. Du hast sie nicht entwickelt; sie ist bereits vorhanden.<\/p>\n<p>Es ist nur deine Unpers\u00f6nliche oder tiefere Natur, die Kenntnis erkl\u00e4ren kann. Wenn du versuchst, \u00a0Vertrauen innerhalb deiner pers\u00f6nliche Seite zu entwickeln, wirst du gro\u00dfe Schwierigkeiten haben. Vertrauen wird hier sehr komplex und verwirrend erscheinen, mit vielen Widrigkeiten und Interessenskonflikten. Die pers\u00f6nliche Seite kann nicht vertrauen, weil sie allein und \u00e4ngstlich ist. Ihr Fundament ist instabil. Ihre Annahmen sind schwach. Ihre Assoziationen sind zerbrechlich und unsicher. Sie hat keine Grundlage f\u00fcr Vertrauen. Erst wenn deine tiefere Natur auftaucht, kann Vertrauen endlich in dir selbst entstehen, doch du musst das Vertrauen ausdehnen, um dieses Entstehen zu erm\u00f6glichen.<\/p>\n<p>Menschen haben Schwierigkeiten, weil sie versuchen, ihre Pers\u00f6nlichkeit zu nutzen, um sich selbst zu erf\u00fcllen. Sie versuchen, ihre W\u00fcnsche und Anspr\u00fcche zu erf\u00fcllen und jene Dinge zu vermeiden, die sch\u00e4dlich erscheinen oder ihnen das, was sie wollen, vorenthalten k\u00f6nnten. Das ist sehr schwierig, denn die pers\u00f6nliche Seite nimmt nicht voll am Leben teil und versteht nicht was geschieht.<\/p>\n<p>Deshalb wird Vertrauen sehr schwierig. Wie kannst du vertrauen, wenn du so viel Angst um dich selbst hast? Wie kannst du in einer Welt, die so bedrohlich ist und so viele Widrigkeiten mit sich bringt, vertrauen? Wie kann dein Vertrauen echt sein und nicht nur eine akademische \u00dcbung, um dein Gef\u00fchl der unmittelbaren Sicherheit zu st\u00e4rken? Dar\u00fcber m\u00fcssen Wir sprechen.<\/p>\n<p>Es ist sicherlich offensichtlich, dass Vertrauen beim Lernen unerl\u00e4sslich ist besonders wenn du Kenntnis entwickelst. Hier versuchst du, etwas zu erhalten, das unerkl\u00e4rlich und mysteri\u00f6s ist. Kenntnis ist eine Gr\u00f6\u00dfere Kraft in dir, die f\u00fcr innewohnende Beziehung sorgt und f\u00fcr eine Gr\u00f6\u00dfere Realit\u00e4t spricht. Sie f\u00fchrt dich in Richtungen, die du nie gegangen bist und doch ist sie so nat\u00fcrlich. Was kann deine pers\u00f6nliche Seite angesichts dieser Dinge tun, au\u00dfer sich zu beugen, sich zu wehren oder sich zu entfremden? Das sind die drei denkbaren Reaktionen. Doch wenn Kenntnis st\u00e4rker wird, muss deine pers\u00f6nliche Seite einwilligen, weil sie \u00fcberlagert wird.<\/p>\n<p>Das ist nicht die Entwicklungsstufe, in der du dich derzeit befindest. Damit du vorankommst versuchst du, Vertrauen aufzubauen. Dein Vertrauen darf sich nicht auf diese Welt st\u00fctzen, sondern auf etwas Gr\u00f6\u00dferes als die Welt, denn hier gibt es keinerlei Fundament f\u00fcr Vertrauen. Man kann Vertrauen nicht auf den Wandel gr\u00fcnden. Bitte versuche das zu verstehen. Vertrauen muss sich auf etwas gr\u00fcnden, das best\u00e4ndig und dauerhaft ist. Dann kann echtes Vertrauen entstehen. Es braucht ein solides Fundament, das nicht durch \u00e4ngstliche Erscheinungen oder negative Assoziationen bedroht ist.<\/p>\n<p>Die Schwierigkeit dabei ist, dass, wenn du in der pers\u00f6nlichen Seite lebst, die einzige verl\u00e4ssliche Informationsquelle f\u00fcr deine Schlussfolgerungen das ist, was deine Sinne dir berichten. Das Leben in der pers\u00f6nlichen Seite kann nicht f\u00fcr eine Gr\u00f6\u00dfere Realit\u00e4t einstehen. Die pers\u00f6nliche Seite hofft, dass es irgendwo anders eine bessere Welt gibt, in die du gehen kannst, wenn du von hier weggehst, aber sie kann keine Gr\u00f6\u00dfere Realit\u00e4t erkl\u00e4ren.<\/p>\n<p>Deshalb sind Menschen, die in der pers\u00f6nlichen Seite des Verstandes leben, sehr begrenzt und im Wesentlichen ziemlich ver\u00e4ngstigt. Sie m\u00fcssen ihre Stabilit\u00e4t und ihre St\u00e4rke allein auf die St\u00e4rke ihrer Vorstellungen gr\u00fcnden und sie werden eine starre Struktur des Denkens entwickeln, auf die sie ihre Identit\u00e4t, ihre Richtung und ihren Zweck gr\u00fcnden k\u00f6nnen. Letztendlich wird sie diese Struktur im Stich lassen.<\/p>\n<p>Deshalb wirst du in der Vorbereitung auf Kenntnis sanft aus dieser Struktur herausgef\u00fchrt. Es ist eine erstaunliche Tatsache, dass Kenntnis entstehen muss, wenn der Verstand ge\u00f6ffnet ist und sein Kampf um die Identit\u00e4t gescheitert ist. Einige von euch f\u00fchlen sich, als ob sie nirgendwo hingehen, dass sie k\u00e4mpfen oder dass ihr Leben ziellos erscheint. Du kannst nicht gen\u00fcgend Begeisterung hervorrufen. Auf der pers\u00f6nlichen Seite sieht das nach Tod und Verzweiflung aus. Doch dies ist die Gelegenheit, auf die deine Lehrer schon so lange gewartet haben. Es bedeutet, dass du jetzt in der Lage bist, auf etwas zu reagieren, das jenseits deiner eigenen Gedanken, deiner W\u00fcnsche und deiner Pl\u00e4ne liegt.<\/p>\n<p>Das Versagen der pers\u00f6nlichen Seite, das Wesen zu f\u00fchren und zu sch\u00fctzen, ist der Beginn des Entstehens der Kenntnis. Kenntnis beginnt mit Versagen\u2014dem Versagen, dein Leben zu organisieren und zu lenken, dem Versagen, deine Beziehungen auf der Grundlage deiner Erwartungen und Anforderungen zu gestalten und dem Versagen, das Universum so zu steuern, dass es deinen W\u00fcnschen entspricht. Dieses Versagen ist eine gro\u00dfe Befreiung von der Knechtschaft.<\/p>\n<p>Die Menschen sind sehr unerbittlich, dass Gott kommen und die Welt genau so machen soll, wie sie es wollen, aber Gott hat andere Pl\u00e4ne. Gottes Absicht ist es, alle hier zu befreien, damit sie in ihre Uralte Heimat zur\u00fcckkehren k\u00f6nnen. Anstatt also die Welt zu einem perfekten Ort f\u00fcr deine Trennung zu machen, hat Gott die Kr\u00e4fte in Bewegung gesetzt, um deine Trennung zu durchbrechen. Das ist sehr liebevoll. Es ist ganz und gar nicht heftig. Gott hat dies getan, weil du Kenntnis hast und weil du deine Unpers\u00f6nliche Seite nicht mit deinen pers\u00f6nlichen W\u00fcnschen in Einklang bringen kannst.<\/p>\n<p>Deshalb ist dein pers\u00f6nlicher Wille umso schw\u00e4cher, je st\u00e4rker deine Unpers\u00f6nliche Seite wird. Das ist der Grund, warum einigen von euch das Interesse an dieser Welt vergeht. Wenn ihr dies richtig akzeptiert, werdet ihr sehen, dass es das Auftauchen der Wahrheit in euch ist. Doch aus der pers\u00f6nlichen Sicht kann es in der Tat ziemlich be\u00e4ngstigend sein. Wir w\u00fcnschen Uns, dass ihr eure \u00c4ngste \u00fcberwindet und dies auf eine andere Art und Weise wahrnehmt.<\/p>\n<p>Gott ist nur daran interessiert, die Kommunikation mit dir wieder herzustellen. Das ist alles, was z\u00e4hlt, denn das ist das Universum. Was kannst du hoffen, hier ohne das zu erreichen? Deine Spanne von Jahren ist recht kurz. Deine Umwelt ist viel m\u00e4chtiger als du es bist, oder scheinbar bist. Es gibt unz\u00e4hlige Widrigkeiten, die deinen Fortschritt untergraben. Es muss noch etwas anderes geben. Darauf muss also dein Vertrauen ausgerichtet sein.<\/p>\n<p>Verstehst du? Solange deine prim\u00e4re Absicht gegen deine Kenntnis gerichtet ist, wirst du mit dir selbst und deiner Umgebung in Konflikt stehen. Deine Beziehungen werden diesen Konflikt zum Ausdruck bringen. So sehr du auch eine Beziehung zueinander haben willst, wirst du nicht wissen, was du damit tun sollst, wenn du sie hast. Das ist ein sehr schmerzhaftes Dilemma, aber nicht eines ohne L\u00f6sung.<\/p>\n<p>Sanft, sanft m\u00f6chte die Pr\u00e4senz deiner <a href=\"http:\/\/bit.ly\/2Mkb4bM\">Spirituellen Familie<\/a> deine Last der Selbstbestimmung erleichtern. Du hast eine gr\u00f6\u00dfere M\u00f6glichkeit, als deine eigenen Pl\u00e4ne rechtfertigen k\u00f6nnen. Dem kannst du dich ganz nat\u00fcrlich \u00f6ffnen. Doch wenn dein Verstand f\u00fcr seine W\u00fcnsche w\u00fctet, wird er dies als v\u00f6lliges Versagen empfinden und dieser tieferen Neigung, die so nat\u00fcrlich f\u00fcr dich ist, nicht nachgeben.<\/p>\n<p>Wir sprechen davon nicht im Sinne von Passivit\u00e4t, denn zu lernen, sich der Kenntnis hinzugeben, wird eine gr\u00f6\u00dfere Hingabe und ein gr\u00f6\u00dferes Ma\u00df an Selbstbestimmung, Selbstkontrolle und Beteiligung mit anderen erfordern, als du es bisher kanntest. Dies aktiviert all deine nat\u00fcrlichen F\u00e4higkeiten und gibt ihnen eine einheitliche Richtung.<\/p>\n<p>Die Unterscheidung zwischen dem Pers\u00f6nlichen und dem Unpers\u00f6nlichen ist so wichtig. Wenn du in deiner Unpers\u00f6nlichen Seite bist, wirst du eine ganz andere Welt sehen als die Welt, die du in deiner pers\u00f6nlichen Sichtweise siehst. Die Zeit wird stillstehen. Du wirst in der Gegenwart sein. Du bist jetzt in einem anderen Bewusstseinszustand. Wenn du dies erf\u00e4hrst, selbst f\u00fcr einen Moment, wird dir das Gef\u00fchl des Kontrastes eine Neigung dazu geben, was du erreichen musst, um Frieden in dieser Welt zu haben. Es wird auch deine Werte kl\u00e4ren, damit du ein wahres Ziel im Leben hast\u2014der Gr\u00f6\u00dferen Realit\u00e4t zu dienen, damit sie in dir zum Vorschein kommt.<\/p>\n<p>Ohne Kenntnis kannst du nichts l\u00f6sen und ohne sie wirst du das Fundament f\u00fcr Glauben, Vertrauen oder Gl\u00fcck nicht haben. Alle deine Vergn\u00fcgungen werden vor\u00fcbergehend, instabil und leicht herauszufordern sein. Wenn du ernsthaft dar\u00fcber nachdenkst, wird es ganz offensichtlich.<\/p>\n<p>Dennoch bist du nicht ohne Hoffnung, denn Kenntnis ist bei dir. Sie hat ihre eigene Bestimmung und ihren eigenen Weg. Du magst dich selbst in diese und jene Richtung ziehen, aber du kannst den tieferen Aspekt deiner selbst nicht \u00fcberzeugen, daran teilzunehmen. Die L\u00f6sung deiner Probleme ist immer recht einfach, aber dein Ansatz zur L\u00f6sung ist recht komplex, verstehst du? Es ist nicht schwer, dich zu heilen, aber es ist schwierig f\u00fcr dich, Heilung zu wollen. Heilung geschieht nicht nach deinen eigenen Bedingungen oder auf deine eigene Weise, weil sie aus einer Realit\u00e4t kommt, die gr\u00f6\u00dfer als deine pers\u00f6nliche Sph\u00e4re ist. Sie kommt aus der Gr\u00f6\u00dferen Realit\u00e4t von der du ein Teil bist, aber nicht beherrschen kannst.<\/p>\n<p>In der Tat musst du deine Gedanken, Gef\u00fchle und Aktivit\u00e4ten lenken, damit sie gem\u00e4\u00df einer tieferen Erfahrung gelenkt werden k\u00f6nnen. Du wirst diese Erfahrung des Seins im Unpers\u00f6nlichen immer mehr wollen, denn hier kommt alles zur Ruhe und du kannst anfangen zu sehen. Du wirst hier Vertrauen haben, weil dein Vertrauen auf etwas basiert, das solide und etabliert ist. Und du wirst dein pers\u00f6nliches Selbst wie ein liebevoller Elternteil wahrnehmen, der das kleine schreiende Kind versteht und nicht beleidigt ist. Deine pers\u00f6nliche Seite wird sich schlie\u00dflich in die Kenntnis integrieren und ihren rechtm\u00e4\u00dfigen Beitrag finden. So wird alles erf\u00fcllt und vereint sein.<\/p>\n<p>Du musst erkennen, dass w\u00e4hrend du in deiner pers\u00f6nlichen Seite lebst, du nichts l\u00f6sen kannst. Du wirst viele gro\u00dfe Vors\u00e4tze versuchen, neue Pl\u00e4ne machen, in neue Beziehungen treten oder versuchen, dein Umfeld zu ver\u00e4ndern, aber wenn deine Kenntnis nicht in diese Richtung geht, dann wirst du keine \u00dcbereinstimmung in deinem eigenen wahren Sein haben. Deine ganze Entschlossenheit wird den wahren Kurs deines Lebens nicht beeinflussen. Der Versuch, dies zu tun, f\u00fchrt zum Scheitern, was dich zu der wahren \u00d6ffnung f\u00fchren kann, von der Wir sprechen.<\/p>\n<p>Es ist dann die Kenntnis, die dein Vertrauen erfordert. Weil du in der pers\u00f6nlichen Seite lebst, musst du dem tieferen Aspekt deiner selbst vertrauen. Du lebst den Gro\u00dfteil deines Lebens nicht bewusst dort, aber es ist m\u00f6glich, dort zu leben. Dies ist in der Tat die Verhei\u00dfung, das dir gegeben wird, aber das ist nicht das, wo du jetzt bist.<\/p>\n<p>Je mehr du deshalb Kenntnis in dir selbst erf\u00e4hrst, desto mehr wirst du nat\u00fcrlich ein Gef\u00fchl f\u00fcr Zweck, Richtung und Identit\u00e4t haben. Mit jedem kleinen Schritt, an dem du dies erf\u00e4hrst, hinterl\u00e4sst sie einen bleibenden Eindruck. Du kannst dann zu deiner pers\u00f6nlichen Seite zur\u00fcckkehren, zu deinem pers\u00f6nlichen mentalen Rahmen, aber mit etwas mehr Perspektive und einer Erinnerung an die Wahrheit.<\/p>\n<p>Vertrauen l\u00e4sst sich dann am einfachsten auf diese Weise erkl\u00e4ren: Du vertraust deiner tieferen Natur auch wenn du nicht mit ihr verbunden bist. Du wirst sehen, dass sich das Leben tats\u00e4chlich in deinem Namen verschw\u00f6rt. Wenn du aufh\u00f6rst zu versuchen, es f\u00fcr unmittelbare Ziele zu nutzen, dann wirst du in der Lage sein, das Leben zu deinem Vorteil wahrzunehmen.<\/p>\n<p>Bitte realisiere, dass das Vertrauen, das du entwickeln musst, das Vertrauen in die Kenntnis in dir ist und das Vertrauen in die Lehrer, die dir helfen, diese Kenntnis zu aktivieren und ihr Bedeutung zu geben. Deine Entwicklung ist sehr stark ein Gruppenprozess. Du kannst dies in diesem Moment nicht vollst\u00e4ndig sehen und erfahren. Das liegt daran, dass du in deiner pers\u00f6nlichen Seite bist, die diese Dinge nicht verk\u00f6rpern.<\/p>\n<p>Die Frage ist dann nicht: &#8220;Wie kann ich Vertrauen entwickeln?&#8221; Die Frage ist: &#8220;Wie kann ich Zugang zur Kenntnis erlangen?&#8221; Kenntnis wird alle notwendige Motivation und Rechtfertigung f\u00fcr den wahren Glauben liefern, so dass, wenn du dir sagst: &#8220;Ich brauche mir keine Sorgen zu machen, weil ich wei\u00df, dass diese Situation funktionieren wird&#8221;, du dir nicht einfach nur ein wenig Aufmunterung gibst; du bist sehr, sehr sicher. Warum? Weil du sie in Bewegung sehen kannst. Du schaust ohne deine eigenen Gedanken. Dein Verstand ist offen. Er kann nun die Situation wahrnehmen, wie sie sich wirklich entfaltet.<\/p>\n<p>Wenn du dir eine Beziehung w\u00fcnschst oder in einer Beziehung bist, kehre zur Kenntnis zur\u00fcck und du wirst sehen k\u00f6nnen was dein n\u00e4chster Schritt ist. Ohne dies wirst du zwischen Heiterkeit und enormer Angst schwanken. Hochgef\u00fchl und Furcht. Hochgef\u00fchl und Furcht. Verlangen und Entt\u00e4uschung. Verlangen und Entt\u00e4uschung.<\/p>\n<p>Darum sagen Wir zu Menschen, die sich eine Ehe und eine wahre Partnerschaft in diesem Leben w\u00fcnschen: &#8220;Entwickle Kenntnis.&#8221; Dann wird deine Beziehung ein Fundament haben und du kannst dieser Beziehung vertrauen, weil sie dieses Fundament hat. Das ist der weise Ansatz. Das ist die Vorbereitung auf die Beziehung. Das ist die Vorbereitung auf den Zweck in der Welt.<\/p>\n<p>Wie kannst du Mir vertrauen, siehst du? Ich bin lediglich ein Ph\u00e4nomen. Weil du mich <em>kennst.<\/em> Das ist es, wie du mir vertrauen kannst. Nicht, weil du mit mir \u00fcbereinstimmst oder an mich glaubst oder irgendetwas in dieser Art. Ich kann nur gewusst werden. Ihr nehmt euch gegenseitig wahr, aber ihr habt keine Beziehung, bis die Beziehung bekannt wird. Ich bin nicht anders. Ich bin einfach unsichtbar. Aber das bedeutet nicht, dass ihr keine so tiefe Beziehung zu mir haben k\u00f6nnt, wie ihr es zueinander k\u00f6nnt, denn Beziehung existiert auf der Ebene der Kenntnis. Du kannst nicht auf Menschen zeigen und sagen: &#8220;Da ist eine Beziehung.&#8221; Beziehungen sind unsichtbar. Sie ist eine innewohnende Verbindung zwischen zwei Verstandesformen. Die beiden K\u00f6rper m\u00f6gen zusammenstehen oder sich aneinander reiben, aber das ist keine Beziehung. Man kann keine Beziehung sehen. Du kannst dir eine Beziehung nicht einmal vorstellen. Sie kann nur bekannt sein. Du kannst dir euer gemeinsames Verhalten vorstellen, eure gemeinsamen Interessen oder den Grad der Stimulation, den ihr f\u00fcreinander empfindet, aber das alles ist sehr ver\u00e4nderlich und kann sehr schnell verschwinden. Das ist nicht die tiefere Qualit\u00e4t, von der Wir sprechen. Wir w\u00fcnschen uns, dass ihr euch gegenseitig zu sch\u00e4tzen wisst, und deshalb bieten wir diese Einsicht an.<\/p>\n<p>Ein Teil der Schwierigkeit, Vertrauen zu entwickeln, ist dein Versuch, unm\u00f6gliche Dinge zu tun. Deshalb ist es notwendig, dass wir dir raten, keine unm\u00f6glichen Dinge zu tun. Sie erfordern gro\u00dfe Energie, auch wenn sie dein Gef\u00fchl der Selbstbestimmung zu stimulieren scheinen. Je schwieriger die Widrigkeiten sind, desto gr\u00f6\u00dfer ist die Belohnung und desto gr\u00f6\u00dfer ist das Gef\u00fchl der pers\u00f6nlichen Belohnung, das du erwartest. Aber am Ende wird alles unm\u00f6glich und du gibst auf. Dann hast du die Gelegenheit, etwas zu erfahren.<\/p>\n<p>Wenn etwas wahr ist und du daran arbeitest, auch wenn es Widrigkeiten gibt, ist es eine ganz andere Erfahrung. Alles macht dich st\u00e4rker und nicht schw\u00e4cher. Hier aktivieren sowohl Zusammenarbeit als auch Widrigkeiten die Kenntnis noch kraftvoller. Anstatt schw\u00e4cher zu werden, wirst du st\u00e4rker. Anstatt dich immer mehr zu entfremden, wirst du immer sicherer. Warum ist das so? Weil du deine Unpers\u00f6nliche Seite aktivierst. Sie wird st\u00e4rker und du vertraust ihr und verl\u00e4sst dich immer mehr auf sie.<\/p>\n<p>Nur wenn du dich auf Kenntnis verl\u00e4sst kannst du verstehen, was sie ist und was sie tun kann. Deshalb m\u00fcssen die Sch\u00fcler, wenn sie die Praktiken in den <a href=\"http:\/\/bit.ly\/2CuMpLr\">Schritten zur Kenntnis<\/a> lernen, an einem bestimmten Punkt etwas tun, das auf Kenntnis basiert\u2014vielleicht kleine Dinge, aber dann gro\u00dfe Dinge, denn so wird Kenntnis st\u00e4rker. Auf diese Weise wird wirklich Vertrauen aufgebaut. Wenn du dies erfolgreich getan hast, dann wirst du, wenn du vor einer neuen Herausforderung im Leben stehst in der Lage sein, dich an deine fr\u00fcheren Erfahrungen zu erinnern. Sie werden der Beweis sein, dass dein Vertrauen gut begr\u00fcndet war und dass sie das Unm\u00f6gliche tats\u00e4chlich noch einmal schaffen kann.<\/p>\n","protected":false},"excerpt":{"rendered":"<p>Vertrauen ist ein sehr grundlegendes Thema und eines, mit dem du wahrscheinlich vertraut bist. Wenn du Fortschritte gemacht hast, musst du dich mit der Entwicklung von Vertrauen besch\u00e4ftigen und damit, worauf Vertrauen gegr\u00fcndet sein muss. Es gibt zwei Aspekte von dir, \u00fcber die wir sprechen m\u00fcssen, denn Vertrauen ist die Erm\u00e4chtigung, die du dir selbst gibst, um an einer Gr\u00f6\u00dferen Realit\u00e4t teilzunehmen, w\u00e4hrend du noch in der Welt bist. Es gibt deine pers\u00f6nliche Seite, die du entwickelt hast, seit du hier in dieser Welt angekommen bist und es gibt deine Unpers\u00f6nliche Seite, die etwas ist, das dir angeboren ist. Du hast sie nicht entwickelt; sie ist bereits vorhanden.<\/p>\n","protected":false},"author":22,"featured_media":0,"parent":27930,"menu_order":0,"comment_status":"closed","ping_status":"closed","template":"template-leftsidebar.php","meta":{"_monsterinsights_skip_tracking":false,"_monsterinsights_sitenote_active":false,"_monsterinsights_sitenote_note":"","_monsterinsights_sitenote_category":0,"footnotes":""},"categories":[76,498,485,483],"tags":[1001,1177,1005],"_links":{"self":[{"href":"https:\/\/www.v6.newmessage.org\/de\/wp-json\/wp\/v2\/pages\/29124"}],"collection":[{"href":"https:\/\/www.v6.newmessage.org\/de\/wp-json\/wp\/v2\/pages"}],"about":[{"href":"https:\/\/www.v6.newmessage.org\/de\/wp-json\/wp\/v2\/types\/page"}],"author":[{"embeddable":true,"href":"https:\/\/www.v6.newmessage.org\/de\/wp-json\/wp\/v2\/users\/22"}],"replies":[{"embeddable":true,"href":"https:\/\/www.v6.newmessage.org\/de\/wp-json\/wp\/v2\/comments?post=29124"}],"version-history":[{"count":2,"href":"https:\/\/www.v6.newmessage.org\/de\/wp-json\/wp\/v2\/pages\/29124\/revisions"}],"predecessor-version":[{"id":29126,"href":"https:\/\/www.v6.newmessage.org\/de\/wp-json\/wp\/v2\/pages\/29124\/revisions\/29126"}],"up":[{"embeddable":true,"href":"https:\/\/www.v6.newmessage.org\/de\/wp-json\/wp\/v2\/pages\/27930"}],"wp:attachment":[{"href":"https:\/\/www.v6.newmessage.org\/de\/wp-json\/wp\/v2\/media?parent=29124"}],"wp:term":[{"taxonomy":"category","embeddable":true,"href":"https:\/\/www.v6.newmessage.org\/de\/wp-json\/wp\/v2\/categories?post=29124"},{"taxonomy":"post_tag","embeddable":true,"href":"https:\/\/www.v6.newmessage.org\/de\/wp-json\/wp\/v2\/tags?post=29124"}],"curies":[{"name":"wp","href":"https:\/\/api.w.org\/{rel}","templated":true}]}}