{"id":29101,"date":"2021-03-12T19:40:14","date_gmt":"2021-03-12T19:40:14","guid":{"rendered":"https:\/\/www.newmessage.org\/de\/?page_id=29101"},"modified":"2021-03-12T19:40:14","modified_gmt":"2021-03-12T19:40:14","slug":"anderen-dienen","status":"publish","type":"page","link":"https:\/\/www.v6.newmessage.org\/de\/die-botschaft\/band-5\/weisheit-aus-der-groseren-gemeinschaft-band-2\/anderen-dienen\/","title":{"rendered":"Anderen dienen"},"content":{"rendered":"<div><!-- Version 4.0 Anderen dienen --><\/div>\n\n<div class=\"tabgroup \"><ul class=\"tabs\"><li><a href=\"#tabs-1\">\u00dcber<\/a><\/li>\n<li><a href=\"#tabs-2\"> Anmerkung<\/a><\/li><\/ul>\n <div id=\"tabs-1\"><\/p>\n<p><a href=\"https:\/\/www.community.newmessage.org\/serving-others\/\"><img decoding=\"async\" class=\"aligncenter size-medium wp-image-43927 imgborder\" src=\"https:\/\/www.newmessage.org\/wp-content\/uploads\/2019\/12\/serving-others-300x157.jpeg\" alt=\"\" \/><\/a><\/p>\n<p><em>Wie offenbart Gottes Boten<br \/>\nMarshall Vian Summers<br \/>\nam 21. M\u00e4rz 1992<br \/>\nin Boulder, Colorado, USA<\/em><\/p>\n<div class=\"toggle toggle-white\"><h4 class=\"trigger \"><span class=\"t_ico\"><\/span><a href=\"#\">\u00dcber diesen Text<\/a><\/h4><div class=\"toggle_container \"><br \/>\n<p>Was du in diesem Text liest, ist die Transkription der Originalstimme des <a href=\"https:\/\/www.newmessage.org\/de\/wichtige-begriffe#aa\">Engelsrates<\/a>, wie sie \u00fcber den <a href=\"http:\/\/www.neuebotschaft.org\/der-bote\/\">Boten Marshall Vian Summers<\/a> sprach.<\/p>\n<p>Hierbei wird die originale Kommunikation von Gott, die jenseits von Worten existiert, vom <a href=\"https:\/\/www.newmessage.org\/de\/wichtige-begriffe#aa\">Engelsrat<\/a>, der \u00fcber die Welt wacht, in menschliche Sprache und menschliches Verst\u00e4ndnis \u00fcbersetzt. Der Rat bringt dann Gottes Botschaft \u00fcber den Boten dar, woraufhin sie transkribiert und euch und allen Menschen verf\u00fcgbar gemacht wird.<\/p>\n<p>In diesem bemerkenswerten Prozess spricht die <a href=\"https:\/\/www.newmessage.org\/de\/wichtige-begriffe#voice\">Stimme der Offenbarung<\/a> erneut. Das Wort und der Klang sind in der Welt. M\u00f6gest du der Empf\u00e4nger dieses Geschenks der Offenbarung sein und m\u00f6gest du offen sein, ihre einmalige Botschaft f\u00fcr dich und f\u00fcr dein Leben zu empfangen.<\/p>\n<br \/>\n<\/div><\/div>\n<p><\/div>\n<div id=\"tabs-2\"><br \/>\n<em> Anmerkung an den Leser:<br \/>\nDiese \u00dcbersetzung wurde der Society von einem Sch\u00fcler der Neuen Botschaft verf\u00fcgbar gemacht, der den englischen Originaltext als Freiwilliger \u00fcbersetzt hat. Wir stellen diese \u00dcbersetzung in dieser fr\u00fchen Form zur Verf\u00fcgung, damit jeder Gelegenheit hat, sich mit einem Teil der Neuen Botschaft in seiner eigenen Sprache zu befassen.<\/em><br \/>\n<\/div>\n\t\t\t\t<div align=\"right\">\n\t\t\t<div class=\"fb-like\" data-href=\"\" data-layout=\"button_count\" data-action=\"like\" data-show-faces=\"false\" data-share=\"false\"><\/div>\n\t\t\t<div class=\"fb-share-button\" data-layout=\"button_count\"> <\/div>\n\t\t\t<div class=\"fb_iframe_widget\"><a href=\"https:\/\/twitter.com\/godsnewmessage?ref_src=twsrc%5Etfw\" class=\"twitter-follow-button\" data-show-count=\"false\">Follow @godsnewmessage<\/a><script async src=\"https:\/\/platform.twitter.com\/widgets.js\" charset=\"utf-8\"><\/script><\/div>\n\t\t\t<\/div> <\/div> \n\n<p>Den Menschen zu dienen ist eine dir vertraute Idee, aber Wir m\u00fcssen dir eine umfassendere Sichtweise davon geben, was das bedeutet. Wir m\u00fcssen dich auch vor den Fehlern und Annahmen warnen, die allgemein gemacht werden, wenn Menschen sich dieser Idee n\u00e4hern und sie f\u00fcr sich selbst betrachten. Menschen zu dienen, kann zu einer gro\u00dfen Ausrede werden, oder es kann zu einer gro\u00dfen \u00d6ffnung werden. Es kann verwendet werden, um Dinge zu rechtfertigen, die nicht gerechtfertigt werden k\u00f6nnen, oder es kann verwendet werden, um Dinge zu unterst\u00fctzen, die wirklich w\u00fcrdig sind. Worin besteht hier der Unterschied? Der Unterschied liegt hier in der Vorbereitung, dem Temperament und dem Motiv.<\/p>\n<p>Die Vorbereitung bestimmt, wie weit du im Weg der Kenntnis gekommen bist, wie ehrlich du mit dir selbst bist, wie sehr du dir deiner eigenen Tendenzen und Unzul\u00e4nglichkeiten bewusst bist und wie sehr du dir der Umwelt und ihren Einfl\u00fcssen, einschlie\u00dflich deiner prim\u00e4ren Beziehungen, bewusst bist. Die Vorbereitung bestimmt, wie viel du wei\u00dft, welchen Grad an Klarheit du geschaffen hast und so weiter.<\/p>\n<p>Als n\u00e4chstes ist es eine Frage des Temperaments. Das Temperament wird bestimmen, was deine Neigung ist\u2014wie du dein eigenes Verhalten und das Verhalten anderer interpretierst und wie du auf die Welt entsprechend deiner Natur reagierst. Wenn du deine Natur entdeckt hast, wird dein Temperament bestimmen, ob und wie du konstruktiv mit ihr arbeiten kannst.<\/p>\n<p>Drittens ist es eine Frage des Motivs. Warum versuchst du, etwas f\u00fcr andere Menschen zu tun? Welche Art von Motiven hast du in Bezug auf dich selbst? Welche Art von Motiven hast du gedankenlos von anderen Menschen \u00fcbernommen? Das Motiv ist immer sehr wichtig, um die Urteilsf\u00e4higkeit zu erlangen. Du wirst falsche Motive haben bis deine Motive wahr werden, und deine wahren Motive m\u00fcssen entdeckt werden, weil die falschen scheitern werden. Hier werden Reife und Fortschritt eine gro\u00dfe Rolle f\u00fcr deinen Erfolg spielen. Jeder kann zum Beispiel sagen: &#8220;Ich bin hier, um den Menschen zu dienen. Mein Ziel ist es, den Menschen zu dienen. Ich wei\u00df, dass ich den Menschen dienen muss.&#8221; Dies st\u00f6\u00dft in der Regel auf Zustimmung, weil es sich um eine tugendhafte Idee handelt. Aber dein Motiv bestimmt alles. Wenn du pers\u00f6nlich motiviert bist, wird das Ergebnis deiner Handlungen Verwirrung, gespaltene Loyalit\u00e4t, \u00c4ngstlichkeit, Unruhe, Ungewissheit und so weiter mit sich bringen.<\/p>\n<p>Wenn deine Motivation jedoch aus einer tieferen spirituellen Neigung resultiert, die Wir Kenntnis nennen, dann wirst du einen ganz anderen Ansatz haben und die Ergebnisse und die Belohnungen werden dies widerspiegeln. Wenn Kenntnis nicht das Leitprinzip in deinen Motiven ist, dann wirst du nicht in der Lage sein, eine spirituelle \u00dcbertragung zu bewirken\u2014du wirst nicht in der Lage sein, Kenntnis in einem anderen zu aktivieren\u2014und du wirst nicht in der Lage sein, die segensreichen Ergebnisse zu erzielen, die wirklich dauerhaft sind. Selbst deine pers\u00f6nliche Motivation, anderen zu helfen, ist aus deinem Wunsch nach Selbstbelohnung entstanden. Selbst dein Wunsch, Menschen zu dienen oder das Leiden anderer zu lindern, kann aus deinem Wunsch geboren sein, einen Aspekt oder eine Vorstellung von dir selbst zu erf\u00fcllen. Diese Motivation ist grunds\u00e4tzlich egoistischer Natur. Diese pers\u00f6nlichen Motive werden den Nutzen, den du zu erreichen versuchst, au\u00dfer Kraft setzen und infolgedessen wird dein Geben von Ungewissheit, \u00c4ngstlichkeit und Hemmungen gepr\u00e4gt sein.<\/p>\n<p>Jeder hat pers\u00f6nliche Motive, Gutes zu tun. Das ist verst\u00e4ndlich. Wir sagen nicht, dass diese Motive b\u00f6se sind; Wir sagen, dass sie einfach beiseite gelegt werden m\u00fcssen, damit etwas Gr\u00f6\u00dferes entsteht. Die Welt hat viele Probleme und sie fordert selbstloses Handeln. Allerdings musst du dich darauf vorbereiten und du musst mit ihr wachsen, w\u00e4hrend du voranschreitest. Dann kann dir etwas Gr\u00f6\u00dferes gegeben werden. Wenn du dann die Hungrigen n\u00e4hrst, das Leiden linderst, dich um die Kranken k\u00fcmmerst oder wertvolle Ressourcen f\u00fcr andere Menschen bereitstellst\u2014unabh\u00e4ngig auf welchem Gebiet oder Weg deines Ausdrucks\u2014wird die Spirituelle Pr\u00e4senz zum Ausdruck kommen und weitergegeben. Das ist das gr\u00f6\u00dfte Geschenk. Das ist mysteri\u00f6s. Das kann man in der Schule nicht lernen. Man kann sich nur darauf vorbereiten.<\/p>\n<p>Diejenigen, die mit der <a href=\"http:\/\/bit.ly\/2ktS1zq\">Gr\u00f6\u00dferen Gemeinschaft<\/a> verbunden sind, die von der Gr\u00f6\u00dferen Gemeinschaft angezogen und gerufen werden und deren Wesen die Gr\u00f6\u00dfere Gemeinschaft widerspiegelt, m\u00fcssen den Weg der Kenntnis der Gr\u00f6\u00dferen Gemeinschaft ergr\u00fcnden. Diese Lehre ist speziell f\u00fcr sie. Diese Menschen werden nirgendwo anders ihren Weg finden. Vielleicht werden sie wollen, dass die Vorbereitung anders ist als sie ist. Dies ist in der Regel der Fall. Wenn du etwas findest, das eine echte Antwort auf deine eigentliche Frage gibt, entspricht es oft nicht deinen Erwartungen. Es scheint nicht die gew\u00fcnschten Ergebnisse zu liefern. Und es erfordert Dinge von dir, die du vielleicht nicht bereit bist zu geben oder an die du nicht gedacht hast zu geben. Deshalb ist es hier so wichtig, dein Motiv und deine Natur zu verstehen.<\/p>\n<p>Man kann den Weg der Kenntnis der Gr\u00f6\u00dferen Gemeinschaft nicht wirksam an Personen weitergeben, die diese innere Verbindung nicht haben. Sie werden versuchen, es als eine Form der Therapie f\u00fcr sich selbst zu nutzen. Oder sie werden es benutzen, um Macht, Vorteil, Beziehungen, Reichtum und so weiter zu erlangen. Es wird verloren gehen und an ihnen verschwendet werden. Sie k\u00f6nnen es weder beanspruchen, verstehen noch nutzen. Diese Lehre bietet etwas viel Gr\u00f6\u00dferes als selbst diese Dinge, die so hoch gesch\u00e4tzt und in manchen F\u00e4llen durchaus notwendig sind. Aber du musst diese Ausrichtung der Gr\u00f6\u00dferen Gemeinschaft in dir haben. Wenn du das nicht hast, dann musst du eine andere Lehre und einen anderen Weg suchen. Aber wenn diese Lehre f\u00fcr dich ist, dann beanspruche sie, dann musst du sie und solltest sie beanspruchen, ob sie deinen Erwartungen und Vorlieben zu entsprechen scheint oder nicht.<\/p>\n<p>Wenn du anderen dienen willst, dann muss dir gedient werden und du musst lernen, was das Dienen wirklich bedeutet, sowohl in seinen praktischen und offensichtlichen Aspekten als auch in seinen mysteri\u00f6sen Aspekten. Dir muss gedient werden und du musst den Dienst annehmen, der dir zusteht. Dann wirst du lernen, welchen Dienst du leisten musst, f\u00fcr wen er bestimmt ist und wie er ausgedr\u00fcckt werden kann. Dann wirst du auch die Schwierigkeit verstehen k\u00f6nnen, die Menschen haben, die wahre Antwort auf ihre Bitten um Hilfe, Erneuerung und Erf\u00fcllung zu erhalten.<\/p>\n<p>Die Menschen stellen immer wieder die gleichen Fragen: &#8220;Wer bin ich? Warum bin ich hier? Wer ist bei mir? Was muss getan werden?&#8221; Das sind die wesentlichen Fragen. Das sind die Fragen, die all den Fragen &#8220;Warum das?&#8221; und &#8220;Warum dieses?&#8221; zugrunde liegen. Die Menschen suchen nach ihrer wahren Identit\u00e4t und sie suchen nach ihrer Spirituellen Familie, weil die wahre Identit\u00e4t nicht au\u00dferhalb des Kontextes einer wahren Beziehung erkannt werden kann.<\/p>\n<p>Beim Erlenen des Wegs der Kenntnis der Gr\u00f6\u00dferen Gemeinschaft suchen Menschen nach ihren Beziehungen sowohl innerhalb als auch au\u00dferhalb der Grenzen der Menschheit. Ihre Anforderungen sind etwas anders als die anderer Menschen. Ihre Kenntnis umfasst mehr als die Menschheit allein, unabh\u00e4ngig von ihren Vorstellungen, Fantasien oder Vorlieben. Viele Menschen sind an der Gr\u00f6\u00dferen Gemeinschaft interessiert, aber nur als eine Form der Flucht aus ihren eigenen praktischen und emotionalen Dilemmata. Doch diejenigen, die wissen, dass die Gr\u00f6\u00dfere Gemeinschaft ihr Leben und ihre Bestimmung ist, m\u00fcssen sehr genau darauf achten, was wir sagen. Vielleicht wei\u00dft du, der du dieses Buch liest, bereits, dass dies f\u00fcr dich gilt. Wenn ja, dann \u00f6ffnest du dich, um dieses Geschenk zu erhalten. Lerne, wie dir gedient wird. Lerne zu empfangen. Lerne, deine Vorlieben und Anforderungen an das, was Dienst f\u00fcr dich sein muss, beiseite zu legen. Viele Dinge, die du dir f\u00fcr dich selbst w\u00fcnschst, sind nicht notwendig, w\u00e4hrend andere Dinge gegeben werden m\u00fcssen und zwar auf eine Art und Weise, die du nicht erwartet hattest oder die du nicht voraussehen kannst.<\/p>\n<p>Wenn du lernen kannst, wie dir gedient wird, dann wirst du lernen, was Dienst ist. Dies wird deinen Wunsch zu geben entfachen und es wird dir auch die Weisheit geben, zu lernen, wie du gibst, wem du geben musst und gegen\u00fcber wem du dein Geschenk zur\u00fcckhalten musst. Das ist Weisheit. Auch das muss man lernen. Wenn du geduldig lernen kannst, wie man dir dient, dann wird dein Wunsch zu geben von Natur aus wachsen und die Weisheit, die sie begleiten muss, damit sie ihren fruchtbaren Ausdruck in der Welt findet, wird auch wachsen.<\/p>\n<p>Dazu ben\u00f6tigst du eine Gemeinschaft von Sch\u00fclern der Kenntnis. Du wirst andere brauchen, die dir zeigen, was in dir kultiviert, gepflegt und entwickelt werden muss und was du ganz und gar zur\u00fcckhalten oder einschr\u00e4nken musst. Bis etwas in den Kontext der Beziehung gebracht wird, ist es noch nicht erf\u00fcllt. Es ist nur ein Potential. Deshalb bringt dich der Weg der Kenntnis in Beziehung.<\/p>\n<p>Vielleicht willst du nicht in Beziehung kommen oder die einzige Art von Beziehung, von der du denkst, dass du sie willst, ist eine romantische Beziehung. Dieses ist ziemlich allgemein, weil die Menschen oft denken, dass romantische Beziehungen alle ihre Beziehungsbed\u00fcrfnisse abdecken und deshalb haben sie hier so gro\u00dfe Erwartungen. Aber in der Tat, ist die romantische Beziehung ein sehr kleiner Teil deiner Beziehungen insgesamt.<\/p>\n<p>Dies wird im Weg der Kenntnis deutlich, denn hier wirst du Menschen brauchen, die dir zeigen, was wahr und was unwahr ist. Hier brauchst du andere, die dir zeigen, was du sehen musst, damit du objektiv sehen kannst, was mit anderen einfacher zu tun ist als mit dir selbst. Sie werden dir beibringen, wie du dich objektiv sehen kannst, wenn du lernst, \u00fcber deine eigenen Handlungen und Gedanken und die Art deiner Interaktion mit anderen zu reflektieren. Dies ist ein sehr langsamer Lernprozess. Die wesentlichen Schritte m\u00fcssen unternommen werden und sind oft schwer zu erlernen und zu entschl\u00fcsseln.<\/p>\n<p>Wie Wir bereits mehrfach gesagt haben, ist der Weg der Kenntnis der Gr\u00f6\u00dferen Gemeinschaft kein individuelles Vorhaben. Es bringt dich in die Gemeinschaft, um dir zu zeigen, dass du mit dem Leben verbunden bist und dass du dich mit bestimmten Menschen auf bestimmte Weise zu einem bestimmten Zweck verbinden musst. Hier neigen die Menschen dazu, sich bedroht zu f\u00fchlen und sich zur\u00fcckzuziehen, weil sie alles haben wollen, aber nur sehr wenig von sich selbst geben. Selbst ihr Geben dient dazu, sich selbst reicher zu machen. Es ist wahr, dass echtes Geben dich reicher machen wird, aber dein wahrer Reichtum wird durch die Wiederherstellung der Kenntnis entdeckt. Es wird nicht ber\u00fccksichtigt, wie viele Verm\u00f6genswerte, Freunde und Vergn\u00fcgungen du im Leben erworben hast. Sie alle sind st\u00e4ndig bedroht und leicht zu verlieren. Aber die Wiedererlangung der Kenntnis kann nicht verloren gehen, es sei denn sie wird nicht vernachl\u00e4ssigt oder verleugnet und selbst dann wird sie bei dir bleiben und mit dir gehen, wohin du gehst.<\/p>\n<p>Die Menschen sagen viele Dinge, die wahr sind, aber sie verstehen nicht die Wahrheit in dem Gesagten. Sie interpretieren die Dinge nach ihren pers\u00f6nlichen Motiven, verstehst du? Die Menschen sagen: &#8220;Ich muss anderen dienen. Ich muss meine spirituelle Wahrheit finden. Ich muss meine Intuition entwickeln.&#8221; Du kannst alle richtigen Dinge aus den falschen Gr\u00fcnden sagen. Es sind Motiv, Vorbereitung und Temperament, die wichtig sind.<\/p>\n<p>Wenn du wirklich anderen dienen willst, und wenn du erkennst, dass dies notwendig ist, damit du deinen Wert und dein Geschenk zur\u00fcckerlangen und deine wahre Natur erkennen kannst, dann musst du lernen, dass dir gedient wird\u2014nicht nach deinen Diktaten, sondern nach dem, was die Antwort selbst von dir verlangt zu tun und zu empfangen. Wenn zum Beispiel der Weg der Kenntnis der Gr\u00f6\u00dferen Gemeinschaft die Antwort ist, dann musst du lernen, ihn zu empfangen, ihn zu praktizieren und nach seinen Methoden zu ergr\u00fcnden. Sicherlich wird die Art und Weise, wie du dich ihm n\u00e4herst, von deiner Natur, deinen Motiven und deinem Temperament bestimmt, aber dennoch musst du dich nach seinen Vorgaben entwickeln. Wenn Menschen versuchen, den Weg der Kenntnis anhand ihrer eigenen pers\u00f6nlichen Motive zu erlernen, werden sie scheitern, aber ihr Scheitern wird ihnen entgehen, bis die tats\u00e4chlichen Kosten bekannt werden.<\/p>\n<p>Deshalb sagen Wir, wenn du anderen dienen willst, musst du lernen, dass dir gedient wird. Das bedeutet zu lernen, zu empfangen. Das bedeutet zu lernen, zu akzeptieren. Es geht darum, Urteilsf\u00e4higkeit zu lernen. Es geht nicht darum, sich blind f\u00fcr das zu \u00f6ffnen, was angeboten wird. Es geht darum zu lernen, mit dem zu arbeiten, was angeboten wird. Wenn du dies tust, wirst du in der Lage sein, deine eigene Natur zu erkennen. Und du wirst in der Lage sein, deine Motive zu erkennen. Und du wirst in der Lage sein, in deiner Vorbereitung fortzufahren und st\u00e4rker, weiser und reifer zu werden. Reife bedeutet hier, erkennen zu k\u00f6nnen, was wahr und was falsch ist, und diese zu unterscheiden und entsprechend zu w\u00e4hlen. Zeit, \u00dcbung und weise Entscheidungen bewirken dies ebenso wie die gro\u00dfe Unterst\u00fctzung durch deine wesentlichen Beziehungen\u2014deine Beziehungen zu anderen Menschen und deine Beziehung zu deiner <a href=\"http:\/\/bit.ly\/2OHXgZ4\">Spirituellen Familie<\/a>, deren Hilfe und F\u00fchrung du unbewusst empf\u00e4ngst und nutzt, sodass ihr Nutzen erkannt werden kann. Wenn du aus diesem Leben scheidest, wirst du deutlicher sehen k\u00f6nnen, warum dir gewisse Dinge widerfahren sind und wer letztendlich dahinter stand.<\/p>\n<p>W\u00e4hrend du lernst, dass dir gedient wird, wirst du lernen, dass dein Geschenk f\u00fcr gewisse Menschen und f\u00fcr gewisse Situationen bestimmt ist, um gewisse Ergebnisse zu erzielen. Im Laufe der Zeit, wenn du gelernt hast, deine Natur und deine Motive zu erkennen, wirst du in der Lage sein, die Natur anderer Menschen, die sich von deiner unterscheiden, und ihre Motive zu erkennen. Die Natur der Menschen ist unterschiedlich, aber ihre Motive sind es nicht. Die Motive der Menschen, unabh\u00e4ngig davon, wie sie individuell interpretiert und ausgedr\u00fcckt werden, lassen sich in zwei Kategorien einteilen: Es gibt die pers\u00f6nliche Motivation, die ein Versuch ist, die individuelle Identit\u00e4t gewisser, ausgepr\u00e4gter und autonomer zu machen. Und dann ist da noch die Motivation der Kenntnis, die ein ganz anderes Ergebnis bewirken wird. Mit Kenntnis wird die Einzigartigkeit in dir hervorgehoben, die mit deiner Gabe und deinem Dienst zu tun hat. Sie wird dich lehren, dass du mit allem Leben in der Welt verbunden bist, um eine bestimmte Rolle zu erf\u00fcllen.<\/p>\n<p>Die Welt ist ein Ort des Handelns, verstehst du? Sie ist kein Ort des Seins. Der Ort, von dem du gekommen bist, bevor du auf die Welt kamst, ist ein Ort des Seins. Also, du &#8220;bist&#8221; dort und du &#8220;wirkst&#8221; hier. Wer du hier bist, ist das, was du tust. Wer du dort bist, ist wer du bist. Dies ist eine Welt, in der Dinge getan werden m\u00fcssen. Es ist eine Welt des Handelns und der Bewegung. Das ist es, was sie verg\u00e4nglich macht. Du bist hier, um Dinge zu tun. Du bist hier, um bestimmte Dinge zu erreichen, sowohl \u00e4u\u00dferlich als auch innerlich. Wenn du das Sein in das Tun \u00fcbersetzen willst, dann musst du sowohl das Sein als auch das Tun lernen. Es geht nicht darum, dass du den Fokus nicht auf das Sein in der Welt legst. Es geht darum, dass du das Sein in das Tun \u00fcberf\u00fchrst, so dass du in allem, was du tust, die Essenz deiner Natur und die mysteri\u00f6se Kraft der Kenntnis zum Ausdruck bringen kannst. Dies ist der h\u00f6chste Ausdruck des Dienstes, ob du nun als Arzt Kranke heilst oder die Autoreifen der Menschen wechselst, ob du Kunst erschaffst, um Menschen zu inspirieren oder dich f\u00fcr den Erhalt der Umwelt einsetzt.<\/p>\n<p>Was auch immer deine Form des Dienstes ist, wenn Kenntnis \u00fcbertragen wird, gibst du ein bedeutendes Geschenk, das weit \u00fcber deine spezielle Aktivit\u00e4t und das, was du produzieren kannst, hinausgeht. Das liegt daran, dass etwas durch dich hindurchgeht und an andere weitergegeben wird. Du bist hier wie eine Leitung der Kenntnis. Du bist aber auch eine funktionale Person, die bestimmte T\u00e4tigkeiten ausf\u00fchrt.<\/p>\n<p>Deshalb wird der pers\u00f6nliche Teil von dir nicht geopfert. Er wird erh\u00f6ht und erh\u00e4lt seinen rechtm\u00e4\u00dfigen Platz im gr\u00f6\u00dferen Kontext deines Lebens. Dann wirst du im weiteren Verlauf au\u00dfergew\u00f6hnliche Dinge f\u00fcr Menschen tun\u2014manchmal wissentlich, manchmal unwissentlich. Und viele der Motive, die du vorher hattest\u2014was du f\u00fcr die Menschen tun w\u00fcrdest und was es f\u00fcr dich tun w\u00fcrde\u2014werden sich verabschiedet haben oder abgenutzt sein. W\u00e4hrend du im Weg der Kenntnis fortschreitest, werden sich deine Motive \u00e4ndern und deine Natur wird gest\u00e4rkt und dir bekannt werden. Und du wirst die Weisheit entwickeln, um dein Geschenk effektiv zu empfangen und ihre Ausdrucksformen auf die bestm\u00f6gliche Weise zu lenken.<\/p>\n<p>Halte also an der Vorstellung fest, dass du hier bist, um anderen zu dienen. Hege und pflege diese Vorstellung. Aber \u00f6ffne dich daf\u00fcr, zu lernen, wie dir gedient wird. Du kannst anderen nicht dienen, wenn deine Entwicklung vernachl\u00e4ssigt, behindert oder verweigert wird. Wie lernst du, dass dir gedient wird? Indem du die Antwort identifizierst und erh\u00e4ltst, die dir als Ergebnis deiner Bitte, deinen Zweck, deinen Sinn und deine Lebensrichtung zu kennen, gegeben wird. Die Antwort ist immer eine Form der Vorbereitung. In einem bestimmten Stadium deiner Entwicklung gibt es eine spezielle Ausbildung oder eine Vorbereitung auf den Fortschritt. Davor gibt es Lektionen zu lernen, mit anderen zu interagieren und Fehler im Leben zu machen. Aber an einem bestimmten Punkt wird es zu einer formalen Vorbereitung. Diese Vorbereitung erfordert \u00dcbung und Hingabe; sie hat Struktur und Form, und so weiter. Vielleicht wirst du mehrere verschiedene Vorbereitungen dieser Art durchlaufen, bis du diejenige findest, die dich \u00fcber die Br\u00fccke von deiner pers\u00f6nlichen Realit\u00e4t in eine gr\u00f6\u00dfere Realit\u00e4t f\u00fchrt, die darauf wartet, entdeckt zu werden.<\/p>\n<p>Hier musst du eine Praxis lernen, eine spirituelle Praxis. Hier musst du Urteilsf\u00e4higkeit lernen. Hier muss alles, was du vorher gelernt hast, mit mehr Konzentration und Selbstbestimmung in Einklang gebracht werden. Hier setzt du dich von ganzem Herzen ein, w\u00e4hrend du einen Prozess durchf\u00fchrst, der \u00fcber dein Verst\u00e4ndnis hinausgeht. Hier entwickelst du deine F\u00e4higkeiten auf greifbare Weise und du \u00f6ffnest dich f\u00fcr das Mysterium, das jenseits deines Verst\u00e4ndnisses liegt. Wenn dies erreicht werden kann, wird anderen gedient werden, weil dir gedient wurde.<\/p>\n","protected":false},"excerpt":{"rendered":"<p>Den Menschen zu dienen ist eine dir vertraute Idee, aber Wir m\u00fcssen dir eine umfassendere Sichtweise davon geben, was das bedeutet. Wir m\u00fcssen dich auch vor den Fehlern und Annahmen warnen, die allgemein gemacht werden, wenn Menschen sich dieser Idee n\u00e4hern und sie f\u00fcr sich selbst betrachten. Menschen zu dienen, kann zu einer gro\u00dfen Ausrede werden, oder es kann zu einer gro\u00dfen \u00d6ffnung werden. Es kann verwendet werden, um Dinge zu rechtfertigen, die nicht gerechtfertigt werden k\u00f6nnen, oder es kann verwendet werden, um Dinge zu unterst\u00fctzen, die wirklich w\u00fcrdig sind. Worin besteht hier der Unterschied? Der Unterschied liegt hier in der Vorbereitung, dem Temperament und dem Motiv.<\/p>\n","protected":false},"author":22,"featured_media":0,"parent":27934,"menu_order":0,"comment_status":"closed","ping_status":"closed","template":"template-leftsidebar.php","meta":{"_monsterinsights_skip_tracking":false,"_monsterinsights_sitenote_active":false,"_monsterinsights_sitenote_note":"","_monsterinsights_sitenote_category":0,"footnotes":""},"categories":[76,498,485,484],"tags":[1001,1174,1008],"_links":{"self":[{"href":"https:\/\/www.v6.newmessage.org\/de\/wp-json\/wp\/v2\/pages\/29101"}],"collection":[{"href":"https:\/\/www.v6.newmessage.org\/de\/wp-json\/wp\/v2\/pages"}],"about":[{"href":"https:\/\/www.v6.newmessage.org\/de\/wp-json\/wp\/v2\/types\/page"}],"author":[{"embeddable":true,"href":"https:\/\/www.v6.newmessage.org\/de\/wp-json\/wp\/v2\/users\/22"}],"replies":[{"embeddable":true,"href":"https:\/\/www.v6.newmessage.org\/de\/wp-json\/wp\/v2\/comments?post=29101"}],"version-history":[{"count":1,"href":"https:\/\/www.v6.newmessage.org\/de\/wp-json\/wp\/v2\/pages\/29101\/revisions"}],"predecessor-version":[{"id":29102,"href":"https:\/\/www.v6.newmessage.org\/de\/wp-json\/wp\/v2\/pages\/29101\/revisions\/29102"}],"up":[{"embeddable":true,"href":"https:\/\/www.v6.newmessage.org\/de\/wp-json\/wp\/v2\/pages\/27934"}],"wp:attachment":[{"href":"https:\/\/www.v6.newmessage.org\/de\/wp-json\/wp\/v2\/media?parent=29101"}],"wp:term":[{"taxonomy":"category","embeddable":true,"href":"https:\/\/www.v6.newmessage.org\/de\/wp-json\/wp\/v2\/categories?post=29101"},{"taxonomy":"post_tag","embeddable":true,"href":"https:\/\/www.v6.newmessage.org\/de\/wp-json\/wp\/v2\/tags?post=29101"}],"curies":[{"name":"wp","href":"https:\/\/api.w.org\/{rel}","templated":true}]}}