{"id":29095,"date":"2021-03-02T22:10:30","date_gmt":"2021-03-02T22:10:30","guid":{"rendered":"https:\/\/www.newmessage.org\/de\/?page_id=29095"},"modified":"2021-03-02T22:10:30","modified_gmt":"2021-03-02T22:10:30","slug":"die-brucke","status":"publish","type":"page","link":"https:\/\/www.v6.newmessage.org\/de\/die-botschaft\/band-1\/die-macht-der-kenntnis\/die-brucke\/","title":{"rendered":"Die Br\u00fccke"},"content":{"rendered":"<div><!-- Version 7.06 Die Br\u00fccke --><\/div>\n\n<div class=\"tabgroup \"><ul class=\"tabs\"><li><a href=\"#tabs-1\">H\u00f6re<\/a><\/li>\n<li><a href=\"#tabs-2\"> Anmerkung<\/a><\/li><\/ul>\n <div id=\"tabs-1\"><\/p>\n<p>H\u00f6re die Stimme der Offenbarung:<\/p>\n<div id=\"jquery_jplayer_1\" class=\"jp-jplayer\"><\/div>\n\t\t\t\t<div id=\"jp_container_1\" class=\"jp-audio\">\n\t\t\t\t<div class=\"jp-type-single\"><div class=\"jp-control\"><a href=\"javascript:;\" class=\"jp-play\" tabindex=\"1\">play<\/a><a href=\"javascript:;\" class=\"jp-pause\" tabindex=\"1\">pause<\/a><\/div> <div class=\"jp-gui jp-interface\"><div class=\"jp-volume\"><div class=\"jp-volume-bar\"><div class=\"jp-volume-bar-value\"><\/div><\/div><\/div><div class=\"jp-progress\"><div class=\"jp-seek-bar\"><div class=\"jp-play-bar\"><\/div><\/div><\/div><\/div>\t\t\t\t\t<div class=\"jp-no-solution\"><span>Update Required<\/span>To play the media you will need to either update your browser to a recent version or update your <a href=\"http:\/\/get.adobe.com\/flashplayer\/\" target=\"_blank\">Flash plugin<\/a>.<\/div><\/div><\/div>\n\t\t\t<script type='text\/javascript'>\n\t\t\t\tjQuery(document).ready(function() {\n\t\t\t\t\tif (typeof (sermonMedia) == 'function') {\n\t\t\t\t\t\tsermonMedia.addAudio('', \"jquery_jplayer_1\");\n\t\t\t\t\t}\n\t\t\t\t\tjQuery.jPlayer.timeFormat.showHour = true;\n\t\t\t\t\tjQuery(\"#jquery_jplayer_1\").jPlayer({\n\t\t\t\t\t\tready: function(event) {\n\t\t\t\t\t\t\tjQuery(this).jPlayer(\"setMedia\", {mp3: 'https:\/\/www.newmessage.org\/av\/the-bridge.mp3'});\n\t\t\t\t\t\t},\n\t\t\t\t\t\tplay: function() {\n\t\t\t\t\t\t\tjQuery(this).jPlayer(\"pauseOthers\");\n\t\t\t\t\t\t},\n\t\t\t\t\t\tswfPath: ThemeData.directory_uri+\"\/swf\",\n\t\t\t\t\t\tsolution: \"html, flash\",\n\t\t\t\t\t\tpreload: \"metadata\",\n\t\t\t\t\t\twmode: \"window\",\n\t\t\t\t\t\tsupplied: \"mp3\",\n\t\t\t\t\t\tcssSelectorAncestor: '#jp_container_1'\n\t\t\t\t\t});\n\t\t\t\t});\n\t\t\t<\/script><\/p>\n<p><a title=\"The Bridge\" href=\"https:\/\/www.newmessage.org\/av\/the-bridge.mp3\">Lade herunter<\/a> (Rechtsklick zum Herunterladen)<\/p>\n<p><a href=\"https:\/\/www.community.newmessage.org\/the-bridge\/\"><img loading=\"lazy\" decoding=\"async\" class=\"imgborder aligncenter wp-image-40599 size-medium\" src=\"https:\/\/www.newmessage.org\/wp-content\/uploads\/2019\/05\/POK-11-The-Bridge-300x157.jpeg\" alt=\"The bridge between two minds\" width=\"300\" height=\"157\" \/><\/a><\/p>\n<p><em>Wie offenbart Gottes Boten<br \/>\nMarshall Vian Summers<br \/>\nam 09. November 2013<br \/>\nin Boulder, Colorado, USA<\/em><\/p>\n<div class=\"toggle toggle-white\"><h4 class=\"trigger \"><span class=\"t_ico\"><\/span><a href=\"#\">\u00dcber diese Aufzeichnung<\/a><\/h4><div class=\"toggle_container \"><br \/>\n<div id=\"yui_3_16_0_ym19_1_1467955126517_3327\" dir=\"ltr\"><span id=\"yui_3_16_0_ym19_1_1467955126517_3177\"><span id=\"yui_3_16_0_ym19_1_1467955126517_3178\">Was Du in dieser Audioaufzeichnung h\u00f6rst, ist die Stimme des Engelsrates, die durch den Boten Marshall Vian Summers spricht.<\/span><\/span><\/div>\n<div dir=\"ltr\"><span id=\"yui_3_16_0_ym19_1_1467955126517_3177\"><span id=\"yui_3_16_0_ym19_1_1467955126517_3178\">\u00a0<\/span><\/span><\/div>\n<div id=\"yui_3_16_0_ym19_1_1467955126517_3359\" dir=\"ltr\"><span id=\"yui_3_16_0_ym19_1_1467955126517_3177\"><span id=\"yui_3_16_0_ym19_1_1467955126517_3178\"> Hier wird die originale Mitteilung Gottes, die jenseits von Worten existiert, vom Engelsrat, der \u00fcber die Welt wacht, in menschliche Sprache und menschliches Verst\u00e4ndnis \u00fcbersetzt. Der Engelsrat bringt dann Gottes Botschaft \u00fcber den Boten dar.<br \/>\n<\/span><\/span><\/div>\n<div id=\"yui_3_16_0_ym19_1_1467955126517_3369\" dir=\"ltr\"><span id=\"yui_3_16_0_ym19_1_1467955126517_3177\"><span id=\"yui_3_16_0_ym19_1_1467955126517_3178\">\u00a0<\/span><\/span><\/div>\n<div id=\"yui_3_16_0_ym19_1_1467955126517_3370\" dir=\"ltr\"><span id=\"yui_3_16_0_ym19_1_1467955126517_3177\"><span id=\"yui_3_16_0_ym19_1_1467955126517_3178\">In diesem bemerkenswerten Prozess spricht die Stimme der Offenbarung erneut. Das Wort und der Ton sind in der Welt. Zum ersten Mal in der Geschichte ist f\u00fcr euch und f\u00fcr die Welt die Aufzeichnung der urspr\u00fcnglichen gesprochenen Offenbarung verf\u00fcgbar, um erfahren zu werden.<br \/>\n<\/span><\/span><\/div>\n<div id=\"yui_3_16_0_ym19_1_1467955126517_3436\" dir=\"ltr\"><span id=\"yui_3_16_0_ym19_1_1467955126517_3177\"><span id=\"yui_3_16_0_ym19_1_1467955126517_3178\">\u00a0<\/span><\/span><\/div>\n<div id=\"yui_3_16_0_ym19_1_1467955126517_3435\" dir=\"ltr\"><span id=\"yui_3_16_0_ym19_1_1467955126517_3177\"><span id=\"yui_3_16_0_ym19_1_1467955126517_3178\">M\u00f6gest du der  Empf\u00e4nger dieses Geschenks der Offenbarung werden und m\u00f6gest du dich \u00f6ffnen, um diese einmalige Botschaft f\u00fcr dich und f\u00fcr dein Leben zu empfangen.<\/span><\/span><\/div>\n<br \/>\n<\/div><\/div>\n<p><\/div>\n<div id=\"tabs-2\"><br \/>\n<em> Anmerkung an den Leser:<br \/>\nDiese \u00dcbersetzung wurde der Society von einem Sch\u00fcler der Neuen Botschaft verf\u00fcgbar gemacht, der den englischen Originaltext als Freiwilliger \u00fcbersetzt hat. Wir stellen diese \u00dcbersetzung in dieser fr\u00fchen Form zur Verf\u00fcgung, damit jeder Gelegenheit hat, sich mit einem Teil der Neuen Botschaft in seiner eigenen Sprache zu befassen.<\/em><br \/>\n<\/div>\n\t\t\t\t<div align=\"right\">\n\t\t\t<div class=\"fb-like\" data-href=\"\" data-layout=\"button_count\" data-action=\"like\" data-show-faces=\"false\" data-share=\"false\"><\/div>\n\t\t\t<div class=\"fb-share-button\" data-layout=\"button_count\"> <\/div>\n\t\t\t<div class=\"fb_iframe_widget\"><a href=\"https:\/\/twitter.com\/godsnewmessage?ref_src=twsrc%5Etfw\" class=\"twitter-follow-button\" data-show-count=\"false\">Follow @godsnewmessage<\/a><script async src=\"https:\/\/platform.twitter.com\/widgets.js\" charset=\"utf-8\"><\/script><\/div>\n\t\t\t<\/div> <\/div> \n\n<p>Du wurdest mit zwei Verstandesformen geboren: dem tieferen Verstand, den Gott dir gegeben hat, dem Verstand, den du hattest, bevor du in die Welt kamst, dem Verstand, den du haben wirst, wenn du die Welt verlassen hast; und du hast einen weltlichen Verstand, der durch deine Erfahrung mit der Welt und deine Reaktion auf all diese Erfahrungen und durch all die Einfl\u00fcsse, die dein Denken, deine Einstellungen und deine \u00dcberzeugungen seit dem Tag deiner Geburt geformt haben, konditioniert wurde.<\/p>\n<p>Der tiefere Verstand in dir ist heute bei dir. Er ist immer noch mit Gott verbunden. Er ist immer noch Teil der Sch\u00f6pfung. Er ist weise und furchtlos und unverdorben von der Welt. Aber du lebst nicht in diesem Verstand, noch nicht, denn er stellt eine gr\u00f6\u00dfere Kenntnis in dir dar.<\/p>\n<p>Du lebst in deinem weltlichen Verstand, mit all seinen Turbulenzen, seinen W\u00fcnschen, seinen \u00c4ngsten, seinen Ablenkungen, seinen Obsessionen, seinen ungel\u00f6sten Konflikten und Beschwerden und so weiter. In deinem weltlichen Verstand suchst du Trost und Erl\u00f6sung von all diesen Dingen, aber es gibt wenig Trost dort zu finden. Denn dein weltlicher Verstand baut nicht darauf auf, wer du wirklich bist und warum du in die Welt gekommen bist und wer dich hierher gesandt hat und zu welchem Zweck.<\/p>\n<p>Es ist der Br\u00fcckenschlag zwischen diesen beiden Verstandesformen, der jetzt von gr\u00f6\u00dfter Bedeutung ist. Denn du kannst deine wahre Natur, deinen Zweck und deine Bestimmung nicht verstehen, wenn du in deinem weltlichen Verstand lebst. Du kannst nur \u00dcberzeugungen und Annahmen dar\u00fcber haben. Sie sind sicherlich schwach und unzureichend und so oft v\u00f6llig falsch, dass du dich in keinster Weise auf sie verlassen kannst.<\/p>\n<p>Du suchst Erleichterung von den Wirren der Welt und den Konflikten deines Lebens, aber die wirkliche L\u00f6sung lebt tiefer in dir\u2014jenseits der Oberfl\u00e4che des Verstandes, jenseits der Reichweite des Intellekts, jenseits von Glauben und Vermutung.<\/p>\n<p>Es ist diese Br\u00fccke, die du bauen musst und deshalb hat Gott die <a href=\"http:\/\/bit.ly\/2CuMpLr\">Schritte zur Kenntnis<\/a> bereitgestellt\u2014um deinen weltlichen Verstand in die Ausrichtung und den Dienst am tieferen Verstand in dir zu bringen. Denn das ist seine wahre Funktion und hier kann der [weltliche] Verstand zu einer wunderbaren Sache werden, zu einem gro\u00dfartigen Instrument der Kommunikation, zu einem gro\u00dfartigen Instrument zur L\u00f6sung praktischer Probleme.<\/p>\n<p>Ohne diese tiefere Kenntnis, um dich zu f\u00fchren und ohne die Macht der Sch\u00f6pfung, dich zu f\u00fchren, wird dein weltlicher Verstand zu einem Gef\u00e4ngnis, einer Festung, einem Ort, von dem du nicht entkommen kannst, zu einer Sache, die dich verfolgt und fesselt und dich eingrenzt und von der Realit\u00e4t wegf\u00fchrt\u2014in dir selbst und in der Welt.<\/p>\n<p>Wenn du ruhig sitzen und anfangen kannst, dich selbst zu beobachten, wirst du sehen, wie sehr du von diesem weltlichen Verstand beherrscht wirst und wie chaotisch er wirklich ist. Obwohl du Denk- und Verhaltensmuster festlegst; obwohl du die Gewohnheiten hast, denen du folgst, bist du dir zutiefst nicht bewusst, wer du bist, wohin du gehst und warum du hier bist.<\/p>\n<p>Denn diese Fragen k\u00f6nnen nur auf einer tieferen Ebene beantwortet werden, auf der Ebene der Kenntnis. Aber Kenntnis wird nicht nur Antworten liefern. Sie wird dich zu dem Leben f\u00fchren, das du zu leben bestimmt bist, das du jetzt nicht wirklich lebst, noch nicht.<\/p>\n<p>Die Menschen ersch\u00f6pfen den Intellekt, indem sie versuchen, gr\u00f6\u00dfere Dinge zu verstehen, versuchen, einen Realit\u00e4tssinn auf einer gr\u00f6\u00dferen Ebene zusammenzusetzen, versuchen, ihre eigenen Neigungen, Konflikte und Widerspr\u00fcche zu verstehen. Aber auf der Ebene der Kenntnis wird all dies klar, offensichtlich und in einigen F\u00e4llen sogar unwichtig. Denn Kenntnis wei\u00df, wer du bist und warum du hier bist, wen du treffen sollst und was du erreichen musst. Sie kennt deine wahren Gaben und wo sie gegeben werden m\u00fcssen, etwas, das der Intellekt nie erfassen k\u00f6nnte.<\/p>\n<p>Hier musst du lernen, tiefer in dich hineinzuh\u00f6ren und aufzuh\u00f6ren, dich \u00fcber die Welt zu beklagen, damit du anfangen kannst, zu sehen und zuzuh\u00f6ren, und zu lernen, still zu sein, damit du die Natur deiner tieferen Erfahrung sp\u00fcren kannst, die von der Ebene der Kenntnis ausgeht.<\/p>\n<p>Ohne diese Br\u00fccke kannst du nicht angemessen auf Kenntnis reagieren. Sie spricht jeden Tag zu dir, aber du wirst sie nicht h\u00f6ren, denn dein Verstand wird von anderen Dingen beherrscht\u2014von \u00dcberaktivit\u00e4t, von Ablenkungen und Problemen, von W\u00fcnschen und Fantasien. Kenntnis ist mit dir, aber du bist woanders. Erst wenn du deinen wahren Zustand hier erkennst und wie viel Leid und Verwirrung er f\u00fcr dich schafft, wirst du versuchen, eine gr\u00f6\u00dfere Gewissheit zu erlangen.<\/p>\n<p>Hier kann der Himmel dir wirklich helfen. Davor warst du auf dem falschen Weg und verloren und nicht bereit zu reagieren. Du hast versucht, deine eigene Realit\u00e4t zu erschaffen. Du hast versucht, die <a href=\"http:\/\/bit.ly\/31LIx2N\">Trennung<\/a> zum Funktionieren zu bringen, die Trennung, die dich in diese Welt gebracht hat, mit deinen Pl\u00e4nen, deinen Vorhaben und Zielen, die zu Verwirrung, Unsicherheit und Depressionen f\u00fchren.<\/p>\n<p>Denn du kannst die Trennung nicht zum Funktionieren bringen, versuche es, wie du willst. Jeder in deiner Umgebung versucht so verzweifelt, irgendwo Gl\u00fcck zu finden und das zu sch\u00fctzen, was er hat, von dem er denkt, dass es ihm Trost und Sicherheit gibt. Es ist wirklich eine verzweifelte Situation, aus der es kein Entrinnen oder Linderung zu geben scheint.<\/p>\n<p>Dies wird dir klar werden, sobald du ehrlich zu dir selbst wirst, sobald du in der Lage bist, \u00fcber deinen wirklichen Zustand nachzudenken und \u00fcber das, was deinen Verstand und dein Bewusstsein dominiert, sobald du deine Zw\u00e4nge und Obsessionen und deine Unf\u00e4higkeit, auf Dinge gr\u00f6\u00dferer Natur und Bedeutung zu reagieren, erkennst.<\/p>\n<p>Dies schafft eine innere Krise, weil deine Seele verlangt, dass du auf Kenntnis reagierst und dass du lernst, Kenntnis zu folgen und Kenntnis erlaubst, dein Leben vorzubereiten und dein Leben f\u00fcr eine gr\u00f6\u00dfere Erfahrung in der Welt umzugestalten.<\/p>\n<p>Dies ist die innere Revolution, die wichtigste Revolution, die es \u00fcberall und auf jeder Existenzebene geben kann. Sie geschieht allm\u00e4hlich, durch viele Schritte und Stufen, viele Wendepunkte, an denen du dich wieder entscheiden musst, um fortzufahren, w\u00e4hrend sich die Macht und Betonung in dir von deinem obsessiven Intellekt zu einer tieferen, ruhigeren Macht in dir verlagert.<\/p>\n<p>Gott bestraft das B\u00f6se nicht, weil Gott wei\u00df, dass ohne Kenntnis das B\u00f6se entstehen wird. Gott wird niemanden in die H\u00f6lle und Verdammnis senden, denn Gott wei\u00df, dass die Menschen ohne Kenntnis im Irrtum sein werden und schwere Fehler begehen werden, sogar kriminelle Handlungen, denn sie werden von Angst und Zorn gesteuert und nicht von der Gnade der Kenntnis.<\/p>\n<p>Deshalb haben Gott und Gottes Neue Offenbarung f\u00fcr die Welt die Br\u00fccke geschlagen. Denn ohne das, was ist Religion, au\u00dfer ehrgeizige Ideale, strenge Vorschriften, Ermahnungen, Fesseln und grausame Bestrafung, wenn du versagst, was du nat\u00fcrlich irgendwann tun wirst?<\/p>\n<p>Ohne die Br\u00fccke ist das gr\u00f6\u00dfere Leben unerreichbar. Die Dichter m\u00f6gen es besingen. Die gro\u00dfen Lehrer k\u00f6nnen vielleicht davon sprechen. Die gro\u00dfen Boten m\u00f6gen es zeigen. Aber f\u00fcr alle anderen ist es im Wesentlichen unerreichbar, weil sie die Br\u00fccke nicht haben.<\/p>\n<p>Du kannst nicht in ein inspiriertes, heiliges Leben gehen, wenn du in deinem weltlichen Verstand lebst. Oh, ja, er wird versuchen, Tempel, Kapellen und Moscheen zu bauen. Er wird als spirituelle Person auftreten, die Schriften rezitieren und diejenigen ermahnen, die nicht damit \u00fcbereinstimmen.<\/p>\n<p>Aber du bist immer noch an der Uferseite verloren. Du kannst das tiefere Wasser nicht erreichen. Du schreitest am Strand herum und versuchst, zu verstehen, aber du kannst noch nicht das tiefere Wasser\u00a0 erreichen. Du kannst nicht einmal deine F\u00fc\u00dfe nass machen. Glaubst du, dass du allein, in Trennung lebend, dass du deine gr\u00f6\u00dfere Natur und Bestimmung in der Welt verstehen kannst und warum Gott dich hierher gesandt hat und was du tun musst und wen du treffen musst, was du unterlassen musst und was du aufbauen und betonen musst?<\/p>\n<p>Die Schriften k\u00f6nnen dich das nicht lehren, denn es ist Weisheit, die aus Kenntnis in dir kommen muss. Die Schriften k\u00f6nnen nur Richtlinien und Allgemeinheiten schaffen, die leicht falsch angewendet und missverstanden werden k\u00f6nnen. Trotz ihrer Weisheit und Bedeutung missbrauchen die Menschen diese die ganze Zeit.<\/p>\n<p>Wenn du erkennst, dass dein Leben abschweift, dass du auf Annahmen lebst, die wenig Grundlage in der Realit\u00e4t haben und dass dein Verstand von Angst beherrscht wird\u2014der Angst vor Verlust, der Angst vor dem Nicht-Haben, der Angst, unerf\u00fcllt zu sein, der Angst vor Armut, der Angst vor Ablehnung, der Angst vor Krankheit und Unheil, die Angst vor dem Tod, dem Abdriften, dem Leben in Trennung, in einer Welt, die unberechenbar ist und jeden Tag gef\u00e4hrlicher und komplizierter wird, das wird deine Kernerfahrung sein, unabh\u00e4ngig, welchen Leichtsinn du versuchst, dar\u00fcber zu st\u00fclpen oder dar\u00fcber hinaus zu begehen, oder in wie viele Ablenkungen du dich fl\u00fcchtest. Selbst der Versuch, endlos zu arbeiten, wird zu einer Art Vermeidung und Besessenheit, weil du deiner Kernerfahrung nicht ins Auge sehen kannst oder willst.<\/p>\n<p>Deshalb kommen die Menschen in Zeiten gro\u00dfer Entt\u00e4uschung, Verlust oder Trauer wirklich an einen tieferen Ort der Abrechnung in sich selbst, denn in diesen Erfahrungen haben die Verlockungen der Welt keinen Wert. Du wirst nicht einmal in Versuchung gef\u00fchrt. Sie sind bedeutungslos und sinnlos. Das sind Scharaden. Dort gibt es nichts Substanzielles.<\/p>\n<p>In diesen Zeiten kommen die meisten Menschen endlich, um die wirklichen Fragen zu stellen. Wenn sie diese Fragen mit gro\u00dfer Aufrichtigkeit und Entschlossenheit stellen, wird der Himmel antworten. Dann wird Kenntnis in ihnen die M\u00f6glichkeit haben, ihr Bewusstsein zu erreichen und zu ihrer ehrlichen Bitte zu sprechen.<\/p>\n<p>Das ist der Anfang, aber es muss noch die Br\u00fccke geben, denn du musst von deinem fr\u00fcheren Leben und Verstandeszustand in eine neue Art von Leben und Verstandeszustand \u00fcbergehen. Das geschieht nicht \u00fcber Nacht. Das passiert nicht mit einem Lichtblitz einer Offenbarung allein. Das geschieht nicht einmal in einem Moment gro\u00dfer Selbstaufrichtigkeit und N\u00fcchternheit.<\/p>\n<p>Die Br\u00fccke basiert nicht auf einer Einsicht. Sie basiert nicht auf einem Moment der Vorhersage oder des Selbstbewusstseins. Sie ist eine Reise, die du unternehmen musst. Sie ist die Br\u00fccke, die lange Br\u00fccke. Du musst diese Br\u00fccke gehen, denn es gibt so viel, das du in dir selbst verlernen und korrigieren musst.<\/p>\n<p>Und es gibt viel zu lernen, um die Welt auf eine neue Art und Weise zu sehen\u2014mit klaren Augen, mit offenen Ohren und mit einem echten Verst\u00e4ndnis. Das ist die Erneuerung, die Erneuerung deiner selbst, deines Lebens, deines Verstandes, deiner Erfahrung und deiner Gef\u00fchle.<\/p>\n<p>Die Menschen klammern sich an eine spirituelle Idee oder h\u00e4ngen an einer spirituellen Lehre oder einem spirituellen Lehrer und sie versuchen, durch diese Idee oder durch diese Beziehung zu dieser Lehre und diesem Lehrer zu leben, aber sie m\u00fcssen trotzdem \u00fcber die gro\u00dfe Br\u00fccke gehen.<\/p>\n<p>Dabei hast du die M\u00f6glichkeit, alle notwendigen kleinen und gro\u00dfen Korrekturen vorzunehmen. Du hast die Zeit, dein Leben zu \u00fcberdenken und erneut zu w\u00e4hlen, wenn es notwendig ist und deine Beziehungen zu Menschen, zu Orten und Dingen zu \u00fcberdenken. All diese \u00dcberpr\u00fcfung ist notwendig, damit du frei sein kannst, dich einem neuen Leben und einer neuen Erfahrung des Seins in der Welt zu n\u00e4hern.<\/p>\n<p>Es ist diese Reise, auf der du St\u00e4rke, Mitgef\u00fchl f\u00fcr dich selbst und andere und echte Selbstbestimmung aufbaust, die nicht besessen ist, die nicht zwanghaft ist, die nicht von deinem \u00e4ngstlichen, weltlichen Verstand angetrieben wird.<\/p>\n<p>Deshalb hat Gott die Br\u00fccke bereitgestellt\u2014die Schritte zur Kenntnis, die bereits vor Beginn der Zeit in dieser Welt und im ganzen Universum erlernt wurde, in vielen verschiedenen Formen dargeboten wurde, aber alle mit dem Zweck, dem Einzelnen die M\u00f6glichkeit zu geben, der Isolation, der Verwirrung und dem Elend der Trennung zu entkommen\u2014nicht, um sie aus der Welt oder ihren Welten herauszunehmen, sondern um sie erneuert, gest\u00e4rkt, vollendet und f\u00e4hig zur\u00fcckzubringen, einen wahren Zweck und Sinn im Leben anzunehmen.<\/p>\n<p>Hier m\u00fcssen diejenigen, die diesen Berg hinaufsteigen werden, diejenigen zur\u00fccklassen, die nur philosophieren oder theoretisieren oder spekulieren oder am Rande stehen und versuchen, zu verstehen oder Theorien und Prinzipien verwenden, um zu versuchen, zu verstehen, was au\u00dferhalb der Reichweite ihres Intellekts liegt. Hier stehen die Kritiker und Beobachter und Theoretiker am Fu\u00dfe des Berges, schauen auf, versuchen zu begreifen, w\u00e4hrend diejenigen, die wirklich berufen sind, sich auf den Weg und die Reise machen werden.<\/p>\n<p>Beim Aufbruch stellst du fest, dass die Reise komplexer und anspruchsvoller ist, als du erwartet hast. Du kannst nicht alles mitnehmen. Du kannst nicht alle diese Beziehungen mit dir f\u00fchren. Du kannst nicht all diese \u00dcberzeugungen oder Gef\u00fchle oder Bedauern mit dir tragen. Du kannst nicht von deiner Vergangenheit besessen sein, weil du jetzt in die Zukunft gehst, eine Zukunft, die anders sein wird als die Vergangenheit. Du kannst nicht die Last der Obsession oder gar der Verpflichtung tragen, wenn du frei sein willst, dich auf den Weg zu machen.<\/p>\n<p>Gewisse Personen werden mit dir gehen. Gewisse Personen k\u00f6nnen das nicht. Die Umst\u00e4nde k\u00f6nnen sich \u00e4ndern, im Laufe der Zeit sogar dramatisch. Es wird alles offensichtlich, wenn du anf\u00e4ngst, diesen Berg zu besteigen, diese gro\u00dfe Br\u00fccke zu \u00fcberqueren.<\/p>\n<p>Du bist es, der die Dinge ver\u00e4ndert. Du bist es, der f\u00fcr das verantwortlich sein muss, was du denkst, sagst und tust. Behaupte niemals, dass du gef\u00fchrt wirst oder dass Gott dir gesagt hat, etwas zu tun, denn das ist unverantwortlich. Du musst die volle Verantwortung f\u00fcr deine Entscheidungen hier \u00fcbernehmen und du musst die Folgen dieser Entscheidungen tragen.<\/p>\n<p>Auf diese Weise macht dich der Himmel m\u00e4chtig, gibt dir St\u00e4rke, Entschlossenheit und Selbstvertrauen, die du nicht h\u00e4ttest, wenn du glaubst, du w\u00fcrdest nur gef\u00fchrt, willenlos, wie ein Spielball in der Welt hin und her bewegt. So funktioniert das \u00fcberhaupt nicht, verstehst du?<\/p>\n<p>Du musst stark, kompetent, entschlossen, f\u00e4hig, anspruchsvoll und diskret werden. Das alles sind Eigenschaften, die rechtzeitig erbaut werden m\u00fcssen und deshalb ist die Br\u00fccke lang und nicht kurz. Du kannst nicht, mit deinem gegenw\u00e4rtigen Bewusstseinszustand, in dem deine St\u00e4rken unentwickelt sind und deine Schw\u00e4chen dich immer noch dominieren, in das Leben eintreten, f\u00fcr das du bestimmt bist.<\/p>\n<p>Gott wei\u00df das nat\u00fcrlich. Von dort aus, wo du bist, kannst du deine innere Natur kaum h\u00f6ren. Du kannst kaum auf Kenntnis reagieren, du bist so verfangen und gefesselt von der Au\u00dfenwelt und von deinen eigenen inneren Schwierigkeiten. Es geht darum, all dies aufzul\u00f6sen und das loszulassen, was losgelassen werden muss, damit du endlich die St\u00e4rke, die Freiheit, die Inspiration und das Vertrauen erlangst, um voranzukommen.<\/p>\n<p>Die Menschen werden in ihren kleinen Gef\u00e4ngniszellen zur\u00fcckbleiben, versuchen, es sich bequemer zu machen, ihren kleinen Raum neu zu dekorieren, versuchen, abgelenkt zu sein, versuchen, zufrieden zu sein, versuchen, so viel angenehme Erfahrungen wie m\u00f6glich zu machen, unf\u00e4hig zu erkennen, dass sie gefangen sind und in dieser Umgebung nicht erf\u00fcllt werden k\u00f6nnen.<\/p>\n<p>Es gibt das, was die Menschen glauben und es gibt das, was Gott tut. Gott tut, was wirkt. Die Menschen glauben an das, was sie wollen oder was sie zu verst\u00e4rken versuchen, so dass sie denken, dass ihr Glaube die Wahrheit ist. In der Zwischenzeit tut Gott, was wirkt.<\/p>\n<p>Gott bewegt sich durch die Welt, arbeitet durch Menschen von innen heraus\u2014diejenigen, die frei genug sind, um zu reagieren, diejenigen, die verantwortlich und stark sein k\u00f6nnen und sich um das k\u00fcmmern k\u00f6nnen, was ihnen gegeben wird, ohne zusammenzubrechen, ohne den Mut zu verlieren, ohne von den Meinungen anderer weggerissen oder \u00fcberrannt zu werden.<\/p>\n<p>Damit Gott von innen heraus mit dir arbeiten kann, musst du \u00fcber diese Br\u00fccke gehen. Sie wartet auf dich. Sie wartet schon sehr lange auf dich, wartet darauf, dass du endlich ehrlich genug zu dir selbst wirst und dir [die Tatsachen] so weit vor Augen f\u00fchrst, dass du erkennen kannst, dass du die Macht der Erl\u00f6sung brauchst, dass du nicht das Leben lebst, das du leben sollst, dass du verloren bist und dass keiner deiner Pl\u00e4ne und Vorhaben und erdachten \u00dcberzeugungen dich davon befreien wird.<\/p>\n<p>Hier \u00f6ffnest du dich f\u00fcr die Macht der Kenntnis in dir selbst und bittest den Himmel, dir zu helfen. Hierauf wird der Himmel antworten. Du wirst eine Reise beginnen\u2014die wichtigste Reise deines Lebens, das gr\u00f6\u00dfte Vorhaben, das Einzige, was dich hier in einer Welt der Verwirrung und Ablenkung und Trag\u00f6die erf\u00fcllen kann.<\/p>\n","protected":false},"excerpt":{"rendered":"<p>Du wurdest mit zwei Verstandesformen geboren: dem tieferen Verstand, den Gott dir gegeben hat, dem Verstand, den du hattest, bevor du in die Welt kamst, dem Verstand, den du haben wirst, wenn du die Welt verlassen hast; und du hast einen weltlichen Verstand, der durch deine Erfahrung mit der Welt und deine Reaktion auf all diese Erfahrungen und durch all die Einfl\u00fcsse, die dein Denken, deine Einstellungen und deine \u00dcberzeugungen seit dem Tag deiner Geburt geformt haben, konditioniert wurde.<\/p>\n<p>Der tiefere Verstand in dir ist heute bei dir. Er ist immer noch mit Gott verbunden. Er ist immer noch Teil der Sch\u00f6pfung. Er ist weise und furchtlos und unverdorben von der Welt. Aber du lebst nicht in diesem Verstand, noch nicht, denn er stellt eine gr\u00f6\u00dfere Kenntnis in dir dar.<\/p>\n","protected":false},"author":22,"featured_media":0,"parent":28658,"menu_order":0,"comment_status":"closed","ping_status":"closed","template":"template-leftsidebar.php","meta":{"_monsterinsights_skip_tracking":false,"_monsterinsights_sitenote_active":false,"_monsterinsights_sitenote_note":"","_monsterinsights_sitenote_category":0,"footnotes":""},"categories":[76,1105,460],"tags":[1156,1172,599],"_links":{"self":[{"href":"https:\/\/www.v6.newmessage.org\/de\/wp-json\/wp\/v2\/pages\/29095"}],"collection":[{"href":"https:\/\/www.v6.newmessage.org\/de\/wp-json\/wp\/v2\/pages"}],"about":[{"href":"https:\/\/www.v6.newmessage.org\/de\/wp-json\/wp\/v2\/types\/page"}],"author":[{"embeddable":true,"href":"https:\/\/www.v6.newmessage.org\/de\/wp-json\/wp\/v2\/users\/22"}],"replies":[{"embeddable":true,"href":"https:\/\/www.v6.newmessage.org\/de\/wp-json\/wp\/v2\/comments?post=29095"}],"version-history":[{"count":1,"href":"https:\/\/www.v6.newmessage.org\/de\/wp-json\/wp\/v2\/pages\/29095\/revisions"}],"predecessor-version":[{"id":29096,"href":"https:\/\/www.v6.newmessage.org\/de\/wp-json\/wp\/v2\/pages\/29095\/revisions\/29096"}],"up":[{"embeddable":true,"href":"https:\/\/www.v6.newmessage.org\/de\/wp-json\/wp\/v2\/pages\/28658"}],"wp:attachment":[{"href":"https:\/\/www.v6.newmessage.org\/de\/wp-json\/wp\/v2\/media?parent=29095"}],"wp:term":[{"taxonomy":"category","embeddable":true,"href":"https:\/\/www.v6.newmessage.org\/de\/wp-json\/wp\/v2\/categories?post=29095"},{"taxonomy":"post_tag","embeddable":true,"href":"https:\/\/www.v6.newmessage.org\/de\/wp-json\/wp\/v2\/tags?post=29095"}],"curies":[{"name":"wp","href":"https:\/\/api.w.org\/{rel}","templated":true}]}}